{"id":11860,"date":"2023-02-23T12:42:16","date_gmt":"2023-02-23T12:42:16","guid":{"rendered":"https:\/\/www.msr.ch\/de\/?page_id=11860"},"modified":"2025-05-08T14:08:13","modified_gmt":"2025-05-08T14:08:13","slug":"reparaturanfrage","status":"publish","type":"page","link":"https:\/\/www.msr.ch\/de\/support\/reparaturanfrage\/","title":{"rendered":"Reparaturanfrage"},"content":{"rendered":"<div class=\"wpb-content-wrapper\"><p>[vc_row css=&#8220;.vc_custom_1453207537712{margin-bottom: 20px !important;}&#8220;][vc_column][vc_column_text]<\/p>\n<h1>Reparaturanfrage MSR Datenlogger<\/h1>\n<div>\n<p>&nbsp;<\/p>\n<p style=\"margin: 0cm; background: white;\">Damit wir Ihre Anfrage einsch\u00e4tzen und Ihnen einen Kostenvoranschlag f\u00fcr die Reparatur Ihres MSR Datenloggers unterbereiten k\u00f6nnen, <strong>f\u00fcllen Sie bitte das Anfrageformular aus.<\/strong><\/p>\n<\/div>\n<p>[\/vc_column_text][\/vc_column][\/vc_row][vc_row theme=&#8220;default-tdt&#8220; wdo_title_text_typography=&#8220;&#8220; slide_visible=&#8220;4&#8243; tabs=&#8220;2&#8243; slide_visible_mbl=&#8220;2&#8243; slide_scroll=&#8220;1&#8243; spaces=&#8220;10px&#8220; effect=&#8220;false&#8220; autoplay=&#8220;true&#8220; adaptiveheight=&#8220;false&#8220; speed=&#8220;5000&#8243; arrow=&#8220;true&#8220; arrowclr=&#8220;#a3a3a3&#8243; arrowsize=&#8220;20px&#8220; dot=&#8220;true&#8220; style=&#8220;dot&#8220; dotclr=&#8220;#a3a3a3&#8243; borderclr=&#8220;#000&#8243; padding=&#8220;15%&#8220; caption_url=&#8220;&#8220; mbl_height=&#8220;&#8220; css=&#8220;.vc_custom_1677158898469{margin: 2px !important;padding: 10px !important;background-color: #ededed !important;}&#8220;][vc_column][vc_cta h2=&#8220;Formular Reparaturanfrage&#8220; h2_font_container=&#8220;tag:h2|text_align:left|color:%230033cc&#8220; h2_use_theme_fonts=&#8220;yes&#8220; h4=&#8220;Bitte das Formular komplett ausf\u00fcllen und zusammen mit dem gereinigten Datenlogger an die MSR Electronics GmbH senden.&#8220; shape=&#8220;square&#8220; add_button=&#8220;right&#8220; btn_title=&#8220;Download&#8220; btn_color=&#8220;warning&#8220; btn_i_icon_fontawesome=&#8220;fas fa-download&#8220; use_custom_fonts_h2=&#8220;true&#8220; btn_add_icon=&#8220;true&#8220; btn_link=&#8220;url:https%3A%2F%2Fwww.msr.ch%2Fmedia%2Fpdf%2FReparaturanfrage-repair-request-MSR.pdf|title:MSR%20Reparaturanfrage&#8220;][\/vc_cta][\/vc_column][\/vc_row][vc_row css=&#8220;.vc_custom_1453207537712{margin-bottom: 20px !important;}&#8220;][vc_column][vc_column_text]<\/p>\n<div>\n<p style=\"margin: 0cm; background: white;\">Das <strong>PDF \u00abReparaturanfrage\u00bb<\/strong> kann ausgedruckt und von Hand ausgef\u00fcllt werden \u2013 es geht aber auch direkt am Bildschirm. \u00d6ffnen Sie dazu das PDF und klicken Sie dann auf den auszuf\u00fcllenden Bereich des Formulars. Mit Hilfe der Tab-Taste kann das n\u00e4chste Textfeld angew\u00e4hlt werden.<\/p>\n<p>&nbsp;<\/p>\n<p style=\"margin: 0cm; background: white;\">Bitte senden Sie den <strong>Datenlogger sorgf\u00e4ltig gereinigt<\/strong> zusammen mit dem ausgef\u00fcllten Formular an die nachfolgend genannte Adresse:<\/p>\n<p>&nbsp;<\/p>\n<p><strong>MSR Electronics GmbH<\/strong><br \/>\n<strong>Mettlenstrasse 6<\/strong><br \/>\n<strong>CH-8472 Seuzach, Schweiz<\/strong><\/p>\n<p>&nbsp;<\/p>\n<p style=\"margin: 0cm; background: white;\">Nach Erhalt des Formulars werden wir Sie so rasch wie m\u00f6glich kontaktieren, um mit Ihnen das weitere Vorgehen zu besprechen.<\/p>\n<\/div>\n<p>[\/vc_column_text][\/vc_column][\/vc_row][vc_row theme=&#8220;default-tdt&#8220; wdo_title_text_typography=&#8220;&#8220; slide_visible=&#8220;4&#8243; tabs=&#8220;2&#8243; slide_visible_mbl=&#8220;2&#8243; slide_scroll=&#8220;1&#8243; spaces=&#8220;10px&#8220; effect=&#8220;false&#8220; autoplay=&#8220;true&#8220; adaptiveheight=&#8220;false&#8220; speed=&#8220;5000&#8243; arrow=&#8220;true&#8220; arrowclr=&#8220;#a3a3a3&#8243; arrowsize=&#8220;20px&#8220; dot=&#8220;true&#8220; style=&#8220;dot&#8220; dotclr=&#8220;#a3a3a3&#8243; borderclr=&#8220;#000&#8243; padding=&#8220;15%&#8220; caption_url=&#8220;&#8220; mbl_height=&#8220;&#8220; css=&#8220;.vc_custom_1653032867391{background-color: #ffffff !important;}&#8220;][vc_column][vc_empty_space][\/vc_column][\/vc_row]<\/p>\n<\/div>","protected":false},"excerpt":{"rendered":"<p>[vc_row css=&#8220;.vc_custom_1453207537712{margin-bottom: 20px !important;}&#8220;][vc_column][vc_column_text] Reparaturanfrage MSR Datenlogger &nbsp; Damit wir Ihre Anfrage einsch\u00e4tzen und Ihnen einen Kostenvoranschlag f\u00fcr die Reparatur Ihres MSR Datenloggers unterbereiten k\u00f6nnen, f\u00fcllen Sie bitte das Anfrageformular aus. [\/vc_column_text][\/vc_column][\/vc_row][vc_row theme=&#8220;default-tdt&#8220; wdo_title_text_typography=&#8220;&#8220; slide_visible=&#8220;4&#8243; tabs=&#8220;2&#8243; slide_visible_mbl=&#8220;2&#8243; slide_scroll=&#8220;1&#8243; spaces=&#8220;10px&#8220; effect=&#8220;false&#8220; &hellip;<\/p>\n","protected":false},"author":1,"featured_media":0,"parent":7576,"menu_order":0,"comment_status":"closed","ping_status":"closed","template":"","meta":{"footnotes":""},"yoast_head":"<!-- This site is optimized with the Yoast SEO plugin v22.9 - https:\/\/yoast.com\/wordpress\/plugins\/seo\/ -->\n<title>Reparaturanfrage | DE MSR Datenlogger<\/title>\n<meta name=\"robots\" content=\"index, follow, max-snippet:-1, max-image-preview:large, max-video-preview:-1\" \/>\n<link rel=\"canonical\" href=\"https:\/\/www.msr.ch\/de\/support\/reparaturanfrage\/\" \/>\n<meta property=\"og:locale\" content=\"de_DE\" \/>\n<meta property=\"og:type\" content=\"article\" \/>\n<meta property=\"og:title\" content=\"Reparaturanfrage | DE MSR Datenlogger\" \/>\n<meta property=\"og:description\" content=\"[vc_row css=&#8220;.vc_custom_1453207537712{margin-bottom: 20px !important;}&#8220;][vc_column][vc_column_text] Reparaturanfrage MSR Datenlogger &nbsp; Damit wir Ihre Anfrage einsch\u00e4tzen und Ihnen einen Kostenvoranschlag f\u00fcr die Reparatur Ihres MSR Datenloggers unterbereiten k\u00f6nnen, f\u00fcllen Sie bitte das Anfrageformular aus. [\/vc_column_text][\/vc_column][\/vc_row][vc_row theme=&#8220;default-tdt&#8220; wdo_title_text_typography=&#8220;&#8220; slide_visible=&#8220;4&#8243; tabs=&#8220;2&#8243; slide_visible_mbl=&#8220;2&#8243; slide_scroll=&#8220;1&#8243; spaces=&#8220;10px&#8220; effect=&#8220;false&#8220; &hellip;\" \/>\n<meta property=\"og:url\" content=\"https:\/\/www.msr.ch\/de\/support\/reparaturanfrage\/\" \/>\n<meta property=\"og:site_name\" content=\"DE MSR Datenlogger\" \/>\n<meta property=\"article:publisher\" content=\"https:\/\/www.facebook.com\/datenlogger.msr\/\" \/>\n<meta property=\"article:modified_time\" content=\"2025-05-08T14:08:13+00:00\" \/>\n<meta name=\"twitter:card\" content=\"summary_large_image\" \/>\n<meta name=\"twitter:label1\" content=\"Gesch\u00e4tzte Lesezeit\" \/>\n\t<meta name=\"twitter:data1\" content=\"2\u00a0Minuten\" \/>\n<script type=\"application\/ld+json\" class=\"yoast-schema-graph\">{\"@context\":\"https:\/\/schema.org\",\"@graph\":[{\"@type\":\"WebPage\",\"@id\":\"https:\/\/www.msr.ch\/de\/support\/reparaturanfrage\/\",\"url\":\"https:\/\/www.msr.ch\/de\/support\/reparaturanfrage\/\",\"name\":\"Reparaturanfrage | DE MSR Datenlogger\",\"isPartOf\":{\"@id\":\"https:\/\/www.msr.ch\/de\/#website\"},\"datePublished\":\"2023-02-23T12:42:16+00:00\",\"dateModified\":\"2025-05-08T14:08:13+00:00\",\"breadcrumb\":{\"@id\":\"https:\/\/www.msr.ch\/de\/support\/reparaturanfrage\/#breadcrumb\"},\"inLanguage\":\"de\",\"potentialAction\":[{\"@type\":\"ReadAction\",\"target\":[\"https:\/\/www.msr.ch\/de\/support\/reparaturanfrage\/\"]}]},{\"@type\":\"BreadcrumbList\",\"@id\":\"https:\/\/www.msr.ch\/de\/support\/reparaturanfrage\/#breadcrumb\",\"itemListElement\":[{\"@type\":\"ListItem\",\"position\":1,\"name\":\"Home\",\"item\":\"https:\/\/www.msr.ch\/de\/\"},{\"@type\":\"ListItem\",\"position\":2,\"name\":\"Software &#038; Support\",\"item\":\"https:\/\/www.msr.ch\/de\/support\/\"},{\"@type\":\"ListItem\",\"position\":3,\"name\":\"Reparaturanfrage\"}]},{\"@type\":\"WebSite\",\"@id\":\"https:\/\/www.msr.ch\/de\/#website\",\"url\":\"https:\/\/www.msr.ch\/de\/\",\"name\":\"MSR Datenlogger\",\"description\":\"MSR Electronics GmbH\",\"potentialAction\":[{\"@type\":\"SearchAction\",\"target\":{\"@type\":\"EntryPoint\",\"urlTemplate\":\"https:\/\/www.msr.ch\/de\/?s={search_term_string}\"},\"query-input\":\"required name=search_term_string\"}],\"inLanguage\":\"de\"}]}<\/script>\n<!-- \/ Yoast SEO plugin. -->","yoast_head_json":{"title":"Reparaturanfrage | DE MSR Datenlogger","robots":{"index":"index","follow":"follow","max-snippet":"max-snippet:-1","max-image-preview":"max-image-preview:large","max-video-preview":"max-video-preview:-1"},"canonical":"https:\/\/www.msr.ch\/de\/support\/reparaturanfrage\/","og_locale":"de_DE","og_type":"article","og_title":"Reparaturanfrage | DE MSR Datenlogger","og_description":"[vc_row css=&#8220;.vc_custom_1453207537712{margin-bottom: 20px !important;}&#8220;][vc_column][vc_column_text] Reparaturanfrage MSR Datenlogger &nbsp; Damit wir Ihre Anfrage einsch\u00e4tzen und Ihnen einen Kostenvoranschlag f\u00fcr die Reparatur Ihres MSR Datenloggers unterbereiten k\u00f6nnen, f\u00fcllen Sie bitte das Anfrageformular aus. [\/vc_column_text][\/vc_column][\/vc_row][vc_row theme=&#8220;default-tdt&#8220; wdo_title_text_typography=&#8220;&#8220; slide_visible=&#8220;4&#8243; tabs=&#8220;2&#8243; slide_visible_mbl=&#8220;2&#8243; slide_scroll=&#8220;1&#8243; spaces=&#8220;10px&#8220; effect=&#8220;false&#8220; &hellip;","og_url":"https:\/\/www.msr.ch\/de\/support\/reparaturanfrage\/","og_site_name":"DE MSR Datenlogger","article_publisher":"https:\/\/www.facebook.com\/datenlogger.msr\/","article_modified_time":"2025-05-08T14:08:13+00:00","twitter_card":"summary_large_image","twitter_misc":{"Gesch\u00e4tzte Lesezeit":"2\u00a0Minuten"},"schema":{"@context":"https:\/\/schema.org","@graph":[{"@type":"WebPage","@id":"https:\/\/www.msr.ch\/de\/support\/reparaturanfrage\/","url":"https:\/\/www.msr.ch\/de\/support\/reparaturanfrage\/","name":"Reparaturanfrage | DE MSR Datenlogger","isPartOf":{"@id":"https:\/\/www.msr.ch\/de\/#website"},"datePublished":"2023-02-23T12:42:16+00:00","dateModified":"2025-05-08T14:08:13+00:00","breadcrumb":{"@id":"https:\/\/www.msr.ch\/de\/support\/reparaturanfrage\/#breadcrumb"},"inLanguage":"de","potentialAction":[{"@type":"ReadAction","target":["https:\/\/www.msr.ch\/de\/support\/reparaturanfrage\/"]}]},{"@type":"BreadcrumbList","@id":"https:\/\/www.msr.ch\/de\/support\/reparaturanfrage\/#breadcrumb","itemListElement":[{"@type":"ListItem","position":1,"name":"Home","item":"https:\/\/www.msr.ch\/de\/"},{"@type":"ListItem","position":2,"name":"Software &#038; Support","item":"https:\/\/www.msr.ch\/de\/support\/"},{"@type":"ListItem","position":3,"name":"Reparaturanfrage"}]},{"@type":"WebSite","@id":"https:\/\/www.msr.ch\/de\/#website","url":"https:\/\/www.msr.ch\/de\/","name":"MSR Datenlogger","description":"MSR Electronics GmbH","potentialAction":[{"@type":"SearchAction","target":{"@type":"EntryPoint","urlTemplate":"https:\/\/www.msr.ch\/de\/?s={search_term_string}"},"query-input":"required name=search_term_string"}],"inLanguage":"de"}]}},"_links":{"self":[{"href":"https:\/\/www.msr.ch\/de\/wp-json\/wp\/v2\/pages\/11860"}],"collection":[{"href":"https:\/\/www.msr.ch\/de\/wp-json\/wp\/v2\/pages"}],"about":[{"href":"https:\/\/www.msr.ch\/de\/wp-json\/wp\/v2\/types\/page"}],"author":[{"embeddable":true,"href":"https:\/\/www.msr.ch\/de\/wp-json\/wp\/v2\/users\/1"}],"replies":[{"embeddable":true,"href":"https:\/\/www.msr.ch\/de\/wp-json\/wp\/v2\/comments?post=11860"}],"version-history":[{"count":15,"href":"https:\/\/www.msr.ch\/de\/wp-json\/wp\/v2\/pages\/11860\/revisions"}],"predecessor-version":[{"id":11876,"href":"https:\/\/www.msr.ch\/de\/wp-json\/wp\/v2\/pages\/11860\/revisions\/11876"}],"up":[{"embeddable":true,"href":"https:\/\/www.msr.ch\/de\/wp-json\/wp\/v2\/pages\/7576"}],"wp:attachment":[{"href":"https:\/\/www.msr.ch\/de\/wp-json\/wp\/v2\/media?parent=11860"}],"curies":[{"name":"wp","href":"https:\/\/api.w.org\/{rel}","templated":true}]}}