{"id":13296,"date":"2025-01-28T13:32:40","date_gmt":"2025-01-28T13:32:40","guid":{"rendered":"https:\/\/www.msr.ch\/de\/?page_id=13296"},"modified":"2026-04-09T07:01:17","modified_gmt":"2026-04-09T07:01:17","slug":"montageanleitung-datenlogger","status":"publish","type":"page","link":"https:\/\/www.msr.ch\/de\/support\/montageanleitung-datenlogger\/","title":{"rendered":"Montageanleitung Datenlogger"},"content":{"rendered":"<div class=\"wpb-content-wrapper\"><p>[vc_row css=&#8220;.vc_custom_1453207537712{margin-bottom: 20px !important;}&#8220;][vc_column][vc_column_text css=&#8220;&#8220;]<\/p>\n<h1 class=\"entry-title\">Montageanleitung Datenlogger<\/h1>\n<div class=\"wpb_text_column wpb_content_element vc_custom_1688357634756\">\n<div class=\"wpb_wrapper\">\n<h2>Montageempfehlung f\u00fcr MSR Schock- und Vibrations-Datenlogger<\/h2>\n<p><strong>Die richtige Montage der Datenlogger ist entscheidend f\u00fcr die korrekte Messung der dynamischen Lasten<\/strong>. Kontrollieren Sie deshalb vor Beginn der Datenaufzeichnung, ob die MSR Datenlogger richtig montiert wurden. Die Datenlogger sollten m\u00f6glich nahe oder an dem zu \u00fcberwachenden Objekt kraftschl\u00fcssig befestigt werden. Befestigungen an der Verpackung oder dem Transportmittel f\u00fchren zu abweichenden Ergebnissen. Schrauben Sie die Datenlogger an den daf\u00fcr vorgesehenen Bohrungen am Objekt fest. Alternativ k\u00f6nnen die Datenlogger auch mit starken Magneten oder hochfestem Industrieklebeband befestigt werden.<\/p>\n<h3>Ausrichtung<\/h3>\n<p>Richten Sie die Achsen der Datenlogger auf die Hauptbewegungsrichtungen aus. Die Datenlogger k\u00f6nnen in jeder Lage montiert werden. Notieren Sie sich die Lage und Richtung der Achsen zur sp\u00e4teren Auswertung.<\/p>\n<\/div>\n<\/div>\n<p>[\/vc_column_text][vc_single_image image=&#8220;3788&#8243; img_size=&#8220;full&#8220; alignment=&#8220;center&#8220; css=&#8220;.vc_custom_1775134470325{margin-top: 2px !important;margin-right: 2px !important;margin-bottom: 2px !important;margin-left: 2px !important;padding-top: 10px !important;padding-right: 10px !important;padding-bottom: 10px !important;padding-left: 10px !important;background-color: #f8f9f9 !important;}&#8220;][vc_column_text css=&#8220;.vc_custom_1775657311535{margin-top: 2px !important;margin-right: 2px !important;margin-bottom: 2px !important;margin-left: 2px !important;padding-top: 10px !important;padding-right: 10px !important;padding-bottom: 10px !important;padding-left: 10px !important;}&#8220;]<\/p>\n<h3>Bestimmung der Neigung<\/h3>\n<p>Bei den Modellen MSR 175, MSR 175Plus und MSR 175Pro wird die Erdbeschleunigung in Richtung des Erdmittelpunkts (0 \u2264 XYZ \u2264 \u00b11 g) gemessen. Der Neigungswinkel der Datenlogger kann ann\u00e4hernd durch die trigonometrische Funktion f\u00fcr die Drehung um eine Achse von 0\u2026\u00b1180\u00b0 bestimmt werden.<\/p>\n<p>Beispiel: ACC x = -0.518 g, ACC y=0.425 g, ACC z=0.741 g[\/vc_column_text][vc_column_text css=&#8220;.vc_custom_1775684183955{margin-top: 2px !important;margin-right: 2px !important;margin-bottom: 2px !important;margin-left: 2px !important;padding-top: 10px !important;padding-right: 10px !important;padding-bottom: 10px !important;padding-left: 10px !important;background-color: #f8f9f9 !important;}&#8220;]<img loading=\"lazy\" decoding=\"async\" class=\"alignnone wp-image-3791 size-full\" src=\"https:\/\/www.msr.ch\/images\/Formel-DE-2026.jpg\" alt=\"\" width=\"1700\" height=\"500\" srcset=\"https:\/\/www.msr.ch\/images\/Formel-DE-2026.jpg 1700w, https:\/\/www.msr.ch\/images\/Formel-DE-2026-300x88.jpg 300w, https:\/\/www.msr.ch\/images\/Formel-DE-2026-1024x301.jpg 1024w, https:\/\/www.msr.ch\/images\/Formel-DE-2026-768x226.jpg 768w, https:\/\/www.msr.ch\/images\/Formel-DE-2026-1536x452.jpg 1536w\" sizes=\"(max-width: 1700px) 100vw, 1700px\" \/>[\/vc_column_text][vc_column_text css=&#8220;.vc_custom_1775655751766{margin-top: 2px !important;margin-right: 2px !important;margin-bottom: 2px !important;margin-left: 2px !important;padding-top: 10px !important;padding-right: 10px !important;padding-bottom: 10px !important;padding-left: 10px !important;background-color: #f8f9f9 !important;}&#8220;]1) Die aus den Messwerten der Erdbeschleunigung abgeleiteten Informationen reichen nicht aus, um den Drehwinkel eindeutig zu bestimmen.[\/vc_column_text][vc_column_text css=&#8220;.vc_custom_1691677197696{margin-top: 2px !important;margin-right: 2px !important;margin-bottom: 2px !important;margin-left: 2px !important;padding-top: 10px !important;padding-right: 10px !important;padding-bottom: 10px !important;padding-left: 10px !important;}&#8220;]<\/p>\n<h3>Geh\u00e4usetypen: Umrisse, Bohrbilder, Verschraubungen<\/h3>\n<p>[\/vc_column_text][vc_column_text css=&#8220;.vc_custom_1775718067368{margin-top: 2px !important;margin-right: 2px !important;margin-bottom: 2px !important;margin-left: 2px !important;padding-top: 10px !important;padding-right: 10px !important;padding-bottom: 10px !important;padding-left: 10px !important;}&#8220;]<\/p>\n<table class=\"table table-bordered\">\n<colgroup>\n<col style=\"width: 30%;\" span=\"1\" \/>\n<col style=\"width: 40%;\" span=\"1\" \/>\n<col style=\"width: 30%;\" span=\"1\" \/> <\/colgroup>\n<thead class=\"bg-msr-grey\">\n<tr>\n<th><a href=\"https:\/\/www.msr.ch\/de\/produkt\/datenlogger-schock-vibration-msr165\/\">Geh\u00e4usetyp<\/a><\/th>\n<th>Umriss \/ Bohrbild<\/th>\n<th>Verschraubungen<\/th>\n<\/tr>\n<\/thead>\n<tbody>\n<tr>\n<td class=\"text-center\"><strong class=\"msr-word-break\">MSR165 B7\/B8<a href=\"https:\/\/www.msr.ch\/images\/Vibration-Datenlogger-MSR165B7B8.jpg\" class=\"msr-image-popup\" ><img loading=\"lazy\" decoding=\"async\" class=\"alignleft wp-image-3273 size-full\" title=\"Schock- und Vibrations-Datenlogger MSR165, Geh\u00e4usetyp B7 \/ B8\" src=\"https:\/\/www.msr.ch\/images\/Vibration-Datenlogger-MSR165B7B8.jpg\" alt=\"Schock- und Vibrations-Datenlogger MSR165, Geh\u00e4usetyp B7 \/ B8\" width=\"668\" height=\"650\" srcset=\"https:\/\/www.msr.ch\/images\/Vibration-Datenlogger-MSR165B7B8.jpg 668w, https:\/\/www.msr.ch\/images\/Vibration-Datenlogger-MSR165B7B8-300x292.jpg 300w, https:\/\/www.msr.ch\/images\/Vibration-Datenlogger-MSR165B7B8-350x341.jpg 350w, https:\/\/www.msr.ch\/images\/Vibration-Datenlogger-MSR165B7B8-51x51.jpg 51w\" sizes=\"(max-width: 668px) 100vw, 668px\" \/><\/a><\/strong><\/td>\n<td><a href=\"https:\/\/www.msr.ch\/images\/Umriss-MSR165B7B8-1.jpg\" class=\"msr-image-popup\" ><img loading=\"lazy\" decoding=\"async\" class=\"alignnone wp-image-3233 size-full\" title=\"Umriss\/Bohrbild Datenlogger MSR165, Geh\u00e4usetyp B7\/B8\" src=\"https:\/\/www.msr.ch\/images\/Umriss-MSR165B7B8-1.jpg\" alt=\"Umriss\/Bohrbild Datenlogger MSR165, Geh\u00e4usetyp B7\/B8\" width=\"894\" height=\"714\" srcset=\"https:\/\/www.msr.ch\/images\/Umriss-MSR165B7B8-1.jpg 894w, https:\/\/www.msr.ch\/images\/Umriss-MSR165B7B8-1-300x240.jpg 300w, https:\/\/www.msr.ch\/images\/Umriss-MSR165B7B8-1-768x613.jpg 768w, https:\/\/www.msr.ch\/images\/Umriss-MSR165B7B8-1-350x280.jpg 350w\" sizes=\"(max-width: 894px) 100vw, 894px\" \/><\/a><\/td>\n<td>Gewinde-Montage: z.B. DIN 965A \/ ISO 7046 A2 M3x8 Anziehdrehmoment: 0.45-0.55 Nm<\/p>\n<p>Montage in Holz und Blech: z.B. DIN 7983C \/ ISO 7051 A2 2.9&#215;19 Anziehdrehrehmoment: 0.4-0.5 Nm<\/td>\n<\/tr>\n<tr>\n<td class=\"text-center\"><strong class=\"msr-word-break\"><a href=\"https:\/\/www.msr.ch\/de\/produkt\/transport-datenlogger-schock-msr175\/\">MSR175 B16<\/a><a href=\"https:\/\/www.msr.ch\/images\/Transport-Schock-Datenlogger-MSR175B16.jpg\" class=\"msr-image-popup\" ><img loading=\"lazy\" decoding=\"async\" class=\"alignleft wp-image-3272 size-full\" title=\"Transport-Datenlogger MSR175, Geh\u00e4usetyp B16 \" src=\"https:\/\/www.msr.ch\/images\/Transport-Schock-Datenlogger-MSR175B16.jpg\" alt=\"Transport-Datenlogger MSR175, Geh\u00e4usetyp B16 \" width=\"668\" height=\"650\" srcset=\"https:\/\/www.msr.ch\/images\/Transport-Schock-Datenlogger-MSR175B16.jpg 668w, https:\/\/www.msr.ch\/images\/Transport-Schock-Datenlogger-MSR175B16-300x292.jpg 300w, https:\/\/www.msr.ch\/images\/Transport-Schock-Datenlogger-MSR175B16-350x341.jpg 350w, https:\/\/www.msr.ch\/images\/Transport-Schock-Datenlogger-MSR175B16-51x51.jpg 51w\" sizes=\"(max-width: 668px) 100vw, 668px\" \/><\/a><\/strong><\/td>\n<td><a href=\"https:\/\/www.msr.ch\/images\/Umriss-MSR175B16-1.jpg\" class=\"msr-image-popup\" ><img loading=\"lazy\" decoding=\"async\" class=\"aligncenter wp-image-3234 size-full\" title=\"Umriss\/Bohrbild Datenlogger MSR175, Geh\u00e4usetyp B16\" src=\"https:\/\/www.msr.ch\/images\/Umriss-MSR175B16-1.jpg\" alt=\"Umriss\/Bohrbild Datenlogger MSR175, Geh\u00e4usetyp B16\" width=\"894\" height=\"714\" srcset=\"https:\/\/www.msr.ch\/images\/Umriss-MSR175B16-1.jpg 894w, https:\/\/www.msr.ch\/images\/Umriss-MSR175B16-1-300x240.jpg 300w, https:\/\/www.msr.ch\/images\/Umriss-MSR175B16-1-768x613.jpg 768w, https:\/\/www.msr.ch\/images\/Umriss-MSR175B16-1-350x280.jpg 350w\" sizes=\"(max-width: 894px) 100vw, 894px\" \/><\/a><\/td>\n<td>Gewinde-Montage: z.B. DIN 7085A \/ ISO 7045 A2 M6x12 Anziehdrehmoment: 4.5-5.0 Nm<\/p>\n<p>Montage in Holz und Blech: z.B. DIN 7981C \/ ISO 7049 A2 5.5&#215;19 Anziehdrehrehmoment: 4.0-4.5 Nm<\/p>\n<p>&nbsp;<\/td>\n<\/tr>\n<tr>\n<td class=\"text-center\"><a href=\"https:\/\/www.msr.ch\/de\/produkt\/datenlogger-schock-vibration-msr165\/\"><strong class=\"msr-word-break\">MSR165 B52<\/strong><\/a><\/p>\n<p>&nbsp;<\/p>\n<p><a href=\"https:\/\/www.msr.ch\/images\/Schock-Vibration-Datenlogger-MSR165B52.jpg\" class=\"msr-image-popup\" ><img loading=\"lazy\" decoding=\"async\" class=\"alignleft wp-image-3267 size-full\" title=\"Schock- und Vibrations-Datenlogger MSR165, Geh\u00e4usetyp B52 \" src=\"https:\/\/www.msr.ch\/images\/Schock-Vibration-Datenlogger-MSR165B52.jpg\" alt=\"Schock- und Vibrations-Datenlogger MSR165, Geh\u00e4usetyp B52 \" width=\"668\" height=\"650\" srcset=\"https:\/\/www.msr.ch\/images\/Schock-Vibration-Datenlogger-MSR165B52.jpg 668w, https:\/\/www.msr.ch\/images\/Schock-Vibration-Datenlogger-MSR165B52-300x292.jpg 300w, https:\/\/www.msr.ch\/images\/Schock-Vibration-Datenlogger-MSR165B52-350x341.jpg 350w, https:\/\/www.msr.ch\/images\/Schock-Vibration-Datenlogger-MSR165B52-51x51.jpg 51w\" sizes=\"(max-width: 668px) 100vw, 668px\" \/><\/a><\/td>\n<td><a href=\"https:\/\/www.msr.ch\/images\/Umriss-MSR165B52-1.jpg\" class=\"msr-image-popup\" ><img loading=\"lazy\" decoding=\"async\" class=\"aligncenter wp-image-3235 size-full\" title=\"Umriss\/Bohrbild Datenlogger MSR165, Geh\u00e4usetyp B52\" src=\"https:\/\/www.msr.ch\/images\/Umriss-MSR165B52-1.jpg\" alt=\"Umriss\/Bohrbild Datenlogger MSR165, Geh\u00e4usetyp B52\" width=\"894\" height=\"714\" srcset=\"https:\/\/www.msr.ch\/images\/Umriss-MSR165B52-1.jpg 894w, https:\/\/www.msr.ch\/images\/Umriss-MSR165B52-1-300x240.jpg 300w, https:\/\/www.msr.ch\/images\/Umriss-MSR165B52-1-768x613.jpg 768w, https:\/\/www.msr.ch\/images\/Umriss-MSR165B52-1-350x280.jpg 350w\" sizes=\"(max-width: 894px) 100vw, 894px\" \/><\/a><\/td>\n<td>Gewinde-Montage: z.B. DIN 7085A \/ ISO 7045 A2 M4x10 Anziehdrehmoment: 1.2-1.4 Nm<\/p>\n<p>Montage in Holz und Blech: z.B. DIN 7981C \/ ISO 7049 A2 5.5&#215;19 Anziehdrehrehmoment: 1.0-1.2 Nm<\/p>\n<p>&nbsp;<\/td>\n<\/tr>\n<tr>\n<td class=\"text-center\"><strong class=\"msr-word-break\"><a href=\"https:\/\/www.msr.ch\/de\/produkt\/transport-datenlogger-schock-msr175\/\">MSR175 B54<\/a> \/ <a href=\"https:\/\/www.msr.ch\/de\/produkt\/msr175pro-schock-datenlogger-transformator-transporte\/\">MSR175Pro<\/a><img loading=\"lazy\" decoding=\"async\" class=\"alignleft wp-image-3789 size-full\" title=\"Transport-Datenlogger MSR175, Geh\u00e4usetyp B54 \" src=\"https:\/\/www.msr.ch\/images\/MSR175Pro_668x650.jpg\" alt=\"\" width=\"668\" height=\"650\" srcset=\"https:\/\/www.msr.ch\/images\/MSR175Pro_668x650.jpg 668w, https:\/\/www.msr.ch\/images\/MSR175Pro_668x650-300x292.jpg 300w\" sizes=\"(max-width: 668px) 100vw, 668px\" \/><\/strong><\/td>\n<td><a href=\"https:\/\/www.msr.ch\/images\/Umriss-MSR175B54-1.jpg\" class=\"msr-image-popup\" ><img loading=\"lazy\" decoding=\"async\" class=\"aligncenter wp-image-3236 size-full\" title=\"Umriss\/Bohrbild Datenlogger MSR175, Geh\u00e4usetyp B54\" src=\"https:\/\/www.msr.ch\/images\/Umriss-MSR175B54-1.jpg\" alt=\"Umriss\/Bohrbild Datenlogger MSR175, Geh\u00e4usetyp B54\" width=\"894\" height=\"714\" srcset=\"https:\/\/www.msr.ch\/images\/Umriss-MSR175B54-1.jpg 894w, https:\/\/www.msr.ch\/images\/Umriss-MSR175B54-1-300x240.jpg 300w, https:\/\/www.msr.ch\/images\/Umriss-MSR175B54-1-768x613.jpg 768w, https:\/\/www.msr.ch\/images\/Umriss-MSR175B54-1-350x280.jpg 350w\" sizes=\"(max-width: 894px) 100vw, 894px\" \/><\/a><\/td>\n<td>Gewinde-Montage: z.B. DIN 7085A \/ ISO 7045 A2 M4x10 Anziehdrehmoment: 1.2-1.4 Nm<\/p>\n<p>Montage in Holz und Blech: z.B. DIN 7981C \/ ISO 7049 A2 5.5&#215;19 Anziehdrehrehmoment: 1.0-1.2 Nm<\/td>\n<\/tr>\n<tr>\n<td class=\"text-center\"><strong class=\"msr-word-break\"><strong class=\"msr-word-break\"><a href=\"https:\/\/www.msr.ch\/de\/produkt\/transport-datenlogger-msr175plus-gps\/\">MSR175Plus B56<\/a> <sup style=\"font-family: inherit;\">1)<\/sup><\/strong><\/strong><strong class=\"msr-word-break\"><strong class=\"msr-word-break\"><a href=\"https:\/\/www.msr.ch\/images\/Datenlogger-Schock-Stoss-MSR175plus.jpg\" class=\"msr-image-popup\" ><img loading=\"lazy\" decoding=\"async\" class=\"alignleft wp-image-3261 size-full\" title=\"Transport-Datenlogger MSR175plus, Geh\u00e4usetyp B56 \" src=\"https:\/\/www.msr.ch\/images\/Datenlogger-Schock-Stoss-MSR175plus.jpg\" alt=\"Transport-Datenlogger MSR175plus, Geh\u00e4usetyp B56 \" width=\"668\" height=\"650\" srcset=\"https:\/\/www.msr.ch\/images\/Datenlogger-Schock-Stoss-MSR175plus.jpg 668w, https:\/\/www.msr.ch\/images\/Datenlogger-Schock-Stoss-MSR175plus-300x292.jpg 300w, https:\/\/www.msr.ch\/images\/Datenlogger-Schock-Stoss-MSR175plus-350x341.jpg 350w, https:\/\/www.msr.ch\/images\/Datenlogger-Schock-Stoss-MSR175plus-51x51.jpg 51w\" sizes=\"(max-width: 668px) 100vw, 668px\" \/><\/a><br \/>\n<\/strong><\/strong><\/td>\n<td><a href=\"https:\/\/www.msr.ch\/images\/Umriss-MSR175plus-1.jpg\" class=\"msr-image-popup\" ><img loading=\"lazy\" decoding=\"async\" class=\"aligncenter wp-image-3237 size-full\" title=\"Umriss\/Bohrbild Datenlogger MSR175plus, Geh\u00e4usetyp B56\" src=\"https:\/\/www.msr.ch\/images\/Umriss-MSR175plus-1.jpg\" alt=\"Umriss\/Bohrbild Datenlogger MSR175plus, Geh\u00e4usetyp B56\" width=\"894\" height=\"714\" srcset=\"https:\/\/www.msr.ch\/images\/Umriss-MSR175plus-1.jpg 894w, https:\/\/www.msr.ch\/images\/Umriss-MSR175plus-1-300x240.jpg 300w, https:\/\/www.msr.ch\/images\/Umriss-MSR175plus-1-768x613.jpg 768w, https:\/\/www.msr.ch\/images\/Umriss-MSR175plus-1-350x280.jpg 350w\" sizes=\"(max-width: 894px) 100vw, 894px\" \/><\/a><\/td>\n<td>Gewinde-Montage: z.B. DIN 965A \/ ISO 7046 A2 M4x12 Anziehdrehmoment: 1.2-1.4 Nm<\/p>\n<p>Montage in Holz und Blech: z.B. DIN 7983C \/ ISO 7051 A2 3.5&#215;19 Anziehdrehrehmoment: 1.0-1.2 Nm<\/td>\n<\/tr>\n<\/tbody>\n<\/table>\n<p>[\/vc_column_text][vc_column_text css=&#8220;.vc_custom_1775657334046{margin-top: 2px !important;margin-right: 2px !important;margin-bottom: 2px !important;margin-left: 2px !important;padding-top: 10px !important;padding-right: 10px !important;padding-bottom: 10px !important;padding-left: 10px !important;}&#8220;]1)\u00a0 Die GPS-Antenne des Datenloggers MSR 175Plus (Geh\u00e4usetyp B56) sollte aussen an der Verpackung angebracht werden. Die R\u00fcckseite der Antenne ist magnetisch. Auf nicht magnetischen Oberfl\u00e4chen kann die Antenne mit Wickelfolie positioniert und gesichert werden.[\/vc_column_text][vc_empty_space][msrwpbsoftwaredownloadwidget btn_1_text=&#8220;Download&#8220; btn_1_link=&#8220;https:\/\/www.msr.ch\/media\/pdf\/Datenlogger-montieren-MSR.pdf&#8220;]<\/p>\n<header class=\"vc_cta3-content-header\">\n<h2>Download Montageempfehlung f\u00fcr Schock- und Vibrations-Datenlogger (PDF)<\/h2>\n<\/header>\n<p>MSR165, MSR175, MSR175Plus, MSR175Pro[\/msrwpbsoftwaredownloadwidget][\/vc_column][\/vc_row][vc_row][vc_column][vc_empty_space][\/vc_column][\/vc_row]<\/p>\n<\/div>","protected":false},"excerpt":{"rendered":"<p>[vc_row css=&#8220;.vc_custom_1453207537712{margin-bottom: 20px !important;}&#8220;][vc_column][vc_column_text css=&#8220;&#8220;] Montageanleitung Datenlogger Montageempfehlung f\u00fcr MSR Schock- und Vibrations-Datenlogger Die richtige Montage der Datenlogger ist entscheidend f\u00fcr die korrekte Messung der dynamischen Lasten. Kontrollieren Sie deshalb vor Beginn der Datenaufzeichnung, ob die MSR Datenlogger richtig montiert &hellip;<\/p>\n","protected":false},"author":1,"featured_media":3794,"parent":7576,"menu_order":0,"comment_status":"closed","ping_status":"closed","template":"","meta":{"footnotes":""},"yoast_head":"<!-- This site is optimized with the Yoast SEO plugin v22.9 - https:\/\/yoast.com\/wordpress\/plugins\/seo\/ -->\n<title>Montageanleitung MSR Datenlogger<\/title>\n<meta name=\"description\" content=\"Montageanleitung MSR Datenlogger. Die richtige Montage der Datenlogger ist entscheidend f\u00fcr die korrekte Messung der dynamischen Lasten.\" \/>\n<meta name=\"robots\" content=\"index, follow, max-snippet:-1, max-image-preview:large, max-video-preview:-1\" \/>\n<link rel=\"canonical\" href=\"https:\/\/www.msr.ch\/de\/support\/montageanleitung-datenlogger\/\" \/>\n<meta property=\"og:locale\" content=\"de_DE\" \/>\n<meta property=\"og:type\" content=\"article\" \/>\n<meta property=\"og:title\" content=\"Montageanleitung MSR Datenlogger\" \/>\n<meta property=\"og:description\" content=\"Montageanleitung MSR Datenlogger. Die richtige Montage der Datenlogger ist entscheidend f\u00fcr die korrekte Messung der dynamischen Lasten.\" \/>\n<meta property=\"og:url\" content=\"https:\/\/www.msr.ch\/de\/support\/montageanleitung-datenlogger\/\" \/>\n<meta property=\"og:site_name\" content=\"DE MSR Datenlogger\" \/>\n<meta property=\"article:publisher\" content=\"https:\/\/www.facebook.com\/datenlogger.msr\/\" \/>\n<meta property=\"article:modified_time\" content=\"2026-04-09T07:01:17+00:00\" \/>\n<meta name=\"twitter:card\" content=\"summary_large_image\" \/>\n<meta name=\"twitter:label1\" content=\"Gesch\u00e4tzte Lesezeit\" \/>\n\t<meta name=\"twitter:data1\" content=\"6\u00a0Minuten\" \/>\n<script type=\"application\/ld+json\" class=\"yoast-schema-graph\">{\"@context\":\"https:\/\/schema.org\",\"@graph\":[{\"@type\":\"WebPage\",\"@id\":\"https:\/\/www.msr.ch\/de\/support\/montageanleitung-datenlogger\/\",\"url\":\"https:\/\/www.msr.ch\/de\/support\/montageanleitung-datenlogger\/\",\"name\":\"Montageanleitung MSR Datenlogger\",\"isPartOf\":{\"@id\":\"https:\/\/www.msr.ch\/de\/#website\"},\"primaryImageOfPage\":{\"@id\":\"https:\/\/www.msr.ch\/de\/support\/montageanleitung-datenlogger\/#primaryimage\"},\"image\":{\"@id\":\"https:\/\/www.msr.ch\/de\/support\/montageanleitung-datenlogger\/#primaryimage\"},\"thumbnailUrl\":\"https:\/\/www.msr.ch\/images\/Datenlogger-montieren.jpg\",\"datePublished\":\"2025-01-28T13:32:40+00:00\",\"dateModified\":\"2026-04-09T07:01:17+00:00\",\"description\":\"Montageanleitung MSR Datenlogger. Die richtige Montage der Datenlogger ist entscheidend f\u00fcr die korrekte Messung der dynamischen Lasten.\",\"breadcrumb\":{\"@id\":\"https:\/\/www.msr.ch\/de\/support\/montageanleitung-datenlogger\/#breadcrumb\"},\"inLanguage\":\"de\",\"potentialAction\":[{\"@type\":\"ReadAction\",\"target\":[\"https:\/\/www.msr.ch\/de\/support\/montageanleitung-datenlogger\/\"]}]},{\"@type\":\"ImageObject\",\"inLanguage\":\"de\",\"@id\":\"https:\/\/www.msr.ch\/de\/support\/montageanleitung-datenlogger\/#primaryimage\",\"url\":\"https:\/\/www.msr.ch\/images\/Datenlogger-montieren.jpg\",\"contentUrl\":\"https:\/\/www.msr.ch\/images\/Datenlogger-montieren.jpg\"},{\"@type\":\"BreadcrumbList\",\"@id\":\"https:\/\/www.msr.ch\/de\/support\/montageanleitung-datenlogger\/#breadcrumb\",\"itemListElement\":[{\"@type\":\"ListItem\",\"position\":1,\"name\":\"Home\",\"item\":\"https:\/\/www.msr.ch\/de\/\"},{\"@type\":\"ListItem\",\"position\":2,\"name\":\"Software &#038; Support\",\"item\":\"https:\/\/www.msr.ch\/de\/support\/\"},{\"@type\":\"ListItem\",\"position\":3,\"name\":\"Montageanleitung Datenlogger\"}]},{\"@type\":\"WebSite\",\"@id\":\"https:\/\/www.msr.ch\/de\/#website\",\"url\":\"https:\/\/www.msr.ch\/de\/\",\"name\":\"MSR Datenlogger\",\"description\":\"MSR Electronics GmbH\",\"potentialAction\":[{\"@type\":\"SearchAction\",\"target\":{\"@type\":\"EntryPoint\",\"urlTemplate\":\"https:\/\/www.msr.ch\/de\/?s={search_term_string}\"},\"query-input\":\"required name=search_term_string\"}],\"inLanguage\":\"de\"}]}<\/script>\n<!-- \/ Yoast SEO plugin. -->","yoast_head_json":{"title":"Montageanleitung MSR Datenlogger","description":"Montageanleitung MSR Datenlogger. Die richtige Montage der Datenlogger ist entscheidend f\u00fcr die korrekte Messung der dynamischen Lasten.","robots":{"index":"index","follow":"follow","max-snippet":"max-snippet:-1","max-image-preview":"max-image-preview:large","max-video-preview":"max-video-preview:-1"},"canonical":"https:\/\/www.msr.ch\/de\/support\/montageanleitung-datenlogger\/","og_locale":"de_DE","og_type":"article","og_title":"Montageanleitung MSR Datenlogger","og_description":"Montageanleitung MSR Datenlogger. Die richtige Montage der Datenlogger ist entscheidend f\u00fcr die korrekte Messung der dynamischen Lasten.","og_url":"https:\/\/www.msr.ch\/de\/support\/montageanleitung-datenlogger\/","og_site_name":"DE MSR Datenlogger","article_publisher":"https:\/\/www.facebook.com\/datenlogger.msr\/","article_modified_time":"2026-04-09T07:01:17+00:00","twitter_card":"summary_large_image","twitter_misc":{"Gesch\u00e4tzte Lesezeit":"6\u00a0Minuten"},"schema":{"@context":"https:\/\/schema.org","@graph":[{"@type":"WebPage","@id":"https:\/\/www.msr.ch\/de\/support\/montageanleitung-datenlogger\/","url":"https:\/\/www.msr.ch\/de\/support\/montageanleitung-datenlogger\/","name":"Montageanleitung MSR Datenlogger","isPartOf":{"@id":"https:\/\/www.msr.ch\/de\/#website"},"primaryImageOfPage":{"@id":"https:\/\/www.msr.ch\/de\/support\/montageanleitung-datenlogger\/#primaryimage"},"image":{"@id":"https:\/\/www.msr.ch\/de\/support\/montageanleitung-datenlogger\/#primaryimage"},"thumbnailUrl":"https:\/\/www.msr.ch\/images\/Datenlogger-montieren.jpg","datePublished":"2025-01-28T13:32:40+00:00","dateModified":"2026-04-09T07:01:17+00:00","description":"Montageanleitung MSR Datenlogger. Die richtige Montage der Datenlogger ist entscheidend f\u00fcr die korrekte Messung der dynamischen Lasten.","breadcrumb":{"@id":"https:\/\/www.msr.ch\/de\/support\/montageanleitung-datenlogger\/#breadcrumb"},"inLanguage":"de","potentialAction":[{"@type":"ReadAction","target":["https:\/\/www.msr.ch\/de\/support\/montageanleitung-datenlogger\/"]}]},{"@type":"ImageObject","inLanguage":"de","@id":"https:\/\/www.msr.ch\/de\/support\/montageanleitung-datenlogger\/#primaryimage","url":"https:\/\/www.msr.ch\/images\/Datenlogger-montieren.jpg","contentUrl":"https:\/\/www.msr.ch\/images\/Datenlogger-montieren.jpg"},{"@type":"BreadcrumbList","@id":"https:\/\/www.msr.ch\/de\/support\/montageanleitung-datenlogger\/#breadcrumb","itemListElement":[{"@type":"ListItem","position":1,"name":"Home","item":"https:\/\/www.msr.ch\/de\/"},{"@type":"ListItem","position":2,"name":"Software &#038; Support","item":"https:\/\/www.msr.ch\/de\/support\/"},{"@type":"ListItem","position":3,"name":"Montageanleitung Datenlogger"}]},{"@type":"WebSite","@id":"https:\/\/www.msr.ch\/de\/#website","url":"https:\/\/www.msr.ch\/de\/","name":"MSR Datenlogger","description":"MSR Electronics GmbH","potentialAction":[{"@type":"SearchAction","target":{"@type":"EntryPoint","urlTemplate":"https:\/\/www.msr.ch\/de\/?s={search_term_string}"},"query-input":"required name=search_term_string"}],"inLanguage":"de"}]}},"_links":{"self":[{"href":"https:\/\/www.msr.ch\/de\/wp-json\/wp\/v2\/pages\/13296"}],"collection":[{"href":"https:\/\/www.msr.ch\/de\/wp-json\/wp\/v2\/pages"}],"about":[{"href":"https:\/\/www.msr.ch\/de\/wp-json\/wp\/v2\/types\/page"}],"author":[{"embeddable":true,"href":"https:\/\/www.msr.ch\/de\/wp-json\/wp\/v2\/users\/1"}],"replies":[{"embeddable":true,"href":"https:\/\/www.msr.ch\/de\/wp-json\/wp\/v2\/comments?post=13296"}],"version-history":[{"count":26,"href":"https:\/\/www.msr.ch\/de\/wp-json\/wp\/v2\/pages\/13296\/revisions"}],"predecessor-version":[{"id":14292,"href":"https:\/\/www.msr.ch\/de\/wp-json\/wp\/v2\/pages\/13296\/revisions\/14292"}],"up":[{"embeddable":true,"href":"https:\/\/www.msr.ch\/de\/wp-json\/wp\/v2\/pages\/7576"}],"wp:featuredmedia":[{"embeddable":true,"href":"https:\/\/www.msr.ch\/de\/wp-json\/"}],"wp:attachment":[{"href":"https:\/\/www.msr.ch\/de\/wp-json\/wp\/v2\/media?parent=13296"}],"curies":[{"name":"wp","href":"https:\/\/api.w.org\/{rel}","templated":true}]}}