{"id":14303,"date":"2026-04-16T12:54:00","date_gmt":"2026-04-16T12:54:00","guid":{"rendered":"https:\/\/www.msr.ch\/de\/?page_id=14303"},"modified":"2026-05-13T09:14:25","modified_gmt":"2026-05-13T09:14:25","slug":"msr-pc-software-pro","status":"publish","type":"page","link":"https:\/\/www.msr.ch\/de\/support\/msr-pc-software-pro\/","title":{"rendered":"MSR PC Software PRO"},"content":{"rendered":"<div class=\"wpb-content-wrapper\"><p>[vc_row][vc_column][vc_column_text css=&#8220;.vc_custom_1778589511762{padding-bottom: 20px !important;}&#8220;]<\/p>\n<h1 class=\"entry-title\">MSR PC Software Pro (Beta)<\/h1>\n<h2>Die neue Konfigurations- und Auswertesoftware f\u00fcr MSR Datenlogger<\/h2>\n<p>Die MSR PC Software Pro ist die n\u00e4chste Generation unserer Software zur Konfiguration und Auswertung von MSR Datenloggern. Sie wurde von Grund auf neu entwickelt und bietet deutlich einfachere Bedienung, mehr \u00dcbersicht und zeitsparende Funktionen.<\/p>\n<p><strong>Momentan werden die aktuellen Datenlogger der MSR145-Familie unterst\u00fctzt.<\/strong> Weitere Modelle folgen in kommenden Versionen. Die MSR PC Software Pro l\u00f6st die bisherige <a href=\"https:\/\/www.msr.ch\/de\/support\/msr-software\/pcsoftware\/\">MSR PC-Software (Standard)<\/a> ab.[\/vc_column_text][\/vc_column][\/vc_row][vc_row][vc_column][vc_message css=&#8220;&#8220;]Die Beta-Version ist funktionsf\u00e4hig und kann produktiv eingesetzt werden. Aktuell werden die Modelle <a href=\"\/de\/produkt\/datenlogger-temperatur-feuchte-druck-beschleunigung-msr145\/\">MSR145<\/a>, <a href=\"\/de\/produkt\/funk-datenlogger-msr145wd-bluetooth\/\">MSR145WD<\/a> und <a href=\"\/de\/produkt\/wlan-datenlogger-msr145w2d\/\">MSR145W2D<\/a> unterst\u00fctzt <span data-teams=\"true\">(kompatible Firmware-Versionen: Siehe FAQ unten auf dieser Seite).<\/span> Weitere Modelle folgen schrittweise. Da die bisherige <a href=\"https:\/\/www.msr.ch\/de\/support\/msr-software\/pcsoftware\/\">MSR PC-Software (Standard)<\/a> nicht mehr weiterentwickelt wird, empfehlen wir den Umstieg. Wir testen aktuell noch intensiv und optimieren letzte Details.[\/vc_message][\/vc_column][\/vc_row][vc_row css=&#8220;.vc_custom_1652942942013{margin-top: 2px !important;margin-right: 2px !important;margin-bottom: 2px !important;margin-left: 2px !important;}&#8220;][vc_column][vc_empty_space][\/vc_column][\/vc_row][vc_row css=&#8220;.vc_custom_1757419580411{margin-top: 0px !important;margin-right: 0px !important;margin-bottom: 0px !important;margin-left: 0px !important;border-top-width: 0px !important;border-bottom-width: 0px !important;padding-top: 30px !important;padding-right: 15px !important;padding-bottom: 30px !important;padding-left: 15px !important;background-color: #ededed !important;}&#8220;][vc_column width=&#8220;1\/2&#8243; css=&#8220;.vc_custom_1757419845255{margin-top: 0px !important;margin-right: 15px !important;margin-bottom: 0px !important;margin-left: 15px !important;border-top-width: 0px !important;border-right-width: 0px !important;border-bottom-width: 0px !important;padding-top: 0px !important;padding-right: 0px !important;padding-bottom: 0px !important;background-color: #ffffff !important;}&#8220;][vc_gallery type=&#8220;flexslider_slide&#8220; interval=&#8220;0&#8243; images=&#8220;3797,3798,3799,3800,3801,3802&#8243; img_size=&#8220;full&#8220; css=&#8220;.vc_custom_1778061026281{margin-top: 72px !important;margin-right: 15px !important;margin-bottom: 72px !important;margin-left: 15px !important;border-top-width: 0px !important;border-bottom-width: 0px !important;padding-top: 0px !important;padding-right: 0px !important;padding-bottom: 0px !important;}&#8220;][\/vc_column][vc_column width=&#8220;1\/2&#8243; css=&#8220;.vc_custom_1757419998938{margin-top: 0px !important;margin-right: 0px !important;margin-bottom: 0px !important;margin-left: 28px !important;border-top-width: 0px !important;border-bottom-width: 0px !important;padding-top: 0px !important;padding-bottom: 0px !important;padding-left: 15px !important;}&#8220;][vc_cta h2=&#8220;Highlights&#8220; css=&#8220;.vc_custom_1777897119922{margin-top: 0px !important;margin-right: 28px !important;margin-bottom: 0px !important;margin-left: 0px !important;border-top-width: 0px !important;border-bottom-width: 0px !important;padding-bottom: 28px !important;}&#8220;]<\/p>\n<ul>\n<li>Viel einfachere Logger-Konfiguration per Assistent.<\/li>\n<li>Konfigurationen speichern &amp; wiederverwenden.<\/li>\n<li>Mehrere Logger gleichzeitig verwalten.<\/li>\n<li>PDF-Dokumentation der Einstellungen.<\/li>\n<li>Aufgezeichnete Messdaten einfacher verwalten und exportieren.<\/li>\n<\/ul>\n<p>[\/vc_cta][\/vc_column][\/vc_row][vc_row css=&#8220;.vc_custom_1652942942013{margin-top: 2px !important;margin-right: 2px !important;margin-bottom: 2px !important;margin-left: 2px !important;}&#8220;][vc_column][vc_empty_space][\/vc_column][\/vc_row][vc_row css=&#8220;.vc_custom_1776349880929{margin-top: 0px !important;margin-right: 0px !important;margin-bottom: 0px !important;margin-left: 0px !important;padding-top: 30px !important;padding-right: 15px !important;padding-bottom: 30px !important;padding-left: 15px !important;background-color: #ededed !important;}&#8220;][vc_column css=&#8220;.vc_custom_1777897735835{padding-top: 20px !important;padding-right: 20px !important;padding-bottom: 20px !important;padding-left: 20px !important;}&#8220;][vc_video link=&#8220;https:\/\/youtu.be\/2kTgTjNSQkA?si=T0c5IGTxJcgseJ09&#8243; css=&#8220;&#8220;][\/vc_column][\/vc_row][vc_row css=&#8220;.vc_custom_1652942942013{margin-top: 2px !important;margin-right: 2px !important;margin-bottom: 2px !important;margin-left: 2px !important;}&#8220;][vc_column][vc_empty_space][\/vc_column][\/vc_row][vc_row css=&#8220;.vc_custom_1776349880929{margin-top: 0px !important;margin-right: 0px !important;margin-bottom: 0px !important;margin-left: 0px !important;padding-top: 30px !important;padding-right: 15px !important;padding-bottom: 30px !important;padding-left: 15px !important;background-color: #ededed !important;}&#8220;][vc_column css=&#8220;.vc_custom_1777897735835{padding-top: 20px !important;padding-right: 20px !important;padding-bottom: 20px !important;padding-left: 20px !important;}&#8220;][msrwpbsoftwaredownloadwidget heading=&#8220;Download MSR PC Software Pro&#8220; btn_1_text=&#8220;Download&#8220; btn_1_link=&#8220;`{`msr-std-pro-link`}`&#8220;]<strong>Unsere Software wird mit Microsoft Defender auf Viren gepr\u00fcft.<br \/>\n<\/strong>Anforderungen an den PC: ab Windows 10, USB-Schnittstelle<\/p>\n<p><a title=\"MSR PC Software Pro\" href=\"\/media\/downloads\/pcsoftware\/MSRPRO_d2026-05-12_vs0-90-00.zip\">MSR PC Software Pro<\/a> (2026-05-12, v0.90.00, MD5: e795406c6d7856d7317d23375d1666b3)[\/msrwpbsoftwaredownloadwidget][vc_column_text css=&#8220;.vc_custom_1778059435246{padding-top: 15px !important;padding-right: 15px !important;padding-bottom: 15px !important;padding-left: 15px !important;}&#8220;]<\/p>\n<h3>\u2003 Weiterf\u00fchrende Informationen<\/h3>\n<ul>\n<li>per <a href=\"\/de\/news\/\">Newsletter<\/a> informieren wir Sie \u00fcber Aktualisierungen<\/li>\n<li>Bei Fragen konsultieren Sie bitte unsere Liste der h\u00e4ufig gestellten Fragen (FAQ), kontaktieren Sie die <a href=\"\/de\/kontakt\/\">Verkaufsstelle,<\/a> bei welcher Sie Ihren Datenlogger gekauft haben, oder wenden sich an unseren <a href=\"\/de\/kontakt\/\">Support.<\/a><\/li>\n<\/ul>\n<p>[\/vc_column_text][\/vc_column][\/vc_row][vc_row][vc_column][vc_empty_space][\/vc_column][\/vc_row][vc_row css=&#8220;.vc_custom_1453200861461{margin-bottom: 40px !important;}&#8220;][vc_column][vc_tta_accordion style=&#8220;anps-style-1&#8243; shape=&#8220;square&#8220; c_position=&#8220;right&#8220; active_section=&#8220;-1&#8243; collapsible_all=&#8220;true&#8220; title=&#8220;Ihre Fragen, unsere Antworten&#8220;][vc_tta_section title=&#8220;MUSS ICH AUF DIE NEUE MSR PC SOFTWARE PRO WECHSELN?&#8220;][vc_column_text css=&#8220;.vc_custom_1778057153606{margin-bottom: 0px !important;}&#8220;]Nein, noch nicht, aber wir empfehlen den Umstieg. Die alte Software l\u00e4uft zwar weiter, wird aber nicht mehr weiterentwickelt. Die neue Software bringt echte Vorteile: einfachere Datenlogger-Konfiguration, bessere \u00dcbersicht \u00fcber die Messdaten, mehr Komfort.[\/vc_column_text][\/vc_tta_section][vc_tta_section title=&#8220;IN WELCHEN SPRACHEN IST DIE MSR PC SOFTWARE PRO VERF\u00dcGBAR?&#8220; tab_id=&#8220;Sprache&#8220;][vc_column_text css=&#8220;.vc_custom_1778057362464{margin-bottom: 0px !important;}&#8220;]Die Beta-Version enth\u00e4lt die Sprachen Deutsch und Englisch. Weitere Sprachen sind in Vorbereitung.[\/vc_column_text][\/vc_tta_section][vc_tta_section title=&#8220;WELCHE MSR DATENLOGGER WERDEN VON DER NEUEN SOFTWARE UNTERST\u00dcTZT?&#8220; tab_id=&#8220;welchedatenlogger&#8220;][vc_column_text css=&#8220;.vc_custom_1778057543205{margin-bottom: 0px !important;}&#8220;]Alle aktuellen Modelle der MSR145-Familie (<a href=\"\/de\/produkt\/datenlogger-temperatur-feuchte-druck-beschleunigung-msr145\/\">MSR145,<\/a> <a href=\"\/de\/produkt\/funk-datenlogger-msr145wd-bluetooth\/\">MSR145WD,<\/a> <a href=\"\/de\/produkt\/wlan-datenlogger-msr145w2d\/\">MSR145W2D)<\/a>. Weitere MSR-Modelle werden laufend hinzugef\u00fcgt.<\/p>\n<p>F\u00fcr Datenlogger, die vor 2026 gekauft wurden, gilt folgende Kompatibilit\u00e4t:<\/p>\n<ul>\n<li>MSR145 ab Firmware V6.0<\/li>\n<li>MSR145WD ab Firmware V2.0<\/li>\n<li>MSR145W2D ab Firmware V2.0<\/li>\n<\/ul>\n<p>[\/vc_column_text][\/vc_tta_section][vc_tta_section title=&#8220;FUNKTIONIERT MEIN MSR145 DATENLOGGER MIT DER ALTEN SOFTWARE NOCH?&#8220; tab_id=&#8220;funktioniert&#8220;][vc_column_text css=&#8220;.vc_custom_1778057611871{margin-bottom: 0px !important;}&#8220;]Ja, aktuell noch problemlos.<\/p>\n<p>Bitte beachten Sie: Die bisherige MSR PC-Software wird nicht mehr weiterentwickelt. Die Kompatiblit\u00e4t mit neuen Betriebssystemen kann nicht mehr gew\u00e4hrleistet werden.[\/vc_column_text][\/vc_tta_section][vc_tta_section title=&#8220;KANN ICH BEIDE VERSIONEN PARALLEL INSTALLIEREN?&#8220; tab_id=&#8220;kannich&#8220;][vc_column_text css=&#8220;.vc_custom_1778057678924{margin-bottom: 0px !important;}&#8220;]Ja, die MSR PC Software Pro installiert sich unabh\u00e4ngig von der bisherigen MSR PC-Software (Standard). Es sollte jedoch nicht gleichzeitig mit beiden Programmen mit dem gleichen Datenlogger gearbeitet werden.[\/vc_column_text][\/vc_tta_section][vc_tta_section title=&#8220;KOSTET DIE NEUE MSR PC SOFTWARE PRO EXTRA?&#8220; tab_id=&#8220;kostet&#8220;][vc_column_text css=&#8220;&#8220;]Nein, die neue Software steht den MSR-Kunden wie die bisherige MSR PC-Software kostenlos zur Verf\u00fcgung.[\/vc_column_text][\/vc_tta_section][vc_tta_section title=&#8220;KANN ICH BESTEHENDE DATEN IN DIE NEUE SOFTWARE MIGRIEREN?&#8220; tab_id=&#8220;migrieren&#8220;][vc_column_text css=&#8220;.vc_custom_1778058468323{margin-bottom: 0px !important;}&#8220;]Ja, die Software enth\u00e4lt einen Konverter, der die Messwerte aus alten Datendateien ins neue Datei-Format \u00fcbertr\u00e4gt.[\/vc_column_text][\/vc_tta_section][\/vc_tta_accordion][\/vc_column][\/vc_row][vc_row][vc_column][vc_empty_space][\/vc_column][\/vc_row][vc_row css=&#8220;.vc_custom_1757417552474{margin-top: 15px !important;margin-right: 0px !important;margin-bottom: 15px !important;margin-left: 0px !important;padding-top: 15px !important;padding-right: 15px !important;padding-bottom: 15px !important;padding-left: 15px !important;background-color: #ededed !important;}&#8220;][vc_column][vc_cta h2=&#8220;Weitere Fragen? Wir helfen gerne.&#8220; h2_font_container=&#8220;tag:h2|text_align:left|color:%230033cc&#8220; h2_use_theme_fonts=&#8220;yes&#8220; add_button=&#8220;right&#8220; btn_title=&#8220;Kontakt&#8220; css=&#8220;.vc_custom_1776349551951{border-top-width: 6px !important;border-right-width: 6px !important;border-bottom-width: 6px !important;border-left-width: 6px !important;border-color: #0033cc !important;}&#8220; use_custom_fonts_h2=&#8220;true&#8220; h2_link=&#8220;url:%2Fde%2Fkontakt%2F|title:Verkauf%20MSR%20Datenlogger&#8220; btn_link=&#8220;url:%2Fde%2Fkontakt%2F|title:Verkauf%20MSR%20Datenlogger&#8220;]F\u00fcr eine pers\u00f6nliche Beratung stehen Ihnen \u00fcber 90 MSR-Vertriebspartner in weltweit mehr als 50 L\u00e4ndern zur Verf\u00fcgung.[\/vc_cta][\/vc_column][\/vc_row][vc_row][vc_column][vc_empty_space][\/vc_column][\/vc_row]<\/p>\n<\/div>","protected":false},"excerpt":{"rendered":"<p>[vc_row][vc_column][vc_column_text css=&#8220;.vc_custom_1778589511762{padding-bottom: 20px !important;}&#8220;] MSR PC Software Pro (Beta) Die neue Konfigurations- und Auswertesoftware f\u00fcr MSR Datenlogger Die MSR PC Software Pro ist die n\u00e4chste Generation unserer Software zur Konfiguration und Auswertung von MSR Datenloggern. Sie wurde von Grund auf &hellip;<\/p>\n","protected":false},"author":1,"featured_media":3797,"parent":7576,"menu_order":0,"comment_status":"closed","ping_status":"closed","template":"","meta":{"footnotes":""},"yoast_head":"<!-- This site is optimized with the Yoast SEO plugin v22.9 - https:\/\/yoast.com\/wordpress\/plugins\/seo\/ -->\n<title>MSR PC Software PRO | DE MSR Datenlogger<\/title>\n<meta name=\"robots\" content=\"index, follow, max-snippet:-1, max-image-preview:large, max-video-preview:-1\" \/>\n<link rel=\"canonical\" href=\"https:\/\/www.msr.ch\/de\/support\/msr-pc-software-pro\/\" \/>\n<meta property=\"og:locale\" content=\"de_DE\" \/>\n<meta property=\"og:type\" content=\"article\" \/>\n<meta property=\"og:title\" content=\"MSR PC Software PRO | DE MSR Datenlogger\" \/>\n<meta property=\"og:description\" content=\"[vc_row][vc_column][vc_column_text css=&#8220;.vc_custom_1778589511762{padding-bottom: 20px !important;}&#8220;] MSR PC Software Pro (Beta) Die neue Konfigurations- und Auswertesoftware f\u00fcr MSR Datenlogger Die MSR PC Software Pro ist die n\u00e4chste Generation unserer Software zur Konfiguration und Auswertung von MSR Datenloggern. Sie wurde von Grund auf &hellip;\" \/>\n<meta property=\"og:url\" content=\"https:\/\/www.msr.ch\/de\/support\/msr-pc-software-pro\/\" \/>\n<meta property=\"og:site_name\" content=\"DE MSR Datenlogger\" \/>\n<meta property=\"article:publisher\" content=\"https:\/\/www.facebook.com\/datenlogger.msr\/\" \/>\n<meta property=\"article:modified_time\" content=\"2026-05-13T09:14:25+00:00\" \/>\n<meta name=\"twitter:card\" content=\"summary_large_image\" \/>\n<meta name=\"twitter:label1\" content=\"Gesch\u00e4tzte Lesezeit\" \/>\n\t<meta name=\"twitter:data1\" content=\"6\u00a0Minuten\" \/>\n<script type=\"application\/ld+json\" class=\"yoast-schema-graph\">{\"@context\":\"https:\/\/schema.org\",\"@graph\":[{\"@type\":\"WebPage\",\"@id\":\"https:\/\/www.msr.ch\/de\/support\/msr-pc-software-pro\/\",\"url\":\"https:\/\/www.msr.ch\/de\/support\/msr-pc-software-pro\/\",\"name\":\"MSR PC Software PRO | DE MSR Datenlogger\",\"isPartOf\":{\"@id\":\"https:\/\/www.msr.ch\/de\/#website\"},\"primaryImageOfPage\":{\"@id\":\"https:\/\/www.msr.ch\/de\/support\/msr-pc-software-pro\/#primaryimage\"},\"image\":{\"@id\":\"https:\/\/www.msr.ch\/de\/support\/msr-pc-software-pro\/#primaryimage\"},\"thumbnailUrl\":\"https:\/\/www.msr.ch\/images\/01-Dataloggers-view.png\",\"datePublished\":\"2026-04-16T12:54:00+00:00\",\"dateModified\":\"2026-05-13T09:14:25+00:00\",\"breadcrumb\":{\"@id\":\"https:\/\/www.msr.ch\/de\/support\/msr-pc-software-pro\/#breadcrumb\"},\"inLanguage\":\"de\",\"potentialAction\":[{\"@type\":\"ReadAction\",\"target\":[\"https:\/\/www.msr.ch\/de\/support\/msr-pc-software-pro\/\"]}]},{\"@type\":\"ImageObject\",\"inLanguage\":\"de\",\"@id\":\"https:\/\/www.msr.ch\/de\/support\/msr-pc-software-pro\/#primaryimage\",\"url\":\"https:\/\/www.msr.ch\/images\/01-Dataloggers-view.png\",\"contentUrl\":\"https:\/\/www.msr.ch\/images\/01-Dataloggers-view.png\"},{\"@type\":\"BreadcrumbList\",\"@id\":\"https:\/\/www.msr.ch\/de\/support\/msr-pc-software-pro\/#breadcrumb\",\"itemListElement\":[{\"@type\":\"ListItem\",\"position\":1,\"name\":\"Home\",\"item\":\"https:\/\/www.msr.ch\/de\/\"},{\"@type\":\"ListItem\",\"position\":2,\"name\":\"Software &#038; Support\",\"item\":\"https:\/\/www.msr.ch\/de\/support\/\"},{\"@type\":\"ListItem\",\"position\":3,\"name\":\"MSR PC Software PRO\"}]},{\"@type\":\"WebSite\",\"@id\":\"https:\/\/www.msr.ch\/de\/#website\",\"url\":\"https:\/\/www.msr.ch\/de\/\",\"name\":\"MSR Datenlogger\",\"description\":\"MSR Electronics GmbH\",\"potentialAction\":[{\"@type\":\"SearchAction\",\"target\":{\"@type\":\"EntryPoint\",\"urlTemplate\":\"https:\/\/www.msr.ch\/de\/?s={search_term_string}\"},\"query-input\":\"required name=search_term_string\"}],\"inLanguage\":\"de\"}]}<\/script>\n<!-- \/ Yoast SEO plugin. -->","yoast_head_json":{"title":"MSR PC Software PRO | DE MSR Datenlogger","robots":{"index":"index","follow":"follow","max-snippet":"max-snippet:-1","max-image-preview":"max-image-preview:large","max-video-preview":"max-video-preview:-1"},"canonical":"https:\/\/www.msr.ch\/de\/support\/msr-pc-software-pro\/","og_locale":"de_DE","og_type":"article","og_title":"MSR PC Software PRO | DE MSR Datenlogger","og_description":"[vc_row][vc_column][vc_column_text css=&#8220;.vc_custom_1778589511762{padding-bottom: 20px !important;}&#8220;] MSR PC Software Pro (Beta) Die neue Konfigurations- und Auswertesoftware f\u00fcr MSR Datenlogger Die MSR PC Software Pro ist die n\u00e4chste Generation unserer Software zur Konfiguration und Auswertung von MSR Datenloggern. Sie wurde von Grund auf &hellip;","og_url":"https:\/\/www.msr.ch\/de\/support\/msr-pc-software-pro\/","og_site_name":"DE MSR Datenlogger","article_publisher":"https:\/\/www.facebook.com\/datenlogger.msr\/","article_modified_time":"2026-05-13T09:14:25+00:00","twitter_card":"summary_large_image","twitter_misc":{"Gesch\u00e4tzte Lesezeit":"6\u00a0Minuten"},"schema":{"@context":"https:\/\/schema.org","@graph":[{"@type":"WebPage","@id":"https:\/\/www.msr.ch\/de\/support\/msr-pc-software-pro\/","url":"https:\/\/www.msr.ch\/de\/support\/msr-pc-software-pro\/","name":"MSR PC Software PRO | DE MSR Datenlogger","isPartOf":{"@id":"https:\/\/www.msr.ch\/de\/#website"},"primaryImageOfPage":{"@id":"https:\/\/www.msr.ch\/de\/support\/msr-pc-software-pro\/#primaryimage"},"image":{"@id":"https:\/\/www.msr.ch\/de\/support\/msr-pc-software-pro\/#primaryimage"},"thumbnailUrl":"https:\/\/www.msr.ch\/images\/01-Dataloggers-view.png","datePublished":"2026-04-16T12:54:00+00:00","dateModified":"2026-05-13T09:14:25+00:00","breadcrumb":{"@id":"https:\/\/www.msr.ch\/de\/support\/msr-pc-software-pro\/#breadcrumb"},"inLanguage":"de","potentialAction":[{"@type":"ReadAction","target":["https:\/\/www.msr.ch\/de\/support\/msr-pc-software-pro\/"]}]},{"@type":"ImageObject","inLanguage":"de","@id":"https:\/\/www.msr.ch\/de\/support\/msr-pc-software-pro\/#primaryimage","url":"https:\/\/www.msr.ch\/images\/01-Dataloggers-view.png","contentUrl":"https:\/\/www.msr.ch\/images\/01-Dataloggers-view.png"},{"@type":"BreadcrumbList","@id":"https:\/\/www.msr.ch\/de\/support\/msr-pc-software-pro\/#breadcrumb","itemListElement":[{"@type":"ListItem","position":1,"name":"Home","item":"https:\/\/www.msr.ch\/de\/"},{"@type":"ListItem","position":2,"name":"Software &#038; Support","item":"https:\/\/www.msr.ch\/de\/support\/"},{"@type":"ListItem","position":3,"name":"MSR PC Software PRO"}]},{"@type":"WebSite","@id":"https:\/\/www.msr.ch\/de\/#website","url":"https:\/\/www.msr.ch\/de\/","name":"MSR Datenlogger","description":"MSR Electronics GmbH","potentialAction":[{"@type":"SearchAction","target":{"@type":"EntryPoint","urlTemplate":"https:\/\/www.msr.ch\/de\/?s={search_term_string}"},"query-input":"required name=search_term_string"}],"inLanguage":"de"}]}},"_links":{"self":[{"href":"https:\/\/www.msr.ch\/de\/wp-json\/wp\/v2\/pages\/14303"}],"collection":[{"href":"https:\/\/www.msr.ch\/de\/wp-json\/wp\/v2\/pages"}],"about":[{"href":"https:\/\/www.msr.ch\/de\/wp-json\/wp\/v2\/types\/page"}],"author":[{"embeddable":true,"href":"https:\/\/www.msr.ch\/de\/wp-json\/wp\/v2\/users\/1"}],"replies":[{"embeddable":true,"href":"https:\/\/www.msr.ch\/de\/wp-json\/wp\/v2\/comments?post=14303"}],"version-history":[{"count":49,"href":"https:\/\/www.msr.ch\/de\/wp-json\/wp\/v2\/pages\/14303\/revisions"}],"predecessor-version":[{"id":14383,"href":"https:\/\/www.msr.ch\/de\/wp-json\/wp\/v2\/pages\/14303\/revisions\/14383"}],"up":[{"embeddable":true,"href":"https:\/\/www.msr.ch\/de\/wp-json\/wp\/v2\/pages\/7576"}],"wp:featuredmedia":[{"embeddable":true,"href":"https:\/\/www.msr.ch\/de\/wp-json\/"}],"wp:attachment":[{"href":"https:\/\/www.msr.ch\/de\/wp-json\/wp\/v2\/media?parent=14303"}],"curies":[{"name":"wp","href":"https:\/\/api.w.org\/{rel}","templated":true}]}}