{"id":7536,"date":"2022-04-14T12:48:21","date_gmt":"2022-04-14T12:48:21","guid":{"rendered":"https:\/\/karabeg.xyz\/de\/?page_id=7536"},"modified":"2025-10-27T08:31:54","modified_gmt":"2025-10-27T08:31:54","slug":"funkdatenlogger-temperatur-feuchtigkeit-msr147wd","status":"publish","type":"page","link":"https:\/\/www.msr.ch\/de\/produkt\/funkdatenlogger-temperatur-feuchtigkeit-msr147wd\/","title":{"rendered":"MSR147WD: Funk-Datenlogger (Bluetooth) mit steckbaren Feuchte- und Temperatursensoren"},"content":{"rendered":"<div class=\"wpb-content-wrapper\"><p>[vc_row css=&#8220;.vc_custom_1453476409084{margin-bottom: 15px !important;}&#8220;][vc_column]<div class=\"gallery-fs\"><figure><img decoding=\"async\" src=\"https:\/\/www.msr.ch\/images\/Funk-Datenlogger-Temperatur-Feuchte-MSR147WD.jpg\" alt=\"Funk-Datenlogger mit steckbaren Sensoren f\u00fcr Temperatur und Feuchte\"><figcaption>Praktisch: Der Funk-Datenlogger verf\u00fcgt \u00fcber steckbare Feuchte- und Temperatursensoren. <\/figcaption><\/figure><div class=\"gallery-fs-nav\"><button class=\"gallery-fs-fullscreen\"><i class=\"fa fa-arrows-alt\"><\/i><\/button><\/div><div class=\"gallery-fs-thumbnails gallery-fs-thumbnails-col-5 owl-carousel\"><a href='https:\/\/www.msr.ch\/images\/Funk-Datenlogger-Temperatur-Feuchte-MSR147WD.jpg' data-caption='Praktisch: Der Funk-Datenlogger verf\u00fcgt \u00fcber steckbare Feuchte- und Temperatursensoren. ' title='Funk-Datenlogger-Temperatur-Feuchte' class=\"selected\"><img loading=\"lazy\" decoding=\"async\" width=\"280\" height=\"210\" src=\"https:\/\/www.msr.ch\/images\/Funk-Datenlogger-Temperatur-Feuchte-MSR147WD-280x210.jpg\" class=\"attachment-anps-gallery-thumb size-anps-gallery-thumb\" alt=\"Funk-Datenlogger mit steckbaren Sensoren f\u00fcr Temperatur und Feuchte\" \/><\/a><a href='https:\/\/www.msr.ch\/images\/funk-datenlogger-msr147wd-mit-datenlogger-app.jpg' data-caption='Funk-Datenlogger MSR147WD mit Bluetooth-Funktion und App' title='funk-datenlogger msr147wd mit datenlogger app'><img loading=\"lazy\" decoding=\"async\" width=\"280\" height=\"210\" src=\"https:\/\/www.msr.ch\/images\/funk-datenlogger-msr147wd-mit-datenlogger-app-280x210.jpg\" class=\"attachment-anps-gallery-thumb size-anps-gallery-thumb\" alt=\"Funk-Datenlogger MSR147WD mit Bluetooth-Funktion und App\" \/><\/a><a href='https:\/\/www.msr.ch\/images\/147wd-bluetooth-datenlogger-smartcloud.jpg' data-caption='Die MSR SmartCloud erm\u00f6glicht Ihnen, die gespeicherten Messwerte online einzusehen und zu verwalten sowie die Alarmfunktion zu nutzen.' title='147wd-bluetooth-datenlogger-smartcloud'><img loading=\"lazy\" decoding=\"async\" width=\"280\" height=\"210\" src=\"https:\/\/www.msr.ch\/images\/147wd-bluetooth-datenlogger-smartcloud-280x210.jpg\" class=\"attachment-anps-gallery-thumb size-anps-gallery-thumb\" alt=\"Die MSR SmartCloud erm\u00f6glicht Ihnen, die gespeicherten Messwerte online einzusehen und zu verwalten sowie die Alarmfunktion zu nutzen.\" \/><\/a><a href='https:\/\/www.msr.ch\/images\/Funk-Datenlogger-MSR147WD-Basistation.jpg' data-caption='Zus\u00e4tzlich erh\u00e4ltlich: MSR Basisstation. Die Empf\u00e4ngerbox erm\u00f6glicht die automatische Daten\u00fcbertragung von mehreren MSR147WD Datenloggern via BLE\/LAN in die MSR SmartCloud. ' title='Funk-Datenlogger-MSR147WD-Basistation'><img loading=\"lazy\" decoding=\"async\" width=\"280\" height=\"210\" src=\"https:\/\/www.msr.ch\/images\/Funk-Datenlogger-MSR147WD-Basistation-280x210.jpg\" class=\"attachment-anps-gallery-thumb size-anps-gallery-thumb\" alt=\"Funk-Datenlogger-MSR147WD-Basistation\" \/><\/a><a href='https:\/\/www.msr.ch\/images\/Temperatur-Feuchte-Funk-Datenlogger-MSR147WD.jpg' data-caption='Der Funk-Datenlogger besitzt ein Farbdisplay zur Anzeige von Messdaten und Grafiken.' title='Temperatur-Feuchte-Funk-Datenlogger'><img loading=\"lazy\" decoding=\"async\" width=\"280\" height=\"210\" src=\"https:\/\/www.msr.ch\/images\/Temperatur-Feuchte-Funk-Datenlogger-MSR147WD-280x210.jpg\" class=\"attachment-anps-gallery-thumb size-anps-gallery-thumb\" alt=\"Temperatur und Feuchte-Funk-Datenlogger\" \/><\/a><a href='https:\/\/www.msr.ch\/images\/MSR_DataLogger_App_1-3.jpg' data-caption='Messwerte lassen sich jederzeit mit der MSR DataLogger-App (iOs, Android) auf einem Smartphone oder Tablet abrufen.' title='MSR_DataLogger_App'><img loading=\"lazy\" decoding=\"async\" width=\"280\" height=\"210\" src=\"https:\/\/www.msr.ch\/images\/MSR_DataLogger_App_1-3-280x210.jpg\" class=\"attachment-anps-gallery-thumb size-anps-gallery-thumb\" alt=\"MSR DataLogger App\" \/><\/a><a href='https:\/\/www.msr.ch\/images\/MSR_DataLogger_App_2-3.jpg' data-caption='Messwerte lassen sich jederzeit mit der MSR DataLogger-App (iOs, Android) auf einem Smartphone oder Tablet abrufen.' title='MSR_DataLogger_App'><img loading=\"lazy\" decoding=\"async\" width=\"280\" height=\"210\" src=\"https:\/\/www.msr.ch\/images\/MSR_DataLogger_App_2-3-280x210.jpg\" class=\"attachment-anps-gallery-thumb size-anps-gallery-thumb\" alt=\"MSR Datalogger App\" \/><\/a><a href='https:\/\/www.msr.ch\/images\/MSR_DataLogger_App_3-3.jpg' data-caption='Messwerte lassen sich jederzeit mit der MSR DataLogger-App (iOs, Android) auf einem Smartphone oder Tablet abrufen.' title='MSR_DataLogger_App'><img loading=\"lazy\" decoding=\"async\" width=\"280\" height=\"210\" src=\"https:\/\/www.msr.ch\/images\/MSR_DataLogger_App_3-3-280x210.jpg\" class=\"attachment-anps-gallery-thumb size-anps-gallery-thumb\" alt=\"MSR Datalogger App\" \/><\/a><\/div><\/div>[\/vc_column][\/vc_row][vc_row][vc_column][vc_column_text]<\/p>\n<h1>MSR147WD: Funk-Datenlogger (Bluetooth) mit App und steckbaren Feuchte- und Temperatursensoren<\/h1>\n<h2><span style=\"color: #333333;\">5 Anschl\u00fcsse f\u00fcr steckbare Feuchte-\/Temperatursensoren \u00b7 Bluetooth Low Energy \u00b7 Speicher f\u00fcr \u00fcber 1 Mio. Messwerte \u00b7 MSR SmartCloud<\/span><\/h2>\n<p>Physiologische Parameter wie Hauttemperatur und \u2013feuchte pr\u00e4zise aufzeichnen und drahtlos \u00fcberwachen<strong> \u2013<\/strong> dies erm\u00f6glicht Ihnen der mit Bluetooth Low Energy (BLE) und einer Speicherkapazit\u00e4t von 1 Mio. Messwerten ausgestattete Funk-Datenlogger MSR147WD.<\/p>\n<h2>Vorkalibrierte Plug-in Sensoren f\u00fcr Temperatur und Feuchtigkeit<\/h2>\n<p>Die von der MSR Electronics GmbH mitgelieferten Sensoren f\u00fcr den MSR147WD sind einzeln ausbau- und einsetzbar. Mittels automatischer Konfigurationsfunktion erkennt der Datenlogger sofort, wenn ein Sensor eingesteckt wird. Die Kalibrationsdaten werden im entsprechenden Sensor hinterlegt.\u00a0Zus\u00e4tzlich zu den steckbaren Temperatur- und Feuchtigkeitssensoren k\u00f6nnen Sie Ihren MSR147WD mit einem internen Luftdruck- und\/oder Beschleunigungssensor ausstatten lassen.<\/p>\n<h2>Stromsparendes Bluetooth Low Energy, n\u00fctzliche MSR DataLogger-App<\/h2>\n<p>Der Einsatz der Nahbereich-Funktechnik Bluetooth Low Energy ist ideal, wenn Messdaten von schwer zug\u00e4nglichen Stellen \u00fcber l\u00e4ngere Zeit \u00fcberwacht werden m\u00fcssen. Messwerte lassen sich jederzeit mit der <a title=\"MSR DataLogger-App\" href=\"\/de\/support\/msr-datalogger-app-msr-datenlogger-app\/\">MSR DataLogger-App<\/a> auf einem Smartphone oder Tablet abrufen. Mittels optional erh\u00e4ltlicher Basisstation k\u00f6nnen Sie Daten von mehreren MSR147WD Datenloggern schnell via BLE\/LAN in die MSR SmartCloud senden. Die <a title=\"MSR SmartCloud: Messwerte online, \u00fcberall und zu jeder Zeit\" href=\"\/de\/support\/msr-smartcloud-cloud-fuer-messdaten\/\">MSR SmartCloud<\/a> erm\u00f6glicht Ihnen, die gespeicherten Messwerte online einzusehen und zu verwalten sowie die Alarmfunktion zu nutzen.[\/vc_column_text][\/vc_column][\/vc_row][vc_row css=&#8220;.vc_custom_1652429855509{margin: 2px !important;padding: 10px !important;background-color: #ededed !important;}&#8220;][vc_column width=&#8220;1\/2&#8243; css=&#8220;.vc_custom_1651841985708{padding-left: 10px !important;}&#8220;][vc_column_text]<\/p>\n<h3>Technische Daten Bluetooth Low Energy<\/h3>\n<ul>\n<li>Bluetooth Low Energy (Bluetooth 5 Smart) 2,4 GHz<\/li>\n<li>Funkreichweite: ca. 50 m<\/li>\n<li>Kommunikation mit mehreren MSR145WD-Datenloggern m\u00f6glich<\/li>\n<li>Alarmfunktion, \u00dcbermittlung an die <a title=\"MSR SmartCloud\" href=\"\/de\/support\/msr-smartcloud-cloud-fuer-messdaten\/\" rel=\"noopener\">MSR SmartCloud<\/a><\/li>\n<li>kostenlose <a title=\"MSR DataLogger-App f\u00fcr Mobilger\u00e4te\" href=\"\/de\/support\/msr-datalogger-app-msr-datenlogger-app\/\">MSR DataLogger-App<\/a> f\u00fcr Mobilger\u00e4te (ab Android 4.4+, iPhone 4S+, iPad 3+)<\/li>\n<li>Basisstation (BLE-Empf\u00e4ngerbox) als Gateway verf\u00fcgbar<\/li>\n<\/ul>\n<p>[\/vc_column_text][\/vc_column][vc_column width=&#8220;1\/2&#8243;][vc_single_image image=&#8220;2864&#8243; img_size=&#8220;medium&#8220; alignment=&#8220;center&#8220; onclick=&#8220;link_image&#8220;][\/vc_column][\/vc_row][vc_row][vc_column width=&#8220;1\/2&#8243;][msrwpbflexorder form_text=&#8220;SGllciUyME1TUjE0N1dEJTIwa29uZmlndXJpZXJlbg==&#8220;][\/vc_column][vc_column width=&#8220;1\/2&#8243;][msrwpbflexorder form_text=&#8220;Li4ub2RlciUyMGltJTIwV2Vic2hvcCUyMGthdWZlbg==&#8220; form_link=&#8220;https:\/\/datenlogger.shop\/msr147wd-bluetooth-datenlogger-temperatur-feuchte.html&#8220; direction=&#8220;right&#8220;][\/vc_column][\/vc_row][vc_row css=&#8220;.vc_custom_1453202352951{margin-bottom: 40px !important;}&#8220;][vc_column][vc_tta_tabs style=&#8220;anps-style-1&#8243; shape=&#8220;square&#8220; alignment=&#8220;center&#8220; active_section=&#8220;1&#8243;][vc_tta_section title=&#8220;Konfigurator&#8220; tab_id=&#8220;1453201107935-6d750df9-351b099e-e109a100-33caa059-917f&#8220;][msrwpbconf147wdv2 shop_product_id=&#8220;2259&#8243;][\/vc_tta_section][vc_tta_section title=&#8220;\u00dcbersicht&#8220; tab_id=&#8220;1453201107970-2f5892be-0eaa099e-e109a100-33caa059-917f&#8220;][vc_column_text css=&#8220;.vc_custom_1660559019004{margin-bottom: 0px !important;}&#8220;]<\/p>\n<div id=\"panel1c\" class=\"tabs-panel is-active\" role=\"tabpanel\" aria-hidden=\"false\" aria-labelledby=\"panel1c-label\">\n<h3>Produkteigenschaften Bluetooth-Datenlogger MSR147WD<\/h3>\n<h3><\/h3>\n<h4>Allgemeine Funktionen<\/h4>\n<ul>\n<li><strong>Funk-Datenlogger (Bluetooth Low Energy) mit 5 Anschl\u00fcssen (IP60) f\u00fcr steckbare, vorkalibrierte Feuchte- und\/oder Temperatursensoren<\/strong><strong>\u00a0<\/strong><\/li>\n<li>interner Luftdruck- und\/oder 3-Achsen-Beschleunigungssensor \u00b115 g optional verf\u00fcgbar<\/li>\n<li><strong>\u00fcber 1 Million Messwerte Speicherkapazit\u00e4t<\/strong> im internen Speicher<\/li>\n<li><strong>kostenlose <a title=\"MSR PC-Software f\u00fcr MSR Datenlogger\" href=\"\/de\/support\/msr-software\/pcsoftware\/\">MSR PC-Software: <\/a><\/strong>MSR Setup-, Reader-, Viewer und Onlinesoftware<\/li>\n<\/ul>\n<h4>Bluetooth-Funktionen<\/h4>\n<ul>\n<li>kostenlose <strong><a title=\"MSR DataLogger-App\" href=\"\/de\/support\/msr-datalogger-app-msr-datenlogger-app\/\">MSR DataLogger-App<\/a> <\/strong>f\u00fcr Mobilger\u00e4te (ab Android 4.4+, iPhone 4S+, iPad 3+)<\/li>\n<li><strong>Basisstation<\/strong> (BLE-Empf\u00e4ngerbox) als Gateway verf\u00fcgbar<\/li>\n<li>Datenspeicherung ist auch gew\u00e4hrleistet, wenn der Funk ausf\u00e4llt<\/li>\n<li><strong><a title=\"\" href=\"\/de\/support\/msr-smartcloud-cloud-fuer-messdaten\/\">MSR SmartCloud<\/a><\/strong>: Messdaten online abrufen, auswerten, exportieren; Alarmmeldung bei Grenzwert\u00fcberschreitung<\/li>\n<\/ul>\n<p>&nbsp;<\/p>\n<\/div>\n<p>[\/vc_column_text][\/vc_tta_section][vc_tta_section title=&#8220;Technische Daten&#8220; tab_id=&#8220;1453201279425-cd11cbc6-eb7e099e-e109a100-33caa059-917f&#8220;][vc_column_text css=&#8220;.vc_custom_1666084752718{margin-bottom: 0px !important;}&#8220;]<\/p>\n<h3>Technische Informationen zu den Sensoren, Geh\u00e4use und Akkus<\/h3>\n<p>S\u00e4mtliche Angaben finden Sie im <strong>Konfigurator.<\/strong><\/p>\n<p><strong>\u00a0<\/strong><\/p>\n<h3>Allgemeine technische Daten zum MSR147WD Funk-Datenlogger<\/h3>\n<table class=\"msr-spec-table\" border=\"0\" width=\"100%\" cellspacing=\"0\" cellpadding=\"4\">\n<tbody>\n<tr>\n<td class=\"data_td_border\"><b class=\"txt_dark_grey\">Speicherkapazit\u00e4t:<\/b><\/td>\n<td class=\"data_td_border\">\u00fcber 1&#8217;000&#8217;000 Messwerte<\/td>\n<\/tr>\n<tr>\n<td class=\"data_td_border\"><b class=\"txt_dark_grey\">Taster:<\/b><\/td>\n<td class=\"data_td_border\">Mit dem Taster k\u00f6nnen Sie das Display, das Funk-Modul und die Datenaufzeichnung ein- bzw. ausschalten.<\/td>\n<\/tr>\n<tr>\n<td class=\"data_td_border\" valign=\"top\"><b class=\"txt_dark_grey\">LED:<\/b><\/p>\n<p>&nbsp;<\/td>\n<td class=\"data_td_border\">Blau: Anzeige Datenaufzeichnung<br \/>\nRot:\u00a0 Alarmanzeige<br \/>\nGelb: Ladezustandsanzeige<\/td>\n<\/tr>\n<tr>\n<td class=\"data_td_border\" valign=\"top\"><b class=\"txt_dark_grey\">Spannungsversorgung:<\/b><\/td>\n<td class=\"data_td_border\">Lithium-Polymer-Akku, aufladbar \u00fcber USB-Anschluss<\/td>\n<\/tr>\n<tr>\n<td class=\"data_td_border\"><b class=\"txt_dark_grey\">OLED-Anzeige: <\/b><\/td>\n<td class=\"data_td_border\">Kontrastreiches, brillantes OLED (organische Leuchtdiode)-Farbdisplay zur Anzeige von Daten und Grafiken, Aufl\u00f6sung 96 x 64 Pixel.<\/td>\n<\/tr>\n<tr>\n<td class=\"data_td_border\"><b class=\"txt_dark_grey\">Interface:<\/b><\/td>\n<td class=\"data_td_border\">USB, Bluetooth Low Energy<\/td>\n<\/tr>\n<tr>\n<td class=\"data_td_border\"><b class=\"txt_dark_grey\">PC-Software:\u00a0<\/b><\/td>\n<td class=\"data_td_border\">MSR Setup-, Reader-, Viewer- und Onlinesoftware<\/p>\n<p>Anforderungen an den PC: ab Windows 7<\/td>\n<\/tr>\n<tr>\n<td colspan=\"2\"><b class=\"txt_dark_grey\">Betriebsbedingungen:<\/b><\/td>\n<\/tr>\n<tr>\n<td class=\"data_td_border\">Temperatur:<\/td>\n<td class=\"data_td_border\">-20\u2026+65 \u00b0C<\/td>\n<\/tr>\n<tr>\n<td colspan=\"2\"><b class=\"txt_dark_grey\">Optimale Lagerbedingungen:<\/b><\/td>\n<\/tr>\n<tr>\n<td class=\"data_td_border\">Temperatur:<br \/>\nFeuchte:<\/td>\n<td class=\"data_td_border\">+5 \u00b0C&#8230;+45 \u00b0C (ideale Lagerbedingungen f\u00fcr Batterie)<br \/>\n10\u202695 % relative Feuchte, nicht kondensierend<\/td>\n<\/tr>\n<tr>\n<td class=\"data_td_border\" valign=\"top\"><b class=\"txt_dark_grey\">Normen:<\/b><\/td>\n<td class=\"data_td_border\">Der MSR147WD entspricht der EU-Richtlinie RoHS\/WEEE.<\/td>\n<\/tr>\n<\/tbody>\n<\/table>\n<p>[\/vc_column_text][\/vc_tta_section][vc_tta_section title=&#8220;Downloads&#8220; tab_id=&#8220;1453201296916-23ac80f1-575e099e-e109a100-33caa059-917f&#8220;][vc_column_text css=&#8220;.vc_custom_1730740797384{margin-bottom: 0px !important;}&#8220;]<\/p>\n<h3>Software<\/h3>\n<p><strong>Unsere Software wird mit Microsoft Defender auf Viren gepr\u00fcft.<br \/>\n<\/strong><\/p>\n<ul>\n<li><a title=\"MSR pc software (standard)\" href=\"\/media\/downloads\/pcsoftware\/MSR_d2026-04-08_vs6-11-01.zip\">MSR pc software (standard)<\/a> (2026-04-08, v6.11.01, MD5: 3d6b7d1e14c4bf3a4400b2dfc5f72d7c)<\/li>\n<\/ul>\n<ul>\n<li><a title=\"MSR147WD firmware update\" href=\"\/media\/downloads\/firmware\/msr147wd_up_date_d2024-08-07_vm2-14.zip\">MSR147WD firmware update<\/a> (2024-08-07, v2.14, MD5: d1ddd2e72701580b670fd0423d99fe35)<br \/><a title=\"BLE (147WD) firmware update\" href=\"\/media\/downloads\/firmware\/msrBLE_147wd_up_date_d2020-01-07_vs2-05.zip\">BLE (147WD) firmware update<\/a> (2020-01-07, v2.05, MD5: 8caad9368dfc054dc64737b41547804f)<\/li>\n<\/ul>\n<h2><\/h2>\n<h3>Anleitung<\/h3>\n<ul>\n<li><a class=\"pdf-link-right\" title=\"Kurzanleitung MSR147WD Funk-Datenlogger mit Bluetooth Low Energy\" href=\"\/media\/pdf\/MSR147WD-Kurzanleitung-DE.pdf\" target=\"_blank\" rel=\"noopener\">Kurzanleitung MSR147WD<\/a> (2024-11-04)<\/li>\n<\/ul>\n<h2><\/h2>\n<h3>Datenblatt<\/h3>\n<ul>\n<li><a class=\"pdf-link-right\" title=\"Datenblatt Funk-Datenlogger MSR147WD\" href=\"\/media\/pdf\/Datenlogger_MSR147WD_Datenblatt.pdf\" target=\"_blank\" rel=\"noopener\">Datenblatt Datenlogger MSR147WD<\/a><\/li>\n<\/ul>\n<h2><\/h2>\n<h3>Zertifikate<\/h3>\n<ul>\n<li><a class=\"dl-link\" title=\"\" href=\"\/media\/pdf\/Zertifikate\/Certificates-230mAh-LiPoly.zip\">UN38.3 Zertifikat f\u00fcr Lithium Polymer 230 mAh<\/a><\/li>\n<\/ul>\n<p>&nbsp;<\/p>\n<p><a class=\" title=\" title=\"FAQ \u2013 H\u00e4ufig gestellte Fragen\" href=\"\/de\/support\/faq\/\">FAQ \u2013 H\u00e4ufig gestellte Fragen zu MSR Datenloggern<\/a>[\/vc_column_text][\/vc_tta_section][vc_tta_section title=&#8220;Anwendungen&#8220; tab_id=&#8220;1453201313304-fde89d59-3818099e-e109a100-33caa059-917f&#8220;][vc_column_text css=&#8220;.vc_custom_1660559344929{margin-bottom: 0px !important;}&#8220;]<\/p>\n<h2>MSR147WD: Funk-Datenlogger f\u00fcr bekleidungsphysiologische Messungen<\/h2>\n<p>Funktionsbekleidung wird im Labor und im Feld umfangreichen Tests ausgesetzt, bevor sie in den Handel kommt. Der MSR147WD-Wireless-Datenlogger mit seinen steckbaren Feuchte- und Temperatursensoren erleichtert das aufwendige Messen und \u00dcberwachen von physiologischen Parametern wie Hauttemperatur und \u2013feuchte.<\/p>\n<p>Anwendungsbeispiel aus der Praxis:<\/p>\n<ul>\n<li><a title=\"VAUDE: MSR147WD Datenlogger zur Messung des thermophysiologischen Komforts von Fahrrad-Rucks\u00e4cken\" href=\"\/de\/portfolio\/funk-datenlogger-feuchtemessungen-temperaturmessungen-rucksaecke\/\">VAUDE: MSR147WD Datenlogger zur Messung des thermophysiologischen Komforts von Fahrrad-Rucks\u00e4cken<\/a><\/li>\n<\/ul>\n<p>[\/vc_column_text][\/vc_tta_section][\/vc_tta_tabs][\/vc_column][\/vc_row][vc_row][vc_column][vc_empty_space][\/vc_column][\/vc_row]<\/p>\n<\/div>","protected":false},"excerpt":{"rendered":"<p>[vc_row css=&#8220;.vc_custom_1453476409084{margin-bottom: 15px !important;}&#8220;][vc_column][\/vc_column][\/vc_row][vc_row][vc_column][vc_column_text] MSR147WD: Funk-Datenlogger (Bluetooth) mit App und steckbaren Feuchte- und Temperatursensoren 5 Anschl\u00fcsse f\u00fcr steckbare Feuchte-\/Temperatursensoren \u00b7 Bluetooth Low Energy \u00b7 Speicher f\u00fcr \u00fcber 1 Mio. Messwerte \u00b7 MSR SmartCloud Physiologische Parameter wie Hauttemperatur und \u2013feuchte pr\u00e4zise &hellip;<\/p>\n","protected":false},"author":1,"featured_media":2875,"parent":25,"menu_order":0,"comment_status":"closed","ping_status":"closed","template":"","meta":{"footnotes":""},"yoast_head":"<!-- This site is optimized with the Yoast SEO plugin v22.9 - https:\/\/yoast.com\/wordpress\/plugins\/seo\/ -->\n<title>Funk-Datenlogger (Bluetooth) Temperatur und Feuchtigkeit: MSR147WD<\/title>\n<meta name=\"description\" content=\"Funk-Datenlogger (Bluetooth) MSR147WD mit App, steckbare Feuchte-\/Temperatursensoren, ideal f\u00fcr bekleidungsphysiologische Messungen...\" \/>\n<meta name=\"robots\" content=\"index, follow, max-snippet:-1, max-image-preview:large, max-video-preview:-1\" \/>\n<link rel=\"canonical\" href=\"https:\/\/www.msr.ch\/de\/produkt\/funkdatenlogger-temperatur-feuchtigkeit-msr147wd\/\" \/>\n<meta property=\"og:locale\" content=\"de_DE\" \/>\n<meta property=\"og:type\" content=\"article\" \/>\n<meta property=\"og:title\" content=\"Funk-Datenlogger (Bluetooth) Temperatur und Feuchtigkeit: MSR147WD\" \/>\n<meta property=\"og:description\" content=\"Funk-Datenlogger (Bluetooth) MSR147WD mit App, steckbare Feuchte-\/Temperatursensoren, ideal f\u00fcr bekleidungsphysiologische Messungen...\" \/>\n<meta property=\"og:url\" content=\"https:\/\/www.msr.ch\/de\/produkt\/funkdatenlogger-temperatur-feuchtigkeit-msr147wd\/\" \/>\n<meta property=\"og:site_name\" content=\"DE MSR Datenlogger\" \/>\n<meta property=\"article:publisher\" content=\"https:\/\/www.facebook.com\/datenlogger.msr\/\" \/>\n<meta property=\"article:modified_time\" content=\"2025-10-27T08:31:54+00:00\" \/>\n<meta name=\"twitter:card\" content=\"summary_large_image\" \/>\n<meta name=\"twitter:label1\" content=\"Gesch\u00e4tzte Lesezeit\" \/>\n\t<meta name=\"twitter:data1\" content=\"4\u00a0Minuten\" \/>\n<script type=\"application\/ld+json\" class=\"yoast-schema-graph\">{\"@context\":\"https:\/\/schema.org\",\"@graph\":[{\"@type\":\"WebPage\",\"@id\":\"https:\/\/www.msr.ch\/de\/produkt\/funkdatenlogger-temperatur-feuchtigkeit-msr147wd\/\",\"url\":\"https:\/\/www.msr.ch\/de\/produkt\/funkdatenlogger-temperatur-feuchtigkeit-msr147wd\/\",\"name\":\"Funk-Datenlogger (Bluetooth) Temperatur und Feuchtigkeit: MSR147WD\",\"isPartOf\":{\"@id\":\"https:\/\/www.msr.ch\/de\/#website\"},\"primaryImageOfPage\":{\"@id\":\"https:\/\/www.msr.ch\/de\/produkt\/funkdatenlogger-temperatur-feuchtigkeit-msr147wd\/#primaryimage\"},\"image\":{\"@id\":\"https:\/\/www.msr.ch\/de\/produkt\/funkdatenlogger-temperatur-feuchtigkeit-msr147wd\/#primaryimage\"},\"thumbnailUrl\":\"https:\/\/www.msr.ch\/images\/Temperatur-Feuchtigkeit-Funk-Datenlogger-MSR147WD-2.jpg\",\"datePublished\":\"2022-04-14T12:48:21+00:00\",\"dateModified\":\"2025-10-27T08:31:54+00:00\",\"description\":\"Funk-Datenlogger (Bluetooth) MSR147WD mit App, steckbare Feuchte-\/Temperatursensoren, ideal f\u00fcr bekleidungsphysiologische Messungen...\",\"breadcrumb\":{\"@id\":\"https:\/\/www.msr.ch\/de\/produkt\/funkdatenlogger-temperatur-feuchtigkeit-msr147wd\/#breadcrumb\"},\"inLanguage\":\"de\",\"potentialAction\":[{\"@type\":\"ReadAction\",\"target\":[\"https:\/\/www.msr.ch\/de\/produkt\/funkdatenlogger-temperatur-feuchtigkeit-msr147wd\/\"]}]},{\"@type\":\"ImageObject\",\"inLanguage\":\"de\",\"@id\":\"https:\/\/www.msr.ch\/de\/produkt\/funkdatenlogger-temperatur-feuchtigkeit-msr147wd\/#primaryimage\",\"url\":\"https:\/\/www.msr.ch\/images\/Temperatur-Feuchtigkeit-Funk-Datenlogger-MSR147WD-2.jpg\",\"contentUrl\":\"https:\/\/www.msr.ch\/images\/Temperatur-Feuchtigkeit-Funk-Datenlogger-MSR147WD-2.jpg\"},{\"@type\":\"BreadcrumbList\",\"@id\":\"https:\/\/www.msr.ch\/de\/produkt\/funkdatenlogger-temperatur-feuchtigkeit-msr147wd\/#breadcrumb\",\"itemListElement\":[{\"@type\":\"ListItem\",\"position\":1,\"name\":\"Home\",\"item\":\"https:\/\/www.msr.ch\/de\/\"},{\"@type\":\"ListItem\",\"position\":2,\"name\":\"Produkt\",\"item\":\"https:\/\/www.msr.ch\/de\/produkt\/\"},{\"@type\":\"ListItem\",\"position\":3,\"name\":\"MSR147WD: Funk-Datenlogger (Bluetooth) mit steckbaren Feuchte- und Temperatursensoren\"}]},{\"@type\":\"WebSite\",\"@id\":\"https:\/\/www.msr.ch\/de\/#website\",\"url\":\"https:\/\/www.msr.ch\/de\/\",\"name\":\"MSR Datenlogger\",\"description\":\"MSR Electronics GmbH\",\"potentialAction\":[{\"@type\":\"SearchAction\",\"target\":{\"@type\":\"EntryPoint\",\"urlTemplate\":\"https:\/\/www.msr.ch\/de\/?s={search_term_string}\"},\"query-input\":\"required name=search_term_string\"}],\"inLanguage\":\"de\"}]}<\/script>\n<!-- \/ Yoast SEO plugin. -->","yoast_head_json":{"title":"Funk-Datenlogger (Bluetooth) Temperatur und Feuchtigkeit: MSR147WD","description":"Funk-Datenlogger (Bluetooth) MSR147WD mit App, steckbare Feuchte-\/Temperatursensoren, ideal f\u00fcr bekleidungsphysiologische Messungen...","robots":{"index":"index","follow":"follow","max-snippet":"max-snippet:-1","max-image-preview":"max-image-preview:large","max-video-preview":"max-video-preview:-1"},"canonical":"https:\/\/www.msr.ch\/de\/produkt\/funkdatenlogger-temperatur-feuchtigkeit-msr147wd\/","og_locale":"de_DE","og_type":"article","og_title":"Funk-Datenlogger (Bluetooth) Temperatur und Feuchtigkeit: MSR147WD","og_description":"Funk-Datenlogger (Bluetooth) MSR147WD mit App, steckbare Feuchte-\/Temperatursensoren, ideal f\u00fcr bekleidungsphysiologische Messungen...","og_url":"https:\/\/www.msr.ch\/de\/produkt\/funkdatenlogger-temperatur-feuchtigkeit-msr147wd\/","og_site_name":"DE MSR Datenlogger","article_publisher":"https:\/\/www.facebook.com\/datenlogger.msr\/","article_modified_time":"2025-10-27T08:31:54+00:00","twitter_card":"summary_large_image","twitter_misc":{"Gesch\u00e4tzte Lesezeit":"4\u00a0Minuten"},"schema":{"@context":"https:\/\/schema.org","@graph":[{"@type":"WebPage","@id":"https:\/\/www.msr.ch\/de\/produkt\/funkdatenlogger-temperatur-feuchtigkeit-msr147wd\/","url":"https:\/\/www.msr.ch\/de\/produkt\/funkdatenlogger-temperatur-feuchtigkeit-msr147wd\/","name":"Funk-Datenlogger (Bluetooth) Temperatur und Feuchtigkeit: MSR147WD","isPartOf":{"@id":"https:\/\/www.msr.ch\/de\/#website"},"primaryImageOfPage":{"@id":"https:\/\/www.msr.ch\/de\/produkt\/funkdatenlogger-temperatur-feuchtigkeit-msr147wd\/#primaryimage"},"image":{"@id":"https:\/\/www.msr.ch\/de\/produkt\/funkdatenlogger-temperatur-feuchtigkeit-msr147wd\/#primaryimage"},"thumbnailUrl":"https:\/\/www.msr.ch\/images\/Temperatur-Feuchtigkeit-Funk-Datenlogger-MSR147WD-2.jpg","datePublished":"2022-04-14T12:48:21+00:00","dateModified":"2025-10-27T08:31:54+00:00","description":"Funk-Datenlogger (Bluetooth) MSR147WD mit App, steckbare Feuchte-\/Temperatursensoren, ideal f\u00fcr bekleidungsphysiologische Messungen...","breadcrumb":{"@id":"https:\/\/www.msr.ch\/de\/produkt\/funkdatenlogger-temperatur-feuchtigkeit-msr147wd\/#breadcrumb"},"inLanguage":"de","potentialAction":[{"@type":"ReadAction","target":["https:\/\/www.msr.ch\/de\/produkt\/funkdatenlogger-temperatur-feuchtigkeit-msr147wd\/"]}]},{"@type":"ImageObject","inLanguage":"de","@id":"https:\/\/www.msr.ch\/de\/produkt\/funkdatenlogger-temperatur-feuchtigkeit-msr147wd\/#primaryimage","url":"https:\/\/www.msr.ch\/images\/Temperatur-Feuchtigkeit-Funk-Datenlogger-MSR147WD-2.jpg","contentUrl":"https:\/\/www.msr.ch\/images\/Temperatur-Feuchtigkeit-Funk-Datenlogger-MSR147WD-2.jpg"},{"@type":"BreadcrumbList","@id":"https:\/\/www.msr.ch\/de\/produkt\/funkdatenlogger-temperatur-feuchtigkeit-msr147wd\/#breadcrumb","itemListElement":[{"@type":"ListItem","position":1,"name":"Home","item":"https:\/\/www.msr.ch\/de\/"},{"@type":"ListItem","position":2,"name":"Produkt","item":"https:\/\/www.msr.ch\/de\/produkt\/"},{"@type":"ListItem","position":3,"name":"MSR147WD: Funk-Datenlogger (Bluetooth) mit steckbaren Feuchte- und Temperatursensoren"}]},{"@type":"WebSite","@id":"https:\/\/www.msr.ch\/de\/#website","url":"https:\/\/www.msr.ch\/de\/","name":"MSR Datenlogger","description":"MSR Electronics GmbH","potentialAction":[{"@type":"SearchAction","target":{"@type":"EntryPoint","urlTemplate":"https:\/\/www.msr.ch\/de\/?s={search_term_string}"},"query-input":"required name=search_term_string"}],"inLanguage":"de"}]}},"_links":{"self":[{"href":"https:\/\/www.msr.ch\/de\/wp-json\/wp\/v2\/pages\/7536"}],"collection":[{"href":"https:\/\/www.msr.ch\/de\/wp-json\/wp\/v2\/pages"}],"about":[{"href":"https:\/\/www.msr.ch\/de\/wp-json\/wp\/v2\/types\/page"}],"author":[{"embeddable":true,"href":"https:\/\/www.msr.ch\/de\/wp-json\/wp\/v2\/users\/1"}],"replies":[{"embeddable":true,"href":"https:\/\/www.msr.ch\/de\/wp-json\/wp\/v2\/comments?post=7536"}],"version-history":[{"count":32,"href":"https:\/\/www.msr.ch\/de\/wp-json\/wp\/v2\/pages\/7536\/revisions"}],"predecessor-version":[{"id":13858,"href":"https:\/\/www.msr.ch\/de\/wp-json\/wp\/v2\/pages\/7536\/revisions\/13858"}],"up":[{"embeddable":true,"href":"https:\/\/www.msr.ch\/de\/wp-json\/wp\/v2\/pages\/25"}],"wp:featuredmedia":[{"embeddable":true,"href":"https:\/\/www.msr.ch\/de\/wp-json\/"}],"wp:attachment":[{"href":"https:\/\/www.msr.ch\/de\/wp-json\/wp\/v2\/media?parent=7536"}],"curies":[{"name":"wp","href":"https:\/\/api.w.org\/{rel}","templated":true}]}}