{"id":7538,"date":"2022-04-14T12:49:08","date_gmt":"2022-04-14T12:49:08","guid":{"rendered":"https:\/\/karabeg.xyz\/de\/?page_id=7538"},"modified":"2025-10-27T08:33:28","modified_gmt":"2025-10-27T08:33:28","slug":"wlan-datenlogger-temperatur-feuchte-msr147w2d","status":"publish","type":"page","link":"https:\/\/www.msr.ch\/de\/produkt\/wlan-datenlogger-temperatur-feuchte-msr147w2d\/","title":{"rendered":"MSR147W2D: Funk-Datenlogger (WLAN) mit steckbaren Feuchte- und Temperatursensoren"},"content":{"rendered":"<div class=\"wpb-content-wrapper\"><p>[vc_row css=&#8220;.vc_custom_1453476409084{margin-bottom: 15px !important;}&#8220;][vc_column]<div class=\"gallery-fs\"><figure><img decoding=\"async\" src=\"https:\/\/www.msr.ch\/images\/WLAN-Datenlogger-MSR145W2D-3.jpg\" alt=\"WLAN-Datenlogger: Im Handumdrehen einsatzbereit!\"><figcaption>WLAN-Datenlogger: Im Handumdrehen einsatzbereit!<\/figcaption><\/figure><div class=\"gallery-fs-nav\"><button class=\"gallery-fs-fullscreen\"><i class=\"fa fa-arrows-alt\"><\/i><\/button><\/div><div class=\"gallery-fs-thumbnails gallery-fs-thumbnails-col-5 owl-carousel\"><a href='https:\/\/www.msr.ch\/images\/WLAN-Datenlogger-MSR145W2D-3.jpg' data-caption='WLAN-Datenlogger: Im Handumdrehen einsatzbereit!' title='WLAN-Datenlogger: Im Handumdrehen einsatzbereit' class=\"selected\"><img loading=\"lazy\" decoding=\"async\" width=\"280\" height=\"210\" src=\"https:\/\/www.msr.ch\/images\/WLAN-Datenlogger-MSR145W2D-3-280x210.jpg\" class=\"attachment-anps-gallery-thumb size-anps-gallery-thumb\" alt=\"WLAN-Datenlogger: Im Handumdrehen einsatzbereit!\" \/><\/a><a href='https:\/\/www.msr.ch\/images\/Funk-Datenlogger-Temperatur-Feuchte-MSR147WD.jpg' data-caption='Praktisch: Der Funk-Datenlogger verf\u00fcgt \u00fcber steckbare Feuchte- und Temperatursensoren. ' title='Funk-Datenlogger-Temperatur-Feuchte'><img loading=\"lazy\" decoding=\"async\" width=\"280\" height=\"210\" src=\"https:\/\/www.msr.ch\/images\/Funk-Datenlogger-Temperatur-Feuchte-MSR147WD-280x210.jpg\" class=\"attachment-anps-gallery-thumb size-anps-gallery-thumb\" alt=\"Funk-Datenlogger mit steckbaren Sensoren f\u00fcr Temperatur und Feuchte\" \/><\/a><a href='https:\/\/www.msr.ch\/images\/MSR-SmartCloud-MSR145W2D.jpg' data-caption='Messdaten k\u00f6nnen in der MSR LocalCloud oder in der MSR SmartCloud gespeichert und verwaltet werden.\n' title='MSR SmartCloud MSR145W2D'><img loading=\"lazy\" decoding=\"async\" width=\"280\" height=\"210\" src=\"https:\/\/www.msr.ch\/images\/MSR-SmartCloud-MSR145W2D-280x210.jpg\" class=\"attachment-anps-gallery-thumb size-anps-gallery-thumb\" alt=\"MSR SmartCloud MSR145W2D\" \/><\/a><a href='https:\/\/www.msr.ch\/images\/Temperatur-Feuchte-Funk-Datenlogger-MSR147WD.jpg' data-caption='Der Funk-Datenlogger besitzt ein Farbdisplay zur Anzeige von Messdaten und Grafiken.' title='Temperatur-Feuchte-Funk-Datenlogger'><img loading=\"lazy\" decoding=\"async\" width=\"280\" height=\"210\" src=\"https:\/\/www.msr.ch\/images\/Temperatur-Feuchte-Funk-Datenlogger-MSR147WD-280x210.jpg\" class=\"attachment-anps-gallery-thumb size-anps-gallery-thumb\" alt=\"Temperatur und Feuchte-Funk-Datenlogger\" \/><\/a><\/div><\/div>[\/vc_column][\/vc_row][vc_row][vc_column][vc_column_text]<\/p>\n<h1>MSR147W2D: Funk-Datenlogger (WLAN) mit steckbaren Feuchte- und Temperatursensoren<\/h1>\n<h2><span style=\"color: #333333;\">5 Anschl\u00fcsse f\u00fcr plug-in Feuchte-\/Temperatursensoren \u00b7 WLAN\/WiFi \u00b7 Speicher f\u00fcr \u00fcber 1 Mio. Messwerte \u00b7 MSR LocalCloud, MSR SmartCloud<\/span><\/h2>\n<p>Der Funk-Datenlogger MSR147W2D eignet sich mit seiner WLAN-Funktion sehr gut zur Fernabfrage von Temperatur und Feuchtigkeit. Dies kann beispielsweise beim Testen von Material- und Konstruktions-Eigenschaften von Funktionskleidung von grossem Nutzen sein. Die in verschiedenen Kabell\u00e4ngen erh\u00e4ltlichen Temperatur- und Feuchtesensoren k\u00f6nnen einfach am K\u00f6rper eines Probanden befestigt werden und die ermittelten physiologischen Parameter wie Hauttemperatur und \u2013feuchte lassen sich bequem online per WLAN abrufen.<\/p>\n<h2>Steckbare, vorkalibrierte Sensoren f\u00fcr Temperatur und Feuchtigkeit<\/h2>\n<p>Die von der MSR Electronics GmbH mitgelieferten Temperatur- und Feuchtesensoren f\u00fcr den MSR147W2D sind einzeln ausbau- und einsetzbar. Mittels automatischer Konfigurationsfunktion erkennt der Datenlogger sofort, wenn ein Sensor eingesteckt wird. Die Kalibrationsdaten werden im entsprechenden Sensor hinterlegt.\u00a0Zus\u00e4tzlich zu den steckbaren Temperatur- und Feuchtigkeitssensoren k\u00f6nnen Sie Ihren MSR147W2D mit einem internen Luftdruck- und\/oder Beschleunigungssensor ausstatten lassen.<\/p>\n<h2>Einbindung in WLAN-\/WiFi-Netzwerk<\/h2>\n<p>Keine Verdrahtungskosten, kein zeitaufwendiges manuelles Auslesen von Messwerten. Messdaten k\u00f6nnen selbst von schwer zug\u00e4nglichen Stellen gesendet werden. Einbindung entweder in ein bestehendes WLAN-Netzwerk oder \u2013 via Access Point, gegebenenfalls mit Mobilfunkzugang \u2013 in ein separates Funknetzwerk.<\/p>\n<h2>Messdaten in der MSR LocalCloud oder in der MSR SmartCloud speichern und verwalten<\/h2>\n<p>Sie haben beim MSR147W2D die M\u00f6glichkeit, die Daten mithilfe der <a title=\"MSRLocalCloud: Messdaten lokal auf dem eigenen Server speichern\" href=\"\/de\/support\/msr-localcloud\/\">MSR LocalCloud<\/a> entweder lokal auf Ihrem (firmen-)eigenen Server oder in der web-basierten Cloud-L\u00f6sung <a title=\"MSR SmartCloud: Messwerte online, \u00fcberall und zu jeder Zeit\" href=\"\/de\/support\/msr-smartcloud-cloud-fuer-messdaten\/\">MSR SmartCloud<\/a> zu speichern, verwalten und exportieren.[\/vc_column_text][\/vc_column][\/vc_row][vc_row][vc_column width=&#8220;1\/2&#8243;][msrwpbflexorder form_text=&#8220;SGllciUyME1TUjE0N1cyRCUyMGtvbmZpZ3VyaWVyZW4=&#8220; shop_text=&#8220;Li4ub2RlciUyMGltJTIwV2Vic2hvcG8lMjBrYXVmZW4lM0NzdHJvbmclM0VkYXRlbmxvZ2dlci5zaG9wJTNDJTJGc3Ryb25nJTNF&#8220;][\/vc_column][vc_column width=&#8220;1\/2&#8243;][msrwpbflexorder form_text=&#8220;Li4ub2RlciUyMGltJTIwV2Vic2hvcCUyMGthdWZlbg==&#8220; form_link=&#8220;https:\/\/datenlogger.shop\/msr147w2d-wlan-datenlogger-temperatur-feuchte.html&#8220; direction=&#8220;right&#8220; shop_text=&#8220;Li4ub2RlciUyMGltJTIwV2Vic2hvcG8lMjBrYXVmZW4lM0NzdHJvbmclM0VkYXRlbmxvZ2dlci5zaG9wJTNDJTJGc3Ryb25nJTNF&#8220;][\/vc_column][\/vc_row][vc_row css=&#8220;.vc_custom_1453202352951{margin-bottom: 40px !important;}&#8220;][vc_column][vc_tta_tabs style=&#8220;anps-style-1&#8243; shape=&#8220;square&#8220; alignment=&#8220;center&#8220; active_section=&#8220;1&#8243;][vc_tta_section title=&#8220;Konfigurator&#8220; tab_id=&#8220;1453201107935-6d750df9-351b099e-e109caaa-18114617-b9dc&#8220;][msrwpbconf147w2dv2 shop_product_id=&#8220;2292&#8243;][\/vc_tta_section][vc_tta_section title=&#8220;\u00dcbersicht&#8220; tab_id=&#8220;1453201107970-2f5892be-0eaa099e-e109caaa-18114617-b9dc&#8220;][vc_column_text css=&#8220;.vc_custom_1660566195789{margin-bottom: 0px !important;}&#8220;]<\/p>\n<div id=\"panel1c\" class=\"tabs-panel is-active\" role=\"tabpanel\" aria-hidden=\"false\" aria-labelledby=\"panel1c-label\">\n<h3>Produkteigenschaften WLAN-Datenlogger MSR147W2D<\/h3>\n<h3>Allgemeine Funktionen<\/h3>\n<ul>\n<li><strong>F<\/strong><strong>unk-Datenlogger (WLAN, WiFi) mit 5 Anschl\u00fcssen (IP60) f\u00fcr steckbare, vorkalibrierte Feuchte- und\/oder Temperatursensoren<\/strong><\/li>\n<li>interner Luftdruck- und\/oder 3-Achsen-Beschleunigungssensor \u00b115 g optional verf\u00fcgbar<\/li>\n<li><strong>\u00fcber 1 Million Messwerte Speicherkapazit\u00e4t<\/strong> im internen Speicher<\/li>\n<li>Lithium-Polymer-Akku 230 mAh, aufladbar \u00fcber USB-Anschluss<\/li>\n<li><strong>kostenlose <a title=\"MSR PC-Software f\u00fcr MSR Datenlogger\" href=\"\/de\/support\/msr-software\/pcsoftware\/\">MSR PC-Software: <\/a><\/strong>MSR Setup-, Reader-, Viewer und Onlinesoftware<\/li>\n<\/ul>\n<h3>WLAN-Funktionen<\/h3>\n<ul>\n<li>Einbindung in bestehendes WLAN-Netzwerk oder via Access Point, ggf. mit Mobilfunkzugang, in ein separates Funknetzwerk<\/li>\n<li>WLAN-Reichweite mit handels\u00fcblichem Repeater erweiterbar<\/li>\n<li>Datenspeicherung ist auch gew\u00e4hrleistet, wenn der Funk ausf\u00e4llt<\/li>\n<li><strong><a title=\"\" href=\"\/de\/support\/msr-smartcloud-cloud-fuer-messdaten\/\">MSR SmartCloud<\/a><\/strong>: Messdaten online abrufen, auswerten, exportieren; Alarmmeldung bei Grenzwert\u00fcberschreitung<\/li>\n<li>kostenlose <strong><a title=\"WLAN-Software zum MSR145W2D Datenlogger\" href=\"\/de\/support\/msr-software\/wlan-datenlogger-software\/\">MSR WLAN-Software<\/a><\/strong> zur grafischen Darstellung der mit dem Datenlogger via WLAN \u00fcbertragenen Messdaten<\/li>\n<\/ul>\n<p>&nbsp;<\/p>\n<\/div>\n<p>[\/vc_column_text][\/vc_tta_section][vc_tta_section title=&#8220;Technische Daten&#8220; tab_id=&#8220;1453201279425-cd11cbc6-eb7e099e-e109caaa-18114617-b9dc&#8220;][vc_column_text css=&#8220;.vc_custom_1666084817531{margin-bottom: 0px !important;}&#8220;]<\/p>\n<h3>Technische Informationen zu den Sensoren, Geh\u00e4use und Akkus<\/h3>\n<p>S\u00e4mtliche Angaben finden Sie im <strong>Konfigurator.<\/strong><\/p>\n<p><strong>\u00a0<\/strong><\/p>\n<h3>Allgemeine technische Daten zum MSR147W2D WLAN-Datenlogger<\/h3>\n<table class=\"msr-spec-table\" border=\"0\" width=\"100%\" cellspacing=\"0\" cellpadding=\"4\">\n<tbody>\n<tr>\n<td class=\"data_td_border\"><b class=\"txt_dark_grey\">Speicherkapazit\u00e4t:<\/b><\/td>\n<td class=\"data_td_border\">\u00fcber 1&#8217;000&#8217;000 Messwerte<\/td>\n<\/tr>\n<tr>\n<td class=\"data_td_border\"><b class=\"txt_dark_grey\">Taster:<\/b><\/td>\n<td class=\"data_td_border\">Mit dem Taster k\u00f6nnen Sie das Display, das Funk-Modul und die Datenaufzeichnung ein- bzw. ausschalten.<\/td>\n<\/tr>\n<tr>\n<td class=\"data_td_border\" valign=\"top\"><b class=\"txt_dark_grey\">LED:<\/b><\/p>\n<p>&nbsp;<\/td>\n<td class=\"data_td_border\">Blau: Anzeige Datenaufzeichnung<br \/>\nRot:\u00a0 Alarmanzeige<br \/>\nGelb: Ladezustandsanzeige<\/td>\n<\/tr>\n<tr>\n<td class=\"data_td_border\" valign=\"top\"><b class=\"txt_dark_grey\">Spannungsversorgung:<\/b><\/td>\n<td class=\"data_td_border\">Lithium-Polymer-Akku, aufladbar \u00fcber USB-Anschluss<\/td>\n<\/tr>\n<tr>\n<td class=\"data_td_border\"><b class=\"txt_dark_grey\">OLED-Anzeige: <\/b><\/td>\n<td class=\"data_td_border\">Kontrastreiches, brillantes OLED (organische Leuchtdiode)-Farbdisplay zur Anzeige von Daten und Grafiken, Aufl\u00f6sung 96 x 64 Pixel.<\/td>\n<\/tr>\n<tr>\n<td class=\"data_td_border\"><b class=\"txt_dark_grey\">Interface:<\/b><\/td>\n<td class=\"data_td_border\">USB, WLAN (WiFi)<\/td>\n<\/tr>\n<tr>\n<td class=\"data_td_border\"><b class=\"txt_dark_grey\">PC-Software:\u00a0<\/b><\/td>\n<td class=\"data_td_border\">MSR Setup-, Reader-, Viewer- und Onlinesoftware<\/p>\n<p>MSR WLAN LocalViewer<\/p>\n<p>Anforderungen an den PC: ab Windows 7<\/td>\n<\/tr>\n<tr>\n<td colspan=\"2\"><b class=\"txt_dark_grey\">Betriebsbedingungen:<\/b><\/td>\n<\/tr>\n<tr>\n<td class=\"data_td_border\">Temperatur:<\/td>\n<td class=\"data_td_border\">-20\u2026+65 \u00b0C<\/td>\n<\/tr>\n<tr>\n<td colspan=\"2\"><b class=\"txt_dark_grey\">Optimale Lagerbedingungen:<\/b><\/td>\n<\/tr>\n<tr>\n<td class=\"data_td_border\">Temperatur:<br \/>\nFeuchte:<\/td>\n<td class=\"data_td_border\">+5 \u00b0C&#8230;+45 \u00b0C (ideale Lagerbedingungen f\u00fcr Batterie)<br \/>\n10\u202695 % relative Feuchte, nicht kondensierend<\/td>\n<\/tr>\n<tr>\n<td class=\"data_td_border\" valign=\"top\"><b class=\"txt_dark_grey\">Normen:<\/b><\/td>\n<td class=\"data_td_border\">Der MSR147W2D entspricht der EU-Richtlinie RoHS\/WEEE.<\/td>\n<\/tr>\n<\/tbody>\n<\/table>\n<p>[\/vc_column_text][\/vc_tta_section][vc_tta_section title=&#8220;Downloads&#8220; tab_id=&#8220;1453201296916-23ac80f1-575e099e-e109caaa-18114617-b9dc&#8220;][vc_column_text css=&#8220;.vc_custom_1730823883573{margin-bottom: 0px !important;}&#8220;]<\/p>\n<h3>Software<\/h3>\n<p><strong>Unsere Software wird mit Microsoft Defender auf Viren gepr\u00fcft.<\/strong><\/p>\n<ul>\n<li><a title=\"MSR pc software (standard)\" href=\"\/media\/downloads\/pcsoftware\/MSR_d2026-04-08_vs6-11-01.zip\">MSR pc software (standard)<\/a> (2026-04-08, v6.11.01, MD5: 3d6b7d1e14c4bf3a4400b2dfc5f72d7c)<\/li>\n<li><a class=\" title=\" title=\"MSR WLAN-Software\" href=\"\/de\/support\/msr-software\/wlan-datenlogger-software\/\" rel=\"noopener\">MSR WLAN-Software<\/a><\/li>\n<\/ul>\n<p>&nbsp;<\/p>\n<ul>\n<li><a title=\"MSR147W2D firmware update\" href=\"\/media\/downloads\/firmware\/msr147w2d_up_date_d2024-08-07_vm2-14.zip\">MSR147W2D firmware update<\/a> (2024-08-07, v2.14, MD5: f6efd61a46df130cfbf0cfa0716a502a)<br \/><a title=\"WiFi (147W2D) firmware update\" href=\"\/media\/downloads\/firmware\/msrWiFi_147w2d_up_date_d2021-07-01_vs1-10.zip\">WiFi (147W2D) firmware update<\/a> (2021-07-01, v1.10, MD5: dcf807d0326bf1495db766902ff2230f)<\/li>\n<\/ul>\n<h2><\/h2>\n<h3>Anleitungen, Datenbl\u00e4tter<\/h3>\n<ul>\n<li><a class=\"pdf-link-right\" title=\"Kurzanleitung MSR147W2D Funk-Datenlogger mit WLAN und steckbaren Sensoren\" href=\"\/media\/pdf\/MSR147W2D-Kurzanleitung-DE.pdf\" target=\"_blank\" rel=\"noopener\">Kurzanleitung MSR147W2D<\/a> (2024-11-05)<\/li>\n<li><a class=\"pdf-link-right\" title=\"Erg\u00e4nzende Kurzanleitung MSR147W2D im WLAN-Netzwerk\" href=\"\/media\/pdf\/MSR147W2D-Ergaenzende-Anleitung-DE.pdf\" target=\"_blank\" rel=\"noopener\">Erg\u00e4nzende Kurzanleitung MSR147W2D im WLAN-Netzwerk <\/a> (2020-10-19)<\/li>\n<li><a class=\"pdf-link-right\" title=\"Datenblatt Funk-Datenlogger MSR147W2D\" href=\"\/media\/pdf\/WLAN-Datenlogger-MSR147W2D.pdf\" target=\"_blank\" rel=\"noopener\">Datenblatt Datenlogger MSR147W2D<\/a><\/li>\n<\/ul>\n<h2><\/h2>\n<h3>Zertifikat<\/h3>\n<ul>\n<li><a class=\"dl-link\" title=\"\" href=\"\/media\/pdf\/Zertifikate\/Certificates-230mAh-LiPoly.zip\">UN38.3 Zertifikat f\u00fcr Lithium Polymer 230 mAh<\/a><\/li>\n<\/ul>\n<p>&nbsp;<\/p>\n<p><a class=\" title=\" title=\"FAQ \u2013 H\u00e4ufig gestellte Fragen\" href=\"\/de\/support\/faq\/\">FAQ\u00a0\u2013 H\u00e4ufig gestellte Fragen zu MSR Datenloggern<\/a>[\/vc_column_text][\/vc_tta_section][vc_tta_section title=&#8220;Anwendungen&#8220; tab_id=&#8220;1453201313304-fde89d59-3818099e-e109caaa-18114617-b9dc&#8220;][vc_column_text css=&#8220;.vc_custom_1676556351463{margin-bottom: 0px !important;}&#8220;]<\/p>\n<h2>MSR147W2D: Funk-Datenlogger mit WLAN (WiFi), ideal f\u00fcr bekleidungsphysiologische Messungen<\/h2>\n<p>Funktionsbekleidung wird im Labor und im Feld umfangreichen Tests ausgesetzt, bevor sie in den Handel kommt. Der MSR147W2D-Wireless-Datenlogger mit seinen steckbaren Feuchte- und Temperatursensoren erleichtert das aufwendige Messen und \u00dcberwachen von physiologischen Parametern wie Hauttemperatur und \u2013feuchte.<\/p>\n<h4>Nutzen Sie unsere Kompetenz und Erfahrung<\/h4>\n<p>MSR Datenlogger sind weltweit tausendfach im Einsatz und bew\u00e4hren sich bei den unterschiedlichsten Eins\u00e4tzen. <a href=\"\/de\/anwendungen\/\">W\u00e4hlen Sie den gew\u00fcnschten Anwendungsbereich<\/a> und wir unterbreiten Ihnen eine Auswahl an Datenloggern und Kundenberichten.[\/vc_column_text][\/vc_tta_section][\/vc_tta_tabs][\/vc_column][\/vc_row][vc_row][vc_column][vc_empty_space][\/vc_column][\/vc_row]<\/p>\n<\/div>","protected":false},"excerpt":{"rendered":"<p>[vc_row css=&#8220;.vc_custom_1453476409084{margin-bottom: 15px !important;}&#8220;][vc_column][\/vc_column][\/vc_row][vc_row][vc_column][vc_column_text] MSR147W2D: Funk-Datenlogger (WLAN) mit steckbaren Feuchte- und Temperatursensoren 5 Anschl\u00fcsse f\u00fcr plug-in Feuchte-\/Temperatursensoren \u00b7 WLAN\/WiFi \u00b7 Speicher f\u00fcr \u00fcber 1 Mio. Messwerte \u00b7 MSR LocalCloud, MSR SmartCloud Der Funk-Datenlogger MSR147W2D eignet sich mit seiner WLAN-Funktion sehr &hellip;<\/p>\n","protected":false},"author":1,"featured_media":2875,"parent":25,"menu_order":0,"comment_status":"closed","ping_status":"closed","template":"","meta":{"footnotes":""},"yoast_head":"<!-- This site is optimized with the Yoast SEO plugin v22.9 - https:\/\/yoast.com\/wordpress\/plugins\/seo\/ -->\n<title>Datenlogger WLAN, steckbare Temperatur-, Feuchtesensoren: MSR147W2D<\/title>\n<meta name=\"description\" content=\"Funk Datenlogger WLAN MSR147W2D mit steckbaren Temperatur- und Feuchtesensoren \u00b7 WLAN\/WiFi-Funktion \u00b7 1 Mio. Messwerte Speicherkapazit\u00e4t...\" \/>\n<meta name=\"robots\" content=\"index, follow, max-snippet:-1, max-image-preview:large, max-video-preview:-1\" \/>\n<link rel=\"canonical\" href=\"https:\/\/www.msr.ch\/de\/produkt\/wlan-datenlogger-temperatur-feuchte-msr147w2d\/\" \/>\n<meta property=\"og:locale\" content=\"de_DE\" \/>\n<meta property=\"og:type\" content=\"article\" \/>\n<meta property=\"og:title\" content=\"Datenlogger WLAN, steckbare Temperatur-, Feuchtesensoren: MSR147W2D\" \/>\n<meta property=\"og:description\" content=\"Funk Datenlogger WLAN MSR147W2D mit steckbaren Temperatur- und Feuchtesensoren \u00b7 WLAN\/WiFi-Funktion \u00b7 1 Mio. Messwerte Speicherkapazit\u00e4t...\" \/>\n<meta property=\"og:url\" content=\"https:\/\/www.msr.ch\/de\/produkt\/wlan-datenlogger-temperatur-feuchte-msr147w2d\/\" \/>\n<meta property=\"og:site_name\" content=\"DE MSR Datenlogger\" \/>\n<meta property=\"article:publisher\" content=\"https:\/\/www.facebook.com\/datenlogger.msr\/\" \/>\n<meta property=\"article:modified_time\" content=\"2025-10-27T08:33:28+00:00\" \/>\n<meta name=\"twitter:card\" content=\"summary_large_image\" \/>\n<meta name=\"twitter:label1\" content=\"Gesch\u00e4tzte Lesezeit\" \/>\n\t<meta name=\"twitter:data1\" content=\"4\u00a0Minuten\" \/>\n<script type=\"application\/ld+json\" class=\"yoast-schema-graph\">{\"@context\":\"https:\/\/schema.org\",\"@graph\":[{\"@type\":\"WebPage\",\"@id\":\"https:\/\/www.msr.ch\/de\/produkt\/wlan-datenlogger-temperatur-feuchte-msr147w2d\/\",\"url\":\"https:\/\/www.msr.ch\/de\/produkt\/wlan-datenlogger-temperatur-feuchte-msr147w2d\/\",\"name\":\"Datenlogger WLAN, steckbare Temperatur-, Feuchtesensoren: MSR147W2D\",\"isPartOf\":{\"@id\":\"https:\/\/www.msr.ch\/de\/#website\"},\"primaryImageOfPage\":{\"@id\":\"https:\/\/www.msr.ch\/de\/produkt\/wlan-datenlogger-temperatur-feuchte-msr147w2d\/#primaryimage\"},\"image\":{\"@id\":\"https:\/\/www.msr.ch\/de\/produkt\/wlan-datenlogger-temperatur-feuchte-msr147w2d\/#primaryimage\"},\"thumbnailUrl\":\"https:\/\/www.msr.ch\/images\/Temperatur-Feuchtigkeit-Funk-Datenlogger-MSR147WD-2.jpg\",\"datePublished\":\"2022-04-14T12:49:08+00:00\",\"dateModified\":\"2025-10-27T08:33:28+00:00\",\"description\":\"Funk Datenlogger WLAN MSR147W2D mit steckbaren Temperatur- und Feuchtesensoren \u00b7 WLAN\/WiFi-Funktion \u00b7 1 Mio. Messwerte Speicherkapazit\u00e4t...\",\"breadcrumb\":{\"@id\":\"https:\/\/www.msr.ch\/de\/produkt\/wlan-datenlogger-temperatur-feuchte-msr147w2d\/#breadcrumb\"},\"inLanguage\":\"de\",\"potentialAction\":[{\"@type\":\"ReadAction\",\"target\":[\"https:\/\/www.msr.ch\/de\/produkt\/wlan-datenlogger-temperatur-feuchte-msr147w2d\/\"]}]},{\"@type\":\"ImageObject\",\"inLanguage\":\"de\",\"@id\":\"https:\/\/www.msr.ch\/de\/produkt\/wlan-datenlogger-temperatur-feuchte-msr147w2d\/#primaryimage\",\"url\":\"https:\/\/www.msr.ch\/images\/Temperatur-Feuchtigkeit-Funk-Datenlogger-MSR147WD-2.jpg\",\"contentUrl\":\"https:\/\/www.msr.ch\/images\/Temperatur-Feuchtigkeit-Funk-Datenlogger-MSR147WD-2.jpg\"},{\"@type\":\"BreadcrumbList\",\"@id\":\"https:\/\/www.msr.ch\/de\/produkt\/wlan-datenlogger-temperatur-feuchte-msr147w2d\/#breadcrumb\",\"itemListElement\":[{\"@type\":\"ListItem\",\"position\":1,\"name\":\"Home\",\"item\":\"https:\/\/www.msr.ch\/de\/\"},{\"@type\":\"ListItem\",\"position\":2,\"name\":\"Produkt\",\"item\":\"https:\/\/www.msr.ch\/de\/produkt\/\"},{\"@type\":\"ListItem\",\"position\":3,\"name\":\"MSR147W2D: Funk-Datenlogger (WLAN) mit steckbaren Feuchte- und Temperatursensoren\"}]},{\"@type\":\"WebSite\",\"@id\":\"https:\/\/www.msr.ch\/de\/#website\",\"url\":\"https:\/\/www.msr.ch\/de\/\",\"name\":\"MSR Datenlogger\",\"description\":\"MSR Electronics GmbH\",\"potentialAction\":[{\"@type\":\"SearchAction\",\"target\":{\"@type\":\"EntryPoint\",\"urlTemplate\":\"https:\/\/www.msr.ch\/de\/?s={search_term_string}\"},\"query-input\":\"required name=search_term_string\"}],\"inLanguage\":\"de\"}]}<\/script>\n<!-- \/ Yoast SEO plugin. -->","yoast_head_json":{"title":"Datenlogger WLAN, steckbare Temperatur-, Feuchtesensoren: MSR147W2D","description":"Funk Datenlogger WLAN MSR147W2D mit steckbaren Temperatur- und Feuchtesensoren \u00b7 WLAN\/WiFi-Funktion \u00b7 1 Mio. Messwerte Speicherkapazit\u00e4t...","robots":{"index":"index","follow":"follow","max-snippet":"max-snippet:-1","max-image-preview":"max-image-preview:large","max-video-preview":"max-video-preview:-1"},"canonical":"https:\/\/www.msr.ch\/de\/produkt\/wlan-datenlogger-temperatur-feuchte-msr147w2d\/","og_locale":"de_DE","og_type":"article","og_title":"Datenlogger WLAN, steckbare Temperatur-, Feuchtesensoren: MSR147W2D","og_description":"Funk Datenlogger WLAN MSR147W2D mit steckbaren Temperatur- und Feuchtesensoren \u00b7 WLAN\/WiFi-Funktion \u00b7 1 Mio. Messwerte Speicherkapazit\u00e4t...","og_url":"https:\/\/www.msr.ch\/de\/produkt\/wlan-datenlogger-temperatur-feuchte-msr147w2d\/","og_site_name":"DE MSR Datenlogger","article_publisher":"https:\/\/www.facebook.com\/datenlogger.msr\/","article_modified_time":"2025-10-27T08:33:28+00:00","twitter_card":"summary_large_image","twitter_misc":{"Gesch\u00e4tzte Lesezeit":"4\u00a0Minuten"},"schema":{"@context":"https:\/\/schema.org","@graph":[{"@type":"WebPage","@id":"https:\/\/www.msr.ch\/de\/produkt\/wlan-datenlogger-temperatur-feuchte-msr147w2d\/","url":"https:\/\/www.msr.ch\/de\/produkt\/wlan-datenlogger-temperatur-feuchte-msr147w2d\/","name":"Datenlogger WLAN, steckbare Temperatur-, Feuchtesensoren: MSR147W2D","isPartOf":{"@id":"https:\/\/www.msr.ch\/de\/#website"},"primaryImageOfPage":{"@id":"https:\/\/www.msr.ch\/de\/produkt\/wlan-datenlogger-temperatur-feuchte-msr147w2d\/#primaryimage"},"image":{"@id":"https:\/\/www.msr.ch\/de\/produkt\/wlan-datenlogger-temperatur-feuchte-msr147w2d\/#primaryimage"},"thumbnailUrl":"https:\/\/www.msr.ch\/images\/Temperatur-Feuchtigkeit-Funk-Datenlogger-MSR147WD-2.jpg","datePublished":"2022-04-14T12:49:08+00:00","dateModified":"2025-10-27T08:33:28+00:00","description":"Funk Datenlogger WLAN MSR147W2D mit steckbaren Temperatur- und Feuchtesensoren \u00b7 WLAN\/WiFi-Funktion \u00b7 1 Mio. Messwerte Speicherkapazit\u00e4t...","breadcrumb":{"@id":"https:\/\/www.msr.ch\/de\/produkt\/wlan-datenlogger-temperatur-feuchte-msr147w2d\/#breadcrumb"},"inLanguage":"de","potentialAction":[{"@type":"ReadAction","target":["https:\/\/www.msr.ch\/de\/produkt\/wlan-datenlogger-temperatur-feuchte-msr147w2d\/"]}]},{"@type":"ImageObject","inLanguage":"de","@id":"https:\/\/www.msr.ch\/de\/produkt\/wlan-datenlogger-temperatur-feuchte-msr147w2d\/#primaryimage","url":"https:\/\/www.msr.ch\/images\/Temperatur-Feuchtigkeit-Funk-Datenlogger-MSR147WD-2.jpg","contentUrl":"https:\/\/www.msr.ch\/images\/Temperatur-Feuchtigkeit-Funk-Datenlogger-MSR147WD-2.jpg"},{"@type":"BreadcrumbList","@id":"https:\/\/www.msr.ch\/de\/produkt\/wlan-datenlogger-temperatur-feuchte-msr147w2d\/#breadcrumb","itemListElement":[{"@type":"ListItem","position":1,"name":"Home","item":"https:\/\/www.msr.ch\/de\/"},{"@type":"ListItem","position":2,"name":"Produkt","item":"https:\/\/www.msr.ch\/de\/produkt\/"},{"@type":"ListItem","position":3,"name":"MSR147W2D: Funk-Datenlogger (WLAN) mit steckbaren Feuchte- und Temperatursensoren"}]},{"@type":"WebSite","@id":"https:\/\/www.msr.ch\/de\/#website","url":"https:\/\/www.msr.ch\/de\/","name":"MSR Datenlogger","description":"MSR Electronics GmbH","potentialAction":[{"@type":"SearchAction","target":{"@type":"EntryPoint","urlTemplate":"https:\/\/www.msr.ch\/de\/?s={search_term_string}"},"query-input":"required name=search_term_string"}],"inLanguage":"de"}]}},"_links":{"self":[{"href":"https:\/\/www.msr.ch\/de\/wp-json\/wp\/v2\/pages\/7538"}],"collection":[{"href":"https:\/\/www.msr.ch\/de\/wp-json\/wp\/v2\/pages"}],"about":[{"href":"https:\/\/www.msr.ch\/de\/wp-json\/wp\/v2\/types\/page"}],"author":[{"embeddable":true,"href":"https:\/\/www.msr.ch\/de\/wp-json\/wp\/v2\/users\/1"}],"replies":[{"embeddable":true,"href":"https:\/\/www.msr.ch\/de\/wp-json\/wp\/v2\/comments?post=7538"}],"version-history":[{"count":23,"href":"https:\/\/www.msr.ch\/de\/wp-json\/wp\/v2\/pages\/7538\/revisions"}],"predecessor-version":[{"id":13859,"href":"https:\/\/www.msr.ch\/de\/wp-json\/wp\/v2\/pages\/7538\/revisions\/13859"}],"up":[{"embeddable":true,"href":"https:\/\/www.msr.ch\/de\/wp-json\/wp\/v2\/pages\/25"}],"wp:featuredmedia":[{"embeddable":true,"href":"https:\/\/www.msr.ch\/de\/wp-json\/"}],"wp:attachment":[{"href":"https:\/\/www.msr.ch\/de\/wp-json\/wp\/v2\/media?parent=7538"}],"curies":[{"name":"wp","href":"https:\/\/api.w.org\/{rel}","templated":true}]}}