{"id":7540,"date":"2022-04-14T12:50:20","date_gmt":"2022-04-14T12:50:20","guid":{"rendered":"https:\/\/karabeg.xyz\/de\/?page_id=7540"},"modified":"2025-10-27T08:34:14","modified_gmt":"2025-10-27T08:34:14","slug":"datenlogger-analoge-eingaenge-msr160","status":"publish","type":"page","link":"https:\/\/www.msr.ch\/de\/produkt\/datenlogger-analoge-eingaenge-msr160\/","title":{"rendered":"Datenlogger MSR160: 4 Analogeing\u00e4nge, Messrate bis zu 1000\/s pro Kanal"},"content":{"rendered":"<div class=\"wpb-content-wrapper\"><p>[vc_row css=&#8220;.vc_custom_1453476409084{margin-bottom: 15px !important;}&#8220;][vc_column]<div class=\"gallery-fs\"><figure><img decoding=\"async\" src=\"https:\/\/www.msr.ch\/images\/Datenlogger-MSR160-1.jpg\" alt=\"Datenlogger MSR160 mit analogen Eing\u00e4ngen zum Anschliessen beliebiger Sensoren\"><figcaption>Der Datenlogger MSR160 ist erh\u00e4ltlich mit analogen Eing\u00e4ngen zum Anschliessen beliebiger Sensoren.<\/figcaption><\/figure><div class=\"gallery-fs-nav\"><button class=\"gallery-fs-fullscreen\"><i class=\"fa fa-arrows-alt\"><\/i><\/button><\/div><div class=\"gallery-fs-thumbnails gallery-fs-thumbnails-col-5 owl-carousel\"><a href='https:\/\/www.msr.ch\/images\/Datenlogger-MSR160-1.jpg' data-caption='Der Datenlogger MSR160 ist erh\u00e4ltlich mit analogen Eing\u00e4ngen zum Anschliessen beliebiger Sensoren.' title='Datenlogger MSR160 mit analogen Eing\u00e4ngen zum Anschliessen beliebiger Sensoren' class=\"selected\"><img loading=\"lazy\" decoding=\"async\" width=\"280\" height=\"210\" src=\"https:\/\/www.msr.ch\/images\/Datenlogger-MSR160-1-280x210.jpg\" class=\"attachment-anps-gallery-thumb size-anps-gallery-thumb\" alt=\"Datenlogger MSR160 mit analogen Eing\u00e4ngen zum Anschliessen beliebiger Sensoren\" \/><\/a><a href='https:\/\/www.msr.ch\/images\/Datenlogger-MSR160.jpg' data-caption='Vielseitig einsetzbar: Der MSR160 mit vier Analogeing\u00e4ngen und einer microSD-Karte.' title='Vielseitig einsetzbar: Der MSR160 mit vier Analogeing\u00e4ngen und einer microSD-Karte.'><img loading=\"lazy\" decoding=\"async\" width=\"280\" height=\"210\" src=\"https:\/\/www.msr.ch\/images\/Datenlogger-MSR160-280x210.jpg\" class=\"attachment-anps-gallery-thumb size-anps-gallery-thumb\" alt=\"Vielseitig einsetzbar: Der MSR160 mit vier Analogeing\u00e4ngen und einer microSD-Karte.\" \/><\/a><a href='https:\/\/www.msr.ch\/images\/MSR165-Schock-Vibration-Datenlogger-900-mAh-Akku.jpg' data-caption='Robuster Datenlogger mit aufladbarem 900 mAh Akku' title='Robuster Datenlogger mit aufladbarem 900 mAh Akku'><img loading=\"lazy\" decoding=\"async\" width=\"280\" height=\"210\" src=\"https:\/\/www.msr.ch\/images\/MSR165-Schock-Vibration-Datenlogger-900-mAh-Akku-280x210.jpg\" class=\"attachment-anps-gallery-thumb size-anps-gallery-thumb\" alt=\"Robuster Datenlogger mit aufladbarem 900 mAh Akku\" \/><\/a><a href='https:\/\/www.msr.ch\/images\/Vibrations-Datenlogger-MSR165-Daten-auslesen-2.jpg' data-caption='Das Auslesen der Daten oder das Laden des Akkus erfolgt durch Einklicken des Clips an die vier Goldkontakte auf der Oberseite des Geh\u00e4uses. Der Clip wird \u00fcber den USB-Steckplatz ausgelesen.' title='Datenlogger MSR Daten auslesen mit Clip'><img loading=\"lazy\" decoding=\"async\" width=\"280\" height=\"210\" src=\"https:\/\/www.msr.ch\/images\/Vibrations-Datenlogger-MSR165-Daten-auslesen-2-280x210.jpg\" class=\"attachment-anps-gallery-thumb size-anps-gallery-thumb\" alt=\"Datenlogger MSR Daten auslesen mit Clip\" \/><\/a><\/div><\/div>[\/vc_column][\/vc_row][vc_row][vc_column][vc_column_text]<\/p>\n<h1>MSR160: Datenlogger mit Analogeing\u00e4ngen, Messrate bis zu 1000\/s pro Kanal<\/h1>\n<h2><span style=\"color: #333333;\">4 analoge Eing\u00e4nge zum Anschliessen beliebiger Sensoren \u00b7 optional Temperatur-, Feuchte-, Luftdruck-, Lage- und Lichtsensoren<\/span><\/h2>\n<p>Mit dem flexibel einsetzbaren Mini-Datenlogger MSR160 lassen sich beliebige Spannungswerte mit hoher Messrate aufzeichnen und \u00fcber lange Zeit hinweg bis zum Auslesen via USB speichern.<\/p>\n<h2>Robuster Mini-Logger f\u00fcr viele Messgr\u00f6ssen<\/h2>\n<p>Die vier analogen Eing\u00e4nge des MSR160 k\u00f6nnen zum Anschliessen herk\u00f6mmlicher Sensoren mit analogen Ausg\u00e4ngen (z.B. CO<sub>2<\/sub>, Leitf\u00e4higkeit, PH etc.) verwendet werden. Zus\u00e4tzlich wird eine geschaltete Speisung zur Verf\u00fcgung gestellt. Anwendung findet der Datenlogger beispielsweise in der Automobilindustrie (Fahrzeugbau und \u2013entwicklung), bei Mess- und Pr\u00fcfaufgaben f\u00fcr Bahnen und Z\u00fcge, aber auch f\u00fcr Messungen an Windkraft- und anderen Energieanlagen.<\/p>\n<h2>\u00dcber eine Milliarde Messwerte Speicherkapazit\u00e4t<\/h2>\n<p>Die Speicherkapazit\u00e4t des MSR160 liegt standardm\u00e4ssig bei \u00fcber zwei Millionen Messwerten. Mittels wechselbarer microSD-Karte (\u22654 GB) k\u00f6nnen Sie die Speicherkapazit\u00e4t des Loggers auf \u00fcber 1 Milliarde Messwerte erh\u00f6hen. Die Messdaten lassen sich via USB-Schnittstelle oder microSD-Karte schnell auf einen Rechner \u00fcbertragen. Die bedienerfreundliche <a title=\"MSR PC-Software f\u00fcr MSR Datenlogger\" href=\"\/de\/support\/msr-software\/pcsoftware\/\">MSR PC-Software<\/a> zur Datenerfassung und \u2013 analyse erhalten Sie kostenlos zur Ihrem MSR160.[\/vc_column_text][\/vc_column][\/vc_row][vc_row][vc_column width=&#8220;1\/2&#8243;][msrwpbflexorder form_text=&#8220;SGllciUyME1TUjE2MCUyMGtvbmZpZ3VyaWVyZW4=&#8220;][\/vc_column][vc_column width=&#8220;1\/2&#8243;][msrwpbflexorder form_text=&#8220;Li4ub2RlciUyMGltJTIwV2Vic2hvcCUyMGthdWZlbg==&#8220; form_link=&#8220;https:\/\/datenlogger.shop\/msr160-datenlogger-analoge-messungen-strom-spannung.html&#8220; direction=&#8220;right&#8220;][\/vc_column][\/vc_row][vc_row css=&#8220;.vc_custom_1453202352951{margin-bottom: 40px !important;}&#8220;][vc_column][vc_tta_tabs style=&#8220;anps-style-1&#8243; shape=&#8220;square&#8220; alignment=&#8220;center&#8220; active_section=&#8220;1&#8243;][vc_tta_section title=&#8220;Konfigurator&#8220; tab_id=&#8220;1453201107935-6d750df9-351b099e-e109a100-33ca7035-f88d&#8220;][msrwpbconf160v2 shop_product_id=&#8220;2251&#8243;][\/vc_tta_section][vc_tta_section title=&#8220;\u00dcbersicht&#8220; tab_id=&#8220;1453201107970-2f5892be-0eaa099e-e109a100-33ca7035-f88d&#8220;][vc_column_text css=&#8220;.vc_custom_1660638244714{margin-bottom: 0px !important;}&#8220;]<\/p>\n<div id=\"panel1c\" class=\"tabs-panel is-active\" role=\"tabpanel\" aria-hidden=\"false\" aria-labelledby=\"panel1c-label\">\n<h3>Produkteigenschaften Datenlogger MSR160<\/h3>\n<p>&nbsp;<\/p>\n<\/div>\n<div id=\"panel1c\" class=\"tabs-panel is-active\" role=\"tabpanel\" aria-hidden=\"false\" aria-labelledby=\"panel1c-label\">\n<ul>\n<li><strong>Mini-Datenlogger mit vier analogen Eing\u00e4ngen zum Anschliessen herk\u00f6mmlicher Sensoren<\/strong> mit analogen Ausg\u00e4ngen, geschaltete Speisung<\/li>\n<li>frei w\u00e4hlbare Eingangskonfiguration (Details siehe Konfigurator)<\/li>\n<li><strong>Mess-\/Speicherrate pro Kanal: 1000\/s bis alle 12 h<\/strong><\/li>\n<li>zus\u00e4tzlich bis zu f\u00fcnf interne Sensoren (Temperatur, Luftdruck, rel. Feuchte, Lage, Licht) oder bis zu 2 externe Sensoren verf\u00fcgbar<\/li>\n<li><strong>Speicherkapazit\u00e4t \u00fcber 2 Mio. Messwerte, mit optionaler microSD-Karte \u00fcber 1 Mrd. Messwerte<\/strong><\/li>\n<li><strong>Aufzeichnungsdauer bis zu 6 Monate<\/strong><\/li>\n<li>LiPo-Akku 1000 mAh, aufladbar \u00fcber USB-Anschluss<\/li>\n<li>robustes eloxiertes Aluminium-Designgeh\u00e4use, vergossen, IP67 (mit microSD-Karte IP60)<\/li>\n<li><a title=\"MSR PC-Software\" href=\"\/de\/support\/msr-software\/pcsoftware\/\"><strong>kostenlose MSR PC-Software:<\/strong><\/a> MSR Setup-, Reader-, Viewer- und Online-Software<\/li>\n<\/ul>\n<p>&nbsp;<\/p>\n<\/div>\n<p>[\/vc_column_text][\/vc_tta_section][vc_tta_section title=&#8220;Technische Daten&#8220; tab_id=&#8220;1453201279425-cd11cbc6-eb7e099e-e109a100-33ca7035-f88d&#8220;][vc_column_text css=&#8220;.vc_custom_1666084860102{margin-bottom: 0px !important;}&#8220;]<\/p>\n<h3>Technische Informationen zu den Sensoren, Geh\u00e4use und Akkus<\/h3>\n<p>S\u00e4mtliche Angaben finden Sie im <strong>Konfigurator.<\/strong><\/p>\n<p><strong>\u00a0<\/strong><\/p>\n<h3>Allgemeine technische Daten zum MSR160 Datenlogger<\/h3>\n<table class=\"msr-spec-table\" border=\"0\" width=\"100%\" cellspacing=\"0\" cellpadding=\"4\">\n<tbody>\n<tr>\n<td class=\"data_td_border\"><b class=\"txt_dark_grey\">Speicherkapazit\u00e4t:<\/b><\/td>\n<td class=\"data_td_border\">\u00fcber 2&#8217;000&#8217;000 Messwerte, mit microSD-Karte \u00fcber 1 Milliarde Messwerte<\/td>\n<\/tr>\n<tr>\n<td class=\"data_td_border\"><b class=\"txt_dark_grey\">Taster:<\/b><\/td>\n<td class=\"data_td_border\">Mit dem Taster setzen Sie Markierungen oder starten und stoppen die Messung<\/td>\n<\/tr>\n<tr>\n<td class=\"data_td_border\" valign=\"top\"><b class=\"txt_dark_grey\">Spannungsversorgung:<\/b><\/td>\n<td class=\"data_td_border\">Lithium-Polymer-Akku 900 mAh , aufladbar \u00fcber USB-Anschluss, Aufzeichnungsdauer bis zu 6 Monate<\/td>\n<\/tr>\n<tr>\n<td class=\"data_td_border\"><b class=\"txt_dark_grey\">Interface:<\/b><\/td>\n<td class=\"data_td_border\">USB<\/td>\n<\/tr>\n<tr>\n<td class=\"data_td_border\"><b class=\"txt_dark_grey\">PC-Software:\u00a0<\/b><\/td>\n<td class=\"data_td_border\">MSR Setup-, Reader-, Viewer- und Onlinesoftware<\/p>\n<p>Anforderungen an den PC: ab Windows 7<\/td>\n<\/tr>\n<tr>\n<td colspan=\"2\"><b class=\"txt_dark_grey\">Betriebsbedingungen:<\/b><\/td>\n<\/tr>\n<tr>\n<td class=\"data_td_border\">Temperatur:<\/td>\n<td class=\"data_td_border\">-20\u2026+65 \u00b0C<\/td>\n<\/tr>\n<tr>\n<td colspan=\"2\"><b class=\"txt_dark_grey\">Optimale Lagerbedingungen:<\/b><\/td>\n<\/tr>\n<tr>\n<td class=\"data_td_border\">Temperatur:<br \/>\nFeuchte:<\/td>\n<td class=\"data_td_border\">+5 \u00b0C&#8230;+45 \u00b0C (ideale Lagerbedingungen f\u00fcr Batterie)<br \/>\n10\u202695 % relative Feuchte, nicht kondensierend<\/td>\n<\/tr>\n<tr>\n<td class=\"data_td_border\" valign=\"top\"><b class=\"txt_dark_grey\">Normen:<\/b><\/td>\n<td class=\"data_td_border\">Der MSR160 entspricht der EU-Richtlinie RoHS\/WEEE.<\/td>\n<\/tr>\n<\/tbody>\n<\/table>\n<p>[\/vc_column_text][\/vc_tta_section][vc_tta_section title=&#8220;Downloads&#8220; tab_id=&#8220;1453201296916-23ac80f1-575e099e-e109a100-33ca7035-f88d&#8220;][vc_column_text css=&#8220;.vc_custom_1730824433520{margin-bottom: 0px !important;}&#8220;]<\/p>\n<h3>Software<\/h3>\n<p><strong>Unsere Software wird mit Microsoft Defender auf Viren gepr\u00fcft.<\/strong><\/p>\n<ul>\n<li><a title=\"MSR pc software (standard)\" href=\"\/media\/downloads\/pcsoftware\/MSR_d2026-04-08_vs6-11-01.zip\">MSR pc software (standard)<\/a> (2026-04-08, v6.11.01, MD5: 3d6b7d1e14c4bf3a4400b2dfc5f72d7c)<\/li>\n<li><a title=\"MSR160 firmware update\" href=\"\/media\/downloads\/firmware\/msr160_up_date_d2025-04-24_vm2-46.zip\">MSR160 firmware update<\/a> (2025-04-24, v2.46, MD5: 59a5b954b2d4f5883478bcaf11fdbe9e)<\/li>\n<\/ul>\n<p>&nbsp;<\/p>\n<h3>Anleitungen<\/h3>\n<ul>\n<li><a class=\"pdf-link-right\" title=\"Kurzanleitung Datenlogger MSR160\" href=\"\/media\/pdf\/MSR160-Kurzanleitung-DE.pdf\" target=\"_blank\" rel=\"noopener\">Kurzanleitung Datenlogger MSR160 <\/a>(2024-11-05)<\/li>\n<li><a class=\"pdf-link-right\" title=\"Benutzerhandbuch f\u00fcr die SD-Karte\" href=\"https:\/\/www.msr.ch\/media\/pdf\/SDCARD-Benutzerhandbuch-DE.pdf\" rel=\"noopener\">Benutzerhandbuch f\u00fcr die SD-Karte<\/a><\/li>\n<\/ul>\n<h2><\/h2>\n<h3>Datenbl\u00e4tter<\/h3>\n<ul>\n<li><a class=\"pdf-link-right\" title=\"Datenblatt Datenlogger MSR160\" href=\"https:\/\/www.msr.ch\/media\/pdf\/Datenlogger_MSR160_Datenblatt.pdf\" rel=\"noopener\">Datenblatt Datenlogger MSR160<\/a><\/li>\n<li><a href=\"https:\/\/www.msr.ch\/media\/pdf\/massblaetter\/extern_ACC_FA-FA3-FA4-DE.pdf\">Massblatt externer Beschleunigungssensor<\/a><\/li>\n<li><a class=\"pdf-link-right\" title=\"Datenblatt analoge Eing\u00e4nge Typ 3 Typ 3\" href=\"https:\/\/www.msr.ch\/media\/pdf\/Exxxx_Analog_Input_Type3.pdf\" rel=\"noopener\">Datenblatt analoge Eing\u00e4nge Typ 3<\/a><\/li>\n<\/ul>\n<h2><\/h2>\n<h3>Zertifkat<\/h3>\n<ul>\n<li><a class=\"dl-link\" title=\"UN38.3 Zertifikat f\u00fcr Lithium Polymer 1000 mAh\" href=\"\/media\/pdf\/Zertifikate\/UN38.3_1000_mAh_LiPoly_Certificates.zip\">UN38.3 Zertifikat f\u00fcr Lithium Polymer 1000 mAh<\/a><\/li>\n<\/ul>\n<p>&nbsp;<\/p>\n<p><a title=\"FAQ: Ihre Fragen \u2013 unsere Antworten\" href=\"\/de\/support\/faq\/\" rel=\"noopener\">FAQ \u2013 H\u00e4ufig gestellte Fragen zu MSR Datenloggern<\/a>[\/vc_column_text][\/vc_tta_section][vc_tta_section title=&#8220;Anwendungen&#8220; tab_id=&#8220;1453201313304-fde89d59-3818099e-e109a100-33ca7035-f88d&#8220;][vc_column_text css=&#8220;.vc_custom_1669640155119{margin-bottom: 0px !important;}&#8220;]<\/p>\n<div id=\"1453201313304-fde89d59-381838b0-94cd\" class=\"tab-pane active\" role=\"tabpanel\">\n<div class=\"wpb_text_column wpb_content_element vc_custom_1660395286716\">\n<div class=\"wpb_wrapper\">\n<h3>Vielseitig in der Anwendung: Datenlogger MSR160 mit analogen Eing\u00e4ngen<\/h3>\n<p>Die Vielseitigkeit in der Anwendung ist beim MSR160 bereits dadurch gew\u00e4hrleistet, als dass sich an den integrierten analogen Eing\u00e4ngen praktisch beliebig Sensoren f\u00fcr verschiedenste Messaufgaben (z.B. CO<sub>2<\/sub>, Leitf\u00e4higkeit, PH etc.) anschliessen lassen.<\/p>\n<p>Einsatz findet der MSR160 beispielsweise in der Automobilindustrie (Fahrzeugbau und -entwicklung), bei Mess- und Pr\u00fcfaufgaben f\u00fcr Bahnen und Z\u00fcge, aber auch im Bereich der Umwelttechnik. Durch seine Robustheit und das kleine Format ist der Mini-Logger insbesondere f\u00fcr Ausseneins\u00e4tze ideal geeignet, zum Beispiel f\u00fcr Messungen an Windkraft- und anderen Energieanlagen. Werden die entsprechenden Sensoren angeschlossen, eignet sich der MSR160 ebenso gut f\u00fcr Anwendungen in der Lebensmittelindustrie, in der Labortechnik oder im Patientenmonitoring.<\/p>\n<p>Anwendungsbeispiel aus der Praxis:<\/p>\n<ul>\n<li><a title=\"Produktoptimierung mittels Datenanalyse\" href=\"\/de\/portfolio\/messdatenerfassung-beschleunigung-temperatur-strom-spannung-mit-datenlogger-fuer-medizintechnik\/\" rel=\"noopener\">Otto Bock Mobility Solutions: Messdatenerfassung mit MSR160 Datenlogger zwecks Produktoptimierung eines Golfsport-Elektrorollstuhls<\/a><\/li>\n<\/ul>\n<p>&nbsp;<\/p>\n<\/div>\n<\/div>\n<\/div>\n<p>[\/vc_column_text][\/vc_tta_section][\/vc_tta_tabs][\/vc_column][\/vc_row][vc_row][vc_column][vc_empty_space][\/vc_column][\/vc_row]<\/p>\n<\/div>","protected":false},"excerpt":{"rendered":"<p>[vc_row css=&#8220;.vc_custom_1453476409084{margin-bottom: 15px !important;}&#8220;][vc_column][\/vc_column][\/vc_row][vc_row][vc_column][vc_column_text] MSR160: Datenlogger mit Analogeing\u00e4ngen, Messrate bis zu 1000\/s pro Kanal 4 analoge Eing\u00e4nge zum Anschliessen beliebiger Sensoren \u00b7 optional Temperatur-, Feuchte-, Luftdruck-, Lage- und Lichtsensoren Mit dem flexibel einsetzbaren Mini-Datenlogger MSR160 lassen sich beliebige Spannungswerte mit &hellip;<\/p>\n","protected":false},"author":1,"featured_media":2521,"parent":25,"menu_order":0,"comment_status":"closed","ping_status":"closed","template":"","meta":{"footnotes":""},"yoast_head":"<!-- This site is optimized with the Yoast SEO plugin v22.9 - https:\/\/yoast.com\/wordpress\/plugins\/seo\/ -->\n<title>Analog-Datenlogger MSR160, Logger mit analogen Eing\u00e4ngen, sd-Karte<\/title>\n<meta name=\"description\" content=\"Analog-Datenlogger MSR160: Logger mit analogen Eing\u00e4ngen, frei w\u00e4hlbare Eingangskonfiguration, Speicherkapazit\u00e4t mit SD-Karte 1 Mrd Messwerte\" \/>\n<meta name=\"robots\" content=\"index, follow, max-snippet:-1, max-image-preview:large, max-video-preview:-1\" \/>\n<link rel=\"canonical\" href=\"https:\/\/www.msr.ch\/de\/produkt\/datenlogger-analoge-eingaenge-msr160\/\" \/>\n<meta property=\"og:locale\" content=\"de_DE\" \/>\n<meta property=\"og:type\" content=\"article\" \/>\n<meta property=\"og:title\" content=\"Analog-Datenlogger MSR160, Logger mit analogen Eing\u00e4ngen, sd-Karte\" \/>\n<meta property=\"og:description\" content=\"Analog-Datenlogger MSR160: Logger mit analogen Eing\u00e4ngen, frei w\u00e4hlbare Eingangskonfiguration, Speicherkapazit\u00e4t mit SD-Karte 1 Mrd Messwerte\" \/>\n<meta property=\"og:url\" content=\"https:\/\/www.msr.ch\/de\/produkt\/datenlogger-analoge-eingaenge-msr160\/\" \/>\n<meta property=\"og:site_name\" content=\"DE MSR Datenlogger\" \/>\n<meta property=\"article:publisher\" content=\"https:\/\/www.facebook.com\/datenlogger.msr\/\" \/>\n<meta property=\"article:modified_time\" content=\"2025-10-27T08:34:14+00:00\" \/>\n<meta name=\"twitter:card\" content=\"summary_large_image\" \/>\n<meta name=\"twitter:label1\" content=\"Gesch\u00e4tzte Lesezeit\" \/>\n\t<meta name=\"twitter:data1\" content=\"4\u00a0Minuten\" \/>\n<script type=\"application\/ld+json\" class=\"yoast-schema-graph\">{\"@context\":\"https:\/\/schema.org\",\"@graph\":[{\"@type\":\"WebPage\",\"@id\":\"https:\/\/www.msr.ch\/de\/produkt\/datenlogger-analoge-eingaenge-msr160\/\",\"url\":\"https:\/\/www.msr.ch\/de\/produkt\/datenlogger-analoge-eingaenge-msr160\/\",\"name\":\"Analog-Datenlogger MSR160, Logger mit analogen Eing\u00e4ngen, sd-Karte\",\"isPartOf\":{\"@id\":\"https:\/\/www.msr.ch\/de\/#website\"},\"primaryImageOfPage\":{\"@id\":\"https:\/\/www.msr.ch\/de\/produkt\/datenlogger-analoge-eingaenge-msr160\/#primaryimage\"},\"image\":{\"@id\":\"https:\/\/www.msr.ch\/de\/produkt\/datenlogger-analoge-eingaenge-msr160\/#primaryimage\"},\"thumbnailUrl\":\"https:\/\/www.msr.ch\/images\/Datenlogger-analoge-Eingange-MSR160.jpg\",\"datePublished\":\"2022-04-14T12:50:20+00:00\",\"dateModified\":\"2025-10-27T08:34:14+00:00\",\"description\":\"Analog-Datenlogger MSR160: Logger mit analogen Eing\u00e4ngen, frei w\u00e4hlbare Eingangskonfiguration, Speicherkapazit\u00e4t mit SD-Karte 1 Mrd Messwerte\",\"breadcrumb\":{\"@id\":\"https:\/\/www.msr.ch\/de\/produkt\/datenlogger-analoge-eingaenge-msr160\/#breadcrumb\"},\"inLanguage\":\"de\",\"potentialAction\":[{\"@type\":\"ReadAction\",\"target\":[\"https:\/\/www.msr.ch\/de\/produkt\/datenlogger-analoge-eingaenge-msr160\/\"]}]},{\"@type\":\"ImageObject\",\"inLanguage\":\"de\",\"@id\":\"https:\/\/www.msr.ch\/de\/produkt\/datenlogger-analoge-eingaenge-msr160\/#primaryimage\",\"url\":\"https:\/\/www.msr.ch\/images\/Datenlogger-analoge-Eingange-MSR160.jpg\",\"contentUrl\":\"https:\/\/www.msr.ch\/images\/Datenlogger-analoge-Eingange-MSR160.jpg\"},{\"@type\":\"BreadcrumbList\",\"@id\":\"https:\/\/www.msr.ch\/de\/produkt\/datenlogger-analoge-eingaenge-msr160\/#breadcrumb\",\"itemListElement\":[{\"@type\":\"ListItem\",\"position\":1,\"name\":\"Home\",\"item\":\"https:\/\/www.msr.ch\/de\/\"},{\"@type\":\"ListItem\",\"position\":2,\"name\":\"Produkt\",\"item\":\"https:\/\/www.msr.ch\/de\/produkt\/\"},{\"@type\":\"ListItem\",\"position\":3,\"name\":\"Datenlogger MSR160: 4 Analogeing\u00e4nge, Messrate bis zu 1000\/s pro Kanal\"}]},{\"@type\":\"WebSite\",\"@id\":\"https:\/\/www.msr.ch\/de\/#website\",\"url\":\"https:\/\/www.msr.ch\/de\/\",\"name\":\"MSR Datenlogger\",\"description\":\"MSR Electronics GmbH\",\"potentialAction\":[{\"@type\":\"SearchAction\",\"target\":{\"@type\":\"EntryPoint\",\"urlTemplate\":\"https:\/\/www.msr.ch\/de\/?s={search_term_string}\"},\"query-input\":\"required name=search_term_string\"}],\"inLanguage\":\"de\"}]}<\/script>\n<!-- \/ Yoast SEO plugin. -->","yoast_head_json":{"title":"Analog-Datenlogger MSR160, Logger mit analogen Eing\u00e4ngen, sd-Karte","description":"Analog-Datenlogger MSR160: Logger mit analogen Eing\u00e4ngen, frei w\u00e4hlbare Eingangskonfiguration, Speicherkapazit\u00e4t mit SD-Karte 1 Mrd Messwerte","robots":{"index":"index","follow":"follow","max-snippet":"max-snippet:-1","max-image-preview":"max-image-preview:large","max-video-preview":"max-video-preview:-1"},"canonical":"https:\/\/www.msr.ch\/de\/produkt\/datenlogger-analoge-eingaenge-msr160\/","og_locale":"de_DE","og_type":"article","og_title":"Analog-Datenlogger MSR160, Logger mit analogen Eing\u00e4ngen, sd-Karte","og_description":"Analog-Datenlogger MSR160: Logger mit analogen Eing\u00e4ngen, frei w\u00e4hlbare Eingangskonfiguration, Speicherkapazit\u00e4t mit SD-Karte 1 Mrd Messwerte","og_url":"https:\/\/www.msr.ch\/de\/produkt\/datenlogger-analoge-eingaenge-msr160\/","og_site_name":"DE MSR Datenlogger","article_publisher":"https:\/\/www.facebook.com\/datenlogger.msr\/","article_modified_time":"2025-10-27T08:34:14+00:00","twitter_card":"summary_large_image","twitter_misc":{"Gesch\u00e4tzte Lesezeit":"4\u00a0Minuten"},"schema":{"@context":"https:\/\/schema.org","@graph":[{"@type":"WebPage","@id":"https:\/\/www.msr.ch\/de\/produkt\/datenlogger-analoge-eingaenge-msr160\/","url":"https:\/\/www.msr.ch\/de\/produkt\/datenlogger-analoge-eingaenge-msr160\/","name":"Analog-Datenlogger MSR160, Logger mit analogen Eing\u00e4ngen, sd-Karte","isPartOf":{"@id":"https:\/\/www.msr.ch\/de\/#website"},"primaryImageOfPage":{"@id":"https:\/\/www.msr.ch\/de\/produkt\/datenlogger-analoge-eingaenge-msr160\/#primaryimage"},"image":{"@id":"https:\/\/www.msr.ch\/de\/produkt\/datenlogger-analoge-eingaenge-msr160\/#primaryimage"},"thumbnailUrl":"https:\/\/www.msr.ch\/images\/Datenlogger-analoge-Eingange-MSR160.jpg","datePublished":"2022-04-14T12:50:20+00:00","dateModified":"2025-10-27T08:34:14+00:00","description":"Analog-Datenlogger MSR160: Logger mit analogen Eing\u00e4ngen, frei w\u00e4hlbare Eingangskonfiguration, Speicherkapazit\u00e4t mit SD-Karte 1 Mrd Messwerte","breadcrumb":{"@id":"https:\/\/www.msr.ch\/de\/produkt\/datenlogger-analoge-eingaenge-msr160\/#breadcrumb"},"inLanguage":"de","potentialAction":[{"@type":"ReadAction","target":["https:\/\/www.msr.ch\/de\/produkt\/datenlogger-analoge-eingaenge-msr160\/"]}]},{"@type":"ImageObject","inLanguage":"de","@id":"https:\/\/www.msr.ch\/de\/produkt\/datenlogger-analoge-eingaenge-msr160\/#primaryimage","url":"https:\/\/www.msr.ch\/images\/Datenlogger-analoge-Eingange-MSR160.jpg","contentUrl":"https:\/\/www.msr.ch\/images\/Datenlogger-analoge-Eingange-MSR160.jpg"},{"@type":"BreadcrumbList","@id":"https:\/\/www.msr.ch\/de\/produkt\/datenlogger-analoge-eingaenge-msr160\/#breadcrumb","itemListElement":[{"@type":"ListItem","position":1,"name":"Home","item":"https:\/\/www.msr.ch\/de\/"},{"@type":"ListItem","position":2,"name":"Produkt","item":"https:\/\/www.msr.ch\/de\/produkt\/"},{"@type":"ListItem","position":3,"name":"Datenlogger MSR160: 4 Analogeing\u00e4nge, Messrate bis zu 1000\/s pro Kanal"}]},{"@type":"WebSite","@id":"https:\/\/www.msr.ch\/de\/#website","url":"https:\/\/www.msr.ch\/de\/","name":"MSR Datenlogger","description":"MSR Electronics GmbH","potentialAction":[{"@type":"SearchAction","target":{"@type":"EntryPoint","urlTemplate":"https:\/\/www.msr.ch\/de\/?s={search_term_string}"},"query-input":"required name=search_term_string"}],"inLanguage":"de"}]}},"_links":{"self":[{"href":"https:\/\/www.msr.ch\/de\/wp-json\/wp\/v2\/pages\/7540"}],"collection":[{"href":"https:\/\/www.msr.ch\/de\/wp-json\/wp\/v2\/pages"}],"about":[{"href":"https:\/\/www.msr.ch\/de\/wp-json\/wp\/v2\/types\/page"}],"author":[{"embeddable":true,"href":"https:\/\/www.msr.ch\/de\/wp-json\/wp\/v2\/users\/1"}],"replies":[{"embeddable":true,"href":"https:\/\/www.msr.ch\/de\/wp-json\/wp\/v2\/comments?post=7540"}],"version-history":[{"count":32,"href":"https:\/\/www.msr.ch\/de\/wp-json\/wp\/v2\/pages\/7540\/revisions"}],"predecessor-version":[{"id":13860,"href":"https:\/\/www.msr.ch\/de\/wp-json\/wp\/v2\/pages\/7540\/revisions\/13860"}],"up":[{"embeddable":true,"href":"https:\/\/www.msr.ch\/de\/wp-json\/wp\/v2\/pages\/25"}],"wp:featuredmedia":[{"embeddable":true,"href":"https:\/\/www.msr.ch\/de\/wp-json\/"}],"wp:attachment":[{"href":"https:\/\/www.msr.ch\/de\/wp-json\/wp\/v2\/media?parent=7540"}],"curies":[{"name":"wp","href":"https:\/\/api.w.org\/{rel}","templated":true}]}}