{"id":7569,"date":"2022-04-21T13:02:43","date_gmt":"2022-04-21T13:02:43","guid":{"rendered":"https:\/\/karabeg.xyz\/de\/?page_id=7569"},"modified":"2024-02-14T13:50:36","modified_gmt":"2024-02-14T13:50:36","slug":"messgroessen","status":"publish","type":"page","link":"https:\/\/www.msr.ch\/de\/messgroessen\/","title":{"rendered":"Messgr\u00f6ssen"},"content":{"rendered":"<div class=\"wpb-content-wrapper\"><p>[vc_row][vc_column][vc_column_text css=&#8220;.vc_custom_1660211000258{padding-bottom: -20px !important;}&#8220;]<\/p>\n<h1>MSR Datenlogger-Auswahl nach Messgr\u00f6ssen<\/h1>\n<h2>Was m\u00f6chten Sie messen?<\/h2>\n<p>Datenlogger sind Datenaufzeichnungsger\u00e4te, welche physikalische Messdaten wie <strong>Temperatur, Feuchte, Druck, Vibrationen u.v.m. mit Hilfe von Sensoren erfassen und speichern. <\/strong>Die meisten MSR Datenlogger sind modular aufgebaut und k\u00f6nnen mit bis zu f\u00fcnf verschiedenen Sensoren ausgestattet werden. Bei den Sensoren haben Sie die Wahl zwischen internen und externen F\u00fchlern, mit welchen auch schwer zug\u00e4ngliche Stellen erreichbar sind. Besonders flexibel in den Anwendungen bleiben Sie, wenn Sie einen Datenlogger mit steckbaren, wechselbaren FlexSensoren einsetzen.<\/p>\n<h3>Welcher Datenlogger eignet sich am besten f\u00fcr meine Messaufgabe?<\/h3>\n<p><a title=\"Datenlogger-Suche\" href=\"\/de\/produkt\/datenlogger\/\">Nutzen Sie unsere Schnellsuche<\/a>! Falls Sie eine individuelle Beratung w\u00fcnschen, <a title=\"Adresse und Telefonnummern von MSR Electronics\" href=\"\/de\/kontakt\/\">kontaktieren Sie uns<\/a>.[\/vc_column_text][\/vc_column][\/vc_row][vc_row full_width=&#8220;stretch_row&#8220; css=&#8220;.vc_custom_1650610792527{margin-top: 0px !important;margin-bottom: 0px !important;border-top-width: 20px !important;border-bottom-width: 70px !important;padding-top: 20px !important;padding-bottom: 70px !important;background-color: #f8f9f9 !important;}&#8220;][vc_column width=&#8220;1\/3&#8243;]<div class='featured featured-has-link featured-has-content simple-style'><div class='featured-header'><a target='_self' href='\/de\/messgroessen\/datenlogger-beschleunigung-schock-vibration\/'><img alt='Beschleunigung, Schock, Vibration' src='https:\/\/www.msr.ch\/images\/Vibration-Beschleunigung-DatenloggerMSR165.jpg'\/><\/a><\/div><div class='featured-content'><h3 class='featured-title text-uppercase'><a target='_self' href='\/de\/messgroessen\/datenlogger-beschleunigung-schock-vibration\/'>Beschleunigung, Schock, Vibration<\/a><\/h3><p class='featured-desc'>Highspeed-Datenlogger mit Beschleunigungssensoren, zum Messen und Speichern von G-Kraft. Erweiterbar mit zus\u00e4tzlichen Sensoren.<\/p><a class='btn btn-md btn-minimal' target='_self' href='\/de\/messgroessen\/datenlogger-beschleunigung-schock-vibration\/'>MEHR<\/a><\/div><\/div>[vc_empty_space height=&#8220;40px&#8220;]<div class='featured featured-has-link featured-has-content'><div class='featured-header'><a target='_self' href='\/de\/anwendungen\/datenlogger-transport-logistik\/'><img alt='Transport-Datenlogger' src='https:\/\/www.msr.ch\/images\/Transport-Datenlogger-GPS-MSR175plus.jpg'\/><\/a><\/div><div class='featured-content'><h3 class='featured-title text-uppercase'><a target='_self' href='\/de\/anwendungen\/datenlogger-transport-logistik\/'>Transport-Datenlogger<\/a><\/h3><p class='featured-desc'>Robuste Transport-Datenlogger mit oder ohne GPS, zur \u00dcberwachung von Schock, Stoss, Temperatur, Feuchtigkeit, Licht.<\/p><a class='btn btn-md btn-minimal' target='_self' href='\/de\/anwendungen\/datenlogger-transport-logistik\/'>MEHR<\/a><\/div><\/div>[vc_empty_space height=&#8220;40px&#8220;]<div class='featured featured-has-link featured-has-content simple-style'><div class='featured-header'><a target='_self' href='\/de\/messgroessen\/universal-datenlogger\/'><img alt='Universal-Datenlogger' src='https:\/\/www.msr.ch\/images\/Universal-Datenlogger-MSR145-1.jpg'\/><\/a><\/div><div class='featured-content'><h3 class='featured-title text-uppercase'><a target='_self' href='\/de\/messgroessen\/universal-datenlogger\/'>Universal-Datenlogger<\/a><\/h3><p class='featured-desc'>Vielseitig einsetzbare, multifunktionale Mini-Datenlogger. Sensoren, Akku, Speicher, IP-Schutzart und Geh\u00e4use individuell zusammenstellbar.<\/p><a class='btn btn-md btn-minimal' target='_self' href='\/de\/messgroessen\/universal-datenlogger\/'>MEHR<\/a><\/div><\/div>[vc_empty_space height=&#8220;40px&#8220;]<div class='featured featured-has-link featured-has-content simple-style'><div class='featured-header'><a target='_self' href='\/de\/messgroessen\/datenlogger-strom-spannung\/'><img alt='Strom, Spannung' src='https:\/\/www.msr.ch\/images\/Datenlogger-analoge-Eingange-MSR160-1.jpg'\/><\/a><\/div><div class='featured-content'><h3 class='featured-title text-uppercase'><a target='_self' href='\/de\/messgroessen\/datenlogger-strom-spannung\/'>Strom, Spannung<\/a><\/h3><p class='featured-desc'>Datenlogger f\u00fcr Strom- und Spannungssignale, mit Anschluss f\u00fcr analoge Eing\u00e4nge.<\/p><a class='btn btn-md btn-minimal' target='_self' href='\/de\/messgroessen\/datenlogger-strom-spannung\/'>MEHR<\/a><\/div><\/div>[\/vc_column][vc_column width=&#8220;1\/3&#8243;]<div class='featured featured-has-link featured-has-content simple-style'><div class='featured-header'><a target='_self' href='\/de\/messgroessen\/datenlogger-temperatur-luftfeuchtigkeit\/'><img alt='Temperatur' src='https:\/\/www.msr.ch\/images\/Temperatur-Feuchte-Datenlogger-BudgetLine.jpg'\/><\/a><\/div><div class='featured-content'><h3 class='featured-title text-uppercase'><a target='_self' href='\/de\/messgroessen\/datenlogger-temperatur-luftfeuchtigkeit\/'>Temperatur<\/a><\/h3><p class='featured-desc'>Grosse Auswahl an Temperatur-Datenlogger, mit oder ohne WLAN, Bluetooth, LTE\/GSM. Erweiterbar mit zus\u00e4tzlichen Sensoren.<\/p><a class='btn btn-md btn-minimal' target='_self' href='\/de\/messgroessen\/datenlogger-temperatur-luftfeuchtigkeit\/'>MEHR<\/a><\/div><\/div>[vc_empty_space height=&#8220;40px&#8220;]<div class='featured featured-has-link featured-has-content simple-style'><div class='featured-header'><a target='_self' href='\/de\/messgroessen\/datenlogger-luftdruck-fluessigkeitsdruck\/'><img alt='Luft-\/Fl\u00fcssigkeitsdruck' src='https:\/\/www.msr.ch\/images\/WLAN-Datenlogger-Temperatur-Feuchte-MSR145W2D.jpg'\/><\/a><\/div><div class='featured-content'><h3 class='featured-title text-uppercase'><a target='_self' href='\/de\/messgroessen\/datenlogger-luftdruck-fluessigkeitsdruck\/'>Luft-\/Fl\u00fcssigkeitsdruck<\/a><\/h3><p class='featured-desc'>Datenlogger mit Sensoren f\u00fcr Luftdruck oder Fl\u00fcssigkeitsdruck. Mit oder ohne WLAN, Bluetooth, LTE\/GSM. Erweiterbar mit zus\u00e4tzlichen Sensoren.<\/p><a class='btn btn-md btn-minimal' target='_self' href='\/de\/messgroessen\/datenlogger-luftdruck-fluessigkeitsdruck\/'>MEHR<\/a><\/div><\/div>[vc_empty_space height=&#8220;40px&#8220;]<div class='featured featured-has-link featured-has-content simple-style'><div class='featured-header'><a target='_self' href='\/de\/produkt\/datenlogger-wechselbare-flexsensoren\/'><img alt='Datenlogger mit FlexSensoren' src='https:\/\/www.msr.ch\/images\/MSR145W2D-e1653027807678.jpg'\/><\/a><\/div><div class='featured-content'><h3 class='featured-title text-uppercase'><a target='_self' href='\/de\/produkt\/datenlogger-wechselbare-flexsensoren\/'>Datenlogger mit FlexSensoren<\/a><\/h3><p class='featured-desc'>Kompakte, multifunktionale Funk-Datenlogger mit steckbaren, wechselbaren FlexSensoren.<\/p><a class='btn btn-md btn-minimal' target='_self' href='\/de\/produkt\/datenlogger-wechselbare-flexsensoren\/'>MEHR<\/a><\/div><\/div>[vc_empty_space height=&#8220;40px&#8220;]<div class='featured featured-has-link featured-has-content simple-style'><div class='featured-header'><a target='_self' href='\/de\/messgroessen\/datenlogger-dehnungsmessstreifen\/'><img alt='Dehnungsmessstreifen' src='https:\/\/www.msr.ch\/images\/WLAN-Datenlogger-Temperatur-Feuchte-MSR145W2D.jpg'\/><\/a><\/div><div class='featured-content'><h3 class='featured-title text-uppercase'><a target='_self' href='\/de\/messgroessen\/datenlogger-dehnungsmessstreifen\/'>Dehnungsmessstreifen<\/a><\/h3><p class='featured-desc'>Funk-Datenlogger mit Anschluss f\u00fcr Dehnungsmessstreifen. Erweiterbar mit zus\u00e4tzlichen Sensoren.<\/p><a class='btn btn-md btn-minimal' target='_self' href='\/de\/messgroessen\/datenlogger-dehnungsmessstreifen\/'>MEHR<\/a><\/div><\/div>[\/vc_column][vc_column width=&#8220;1\/3&#8243;]<div class='featured featured-has-link featured-has-content simple-style'><div class='featured-header'><a target='_self' href='\/de\/messgroessen\/datenlogger-temperatur-luftfeuchtigkeit\/'><img alt='Feuchtigkeit' src='https:\/\/www.msr.ch\/images\/Funk-Datenlogger-MSR385WD-Temperatur-Feuchte-Druck.jpg'\/><\/a><\/div><div class='featured-content'><h3 class='featured-title text-uppercase'><a target='_self' href='\/de\/messgroessen\/datenlogger-temperatur-luftfeuchtigkeit\/'>Feuchtigkeit<\/a><\/h3><p class='featured-desc'>Feuchte-Datenlogger mit oder ohne WLAN, Bluetooth, LTE\/GSM. Erweiterbar mit zus\u00e4tzlichen Sensoren.<\/p><a class='btn btn-md btn-minimal' target='_self' href='\/de\/messgroessen\/datenlogger-temperatur-luftfeuchtigkeit\/'>MEHR<\/a><\/div><\/div>[vc_empty_space height=&#8220;40px&#8220;]<div class='featured featured-has-link featured-has-content simple-style'><div class='featured-header'><a target='_self' href='\/de\/messgroessen\/datenlogger-licht-lux\/'><img alt='Licht, Lux' src='https:\/\/www.msr.ch\/images\/Datenlogger-Display-MSR255.jpg'\/><\/a><\/div><div class='featured-content'><h3 class='featured-title text-uppercase'><a target='_self' href='\/de\/messgroessen\/datenlogger-licht-lux\/'>Licht, Lux<\/a><\/h3><p class='featured-desc'>Datenlogger mit Lichtsensor, zur Aufzeichnung von Lichtver\u00e4nderungen. Mit oder ohne WLAN, Bluetooth. Erweiterbar mit zus\u00e4tzlichen Sensoren.<\/p><a class='btn btn-md btn-minimal' target='_self' href='\/de\/messgroessen\/datenlogger-licht-lux\/'>MEHR<\/a><\/div><\/div>[vc_empty_space height=&#8220;40px&#8220;]<div class='featured featured-has-link featured-has-content simple-style'><div class='featured-header'><a target='_self' href='\/de\/produkt\/datenlogger-analoge-eingaenge\/'><img alt='Datenlogger mit Analogeing\u00e4ngen' src='https:\/\/www.msr.ch\/images\/Datenlogger-analoge-Eingange-MSR160-1.jpg'\/><\/a><\/div><div class='featured-content'><h3 class='featured-title text-uppercase'><a target='_self' href='\/de\/produkt\/datenlogger-analoge-eingaenge\/'>Datenlogger mit Analogeing\u00e4ngen<\/a><\/h3><p class='featured-desc'>Leistungsstarke Datenlogger mit analogen Eing\u00e4nge zum Anschliessen herk\u00f6mmlicher Sensoren mit analogen Ausg\u00e4ngen.<\/p><a class='btn btn-md btn-minimal' target='_self' href='\/de\/produkt\/datenlogger-analoge-eingaenge\/'>MEHR<\/a><\/div><\/div>[vc_empty_space height=&#8220;40px&#8220;]<div class='featured featured-has-link featured-has-content simple-style'><div class='featured-header'><a target='_self' href='\/de\/produkt\/oem-spezial-datenlogger\/'><img alt='OEM, Spezial-Datenlogger' src='https:\/\/www.msr.ch\/images\/Spezial-Datenlogger-MSR.jpg'\/><\/a><\/div><div class='featured-content'><h3 class='featured-title text-uppercase'><a target='_self' href='\/de\/produkt\/oem-spezial-datenlogger\/'>OEM, Spezial-Datenlogger<\/a><\/h3><p class='featured-desc'>Spezial-Datenlogger und kundenspezifische Entwicklungen.<\/p><a class='btn btn-md btn-minimal' target='_self' href='\/de\/produkt\/oem-spezial-datenlogger\/'>MEHR<\/a><\/div><\/div>[\/vc_column][\/vc_row][vc_row full_width=&#8220;stretch_row&#8220; css=&#8220;.vc_custom_1646385260453{background-color: #0033cc !important;}&#8220;][vc_column][vc_cta h2=&#8220;Schnell den passenden Datenlogger finden? Nutzen Sie unsere Schnellsuche!&#8220; h2_font_container=&#8220;tag:h2|text_align:left|color:%230033cc&#8220; h2_use_theme_fonts=&#8220;yes&#8220; add_button=&#8220;right&#8220; btn_title=&#8220;Schnellsuche&#8220; use_custom_fonts_h2=&#8220;true&#8220; h2_link=&#8220;url:%2Fde%2Fprodukt%2Fdatenlogger%2F|title:Schnell%20den%20passenden%20Datenlogger%20finden&#8220; btn_link=&#8220;url:%2Fde%2Fprodukt%2Fdatenlogger%2F|title:Schnell%20den%20passenden%20Datenlogger%20finden&#8220;]W\u00e4hlen Sie Messgr\u00f6ssen, Mess-\/Speicherrate, Betriebstemperatur, Ger\u00e4tedimension u.v.m.[\/vc_cta][\/vc_column][\/vc_row][vc_row css=&#8220;.vc_custom_1465982162403{border-bottom-width: 50px !important;}&#8220;][vc_column][vc_custom_heading text=&#8220;Referenzen&#8220; use_theme_fonts=&#8220;yes&#8220; el_class=&#8220;title&#8220; link=&#8220;url:%2Fde%2Fueberuns%2Freferenzen%2F|title:Referenzen&#8220;]<div class='logos-wrapper style-1'><ul class='clients clients-col-6' ><li class='client'><span><img src='https:\/\/www.msr.ch\/images\/RUAG-logo-138x46-1.png' alt='Logo Ruag'><\/span><\/li><li class='client'><span><img src='https:\/\/www.msr.ch\/images\/Bosch-logo-138x46-1.png' alt='Logo Bosch'><\/span><\/li><li class='client'><span><img src='https:\/\/www.msr.ch\/images\/Roche-logo-138x46-1.png' alt='Logo Roche'><\/span><\/li><li class='client'><span><img src='https:\/\/www.msr.ch\/images\/Siemens-logo-138x46-1.png' alt='Logo Siemens'><\/span><\/li><li class='client'><span><img src='https:\/\/www.msr.ch\/images\/Orbital-Sciences-Corporation-logo-138x46-1.png' alt='Logo Orbital'><\/span><\/li><li class='client'><span><img src='https:\/\/www.msr.ch\/images\/Festo-logo-138x46-1.png' alt='Logo Festo'><\/span><\/li><\/ul><\/div>[\/vc_column][\/vc_row]<\/p>\n<\/div>","protected":false},"excerpt":{"rendered":"<p>[vc_row][vc_column][vc_column_text css=&#8220;.vc_custom_1660211000258{padding-bottom: -20px !important;}&#8220;] MSR Datenlogger-Auswahl nach Messgr\u00f6ssen Was m\u00f6chten Sie messen? Datenlogger sind Datenaufzeichnungsger\u00e4te, welche physikalische Messdaten wie Temperatur, Feuchte, Druck, Vibrationen u.v.m. mit Hilfe von Sensoren erfassen und speichern. Die meisten MSR Datenlogger sind modular aufgebaut und k\u00f6nnen &hellip;<\/p>\n","protected":false},"author":1,"featured_media":2860,"parent":0,"menu_order":0,"comment_status":"closed","ping_status":"closed","template":"","meta":{"footnotes":""},"yoast_head":"<!-- This site is optimized with the Yoast SEO plugin v22.9 - https:\/\/yoast.com\/wordpress\/plugins\/seo\/ -->\n<title>Datenlogger-Auswahl nach Messgr\u00f6ssen | MSR<\/title>\n<meta name=\"description\" content=\"MSR Datenlogger-Auswahl nach Messgr\u00f6ssen. Was m\u00f6chten Sie messen? Temperatur, Feucht, Druck, Vibrationen, Beschleunigung...\" \/>\n<meta name=\"robots\" content=\"index, follow, max-snippet:-1, max-image-preview:large, max-video-preview:-1\" \/>\n<link rel=\"canonical\" href=\"https:\/\/www.msr.ch\/de\/messgroessen\/\" \/>\n<meta property=\"og:locale\" content=\"de_DE\" \/>\n<meta property=\"og:type\" content=\"article\" \/>\n<meta property=\"og:title\" content=\"Datenlogger-Auswahl nach Messgr\u00f6ssen | MSR\" \/>\n<meta property=\"og:description\" content=\"MSR Datenlogger-Auswahl nach Messgr\u00f6ssen. Was m\u00f6chten Sie messen? Temperatur, Feucht, Druck, Vibrationen, Beschleunigung...\" \/>\n<meta property=\"og:url\" content=\"https:\/\/www.msr.ch\/de\/messgroessen\/\" \/>\n<meta property=\"og:site_name\" content=\"DE MSR Datenlogger\" \/>\n<meta property=\"article:publisher\" content=\"https:\/\/www.facebook.com\/datenlogger.msr\/\" \/>\n<meta property=\"article:modified_time\" content=\"2024-02-14T13:50:36+00:00\" \/>\n<meta name=\"twitter:card\" content=\"summary_large_image\" \/>\n<meta name=\"twitter:label1\" content=\"Gesch\u00e4tzte Lesezeit\" \/>\n\t<meta name=\"twitter:data1\" content=\"3\u00a0Minuten\" \/>\n<script type=\"application\/ld+json\" class=\"yoast-schema-graph\">{\"@context\":\"https:\/\/schema.org\",\"@graph\":[{\"@type\":\"WebPage\",\"@id\":\"https:\/\/www.msr.ch\/de\/messgroessen\/\",\"url\":\"https:\/\/www.msr.ch\/de\/messgroessen\/\",\"name\":\"Datenlogger-Auswahl nach Messgr\u00f6ssen | MSR\",\"isPartOf\":{\"@id\":\"https:\/\/www.msr.ch\/de\/#website\"},\"primaryImageOfPage\":{\"@id\":\"https:\/\/www.msr.ch\/de\/messgroessen\/#primaryimage\"},\"image\":{\"@id\":\"https:\/\/www.msr.ch\/de\/messgroessen\/#primaryimage\"},\"thumbnailUrl\":\"https:\/\/www.msr.ch\/images\/Datenlogger-Vibration-Schock-MSR165-1.jpg\",\"datePublished\":\"2022-04-21T13:02:43+00:00\",\"dateModified\":\"2024-02-14T13:50:36+00:00\",\"description\":\"MSR Datenlogger-Auswahl nach Messgr\u00f6ssen. Was m\u00f6chten Sie messen? Temperatur, Feucht, Druck, Vibrationen, Beschleunigung...\",\"breadcrumb\":{\"@id\":\"https:\/\/www.msr.ch\/de\/messgroessen\/#breadcrumb\"},\"inLanguage\":\"de\",\"potentialAction\":[{\"@type\":\"ReadAction\",\"target\":[\"https:\/\/www.msr.ch\/de\/messgroessen\/\"]}]},{\"@type\":\"ImageObject\",\"inLanguage\":\"de\",\"@id\":\"https:\/\/www.msr.ch\/de\/messgroessen\/#primaryimage\",\"url\":\"https:\/\/www.msr.ch\/images\/Datenlogger-Vibration-Schock-MSR165-1.jpg\",\"contentUrl\":\"https:\/\/www.msr.ch\/images\/Datenlogger-Vibration-Schock-MSR165-1.jpg\"},{\"@type\":\"BreadcrumbList\",\"@id\":\"https:\/\/www.msr.ch\/de\/messgroessen\/#breadcrumb\",\"itemListElement\":[{\"@type\":\"ListItem\",\"position\":1,\"name\":\"Home\",\"item\":\"https:\/\/www.msr.ch\/de\/\"},{\"@type\":\"ListItem\",\"position\":2,\"name\":\"Messgr\u00f6ssen\"}]},{\"@type\":\"WebSite\",\"@id\":\"https:\/\/www.msr.ch\/de\/#website\",\"url\":\"https:\/\/www.msr.ch\/de\/\",\"name\":\"MSR Datenlogger\",\"description\":\"MSR Electronics GmbH\",\"potentialAction\":[{\"@type\":\"SearchAction\",\"target\":{\"@type\":\"EntryPoint\",\"urlTemplate\":\"https:\/\/www.msr.ch\/de\/?s={search_term_string}\"},\"query-input\":\"required name=search_term_string\"}],\"inLanguage\":\"de\"}]}<\/script>\n<!-- \/ Yoast SEO plugin. -->","yoast_head_json":{"title":"Datenlogger-Auswahl nach Messgr\u00f6ssen | MSR","description":"MSR Datenlogger-Auswahl nach Messgr\u00f6ssen. Was m\u00f6chten Sie messen? Temperatur, Feucht, Druck, Vibrationen, Beschleunigung...","robots":{"index":"index","follow":"follow","max-snippet":"max-snippet:-1","max-image-preview":"max-image-preview:large","max-video-preview":"max-video-preview:-1"},"canonical":"https:\/\/www.msr.ch\/de\/messgroessen\/","og_locale":"de_DE","og_type":"article","og_title":"Datenlogger-Auswahl nach Messgr\u00f6ssen | MSR","og_description":"MSR Datenlogger-Auswahl nach Messgr\u00f6ssen. Was m\u00f6chten Sie messen? Temperatur, Feucht, Druck, Vibrationen, Beschleunigung...","og_url":"https:\/\/www.msr.ch\/de\/messgroessen\/","og_site_name":"DE MSR Datenlogger","article_publisher":"https:\/\/www.facebook.com\/datenlogger.msr\/","article_modified_time":"2024-02-14T13:50:36+00:00","twitter_card":"summary_large_image","twitter_misc":{"Gesch\u00e4tzte Lesezeit":"3\u00a0Minuten"},"schema":{"@context":"https:\/\/schema.org","@graph":[{"@type":"WebPage","@id":"https:\/\/www.msr.ch\/de\/messgroessen\/","url":"https:\/\/www.msr.ch\/de\/messgroessen\/","name":"Datenlogger-Auswahl nach Messgr\u00f6ssen | MSR","isPartOf":{"@id":"https:\/\/www.msr.ch\/de\/#website"},"primaryImageOfPage":{"@id":"https:\/\/www.msr.ch\/de\/messgroessen\/#primaryimage"},"image":{"@id":"https:\/\/www.msr.ch\/de\/messgroessen\/#primaryimage"},"thumbnailUrl":"https:\/\/www.msr.ch\/images\/Datenlogger-Vibration-Schock-MSR165-1.jpg","datePublished":"2022-04-21T13:02:43+00:00","dateModified":"2024-02-14T13:50:36+00:00","description":"MSR Datenlogger-Auswahl nach Messgr\u00f6ssen. Was m\u00f6chten Sie messen? Temperatur, Feucht, Druck, Vibrationen, Beschleunigung...","breadcrumb":{"@id":"https:\/\/www.msr.ch\/de\/messgroessen\/#breadcrumb"},"inLanguage":"de","potentialAction":[{"@type":"ReadAction","target":["https:\/\/www.msr.ch\/de\/messgroessen\/"]}]},{"@type":"ImageObject","inLanguage":"de","@id":"https:\/\/www.msr.ch\/de\/messgroessen\/#primaryimage","url":"https:\/\/www.msr.ch\/images\/Datenlogger-Vibration-Schock-MSR165-1.jpg","contentUrl":"https:\/\/www.msr.ch\/images\/Datenlogger-Vibration-Schock-MSR165-1.jpg"},{"@type":"BreadcrumbList","@id":"https:\/\/www.msr.ch\/de\/messgroessen\/#breadcrumb","itemListElement":[{"@type":"ListItem","position":1,"name":"Home","item":"https:\/\/www.msr.ch\/de\/"},{"@type":"ListItem","position":2,"name":"Messgr\u00f6ssen"}]},{"@type":"WebSite","@id":"https:\/\/www.msr.ch\/de\/#website","url":"https:\/\/www.msr.ch\/de\/","name":"MSR Datenlogger","description":"MSR Electronics GmbH","potentialAction":[{"@type":"SearchAction","target":{"@type":"EntryPoint","urlTemplate":"https:\/\/www.msr.ch\/de\/?s={search_term_string}"},"query-input":"required name=search_term_string"}],"inLanguage":"de"}]}},"_links":{"self":[{"href":"https:\/\/www.msr.ch\/de\/wp-json\/wp\/v2\/pages\/7569"}],"collection":[{"href":"https:\/\/www.msr.ch\/de\/wp-json\/wp\/v2\/pages"}],"about":[{"href":"https:\/\/www.msr.ch\/de\/wp-json\/wp\/v2\/types\/page"}],"author":[{"embeddable":true,"href":"https:\/\/www.msr.ch\/de\/wp-json\/wp\/v2\/users\/1"}],"replies":[{"embeddable":true,"href":"https:\/\/www.msr.ch\/de\/wp-json\/wp\/v2\/comments?post=7569"}],"version-history":[{"count":46,"href":"https:\/\/www.msr.ch\/de\/wp-json\/wp\/v2\/pages\/7569\/revisions"}],"predecessor-version":[{"id":7586,"href":"https:\/\/www.msr.ch\/de\/wp-json\/wp\/v2\/pages\/7569\/revisions\/7586"}],"wp:featuredmedia":[{"embeddable":true,"href":"https:\/\/www.msr.ch\/de\/wp-json\/"}],"wp:attachment":[{"href":"https:\/\/www.msr.ch\/de\/wp-json\/wp\/v2\/media?parent=7569"}],"curies":[{"name":"wp","href":"https:\/\/api.w.org\/{rel}","templated":true}]}}