{"id":7572,"date":"2022-04-21T13:16:06","date_gmt":"2022-04-21T13:16:06","guid":{"rendered":"https:\/\/karabeg.xyz\/de\/?page_id=7572"},"modified":"2023-07-04T12:24:20","modified_gmt":"2023-07-04T12:24:20","slug":"anwendungen","status":"publish","type":"page","link":"https:\/\/www.msr.ch\/de\/anwendungen\/","title":{"rendered":"Anwendungen"},"content":{"rendered":"<div class=\"wpb-content-wrapper\"><p>[vc_row full_width=&#8220;stretch_row&#8220;][vc_column][vc_column_text css=&#8220;.vc_custom_1656332127558{margin-bottom: 20px !important;}&#8220;]<\/p>\n<h1>MSR Datenlogger: Anwendungen und Kundenberichte<\/h1>\n<h2>Welcher Datenlogger eignet sich am besten f\u00fcr meine Anwendung?<\/h2>\n<p>Vor der Anschaffung eines Datenloggers lohnt es sich, genau zu \u00fcberlegen, welche Kriterien erf\u00fcllt sein m\u00fcssen. Unsere <a href=\"\/de\/produkt\/datenlogger\/\">Schnellsuche<\/a> hilft Ihnen dabei, anhand von Kriterien wie Messparameter, Mess-\/Speicherrate, Schutzklasse, Ger\u00e4tedimension, Speicherkapazit\u00e4t, Akku-Leistung u.v.m. rasch eine passende Auswahl zu treffen.<\/p>\n<h3>Nutzen Sie unsere Kompetenz und Erfahrung<\/h3>\n<p>MSR Datenlogger sind weltweit tausendfach im Einsatz und bew\u00e4hren sich bei den unterschiedlichsten Eins\u00e4tzen. W\u00e4hlen Sie den gew\u00fcnschten Anwendungsbereich und wir unterbreiten Ihnen eine Auswahl an Datenloggern und Kundenberichten. F\u00fcr eine individuelle Beratung <a title=\"Adresse und Telefonnummern von MSR Electronics\" href=\"\/de\/kontakt\/\">kontaktieren Sie uns.<\/a>[\/vc_column_text][vc_empty_space][\/vc_column][\/vc_row][vc_row full_width=&#8220;stretch_row&#8220; css=&#8220;.vc_custom_1650611086176{margin-top: 0px !important;margin-bottom: 0px !important;border-top-width: 20px !important;padding-top: 20px !important;padding-bottom: 70px !important;background-color: #f8f9f9 !important;}&#8220;][vc_column width=&#8220;1\/3&#8243;]<div class='featured featured-has-link featured-has-content msr-style-grey-ii'><div class='featured-header'><a target='_self' href='\/de\/anwendungen\/datenlogger-transport-logistik\/'><img alt='Transport, Logistik' src='https:\/\/www.msr.ch\/images\/Verlad_Container_Transport_Schockueberwachung-1.jpg'\/><\/a><\/div><div class='featured-content'><h3 class='featured-title text-uppercase'><a target='_self' href='\/de\/anwendungen\/datenlogger-transport-logistik\/'>Transport, Logistik<\/a><\/h3><p class='featured-desc'>Datenlogger helfen, Transportsch\u00e4den zu dokumentieren \u00b7 Verpackungen zu optimieren \u00b7 Transportbelastungen zu ermitteln \u00b7 Falltests<\/p><a class='btn btn-md btn-minimal' target='_self' href='\/de\/anwendungen\/datenlogger-transport-logistik\/'>MEHR<\/a><\/div><\/div>[vc_empty_space height=&#8220;40px&#8220;]<div class='featured featured-has-link featured-has-content msr-style-grey-ii'><div class='featured-header'><a target='_self' href='\/de\/anwendungen\/datenlogger-museum\/'><img alt='Museen' src='https:\/\/www.msr.ch\/images\/KTI-Forschungsprojekt-Risiko-Transport-GemNI\u0192lde.jpg'\/><\/a><\/div><div class='featured-content'><h3 class='featured-title text-uppercase'><a target='_self' href='\/de\/anwendungen\/datenlogger-museum\/'>Museen<\/a><\/h3><p class='featured-desc'>Datenlogger f\u00fcr Museen, Kunsttransporte, Archive, Bibliotheken und Galerien \u00b7 Klima \u00fcberwachen \u00b7 Transportbelastungen ermitteln \u00b7 Verpackungen optimieren<\/p><a class='btn btn-md btn-minimal' target='_self' href='\/de\/anwendungen\/datenlogger-museum\/'>MEHR<\/a><\/div><\/div>[vc_empty_space height=&#8220;40px&#8220;]<div class='featured featured-has-link featured-has-content msr-style-grey-ii'><div class='featured-header'><a target='_self' href='\/de\/anwendungen\/datenlogger-sport\/'><img alt='Sport, Freizeit' src='https:\/\/www.msr.ch\/images\/Thea.jpg'\/><\/a><\/div><div class='featured-content'><h3 class='featured-title text-uppercase'><a target='_self' href='\/de\/anwendungen\/datenlogger-sport\/'>Sport, Freizeit<\/a><\/h3><p class='featured-desc'>Datenlogger f\u00fcr die Sport- und Freizeitindustrie \u00b7 Beschleunigungskr\u00e4fte ermitteln \u00b7 (bekleidungs-)physiologische Parameter wie Hauttemperatur und \u2013feuchte aufzeichnen \u00b7 Sicherheitstests<\/p><a class='btn btn-md btn-minimal' target='_self' href='\/de\/anwendungen\/datenlogger-sport\/'>MEHR<\/a><\/div><\/div>[\/vc_column][vc_column width=&#8220;1\/3&#8243;]<div class='featured featured-has-link featured-has-content msr-style-grey-ii'><div class='featured-header'><a target='_self' href='\/de\/anwendungen\/datenlogger-produktion-qualitaet\/'><img alt='Herstellende Industrie' src='https:\/\/www.msr.ch\/images\/Datenlogger-MSR165-untersucht-Vibrationseinfluesse.jpg'\/><\/a><\/div><div class='featured-content'><h3 class='featured-title text-uppercase'><a target='_self' href='\/de\/anwendungen\/datenlogger-produktion-qualitaet\/'>Herstellende Industrie<\/a><\/h3><p class='featured-desc'>Datenlogger f\u00fcr Messungen an Maschinen und Produktionsanlagen zur Verschleissminderung und Leistungssteigerung \u00b7 Fehlersuche \u00b7 Qualit\u00e4tssicherung \u00b7 Fehlerdiagnose<\/p><a class='btn btn-md btn-minimal' target='_self' href='\/de\/anwendungen\/datenlogger-produktion-qualitaet\/'>MEHR<\/a><\/div><\/div>[vc_empty_space height=&#8220;40px&#8220;]<div class='featured featured-has-link featured-has-content msr-style-grey-ii'><div class='featured-header'><a target='_self' href='\/de\/anwendungen\/datenlogger-lebensmittelindustrie\/'><img alt='Lebensmittelindustrie' src='https:\/\/www.msr.ch\/images\/Abfuellanlage-Getraenke.jpg'\/><\/a><\/div><div class='featured-content'><h3 class='featured-title text-uppercase'><a target='_self' href='\/de\/anwendungen\/datenlogger-lebensmittelindustrie\/'>Lebensmittelindustrie<\/a><\/h3><p class='featured-desc'>Qualit\u00e4ts\u00fcberwachung beim Transport und im Lager \u00b7 Optimieren von Verpackungen \u00b7 Messungen an Maschinen und Produktionsanlagen zur Verschleissreduzierung oder Leistungssteigerung<\/p><a class='btn btn-md btn-minimal' target='_self' href='\/de\/anwendungen\/datenlogger-lebensmittelindustrie\/'>MEHR<\/a><\/div><\/div>[vc_empty_space height=&#8220;40px&#8220;]<div class='featured featured-has-link featured-has-content msr-style-grey-ii'><div class='featured-header'><a target='_self' href='\/de\/anwendungen\/datenlogger-klima\/'><img alt='Klima, Umwelt' src='https:\/\/www.msr.ch\/images\/Heizung.jpg'\/><\/a><\/div><div class='featured-content'><h3 class='featured-title text-uppercase'><a target='_self' href='\/de\/anwendungen\/datenlogger-klima\/'>Klima, Umwelt<\/a><\/h3><p class='featured-desc'>MSR Datenlogger dokumentieren Temperatur und Feuchte in Innenr\u00e4umen oder \u00fcberwachen Klimawerte bei Transport oder Lagerung empfindlicher G\u00fcter.<\/p><a class='btn btn-md btn-minimal' target='_self' href='\/de\/anwendungen\/datenlogger-klima\/'>MEHR<\/a><\/div><\/div>[vc_empty_space height=&#8220;40px&#8220;]<div class='featured featured-has-link featured-has-content msr-style-grey-ii'><div class='featured-header'><a target='_self' href='\/de\/anwendungen\/datenlogger-tiermonitoring\/'><img alt='Tierwissenschaften' src='https:\/\/www.msr.ch\/images\/Tiermonitoring-Datenlogger-MSR.jpg'\/><\/a><\/div><div class='featured-content'><h3 class='featured-title text-uppercase'><a target='_self' href='\/de\/anwendungen\/datenlogger-tiermonitoring\/'>Tierwissenschaften<\/a><\/h3><p class='featured-desc'>Datenlogger f\u00fcr Studien an Tieren<\/p><a class='btn btn-md btn-minimal' target='_self' href='\/de\/anwendungen\/datenlogger-tiermonitoring\/'>MEHR<\/a><\/div><\/div>[\/vc_column][vc_column width=&#8220;1\/3&#8243;]<div class='featured featured-has-link featured-has-content msr-style-grey-ii'><div class='featured-header'><a target='_self' href='\/de\/anwendungen\/datenlogger-luft-raumfahrtindustrie\/'><img alt='Luft- und Raumfahrt' src='https:\/\/www.msr.ch\/images\/MSR-Datenlogger-Orbital-Cygnus.jpg'\/><\/a><\/div><div class='featured-content'><h3 class='featured-title text-uppercase'><a target='_self' href='\/de\/anwendungen\/datenlogger-luft-raumfahrtindustrie\/'>Luft- und Raumfahrt<\/a><\/h3><p class='featured-desc'>Datenlogger f\u00fcr die Luft- und Raumfahrtindustrie \u00b7 Beschleunigungs- und Druckwertmessungen \u00b7 astrophysikalische Experimente \u00b7 \u00dcberwachung Luftfracht<\/p><a class='btn btn-md btn-minimal' target='_self' href='\/de\/anwendungen\/datenlogger-luft-raumfahrtindustrie\/'>MEHR<\/a><\/div><\/div>[vc_empty_space height=&#8220;40px&#8220;]<div class='featured featured-has-link featured-has-content msr-style-grey-ii'><div class='featured-header'><a target='_self' href='\/de\/anwendungen\/datenlogger-pharma-gesundheit\/'><img alt='Pharma, Gesundheitswesen' src='https:\/\/www.msr.ch\/images\/Datenlogger-Pharma-MSR.jpg'\/><\/a><\/div><div class='featured-content'><h3 class='featured-title text-uppercase'><a target='_self' href='\/de\/anwendungen\/datenlogger-pharma-gesundheit\/'>Pharma, Gesundheitswesen<\/a><\/h3><p class='featured-desc'>Klima- und Schock\u00fcberwachung bei Transport und Lagerung empfindlicher G\u00fcter wie Medikamente oder Pr\u00e4zisionsmessger\u00e4te \u00b7 Bewegungs\u00fcberwachung von Patienten \u00b7 Forschung und Entwicklung<\/p><a class='btn btn-md btn-minimal' target='_self' href='\/de\/anwendungen\/datenlogger-pharma-gesundheit\/'>MEHR<\/a><\/div><\/div>[vc_empty_space height=&#8220;40px&#8220;]<div class='featured featured-has-link featured-has-content msr-style-grey-ii'><div class='featured-header'><a target='_self' href='\/de\/anwendungen\/datenlogger-fahrzeugindustrie\/'><img alt='Fahrzeugindustrie' src='https:\/\/www.msr.ch\/images\/Datenlogger-MSR165-Formel1-Pro7.jpg'\/><\/a><\/div><div class='featured-content'><h3 class='featured-title text-uppercase'><a target='_self' href='\/de\/anwendungen\/datenlogger-fahrzeugindustrie\/'>Fahrzeugindustrie<\/a><\/h3><p class='featured-desc'>Datenlogger zur Schwingungs\u00fcberwachung von Motoren und Getrieben \u00b7 Messung von St\u00f6ssen und Ersch\u00fctterungen an Fahrzeugen \u00b7 Materialpr\u00fcfungen \u00b7 Belastungspr\u00fcfungen \u00b7 Klimamessungen \u2219 Komfortmessungen<\/p><a class='btn btn-md btn-minimal' target='_self' href='\/de\/anwendungen\/datenlogger-fahrzeugindustrie\/'>MEHR<\/a><\/div><\/div>[\/vc_column][\/vc_row][vc_row full_width=&#8220;stretch_row&#8220; css=&#8220;.vc_custom_1646385260453{background-color: #0033cc !important;}&#8220;][vc_column][vc_cta h2=&#8220;Der schnelle Weg zum passenden Datenlogger.&#8220; h2_font_container=&#8220;tag:h2|text_align:left|color:%230033cc&#8220; h2_use_theme_fonts=&#8220;yes&#8220; h4=&#8220;W\u00e4hlen Sie die gew\u00fcnschten Kriterien wie Sensoren, Mess-\/Speicherraten, Sonderfunktionen&#8230;&#8220; add_button=&#8220;right&#8220; btn_title=&#8220;Schnellsuche&#8220; use_custom_fonts_h2=&#8220;true&#8220; h2_link=&#8220;url:%2Fde%2Fprodukt%2Fdatenlogger%2F|title:Schnell%20den%20passenden%20Datenlogger%20finden&#8220; btn_link=&#8220;url:%2Fde%2Fprodukt%2Fdatenlogger%2F|title:Schnell%20den%20passenden%20Datenlogger%20finden&#8220;][\/vc_cta][\/vc_column][\/vc_row][vc_row][vc_column][vc_empty_space height=&#8220;20px&#8220;][\/vc_column][\/vc_row][vc_row css=&#8220;.vc_custom_1687499585404{border-bottom-width: 50px !important;}&#8220; el_class=&#8220;msr-grey-border&#8220;][vc_column][vc_custom_heading text=&#8220;Referenzen \u00bb&#8220; use_theme_fonts=&#8220;yes&#8220; el_class=&#8220;title&#8220; link=&#8220;url:%2Fde%2Fueberuns%2Freferenzen%2F|title:Referenzen&#8220;][vc_carousel_father slide_visible=&#8220;5&#8243; tabs=&#8220;5&#8243; arrowclr=&#8220;#d6d6d6&#8243; arrowsize=&#8220;20&#8243; arrowposition=&#8220;-10&#8243; dot=&#8220;false&#8220; google_fonts=&#8220;font_family:Abril%20Fatface%3Aregular|font_style:400%20regular%3A400%3Anormal&#8220;][vc_carousel_son img_radius=&#8220;&#8220; image_id=&#8220;2292&#8243;][\/vc_carousel_son][vc_carousel_son img_radius=&#8220;&#8220; image_id=&#8220;2288&#8243;][\/vc_carousel_son][vc_carousel_son img_radius=&#8220;&#8220; image_id=&#8220;3205&#8243;][\/vc_carousel_son][vc_carousel_son img_radius=&#8220;&#8220; image_id=&#8220;2782&#8243;][\/vc_carousel_son][vc_carousel_son img_radius=&#8220;&#8220; image_id=&#8220;2290&#8243;][\/vc_carousel_son][vc_carousel_son img_radius=&#8220;&#8220; image_id=&#8220;2291&#8243;][\/vc_carousel_son][vc_carousel_son img_radius=&#8220;&#8220; image_id=&#8220;3196&#8243;][\/vc_carousel_son][vc_carousel_son img_radius=&#8220;&#8220; image_id=&#8220;3200&#8243;][\/vc_carousel_son][vc_carousel_son img_radius=&#8220;&#8220; image_id=&#8220;2289&#8243;][\/vc_carousel_son][vc_carousel_son img_radius=&#8220;&#8220; image_id=&#8220;2789&#8243;][\/vc_carousel_son][vc_carousel_son img_radius=&#8220;&#8220; image_id=&#8220;2793&#8243;][\/vc_carousel_son][vc_carousel_son img_radius=&#8220;&#8220; image_id=&#8220;2771&#8243;][\/vc_carousel_son][vc_carousel_son img_radius=&#8220;&#8220; image_id=&#8220;3202&#8243;][\/vc_carousel_son][vc_carousel_son img_radius=&#8220;&#8220; image_id=&#8220;3204&#8243;][\/vc_carousel_son][vc_carousel_son img_radius=&#8220;&#8220; image_id=&#8220;3208&#8243;][\/vc_carousel_son][vc_carousel_son img_radius=&#8220;&#8220; image_id=&#8220;3201&#8243;][\/vc_carousel_son][vc_carousel_son img_radius=&#8220;&#8220; image_id=&#8220;3198&#8243;][\/vc_carousel_son][vc_carousel_son img_radius=&#8220;&#8220; image_id=&#8220;3206&#8243;][\/vc_carousel_son][vc_carousel_son img_radius=&#8220;&#8220; image_id=&#8220;3199&#8243;][\/vc_carousel_son][vc_carousel_son img_radius=&#8220;&#8220; image_id=&#8220;3207&#8243;][\/vc_carousel_son][vc_carousel_son img_radius=&#8220;&#8220; image_id=&#8220;2287&#8243;][\/vc_carousel_son][vc_carousel_son img_radius=&#8220;&#8220; image_id=&#8220;2790&#8243;][\/vc_carousel_son][vc_carousel_son img_radius=&#8220;&#8220; image_id=&#8220;2778&#8243;][\/vc_carousel_son][vc_carousel_son img_radius=&#8220;&#8220; image_id=&#8220;2799&#8243;][\/vc_carousel_son][vc_carousel_son img_radius=&#8220;&#8220; image_id=&#8220;3226&#8243;]<\/p>\n<p style=\"text-align: center;\">.<\/p>\n<p>[\/vc_carousel_son][vc_carousel_son img_radius=&#8220;&#8220; image_id=&#8220;2797&#8243;][\/vc_carousel_son][vc_carousel_son img_radius=&#8220;&#8220; image_id=&#8220;2794&#8243;][\/vc_carousel_son][vc_carousel_son img_radius=&#8220;&#8220; image_id=&#8220;2780&#8243;][\/vc_carousel_son][vc_carousel_son img_radius=&#8220;&#8220; image_id=&#8220;2792&#8243;][\/vc_carousel_son][vc_carousel_son img_radius=&#8220;&#8220; image_id=&#8220;2765&#8243;][\/vc_carousel_son][vc_carousel_son img_radius=&#8220;&#8220; image_id=&#8220;2779&#8243;][\/vc_carousel_son][vc_carousel_son img_radius=&#8220;&#8220; image_id=&#8220;2791&#8243;][\/vc_carousel_son][vc_carousel_son img_radius=&#8220;&#8220; image_id=&#8220;3223&#8243;][\/vc_carousel_son][vc_carousel_son img_radius=&#8220;&#8220; image_id=&#8220;2775&#8243;][\/vc_carousel_son][vc_carousel_son img_radius=&#8220;&#8220; image_id=&#8220;2785&#8243;][\/vc_carousel_son][vc_carousel_son img_radius=&#8220;&#8220; image_id=&#8220;2783&#8243;][\/vc_carousel_son][vc_carousel_son img_radius=&#8220;&#8220; image_id=&#8220;2772&#8243;][\/vc_carousel_son][vc_carousel_son img_radius=&#8220;&#8220; image_id=&#8220;3229&#8243;][\/vc_carousel_son][vc_carousel_son img_radius=&#8220;&#8220; image_id=&#8220;3225&#8243;]<\/p>\n<p style=\"text-align: center;\">.<\/p>\n<p>[\/vc_carousel_son][vc_carousel_son img_radius=&#8220;&#8220; image_id=&#8220;3224&#8243;]<\/p>\n<p style=\"text-align: center;\">.<\/p>\n<p>[\/vc_carousel_son][vc_carousel_son img_radius=&#8220;&#8220; image_id=&#8220;3221&#8243;][\/vc_carousel_son][vc_carousel_son img_radius=&#8220;&#8220; image_id=&#8220;3220&#8243;][\/vc_carousel_son][vc_carousel_son img_radius=&#8220;&#8220; image_id=&#8220;3219&#8243;][\/vc_carousel_son][vc_carousel_son img_radius=&#8220;&#8220; image_id=&#8220;3219&#8243;][\/vc_carousel_son][\/vc_carousel_father][\/vc_column][\/vc_row]<\/p>\n<\/div>","protected":false},"excerpt":{"rendered":"<p>[vc_row full_width=&#8220;stretch_row&#8220;][vc_column][vc_column_text css=&#8220;.vc_custom_1656332127558{margin-bottom: 20px !important;}&#8220;] MSR Datenlogger: Anwendungen und Kundenberichte Welcher Datenlogger eignet sich am besten f\u00fcr meine Anwendung? Vor der Anschaffung eines Datenloggers lohnt es sich, genau zu \u00fcberlegen, welche Kriterien erf\u00fcllt sein m\u00fcssen. Unsere Schnellsuche hilft Ihnen dabei, &hellip;<\/p>\n","protected":false},"author":1,"featured_media":2837,"parent":0,"menu_order":0,"comment_status":"closed","ping_status":"closed","template":"","meta":{"footnotes":""},"yoast_head":"<!-- This site is optimized with the Yoast SEO plugin v22.9 - https:\/\/yoast.com\/wordpress\/plugins\/seo\/ -->\n<title>MSR Datenlogger Anwendungen: Welcher Logger eignet sich am besten?<\/title>\n<meta name=\"description\" content=\"MSR Datenlogger Anwendungen, Kundenberichte. Welcher Datenlogger eignet sich am besten f\u00fcr meine Anwendung? W\u00e4hlen Sie\" \/>\n<meta name=\"robots\" content=\"index, follow, max-snippet:-1, max-image-preview:large, max-video-preview:-1\" \/>\n<link rel=\"canonical\" href=\"https:\/\/www.msr.ch\/de\/anwendungen\/\" \/>\n<meta property=\"og:locale\" content=\"de_DE\" \/>\n<meta property=\"og:type\" content=\"article\" \/>\n<meta property=\"og:title\" content=\"MSR Datenlogger Anwendungen: Welcher Logger eignet sich am besten?\" \/>\n<meta property=\"og:description\" content=\"MSR Datenlogger Anwendungen, Kundenberichte. Welcher Datenlogger eignet sich am besten f\u00fcr meine Anwendung? W\u00e4hlen Sie\" \/>\n<meta property=\"og:url\" content=\"https:\/\/www.msr.ch\/de\/anwendungen\/\" \/>\n<meta property=\"og:site_name\" content=\"DE MSR Datenlogger\" \/>\n<meta property=\"article:publisher\" content=\"https:\/\/www.facebook.com\/datenlogger.msr\/\" \/>\n<meta property=\"article:modified_time\" content=\"2023-07-04T12:24:20+00:00\" \/>\n<meta name=\"twitter:card\" content=\"summary_large_image\" \/>\n<meta name=\"twitter:label1\" content=\"Gesch\u00e4tzte Lesezeit\" \/>\n\t<meta name=\"twitter:data1\" content=\"3\u00a0Minuten\" \/>\n<script type=\"application\/ld+json\" class=\"yoast-schema-graph\">{\"@context\":\"https:\/\/schema.org\",\"@graph\":[{\"@type\":\"WebPage\",\"@id\":\"https:\/\/www.msr.ch\/de\/anwendungen\/\",\"url\":\"https:\/\/www.msr.ch\/de\/anwendungen\/\",\"name\":\"MSR Datenlogger Anwendungen: Welcher Logger eignet sich am besten?\",\"isPartOf\":{\"@id\":\"https:\/\/www.msr.ch\/de\/#website\"},\"primaryImageOfPage\":{\"@id\":\"https:\/\/www.msr.ch\/de\/anwendungen\/#primaryimage\"},\"image\":{\"@id\":\"https:\/\/www.msr.ch\/de\/anwendungen\/#primaryimage\"},\"thumbnailUrl\":\"https:\/\/www.msr.ch\/images\/Datenlogger-Transport-medizinisches-Geraet-Uroviva-Services-AG.jpg\",\"datePublished\":\"2022-04-21T13:16:06+00:00\",\"dateModified\":\"2023-07-04T12:24:20+00:00\",\"description\":\"MSR Datenlogger Anwendungen, Kundenberichte. Welcher Datenlogger eignet sich am besten f\u00fcr meine Anwendung? W\u00e4hlen Sie\",\"breadcrumb\":{\"@id\":\"https:\/\/www.msr.ch\/de\/anwendungen\/#breadcrumb\"},\"inLanguage\":\"de\",\"potentialAction\":[{\"@type\":\"ReadAction\",\"target\":[\"https:\/\/www.msr.ch\/de\/anwendungen\/\"]}]},{\"@type\":\"ImageObject\",\"inLanguage\":\"de\",\"@id\":\"https:\/\/www.msr.ch\/de\/anwendungen\/#primaryimage\",\"url\":\"https:\/\/www.msr.ch\/images\/Datenlogger-Transport-medizinisches-Geraet-Uroviva-Services-AG.jpg\",\"contentUrl\":\"https:\/\/www.msr.ch\/images\/Datenlogger-Transport-medizinisches-Geraet-Uroviva-Services-AG.jpg\"},{\"@type\":\"BreadcrumbList\",\"@id\":\"https:\/\/www.msr.ch\/de\/anwendungen\/#breadcrumb\",\"itemListElement\":[{\"@type\":\"ListItem\",\"position\":1,\"name\":\"Home\",\"item\":\"https:\/\/www.msr.ch\/de\/\"},{\"@type\":\"ListItem\",\"position\":2,\"name\":\"Anwendungen\"}]},{\"@type\":\"WebSite\",\"@id\":\"https:\/\/www.msr.ch\/de\/#website\",\"url\":\"https:\/\/www.msr.ch\/de\/\",\"name\":\"MSR Datenlogger\",\"description\":\"MSR Electronics GmbH\",\"potentialAction\":[{\"@type\":\"SearchAction\",\"target\":{\"@type\":\"EntryPoint\",\"urlTemplate\":\"https:\/\/www.msr.ch\/de\/?s={search_term_string}\"},\"query-input\":\"required name=search_term_string\"}],\"inLanguage\":\"de\"}]}<\/script>\n<!-- \/ Yoast SEO plugin. -->","yoast_head_json":{"title":"MSR Datenlogger Anwendungen: Welcher Logger eignet sich am besten?","description":"MSR Datenlogger Anwendungen, Kundenberichte. Welcher Datenlogger eignet sich am besten f\u00fcr meine Anwendung? W\u00e4hlen Sie","robots":{"index":"index","follow":"follow","max-snippet":"max-snippet:-1","max-image-preview":"max-image-preview:large","max-video-preview":"max-video-preview:-1"},"canonical":"https:\/\/www.msr.ch\/de\/anwendungen\/","og_locale":"de_DE","og_type":"article","og_title":"MSR Datenlogger Anwendungen: Welcher Logger eignet sich am besten?","og_description":"MSR Datenlogger Anwendungen, Kundenberichte. Welcher Datenlogger eignet sich am besten f\u00fcr meine Anwendung? W\u00e4hlen Sie","og_url":"https:\/\/www.msr.ch\/de\/anwendungen\/","og_site_name":"DE MSR Datenlogger","article_publisher":"https:\/\/www.facebook.com\/datenlogger.msr\/","article_modified_time":"2023-07-04T12:24:20+00:00","twitter_card":"summary_large_image","twitter_misc":{"Gesch\u00e4tzte Lesezeit":"3\u00a0Minuten"},"schema":{"@context":"https:\/\/schema.org","@graph":[{"@type":"WebPage","@id":"https:\/\/www.msr.ch\/de\/anwendungen\/","url":"https:\/\/www.msr.ch\/de\/anwendungen\/","name":"MSR Datenlogger Anwendungen: Welcher Logger eignet sich am besten?","isPartOf":{"@id":"https:\/\/www.msr.ch\/de\/#website"},"primaryImageOfPage":{"@id":"https:\/\/www.msr.ch\/de\/anwendungen\/#primaryimage"},"image":{"@id":"https:\/\/www.msr.ch\/de\/anwendungen\/#primaryimage"},"thumbnailUrl":"https:\/\/www.msr.ch\/images\/Datenlogger-Transport-medizinisches-Geraet-Uroviva-Services-AG.jpg","datePublished":"2022-04-21T13:16:06+00:00","dateModified":"2023-07-04T12:24:20+00:00","description":"MSR Datenlogger Anwendungen, Kundenberichte. Welcher Datenlogger eignet sich am besten f\u00fcr meine Anwendung? W\u00e4hlen Sie","breadcrumb":{"@id":"https:\/\/www.msr.ch\/de\/anwendungen\/#breadcrumb"},"inLanguage":"de","potentialAction":[{"@type":"ReadAction","target":["https:\/\/www.msr.ch\/de\/anwendungen\/"]}]},{"@type":"ImageObject","inLanguage":"de","@id":"https:\/\/www.msr.ch\/de\/anwendungen\/#primaryimage","url":"https:\/\/www.msr.ch\/images\/Datenlogger-Transport-medizinisches-Geraet-Uroviva-Services-AG.jpg","contentUrl":"https:\/\/www.msr.ch\/images\/Datenlogger-Transport-medizinisches-Geraet-Uroviva-Services-AG.jpg"},{"@type":"BreadcrumbList","@id":"https:\/\/www.msr.ch\/de\/anwendungen\/#breadcrumb","itemListElement":[{"@type":"ListItem","position":1,"name":"Home","item":"https:\/\/www.msr.ch\/de\/"},{"@type":"ListItem","position":2,"name":"Anwendungen"}]},{"@type":"WebSite","@id":"https:\/\/www.msr.ch\/de\/#website","url":"https:\/\/www.msr.ch\/de\/","name":"MSR Datenlogger","description":"MSR Electronics GmbH","potentialAction":[{"@type":"SearchAction","target":{"@type":"EntryPoint","urlTemplate":"https:\/\/www.msr.ch\/de\/?s={search_term_string}"},"query-input":"required name=search_term_string"}],"inLanguage":"de"}]}},"_links":{"self":[{"href":"https:\/\/www.msr.ch\/de\/wp-json\/wp\/v2\/pages\/7572"}],"collection":[{"href":"https:\/\/www.msr.ch\/de\/wp-json\/wp\/v2\/pages"}],"about":[{"href":"https:\/\/www.msr.ch\/de\/wp-json\/wp\/v2\/types\/page"}],"author":[{"embeddable":true,"href":"https:\/\/www.msr.ch\/de\/wp-json\/wp\/v2\/users\/1"}],"replies":[{"embeddable":true,"href":"https:\/\/www.msr.ch\/de\/wp-json\/wp\/v2\/comments?post=7572"}],"version-history":[{"count":89,"href":"https:\/\/www.msr.ch\/de\/wp-json\/wp\/v2\/pages\/7572\/revisions"}],"predecessor-version":[{"id":7643,"href":"https:\/\/www.msr.ch\/de\/wp-json\/wp\/v2\/pages\/7572\/revisions\/7643"}],"wp:featuredmedia":[{"embeddable":true,"href":"https:\/\/www.msr.ch\/de\/wp-json\/"}],"wp:attachment":[{"href":"https:\/\/www.msr.ch\/de\/wp-json\/wp\/v2\/media?parent=7572"}],"curies":[{"name":"wp","href":"https:\/\/api.w.org\/{rel}","templated":true}]}}