{"id":7579,"date":"2022-04-21T13:49:16","date_gmt":"2022-04-21T13:49:16","guid":{"rendered":"https:\/\/karabeg.xyz\/de\/?page_id=7579"},"modified":"2023-06-23T12:39:39","modified_gmt":"2023-06-23T12:39:39","slug":"ueberuns","status":"publish","type":"page","link":"https:\/\/www.msr.ch\/de\/ueberuns\/","title":{"rendered":"\u00dcber uns"},"content":{"rendered":"<div class=\"wpb-content-wrapper\"><p>[vc_row full_width=&#8220;stretch_row&#8220; css=&#8220;.vc_custom_1649764347690{background-image: url(\/images\/Slider_leer.jpg?id=2590) !important;}&#8220;][vc_column width=&#8220;1\/2&#8243;][vc_single_image image=&#8220;2604&#8243; img_size=&#8220;full&#8220; alignment=&#8220;center&#8220;][\/vc_column][vc_column width=&#8220;1\/2&#8243;][vc_empty_space height=&#8220;80px&#8220; el_class=&#8220;hide-on-small&#8220;][vc_column_text]<\/p>\n<p style=\"text-align: right;\"><span style=\"color: #333333; font-size: 24px;\"><strong>\u00abDer wichtigste Faktor f\u00fcr unsere Hightech-Datenlogger sind qualifizierte und motivierte Mitarbeiterinnen und Mitarbeiter.\u00bb<\/strong><\/span><\/p>\n<p style=\"text-align: right;\"><span style=\"font-size: 18px; color: #414145;\">Wendelin Egli, CEO MSR Electronics GmbH<\/span><\/p>\n<p>[\/vc_column_text][\/vc_column][\/vc_row][vc_row css=&#8220;.vc_custom_1649400929700{margin-bottom: 0px !important;}&#8220;][vc_column][vc_empty_space height=&#8220;20px&#8220;][vc_column_text]<\/p>\n<h1>Firmenportrait MSR Electronics GmbH<\/h1>\n<h2>MSR Modular Signal Recorder: Modulare Datenlogger und Funk-Datenlogger-Systeme<\/h2>\n<p>Die Firma MSR Electronics GmbH entstand 2006 durch ein Management-Buy-out des Bereichs Messtechnik aus dem Forschungs- und Entwicklungsunternehmen prospective concepts ag (Z\u00fcrich, Schweiz). Die MSR Electronics GmbH \u00fcbernahm s\u00e4mtliche Aktivit\u00e4ten der Abteilung MSR (\u00abMSR = Modular Signal Recorder\u00bb), darunter die Entwicklung, Herstellung, Vermarktung sowie den Verkauf der MSR Datenlogger.<\/p>\n<h3>Massgeschneiderte Produkte<\/h3>\n<p>MSR Electronics hat sich auf miniaturisierte, autonom einsetzbare <a href=\"\/de\/produkt\/datenlogger\/\">Datenlogger und drahtlose Messsysteme<\/a> spezialisiert. Jeder einzelne der modular zusammenstellbaren MSR Datenlogger wird kundenspezifisch am Sitz der Firma in Seuzach N\u00e4he Winterthur hergestellt. \u00abDer wichtigste Faktor f\u00fcr unsere hochwertigen Produkte sind qualifizierte und motivierte Mitarbeiter\u00bb, so Gesch\u00e4ftsf\u00fchrer Wendelin Egli. \u00abUnsere Kunden sch\u00e4tzen, dass wir als Spezialist auch auf ungew\u00f6hnliche und sehr spezielle Anwender-Anforderungen rasch eingehen k\u00f6nnen \u2013 \u00a0oftmals besser und direkter als Unternehmen, die auf den Gesamtmarkt ausgerichtet sind.\u00bb[\/vc_column_text][\/vc_column][\/vc_row][vc_row css=&#8220;.vc_custom_1650614450601{margin-top: 0px !important;margin-right: 0px !important;margin-bottom: 0px !important;margin-left: 0px !important;padding-top: 10px !important;padding-right: 10px !important;padding-bottom: 10px !important;padding-left: 10px !important;background: #ededed url(\/images\/Hintergrund-scaled.jpg?id=2591) !important;border-radius: 2px !important;}&#8220;][vc_column width=&#8220;1\/2&#8243;][vc_column_text css=&#8220;.vc_custom_1649401008872{padding-left: 10px !important;}&#8220;]<\/p>\n<h3>Kernkompetenzen<\/h3>\n<ul>\n<li>Entwicklung und Herstellung von standardisierten und anwendungsspezifischen Messdaten-Loggern f\u00fcr ein breites Spektrum von Anwendungen<\/li>\n<li>modulare Messtechnik, Sensoren und Elektronik<\/li>\n<li>Silikonvergusstechnik f\u00fcr wasserdichte Elektronikanwendungen<\/li>\n<li>internationales Netzwerk von Spezialisten, Partnerfirmen, Forschungsinstituten und Pr\u00fcfstellen<\/li>\n<\/ul>\n<p>[\/vc_column_text][\/vc_column][vc_column width=&#8220;1\/2&#8243;][vc_column_text css=&#8220;.vc_custom_1660224383805{padding-top: 10px !important;padding-right: 10px !important;padding-bottom: 10px !important;padding-left: 10px !important;}&#8220;]<\/p>\n<h3>OEM-Leistungen<\/h3>\n<ul>\n<li>Elektronik-\/Software-Entwicklung im technischen Bereich<\/li>\n<li>Layout-Entwicklung<\/li>\n<li>Konkretisierung von Visionen des Auftraggebers, Entwicklung von L\u00f6sungsans\u00e4tzen, Aufzeigen von Umsetzungs- und Realisierungsm\u00f6glichkeiten<\/li>\n<li>Konzeption, Planung und Realisation von Projekten, von der ersten Skizze \u00fcber die Erstellung von Prototypen bis hin zur Produktion von Vorserien<\/li>\n<li>Integration neuer L\u00f6sungen und Projekte in die Prozesse und Bereiche des Auftraggebers inklusive Nachbetreuung<\/li>\n<\/ul>\n<p>[\/vc_column_text][\/vc_column][\/vc_row][vc_row css=&#8220;.vc_custom_1655106211839{margin-top: 20px !important;}&#8220;][vc_column width=&#8220;1\/4&#8243;][vc_hoverbox image=&#8220;2549&#8243; primary_title=&#8220;&#8220; hover_title=&#8220;Wir finden f\u00fcr Sie innovative messtechnische L\u00f6sungen.&#8220; shape=&#8220;square&#8220; hover_background_color=&#8220;custom&#8220;][\/vc_hoverbox][\/vc_column][vc_column width=&#8220;1\/4&#8243;][vc_hoverbox image=&#8220;2550&#8243; primary_title=&#8220;&#8220; hover_title=&#8220;Schweizer Qualit\u00e4t und Pr\u00e4zision. Kundenspezifisch gefertigt in Winterthur.&#8220; shape=&#8220;square&#8220; hover_background_color=&#8220;custom&#8220;][\/vc_hoverbox][\/vc_column][vc_column width=&#8220;1\/4&#8243;][vc_hoverbox image=&#8220;2548&#8243; primary_title=&#8220;&#8220; hover_title=&#8220;Unsere Datenlogger sind preisgekr\u00f6nt und weltweit tausendfach im Einsatz.&#8220; shape=&#8220;square&#8220; hover_background_color=&#8220;custom&#8220; css=&#8220;.vc_custom_1660224548056{margin-bottom: 15px !important;}&#8220;][\/vc_hoverbox][\/vc_column][vc_column width=&#8220;1\/4&#8243;][vc_hoverbox image=&#8220;2910&#8243; primary_title=&#8220;&#8220; hover_title=&#8220;Sie w\u00fcnschen eine Beratung? Rufen Sie uns an!&#8220; shape=&#8220;square&#8220; hover_background_color=&#8220;custom&#8220; el_class=&#8220;.vc-hoverbox-inner { min-height: 500px !important; }&#8220;][\/vc_hoverbox][\/vc_column][\/vc_row][vc_row][vc_column][vc_empty_space][\/vc_column][\/vc_row][vc_row css=&#8220;.vc_custom_1655106144908{padding-top: 20px !important;}&#8220;][vc_column][vc_cta h2=&#8220;D\u00fcrfen wir Ihnen bei Ihrer Messaufgabe behilflich sein?&#8220; h2_font_container=&#8220;tag:h2|text_align:left|color:%230033cc&#8220; h2_use_theme_fonts=&#8220;yes&#8220; add_button=&#8220;right&#8220; btn_title=&#8220;Kontakt&#8220; use_custom_fonts_h2=&#8220;true&#8220; h2_link=&#8220;url:%2Fde%2Fkontakt%2F|title:Verkauf%20MSR%20Datenlogger&#8220; btn_link=&#8220;url:%2Fde%2Fkontakt%2F|title:Verkauf%20MSR%20Datenlogger&#8220; css=&#8220;.vc_custom_1687523605245{border-top-width: 6px !important;border-right-width: 6px !important;border-bottom-width: 6px !important;border-left-width: 6px !important;border-left-color: #0033cc !important;border-right-color: #0033cc !important;border-top-color: #0033cc !important;border-bottom-color: #0033cc !important;}&#8220;]Ob massgeschneiderte OEM-L\u00f6sung oder Standard-Datenlogger, wir sind gerne f\u00fcr Sie da.[\/vc_cta][\/vc_column][\/vc_row][vc_row css=&#8220;.vc_custom_1655106144908{padding-top: 20px !important;}&#8220;][vc_column][vc_column_text]<\/p>\n<h2>SRF, Bericht \u00fcber MSR Electronics GmbH: \u00abSchweizer Technik im All\u00bb<\/h2>\n<p>Bereits seit 2013 begleiten Mini-Datenlogger der MSR Electronics GmbH die Fl\u00fcge von unbemannten Raumfrachtern zur Internationalen Raumstation ISS. Die Datenlogger liefern den amerikanischen Raumfahrbeh\u00f6rden detaillierte Daten \u00fcber Transportbelastungen, welche auf das Frachtgut des unbemannten Versorgungsraumschiffes einwirken. Das Schweizer Fernsehen SRF berichtete im Wirtschaftsmagazin \u00abEco\u00bb \u00fcber die extraterrestrische Eins\u00e4tze der MSR165 Datenlogger.[\/vc_column_text][vc_empty_space height=&#8220;20px&#8220;][vc_video link=&#8220;https:\/\/www.youtube.com\/watch?v=59YeKL4HTSk&amp;t=6s&#8220;][\/vc_column][\/vc_row][vc_row el_class=&#8220;msr-grey-border&#8220;][vc_column][vc_custom_heading text=&#8220;Referenzen \u00bb&#8220; use_theme_fonts=&#8220;yes&#8220; el_class=&#8220;title&#8220; link=&#8220;url:%2Fde%2Fueberuns%2Freferenzen%2F|title:Referenzen&#8220;][vc_carousel_father slide_visible=&#8220;5&#8243; tabs=&#8220;5&#8243; arrowclr=&#8220;#d6d6d6&#8243; arrowsize=&#8220;20&#8243; arrowposition=&#8220;-20&#8243; dot=&#8220;false&#8220; google_fonts=&#8220;font_family:Abril%20Fatface%3Aregular|font_style:400%20regular%3A400%3Anormal&#8220;][vc_carousel_son img_radius=&#8220;&#8220; image_id=&#8220;2292&#8243;][\/vc_carousel_son][vc_carousel_son img_radius=&#8220;&#8220; image_id=&#8220;2288&#8243;][\/vc_carousel_son][vc_carousel_son img_radius=&#8220;&#8220; image_id=&#8220;3205&#8243;][\/vc_carousel_son][vc_carousel_son img_radius=&#8220;&#8220; image_id=&#8220;2782&#8243;][\/vc_carousel_son][vc_carousel_son img_radius=&#8220;&#8220; image_id=&#8220;2290&#8243;][\/vc_carousel_son][vc_carousel_son img_radius=&#8220;&#8220; image_id=&#8220;2291&#8243;][\/vc_carousel_son][vc_carousel_son img_radius=&#8220;&#8220; image_id=&#8220;3196&#8243;][\/vc_carousel_son][vc_carousel_son img_radius=&#8220;&#8220; image_id=&#8220;3200&#8243;][\/vc_carousel_son][vc_carousel_son img_radius=&#8220;&#8220; image_id=&#8220;2289&#8243;][\/vc_carousel_son][vc_carousel_son img_radius=&#8220;&#8220; image_id=&#8220;2789&#8243;][\/vc_carousel_son][vc_carousel_son img_radius=&#8220;&#8220; image_id=&#8220;2793&#8243;][\/vc_carousel_son][vc_carousel_son img_radius=&#8220;&#8220; image_id=&#8220;2771&#8243;][\/vc_carousel_son][vc_carousel_son img_radius=&#8220;&#8220; image_id=&#8220;3202&#8243;][\/vc_carousel_son][vc_carousel_son img_radius=&#8220;&#8220; image_id=&#8220;3204&#8243;][\/vc_carousel_son][vc_carousel_son img_radius=&#8220;&#8220; image_id=&#8220;3208&#8243;][\/vc_carousel_son][vc_carousel_son img_radius=&#8220;&#8220; image_id=&#8220;3201&#8243;][\/vc_carousel_son][vc_carousel_son img_radius=&#8220;&#8220; image_id=&#8220;3198&#8243;][\/vc_carousel_son][vc_carousel_son img_radius=&#8220;&#8220; image_id=&#8220;3206&#8243;][\/vc_carousel_son][vc_carousel_son img_radius=&#8220;&#8220; image_id=&#8220;3199&#8243;][\/vc_carousel_son][vc_carousel_son img_radius=&#8220;&#8220; image_id=&#8220;3207&#8243;][\/vc_carousel_son][vc_carousel_son img_radius=&#8220;&#8220; image_id=&#8220;2287&#8243;][\/vc_carousel_son][vc_carousel_son img_radius=&#8220;&#8220; image_id=&#8220;2790&#8243;][\/vc_carousel_son][vc_carousel_son img_radius=&#8220;&#8220; image_id=&#8220;2778&#8243;][\/vc_carousel_son][vc_carousel_son img_radius=&#8220;&#8220; image_id=&#8220;2799&#8243;][\/vc_carousel_son][vc_carousel_son img_radius=&#8220;&#8220; image_id=&#8220;2797&#8243;][\/vc_carousel_son][vc_carousel_son img_radius=&#8220;&#8220; image_id=&#8220;2794&#8243;][\/vc_carousel_son][vc_carousel_son img_radius=&#8220;&#8220; image_id=&#8220;2780&#8243;][\/vc_carousel_son][vc_carousel_son img_radius=&#8220;&#8220; image_id=&#8220;2792&#8243;][\/vc_carousel_son][vc_carousel_son img_radius=&#8220;&#8220; image_id=&#8220;2765&#8243;][\/vc_carousel_son][vc_carousel_son img_radius=&#8220;&#8220; image_id=&#8220;2779&#8243;][\/vc_carousel_son][vc_carousel_son img_radius=&#8220;&#8220; image_id=&#8220;2791&#8243;][\/vc_carousel_son][vc_carousel_son img_radius=&#8220;&#8220; image_id=&#8220;2775&#8243;][\/vc_carousel_son][vc_carousel_son img_radius=&#8220;&#8220; image_id=&#8220;2785&#8243;][\/vc_carousel_son][vc_carousel_son img_radius=&#8220;&#8220; image_id=&#8220;2783&#8243;][\/vc_carousel_son][vc_carousel_son img_radius=&#8220;&#8220; image_id=&#8220;2772&#8243;][\/vc_carousel_son][\/vc_carousel_father][\/vc_column][\/vc_row][vc_row][vc_column][vc_empty_space][\/vc_column][\/vc_row][vc_row full_width=&#8220;stretch_row&#8220; css=&#8220;.vc_custom_1646385260453{background-color: #0033cc !important;}&#8220;][vc_column][vc_cta h2=&#8220;Alle MSR (Modular Signal Recorder) Datenlogger auf einen Blick.&#8220; h2_font_container=&#8220;tag:h2|text_align:left|color:%230033cc&#8220; h2_use_theme_fonts=&#8220;yes&#8220; h4=&#8220;Ihren Datenlogger fertigen wir f\u00fcr Sie kundenspezifisch an unserem Firmensitz in Seuzach an.&#8220; shape=&#8220;square&#8220; add_button=&#8220;right&#8220; btn_title=&#8220;Produkt-Flyer (PDF)&#8220; btn_color=&#8220;warning&#8220; btn_i_icon_fontawesome=&#8220;fas fa-download&#8220; use_custom_fonts_h2=&#8220;true&#8220; btn_add_icon=&#8220;true&#8220; btn_link=&#8220;url:https%3A%2F%2Fwww.msr.ch%2Fmedia%2Fpdf%2FProduktflyer-MSR-Electronics-Datenlogger.pdf|title:MSR%20Produkt%C3%BCbersicht%20(Flyer)&#8220;][\/vc_cta][\/vc_column][\/vc_row][vc_row][vc_column][vc_empty_space][\/vc_column][\/vc_row]<\/p>\n<\/div>","protected":false},"excerpt":{"rendered":"<p>[vc_row full_width=&#8220;stretch_row&#8220; css=&#8220;.vc_custom_1649764347690{background-image: url(\/images\/Slider_leer.jpg?id=2590) !important;}&#8220;][vc_column width=&#8220;1\/2&#8243;][vc_single_image image=&#8220;2604&#8243; img_size=&#8220;full&#8220; alignment=&#8220;center&#8220;][\/vc_column][vc_column width=&#8220;1\/2&#8243;][vc_empty_space height=&#8220;80px&#8220; el_class=&#8220;hide-on-small&#8220;][vc_column_text] \u00abDer wichtigste Faktor f\u00fcr unsere Hightech-Datenlogger sind qualifizierte und motivierte Mitarbeiterinnen und Mitarbeiter.\u00bb Wendelin Egli, CEO MSR Electronics GmbH [\/vc_column_text][\/vc_column][\/vc_row][vc_row css=&#8220;.vc_custom_1649400929700{margin-bottom: 0px !important;}&#8220;][vc_column][vc_empty_space height=&#8220;20px&#8220;][vc_column_text] Firmenportrait MSR Electronics GmbH &hellip;<\/p>\n","protected":false},"author":1,"featured_media":3179,"parent":0,"menu_order":0,"comment_status":"closed","ping_status":"closed","template":"","meta":{"footnotes":""},"yoast_head":"<!-- This site is optimized with the Yoast SEO plugin v22.9 - https:\/\/yoast.com\/wordpress\/plugins\/seo\/ -->\n<title>MSR Electronics Firmenportrait | MSR Datenlogger<\/title>\n<meta name=\"description\" content=\"MSR Electronics \u00dcber uns. MSR Modular Signal Recorder, modulare Datenlogger und Funk-Datenlogger-Systeme. OEM-Leistungen...\" \/>\n<meta name=\"robots\" content=\"index, follow, max-snippet:-1, max-image-preview:large, max-video-preview:-1\" \/>\n<link rel=\"canonical\" href=\"https:\/\/www.msr.ch\/de\/ueberuns\/\" \/>\n<meta property=\"og:locale\" content=\"de_DE\" \/>\n<meta property=\"og:type\" content=\"article\" \/>\n<meta property=\"og:title\" content=\"MSR Electronics Firmenportrait | MSR Datenlogger\" \/>\n<meta property=\"og:description\" content=\"MSR Electronics \u00dcber uns. MSR Modular Signal Recorder, modulare Datenlogger und Funk-Datenlogger-Systeme. OEM-Leistungen...\" \/>\n<meta property=\"og:url\" content=\"https:\/\/www.msr.ch\/de\/ueberuns\/\" \/>\n<meta property=\"og:site_name\" content=\"DE MSR Datenlogger\" \/>\n<meta property=\"article:publisher\" content=\"https:\/\/www.facebook.com\/datenlogger.msr\/\" \/>\n<meta property=\"article:modified_time\" content=\"2023-06-23T12:39:39+00:00\" \/>\n<meta name=\"twitter:card\" content=\"summary_large_image\" \/>\n<meta name=\"twitter:label1\" content=\"Gesch\u00e4tzte Lesezeit\" \/>\n\t<meta name=\"twitter:data1\" content=\"4\u00a0Minuten\" \/>\n<script type=\"application\/ld+json\" class=\"yoast-schema-graph\">{\"@context\":\"https:\/\/schema.org\",\"@graph\":[{\"@type\":\"WebPage\",\"@id\":\"https:\/\/www.msr.ch\/de\/ueberuns\/\",\"url\":\"https:\/\/www.msr.ch\/de\/ueberuns\/\",\"name\":\"MSR Electronics Firmenportrait | MSR Datenlogger\",\"isPartOf\":{\"@id\":\"https:\/\/www.msr.ch\/de\/#website\"},\"primaryImageOfPage\":{\"@id\":\"https:\/\/www.msr.ch\/de\/ueberuns\/#primaryimage\"},\"image\":{\"@id\":\"https:\/\/www.msr.ch\/de\/ueberuns\/#primaryimage\"},\"thumbnailUrl\":\"https:\/\/www.msr.ch\/images\/Wendelin-Egli-MSR.jpg\",\"datePublished\":\"2022-04-21T13:49:16+00:00\",\"dateModified\":\"2023-06-23T12:39:39+00:00\",\"description\":\"MSR Electronics \u00dcber uns. MSR Modular Signal Recorder, modulare Datenlogger und Funk-Datenlogger-Systeme. OEM-Leistungen...\",\"breadcrumb\":{\"@id\":\"https:\/\/www.msr.ch\/de\/ueberuns\/#breadcrumb\"},\"inLanguage\":\"de\",\"potentialAction\":[{\"@type\":\"ReadAction\",\"target\":[\"https:\/\/www.msr.ch\/de\/ueberuns\/\"]}]},{\"@type\":\"ImageObject\",\"inLanguage\":\"de\",\"@id\":\"https:\/\/www.msr.ch\/de\/ueberuns\/#primaryimage\",\"url\":\"https:\/\/www.msr.ch\/images\/Wendelin-Egli-MSR.jpg\",\"contentUrl\":\"https:\/\/www.msr.ch\/images\/Wendelin-Egli-MSR.jpg\"},{\"@type\":\"BreadcrumbList\",\"@id\":\"https:\/\/www.msr.ch\/de\/ueberuns\/#breadcrumb\",\"itemListElement\":[{\"@type\":\"ListItem\",\"position\":1,\"name\":\"Home\",\"item\":\"https:\/\/www.msr.ch\/de\/\"},{\"@type\":\"ListItem\",\"position\":2,\"name\":\"\u00dcber uns\"}]},{\"@type\":\"WebSite\",\"@id\":\"https:\/\/www.msr.ch\/de\/#website\",\"url\":\"https:\/\/www.msr.ch\/de\/\",\"name\":\"MSR Datenlogger\",\"description\":\"MSR Electronics GmbH\",\"potentialAction\":[{\"@type\":\"SearchAction\",\"target\":{\"@type\":\"EntryPoint\",\"urlTemplate\":\"https:\/\/www.msr.ch\/de\/?s={search_term_string}\"},\"query-input\":\"required name=search_term_string\"}],\"inLanguage\":\"de\"}]}<\/script>\n<!-- \/ Yoast SEO plugin. -->","yoast_head_json":{"title":"MSR Electronics Firmenportrait | MSR Datenlogger","description":"MSR Electronics \u00dcber uns. MSR Modular Signal Recorder, modulare Datenlogger und Funk-Datenlogger-Systeme. OEM-Leistungen...","robots":{"index":"index","follow":"follow","max-snippet":"max-snippet:-1","max-image-preview":"max-image-preview:large","max-video-preview":"max-video-preview:-1"},"canonical":"https:\/\/www.msr.ch\/de\/ueberuns\/","og_locale":"de_DE","og_type":"article","og_title":"MSR Electronics Firmenportrait | MSR Datenlogger","og_description":"MSR Electronics \u00dcber uns. MSR Modular Signal Recorder, modulare Datenlogger und Funk-Datenlogger-Systeme. OEM-Leistungen...","og_url":"https:\/\/www.msr.ch\/de\/ueberuns\/","og_site_name":"DE MSR Datenlogger","article_publisher":"https:\/\/www.facebook.com\/datenlogger.msr\/","article_modified_time":"2023-06-23T12:39:39+00:00","twitter_card":"summary_large_image","twitter_misc":{"Gesch\u00e4tzte Lesezeit":"4\u00a0Minuten"},"schema":{"@context":"https:\/\/schema.org","@graph":[{"@type":"WebPage","@id":"https:\/\/www.msr.ch\/de\/ueberuns\/","url":"https:\/\/www.msr.ch\/de\/ueberuns\/","name":"MSR Electronics Firmenportrait | MSR Datenlogger","isPartOf":{"@id":"https:\/\/www.msr.ch\/de\/#website"},"primaryImageOfPage":{"@id":"https:\/\/www.msr.ch\/de\/ueberuns\/#primaryimage"},"image":{"@id":"https:\/\/www.msr.ch\/de\/ueberuns\/#primaryimage"},"thumbnailUrl":"https:\/\/www.msr.ch\/images\/Wendelin-Egli-MSR.jpg","datePublished":"2022-04-21T13:49:16+00:00","dateModified":"2023-06-23T12:39:39+00:00","description":"MSR Electronics \u00dcber uns. MSR Modular Signal Recorder, modulare Datenlogger und Funk-Datenlogger-Systeme. OEM-Leistungen...","breadcrumb":{"@id":"https:\/\/www.msr.ch\/de\/ueberuns\/#breadcrumb"},"inLanguage":"de","potentialAction":[{"@type":"ReadAction","target":["https:\/\/www.msr.ch\/de\/ueberuns\/"]}]},{"@type":"ImageObject","inLanguage":"de","@id":"https:\/\/www.msr.ch\/de\/ueberuns\/#primaryimage","url":"https:\/\/www.msr.ch\/images\/Wendelin-Egli-MSR.jpg","contentUrl":"https:\/\/www.msr.ch\/images\/Wendelin-Egli-MSR.jpg"},{"@type":"BreadcrumbList","@id":"https:\/\/www.msr.ch\/de\/ueberuns\/#breadcrumb","itemListElement":[{"@type":"ListItem","position":1,"name":"Home","item":"https:\/\/www.msr.ch\/de\/"},{"@type":"ListItem","position":2,"name":"\u00dcber uns"}]},{"@type":"WebSite","@id":"https:\/\/www.msr.ch\/de\/#website","url":"https:\/\/www.msr.ch\/de\/","name":"MSR Datenlogger","description":"MSR Electronics GmbH","potentialAction":[{"@type":"SearchAction","target":{"@type":"EntryPoint","urlTemplate":"https:\/\/www.msr.ch\/de\/?s={search_term_string}"},"query-input":"required name=search_term_string"}],"inLanguage":"de"}]}},"_links":{"self":[{"href":"https:\/\/www.msr.ch\/de\/wp-json\/wp\/v2\/pages\/7579"}],"collection":[{"href":"https:\/\/www.msr.ch\/de\/wp-json\/wp\/v2\/pages"}],"about":[{"href":"https:\/\/www.msr.ch\/de\/wp-json\/wp\/v2\/types\/page"}],"author":[{"embeddable":true,"href":"https:\/\/www.msr.ch\/de\/wp-json\/wp\/v2\/users\/1"}],"replies":[{"embeddable":true,"href":"https:\/\/www.msr.ch\/de\/wp-json\/wp\/v2\/comments?post=7579"}],"version-history":[{"count":53,"href":"https:\/\/www.msr.ch\/de\/wp-json\/wp\/v2\/pages\/7579\/revisions"}],"predecessor-version":[{"id":12235,"href":"https:\/\/www.msr.ch\/de\/wp-json\/wp\/v2\/pages\/7579\/revisions\/12235"}],"wp:featuredmedia":[{"embeddable":true,"href":"https:\/\/www.msr.ch\/de\/wp-json\/"}],"wp:attachment":[{"href":"https:\/\/www.msr.ch\/de\/wp-json\/wp\/v2\/media?parent=7579"}],"curies":[{"name":"wp","href":"https:\/\/api.w.org\/{rel}","templated":true}]}}