{"id":7700,"date":"2022-04-22T15:09:21","date_gmt":"2022-04-22T15:09:21","guid":{"rendered":"https:\/\/karabeg.xyz\/de\/?page_id=7700"},"modified":"2022-08-25T04:19:32","modified_gmt":"2022-08-25T04:19:32","slug":"msr-software","status":"publish","type":"page","link":"https:\/\/www.msr.ch\/de\/support\/msr-software\/","title":{"rendered":"\u00dcbersicht MSR Software"},"content":{"rendered":"<div class=\"wpb-content-wrapper\"><p>[vc_row][vc_column][vc_column_text]<\/p>\n<h1>\u00dcbersicht MSR Software<\/h1>\n<h2>Leistungsf\u00e4hige und bedienerfreundliche Software f\u00fcr MSR Datenlogger<\/h2>\n<p>Die Konfiguration und das Auslesen der MSR Datenlogger sowie der Export von Messdaten und die Auswertung der aufgezeichneten Daten erfolgt mithilfe leistungsf\u00e4higer MSR PC-Software.<\/p>\n<p><strong>Beim Kauf eines MSR Datenloggers wird Ihnen die PC-Software kostenlos dazu geliefert.<\/strong>[\/vc_column_text][\/vc_column][\/vc_row][vc_row full_width=&#8220;stretch_row&#8220; css=&#8220;.vc_custom_1650956189238{margin-top: 0px !important;margin-bottom: 0px !important;padding-top: 40px !important;padding-bottom: 70px !important;}&#8220;][vc_column width=&#8220;1\/2&#8243;]<div class='featured featured-has-link featured-has-content msr-style-grey-ii'><div class='featured-header'><a target='_self' href='\/de\/support\/msr-software\/pcsoftware\/'><img alt='MSR PC-Software (Standard)' src='https:\/\/www.msr.ch\/images\/PC-Software-Standard-1.jpg'\/><\/a><\/div><div class='featured-content'><h3 class='featured-title text-uppercase'><a target='_self' href='\/de\/support\/msr-software\/pcsoftware\/'>MSR PC-Software (Standard)<\/a><\/h3><p class='featured-desc'>Konfigurations- und Auswertesoftware f\u00fcr MSR Datenlogger<\/p><a class='btn btn-md btn-minimal' target='_self' href='\/de\/support\/msr-software\/pcsoftware\/'>MEHR<\/a><\/div><\/div>[vc_empty_space height=&#8220;40px&#8220;]<div class='featured featured-has-link featured-has-content msr-style-grey-ii'><div class='featured-header'><a target='_self' href='\/de\/support\/msr-software\/software-msr175-datenlogger\/'><img alt='MSR175 PC-Software' src='https:\/\/www.msr.ch\/images\/MSR175-PC-Software.jpg'\/><\/a><\/div><div class='featured-content'><h3 class='featured-title text-uppercase'><a target='_self' href='\/de\/support\/msr-software\/software-msr175-datenlogger\/'>MSR175 PC-Software<\/a><\/h3><p class='featured-desc'>Konfigurations- und Auswertesoftware f\u00fcr die Datenlogger MSR175 und MSR175plus<\/p><a class='btn btn-md btn-minimal' target='_self' href='\/de\/support\/msr-software\/software-msr175-datenlogger\/'>MEHR<\/a><\/div><\/div>[vc_empty_space height=&#8220;40px&#8220;]<div class='featured featured-has-link featured-has-content msr-style-grey-ii'><div class='featured-header'><a target='_self' href='\/de\/support\/msr-software\/msr-flexsoftware\/'><img alt='MSR Flex-Software' src='https:\/\/www.msr.ch\/images\/Flex-Software-1.jpg'\/><\/a><\/div><div class='featured-content'><h3 class='featured-title text-uppercase'><a target='_self' href='\/de\/support\/msr-software\/msr-flexsoftware\/'>MSR Flex-Software<\/a><\/h3><p class='featured-desc'><\/p>\n<p class=\"entry-title\">Software f\u00fcr MSR FlexSensoren: MSR FlexViewer, MSR FlexConfigurator<\/p>\n<p><\/p><a class='btn btn-md btn-minimal' target='_self' href='\/de\/support\/msr-software\/msr-flexsoftware\/'>MEHR<\/a><\/div><\/div>[\/vc_column][vc_column width=&#8220;1\/2&#8243;]<div class='featured featured-has-link featured-has-content msr-style-grey-ii'><div class='featured-header'><a target='_self' href='\/de\/support\/msr-software\/msr-shockviewer-software\/'><img alt='MSR165 ShockViewer' src='https:\/\/www.msr.ch\/images\/Shock-Viewer.jpg'\/><\/a><\/div><div class='featured-content'><h3 class='featured-title text-uppercase'><a target='_self' href='\/de\/support\/msr-software\/msr-shockviewer-software\/'>MSR165 ShockViewer<\/a><\/h3><p class='featured-desc'><\/p>\n<p class=\"entry-title\">Auswertesoftware f\u00fcr Schock-Datenlogger MSR165<\/p>\n<p><\/p><a class='btn btn-md btn-minimal' target='_self' href='\/de\/support\/msr-software\/msr-shockviewer-software\/'>MEHR<\/a><\/div><\/div>[vc_empty_space height=&#8220;40px&#8220;]<div class='featured featured-has-link featured-has-content msr-style-grey-ii'><div class='featured-header'><a target='_self' href='\/de\/support\/msr-software\/wlan-datenlogger-software\/'><img alt='MSR WLAN-Software' src='https:\/\/www.msr.ch\/images\/WLAN_Software.jpg'\/><\/a><\/div><div class='featured-content'><h3 class='featured-title text-uppercase'><a target='_self' href='\/de\/support\/msr-software\/wlan-datenlogger-software\/'>MSR WLAN-Software<\/a><\/h3><p class='featured-desc'>LocalViewer: Zusatzprogramm f\u00fcr WLAN-Datenlogger MSR145W2D und MSR147W2D<\/p><a class='btn btn-md btn-minimal' target='_self' href='\/de\/support\/msr-software\/wlan-datenlogger-software\/'>MEHR<\/a><\/div><\/div>[vc_empty_space height=&#8220;40px&#8220;]<div class='featured featured-has-link featured-has-content msr-style-grey-ii'><div class='featured-header'><a target='_self' href='\/de\/support\/faq\/'><img alt='FAQ' src='https:\/\/www.msr.ch\/images\/Fragezeichen-2.jpg'\/><\/a><\/div><div class='featured-content'><h3 class='featured-title text-uppercase'><a target='_self' href='\/de\/support\/faq\/'>FAQ<\/a><\/h3><p class='featured-desc'>Ihre Fragen \u2013 unsere Antworten!<\/p><a class='btn btn-md btn-minimal' target='_self' href='\/de\/support\/faq\/'>MEHR<\/a><\/div><\/div>[\/vc_column][\/vc_row]<\/p>\n<\/div>","protected":false},"excerpt":{"rendered":"<p>[vc_row][vc_column][vc_column_text] \u00dcbersicht MSR Software Leistungsf\u00e4hige und bedienerfreundliche Software f\u00fcr MSR Datenlogger Die Konfiguration und das Auslesen der MSR Datenlogger sowie der Export von Messdaten und die Auswertung der aufgezeichneten Daten erfolgt mithilfe leistungsf\u00e4higer MSR PC-Software. Beim Kauf eines MSR Datenloggers &hellip;<\/p>\n","protected":false},"author":1,"featured_media":0,"parent":7576,"menu_order":0,"comment_status":"closed","ping_status":"closed","template":"","meta":{"footnotes":""},"yoast_head":"<!-- This site is optimized with the Yoast SEO plugin v22.9 - https:\/\/yoast.com\/wordpress\/plugins\/seo\/ -->\n<title>\u00dcbersicht MSR Software | MSR Datenlogger<\/title>\n<meta name=\"description\" content=\"\u00dcbersicht MSR Software: Leistungsf\u00e4hige und bedienerfreundliche Software zu den MSR Datenloggern. MSR PC-Software, MSR ShockViewer...\" \/>\n<meta name=\"robots\" content=\"index, follow, max-snippet:-1, max-image-preview:large, max-video-preview:-1\" \/>\n<link rel=\"canonical\" href=\"https:\/\/www.msr.ch\/de\/support\/msr-software\/\" \/>\n<meta property=\"og:locale\" content=\"de_DE\" \/>\n<meta property=\"og:type\" content=\"article\" \/>\n<meta property=\"og:title\" content=\"\u00dcbersicht MSR Software | MSR Datenlogger\" \/>\n<meta property=\"og:description\" content=\"\u00dcbersicht MSR Software: Leistungsf\u00e4hige und bedienerfreundliche Software zu den MSR Datenloggern. MSR PC-Software, MSR ShockViewer...\" \/>\n<meta property=\"og:url\" content=\"https:\/\/www.msr.ch\/de\/support\/msr-software\/\" \/>\n<meta property=\"og:site_name\" content=\"DE MSR Datenlogger\" \/>\n<meta property=\"article:publisher\" content=\"https:\/\/www.facebook.com\/datenlogger.msr\/\" \/>\n<meta property=\"article:modified_time\" content=\"2022-08-25T04:19:32+00:00\" \/>\n<meta name=\"twitter:card\" content=\"summary_large_image\" \/>\n<meta name=\"twitter:label1\" content=\"Gesch\u00e4tzte Lesezeit\" \/>\n\t<meta name=\"twitter:data1\" content=\"1\u00a0Minute\" \/>\n<script type=\"application\/ld+json\" class=\"yoast-schema-graph\">{\"@context\":\"https:\/\/schema.org\",\"@graph\":[{\"@type\":\"WebPage\",\"@id\":\"https:\/\/www.msr.ch\/de\/support\/msr-software\/\",\"url\":\"https:\/\/www.msr.ch\/de\/support\/msr-software\/\",\"name\":\"\u00dcbersicht MSR Software | MSR Datenlogger\",\"isPartOf\":{\"@id\":\"https:\/\/www.msr.ch\/de\/#website\"},\"datePublished\":\"2022-04-22T15:09:21+00:00\",\"dateModified\":\"2022-08-25T04:19:32+00:00\",\"description\":\"\u00dcbersicht MSR Software: Leistungsf\u00e4hige und bedienerfreundliche Software zu den MSR Datenloggern. MSR PC-Software, MSR ShockViewer...\",\"breadcrumb\":{\"@id\":\"https:\/\/www.msr.ch\/de\/support\/msr-software\/#breadcrumb\"},\"inLanguage\":\"de\",\"potentialAction\":[{\"@type\":\"ReadAction\",\"target\":[\"https:\/\/www.msr.ch\/de\/support\/msr-software\/\"]}]},{\"@type\":\"BreadcrumbList\",\"@id\":\"https:\/\/www.msr.ch\/de\/support\/msr-software\/#breadcrumb\",\"itemListElement\":[{\"@type\":\"ListItem\",\"position\":1,\"name\":\"Home\",\"item\":\"https:\/\/www.msr.ch\/de\/\"},{\"@type\":\"ListItem\",\"position\":2,\"name\":\"Software &#038; Support\",\"item\":\"https:\/\/www.msr.ch\/de\/support\/\"},{\"@type\":\"ListItem\",\"position\":3,\"name\":\"\u00dcbersicht MSR Software\"}]},{\"@type\":\"WebSite\",\"@id\":\"https:\/\/www.msr.ch\/de\/#website\",\"url\":\"https:\/\/www.msr.ch\/de\/\",\"name\":\"MSR Datenlogger\",\"description\":\"MSR Electronics GmbH\",\"potentialAction\":[{\"@type\":\"SearchAction\",\"target\":{\"@type\":\"EntryPoint\",\"urlTemplate\":\"https:\/\/www.msr.ch\/de\/?s={search_term_string}\"},\"query-input\":\"required name=search_term_string\"}],\"inLanguage\":\"de\"}]}<\/script>\n<!-- \/ Yoast SEO plugin. -->","yoast_head_json":{"title":"\u00dcbersicht MSR Software | MSR Datenlogger","description":"\u00dcbersicht MSR Software: Leistungsf\u00e4hige und bedienerfreundliche Software zu den MSR Datenloggern. MSR PC-Software, MSR ShockViewer...","robots":{"index":"index","follow":"follow","max-snippet":"max-snippet:-1","max-image-preview":"max-image-preview:large","max-video-preview":"max-video-preview:-1"},"canonical":"https:\/\/www.msr.ch\/de\/support\/msr-software\/","og_locale":"de_DE","og_type":"article","og_title":"\u00dcbersicht MSR Software | MSR Datenlogger","og_description":"\u00dcbersicht MSR Software: Leistungsf\u00e4hige und bedienerfreundliche Software zu den MSR Datenloggern. MSR PC-Software, MSR ShockViewer...","og_url":"https:\/\/www.msr.ch\/de\/support\/msr-software\/","og_site_name":"DE MSR Datenlogger","article_publisher":"https:\/\/www.facebook.com\/datenlogger.msr\/","article_modified_time":"2022-08-25T04:19:32+00:00","twitter_card":"summary_large_image","twitter_misc":{"Gesch\u00e4tzte Lesezeit":"1\u00a0Minute"},"schema":{"@context":"https:\/\/schema.org","@graph":[{"@type":"WebPage","@id":"https:\/\/www.msr.ch\/de\/support\/msr-software\/","url":"https:\/\/www.msr.ch\/de\/support\/msr-software\/","name":"\u00dcbersicht MSR Software | MSR Datenlogger","isPartOf":{"@id":"https:\/\/www.msr.ch\/de\/#website"},"datePublished":"2022-04-22T15:09:21+00:00","dateModified":"2022-08-25T04:19:32+00:00","description":"\u00dcbersicht MSR Software: Leistungsf\u00e4hige und bedienerfreundliche Software zu den MSR Datenloggern. MSR PC-Software, MSR ShockViewer...","breadcrumb":{"@id":"https:\/\/www.msr.ch\/de\/support\/msr-software\/#breadcrumb"},"inLanguage":"de","potentialAction":[{"@type":"ReadAction","target":["https:\/\/www.msr.ch\/de\/support\/msr-software\/"]}]},{"@type":"BreadcrumbList","@id":"https:\/\/www.msr.ch\/de\/support\/msr-software\/#breadcrumb","itemListElement":[{"@type":"ListItem","position":1,"name":"Home","item":"https:\/\/www.msr.ch\/de\/"},{"@type":"ListItem","position":2,"name":"Software &#038; Support","item":"https:\/\/www.msr.ch\/de\/support\/"},{"@type":"ListItem","position":3,"name":"\u00dcbersicht MSR Software"}]},{"@type":"WebSite","@id":"https:\/\/www.msr.ch\/de\/#website","url":"https:\/\/www.msr.ch\/de\/","name":"MSR Datenlogger","description":"MSR Electronics GmbH","potentialAction":[{"@type":"SearchAction","target":{"@type":"EntryPoint","urlTemplate":"https:\/\/www.msr.ch\/de\/?s={search_term_string}"},"query-input":"required name=search_term_string"}],"inLanguage":"de"}]}},"_links":{"self":[{"href":"https:\/\/www.msr.ch\/de\/wp-json\/wp\/v2\/pages\/7700"}],"collection":[{"href":"https:\/\/www.msr.ch\/de\/wp-json\/wp\/v2\/pages"}],"about":[{"href":"https:\/\/www.msr.ch\/de\/wp-json\/wp\/v2\/types\/page"}],"author":[{"embeddable":true,"href":"https:\/\/www.msr.ch\/de\/wp-json\/wp\/v2\/users\/1"}],"replies":[{"embeddable":true,"href":"https:\/\/www.msr.ch\/de\/wp-json\/wp\/v2\/comments?post=7700"}],"version-history":[{"count":46,"href":"https:\/\/www.msr.ch\/de\/wp-json\/wp\/v2\/pages\/7700\/revisions"}],"predecessor-version":[{"id":7702,"href":"https:\/\/www.msr.ch\/de\/wp-json\/wp\/v2\/pages\/7700\/revisions\/7702"}],"up":[{"embeddable":true,"href":"https:\/\/www.msr.ch\/de\/wp-json\/wp\/v2\/pages\/7576"}],"wp:attachment":[{"href":"https:\/\/www.msr.ch\/de\/wp-json\/wp\/v2\/media?parent=7700"}],"curies":[{"name":"wp","href":"https:\/\/api.w.org\/{rel}","templated":true}]}}