{"id":7737,"date":"2022-04-23T15:10:16","date_gmt":"2022-04-23T15:10:16","guid":{"rendered":"https:\/\/karabeg.xyz\/de\/?page_id=7737"},"modified":"2022-10-04T07:48:15","modified_gmt":"2022-10-04T07:48:15","slug":"pcsoftware","status":"publish","type":"page","link":"https:\/\/www.msr.ch\/de\/support\/msr-software\/pcsoftware\/","title":{"rendered":"MSR PC-Software (Standard)"},"content":{"rendered":"<div class=\"wpb-content-wrapper\"><p>[vc_row][vc_column][vc_column_text css=&#8220;.vc_custom_1652942866125{padding-bottom: 20px !important;}&#8220;]<\/p>\n<h1 class=\"entry-title\">MSR PC-Software (Standard)<\/h1>\n<h2>Konfigurations- und Auswertesoftware f\u00fcr MSR Datenlogger<\/h2>\n<p class=\"article_intro\">Die Konfiguration und das Auslesen der MSR Datenlogger sowie der Export von Messdaten und die Auswertung der aufgezeichneten Daten erfolgt mithilfe der leistungsf\u00e4higen MSR PC-Software. Beim Kauf eines MSR Datenloggers wird Ihnen die zu dem Zeitpunkt aktuelle PC-Software kostenlos mitgeliefert.<\/p>\n<p>[\/vc_column_text][\/vc_column][\/vc_row][vc_row css=&#8220;.vc_custom_1652942785307{margin-top: 2px !important;margin-right: 2px !important;margin-bottom: 2px !important;margin-left: 2px !important;background-color: #ededed !important;}&#8220;][vc_column][vc_column_text css=&#8220;.vc_custom_1664869675639{margin-top: 2px !important;margin-right: 2px !important;margin-bottom: 2px !important;margin-left: 2px !important;padding-bottom: 10px !important;}&#8220;]<\/p>\n<h3>MSR PC-Software-Paket: Setup, Reader, Online, Viewer<\/h3>\n<p>Die benutzerfreundliche MSR PC-Software besteht aus den vier Hauptprogrammen MSR Setup, Reader, Online und Viewer sowie mehreren Hilfsprogrammen, die unter anderem den Export in das MATLAB oder CSV-Dateiformat erlauben.[\/vc_column_text]<div class=\"gallery-fs\"><figure><img decoding=\"async\" src=\"https:\/\/www.msr.ch\/images\/MSR_PC_Software-1.jpg\" alt=\"MSR PC Software f\u00fcr Datenlogger\"><figcaption>Programmauswahl (Standard)<\/figcaption><\/figure><div class=\"gallery-fs-nav\"><button class=\"gallery-fs-fullscreen\"><i class=\"fa fa-arrows-alt\"><\/i><\/button><\/div><div class=\"gallery-fs-thumbnails gallery-fs-thumbnails-col-5 owl-carousel\"><a href='https:\/\/www.msr.ch\/images\/MSR_PC_Software-1.jpg' data-caption='Programmauswahl (Standard)' title='MSR PC Software f\u00fcr Datenlogger' class=\"selected\"><img loading=\"lazy\" decoding=\"async\" width=\"280\" height=\"210\" src=\"https:\/\/www.msr.ch\/images\/MSR_PC_Software-1-280x210.jpg\" class=\"attachment-anps-gallery-thumb size-anps-gallery-thumb\" alt=\"MSR PC Software f\u00fcr Datenlogger\" \/><\/a><a href='https:\/\/www.msr.ch\/images\/Setup-1.jpg' data-caption='MSR Setup' title='MSR PC Software MSR Setup'><img loading=\"lazy\" decoding=\"async\" width=\"280\" height=\"210\" src=\"https:\/\/www.msr.ch\/images\/Setup-1-280x210.jpg\" class=\"attachment-anps-gallery-thumb size-anps-gallery-thumb\" alt=\"MSR PC Software MSR Setup\" \/><\/a><a href='https:\/\/www.msr.ch\/images\/Reader-3.jpg' data-caption='MSR Reader' title='PC Software MSR Reader'><img loading=\"lazy\" decoding=\"async\" width=\"280\" height=\"210\" src=\"https:\/\/www.msr.ch\/images\/Reader-3-280x210.jpg\" class=\"attachment-anps-gallery-thumb size-anps-gallery-thumb\" alt=\"MSR PC Software MSR Reader\" \/><\/a><a href='https:\/\/www.msr.ch\/images\/Online.jpg' data-caption='MSR Online' title='MSR PC Software MSR Online'><img loading=\"lazy\" decoding=\"async\" width=\"280\" height=\"210\" src=\"https:\/\/www.msr.ch\/images\/Online-280x210.jpg\" class=\"attachment-anps-gallery-thumb size-anps-gallery-thumb\" alt=\"MSR PC Software MSR Online\" \/><\/a><a href='https:\/\/www.msr.ch\/images\/Viewer.jpg' data-caption='Datenlogger MSR165 ermittelt, wo auf einem F\u00f6rderband die st\u00e4rksten G-Kr\u00e4fte entstehen.' title='MSR PC Software MSR Viewer'><img loading=\"lazy\" decoding=\"async\" width=\"280\" height=\"210\" src=\"https:\/\/www.msr.ch\/images\/Viewer-280x210.jpg\" class=\"attachment-anps-gallery-thumb size-anps-gallery-thumb\" alt=\"MSR PC Software MSR Viewer\" \/><\/a><\/div><\/div>[\/vc_column][\/vc_row][vc_row css=&#8220;.vc_custom_1652942942013{margin-top: 2px !important;margin-right: 2px !important;margin-bottom: 2px !important;margin-left: 2px !important;}&#8220;][vc_column][vc_empty_space height=&#8220;20px&#8220;][\/vc_column][\/vc_row][vc_row css=&#8220;.vc_custom_1652942648887{margin: 2px !important;background-color: #ededed !important;}&#8220;][vc_column][vc_column_text css=&#8220;.vc_custom_1664869685308{margin-top: 2px !important;margin-right: 2px !important;margin-bottom: 2px !important;margin-left: 2px !important;border-bottom-width: 10px !important;}&#8220;]<\/p>\n<h3>Darstellungsbeispiele mit dem MSR Viewer<\/h3>\n<p>Die mit den MSR PC-Programmen \u00abReader\u00bb oder \u00abOnline\u00bb erstellten Messdateien lassen sich mit dem \u00abViewer\u00bb auf dem PC anzeigen und bearbeiten. Die Messwerte k\u00f6nnen je nach Bedarf als Kurven oder als Tabelle dargestellt werden.[\/vc_column_text]<div class=\"gallery-fs\"><figure><img decoding=\"async\" src=\"https:\/\/www.msr.ch\/images\/Sensor.jpg\" alt=\"G-Kraefte Foerderband\"><figcaption>Datenlogger MSR165 ermittelt, wo auf einem F\u00f6rderband die st\u00e4rksten G-Kr\u00e4fte entstehen.<\/figcaption><\/figure><div class=\"gallery-fs-nav\"><button class=\"gallery-fs-fullscreen\"><i class=\"fa fa-arrows-alt\"><\/i><\/button><\/div><div class=\"gallery-fs-thumbnails gallery-fs-thumbnails-col-5 owl-carousel\"><a href='https:\/\/www.msr.ch\/images\/Sensor.jpg' data-caption='Datenlogger MSR165 ermittelt, wo auf einem F\u00f6rderband die st\u00e4rksten G-Kr\u00e4fte entstehen.' title='G-Kraefte Foerderband' class=\"selected\"><img loading=\"lazy\" decoding=\"async\" width=\"280\" height=\"210\" src=\"https:\/\/www.msr.ch\/images\/Sensor-280x210.jpg\" class=\"attachment-anps-gallery-thumb size-anps-gallery-thumb\" alt=\"G-Kraefte Foerderband\" \/><\/a><a href='https:\/\/www.msr.ch\/images\/Drehung.jpg' data-caption='Lage-Messung: Drehung um X-, Y- und Z-Achse.' title='Lage-Messung: Drehung um X-, Y- und Z-Achse Lage-Messung: Drehung um X-, Y- und Z-Achse'><img loading=\"lazy\" decoding=\"async\" width=\"280\" height=\"210\" src=\"https:\/\/www.msr.ch\/images\/Drehung-280x210.jpg\" class=\"attachment-anps-gallery-thumb size-anps-gallery-thumb\" alt=\"Lage-Messung: Drehung um X-, Y- und Z-Achse Lage-Messung: Drehung um X-, Y- und Z-Achse\" \/><\/a><a href='https:\/\/www.msr.ch\/images\/Schwingung.jpg' data-caption='Schwingungsmessungen mit Beschleunigungs-Datenlogger.' title='Schwingungsmessungen mit Datenlogger'><img loading=\"lazy\" decoding=\"async\" width=\"280\" height=\"210\" src=\"https:\/\/www.msr.ch\/images\/Schwingung-280x210.jpg\" class=\"attachment-anps-gallery-thumb size-anps-gallery-thumb\" alt=\"Schwingungsmessungen mit Datenlogger\" \/><\/a><a href='https:\/\/www.msr.ch\/images\/Velosattel.jpg' data-caption='Aufzeichnung von Schl\u00e4gen bei einer Velofahrt.' title='Schl\u00e4ge messen Velo'><img loading=\"lazy\" decoding=\"async\" width=\"280\" height=\"210\" src=\"https:\/\/www.msr.ch\/images\/Velosattel-280x210.jpg\" class=\"attachment-anps-gallery-thumb size-anps-gallery-thumb\" alt=\"Schl\u00e4ge messen Velo\" \/><\/a><a href='https:\/\/www.msr.ch\/images\/Druck_2.jpg' data-caption='MSR145, Druckmessung beim Wiederk\u00e4uen einer Kuh' title='Luftdruckmessung mit Datenlogger MSR145'><img loading=\"lazy\" decoding=\"async\" width=\"280\" height=\"210\" src=\"https:\/\/www.msr.ch\/images\/Druck_2-280x210.jpg\" class=\"attachment-anps-gallery-thumb size-anps-gallery-thumb\" alt=\"Luftdruckmessung mit Datenlogger MSR145\" \/><\/a><a href='https:\/\/www.msr.ch\/images\/Langzeit.jpg' data-caption='MSR145 Datenlogger, Langzeitmessung von Druck' title='MSR145 Datenlogger Langzeitmessung von Druck'><img loading=\"lazy\" decoding=\"async\" width=\"280\" height=\"210\" src=\"https:\/\/www.msr.ch\/images\/Langzeit-280x210.jpg\" class=\"attachment-anps-gallery-thumb size-anps-gallery-thumb\" alt=\"MSR145 Datenlogger Langzeitmessung von Druck\" \/><\/a><a href='https:\/\/www.msr.ch\/images\/Feuchtigkeit.jpg' data-caption='Feuchtemessungen in Strassentunnel mit MSR145 ' title='Feuchtemessungen im Tunnelbau mit einem MSR145 Datenlogger'><img loading=\"lazy\" decoding=\"async\" width=\"280\" height=\"210\" src=\"https:\/\/www.msr.ch\/images\/Feuchtigkeit-280x210.jpg\" class=\"attachment-anps-gallery-thumb size-anps-gallery-thumb\" alt=\"Feuchtemessungen im Tunnelbau mit einem MSR145 Datenlogger\" \/><\/a><a href='https:\/\/www.msr.ch\/images\/Temperaturmessungen.jpg' data-caption='Temperatur- und Feuchte-Messungen' title='Temperatur- und Feuchte-Messungen mit MSR Datenlogger'><img loading=\"lazy\" decoding=\"async\" width=\"280\" height=\"210\" src=\"https:\/\/www.msr.ch\/images\/Temperaturmessungen-280x210.jpg\" class=\"attachment-anps-gallery-thumb size-anps-gallery-thumb\" alt=\"Temperatur- und Feuchte-Messungen mit MSR Datenlogger\" \/><\/a><a href='https:\/\/www.msr.ch\/images\/Licht.jpg' data-caption='Aufzeichnung von Lichtintensit\u00e4t' title='Aufzeichnung von Lichtintensit\u00e4t'><img loading=\"lazy\" decoding=\"async\" width=\"280\" height=\"210\" src=\"https:\/\/www.msr.ch\/images\/Licht-280x210.jpg\" class=\"attachment-anps-gallery-thumb size-anps-gallery-thumb\" alt=\"Aufzeichnung von Lichtintensit\u00e4t\" \/><\/a><a href='https:\/\/www.msr.ch\/images\/Sinus.jpg' data-caption='Messungen mit 2 analogen Eing\u00e4ngen. 1 x Temperatur, 2 x Spannungseing\u00e4nge.' title='Messungen mit 2 analogen Eing\u00e4ngen. 1 x Temperatur,  2 x Spannungseing\u00e4nge.'><img loading=\"lazy\" decoding=\"async\" width=\"280\" height=\"210\" src=\"https:\/\/www.msr.ch\/images\/Sinus-280x210.jpg\" class=\"attachment-anps-gallery-thumb size-anps-gallery-thumb\" alt=\"Messungen mit 2 analogen Eing\u00e4ngen. 1 x Temp. 2 x Spannungseing\u00e4nge.\" \/><\/a><\/div><\/div>[\/vc_column][\/vc_row][vc_row][vc_column][vc_empty_space height=&#8220;20px&#8220;][\/vc_column][\/vc_row][vc_row css=&#8220;.vc_custom_1652785670031{margin-top: 2px !important;margin-right: 2px !important;margin-bottom: 2px !important;margin-left: 2px !important;padding-top: 10px !important;padding-right: 10px !important;padding-bottom: 10px !important;padding-left: 10px !important;background-color: #ededed !important;}&#8220;][vc_column][msrwpbsoftwaredownloadwidget heading=&#8220;Download MSR PC-Software (Standard)&#8220; btn_1_text=&#8220;Download&#8220; btn_1_link=&#8220;`{`msr-std-link`}`&#8220;]<strong>Unsere Software wird mit Microsoft Defender auf Viren gepr\u00fcft.<br \/>\n<\/strong>Anforderungen an den PC: ab Windows 7, USB-Schnittstelle<\/p>\n<p><a title=\"MSR pc software (standard)\" href=\"\/media\/downloads\/pcsoftware\/MSR_d2026-04-08_vs6-11-01.zip\">MSR pc software (standard)<\/a> (2026-04-08, v6.11.01, MD5: 3d6b7d1e14c4bf3a4400b2dfc5f72d7c)[\/msrwpbsoftwaredownloadwidget][vc_column_text]<\/p>\n<h3>\u2003 Weiterf\u00fchrende Informationen<\/h3>\n<ul>\n<li>per Newsletter informieren wir Sie \u00fcber Aktualisierungen<\/li>\n<li>Bei Fragen konsultieren Sie bitte unsere <a href=\"\/de\/support\/faq\/\">Liste der h\u00e4ufig gestellten Fragen (FAQ),<\/a> kontaktieren Sie die <a href=\"\/de\/kontakt\/\">Verkaufsstelle,<\/a> bei welcher Sie Ihren Datenlogger gekauft haben, oder wenden sich an unseren <a href=\"\/de\/kontakt\/\">Support.<\/a><\/li>\n<\/ul>\n<p>[\/vc_column_text][\/vc_column][\/vc_row][vc_row][vc_column][vc_empty_space][\/vc_column][\/vc_row]<\/p>\n<\/div>","protected":false},"excerpt":{"rendered":"<p>[vc_row][vc_column][vc_column_text css=&#8220;.vc_custom_1652942866125{padding-bottom: 20px !important;}&#8220;] MSR PC-Software (Standard) Konfigurations- und Auswertesoftware f\u00fcr MSR Datenlogger Die Konfiguration und das Auslesen der MSR Datenlogger sowie der Export von Messdaten und die Auswertung der aufgezeichneten Daten erfolgt mithilfe der leistungsf\u00e4higen MSR PC-Software. Beim Kauf &hellip;<\/p>\n","protected":false},"author":1,"featured_media":0,"parent":7700,"menu_order":0,"comment_status":"closed","ping_status":"closed","template":"","meta":{"footnotes":""},"yoast_head":"<!-- This site is optimized with the Yoast SEO plugin v22.9 - https:\/\/yoast.com\/wordpress\/plugins\/seo\/ -->\n<title>MSR PC-Software (Standard) | MSR Datenlogger<\/title>\n<meta name=\"description\" content=\"MSR PC-Sofware, Konfigurations- und Auswertesoftware f\u00fcr MSR Datenlogger. Beim Kauf eines MSR Datenloggers wird Ihnen die Software kostenlos mitgeliefert.\" \/>\n<meta name=\"robots\" content=\"index, follow, max-snippet:-1, max-image-preview:large, max-video-preview:-1\" \/>\n<link rel=\"canonical\" href=\"https:\/\/www.msr.ch\/de\/support\/msr-software\/pcsoftware\/\" \/>\n<meta property=\"og:locale\" content=\"de_DE\" \/>\n<meta property=\"og:type\" content=\"article\" \/>\n<meta property=\"og:title\" content=\"MSR PC-Software (Standard) | MSR Datenlogger\" \/>\n<meta property=\"og:description\" content=\"MSR PC-Sofware, Konfigurations- und Auswertesoftware f\u00fcr MSR Datenlogger. Beim Kauf eines MSR Datenloggers wird Ihnen die Software kostenlos mitgeliefert.\" \/>\n<meta property=\"og:url\" content=\"https:\/\/www.msr.ch\/de\/support\/msr-software\/pcsoftware\/\" \/>\n<meta property=\"og:site_name\" content=\"DE MSR Datenlogger\" \/>\n<meta property=\"article:publisher\" content=\"https:\/\/www.facebook.com\/datenlogger.msr\/\" \/>\n<meta property=\"article:modified_time\" content=\"2022-10-04T07:48:15+00:00\" \/>\n<meta name=\"twitter:card\" content=\"summary_large_image\" \/>\n<meta name=\"twitter:label1\" content=\"Gesch\u00e4tzte Lesezeit\" \/>\n\t<meta name=\"twitter:data1\" content=\"2\u00a0Minuten\" \/>\n<script type=\"application\/ld+json\" class=\"yoast-schema-graph\">{\"@context\":\"https:\/\/schema.org\",\"@graph\":[{\"@type\":\"WebPage\",\"@id\":\"https:\/\/www.msr.ch\/de\/support\/msr-software\/pcsoftware\/\",\"url\":\"https:\/\/www.msr.ch\/de\/support\/msr-software\/pcsoftware\/\",\"name\":\"MSR PC-Software (Standard) | MSR Datenlogger\",\"isPartOf\":{\"@id\":\"https:\/\/www.msr.ch\/de\/#website\"},\"datePublished\":\"2022-04-23T15:10:16+00:00\",\"dateModified\":\"2022-10-04T07:48:15+00:00\",\"description\":\"MSR PC-Sofware, Konfigurations- und Auswertesoftware f\u00fcr MSR Datenlogger. Beim Kauf eines MSR Datenloggers wird Ihnen die Software kostenlos mitgeliefert.\",\"breadcrumb\":{\"@id\":\"https:\/\/www.msr.ch\/de\/support\/msr-software\/pcsoftware\/#breadcrumb\"},\"inLanguage\":\"de\",\"potentialAction\":[{\"@type\":\"ReadAction\",\"target\":[\"https:\/\/www.msr.ch\/de\/support\/msr-software\/pcsoftware\/\"]}]},{\"@type\":\"BreadcrumbList\",\"@id\":\"https:\/\/www.msr.ch\/de\/support\/msr-software\/pcsoftware\/#breadcrumb\",\"itemListElement\":[{\"@type\":\"ListItem\",\"position\":1,\"name\":\"Home\",\"item\":\"https:\/\/www.msr.ch\/de\/\"},{\"@type\":\"ListItem\",\"position\":2,\"name\":\"Software &#038; Support\",\"item\":\"https:\/\/www.msr.ch\/de\/support\/\"},{\"@type\":\"ListItem\",\"position\":3,\"name\":\"\u00dcbersicht MSR Software\",\"item\":\"https:\/\/www.msr.ch\/de\/support\/msr-software\/\"},{\"@type\":\"ListItem\",\"position\":4,\"name\":\"MSR PC-Software (Standard)\"}]},{\"@type\":\"WebSite\",\"@id\":\"https:\/\/www.msr.ch\/de\/#website\",\"url\":\"https:\/\/www.msr.ch\/de\/\",\"name\":\"MSR Datenlogger\",\"description\":\"MSR Electronics GmbH\",\"potentialAction\":[{\"@type\":\"SearchAction\",\"target\":{\"@type\":\"EntryPoint\",\"urlTemplate\":\"https:\/\/www.msr.ch\/de\/?s={search_term_string}\"},\"query-input\":\"required name=search_term_string\"}],\"inLanguage\":\"de\"}]}<\/script>\n<!-- \/ Yoast SEO plugin. -->","yoast_head_json":{"title":"MSR PC-Software (Standard) | MSR Datenlogger","description":"MSR PC-Sofware, Konfigurations- und Auswertesoftware f\u00fcr MSR Datenlogger. Beim Kauf eines MSR Datenloggers wird Ihnen die Software kostenlos mitgeliefert.","robots":{"index":"index","follow":"follow","max-snippet":"max-snippet:-1","max-image-preview":"max-image-preview:large","max-video-preview":"max-video-preview:-1"},"canonical":"https:\/\/www.msr.ch\/de\/support\/msr-software\/pcsoftware\/","og_locale":"de_DE","og_type":"article","og_title":"MSR PC-Software (Standard) | MSR Datenlogger","og_description":"MSR PC-Sofware, Konfigurations- und Auswertesoftware f\u00fcr MSR Datenlogger. Beim Kauf eines MSR Datenloggers wird Ihnen die Software kostenlos mitgeliefert.","og_url":"https:\/\/www.msr.ch\/de\/support\/msr-software\/pcsoftware\/","og_site_name":"DE MSR Datenlogger","article_publisher":"https:\/\/www.facebook.com\/datenlogger.msr\/","article_modified_time":"2022-10-04T07:48:15+00:00","twitter_card":"summary_large_image","twitter_misc":{"Gesch\u00e4tzte Lesezeit":"2\u00a0Minuten"},"schema":{"@context":"https:\/\/schema.org","@graph":[{"@type":"WebPage","@id":"https:\/\/www.msr.ch\/de\/support\/msr-software\/pcsoftware\/","url":"https:\/\/www.msr.ch\/de\/support\/msr-software\/pcsoftware\/","name":"MSR PC-Software (Standard) | MSR Datenlogger","isPartOf":{"@id":"https:\/\/www.msr.ch\/de\/#website"},"datePublished":"2022-04-23T15:10:16+00:00","dateModified":"2022-10-04T07:48:15+00:00","description":"MSR PC-Sofware, Konfigurations- und Auswertesoftware f\u00fcr MSR Datenlogger. Beim Kauf eines MSR Datenloggers wird Ihnen die Software kostenlos mitgeliefert.","breadcrumb":{"@id":"https:\/\/www.msr.ch\/de\/support\/msr-software\/pcsoftware\/#breadcrumb"},"inLanguage":"de","potentialAction":[{"@type":"ReadAction","target":["https:\/\/www.msr.ch\/de\/support\/msr-software\/pcsoftware\/"]}]},{"@type":"BreadcrumbList","@id":"https:\/\/www.msr.ch\/de\/support\/msr-software\/pcsoftware\/#breadcrumb","itemListElement":[{"@type":"ListItem","position":1,"name":"Home","item":"https:\/\/www.msr.ch\/de\/"},{"@type":"ListItem","position":2,"name":"Software &#038; Support","item":"https:\/\/www.msr.ch\/de\/support\/"},{"@type":"ListItem","position":3,"name":"\u00dcbersicht MSR Software","item":"https:\/\/www.msr.ch\/de\/support\/msr-software\/"},{"@type":"ListItem","position":4,"name":"MSR PC-Software (Standard)"}]},{"@type":"WebSite","@id":"https:\/\/www.msr.ch\/de\/#website","url":"https:\/\/www.msr.ch\/de\/","name":"MSR Datenlogger","description":"MSR Electronics GmbH","potentialAction":[{"@type":"SearchAction","target":{"@type":"EntryPoint","urlTemplate":"https:\/\/www.msr.ch\/de\/?s={search_term_string}"},"query-input":"required name=search_term_string"}],"inLanguage":"de"}]}},"_links":{"self":[{"href":"https:\/\/www.msr.ch\/de\/wp-json\/wp\/v2\/pages\/7737"}],"collection":[{"href":"https:\/\/www.msr.ch\/de\/wp-json\/wp\/v2\/pages"}],"about":[{"href":"https:\/\/www.msr.ch\/de\/wp-json\/wp\/v2\/types\/page"}],"author":[{"embeddable":true,"href":"https:\/\/www.msr.ch\/de\/wp-json\/wp\/v2\/users\/1"}],"replies":[{"embeddable":true,"href":"https:\/\/www.msr.ch\/de\/wp-json\/wp\/v2\/comments?post=7737"}],"version-history":[{"count":228,"href":"https:\/\/www.msr.ch\/de\/wp-json\/wp\/v2\/pages\/7737\/revisions"}],"predecessor-version":[{"id":11249,"href":"https:\/\/www.msr.ch\/de\/wp-json\/wp\/v2\/pages\/7737\/revisions\/11249"}],"up":[{"embeddable":true,"href":"https:\/\/www.msr.ch\/de\/wp-json\/wp\/v2\/pages\/7700"}],"wp:attachment":[{"href":"https:\/\/www.msr.ch\/de\/wp-json\/wp\/v2\/media?parent=7737"}],"curies":[{"name":"wp","href":"https:\/\/api.w.org\/{rel}","templated":true}]}}