{"id":7910,"date":"2022-04-27T15:05:10","date_gmt":"2022-04-27T15:05:10","guid":{"rendered":"https:\/\/karabeg.xyz\/de\/?page_id=7910"},"modified":"2022-10-04T08:01:12","modified_gmt":"2022-10-04T08:01:12","slug":"msr-shockviewer-software","status":"publish","type":"page","link":"https:\/\/www.msr.ch\/de\/support\/msr-software\/msr-shockviewer-software\/","title":{"rendered":"MSR165 ShockViewer Datenlogger-Software zur Analyse von Stossbelastungen"},"content":{"rendered":"<div class=\"wpb-content-wrapper\"><p>[vc_row css=&#8220;.vc_custom_1651844868349{background-position: center !important;background-repeat: no-repeat !important;background-size: contain !important;}&#8220;][vc_column][vc_column_text]<\/p>\n<h1 class=\"entry-title\">MSR165 ShockViewer Software<\/h1>\n<h2 class=\"entry-title\">Datenlogger-Software zur Analyse von Stossbelastungen<\/h2>\n<p>[\/vc_column_text][vc_column_text]<\/p>\n<p class=\"entry-title\"><strong style=\"font-size: 14px;\"><img loading=\"lazy\" decoding=\"async\" class=\"alignright wp-image-1876\" title=\"MSR ShockViewer\" src=\"\/images\/spezialdatenlogger\/msrShockViewer_logo_color_screen_RGB_3000x1323-300x132.jpg\" alt=\"MSR ShockViewer\" width=\"300\" height=\"132\" \/>Im Lieferumfang des<a href=\"\/de\/produkt\/datenlogger-schock-vibration-msr165\/\"> MSR165 Schock- und Vibrations-Datenloggers<\/a> ist nebst der MSR PC-Software zur Konfiguration und Auswertung der Daten auch die auf Auswertungen von Schock-Ereignissen spezialisierte \u00abMSR ShockViewer\u00bb Auswertesoftware enthalten.\u00a0\u00a0<\/strong><\/p>\n<p>Mit dem MSR ShockViewer lassen sich umfangreiche Messdaten, beispielsweise von einer Transport\u00fcberwachung, \u00fcbersichtlich darstellen. Kritische Ereignisse k\u00f6nnen rasch analysiert und beweiskr\u00e4ftig dokumentiert werden. Die intuitiv bedienbare Software ist f\u00e4hig, Millionen von Daten dynamischer Vorg\u00e4nge rasch zu verarbeiten.[\/vc_column_text][vc_column_text css=&#8220;.vc_custom_1651847014618{margin-top: 5px !important;}&#8220;][\/vc_column_text][\/vc_column][\/vc_row][vc_row css=&#8220;.vc_custom_1652945222488{margin-top: 2px !important;margin-right: 2px !important;margin-bottom: 2px !important;margin-left: 2px !important;padding-top: 10px !important;padding-right: 10px !important;padding-bottom: 10px !important;padding-left: 10px !important;background-color: #ededed !important;}&#8220;][vc_column width=&#8220;1\/2&#8243;][vc_column_text css=&#8220;.vc_custom_1664869738464{margin-top: 5px !important;padding-left: 10px !important;}&#8220;]<\/p>\n<h3>Automatische Reportausgabe<\/h3>\n<p>Um einen Report abzurufen gen\u00fcgt ein einziger Klick, und Sie erhalten einen kompakten Bericht der eingelesenen Daten.<\/p>\n<ul>\n<li>Das Deckblatt des Reports enth\u00e4lt eine informative Zusammenfassung \u00fcber die Messdatei.<\/li>\n<li>Die Sensoren werden mit einem jeweils eigenen \u00dcbersichtsbereich mit Messdiagramm und hilfreichen Informationen, beispielsweise zu Alarmwerten, aufgef\u00fchrt.<\/li>\n<li>Die Ausgabe des Reports kann individuell konfiguriert werden.<\/li>\n<li>Das MSR-Logo l\u00e4sst sich sowohl auf dem Deckblatt wie auch in der Kopfzeile mit Ihrem eigenen Firmenlogo auswechseln.<\/li>\n<\/ul>\n<p>[\/vc_column_text][\/vc_column][vc_column width=&#8220;1\/2&#8243;][vc_empty_space][vc_column_text css=&#8220;.vc_custom_1661401605764{background-color: #ffffff !important;}&#8220;]<\/p>\n\n\t\t<style type=\"text\/css\">\n\t\t\t#gallery-2 {\n\t\t\t\tmargin: auto;\n\t\t\t}\n\t\t\t#gallery-2 .gallery-item {\n\t\t\t\tfloat: left;\n\t\t\t\tmargin-top: 10px;\n\t\t\t\ttext-align: center;\n\t\t\t\twidth: 100%;\n\t\t\t}\n\t\t\t#gallery-2 img {\n\t\t\t\tborder: 2px solid #cfcfcf;\n\t\t\t}\n\t\t\t#gallery-2 .gallery-caption {\n\t\t\t\tmargin-left: 0;\n\t\t\t}\n\t\t\t\/* see gallery_shortcode() in wp-includes\/media.php *\/\n\t\t<\/style>\n\t\t<div id='gallery-2' class='gallery galleryid-7910 gallery-columns-1 gallery-size-medium'><dl class='gallery-item'>\n\t\t\t<dt class='gallery-icon landscape'>\n\t\t\t\t<a href='https:\/\/www.msr.ch\/images\/Main-Report-1.png'><img loading=\"lazy\" decoding=\"async\" width=\"300\" height=\"211\" src=\"https:\/\/www.msr.ch\/images\/Main-Report-1-300x211.png\" class=\"attachment-medium size-medium\" alt=\"MSR ShockViewer Reportausgabe\" srcset=\"https:\/\/www.msr.ch\/images\/Main-Report-1-300x211.png 300w, https:\/\/www.msr.ch\/images\/Main-Report-1-768x540.png 768w, https:\/\/www.msr.ch\/images\/Main-Report-1-155x109.png 155w, https:\/\/www.msr.ch\/images\/Main-Report-1-110x77.png 110w, https:\/\/www.msr.ch\/images\/Main-Report-1-105x74.png 105w, https:\/\/www.msr.ch\/images\/Main-Report-1-250x176.png 250w, https:\/\/www.msr.ch\/images\/Main-Report-1-200x141.png 200w, https:\/\/www.msr.ch\/images\/Main-Report-1-182x128.png 182w, https:\/\/www.msr.ch\/images\/Main-Report-1-120x84.png 120w, https:\/\/www.msr.ch\/images\/Main-Report-1-70x50.png 70w, https:\/\/www.msr.ch\/images\/Main-Report-1-55x39.png 55w, https:\/\/www.msr.ch\/images\/Main-Report-1-115x80.png 115w, https:\/\/www.msr.ch\/images\/Main-Report-1.png 900w\" sizes=\"(max-width: 300px) 100vw, 300px\" \/><\/a>\n\t\t\t<\/dt><\/dl><br style=\"clear: both\" \/>\n\t\t<\/div>\n\n<p>[\/vc_column_text][\/vc_column][\/vc_row][vc_row][vc_column][vc_empty_space height=&#8220;20px&#8220;][\/vc_column][\/vc_row][vc_row css=&#8220;.vc_custom_1652947067269{margin-top: 2px !important;margin-right: 2px !important;margin-bottom: 2px !important;margin-left: 2px !important;padding-top: 10px !important;padding-right: 10px !important;padding-bottom: 10px !important;padding-left: 10px !important;background-color: #ededed !important;}&#8220;][vc_column width=&#8220;1\/2&#8243;][vc_column_text css=&#8220;.vc_custom_1664870448580{padding-left: 10px !important;}&#8220;]<\/p>\n<h3>Detaillierte Analyse von Schock-Ereignissen<\/h3>\n<p>Das Auswerten umfangreicher Datenmengen und das Ermitteln relevanter Schockereignissen gelingt mittels komfortablen grafischen Zoom- und Navigationsfunktionen einfach und schnell. Im MSR ShockViewer k\u00f6nnen Sie sowohl die Datenkurve als auch die Messpunkte jedes einzelnen Schocks untersuchen und exportieren.<\/p>\n<p>Spektralanalyse-Daten eines ausgew\u00e4hlten Schock-Ereignisses lassen sich wahlweise in einer Tabelle oder in einem Diagramm anzeigen und exportieren. Mehrere Arten von <strong>Spektralanalysen (z.B. Magnitude, Power Spec u.v.m) sowie mehrere Arten von Gewichtungsfenstern (z.B. Rectangle, Gauss, Hamming u.v.m.)<\/strong> stehen Ihnen zur Verf\u00fcgung.<\/p>\n<p>Die aus der Analyse gewonnen Erkenntnisse k\u00f6nnen nicht nur zum Nachweis von Schadensereignissen bei Haftungsfragen hilfreich sein, die Daten helfen Ihnen auch bei der Fr\u00fcherkennung von Sch\u00e4den und beim Optimieren von Verpackungen, Transportmitteln und \u2013wegen.[\/vc_column_text][\/vc_column][vc_column width=&#8220;1\/2&#8243;][vc_empty_space][vc_column_text css=&#8220;.vc_custom_1661401820638{background-color: #ffffff !important;}&#8220;]<\/p>\n\n\t\t<style type=\"text\/css\">\n\t\t\t#gallery-4 {\n\t\t\t\tmargin: auto;\n\t\t\t}\n\t\t\t#gallery-4 .gallery-item {\n\t\t\t\tfloat: left;\n\t\t\t\tmargin-top: 10px;\n\t\t\t\ttext-align: center;\n\t\t\t\twidth: 100%;\n\t\t\t}\n\t\t\t#gallery-4 img {\n\t\t\t\tborder: 2px solid #cfcfcf;\n\t\t\t}\n\t\t\t#gallery-4 .gallery-caption {\n\t\t\t\tmargin-left: 0;\n\t\t\t}\n\t\t\t\/* see gallery_shortcode() in wp-includes\/media.php *\/\n\t\t<\/style>\n\t\t<div id='gallery-4' class='gallery galleryid-7910 gallery-columns-1 gallery-size-medium'><dl class='gallery-item'>\n\t\t\t<dt class='gallery-icon landscape'>\n\t\t\t\t<a href='https:\/\/www.msr.ch\/images\/ShockViewer\/Shock-detection.jpg'><img loading=\"lazy\" decoding=\"async\" width=\"300\" height=\"160\" src=\"https:\/\/www.msr.ch\/images\/ShockViewer\/Shock-detection-300x160.jpg\" class=\"attachment-medium size-medium\" alt=\"Mit dem MSR ShockViewer k\u00f6nnen Sie sowohl die Datenkurve als auch die Messpunkte jedes einzelnen Schocks untersuchen und exportieren.\" aria-describedby=\"gallery-4-1205\" srcset=\"https:\/\/www.msr.ch\/images\/ShockViewer\/Shock-detection-300x160.jpg 300w, https:\/\/www.msr.ch\/images\/ShockViewer\/Shock-detection-768x409.jpg 768w, https:\/\/www.msr.ch\/images\/ShockViewer\/Shock-detection-155x83.jpg 155w, https:\/\/www.msr.ch\/images\/ShockViewer\/Shock-detection-110x59.jpg 110w, https:\/\/www.msr.ch\/images\/ShockViewer\/Shock-detection-105x56.jpg 105w, https:\/\/www.msr.ch\/images\/ShockViewer\/Shock-detection-250x133.jpg 250w, https:\/\/www.msr.ch\/images\/ShockViewer\/Shock-detection-200x107.jpg 200w, https:\/\/www.msr.ch\/images\/ShockViewer\/Shock-detection-182x97.jpg 182w, https:\/\/www.msr.ch\/images\/ShockViewer\/Shock-detection-120x64.jpg 120w, https:\/\/www.msr.ch\/images\/ShockViewer\/Shock-detection-70x37.jpg 70w, https:\/\/www.msr.ch\/images\/ShockViewer\/Shock-detection-55x29.jpg 55w, https:\/\/www.msr.ch\/images\/ShockViewer\/Shock-detection.jpg 1000w\" sizes=\"(max-width: 300px) 100vw, 300px\" \/><\/a>\n\t\t\t<\/dt>\n\t\t\t\t<dd class='wp-caption-text gallery-caption' id='gallery-4-1205'>\n\t\t\t\tMit dem MSR ShockViewer k\u00f6nnen Sie sowohl die Datenkurve als auch die Messpunkte jedes einzelnen Schocks untersuchen und exportieren.\n\t\t\t\t<\/dd><\/dl><br style=\"clear: both\" \/><dl class='gallery-item'>\n\t\t\t<dt class='gallery-icon landscape'>\n\t\t\t\t<a href='https:\/\/www.msr.ch\/images\/MSR-ShockViewer-Spectral-Analysis.jpg'><img loading=\"lazy\" decoding=\"async\" width=\"300\" height=\"162\" src=\"https:\/\/www.msr.ch\/images\/MSR-ShockViewer-Spectral-Analysis-300x162.jpg\" class=\"attachment-medium size-medium\" alt=\"MSR ShockViewer Spektralanalyse\" srcset=\"https:\/\/www.msr.ch\/images\/MSR-ShockViewer-Spectral-Analysis-300x162.jpg 300w, https:\/\/www.msr.ch\/images\/MSR-ShockViewer-Spectral-Analysis-768x416.jpg 768w, https:\/\/www.msr.ch\/images\/MSR-ShockViewer-Spectral-Analysis-155x84.jpg 155w, https:\/\/www.msr.ch\/images\/MSR-ShockViewer-Spectral-Analysis-110x60.jpg 110w, https:\/\/www.msr.ch\/images\/MSR-ShockViewer-Spectral-Analysis-105x57.jpg 105w, https:\/\/www.msr.ch\/images\/MSR-ShockViewer-Spectral-Analysis-250x135.jpg 250w, https:\/\/www.msr.ch\/images\/MSR-ShockViewer-Spectral-Analysis-200x108.jpg 200w, https:\/\/www.msr.ch\/images\/MSR-ShockViewer-Spectral-Analysis-182x98.jpg 182w, https:\/\/www.msr.ch\/images\/MSR-ShockViewer-Spectral-Analysis-120x65.jpg 120w, https:\/\/www.msr.ch\/images\/MSR-ShockViewer-Spectral-Analysis-70x38.jpg 70w, https:\/\/www.msr.ch\/images\/MSR-ShockViewer-Spectral-Analysis-55x30.jpg 55w, https:\/\/www.msr.ch\/images\/MSR-ShockViewer-Spectral-Analysis.jpg 900w\" sizes=\"(max-width: 300px) 100vw, 300px\" \/><\/a>\n\t\t\t<\/dt><\/dl><br style=\"clear: both\" \/>\n\t\t<\/div>\n\n<p>[\/vc_column_text][\/vc_column][\/vc_row][vc_row][vc_column][vc_empty_space height=&#8220;20px&#8220;][\/vc_column][\/vc_row][vc_row css=&#8220;.vc_custom_1651841546346{margin-top: 2px !important;margin-right: 2px !important;margin-bottom: 2px !important;margin-left: 2px !important;padding-top: 10px !important;padding-right: 10px !important;padding-bottom: 10px !important;padding-left: 10px !important;background-color: #ededed !important;}&#8220;][vc_column width=&#8220;1\/2&#8243;][vc_column_text css=&#8220;.vc_custom_1664870455147{padding-left: 10px !important;}&#8220;]<\/p>\n<h3>Umgebungsdaten anzeigen und ordnen<\/h3>\n<p>Falls Ihr <a title=\"Datenlogger f\u00fcr Schock und Vibration: MSR165\" href=\"https:\/\/www.msr.ch\/de\/produkt\/datenlogger-schock-vibration-msr165\/\">MSR165 Datenlogger<\/a> nebst dem 3-Achsen-Beschleunigungssensor auch \u00fcber Temperatur-, Feuchte-, Druck- und\/oder Lichtsensoren verf\u00fcgt, lassen sich deren Daten \u00fcbersichtlich grafisch betrachten und sortieren.[\/vc_column_text][\/vc_column][vc_column width=&#8220;1\/2&#8243;][vc_empty_space height=&#8220;20px&#8220;][vc_column_text css=&#8220;.vc_custom_1661401877387{background-color: #ffffff !important;}&#8220;]<\/p>\n\n\t\t<style type=\"text\/css\">\n\t\t\t#gallery-6 {\n\t\t\t\tmargin: auto;\n\t\t\t}\n\t\t\t#gallery-6 .gallery-item {\n\t\t\t\tfloat: left;\n\t\t\t\tmargin-top: 10px;\n\t\t\t\ttext-align: center;\n\t\t\t\twidth: 100%;\n\t\t\t}\n\t\t\t#gallery-6 img {\n\t\t\t\tborder: 2px solid #cfcfcf;\n\t\t\t}\n\t\t\t#gallery-6 .gallery-caption {\n\t\t\t\tmargin-left: 0;\n\t\t\t}\n\t\t\t\/* see gallery_shortcode() in wp-includes\/media.php *\/\n\t\t<\/style>\n\t\t<div id='gallery-6' class='gallery galleryid-7910 gallery-columns-1 gallery-size-medium'><dl class='gallery-item'>\n\t\t\t<dt class='gallery-icon landscape'>\n\t\t\t\t<a href='https:\/\/www.msr.ch\/images\/ShockViewer\/Shock-environment-data.jpg'><img loading=\"lazy\" decoding=\"async\" width=\"300\" height=\"160\" src=\"https:\/\/www.msr.ch\/images\/ShockViewer\/Shock-environment-data-300x160.jpg\" class=\"attachment-medium size-medium\" alt=\"Datenlogger Software MSR ShockViewer Umgebungsdaten\" srcset=\"https:\/\/www.msr.ch\/images\/ShockViewer\/Shock-environment-data-300x160.jpg 300w, https:\/\/www.msr.ch\/images\/ShockViewer\/Shock-environment-data-768x410.jpg 768w, https:\/\/www.msr.ch\/images\/ShockViewer\/Shock-environment-data-155x83.jpg 155w, https:\/\/www.msr.ch\/images\/ShockViewer\/Shock-environment-data-110x59.jpg 110w, https:\/\/www.msr.ch\/images\/ShockViewer\/Shock-environment-data-105x56.jpg 105w, https:\/\/www.msr.ch\/images\/ShockViewer\/Shock-environment-data-250x134.jpg 250w, https:\/\/www.msr.ch\/images\/ShockViewer\/Shock-environment-data-200x107.jpg 200w, https:\/\/www.msr.ch\/images\/ShockViewer\/Shock-environment-data-182x97.jpg 182w, https:\/\/www.msr.ch\/images\/ShockViewer\/Shock-environment-data-120x64.jpg 120w, https:\/\/www.msr.ch\/images\/ShockViewer\/Shock-environment-data-70x37.jpg 70w, https:\/\/www.msr.ch\/images\/ShockViewer\/Shock-environment-data-55x29.jpg 55w, https:\/\/www.msr.ch\/images\/ShockViewer\/Shock-environment-data.jpg 1000w\" sizes=\"(max-width: 300px) 100vw, 300px\" \/><\/a>\n\t\t\t<\/dt><\/dl><br style=\"clear: both\" \/>\n\t\t<\/div>\n\n<p>[\/vc_column_text][\/vc_column][\/vc_row][vc_row][vc_column][vc_empty_space height=&#8220;20px&#8220;][\/vc_column][\/vc_row][vc_row css=&#8220;.vc_custom_1651841555455{margin-top: 2px !important;margin-right: 2px !important;margin-bottom: 2px !important;margin-left: 2px !important;padding-top: 10px !important;padding-right: 10px !important;padding-bottom: 10px !important;padding-left: 10px !important;background-color: #ededed !important;border-radius: 2px !important;}&#8220;][vc_column][vc_column_text css=&#8220;.vc_custom_1664870461133{padding-left: 10px !important;}&#8220;]<\/p>\n<h3>Export-M\u00f6glichkeiten<\/h3>\n<p>In der MSR ShockViewer Datenlogger Auswertesoftware lassen sich alle oder ausgew\u00e4hlte Schock-Daten entweder ins csv- oder ins Excel-Format (xlsx) exportieren. Die Excel-Export-Option erstellt eine Arbeitsmappe mit einer Tabelle f\u00fcr jedes einzelne Schock-Ereignis.[\/vc_column_text][\/vc_column][\/vc_row][vc_row][vc_column][vc_empty_space height=&#8220;20px&#8220;][\/vc_column][\/vc_row][vc_row css=&#8220;.vc_custom_1652704136354{margin: 2px !important;padding: 10px !important;background-color: #ededed !important;}&#8220;][vc_column][vc_custom_heading text=&#8220;Tutorials MSR ShockViewer Software&#8220; font_container=&#8220;tag:h3|text_align:left&#8220; use_theme_fonts=&#8220;yes&#8220; css=&#8220;.vc_custom_1664780493314{padding-left: 10px !important;}&#8220;][vc_column_text css=&#8220;.vc_custom_1652951279318{margin-top: 2px !important;margin-right: 2px !important;margin-bottom: 2px !important;margin-left: 2px !important;padding-top: 10px !important;padding-right: 10px !important;padding-bottom: 10px !important;padding-left: 10px !important;background-color: #ededed !important;}&#8220;]<\/p>\n<p>Unsere kurzen Tutorials f\u00fchren Sie in die Arbeit mit der MSR ShockViewer Software ein. Die auf die Analyse von Schockereignissen und St\u00f6ssen spezialisierte Software f\u00fcr MSR165 Datenlogger erm\u00f6glicht Ihnen die \u00fcbersichtliche Darstellung umfangreicher Messdaten sowie die schnelle Analyse und schl\u00fcssige Dokumentation kritischer Ereignisse. Sie finden s\u00e4mtliche Tutorials in unserem Channel: <a href=\"https:\/\/www.youtube.com\/channel\/UCJmKlKUMU1yWS84vA6FZqzw\">MSR Electronics GmbH &#8211; YouTube<\/a><\/p>\n<p>[\/vc_column_text][\/vc_column][vc_column][vc_video link=&#8220;https:\/\/youtu.be\/gu35Y6KzN6g&#8220;][\/vc_column][\/vc_row][vc_row][vc_column][vc_empty_space height=&#8220;20px&#8220;][\/vc_column][\/vc_row][vc_row css=&#8220;.vc_custom_1651841566251{margin-top: 2px !important;margin-right: 2px !important;margin-bottom: 2px !important;margin-left: 2px !important;padding-left: 10px !important;background-color: #ededed !important;border-radius: 2px !important;}&#8220;][vc_column css=&#8220;.vc_custom_1651841125363{padding-left: 10px !important;}&#8220;][msrwpbsoftwaredownloadwidget heading=&#8220;Download MSR165 ShockViewer Software&#8220; btn_1_text=&#8220;Download&#8220; btn_1_link=&#8220;`{`msr-165-pc-soft`}`&#8220;]<strong>Unsere Software wird mit Microsoft Defender auf Viren gepr\u00fcft.<\/strong><\/p>\n<p><strong>Anforderungen an den PC:<\/strong> ab Windows 7, USB-Schnittstelle<\/p>\n<p><a title=\"MSR165 ShockViewer\" href=\"\/media\/downloads\/pcsoftware\/MSR165_ShockViewer_d2025-09-30_vs1-02-31.zip\">MSR165 ShockViewer<\/a> (2025-09-30, v1.02.31, MD5: f865aba3e0d5af40a390fcb788fb5ff7)[\/msrwpbsoftwaredownloadwidget][vc_column_text]<\/p>\n<h3>\u2003 Weiterf\u00fchrende Informationen<\/h3>\n<ul>\n<li>per Newsletter informieren wir Sie \u00fcber Aktualisierungen<\/li>\n<li>Bei Fragen konsultieren Sie bitte unsere Liste der <a href=\"\/de\/support\/faq\/\">h\u00e4ufig gestellten Fragen (FAQ),<\/a> kontaktieren Sie die <a href=\"\/de\/kontakt\/\">Verkaufsstelle,<\/a> bei welcher Sie Ihren Datenlogger gekauft haben, oder wenden sich an unseren <a href=\"\/de\/kontakt\/\">Support<\/a>.<\/li>\n<\/ul>\n<p>[\/vc_column_text][\/vc_column][\/vc_row][vc_row][vc_column][vc_empty_space][\/vc_column][\/vc_row]<\/p>\n<\/div>","protected":false},"excerpt":{"rendered":"<p>[vc_row css=&#8220;.vc_custom_1651844868349{background-position: center !important;background-repeat: no-repeat !important;background-size: contain !important;}&#8220;][vc_column][vc_column_text] MSR165 ShockViewer Software Datenlogger-Software zur Analyse von Stossbelastungen [\/vc_column_text][vc_column_text] Im Lieferumfang des MSR165 Schock- und Vibrations-Datenloggers ist nebst der MSR PC-Software zur Konfiguration und Auswertung der Daten auch die auf Auswertungen von &hellip;<\/p>\n","protected":false},"author":1,"featured_media":2898,"parent":7700,"menu_order":0,"comment_status":"closed","ping_status":"closed","template":"","meta":{"footnotes":""},"yoast_head":"<!-- This site is optimized with the Yoast SEO plugin v22.9 - https:\/\/yoast.com\/wordpress\/plugins\/seo\/ -->\n<title>MSR165 Datenlogger ShockViewer Software | MSR<\/title>\n<meta name=\"description\" content=\"MSR ShockViewer Datenlogger-Auswertesoftware f\u00fcr Transport\u00fcberwachungen. Schock- und Stoss-Ereignisse rasch analysieren und dokumentieren.\" \/>\n<meta name=\"robots\" content=\"index, follow, max-snippet:-1, max-image-preview:large, max-video-preview:-1\" \/>\n<link rel=\"canonical\" href=\"https:\/\/www.msr.ch\/de\/support\/msr-software\/msr-shockviewer-software\/\" \/>\n<meta property=\"og:locale\" content=\"de_DE\" \/>\n<meta property=\"og:type\" content=\"article\" \/>\n<meta property=\"og:title\" content=\"MSR165 Datenlogger ShockViewer Software | MSR\" \/>\n<meta property=\"og:description\" content=\"MSR ShockViewer Datenlogger-Auswertesoftware f\u00fcr Transport\u00fcberwachungen. Schock- und Stoss-Ereignisse rasch analysieren und dokumentieren.\" \/>\n<meta property=\"og:url\" content=\"https:\/\/www.msr.ch\/de\/support\/msr-software\/msr-shockviewer-software\/\" \/>\n<meta property=\"og:site_name\" content=\"DE MSR Datenlogger\" \/>\n<meta property=\"article:publisher\" content=\"https:\/\/www.facebook.com\/datenlogger.msr\/\" \/>\n<meta property=\"article:modified_time\" content=\"2022-10-04T08:01:12+00:00\" \/>\n<meta name=\"twitter:card\" content=\"summary_large_image\" \/>\n<meta name=\"twitter:label1\" content=\"Gesch\u00e4tzte Lesezeit\" \/>\n\t<meta name=\"twitter:data1\" content=\"4\u00a0Minuten\" \/>\n<script type=\"application\/ld+json\" class=\"yoast-schema-graph\">{\"@context\":\"https:\/\/schema.org\",\"@graph\":[{\"@type\":\"WebPage\",\"@id\":\"https:\/\/www.msr.ch\/de\/support\/msr-software\/msr-shockviewer-software\/\",\"url\":\"https:\/\/www.msr.ch\/de\/support\/msr-software\/msr-shockviewer-software\/\",\"name\":\"MSR165 Datenlogger ShockViewer Software | MSR\",\"isPartOf\":{\"@id\":\"https:\/\/www.msr.ch\/de\/#website\"},\"primaryImageOfPage\":{\"@id\":\"https:\/\/www.msr.ch\/de\/support\/msr-software\/msr-shockviewer-software\/#primaryimage\"},\"image\":{\"@id\":\"https:\/\/www.msr.ch\/de\/support\/msr-software\/msr-shockviewer-software\/#primaryimage\"},\"thumbnailUrl\":\"https:\/\/www.msr.ch\/images\/schock_viewer.jpg\",\"datePublished\":\"2022-04-27T15:05:10+00:00\",\"dateModified\":\"2022-10-04T08:01:12+00:00\",\"description\":\"MSR ShockViewer Datenlogger-Auswertesoftware f\u00fcr Transport\u00fcberwachungen. Schock- und Stoss-Ereignisse rasch analysieren und dokumentieren.\",\"breadcrumb\":{\"@id\":\"https:\/\/www.msr.ch\/de\/support\/msr-software\/msr-shockviewer-software\/#breadcrumb\"},\"inLanguage\":\"de\",\"potentialAction\":[{\"@type\":\"ReadAction\",\"target\":[\"https:\/\/www.msr.ch\/de\/support\/msr-software\/msr-shockviewer-software\/\"]}]},{\"@type\":\"ImageObject\",\"inLanguage\":\"de\",\"@id\":\"https:\/\/www.msr.ch\/de\/support\/msr-software\/msr-shockviewer-software\/#primaryimage\",\"url\":\"https:\/\/www.msr.ch\/images\/schock_viewer.jpg\",\"contentUrl\":\"https:\/\/www.msr.ch\/images\/schock_viewer.jpg\"},{\"@type\":\"BreadcrumbList\",\"@id\":\"https:\/\/www.msr.ch\/de\/support\/msr-software\/msr-shockviewer-software\/#breadcrumb\",\"itemListElement\":[{\"@type\":\"ListItem\",\"position\":1,\"name\":\"Home\",\"item\":\"https:\/\/www.msr.ch\/de\/\"},{\"@type\":\"ListItem\",\"position\":2,\"name\":\"Software &#038; Support\",\"item\":\"https:\/\/www.msr.ch\/de\/support\/\"},{\"@type\":\"ListItem\",\"position\":3,\"name\":\"\u00dcbersicht MSR Software\",\"item\":\"https:\/\/www.msr.ch\/de\/support\/msr-software\/\"},{\"@type\":\"ListItem\",\"position\":4,\"name\":\"MSR165 ShockViewer Datenlogger-Software zur Analyse von Stossbelastungen\"}]},{\"@type\":\"WebSite\",\"@id\":\"https:\/\/www.msr.ch\/de\/#website\",\"url\":\"https:\/\/www.msr.ch\/de\/\",\"name\":\"MSR Datenlogger\",\"description\":\"MSR Electronics GmbH\",\"potentialAction\":[{\"@type\":\"SearchAction\",\"target\":{\"@type\":\"EntryPoint\",\"urlTemplate\":\"https:\/\/www.msr.ch\/de\/?s={search_term_string}\"},\"query-input\":\"required name=search_term_string\"}],\"inLanguage\":\"de\"}]}<\/script>\n<!-- \/ Yoast SEO plugin. -->","yoast_head_json":{"title":"MSR165 Datenlogger ShockViewer Software | MSR","description":"MSR ShockViewer Datenlogger-Auswertesoftware f\u00fcr Transport\u00fcberwachungen. Schock- und Stoss-Ereignisse rasch analysieren und dokumentieren.","robots":{"index":"index","follow":"follow","max-snippet":"max-snippet:-1","max-image-preview":"max-image-preview:large","max-video-preview":"max-video-preview:-1"},"canonical":"https:\/\/www.msr.ch\/de\/support\/msr-software\/msr-shockviewer-software\/","og_locale":"de_DE","og_type":"article","og_title":"MSR165 Datenlogger ShockViewer Software | MSR","og_description":"MSR ShockViewer Datenlogger-Auswertesoftware f\u00fcr Transport\u00fcberwachungen. Schock- und Stoss-Ereignisse rasch analysieren und dokumentieren.","og_url":"https:\/\/www.msr.ch\/de\/support\/msr-software\/msr-shockviewer-software\/","og_site_name":"DE MSR Datenlogger","article_publisher":"https:\/\/www.facebook.com\/datenlogger.msr\/","article_modified_time":"2022-10-04T08:01:12+00:00","twitter_card":"summary_large_image","twitter_misc":{"Gesch\u00e4tzte Lesezeit":"4\u00a0Minuten"},"schema":{"@context":"https:\/\/schema.org","@graph":[{"@type":"WebPage","@id":"https:\/\/www.msr.ch\/de\/support\/msr-software\/msr-shockviewer-software\/","url":"https:\/\/www.msr.ch\/de\/support\/msr-software\/msr-shockviewer-software\/","name":"MSR165 Datenlogger ShockViewer Software | MSR","isPartOf":{"@id":"https:\/\/www.msr.ch\/de\/#website"},"primaryImageOfPage":{"@id":"https:\/\/www.msr.ch\/de\/support\/msr-software\/msr-shockviewer-software\/#primaryimage"},"image":{"@id":"https:\/\/www.msr.ch\/de\/support\/msr-software\/msr-shockviewer-software\/#primaryimage"},"thumbnailUrl":"https:\/\/www.msr.ch\/images\/schock_viewer.jpg","datePublished":"2022-04-27T15:05:10+00:00","dateModified":"2022-10-04T08:01:12+00:00","description":"MSR ShockViewer Datenlogger-Auswertesoftware f\u00fcr Transport\u00fcberwachungen. Schock- und Stoss-Ereignisse rasch analysieren und dokumentieren.","breadcrumb":{"@id":"https:\/\/www.msr.ch\/de\/support\/msr-software\/msr-shockviewer-software\/#breadcrumb"},"inLanguage":"de","potentialAction":[{"@type":"ReadAction","target":["https:\/\/www.msr.ch\/de\/support\/msr-software\/msr-shockviewer-software\/"]}]},{"@type":"ImageObject","inLanguage":"de","@id":"https:\/\/www.msr.ch\/de\/support\/msr-software\/msr-shockviewer-software\/#primaryimage","url":"https:\/\/www.msr.ch\/images\/schock_viewer.jpg","contentUrl":"https:\/\/www.msr.ch\/images\/schock_viewer.jpg"},{"@type":"BreadcrumbList","@id":"https:\/\/www.msr.ch\/de\/support\/msr-software\/msr-shockviewer-software\/#breadcrumb","itemListElement":[{"@type":"ListItem","position":1,"name":"Home","item":"https:\/\/www.msr.ch\/de\/"},{"@type":"ListItem","position":2,"name":"Software &#038; Support","item":"https:\/\/www.msr.ch\/de\/support\/"},{"@type":"ListItem","position":3,"name":"\u00dcbersicht MSR Software","item":"https:\/\/www.msr.ch\/de\/support\/msr-software\/"},{"@type":"ListItem","position":4,"name":"MSR165 ShockViewer Datenlogger-Software zur Analyse von Stossbelastungen"}]},{"@type":"WebSite","@id":"https:\/\/www.msr.ch\/de\/#website","url":"https:\/\/www.msr.ch\/de\/","name":"MSR Datenlogger","description":"MSR Electronics GmbH","potentialAction":[{"@type":"SearchAction","target":{"@type":"EntryPoint","urlTemplate":"https:\/\/www.msr.ch\/de\/?s={search_term_string}"},"query-input":"required name=search_term_string"}],"inLanguage":"de"}]}},"_links":{"self":[{"href":"https:\/\/www.msr.ch\/de\/wp-json\/wp\/v2\/pages\/7910"}],"collection":[{"href":"https:\/\/www.msr.ch\/de\/wp-json\/wp\/v2\/pages"}],"about":[{"href":"https:\/\/www.msr.ch\/de\/wp-json\/wp\/v2\/types\/page"}],"author":[{"embeddable":true,"href":"https:\/\/www.msr.ch\/de\/wp-json\/wp\/v2\/users\/1"}],"replies":[{"embeddable":true,"href":"https:\/\/www.msr.ch\/de\/wp-json\/wp\/v2\/comments?post=7910"}],"version-history":[{"count":159,"href":"https:\/\/www.msr.ch\/de\/wp-json\/wp\/v2\/pages\/7910\/revisions"}],"predecessor-version":[{"id":11250,"href":"https:\/\/www.msr.ch\/de\/wp-json\/wp\/v2\/pages\/7910\/revisions\/11250"}],"up":[{"embeddable":true,"href":"https:\/\/www.msr.ch\/de\/wp-json\/wp\/v2\/pages\/7700"}],"wp:featuredmedia":[{"embeddable":true,"href":"https:\/\/www.msr.ch\/de\/wp-json\/"}],"wp:attachment":[{"href":"https:\/\/www.msr.ch\/de\/wp-json\/wp\/v2\/media?parent=7910"}],"curies":[{"name":"wp","href":"https:\/\/api.w.org\/{rel}","templated":true}]}}