{"id":7940,"date":"2022-05-02T11:51:09","date_gmt":"2022-05-02T11:51:09","guid":{"rendered":"https:\/\/karabeg.xyz\/de\/?page_id=7940"},"modified":"2022-11-18T10:03:52","modified_gmt":"2022-11-18T10:03:52","slug":"datenlogger-fahrzeugindustrie","status":"publish","type":"page","link":"https:\/\/www.msr.ch\/de\/anwendungen\/datenlogger-fahrzeugindustrie\/","title":{"rendered":"Datenlogger f\u00fcr die Automobil- und Fahrzeugindustrie"},"content":{"rendered":"<div class=\"wpb-content-wrapper\"><p>[vc_row full_width=&#8220;stretch_row&#8220; css=&#8220;.vc_custom_1649666349533{background-image: url(\/images\/Slider_leer.jpg?id=2590) !important;}&#8220;][vc_column width=&#8220;1\/2&#8243;][vc_single_image image=&#8220;2922&#8243; img_size=&#8220;full&#8220; alignment=&#8220;center&#8220;][\/vc_column][vc_column width=&#8220;1\/2&#8243;][vc_empty_space height=&#8220;80px&#8220; el_class=&#8220;hide-on-small&#8220;][vc_column_text]<\/p>\n<p style=\"text-align: right;\"><span style=\"font-size: 24px;\"><strong>\u00abDie geringe Gr\u00f6sse der MSR Datenlogger, die lange autonome Betriebszeit und die einfache \u00dcberwachung der Messwerte mittels Cloud waren f\u00fcr uns die entscheidenden Kriterien.\u00bb<\/strong><\/span><\/p>\n<p style=\"text-align: right;\"><span style=\"font-size: 18px;\">Sven Strebel, Wissenschaftlicher Mitarbeiter der Forschungsgruppe Erneuerbare Energien, ZHAW<em>\u00a0<\/em><\/span><\/p>\n<p>[\/vc_column_text][\/vc_column][\/vc_row][vc_row full_width=&#8220;stretch_row&#8220;][vc_column][vc_column_text]<\/p>\n<h1 class=\"entry-title\">Datenlogger f\u00fcr die Fahrzeugindustrie<\/h1>\n<h2><span style=\"color: #333333;\">Schwingungs\u00fcberwachung von Motoren und Getrieben \u00b7 Messung von St\u00f6ssen und Ersch\u00fctterungen an Fahrzeugen \u00b7 Materialpr\u00fcfungen \u00b7 Belastungspr\u00fcfungen \u00b7 Klimamessungen \u2219 Komfortmessungen<\/span><\/h2>\n<p>Die robusten MSR Datenlogger verwenden hochentwickelte Sensor- und Prozessortechnologie, um Beschleunigung, St\u00f6sse, Druck, Temperatur, Feuchtigkeit und weitere Parameter \u00fcber lange Zeitr\u00e4ume aufzuzeichnen. Sie k\u00f6nnen f\u00fcr eine Vielzahl von Anwendungen in der Automobil- und Fahrzeugindustrie eingesetzt werden.<\/p>\n<p>Mithilfe des Produktkonfigurators des gew\u00fcnschten MSR Datenloggers k\u00f6nnen Sie Geh\u00e4use, Akku und Sensoren frei zusammen stellen.[\/vc_column_text][vc_message color=&#8220;info&#8220;]MSR Datenlogger erf\u00fcllen versch\u00e4rfte <a href=\"\/de\/support\/faq\/\" rel=\"noopener\">Luftfracht-Sicherheitsbedingungen.<\/a>[\/vc_message][\/vc_column][\/vc_row][vc_row full_width=&#8220;stretch_row&#8220;][vc_column][vc_empty_space][\/vc_column][\/vc_row][vc_row full_width=&#8220;stretch_row&#8220; css=&#8220;.vc_custom_1655458243057{background-color: #f8f9f9 !important;}&#8220;][vc_column][vc_column_text]<\/p>\n<h2>Diese Datenlogger sollten Sie sich genauer ansehen:<\/h2>\n<p>[\/vc_column_text][vc_carousel_father speed=&#8220;5000&#8243; spaces=&#8220;5&#8243; slide_visible=&#8220;4&#8243; tabs=&#8220;2&#8243; slide_visible_mbl=&#8220;2&#8243; arrowclr=&#8220;#a3a3a3&#8243; arrowsize=&#8220;&#8220; dotclr=&#8220;#a3a3a3&#8243; dotposition=&#8220;&#8220;][vc_carousel_son img_radius=&#8220;&#8220; titlesize=&#8220;24&#8243; btn_visibility=&#8220;show&#8220; btn_size=&#8220;&#8220; btn_bg=&#8220;#0033cc&#8220; image_id=&#8220;2518&#8243; alt=&#8220;MSR165 Beschleungigungs-Datenlogger Lebensmittelindustrie&#8220; title=&#8220;MSR165&#8243; contain_url=&#8220;https:\/\/www.msr.ch\/de\/produkt\/pdf-datenlogger-msr-budgetline\/&#8220; titleclr=&#8220;#0033cc&#8220; btn_text=&#8220;MEHR&#8220; btn_url=&#8220;url:%2Fde%2Fprodukt%2Fdatenlogger-schock-vibration-msr165%2F|title:Datenlogger%20f%C3%BCr%20Schock%2C%20Vibration%2C%20Stoss%3A%20MSR165&#8243; img_alt=&#8220;Vibrations-Datenlogger MSR165&#8243; caption_url=&#8220;url:%2Fde%2Fprodukt%2Fdatenlogger-schock-vibration-msr165%2F|title:Datenlogger%20f%C3%BCr%20Schock%2C%20Vibration%2C%20Stoss%3A%20MSR165&#8243;]<\/p>\n<p style=\"text-align: center;\"><span style=\"color: #333333; font-size: 14px;\">Vibrations- und Schock-Datenlogger, Beschleunigungssensor \u00b115 g od. \u00b1200 g \u00b7 1 Mrd. Messwerte Speicher<\/span><\/p>\n<p>[\/vc_carousel_son][vc_carousel_son img_radius=&#8220;&#8220; titlesize=&#8220;24&#8243; btn_visibility=&#8220;show&#8220; btn_size=&#8220;&#8220; btn_bg=&#8220;#0033cc&#8220; image_id=&#8220;2519&#8243; alt=&#8220;MSR145WD Datenlogger Lebensmittelindustrie&#8220; title=&#8220;MSR145WD&#8220; contain_url=&#8220;https:\/\/www.msr.ch\/de\/produkt\/pdf-datenlogger-msr-budgetline\/&#8220; titleclr=&#8220;#0033cc&#8220; btn_text=&#8220;MEHR&#8220; btn_url=&#8220;url:%2Fde%2Fprodukt%2Ffunk-datenlogger-msr145wd-bluetooth%2F|title:MSR145WD%20Funk-Datenlogger%20mit%20Bluetooth%20Low%20Energy%20(BLE)&#8220; img_alt=&#8220;Datenlogger mit Bluetooth MSR145WD&#8220; caption_url=&#8220;url:%2Fde%2Fprodukt%2Ffunk-datenlogger-msr145wd-bluetooth%2F|title:MSR145WD%20Funk-Datenlogger%20mit%20Bluetooth%20Low%20Energy%20(BLE)&#8220;]<\/p>\n<p style=\"text-align: center;\"><span style=\"color: #333333; font-size: 14px;\">Bluetooth-Datenlogger \u00b7 grosse Auswahl an Sensoren \u00b7 FlexSensoren \u00b7 1 Mio. Messwerte \u00b7 MSR DataLogger App<\/span><\/p>\n<p>[\/vc_carousel_son][vc_carousel_son img_radius=&#8220;&#8220; titlesize=&#8220;24&#8243; btn_visibility=&#8220;show&#8220; btn_size=&#8220;&#8220; btn_bg=&#8220;#0033cc&#8220; image_id=&#8220;2521&#8243; alt=&#8220;MSR145WD Datenlogger Lebensmittelindustrie&#8220; title=&#8220;MSR160&#8243; contain_url=&#8220;https:\/\/www.msr.ch\/de\/produkt\/pdf-datenlogger-msr-budgetline\/&#8220; titleclr=&#8220;#0033cc&#8220; btn_text=&#8220;MEHR&#8220; btn_url=&#8220;url:%2Fde%2Fprodukt%2Fdatenlogger-analoge-eingaenge-msr160%2F|title:MSR145W2D%20WLAN-Datenlogger&#8220; img_alt=&#8220;MSR160 Datenlogger mit 4 Analogeing\u00e4ngen&#8220; caption_url=&#8220;url:%2Fde%2Fprodukt%2Fdatenlogger-analoge-eingaenge-msr160%2F|title:MSR160%20Datenlogger%20mit%20analogen%20Eing%C3%A4ngen&#8220;]<\/p>\n<p style=\"text-align: center;\"><span style=\"color: #333333; font-size: 14px;\">Datenlogger mit 4 analogen Eing\u00e4ngen \u00b7 Messrate bis zu 1000\/s pro Kanal \u00b7 bis 1 Mrd. Messwerte Speicher<\/span><\/p>\n<p>[\/vc_carousel_son][vc_carousel_son img_radius=&#8220;&#8220; titlesize=&#8220;24&#8243; btn_visibility=&#8220;show&#8220; btn_size=&#8220;&#8220; btn_bg=&#8220;#0033cc&#8220; image_id=&#8220;2800&#8243; alt=&#8220;MSR175 Transport-Logger Lebensmittelindustrie&#8220; title=&#8220;MSR175&#8243; contain_url=&#8220;https:\/\/www.msr.ch\/de\/produkt\/pdf-datenlogger-msr-budgetline\/&#8220; titleclr=&#8220;#0033cc&#8220; btn_text=&#8220;MEHR&#8220; btn_url=&#8220;url:%2Fde%2Fprodukt%2Ftransport-datenlogger-schock-msr175%2F|title:Schock-Datenlogger%20MSR175%20f%C3%BCr%20Transporte&#8220; img_alt=&#8220;Schock-Datenlogger MSR175&#8243; caption_url=&#8220;url:%2Fde%2Fprodukt%2Ftransport-datenlogger-schock-msr175%2F|title:Schock-Datenlogger%20MSR175%20f%C3%BCr%20Transporte&#8220;]<\/p>\n<p style=\"text-align: center;\"><span style=\"color: #333333; font-size: 14px;\">2 Beschleunigungssensoren \u00b115 g\/\u00b1200 g \u00b7 Temperatur, Feuchte, Druck, Licht \u00b7 2 Mio. Messwerte Speicher<\/span><\/p>\n<p>[\/vc_carousel_son][vc_carousel_son img_radius=&#8220;&#8220; titlesize=&#8220;24&#8243; btn_visibility=&#8220;show&#8220; btn_size=&#8220;&#8220; btn_bg=&#8220;#0033cc&#8220; image_id=&#8220;2519&#8243; alt=&#8220;MSR145WD Datenlogger Lebensmittelindustrie&#8220; title=&#8220;MSR145W2D&#8220; contain_url=&#8220;https:\/\/www.msr.ch\/de\/produkt\/pdf-datenlogger-msr-budgetline\/&#8220; titleclr=&#8220;#0033cc&#8220; btn_text=&#8220;MEHR&#8220; btn_url=&#8220;url:%2Fde%2Fprodukt%2Fwlan-datenlogger-msr145w2d%2F|title:MSR145W2D%20WLAN-Datenlogger&#8220; img_alt=&#8220;Datenlogger mit WLAN MSR145W2D&#8220; caption_url=&#8220;url:https%3A%2F%2Fkarabeg.xyz%2Fde%2Fprodukt%2Fwlan-datenlogger-msr145w2d%2F|title:MSR145W2D%20Datenlogger%20mit%20WLAN&#8220;]<\/p>\n<p style=\"text-align: center;\"><span style=\"color: #333333; font-size: 14px;\">WLAN-Datenlogger \u00b7 grosse Auswahl an Sensoren \u00b7 FlexSensoren \u00b7 1 Mio. Messwerte \u00b7 MSR SmartCloud<\/span><\/p>\n<p>[\/vc_carousel_son][\/vc_carousel_father][\/vc_column][\/vc_row][vc_row full_width=&#8220;stretch_row&#8220;][vc_column][vc_empty_space][\/vc_column][\/vc_row][vc_row full_width=&#8220;stretch_row&#8220; css=&#8220;.vc_custom_1646385559538{background-color: #0033cc !important;}&#8220;][vc_column][vc_cta h2=&#8220;Den passenden Datenlogger nicht gefunden? Nutzen Sie unsere Schnellsuche!&#8220; h2_font_container=&#8220;tag:h2|text_align:left|color:%230033cc&#8220; h2_use_theme_fonts=&#8220;yes&#8220; add_button=&#8220;right&#8220; btn_title=&#8220;Schnellsuche&#8220; use_custom_fonts_h2=&#8220;true&#8220; h2_link=&#8220;url:%2Fde%2Fprodukt%2Fdatenlogger%2F|title:Schnell%20den%20passenden%20Datenlogger%20finden&#8220; btn_link=&#8220;url:%2Fde%2Fprodukt%2Fdatenlogger%2F|title:Schnell%20den%20passenden%20Datenlogger%20finden&#8220;]W\u00e4hlen Sie Messgr\u00f6ssen, Mess-\/Speicherrate, Betriebstemperatur, Ger\u00e4tedimension u.v.m.[\/vc_cta][\/vc_column][\/vc_row][vc_row full_width=&#8220;stretch_row&#8220;][vc_column][vc_empty_space][\/vc_column][\/vc_row][vc_row full_width=&#8220;stretch_row&#8220; css=&#8220;.vc_custom_1657546364111{background-color: #f8f9f9 !important;}&#8220;][vc_column][msrwpbportfoliobyid recent_title=&#8220;MSR Datenlogger im Einsatz in der Fahrzeugindustrie \u2013 Kundenberichte aus der Praxis&#8220; number_in_row=&#8220;4&#8243; post_ids=&#8220;10346,9329,10345,7436&#8243; title_color=&#8220;#0033cc&#8220; item_text_color=&#8220;#ffffff&#8220; item_title_color=&#8220;#ffffff&#8220;][\/vc_column][\/vc_row][vc_row full_width=&#8220;stretch_row&#8220;][vc_column][vc_empty_space][\/vc_column][\/vc_row][vc_row][vc_column width=&#8220;1\/2&#8243;][vc_cta h2=&#8220;\u00dcberlassen Sie die Wahl Ihres Datenloggers nicht dem Zufall.&#8220; h2_font_container=&#8220;tag:h2|text_align:left|color:%230033cc&#8220; h2_use_theme_fonts=&#8220;yes&#8220; h4=&#8220;Nutzen Sie unsere Erfahrung und Kompetenz.&#8220; add_button=&#8220;right&#8220; btn_title=&#8220;Kontakt&#8220; use_custom_fonts_h2=&#8220;true&#8220; h2_link=&#8220;url:%2Fde%2Fkontakt%2F|title:Kontakt%20MSR%20Datenlogger&#8220; btn_link=&#8220;url:%2Fde%2Fkontakt%2F|title:Kontakt%20MSR%20Datenlogger&#8220; el_class=&#8220;grey-subline&#8220; css=&#8220;.vc_custom_1656495996964{margin-top: 18px !important;}&#8220;]F\u00fcr eine pers\u00f6nliche Beratung stehen Ihnen \u00fcber 90 MSR-Vertriebspartner in weltweit mehr als 50 L\u00e4ndern zur Verf\u00fcgung.[\/vc_cta][\/vc_column][vc_column width=&#8220;1\/2&#8243;][msrnewslettersub newslettersub_img=&#8220;2634&#8243;][\/vc_column][\/vc_row][vc_row][vc_column][vc_empty_space][\/vc_column][\/vc_row]<\/p>\n<\/div>","protected":false},"excerpt":{"rendered":"<p>[vc_row full_width=&#8220;stretch_row&#8220; css=&#8220;.vc_custom_1649666349533{background-image: url(\/images\/Slider_leer.jpg?id=2590) !important;}&#8220;][vc_column width=&#8220;1\/2&#8243;][vc_single_image image=&#8220;2922&#8243; img_size=&#8220;full&#8220; alignment=&#8220;center&#8220;][\/vc_column][vc_column width=&#8220;1\/2&#8243;][vc_empty_space height=&#8220;80px&#8220; el_class=&#8220;hide-on-small&#8220;][vc_column_text] \u00abDie geringe Gr\u00f6sse der MSR Datenlogger, die lange autonome Betriebszeit und die einfache \u00dcberwachung der Messwerte mittels Cloud waren f\u00fcr uns die entscheidenden Kriterien.\u00bb Sven Strebel, Wissenschaftlicher Mitarbeiter &hellip;<\/p>\n","protected":false},"author":1,"featured_media":0,"parent":7572,"menu_order":0,"comment_status":"closed","ping_status":"closed","template":"","meta":{"footnotes":""},"yoast_head":"<!-- This site is optimized with the Yoast SEO plugin v22.9 - https:\/\/yoast.com\/wordpress\/plugins\/seo\/ -->\n<title>Datenlogger f\u00fcr die Automobil- und Fahrzeugindustrie | MSR Electronics<\/title>\n<meta name=\"description\" content=\"Datenlogger f\u00fcr die Fahrzeugindustrie, Automobilindustrie: Messung von St\u00f6ssen und Ersch\u00fctterungen an Fahrzeugen, Motoren, Getrieben,\" \/>\n<meta name=\"robots\" content=\"index, follow, max-snippet:-1, max-image-preview:large, max-video-preview:-1\" \/>\n<link rel=\"canonical\" href=\"https:\/\/www.msr.ch\/de\/anwendungen\/datenlogger-fahrzeugindustrie\/\" \/>\n<meta property=\"og:locale\" content=\"de_DE\" \/>\n<meta property=\"og:type\" content=\"article\" \/>\n<meta property=\"og:title\" content=\"Datenlogger f\u00fcr die Automobil- und Fahrzeugindustrie | MSR Electronics\" \/>\n<meta property=\"og:description\" content=\"Datenlogger f\u00fcr die Fahrzeugindustrie, Automobilindustrie: Messung von St\u00f6ssen und Ersch\u00fctterungen an Fahrzeugen, Motoren, Getrieben,\" \/>\n<meta property=\"og:url\" content=\"https:\/\/www.msr.ch\/de\/anwendungen\/datenlogger-fahrzeugindustrie\/\" \/>\n<meta property=\"og:site_name\" content=\"DE MSR Datenlogger\" \/>\n<meta property=\"article:publisher\" content=\"https:\/\/www.facebook.com\/datenlogger.msr\/\" \/>\n<meta property=\"article:modified_time\" content=\"2022-11-18T10:03:52+00:00\" \/>\n<meta name=\"twitter:card\" content=\"summary_large_image\" \/>\n<meta name=\"twitter:label1\" content=\"Gesch\u00e4tzte Lesezeit\" \/>\n\t<meta name=\"twitter:data1\" content=\"3\u00a0Minuten\" \/>\n<script type=\"application\/ld+json\" class=\"yoast-schema-graph\">{\"@context\":\"https:\/\/schema.org\",\"@graph\":[{\"@type\":\"WebPage\",\"@id\":\"https:\/\/www.msr.ch\/de\/anwendungen\/datenlogger-fahrzeugindustrie\/\",\"url\":\"https:\/\/www.msr.ch\/de\/anwendungen\/datenlogger-fahrzeugindustrie\/\",\"name\":\"Datenlogger f\u00fcr die Automobil- und Fahrzeugindustrie | MSR Electronics\",\"isPartOf\":{\"@id\":\"https:\/\/www.msr.ch\/de\/#website\"},\"datePublished\":\"2022-05-02T11:51:09+00:00\",\"dateModified\":\"2022-11-18T10:03:52+00:00\",\"description\":\"Datenlogger f\u00fcr die Fahrzeugindustrie, Automobilindustrie: Messung von St\u00f6ssen und Ersch\u00fctterungen an Fahrzeugen, Motoren, Getrieben,\",\"breadcrumb\":{\"@id\":\"https:\/\/www.msr.ch\/de\/anwendungen\/datenlogger-fahrzeugindustrie\/#breadcrumb\"},\"inLanguage\":\"de\",\"potentialAction\":[{\"@type\":\"ReadAction\",\"target\":[\"https:\/\/www.msr.ch\/de\/anwendungen\/datenlogger-fahrzeugindustrie\/\"]}]},{\"@type\":\"BreadcrumbList\",\"@id\":\"https:\/\/www.msr.ch\/de\/anwendungen\/datenlogger-fahrzeugindustrie\/#breadcrumb\",\"itemListElement\":[{\"@type\":\"ListItem\",\"position\":1,\"name\":\"Home\",\"item\":\"https:\/\/www.msr.ch\/de\/\"},{\"@type\":\"ListItem\",\"position\":2,\"name\":\"Anwendungen\",\"item\":\"https:\/\/www.msr.ch\/de\/anwendungen\/\"},{\"@type\":\"ListItem\",\"position\":3,\"name\":\"Datenlogger f\u00fcr die Automobil- und Fahrzeugindustrie\"}]},{\"@type\":\"WebSite\",\"@id\":\"https:\/\/www.msr.ch\/de\/#website\",\"url\":\"https:\/\/www.msr.ch\/de\/\",\"name\":\"MSR Datenlogger\",\"description\":\"MSR Electronics GmbH\",\"potentialAction\":[{\"@type\":\"SearchAction\",\"target\":{\"@type\":\"EntryPoint\",\"urlTemplate\":\"https:\/\/www.msr.ch\/de\/?s={search_term_string}\"},\"query-input\":\"required name=search_term_string\"}],\"inLanguage\":\"de\"}]}<\/script>\n<!-- \/ Yoast SEO plugin. -->","yoast_head_json":{"title":"Datenlogger f\u00fcr die Automobil- und Fahrzeugindustrie | MSR Electronics","description":"Datenlogger f\u00fcr die Fahrzeugindustrie, Automobilindustrie: Messung von St\u00f6ssen und Ersch\u00fctterungen an Fahrzeugen, Motoren, Getrieben,","robots":{"index":"index","follow":"follow","max-snippet":"max-snippet:-1","max-image-preview":"max-image-preview:large","max-video-preview":"max-video-preview:-1"},"canonical":"https:\/\/www.msr.ch\/de\/anwendungen\/datenlogger-fahrzeugindustrie\/","og_locale":"de_DE","og_type":"article","og_title":"Datenlogger f\u00fcr die Automobil- und Fahrzeugindustrie | MSR Electronics","og_description":"Datenlogger f\u00fcr die Fahrzeugindustrie, Automobilindustrie: Messung von St\u00f6ssen und Ersch\u00fctterungen an Fahrzeugen, Motoren, Getrieben,","og_url":"https:\/\/www.msr.ch\/de\/anwendungen\/datenlogger-fahrzeugindustrie\/","og_site_name":"DE MSR Datenlogger","article_publisher":"https:\/\/www.facebook.com\/datenlogger.msr\/","article_modified_time":"2022-11-18T10:03:52+00:00","twitter_card":"summary_large_image","twitter_misc":{"Gesch\u00e4tzte Lesezeit":"3\u00a0Minuten"},"schema":{"@context":"https:\/\/schema.org","@graph":[{"@type":"WebPage","@id":"https:\/\/www.msr.ch\/de\/anwendungen\/datenlogger-fahrzeugindustrie\/","url":"https:\/\/www.msr.ch\/de\/anwendungen\/datenlogger-fahrzeugindustrie\/","name":"Datenlogger f\u00fcr die Automobil- und Fahrzeugindustrie | MSR Electronics","isPartOf":{"@id":"https:\/\/www.msr.ch\/de\/#website"},"datePublished":"2022-05-02T11:51:09+00:00","dateModified":"2022-11-18T10:03:52+00:00","description":"Datenlogger f\u00fcr die Fahrzeugindustrie, Automobilindustrie: Messung von St\u00f6ssen und Ersch\u00fctterungen an Fahrzeugen, Motoren, Getrieben,","breadcrumb":{"@id":"https:\/\/www.msr.ch\/de\/anwendungen\/datenlogger-fahrzeugindustrie\/#breadcrumb"},"inLanguage":"de","potentialAction":[{"@type":"ReadAction","target":["https:\/\/www.msr.ch\/de\/anwendungen\/datenlogger-fahrzeugindustrie\/"]}]},{"@type":"BreadcrumbList","@id":"https:\/\/www.msr.ch\/de\/anwendungen\/datenlogger-fahrzeugindustrie\/#breadcrumb","itemListElement":[{"@type":"ListItem","position":1,"name":"Home","item":"https:\/\/www.msr.ch\/de\/"},{"@type":"ListItem","position":2,"name":"Anwendungen","item":"https:\/\/www.msr.ch\/de\/anwendungen\/"},{"@type":"ListItem","position":3,"name":"Datenlogger f\u00fcr die Automobil- und Fahrzeugindustrie"}]},{"@type":"WebSite","@id":"https:\/\/www.msr.ch\/de\/#website","url":"https:\/\/www.msr.ch\/de\/","name":"MSR Datenlogger","description":"MSR Electronics GmbH","potentialAction":[{"@type":"SearchAction","target":{"@type":"EntryPoint","urlTemplate":"https:\/\/www.msr.ch\/de\/?s={search_term_string}"},"query-input":"required name=search_term_string"}],"inLanguage":"de"}]}},"_links":{"self":[{"href":"https:\/\/www.msr.ch\/de\/wp-json\/wp\/v2\/pages\/7940"}],"collection":[{"href":"https:\/\/www.msr.ch\/de\/wp-json\/wp\/v2\/pages"}],"about":[{"href":"https:\/\/www.msr.ch\/de\/wp-json\/wp\/v2\/types\/page"}],"author":[{"embeddable":true,"href":"https:\/\/www.msr.ch\/de\/wp-json\/wp\/v2\/users\/1"}],"replies":[{"embeddable":true,"href":"https:\/\/www.msr.ch\/de\/wp-json\/wp\/v2\/comments?post=7940"}],"version-history":[{"count":35,"href":"https:\/\/www.msr.ch\/de\/wp-json\/wp\/v2\/pages\/7940\/revisions"}],"predecessor-version":[{"id":11418,"href":"https:\/\/www.msr.ch\/de\/wp-json\/wp\/v2\/pages\/7940\/revisions\/11418"}],"up":[{"embeddable":true,"href":"https:\/\/www.msr.ch\/de\/wp-json\/wp\/v2\/pages\/7572"}],"wp:attachment":[{"href":"https:\/\/www.msr.ch\/de\/wp-json\/wp\/v2\/media?parent=7940"}],"curies":[{"name":"wp","href":"https:\/\/api.w.org\/{rel}","templated":true}]}}