{"id":8238,"date":"2022-05-09T14:48:51","date_gmt":"2022-05-09T14:48:51","guid":{"rendered":"https:\/\/karabeg.xyz\/de\/?page_id=8238"},"modified":"2022-12-12T16:18:44","modified_gmt":"2022-12-12T16:18:44","slug":"datenlogger-luft-raumfahrtindustrie","status":"publish","type":"page","link":"https:\/\/www.msr.ch\/de\/anwendungen\/datenlogger-luft-raumfahrtindustrie\/","title":{"rendered":"Datenlogger f\u00fcr die Luft- und Raumfahrt"},"content":{"rendered":"<div class=\"wpb-content-wrapper\"><p>[vc_row full_width=&#8220;stretch_row&#8220; css=&#8220;.vc_custom_1649666349533{background-image: url(\/images\/Slider_leer.jpg?id=2590) !important;}&#8220;][vc_column width=&#8220;1\/2&#8243;][vc_single_image image=&#8220;2683&#8243; img_size=&#8220;full&#8220; alignment=&#8220;center&#8220; onclick=&#8220;custom_link&#8220; link=&#8220;https:\/\/www.msr.ch\/de\/news\/MSR-Datenlogger-in-Cygnus-Raumschiff-fuer-die-NASA-Schweizer-Technik-im-All\/&#8220;][\/vc_column][vc_column width=&#8220;1\/2&#8243;][vc_empty_space height=&#8220;70px&#8220; el_class=&#8220;hide-on-small&#8220;][vc_column_text]<\/p>\n<p style=\"text-align: right;\"><span style=\"font-size: 24px;\"><span style=\"color: #333333;\"><strong>\u00abWir erhalten spektakul\u00e4re Daten von diesen winzigen Datenloggern.<\/strong><\/span><span style=\"color: #333333;\"><strong>\u00bb<\/strong><\/span><\/span><\/p>\n<p style=\"text-align: right;\"><span style=\"font-size: 18px;\">Michael Bain, ISS <span class=\"mr1 t-bold\"><span aria-hidden=\"true\">Cargo Integration and Operations Services Manager,\u00a0<span class=\"t-14 t-normal\">Orbital Sciences Corporation<\/span><\/span><\/span><\/span><\/p>\n<p>&nbsp;<\/p>\n<p>&nbsp;<\/p>\n<p>[\/vc_column_text][\/vc_column][\/vc_row][vc_row full_width=&#8220;stretch_row&#8220;][vc_column][vc_column_text]<\/p>\n<h1 class=\"entry-title\">Datenlogger f\u00fcr die Luft- und Raumfahrt<\/h1>\n<h2><span style=\"color: #333333;\">Ermittlung der G-Belastung von Piloten \u00b7 Messungen zur Beanspruchung und Grenzbelastung von Flugzeugen und Materialien \u00b7 astrophysikalische Experimente \u00b7 \u00dcberwachung von Luftfrachtg\u00fctern<\/span><\/h2>\n<p>Unsere hochintegrierten Datenlogger eignen sich mit ihrem kompakten Format und der hohen Speicherkapazit\u00e4t ideal, um eine Vielzahl von physikalischen Umgebungsparametern \u00fcber lange Zeitr\u00e4ume hinweg aufzuzeichnen. Sie k\u00f6nnen f\u00fcr verschiedenste Mess- und \u00dcberwachungsaufgaben in der Luft- und Raumfahrtindustrie hilfreich sein.<\/p>\n<p>Mithilfe des Produktkonfigurators des gew\u00fcnschten MSR Datenloggers k\u00f6nnen Sie Geh\u00e4use, Akku und Sensoren individuell zusammen stellen. Die Datenlogger werden kundenspezifisch am Sitz der Firma in Seuzach N\u00e4he Winterthur hergestellt.[\/vc_column_text][vc_message color=&#8220;info&#8220;]MSR Datenlogger erf\u00fcllen versch\u00e4rfte <a href=\"\/de\/support\/faq\/\" rel=\"noopener\">Luftfracht-Sicherheitsbedingungen.<\/a>[\/vc_message][\/vc_column][\/vc_row][vc_row full_width=&#8220;stretch_row&#8220;][vc_column][vc_empty_space][\/vc_column][\/vc_row][vc_row full_width=&#8220;stretch_row&#8220; css=&#8220;.vc_custom_1655382326040{background-color: #f8f9f9 !important;}&#8220;][vc_column][vc_column_text]<\/p>\n<h2>Diese Datenlogger sollten Sie sich genauer ansehen:<\/h2>\n<p>[\/vc_column_text][vc_carousel_father speed=&#8220;5000&#8243; spaces=&#8220;5&#8243; slide_visible=&#8220;4&#8243; tabs=&#8220;2&#8243; slide_visible_mbl=&#8220;2&#8243; arrowclr=&#8220;#a3a3a3&#8243; arrowsize=&#8220;&#8220; dotclr=&#8220;#a3a3a3&#8243; dotposition=&#8220;-5&#8243;][vc_carousel_son img_radius=&#8220;&#8220; titlesize=&#8220;24&#8243; btn_visibility=&#8220;show&#8220; btn_size=&#8220;&#8220; btn_bg=&#8220;#0033cc&#8220; image_id=&#8220;2518&#8243; alt=&#8220;MSR165 Beschleuniungs-Datenlogger&#8220; title=&#8220;MSR165&#8243; contain_url=&#8220;https:\/\/www.msr.ch\/de\/produkt\/pdf-datenlogger-msr-budgetline\/&#8220; titleclr=&#8220;#0033cc&#8220; btn_text=&#8220;MEHR&#8220; btn_url=&#8220;url:%2Fde%2Fprodukt%2Fdatenlogger-schock-vibration-msr165%2F|title:Datenlogger%20f%C3%BCr%20Schock%2C%20Vibration%2C%20Stoss%3A%20MSR165&#8243; caption_url=&#8220;url:%2Fde%2Fprodukt%2Fdatenlogger-schock-vibration-msr165%2F|title:Beschleunigungs-Datenlogger%20MSR165&#8243; img_alt=&#8220;Beschleunigungs-Datenlogger MSR165&#8243;]<\/p>\n<p style=\"text-align: center;\"><span style=\"color: #333333;\">Beschleunigungssensoren \u00b115 g od. \u00b1200 g \u00b7 1 Mrd. Messwerte Speicher<\/span><\/p>\n<p>[\/vc_carousel_son][vc_carousel_son img_radius=&#8220;&#8220; titlesize=&#8220;24&#8243; btn_visibility=&#8220;show&#8220; btn_size=&#8220;&#8220; btn_bg=&#8220;#0033cc&#8220; image_id=&#8220;2800&#8243; alt=&#8220;Beschleunigung messen, Datenlogger MSR175&#8243; title=&#8220;MSR175&#8243; contain_url=&#8220;https:\/\/www.msr.ch\/de\/produkt\/pdf-datenlogger-msr-budgetline\/&#8220; titleclr=&#8220;#0033cc&#8220; btn_text=&#8220;MEHR&#8220; btn_url=&#8220;url:%2Fde%2Fprodukt%2Ftransport-datenlogger-schock-msr175%2F|title:Schock-Datenlogger%20MSR175&#8243; caption_url=&#8220;url:%2Fde%2Fprodukt%2Ftransport-datenlogger-schock-msr175%2F|title:Schock-Datenlogger%20MSR175&#8243; img_alt=&#8220;Schock-Datenlogger MSR175&#8243;]<\/p>\n<p style=\"text-align: center;\"><span style=\"color: #333333; font-size: 14px;\">Beschleunigungssensoren \u00b115 g\/\u00b1200 g \u00b7 2 Mio. Messwerte Speicher<\/span><\/p>\n<p>[\/vc_carousel_son][vc_carousel_son img_radius=&#8220;&#8220; titlesize=&#8220;24&#8243; btn_visibility=&#8220;show&#8220; btn_size=&#8220;&#8220; btn_bg=&#8220;#0033cc&#8220; image_id=&#8220;2516&#8243; alt=&#8220;MSR175plus Schock-Datenlogger&#8220; title=&#8220;MSR175plus&#8220; contain_url=&#8220;https:\/\/www.msr.ch\/de\/produkt\/pdf-datenlogger-msr-budgetline\/&#8220; titleclr=&#8220;#0033cc&#8220; btn_text=&#8220;MEHR&#8220; btn_url=&#8220;url:%2Fde%2Fprodukt%2Ftransport-datenlogger-msr175plus-gps%2F|title:Datenlogger%20f%C3%BCr%20Beschleunigung%2C%20Schock%2C%20Stoss%20MSR175plus&#8220; caption_url=&#8220;url:%2Fde%2Fprodukt%2Ftransport-datenlogger-msr175plus-gps%2F|title:Datenlogger%20f%C3%BCr%20Beschleunigung%2C%20Schock%2C%20Stoss%20MSR175plus&#8220; img_alt=&#8220;Datenlogger f\u00fcr Beschleunigung, Schock, Stoss MSR175plus&#8220;]<\/p>\n<p style=\"text-align: center;\"><span style=\"color: #333333;\">Beschleunigung gleichzeitig \u00b115 g &amp; \u00b1200 g \u00b7 4 Mio. Messwerte Speicher<\/span><\/p>\n<p>[\/vc_carousel_son][vc_carousel_son img_radius=&#8220;&#8220; titlesize=&#8220;24&#8243; btn_visibility=&#8220;show&#8220; btn_size=&#8220;&#8220; btn_bg=&#8220;#0033cc&#8220; image_id=&#8220;2515&#8243; alt=&#8220;MSR145 Datenlogger Lage Fast Peak&#8220; title=&#8220;MSR145&#8243; contain_url=&#8220;https:\/\/www.msr.ch\/de\/produkt\/pdf-datenlogger-msr-budgetline\/&#8220; titleclr=&#8220;#0033cc&#8220; btn_text=&#8220;MEHR&#8220; btn_url=&#8220;url:https%3A%2F%2Fkarabeg.xyz%2Fde%2Fprodukt%2Fdatenlogger-temperatur-feuchte-druck-beschleunigung-msr145%2F|title:Universal-Datenlogger%20f%C3%BCr%20Temperatur%2C%20Lage%2C%20Feuchte%2C%20Druck&#8220; caption_url=&#8220;url:%2Fde%2Fprodukt%2Fdatenlogger-temperatur-feuchte-druck-beschleunigung-msr145%2F|title:Universal-Datenlogger%20MSR145%20f%C3%BCr%20Temperatur%2C%20Lage%2C%20Feuchte%2C%20Druck&#8220; img_alt=&#8220;Universal-Datenlogger MSR145 f\u00fcr Temperatur, Lage, Feuchte, Druck&#8220;]<\/p>\n<p style=\"text-align: center;\"><span style=\"color: #333333;\">Beschleunigungssensor \u00b115 g \u00b7 Fast Peak \u00b7 2 Mio. Messwerte Speicher<\/span><\/p>\n<p>[\/vc_carousel_son][vc_carousel_son img_radius=&#8220;&#8220; titlesize=&#8220;24&#8243; btn_visibility=&#8220;show&#8220; btn_size=&#8220;&#8220; btn_bg=&#8220;#0033cc&#8220; image_id=&#8220;2519&#8243; alt=&#8220;MSR145 Datenlogger Lage Fast Peak&#8220; title=&#8220;MSR145WD&#8220; contain_url=&#8220;https:\/\/www.msr.ch\/de\/produkt\/pdf-datenlogger-msr-budgetline\/&#8220; titleclr=&#8220;#0033cc&#8220; btn_text=&#8220;MEHR&#8220; btn_url=&#8220;url:%2Fde%2Fprodukt%2Ffunk-datenlogger-msr145wd-bluetooth%2F|title:Bluetooth-Datenlogger%20MSR145WD&#8220; caption_url=&#8220;url:%2Fde%2Fprodukt%2Ffunk-datenlogger-msr145wd-bluetooth%2F|title:Bluetooth-Datenlogger%20MSR145WD&#8220; img_alt=&#8220;Bluetooth-Datenlogger MSR145WD&#8220;]<\/p>\n<p style=\"text-align: center;\"><span style=\"color: #333333;\">Beschleunigungssensor \u00b115 g \u00b7 1 Mio. Messwerte Speicher \u00b7 BLE<\/span><\/p>\n<p>[\/vc_carousel_son][vc_carousel_son img_radius=&#8220;&#8220; titlesize=&#8220;24&#8243; btn_visibility=&#8220;show&#8220; btn_size=&#8220;&#8220; btn_bg=&#8220;#0033cc&#8220; image_id=&#8220;2519&#8243; alt=&#8220;MSR145 Datenlogger Lage Fast Peak&#8220; title=&#8220;MSR145W2D&#8220; contain_url=&#8220;https:\/\/www.msr.ch\/de\/produkt\/pdf-datenlogger-msr-budgetline\/&#8220; titleclr=&#8220;#0033cc&#8220; btn_text=&#8220;MEHR&#8220; btn_url=&#8220;url:%2Fde%2Fprodukt%2Fwlan-datenlogger-msr145w2d%2F|title:WLAN-Datenlogger%20MSR145W2D&#8220; caption_url=&#8220;url:%2Fde%2Fprodukt%2Fwlan-datenlogger-msr145w2d%2F|title:WLAN-Datenlogger%20MSR145W2D&#8220; img_alt=&#8220;WLAN-Datenlogger MSR145W2D&#8220;]<\/p>\n<p style=\"text-align: center;\"><span style=\"color: #333333;\">Beschleunigungssensor \u00b115 g \u00b7 1 Mio. Messwerte Speicher<\/span><\/p>\n<p>[\/vc_carousel_son][\/vc_carousel_father][\/vc_column][\/vc_row][vc_row full_width=&#8220;stretch_row&#8220;][vc_column][vc_empty_space][\/vc_column][\/vc_row][vc_row full_width=&#8220;stretch_row&#8220; css=&#8220;.vc_custom_1662036319080{background-color: #0033cc !important;}&#8220;][vc_column][vc_cta h2=&#8220;Den passenden Datenlogger nicht gefunden? Nutzen Sie unsere Schnellsuche!&#8220; h2_font_container=&#8220;tag:h2|text_align:left|color:%230033cc&#8220; h2_use_theme_fonts=&#8220;yes&#8220; add_button=&#8220;right&#8220; btn_title=&#8220;Schnellsuche&#8220; use_custom_fonts_h2=&#8220;true&#8220; h2_link=&#8220;url:%2Fde%2Fprodukt%2Fdatenlogger%2F|title:Schnell%20den%20passenden%20Datenlogger%20finden&#8220; btn_link=&#8220;url:%2Fde%2Fprodukt%2Fdatenlogger%2F|title:Schnell%20den%20passenden%20Datenlogger%20finden&#8220;]W\u00e4hlen Sie Messgr\u00f6ssen, Mess-\/Speicherrate, Betriebstemperatur, Ger\u00e4tedimension u.v.m.[\/vc_cta][\/vc_column][\/vc_row][vc_row full_width=&#8220;stretch_row&#8220;][vc_column][vc_empty_space][\/vc_column][\/vc_row][vc_row full_width=&#8220;stretch_row&#8220; css=&#8220;.vc_custom_1662035792589{background-color: #f8f9f9 !important;}&#8220;][vc_column css=&#8220;.vc_custom_1660893479516{padding-right: 40px !important;padding-left: 40px !important;}&#8220;][msrwpbportfoliobyid recent_title=&#8220;MSR Datenlogger im Einsatz in der Luft- und Raumfahrt \u2013 Kundenberichte aus der Praxis&#8220; number_in_row=&#8220;4&#8243; post_ids=&#8220;9112,10373,10435,11547&#8243; item_text_color=&#8220;#ffffff&#8220; item_title_color=&#8220;#ffffff&#8220; title_color=&#8220;#0033cc&#8220;][\/vc_column][\/vc_row][vc_row full_width=&#8220;stretch_row&#8220;][vc_column][vc_empty_space][\/vc_column][\/vc_row][vc_row css=&#8220;.vc_custom_1655382707563{margin-bottom: 20px !important;}&#8220;][vc_column][vc_custom_heading text=&#8220;Schweizer Fernsehen SRF: MSR Datenlogger unterwegs zur Internationalen Raumstation&#8220; use_theme_fonts=&#8220;yes&#8220; el_class=&#8220;title&#8220;][vc_column_text]Bereits seit 2013 begleiten Mini-Datenlogger der MSR Electronics GmbH die Fl\u00fcge von unbemannten Raumfrachtern zur Internationalen Raumstation ISS. Die Datenlogger liefern den amerikanischen Raumfahrbeh\u00f6rden detaillierte Daten \u00fcber Transportbelastungen, welche auf das Frachtgut des unbemannten Versorgungsraumschiffes einwirken. Das Schweizer Fernsehen SRF berichtete im Wirtschaftsmagazin \u00abEco\u00bb \u00fcber die extraterrestrische Eins\u00e4tze der MSR165 Datenlogger.[\/vc_column_text][\/vc_column][\/vc_row][vc_row css=&#8220;.vc_custom_1655382977088{margin: 2px !important;padding: 10px !important;background-color: #f8f9f9 !important;}&#8220;][vc_column][vc_video link=&#8220;https:\/\/www.youtube.com\/watch?v=59YeKL4HTSk&amp;t=6s&#8220; align=&#8220;center&#8220;][\/vc_column][\/vc_row][vc_row full_width=&#8220;stretch_row&#8220;][vc_column][vc_empty_space][\/vc_column][\/vc_row][vc_row][vc_column width=&#8220;1\/2&#8243;][vc_cta h2=&#8220;\u00dcberlassen Sie die Wahl Ihres Datenloggers nicht dem Zufall.&#8220; h2_font_container=&#8220;tag:h2|text_align:left|color:%230033cc&#8220; h2_use_theme_fonts=&#8220;yes&#8220; h4=&#8220;Nutzen Sie unsere Erfahrung und Kompetenz.&#8220; add_button=&#8220;right&#8220; btn_title=&#8220;Kontakt&#8220; use_custom_fonts_h2=&#8220;true&#8220; h2_link=&#8220;url:%2Fde%2Fkontakt%2F|title:Kontakt%20MSR%20Datenlogger&#8220; btn_link=&#8220;url:%2Fde%2Fkontakt%2F|title:Kontakt%20MSR%20Datenlogger&#8220; el_class=&#8220;grey-subline&#8220; css=&#8220;.vc_custom_1656495996964{margin-top: 18px !important;}&#8220;]F\u00fcr eine pers\u00f6nliche Beratung stehen Ihnen \u00fcber 90 MSR-Vertriebspartner in weltweit mehr als 50 L\u00e4ndern zur Verf\u00fcgung.[\/vc_cta][\/vc_column][vc_column width=&#8220;1\/2&#8243;][msrnewslettersub newslettersub_img=&#8220;2634&#8243;][\/vc_column][\/vc_row][vc_row][vc_column][vc_empty_space][\/vc_column][\/vc_row]<\/p>\n<\/div>","protected":false},"excerpt":{"rendered":"<p>[vc_row full_width=&#8220;stretch_row&#8220; css=&#8220;.vc_custom_1649666349533{background-image: url(\/images\/Slider_leer.jpg?id=2590) !important;}&#8220;][vc_column width=&#8220;1\/2&#8243;][vc_single_image image=&#8220;2683&#8243; img_size=&#8220;full&#8220; alignment=&#8220;center&#8220; onclick=&#8220;custom_link&#8220; link=&#8220;https:\/\/www.msr.ch\/de\/news\/MSR-Datenlogger-in-Cygnus-Raumschiff-fuer-die-NASA-Schweizer-Technik-im-All\/&#8220;][\/vc_column][vc_column width=&#8220;1\/2&#8243;][vc_empty_space height=&#8220;70px&#8220; el_class=&#8220;hide-on-small&#8220;][vc_column_text] \u00abWir erhalten spektakul\u00e4re Daten von diesen winzigen Datenloggern.\u00bb Michael Bain, ISS Cargo Integration and Operations Services Manager,\u00a0Orbital Sciences Corporation &nbsp; &nbsp; [\/vc_column_text][\/vc_column][\/vc_row][vc_row full_width=&#8220;stretch_row&#8220;][vc_column][vc_column_text] Datenlogger f\u00fcr die &hellip;<\/p>\n","protected":false},"author":1,"featured_media":0,"parent":7572,"menu_order":0,"comment_status":"closed","ping_status":"closed","template":"","meta":{"footnotes":""},"yoast_head":"<!-- This site is optimized with the Yoast SEO plugin v22.9 - https:\/\/yoast.com\/wordpress\/plugins\/seo\/ -->\n<title>Datenlogger f\u00fcr die Luft- und Raumfahrt , G-Belastung messen | MSR Electronics<\/title>\n<meta name=\"description\" content=\"Datenlogger f\u00fcr die Luft- und Raumfahrt von MSR: Ermittlung der G-Belastung von Piloten \u00b7 Messungen zur Beanspruchung von Flugzeugen\" \/>\n<meta name=\"robots\" content=\"index, follow, max-snippet:-1, max-image-preview:large, max-video-preview:-1\" \/>\n<link rel=\"canonical\" href=\"https:\/\/www.msr.ch\/de\/anwendungen\/datenlogger-luft-raumfahrtindustrie\/\" \/>\n<meta property=\"og:locale\" content=\"de_DE\" \/>\n<meta property=\"og:type\" content=\"article\" \/>\n<meta property=\"og:title\" content=\"Datenlogger f\u00fcr die Luft- und Raumfahrt , G-Belastung messen | MSR Electronics\" \/>\n<meta property=\"og:description\" content=\"Datenlogger f\u00fcr die Luft- und Raumfahrt von MSR: Ermittlung der G-Belastung von Piloten \u00b7 Messungen zur Beanspruchung von Flugzeugen\" \/>\n<meta property=\"og:url\" content=\"https:\/\/www.msr.ch\/de\/anwendungen\/datenlogger-luft-raumfahrtindustrie\/\" \/>\n<meta property=\"og:site_name\" content=\"DE MSR Datenlogger\" \/>\n<meta property=\"article:publisher\" content=\"https:\/\/www.facebook.com\/datenlogger.msr\/\" \/>\n<meta property=\"article:modified_time\" content=\"2022-12-12T16:18:44+00:00\" \/>\n<meta name=\"twitter:card\" content=\"summary_large_image\" \/>\n<meta name=\"twitter:label1\" content=\"Gesch\u00e4tzte Lesezeit\" \/>\n\t<meta name=\"twitter:data1\" content=\"3\u00a0Minuten\" \/>\n<script type=\"application\/ld+json\" class=\"yoast-schema-graph\">{\"@context\":\"https:\/\/schema.org\",\"@graph\":[{\"@type\":\"WebPage\",\"@id\":\"https:\/\/www.msr.ch\/de\/anwendungen\/datenlogger-luft-raumfahrtindustrie\/\",\"url\":\"https:\/\/www.msr.ch\/de\/anwendungen\/datenlogger-luft-raumfahrtindustrie\/\",\"name\":\"Datenlogger f\u00fcr die Luft- und Raumfahrt , G-Belastung messen | MSR Electronics\",\"isPartOf\":{\"@id\":\"https:\/\/www.msr.ch\/de\/#website\"},\"datePublished\":\"2022-05-09T14:48:51+00:00\",\"dateModified\":\"2022-12-12T16:18:44+00:00\",\"description\":\"Datenlogger f\u00fcr die Luft- und Raumfahrt von MSR: Ermittlung der G-Belastung von Piloten \u00b7 Messungen zur Beanspruchung von Flugzeugen\",\"breadcrumb\":{\"@id\":\"https:\/\/www.msr.ch\/de\/anwendungen\/datenlogger-luft-raumfahrtindustrie\/#breadcrumb\"},\"inLanguage\":\"de\",\"potentialAction\":[{\"@type\":\"ReadAction\",\"target\":[\"https:\/\/www.msr.ch\/de\/anwendungen\/datenlogger-luft-raumfahrtindustrie\/\"]}]},{\"@type\":\"BreadcrumbList\",\"@id\":\"https:\/\/www.msr.ch\/de\/anwendungen\/datenlogger-luft-raumfahrtindustrie\/#breadcrumb\",\"itemListElement\":[{\"@type\":\"ListItem\",\"position\":1,\"name\":\"Home\",\"item\":\"https:\/\/www.msr.ch\/de\/\"},{\"@type\":\"ListItem\",\"position\":2,\"name\":\"Anwendungen\",\"item\":\"https:\/\/www.msr.ch\/de\/anwendungen\/\"},{\"@type\":\"ListItem\",\"position\":3,\"name\":\"Datenlogger f\u00fcr die Luft- und Raumfahrt\"}]},{\"@type\":\"WebSite\",\"@id\":\"https:\/\/www.msr.ch\/de\/#website\",\"url\":\"https:\/\/www.msr.ch\/de\/\",\"name\":\"MSR Datenlogger\",\"description\":\"MSR Electronics GmbH\",\"potentialAction\":[{\"@type\":\"SearchAction\",\"target\":{\"@type\":\"EntryPoint\",\"urlTemplate\":\"https:\/\/www.msr.ch\/de\/?s={search_term_string}\"},\"query-input\":\"required name=search_term_string\"}],\"inLanguage\":\"de\"}]}<\/script>\n<!-- \/ Yoast SEO plugin. -->","yoast_head_json":{"title":"Datenlogger f\u00fcr die Luft- und Raumfahrt , G-Belastung messen | MSR Electronics","description":"Datenlogger f\u00fcr die Luft- und Raumfahrt von MSR: Ermittlung der G-Belastung von Piloten \u00b7 Messungen zur Beanspruchung von Flugzeugen","robots":{"index":"index","follow":"follow","max-snippet":"max-snippet:-1","max-image-preview":"max-image-preview:large","max-video-preview":"max-video-preview:-1"},"canonical":"https:\/\/www.msr.ch\/de\/anwendungen\/datenlogger-luft-raumfahrtindustrie\/","og_locale":"de_DE","og_type":"article","og_title":"Datenlogger f\u00fcr die Luft- und Raumfahrt , G-Belastung messen | MSR Electronics","og_description":"Datenlogger f\u00fcr die Luft- und Raumfahrt von MSR: Ermittlung der G-Belastung von Piloten \u00b7 Messungen zur Beanspruchung von Flugzeugen","og_url":"https:\/\/www.msr.ch\/de\/anwendungen\/datenlogger-luft-raumfahrtindustrie\/","og_site_name":"DE MSR Datenlogger","article_publisher":"https:\/\/www.facebook.com\/datenlogger.msr\/","article_modified_time":"2022-12-12T16:18:44+00:00","twitter_card":"summary_large_image","twitter_misc":{"Gesch\u00e4tzte Lesezeit":"3\u00a0Minuten"},"schema":{"@context":"https:\/\/schema.org","@graph":[{"@type":"WebPage","@id":"https:\/\/www.msr.ch\/de\/anwendungen\/datenlogger-luft-raumfahrtindustrie\/","url":"https:\/\/www.msr.ch\/de\/anwendungen\/datenlogger-luft-raumfahrtindustrie\/","name":"Datenlogger f\u00fcr die Luft- und Raumfahrt , G-Belastung messen | MSR Electronics","isPartOf":{"@id":"https:\/\/www.msr.ch\/de\/#website"},"datePublished":"2022-05-09T14:48:51+00:00","dateModified":"2022-12-12T16:18:44+00:00","description":"Datenlogger f\u00fcr die Luft- und Raumfahrt von MSR: Ermittlung der G-Belastung von Piloten \u00b7 Messungen zur Beanspruchung von Flugzeugen","breadcrumb":{"@id":"https:\/\/www.msr.ch\/de\/anwendungen\/datenlogger-luft-raumfahrtindustrie\/#breadcrumb"},"inLanguage":"de","potentialAction":[{"@type":"ReadAction","target":["https:\/\/www.msr.ch\/de\/anwendungen\/datenlogger-luft-raumfahrtindustrie\/"]}]},{"@type":"BreadcrumbList","@id":"https:\/\/www.msr.ch\/de\/anwendungen\/datenlogger-luft-raumfahrtindustrie\/#breadcrumb","itemListElement":[{"@type":"ListItem","position":1,"name":"Home","item":"https:\/\/www.msr.ch\/de\/"},{"@type":"ListItem","position":2,"name":"Anwendungen","item":"https:\/\/www.msr.ch\/de\/anwendungen\/"},{"@type":"ListItem","position":3,"name":"Datenlogger f\u00fcr die Luft- und Raumfahrt"}]},{"@type":"WebSite","@id":"https:\/\/www.msr.ch\/de\/#website","url":"https:\/\/www.msr.ch\/de\/","name":"MSR Datenlogger","description":"MSR Electronics GmbH","potentialAction":[{"@type":"SearchAction","target":{"@type":"EntryPoint","urlTemplate":"https:\/\/www.msr.ch\/de\/?s={search_term_string}"},"query-input":"required name=search_term_string"}],"inLanguage":"de"}]}},"_links":{"self":[{"href":"https:\/\/www.msr.ch\/de\/wp-json\/wp\/v2\/pages\/8238"}],"collection":[{"href":"https:\/\/www.msr.ch\/de\/wp-json\/wp\/v2\/pages"}],"about":[{"href":"https:\/\/www.msr.ch\/de\/wp-json\/wp\/v2\/types\/page"}],"author":[{"embeddable":true,"href":"https:\/\/www.msr.ch\/de\/wp-json\/wp\/v2\/users\/1"}],"replies":[{"embeddable":true,"href":"https:\/\/www.msr.ch\/de\/wp-json\/wp\/v2\/comments?post=8238"}],"version-history":[{"count":49,"href":"https:\/\/www.msr.ch\/de\/wp-json\/wp\/v2\/pages\/8238\/revisions"}],"predecessor-version":[{"id":11549,"href":"https:\/\/www.msr.ch\/de\/wp-json\/wp\/v2\/pages\/8238\/revisions\/11549"}],"up":[{"embeddable":true,"href":"https:\/\/www.msr.ch\/de\/wp-json\/wp\/v2\/pages\/7572"}],"wp:attachment":[{"href":"https:\/\/www.msr.ch\/de\/wp-json\/wp\/v2\/media?parent=8238"}],"curies":[{"name":"wp","href":"https:\/\/api.w.org\/{rel}","templated":true}]}}