{"id":8635,"date":"2022-05-19T09:38:34","date_gmt":"2022-05-19T09:38:34","guid":{"rendered":"https:\/\/karabeg.xyz\/de\/?page_id=8635"},"modified":"2022-10-04T07:40:20","modified_gmt":"2022-10-04T07:40:20","slug":"msr-smartcloud-cloud-fuer-messdaten","status":"publish","type":"page","link":"https:\/\/www.msr.ch\/de\/support\/msr-smartcloud-cloud-fuer-messdaten\/","title":{"rendered":"MSR SmartCloud"},"content":{"rendered":"<div class=\"wpb-content-wrapper\"><p>[vc_row css=&#8220;.vc_custom_1651844868349{background-position: center !important;background-repeat: no-repeat !important;background-size: contain !important;}&#8220;][vc_column][vc_column_text]<\/p>\n<h1 class=\"entry-title\">MSR SmartCloud<\/h1>\n<h2 class=\"entry-title\">Messwerte online, \u00fcberall und zu jeder Zeit<\/h2>\n<p class=\"article_intro\">Daten online speichern, Messwerte aus der Ferne \u00fcberwachen und bei Bedarf mit mehreren Nutzern teilen \u2013 diese M\u00f6glichkeiten bietet Ihnen die MSR SmartCloud.<\/p>\n<p>Die\u00a0MSR SmartCloud\u00a0ist unsere L\u00f6sung zur Fern\u00fcberwachung der Messdaten von MSR Datenloggern. Die von MSR Electronics GmbH verwaltete Cloud-L\u00f6sung speichert die von MSR Funk-Datenloggern gemessenen Werte in einer Datenbank. Via Web-Zugang zur MSR SmartCloud k\u00f6nnen Sie die Messwerte Ihres MSR Datenloggers jederzeit und von \u00fcberall im laufenden Betrieb einsehen.<\/p>\n<h3>\u00dcberwachen, dokumentieren, alarmieren<\/h3>\n<p><a href=\"\/images\/msr_smartcloud\/MSRSmartCloud-screenshots.png\" class=\"msr-image-popup\" ><img loading=\"lazy\" decoding=\"async\" class=\"alignright wp-image-935 size-medium\" title=\"Mit der MSR SmartCloud k\u00f6nnen die aktuellen Messwerte von mehreren Datenloggern jederzeit via Web-Browser eingesehen, analysiert und \u00fcber l\u00e4ngere Zeitr\u00e4ume gespeichert werden. Die Alarmfunktion sorgt daf\u00fcr, dass Sie bei einer allf\u00e4lligen Grenzwertverletzung umgehend per E-Mail benachrichtigt werden.\" src=\"\/images\/msr_smartcloud\/MSRSmartCloud-screenshots-297x300.png\" alt=\"Mit der MSR SmartCloud k\u00f6nnen die aktuellen Messwerte von mehreren Datenloggern jederzeit via Web-Browser eingesehen, analysiert und \u00fcber l\u00e4ngere Zeitr\u00e4ume gespeichert werden. Die Alarmfunktion sorgt daf\u00fcr, dass Sie bei einer allf\u00e4lligen Grenzwertverletzung umgehend per E-Mail benachrichtigt werden.\" width=\"297\" height=\"300\" srcset=\"https:\/\/www.msr.ch\/images\/msr_smartcloud\/MSRSmartCloud-screenshots-297x300.png 297w, https:\/\/www.msr.ch\/images\/msr_smartcloud\/MSRSmartCloud-screenshots-155x157.png 155w, https:\/\/www.msr.ch\/images\/msr_smartcloud\/MSRSmartCloud-screenshots-110x111.png 110w, https:\/\/www.msr.ch\/images\/msr_smartcloud\/MSRSmartCloud-screenshots-105x106.png 105w, https:\/\/www.msr.ch\/images\/msr_smartcloud\/MSRSmartCloud-screenshots-200x202.png 200w, https:\/\/www.msr.ch\/images\/msr_smartcloud\/MSRSmartCloud-screenshots-182x184.png 182w, https:\/\/www.msr.ch\/images\/msr_smartcloud\/MSRSmartCloud-screenshots-120x121.png 120w, https:\/\/www.msr.ch\/images\/msr_smartcloud\/MSRSmartCloud-screenshots.png 594w\" sizes=\"(max-width: 297px) 100vw, 297px\" \/><\/a>In der MSR SmartCloud k\u00f6nnen Sie sich die aktuellsten Messwerte Ihrer MSR Funk-Datenlogger (<a title=\"MSR145WD: Funk-Datenlogger mit BLE, Display und MSR SmartCloud\" href=\"\/de\/produkt\/funk-datenlogger-msr145wd-bluetooth\/\">MSR145WD<\/a>,\u00a0<a title=\"WLAN-Datenlogger MSR145W2D\" href=\"\/de\/produkt\/wlan-datenlogger-msr145w2d\/\">MSR145W2D,<\/a>\u00a0<a title=\"MSR147WD Funk-Datenlogger mit steckbaren Sensoren\" href=\"\/de\/produkt\/funkdatenlogger-temperatur-feuchtigkeit-msr147wd\/\">MSR147WD,<\/a>\u00a0<a title=\"MSR147W2D: Funk-Datenlogger (WLAN) mit steckbaren Feuchte- und Temperatursensoren\" href=\"\/de\/produkt\/wlan-datenlogger-temperatur-feuchte-msr147w2d\/\" rel=\"noopener\">MSR147W2D,<\/a>\u00a0<a title=\"MSR385WD: Datenlogger mit Funk-Sensoren f\u00fcr Betriebstemperaturen bis zu +125 \u00b0C und optionalem GSM-Terminal zur Fern\u00fcberwachung\" href=\"\/de\/produkt\/funkdatenlogger-temperatur-feuchte-msr385wd\/\">MSR385WD<\/a>) auf einer \u00dcbersicht anzeigen lassen. Die Messungen k\u00f6nnen als Kurven dargestellt und bei Bedarf als PDF-Report ausgegeben werden. Werden bestimmte Grenzwerte \u00fcberschritten, so warnt die SmartCloud den Anwender via E-Mail.<\/p>\n<p>Der Besitzer eines MSR Datenloggers mit Zugang zur MSR SmartCloud hat die M\u00f6glichkeit, zus\u00e4tzlichen Nutzern Leserechte auf die Messdaten eines definierten Datenloggers zu geben. So k\u00f6nnen Mitarbeiter in einem Unternehmen jeweils diejenigen Daten einsehen, welche in ihren Zust\u00e4ndigkeitsbereich fallen. Die Konfiguration des Datenloggers bleibt dabei dem Verwalter des Datenloggers vorbehalten.<\/p>\n<h3>Standortunabh\u00e4ngiges Monitoring mit der MSR SmartCloud<\/h3>\n<p>Die Fern\u00fcberwachung mit der SmartCloud ist besonders dann zu empfehlen,<\/p>\n<ul>\n<li>wenn zwischen Ihnen und dem Datenlogger eine geografische Distanz besteht,<\/li>\n<li>wenn Sie oder weitere Teilnehmer die laufenden Messungen via Web einsehen m\u00f6chten,<\/li>\n<li>wenn Sie oder weitere Teilnehmer bei \u00dcberschreitung eines bestimmten Wertes benachrichtigt werden sollen.<\/li>\n<\/ul>\n<p>Mit den MSR Datenloggern und der MSR SmartCloud \u00fcberwachen Sie Werte wie Temperatur, Feuchte und Druck sicher und automatisch, beispielsweise wenn es um die Klima\u00fcberwachung von Kunstobjekten in einem Museum geht, oder wenn Vorschriften zur \u00dcberwachung und Dokumentation bei der Lagerung von Medikamenten eingehalten werden m\u00fcssen.[\/vc_column_text][\/vc_column][\/vc_row][vc_row css=&#8220;.vc_custom_1652789084766{margin-top: 2px !important;margin-right: 2px !important;margin-bottom: 2px !important;margin-left: 2px !important;padding-top: 10px !important;padding-right: 10px !important;padding-bottom: 10px !important;padding-left: 10px !important;background-color: #ededed !important;}&#8220;][vc_column css=&#8220;.vc_custom_1651841985708{padding-left: 10px !important;}&#8220;][vc_column_text css=&#8220;.vc_custom_1653034414922{border-top-width: 40px !important;border-right-width: 20px !important;border-bottom-width: 20px !important;border-left-width: 20px !important;background-color: #ffffff !important;border-left-color: #ffffff !important;border-left-style: solid !important;border-right-color: #ffffff !important;border-right-style: solid !important;border-top-color: #ffffff !important;border-top-style: solid !important;border-bottom-color: #ffffff !important;border-bottom-style: solid !important;}&#8220;]<\/p>\n\n\t\t<style type=\"text\/css\">\n\t\t\t#gallery-2 {\n\t\t\t\tmargin: auto;\n\t\t\t}\n\t\t\t#gallery-2 .gallery-item {\n\t\t\t\tfloat: left;\n\t\t\t\tmargin-top: 10px;\n\t\t\t\ttext-align: center;\n\t\t\t\twidth: 100%;\n\t\t\t}\n\t\t\t#gallery-2 img {\n\t\t\t\tborder: 2px solid #cfcfcf;\n\t\t\t}\n\t\t\t#gallery-2 .gallery-caption {\n\t\t\t\tmargin-left: 0;\n\t\t\t}\n\t\t\t\/* see gallery_shortcode() in wp-includes\/media.php *\/\n\t\t<\/style>\n\t\t<div id='gallery-2' class='gallery galleryid-8635 gallery-columns-1 gallery-size-large'><dl class='gallery-item'>\n\t\t\t<dt class='gallery-icon landscape'>\n\t\t\t\t<a href='https:\/\/www.msr.ch\/images\/anwendungsgebiete\/sigma-tau\/Messdatenueberwachung-mit-MSR-SmartCloud.jpg'><img loading=\"lazy\" decoding=\"async\" width=\"800\" height=\"435\" src=\"https:\/\/www.msr.ch\/images\/anwendungsgebiete\/sigma-tau\/Messdatenueberwachung-mit-MSR-SmartCloud.jpg\" class=\"attachment-large size-large\" alt=\"The MSR SmartCloud facilitates arbitrary storage and alarm actions. The logger can store data in the cloud (from left) via Bluetooth and a smartphone, laptop or with a special box, but also (bottom right) via USB. Alarms are sent to the authorised person, for instance by text message, e-mail or web browser.\" srcset=\"https:\/\/www.msr.ch\/images\/anwendungsgebiete\/sigma-tau\/Messdatenueberwachung-mit-MSR-SmartCloud.jpg 800w, https:\/\/www.msr.ch\/images\/anwendungsgebiete\/sigma-tau\/Messdatenueberwachung-mit-MSR-SmartCloud-300x163.jpg 300w, https:\/\/www.msr.ch\/images\/anwendungsgebiete\/sigma-tau\/Messdatenueberwachung-mit-MSR-SmartCloud-768x418.jpg 768w, https:\/\/www.msr.ch\/images\/anwendungsgebiete\/sigma-tau\/Messdatenueberwachung-mit-MSR-SmartCloud-155x84.jpg 155w, https:\/\/www.msr.ch\/images\/anwendungsgebiete\/sigma-tau\/Messdatenueberwachung-mit-MSR-SmartCloud-110x60.jpg 110w, https:\/\/www.msr.ch\/images\/anwendungsgebiete\/sigma-tau\/Messdatenueberwachung-mit-MSR-SmartCloud-105x57.jpg 105w, https:\/\/www.msr.ch\/images\/anwendungsgebiete\/sigma-tau\/Messdatenueberwachung-mit-MSR-SmartCloud-250x136.jpg 250w, https:\/\/www.msr.ch\/images\/anwendungsgebiete\/sigma-tau\/Messdatenueberwachung-mit-MSR-SmartCloud-200x109.jpg 200w, https:\/\/www.msr.ch\/images\/anwendungsgebiete\/sigma-tau\/Messdatenueberwachung-mit-MSR-SmartCloud-182x99.jpg 182w, https:\/\/www.msr.ch\/images\/anwendungsgebiete\/sigma-tau\/Messdatenueberwachung-mit-MSR-SmartCloud-120x65.jpg 120w, https:\/\/www.msr.ch\/images\/anwendungsgebiete\/sigma-tau\/Messdatenueberwachung-mit-MSR-SmartCloud-70x38.jpg 70w, https:\/\/www.msr.ch\/images\/anwendungsgebiete\/sigma-tau\/Messdatenueberwachung-mit-MSR-SmartCloud-55x30.jpg 55w\" sizes=\"(max-width: 800px) 100vw, 800px\" \/><\/a>\n\t\t\t<\/dt><\/dl><br style=\"clear: both\" \/>\n\t\t<\/div>\n\n<p>[\/vc_column_text][vc_column_text]<\/p>\n<h2>Mit der MSR SmartCloud kompatible Datenlogger<\/h2>\n<p>Die beiden <a title=\"MSR145WD: Funk-Datenlogger mit BLE, Display und MSR SmartCloud\" href=\"\/de\/produkt\/funk-datenlogger-msr145wd-bluetooth\/\">Bluetooth-Datenlogger MSR145WD<\/a> und <a title=\"MSR147WD Funk-Datenlogger mit steckbaren Sensoren\" href=\"\/de\/produkt\/funkdatenlogger-temperatur-feuchtigkeit-msr147wd\/\">MSR147WD<\/a> k\u00f6nnen die Daten von der <a title=\"MSR DataLogger-App\" href=\"\/de\/support\/msr-datalogger-app-msr-datenlogger-app\/\">MSR DataLogger-App<\/a> oder via die separat erh\u00e4ltliche BLE-Empf\u00e4ngerbox an die MSR SmartCloud \u00fcbermitteln.<\/p>\n<p>Die <a title=\"WLAN-Datenlogger MSR145W2D mit steckbaren Sensoren\" href=\"\/de\/produkt\/wlan-datenlogger-msr145w2d\/\">WLAN-Datenlogger MSR145W2D <\/a>und <a title=\"MSR147W2D: Funk-Datenlogger (WLAN) mit steckbaren Feuchte- und Temperatursensoren\" href=\"\/de\/produkt\/wlan-datenlogger-temperatur-feuchte-msr147w2d\/\">MSR147W2D <\/a>haben ein integriertes WiFi\/WLAN-Modul. Selbst grosse Datenmengen k\u00f6nnen schnell in die <a title=\"MSRLocalCloud: Messdaten lokal auf dem eigenen Server speichern\" href=\"\/de\/support\/msr-localcloud\/\">MSR LocalCloud<\/a> oder in die MSR SmartCloud \u00fcbertragen werden.<\/p>\n<p>Der mit Funksensoren ausgestattete <a title=\"MSR385WD: Datenlogger mit Funk-Sensoren f\u00fcr Betriebstemperaturen bis zu +125 \u00b0C und optionalem GSM-Terminal zur Fern\u00fcberwachung\" href=\"\/de\/produkt\/funkdatenlogger-temperatur-feuchte-msr385wd\/\">Datenlogger MSR385WD<\/a> kann die Messdaten direkt via sein optional erh\u00e4ltliches LTE\/GSM-Terminal an die MSR SmartCloud \u00fcbermitteln. Die Verbindung mit der MSR SmartCloud erfolgt dabei \u00fcber das Mobilfunknetz.[\/vc_column_text][vc_carousel_father speed=&#8220;5000&#8243; spaces=&#8220;5&#8243; slide_visible=&#8220;4&#8243; tabs=&#8220;2&#8243; slide_visible_mbl=&#8220;2&#8243; arrowclr=&#8220;#a3a3a3&#8243; arrowsize=&#8220;&#8220; dotclr=&#8220;#a3a3a3&#8243; dotposition=&#8220;&#8220;][vc_carousel_son popup=&#8220;image&#8220; img_radius=&#8220;&#8220; titlesize=&#8220;24&#8243; image_id=&#8220;2870&#8243; contain_url=&#8220;https:\/\/www.msr.ch\/de\/produkt\/pdf-datenlogger-msr-budgetline\/&#8220; title=&#8220;MSR145WD&#8220; titleclr=&#8220;#293133&#8243; caption_url=&#8220;url:%2Fde%2Fprodukt%2Ffunk-datenlogger-msr145wd-bluetooth%2F|title:MSR145WD%20Funk-Datenlogger%20mit%20Bluetooth%20Low%20Energy%20(BLE)&#8220; img_alt=&#8220;MSR145WD Funk-Datenlogger mit Bluetooth&#8220;][\/vc_carousel_son][vc_carousel_son popup=&#8220;image&#8220; img_radius=&#8220;&#8220; titlesize=&#8220;24&#8243; image_id=&#8220;2589&#8243; contain_url=&#8220;https:\/\/www.msr.ch\/de\/produkt\/pdf-datenlogger-msr-budgetline\/&#8220; title=&#8220;MSR145W2D&#8220; titleclr=&#8220;#293133&#8243; caption_url=&#8220;url:%2Fde%2Fprodukt%2Fwlan-datenlogger-msr145w2d%2F|title:MSR145W2D%20Datenlogger%20mit%20WLAN&#8220; img_alt=&#8220;MSR145W2D Datenlogger mit WLAN&#8220;][\/vc_carousel_son][vc_carousel_son img_radius=&#8220;&#8220; titlesize=&#8220;24&#8243; image_id=&#8220;2571&#8243; contain_url=&#8220;https:\/\/www.msr.ch\/de\/produkt\/pdf-datenlogger-msr-budgetline\/&#8220; title=&#8220;MSR147WD&#8220; titleclr=&#8220;#293133&#8243; caption_url=&#8220;url:%2Fde%2Fprodukt%2Ffunkdatenlogger-temperatur-feuchtigkeit-msr147wd%2F|title:MSR147WD%3A%20Funk-Datenlogger%20(Bluetooth)%20mit%20steckbaren%20Feuchte-%20und%20Temperatursensoren&#8220; img_alt=&#8220;MSR147WD: Funk-Datenlogger (Bluetooth) mit steckbaren Feuchte- und Temperatursensoren&#8220;][\/vc_carousel_son][vc_carousel_son img_radius=&#8220;&#8220; titlesize=&#8220;24&#8243; image_id=&#8220;2571&#8243; contain_url=&#8220;https:\/\/www.msr.ch\/de\/produkt\/pdf-datenlogger-msr-budgetline\/&#8220; title=&#8220;MSR147W2D&#8220; titleclr=&#8220;#293133&#8243; caption_url=&#8220;url:%2Fde%2Fprodukt%2Fwlan-datenlogger-temperatur-feuchte-msr147w2d%2F|title:MSR147W2D%3A%20Funk-Datenlogger%20(WLAN)%20mit%20steckbaren%20Feuchte-%20und%20Temperatursensoren&#8220; img_alt=&#8220;MSR147W2D: Funk-Datenlogger (WLAN) mit steckbaren Feuchte- und Temperatursensoren&#8220;][\/vc_carousel_son][vc_carousel_son img_radius=&#8220;&#8220; titlesize=&#8220;24&#8243; image_id=&#8220;2523&#8243; contain_url=&#8220;https:\/\/www.msr.ch\/de\/produkt\/pdf-datenlogger-msr-budgetline\/&#8220; title=&#8220;MSR385WD&#8220; titleclr=&#8220;#293133&#8243; caption_url=&#8220;url:%2Fde%2Fprodukt%2Ffunkdatenlogger-temperatur-feuchte-msr385wd%2F|title:MSR385WD%3A%20Datenlogger%20mit%20Funk%C3%BCbertragung%20%E2%80%93%20LTE%2FGSM-%2FLAN-Terminal%20zur%20Fern%C3%BCberwachung&#8220; img_alt=&#8220;MSR385WD: Datenlogger mit Funk\u00fcbertragung \u2013 LTE\/GSM-\/LAN-Terminal zur Fern\u00fcberwachung&#8220;][\/vc_carousel_son][\/vc_carousel_father][\/vc_column][\/vc_row][vc_row theme=&#8220;default-tdt&#8220; wdo_title_text_typography=&#8220;&#8220; slide_visible=&#8220;4&#8243; tabs=&#8220;2&#8243; slide_visible_mbl=&#8220;2&#8243; slide_scroll=&#8220;1&#8243; spaces=&#8220;10px&#8220; effect=&#8220;false&#8220; autoplay=&#8220;true&#8220; adaptiveheight=&#8220;false&#8220; speed=&#8220;5000&#8243; arrow=&#8220;true&#8220; arrowclr=&#8220;#a3a3a3&#8243; arrowsize=&#8220;20px&#8220; dot=&#8220;true&#8220; style=&#8220;dot&#8220; dotclr=&#8220;#a3a3a3&#8243; borderclr=&#8220;#000&#8243; padding=&#8220;15%&#8220; caption_url=&#8220;&#8220; mbl_height=&#8220;&#8220; css=&#8220;.vc_custom_1653032867391{background-color: #ffffff !important;}&#8220;][vc_column][vc_empty_space height=&#8220;20px&#8220;][\/vc_column][\/vc_row][vc_row theme=&#8220;default-tdt&#8220; wdo_title_text_typography=&#8220;&#8220; slide_visible=&#8220;4&#8243; tabs=&#8220;2&#8243; slide_visible_mbl=&#8220;2&#8243; slide_scroll=&#8220;1&#8243; spaces=&#8220;10px&#8220; effect=&#8220;false&#8220; autoplay=&#8220;true&#8220; adaptiveheight=&#8220;false&#8220; speed=&#8220;5000&#8243; arrow=&#8220;true&#8220; arrowclr=&#8220;#a3a3a3&#8243; arrowsize=&#8220;20px&#8220; dot=&#8220;true&#8220; style=&#8220;dot&#8220; dotclr=&#8220;#a3a3a3&#8243; borderclr=&#8220;#000&#8243; padding=&#8220;15%&#8220; caption_url=&#8220;&#8220; mbl_height=&#8220;&#8220; css=&#8220;.vc_custom_1653032619843{margin: 2px !important;padding: 10px !important;background-color: #ededed !important;}&#8220;][vc_column][vc_cta h2=&#8220;Support&#8220;]<\/p>\n<ul>\n<li>per Newsletter informieren wir Sie \u00fcber Aktualisierungen<\/li>\n<li>Bei Fragen konsultieren Sie bitte unsere Liste der <a title=\"H\u00e4ufig gestellte Fragen zu MSR Datenloggern\" href=\"\/de\/support\/faq\/\">h\u00e4ufig gestellten Fragen (FAQ)<\/a>, kontaktieren Sie die <a title=\"Liste der Verkaufstellen von MSR Datenloggern\" href=\"\/de\/kontakt\/\">Verkaufstelle<\/a>, bei welcher Sie Ihren Datenlogger gekauft haben, oder wenden sich an unseren <a title=\"Support f\u00fcr MSR Datenlogger\" href=\"\/de\/kontakt\/\">Support<\/a>.<\/li>\n<\/ul>\n<p>[\/vc_cta][\/vc_column][\/vc_row][vc_row][vc_column][vc_empty_space][\/vc_column][\/vc_row]<\/p>\n<\/div>","protected":false},"excerpt":{"rendered":"<p>[vc_row css=&#8220;.vc_custom_1651844868349{background-position: center !important;background-repeat: no-repeat !important;background-size: contain !important;}&#8220;][vc_column][vc_column_text] MSR SmartCloud Messwerte online, \u00fcberall und zu jeder Zeit Daten online speichern, Messwerte aus der Ferne \u00fcberwachen und bei Bedarf mit mehreren Nutzern teilen \u2013 diese M\u00f6glichkeiten bietet Ihnen die MSR SmartCloud. &hellip;<\/p>\n","protected":false},"author":1,"featured_media":0,"parent":7576,"menu_order":0,"comment_status":"closed","ping_status":"closed","template":"","meta":{"footnotes":""},"yoast_head":"<!-- This site is optimized with the Yoast SEO plugin v22.9 - https:\/\/yoast.com\/wordpress\/plugins\/seo\/ -->\n<title>MSR SmartCloud | MSR Datenlogger Fern\u00fcberwachung<\/title>\n<meta name=\"description\" content=\"MSR SmartCloud: Messwerte online, \u00fcberall und zu jeder Zeit. Daten der mit Datenloggern aufgezeichneten Werte speichern, Fern\u00fcberwachung\" \/>\n<meta name=\"robots\" content=\"index, follow, max-snippet:-1, max-image-preview:large, max-video-preview:-1\" \/>\n<link rel=\"canonical\" href=\"https:\/\/www.msr.ch\/de\/support\/msr-smartcloud-cloud-fuer-messdaten\/\" \/>\n<meta property=\"og:locale\" content=\"de_DE\" \/>\n<meta property=\"og:type\" content=\"article\" \/>\n<meta property=\"og:title\" content=\"MSR SmartCloud | MSR Datenlogger Fern\u00fcberwachung\" \/>\n<meta property=\"og:description\" content=\"MSR SmartCloud: Messwerte online, \u00fcberall und zu jeder Zeit. Daten der mit Datenloggern aufgezeichneten Werte speichern, Fern\u00fcberwachung\" \/>\n<meta property=\"og:url\" content=\"https:\/\/www.msr.ch\/de\/support\/msr-smartcloud-cloud-fuer-messdaten\/\" \/>\n<meta property=\"og:site_name\" content=\"DE MSR Datenlogger\" \/>\n<meta property=\"article:publisher\" content=\"https:\/\/www.facebook.com\/datenlogger.msr\/\" \/>\n<meta property=\"article:modified_time\" content=\"2022-10-04T07:40:20+00:00\" \/>\n<meta property=\"og:image\" content=\"https:\/\/www.msr.ch\/images\/anwendungsgebiete\/sigma-tau\/Messdatenueberwachung-mit-MSR-SmartCloud.jpg\" \/>\n<meta name=\"twitter:card\" content=\"summary_large_image\" \/>\n<meta name=\"twitter:label1\" content=\"Gesch\u00e4tzte Lesezeit\" \/>\n\t<meta name=\"twitter:data1\" content=\"4\u00a0Minuten\" \/>\n<script type=\"application\/ld+json\" class=\"yoast-schema-graph\">{\"@context\":\"https:\/\/schema.org\",\"@graph\":[{\"@type\":\"WebPage\",\"@id\":\"https:\/\/www.msr.ch\/de\/support\/msr-smartcloud-cloud-fuer-messdaten\/\",\"url\":\"https:\/\/www.msr.ch\/de\/support\/msr-smartcloud-cloud-fuer-messdaten\/\",\"name\":\"MSR SmartCloud | MSR Datenlogger Fern\u00fcberwachung\",\"isPartOf\":{\"@id\":\"https:\/\/www.msr.ch\/de\/#website\"},\"datePublished\":\"2022-05-19T09:38:34+00:00\",\"dateModified\":\"2022-10-04T07:40:20+00:00\",\"description\":\"MSR SmartCloud: Messwerte online, \u00fcberall und zu jeder Zeit. Daten der mit Datenloggern aufgezeichneten Werte speichern, Fern\u00fcberwachung\",\"breadcrumb\":{\"@id\":\"https:\/\/www.msr.ch\/de\/support\/msr-smartcloud-cloud-fuer-messdaten\/#breadcrumb\"},\"inLanguage\":\"de\",\"potentialAction\":[{\"@type\":\"ReadAction\",\"target\":[\"https:\/\/www.msr.ch\/de\/support\/msr-smartcloud-cloud-fuer-messdaten\/\"]}]},{\"@type\":\"BreadcrumbList\",\"@id\":\"https:\/\/www.msr.ch\/de\/support\/msr-smartcloud-cloud-fuer-messdaten\/#breadcrumb\",\"itemListElement\":[{\"@type\":\"ListItem\",\"position\":1,\"name\":\"Home\",\"item\":\"https:\/\/www.msr.ch\/de\/\"},{\"@type\":\"ListItem\",\"position\":2,\"name\":\"Software &#038; Support\",\"item\":\"https:\/\/www.msr.ch\/de\/support\/\"},{\"@type\":\"ListItem\",\"position\":3,\"name\":\"MSR SmartCloud\"}]},{\"@type\":\"WebSite\",\"@id\":\"https:\/\/www.msr.ch\/de\/#website\",\"url\":\"https:\/\/www.msr.ch\/de\/\",\"name\":\"MSR Datenlogger\",\"description\":\"MSR Electronics GmbH\",\"potentialAction\":[{\"@type\":\"SearchAction\",\"target\":{\"@type\":\"EntryPoint\",\"urlTemplate\":\"https:\/\/www.msr.ch\/de\/?s={search_term_string}\"},\"query-input\":\"required name=search_term_string\"}],\"inLanguage\":\"de\"}]}<\/script>\n<!-- \/ Yoast SEO plugin. -->","yoast_head_json":{"title":"MSR SmartCloud | MSR Datenlogger Fern\u00fcberwachung","description":"MSR SmartCloud: Messwerte online, \u00fcberall und zu jeder Zeit. Daten der mit Datenloggern aufgezeichneten Werte speichern, Fern\u00fcberwachung","robots":{"index":"index","follow":"follow","max-snippet":"max-snippet:-1","max-image-preview":"max-image-preview:large","max-video-preview":"max-video-preview:-1"},"canonical":"https:\/\/www.msr.ch\/de\/support\/msr-smartcloud-cloud-fuer-messdaten\/","og_locale":"de_DE","og_type":"article","og_title":"MSR SmartCloud | MSR Datenlogger Fern\u00fcberwachung","og_description":"MSR SmartCloud: Messwerte online, \u00fcberall und zu jeder Zeit. Daten der mit Datenloggern aufgezeichneten Werte speichern, Fern\u00fcberwachung","og_url":"https:\/\/www.msr.ch\/de\/support\/msr-smartcloud-cloud-fuer-messdaten\/","og_site_name":"DE MSR Datenlogger","article_publisher":"https:\/\/www.facebook.com\/datenlogger.msr\/","article_modified_time":"2022-10-04T07:40:20+00:00","og_image":[{"url":"https:\/\/www.msr.ch\/images\/anwendungsgebiete\/sigma-tau\/Messdatenueberwachung-mit-MSR-SmartCloud.jpg"}],"twitter_card":"summary_large_image","twitter_misc":{"Gesch\u00e4tzte Lesezeit":"4\u00a0Minuten"},"schema":{"@context":"https:\/\/schema.org","@graph":[{"@type":"WebPage","@id":"https:\/\/www.msr.ch\/de\/support\/msr-smartcloud-cloud-fuer-messdaten\/","url":"https:\/\/www.msr.ch\/de\/support\/msr-smartcloud-cloud-fuer-messdaten\/","name":"MSR SmartCloud | MSR Datenlogger Fern\u00fcberwachung","isPartOf":{"@id":"https:\/\/www.msr.ch\/de\/#website"},"datePublished":"2022-05-19T09:38:34+00:00","dateModified":"2022-10-04T07:40:20+00:00","description":"MSR SmartCloud: Messwerte online, \u00fcberall und zu jeder Zeit. Daten der mit Datenloggern aufgezeichneten Werte speichern, Fern\u00fcberwachung","breadcrumb":{"@id":"https:\/\/www.msr.ch\/de\/support\/msr-smartcloud-cloud-fuer-messdaten\/#breadcrumb"},"inLanguage":"de","potentialAction":[{"@type":"ReadAction","target":["https:\/\/www.msr.ch\/de\/support\/msr-smartcloud-cloud-fuer-messdaten\/"]}]},{"@type":"BreadcrumbList","@id":"https:\/\/www.msr.ch\/de\/support\/msr-smartcloud-cloud-fuer-messdaten\/#breadcrumb","itemListElement":[{"@type":"ListItem","position":1,"name":"Home","item":"https:\/\/www.msr.ch\/de\/"},{"@type":"ListItem","position":2,"name":"Software &#038; Support","item":"https:\/\/www.msr.ch\/de\/support\/"},{"@type":"ListItem","position":3,"name":"MSR SmartCloud"}]},{"@type":"WebSite","@id":"https:\/\/www.msr.ch\/de\/#website","url":"https:\/\/www.msr.ch\/de\/","name":"MSR Datenlogger","description":"MSR Electronics GmbH","potentialAction":[{"@type":"SearchAction","target":{"@type":"EntryPoint","urlTemplate":"https:\/\/www.msr.ch\/de\/?s={search_term_string}"},"query-input":"required name=search_term_string"}],"inLanguage":"de"}]}},"_links":{"self":[{"href":"https:\/\/www.msr.ch\/de\/wp-json\/wp\/v2\/pages\/8635"}],"collection":[{"href":"https:\/\/www.msr.ch\/de\/wp-json\/wp\/v2\/pages"}],"about":[{"href":"https:\/\/www.msr.ch\/de\/wp-json\/wp\/v2\/types\/page"}],"author":[{"embeddable":true,"href":"https:\/\/www.msr.ch\/de\/wp-json\/wp\/v2\/users\/1"}],"replies":[{"embeddable":true,"href":"https:\/\/www.msr.ch\/de\/wp-json\/wp\/v2\/comments?post=8635"}],"version-history":[{"count":69,"href":"https:\/\/www.msr.ch\/de\/wp-json\/wp\/v2\/pages\/8635\/revisions"}],"predecessor-version":[{"id":11244,"href":"https:\/\/www.msr.ch\/de\/wp-json\/wp\/v2\/pages\/8635\/revisions\/11244"}],"up":[{"embeddable":true,"href":"https:\/\/www.msr.ch\/de\/wp-json\/wp\/v2\/pages\/7576"}],"wp:attachment":[{"href":"https:\/\/www.msr.ch\/de\/wp-json\/wp\/v2\/media?parent=8635"}],"curies":[{"name":"wp","href":"https:\/\/api.w.org\/{rel}","templated":true}]}}