{"id":8842,"date":"2022-05-23T11:10:04","date_gmt":"2022-05-23T11:10:04","guid":{"rendered":"https:\/\/karabeg.xyz\/de\/?page_id=8842"},"modified":"2022-12-09T08:53:13","modified_gmt":"2022-12-09T08:53:13","slug":"msr-datalogger-app-msr-datenlogger-app","status":"publish","type":"page","link":"https:\/\/www.msr.ch\/de\/support\/msr-datalogger-app-msr-datenlogger-app\/","title":{"rendered":"MSR DataLogger-App"},"content":{"rendered":"<div class=\"wpb-content-wrapper\"><p>[vc_row css=&#8220;.vc_custom_1653309453868{padding-top: 10px !important;padding-right: 10px !important;padding-bottom: 10px !important;padding-left: 10px !important;}&#8220;][vc_column css=&#8220;.vc_custom_1651841985708{padding-left: 10px !important;}&#8220;][vc_column_text]<\/p>\n<h1 class=\"entry-title\">MSR DataLogger App<\/h1>\n<h2 class=\"entry-title\">Messdaten auf dem Smartphone oder Tablet \u00fcberwachen<\/h2>\n<p><span class=\"IEFhEe\">Mit der MSR DataLogger-App k\u00f6nnen Sie die <strong>Datenaufzeichnungen<\/strong> Ihres Bluetooth-Datenloggers (<a title=\"Funk-Datenlogger MSR145WD mit Bluetooth\" href=\"\/de\/produkt\/funk-datenlogger-msr145wd-bluetooth\/\">MSR145WD<\/a>, <a title=\"MSR147WD: Funk-Datenlogger (Bluetooth) mit steckbaren Feuchte- und Temperatursensoren\" href=\"\/de\/produkt\/funkdatenlogger-temperatur-feuchtigkeit-msr147wd\/\">MSR147WD<\/a>) auf Ihrem Smartphone oder Tablet <strong>starten und stoppen.<\/strong> Die App erm\u00f6glicht Ihnen zudem die<strong> Ansicht von Live-Messdaten.<\/strong> Das ist vor allem dann praktisch, wenn der Datenlogger an schwer zug\u00e4nglichen Messstellen installiert ist, beispielsweise an drehenden Teilen einer Produktionsanlage. So k\u00f6nnen Sie aktuelle und zuletzt gespeicherte Messwerte wie St\u00f6sse, Temperatur oder Luftdruck direkt auf Ihrem Handy oder Tablet abrufen, ohne dass Sie die Maschine anhalten m\u00fcssen. <\/span><\/p>\n<p><span class=\"IEFhEe\">Weitere Funktion der App: Die gemessenen Daten aus dem Datenlogger auslesen und an die <a title=\"MSR SmartCloud\" href=\"\/de\/support\/msr-smartcloud-cloud-fuer-messdaten\/\" rel=\"noopener\">MSR SmartCloud<\/a> \u00fcbertragen.\u00a0<\/span><\/p>\n<h3>App f\u00fcr MSR Datenlogger mit Bluetooth-Funktion<\/h3>\n<p>Die Datenlogger und die App kommunizieren \u00fcber die stromsparende Bluetooth-Low-Energy-Funktechnik (Bluetooth 4.0). Die MSR DataLogger-App gibt es f\u00fcr Android- und Apple-Ger\u00e4te. Es existiert keine Windows-Version.[\/vc_column_text][\/vc_column][\/vc_row][vc_row css=&#8220;.vc_custom_1653311125231{margin-top: 2px !important;margin-right: 2px !important;margin-bottom: 2px !important;margin-left: 2px !important;padding-top: 10px !important;padding-right: 10px !important;padding-bottom: 10px !important;padding-left: 10px !important;background-color: #ededed !important;}&#8220;][vc_column css=&#8220;.vc_custom_1651841985708{padding-left: 10px !important;}&#8220;]<div class=\"gallery-fs\"><figure><img decoding=\"async\" src=\"https:\/\/www.msr.ch\/images\/MSR_DataLogger_App_5.jpg\" alt=\"MSR DataLogger App Google Play\"><figcaption>Die MSR DataLogger App erm\u00f6glicht den Zugriff auf MSR Datenlogger mittels Bluetooth Low Energy. \n<\/figcaption><\/figure><div class=\"gallery-fs-nav\"><button class=\"gallery-fs-fullscreen\"><i class=\"fa fa-arrows-alt\"><\/i><\/button><\/div><div class=\"gallery-fs-thumbnails gallery-fs-thumbnails-col-5 owl-carousel\"><a href='https:\/\/www.msr.ch\/images\/MSR_DataLogger_App_5.jpg' data-caption='Die MSR DataLogger App erm\u00f6glicht den Zugriff auf MSR Datenlogger mittels Bluetooth Low Energy. \n' title='MSR DataLogger App' class=\"selected\"><img loading=\"lazy\" decoding=\"async\" width=\"280\" height=\"210\" src=\"https:\/\/www.msr.ch\/images\/MSR_DataLogger_App_5-280x210.jpg\" class=\"attachment-anps-gallery-thumb size-anps-gallery-thumb\" alt=\"MSR DataLogger App Google Play\" \/><\/a><a href='https:\/\/www.msr.ch\/images\/MSR_DataLogger_App_1.jpg' data-caption='Anzeigen von Online-Daten mit der MSR DataLogger App.' title='MSR_DataLogger_App'><img loading=\"lazy\" decoding=\"async\" width=\"280\" height=\"210\" src=\"https:\/\/www.msr.ch\/images\/MSR_DataLogger_App_1-280x210.jpg\" class=\"attachment-anps-gallery-thumb size-anps-gallery-thumb\" alt=\"MSR DataLogger App\" \/><\/a><a href='https:\/\/www.msr.ch\/images\/MSR_DataLogger_App_2.jpg' data-caption='Die App erlaubt das Auslesen und Anzeigen von aufgezeichneteten Logger-Daten. ' title='MSR DataLogger App'><img loading=\"lazy\" decoding=\"async\" width=\"280\" height=\"210\" src=\"https:\/\/www.msr.ch\/images\/MSR_DataLogger_App_2-280x210.jpg\" class=\"attachment-anps-gallery-thumb size-anps-gallery-thumb\" alt=\"MSR DataLogger App Infos Logger\" \/><\/a><a href='https:\/\/www.msr.ch\/images\/MSR_DataLogger_App_3.jpg' data-caption='Die aufgezeichneten Daten k\u00f6nnen zur weiteren Verarbeitung zur MSR SmartCloud hochgeladen werden. ' title='MSR_DataLoMSR Datenlogger Appgger_App_3'><img loading=\"lazy\" decoding=\"async\" width=\"280\" height=\"210\" src=\"https:\/\/www.msr.ch\/images\/MSR_DataLogger_App_3-280x210.jpg\" class=\"attachment-anps-gallery-thumb size-anps-gallery-thumb\" alt=\"MSR Datenlogger App\" \/><\/a><a href='https:\/\/www.msr.ch\/images\/MSR_DataLogger_App_4.jpg' data-caption='MSR Datenlogger App' title='MSR Datenlogger App'><img loading=\"lazy\" decoding=\"async\" width=\"280\" height=\"210\" src=\"https:\/\/www.msr.ch\/images\/MSR_DataLogger_App_4-280x210.jpg\" class=\"attachment-anps-gallery-thumb size-anps-gallery-thumb\" alt=\"\" \/><\/a><a href='https:\/\/www.msr.ch\/images\/1138x655_145wd_funk-datenlogger-mit-datenlogger-app-1.jpg' data-caption='Die App kann mit mehreren MSR Datenloggern gleichzeitig verbunden werden. ' title='MSR Datenlogger App mit Datenlogger'><img loading=\"lazy\" decoding=\"async\" width=\"280\" height=\"210\" src=\"https:\/\/www.msr.ch\/images\/1138x655_145wd_funk-datenlogger-mit-datenlogger-app-1-280x210.jpg\" class=\"attachment-anps-gallery-thumb size-anps-gallery-thumb\" alt=\"MSR Datenlogger App mit Datenlogger\" \/><\/a><\/div><\/div>[vc_separator color=&#8220;custom&#8220;][vc_column_text]<\/p>\n<div class=\"textwidget\">\n<h3>F\u00fcr Android-Ger\u00e4te<\/h3>\n<p>Die App funktioniert mit den meisten Android-Ger\u00e4ten mit Android-Versionen ab 4.4. Das Ger\u00e4t muss mit Bluetooth Low Energy (Bluetooth 4.0) ausgestattet sein. Die MSR DataLogger-App f\u00fcr Android k\u00f6nnen Sie bei Google Play Store kostenlos herunter laden.<\/p>\n<p><a title=\"Die kostenlose MSR-App auf Google Play\" href=\"https:\/\/play.google.com\/store\/apps\/details?id=ch.msr.msr_droid\" target=\"_blank\" rel=\"noopener\"><img loading=\"lazy\" decoding=\"async\" src=\"https:\/\/www.msr.ch\/images\/icons\/Google-Play-button.png\" alt=\"Die kostenlose MSR-App auf Google Play\" width=\"100\" height=\"27\" border=\"0\" \/><\/a><\/p>\n<h3>F\u00fcr Apple-Ger\u00e4te<\/h3>\n<p>Die App funktionert auf iPhones ab Version 4S und iPads ab Version 3. Die MSR DataLogger-App f\u00fcr Apple-Ger\u00e4te k\u00f6nnen Sie im App Store kostenlos herunter laden.<\/p>\n<p><a title=\"Die kostenlose MSR-App im App Store\" href=\"https:\/\/itunes.apple.com\/app\/datalogger\/id611115496\" target=\"_blank\" rel=\"noopener\"><img loading=\"lazy\" decoding=\"async\" src=\"https:\/\/www.msr.ch\/images\/icons\/App-Store-button.png\" alt=\"Die kostenlose MSR-App im App Store\" width=\"100\" height=\"27\" border=\"0\" \/><\/a><\/p>\n<\/div>\n<p>[\/vc_column_text][\/vc_column][\/vc_row][vc_row theme=&#8220;default-tdt&#8220; wdo_title_text_typography=&#8220;&#8220; slide_visible=&#8220;4&#8243; tabs=&#8220;2&#8243; slide_visible_mbl=&#8220;2&#8243; slide_scroll=&#8220;1&#8243; spaces=&#8220;10px&#8220; effect=&#8220;false&#8220; autoplay=&#8220;true&#8220; adaptiveheight=&#8220;false&#8220; speed=&#8220;5000&#8243; arrow=&#8220;true&#8220; arrowclr=&#8220;#a3a3a3&#8243; arrowsize=&#8220;20px&#8220; dot=&#8220;true&#8220; style=&#8220;dot&#8220; dotclr=&#8220;#a3a3a3&#8243; borderclr=&#8220;#000&#8243; padding=&#8220;15%&#8220; caption_url=&#8220;&#8220; mbl_height=&#8220;&#8220; css=&#8220;.vc_custom_1653032867391{background-color: #ffffff !important;}&#8220;][vc_column][vc_empty_space height=&#8220;20px&#8220;][\/vc_column][\/vc_row][vc_row css=&#8220;.vc_custom_1652789084766{margin-top: 2px !important;margin-right: 2px !important;margin-bottom: 2px !important;margin-left: 2px !important;padding-top: 10px !important;padding-right: 10px !important;padding-bottom: 10px !important;padding-left: 10px !important;background-color: #ededed !important;}&#8220;][vc_column css=&#8220;.vc_custom_1651841985708{padding-left: 10px !important;}&#8220;][vc_column_text]<\/p>\n<h2>Mit der App kompatible Datenlogger: MSR145WD und MSR147WD<\/h2>\n<p>[\/vc_column_text][vc_row_inner css=&#8220;.vc_custom_1662447483070{margin-right: 2px !important;margin-bottom: 15px !important;margin-left: 2px !important;padding-right: 10px !important;padding-bottom: 10px !important;padding-left: 10px !important;background-color: #ffffff !important;}&#8220;][vc_column_inner][msrwpbgallerylink gallery-items=&#8220;%5B%7B%22item-image%22%3A%222873%22%2C%22item-link%22%3A%22%2Fde%2Fprodukt%2Ffunk-datenlogger-msr145wd-bluetooth%2F%22%2C%22item-title%22%3A%22Universal-Datenlogger%20MSR145WD%22%7D%2C%7B%22item-image%22%3A%222874%22%2C%22item-link%22%3A%22%2Fde%2Fprodukt%2Ffunkdatenlogger-temperatur-feuchtigkeit-msr147wd%2F%22%2C%22item-title%22%3A%22MSR147WD%20Funk-Datenlogger%20mit%20steckbaren%20Feuchte-%20und%20Temperatursensoren%22%7D%5D&#8220;][\/vc_column_inner][\/vc_row_inner][\/vc_column][\/vc_row][vc_row theme=&#8220;default-tdt&#8220; wdo_title_text_typography=&#8220;&#8220; slide_visible=&#8220;4&#8243; tabs=&#8220;2&#8243; slide_visible_mbl=&#8220;2&#8243; slide_scroll=&#8220;1&#8243; spaces=&#8220;10px&#8220; effect=&#8220;false&#8220; autoplay=&#8220;true&#8220; adaptiveheight=&#8220;false&#8220; speed=&#8220;5000&#8243; arrow=&#8220;true&#8220; arrowclr=&#8220;#a3a3a3&#8243; arrowsize=&#8220;20px&#8220; dot=&#8220;true&#8220; style=&#8220;dot&#8220; dotclr=&#8220;#a3a3a3&#8243; borderclr=&#8220;#000&#8243; padding=&#8220;15%&#8220; caption_url=&#8220;&#8220; mbl_height=&#8220;&#8220; css=&#8220;.vc_custom_1653032867391{background-color: #ffffff !important;}&#8220;][vc_column][vc_empty_space height=&#8220;20px&#8220;][\/vc_column][\/vc_row][vc_row theme=&#8220;default-tdt&#8220; wdo_title_text_typography=&#8220;&#8220; slide_visible=&#8220;4&#8243; tabs=&#8220;2&#8243; slide_visible_mbl=&#8220;2&#8243; slide_scroll=&#8220;1&#8243; spaces=&#8220;10px&#8220; effect=&#8220;false&#8220; autoplay=&#8220;true&#8220; adaptiveheight=&#8220;false&#8220; speed=&#8220;5000&#8243; arrow=&#8220;true&#8220; arrowclr=&#8220;#a3a3a3&#8243; arrowsize=&#8220;20px&#8220; dot=&#8220;true&#8220; style=&#8220;dot&#8220; dotclr=&#8220;#a3a3a3&#8243; borderclr=&#8220;#000&#8243; padding=&#8220;15%&#8220; caption_url=&#8220;&#8220; mbl_height=&#8220;&#8220; css=&#8220;.vc_custom_1653032619843{margin: 2px !important;padding: 10px !important;background-color: #ededed !important;}&#8220;][vc_column][vc_cta h2=&#8220;Support&#8220;]<\/p>\n<ul>\n<li>per Newsletter informieren wir Sie \u00fcber Aktualisierungen<\/li>\n<li>Bei Fragen konsultieren Sie bitte unsere Liste der <a title=\"H\u00e4ufig gestellte Fragen zu MSR Datenloggern\" href=\"\/de\/support\/faq\/\">h\u00e4ufig gestellten Fragen (FAQ)<\/a>, kontaktieren Sie die <a title=\"Liste der Verkaufstellen von MSR Datenloggern\" href=\"\/de\/kontakt\/\">Verkaufstelle<\/a>, bei welcher Sie Ihren Datenlogger gekauft haben, oder wenden sich an unseren <a title=\"Support f\u00fcr MSR Datenlogger\" href=\"\/de\/kontakt\/\">Support<\/a>.<\/li>\n<\/ul>\n<p>[\/vc_cta][\/vc_column][\/vc_row][vc_row][vc_column][vc_empty_space][\/vc_column][\/vc_row]<\/p>\n<\/div>","protected":false},"excerpt":{"rendered":"<p>[vc_row css=&#8220;.vc_custom_1653309453868{padding-top: 10px !important;padding-right: 10px !important;padding-bottom: 10px !important;padding-left: 10px !important;}&#8220;][vc_column css=&#8220;.vc_custom_1651841985708{padding-left: 10px !important;}&#8220;][vc_column_text] MSR DataLogger App Messdaten auf dem Smartphone oder Tablet \u00fcberwachen Mit der MSR DataLogger-App k\u00f6nnen Sie die Datenaufzeichnungen Ihres Bluetooth-Datenloggers (MSR145WD, MSR147WD) auf Ihrem Smartphone oder Tablet &hellip;<\/p>\n","protected":false},"author":1,"featured_media":2999,"parent":7576,"menu_order":0,"comment_status":"closed","ping_status":"closed","template":"","meta":{"footnotes":""},"yoast_head":"<!-- This site is optimized with the Yoast SEO plugin v22.9 - https:\/\/yoast.com\/wordpress\/plugins\/seo\/ -->\n<title>MSR Datenlogger App f\u00fcr Funk-Datenlogger | MSR Electronics<\/title>\n<meta name=\"description\" content=\"Mit der MSR DataLogger-App k\u00f6nnen Sie die Datenaufzeichnungen Ihres MSR Datenloggers starten, stoppen sowie die Echtzeitdaten auf dem Smartphone ansehen.\" \/>\n<meta name=\"robots\" content=\"index, follow, max-snippet:-1, max-image-preview:large, max-video-preview:-1\" \/>\n<link rel=\"canonical\" href=\"https:\/\/www.msr.ch\/de\/support\/msr-datalogger-app-msr-datenlogger-app\/\" \/>\n<meta property=\"og:locale\" content=\"de_DE\" \/>\n<meta property=\"og:type\" content=\"article\" \/>\n<meta property=\"og:title\" content=\"MSR Datenlogger App f\u00fcr Funk-Datenlogger | MSR Electronics\" \/>\n<meta property=\"og:description\" content=\"Mit der MSR DataLogger-App k\u00f6nnen Sie die Datenaufzeichnungen Ihres MSR Datenloggers starten, stoppen sowie die Echtzeitdaten auf dem Smartphone ansehen.\" \/>\n<meta property=\"og:url\" content=\"https:\/\/www.msr.ch\/de\/support\/msr-datalogger-app-msr-datenlogger-app\/\" \/>\n<meta property=\"og:site_name\" content=\"DE MSR Datenlogger\" \/>\n<meta property=\"article:publisher\" content=\"https:\/\/www.facebook.com\/datenlogger.msr\/\" \/>\n<meta property=\"article:modified_time\" content=\"2022-12-09T08:53:13+00:00\" \/>\n<meta name=\"twitter:card\" content=\"summary_large_image\" \/>\n<meta name=\"twitter:label1\" content=\"Gesch\u00e4tzte Lesezeit\" \/>\n\t<meta name=\"twitter:data1\" content=\"3\u00a0Minuten\" \/>\n<script type=\"application\/ld+json\" class=\"yoast-schema-graph\">{\"@context\":\"https:\/\/schema.org\",\"@graph\":[{\"@type\":\"WebPage\",\"@id\":\"https:\/\/www.msr.ch\/de\/support\/msr-datalogger-app-msr-datenlogger-app\/\",\"url\":\"https:\/\/www.msr.ch\/de\/support\/msr-datalogger-app-msr-datenlogger-app\/\",\"name\":\"MSR Datenlogger App f\u00fcr Funk-Datenlogger | MSR Electronics\",\"isPartOf\":{\"@id\":\"https:\/\/www.msr.ch\/de\/#website\"},\"primaryImageOfPage\":{\"@id\":\"https:\/\/www.msr.ch\/de\/support\/msr-datalogger-app-msr-datenlogger-app\/#primaryimage\"},\"image\":{\"@id\":\"https:\/\/www.msr.ch\/de\/support\/msr-datalogger-app-msr-datenlogger-app\/#primaryimage\"},\"thumbnailUrl\":\"https:\/\/www.msr.ch\/images\/MSR_DataLogger_App_1-4.jpg\",\"datePublished\":\"2022-05-23T11:10:04+00:00\",\"dateModified\":\"2022-12-09T08:53:13+00:00\",\"description\":\"Mit der MSR DataLogger-App k\u00f6nnen Sie die Datenaufzeichnungen Ihres MSR Datenloggers starten, stoppen sowie die Echtzeitdaten auf dem Smartphone ansehen.\",\"breadcrumb\":{\"@id\":\"https:\/\/www.msr.ch\/de\/support\/msr-datalogger-app-msr-datenlogger-app\/#breadcrumb\"},\"inLanguage\":\"de\",\"potentialAction\":[{\"@type\":\"ReadAction\",\"target\":[\"https:\/\/www.msr.ch\/de\/support\/msr-datalogger-app-msr-datenlogger-app\/\"]}]},{\"@type\":\"ImageObject\",\"inLanguage\":\"de\",\"@id\":\"https:\/\/www.msr.ch\/de\/support\/msr-datalogger-app-msr-datenlogger-app\/#primaryimage\",\"url\":\"https:\/\/www.msr.ch\/images\/MSR_DataLogger_App_1-4.jpg\",\"contentUrl\":\"https:\/\/www.msr.ch\/images\/MSR_DataLogger_App_1-4.jpg\"},{\"@type\":\"BreadcrumbList\",\"@id\":\"https:\/\/www.msr.ch\/de\/support\/msr-datalogger-app-msr-datenlogger-app\/#breadcrumb\",\"itemListElement\":[{\"@type\":\"ListItem\",\"position\":1,\"name\":\"Home\",\"item\":\"https:\/\/www.msr.ch\/de\/\"},{\"@type\":\"ListItem\",\"position\":2,\"name\":\"Software &#038; Support\",\"item\":\"https:\/\/www.msr.ch\/de\/support\/\"},{\"@type\":\"ListItem\",\"position\":3,\"name\":\"MSR DataLogger-App\"}]},{\"@type\":\"WebSite\",\"@id\":\"https:\/\/www.msr.ch\/de\/#website\",\"url\":\"https:\/\/www.msr.ch\/de\/\",\"name\":\"MSR Datenlogger\",\"description\":\"MSR Electronics GmbH\",\"potentialAction\":[{\"@type\":\"SearchAction\",\"target\":{\"@type\":\"EntryPoint\",\"urlTemplate\":\"https:\/\/www.msr.ch\/de\/?s={search_term_string}\"},\"query-input\":\"required name=search_term_string\"}],\"inLanguage\":\"de\"}]}<\/script>\n<!-- \/ Yoast SEO plugin. -->","yoast_head_json":{"title":"MSR Datenlogger App f\u00fcr Funk-Datenlogger | MSR Electronics","description":"Mit der MSR DataLogger-App k\u00f6nnen Sie die Datenaufzeichnungen Ihres MSR Datenloggers starten, stoppen sowie die Echtzeitdaten auf dem Smartphone ansehen.","robots":{"index":"index","follow":"follow","max-snippet":"max-snippet:-1","max-image-preview":"max-image-preview:large","max-video-preview":"max-video-preview:-1"},"canonical":"https:\/\/www.msr.ch\/de\/support\/msr-datalogger-app-msr-datenlogger-app\/","og_locale":"de_DE","og_type":"article","og_title":"MSR Datenlogger App f\u00fcr Funk-Datenlogger | MSR Electronics","og_description":"Mit der MSR DataLogger-App k\u00f6nnen Sie die Datenaufzeichnungen Ihres MSR Datenloggers starten, stoppen sowie die Echtzeitdaten auf dem Smartphone ansehen.","og_url":"https:\/\/www.msr.ch\/de\/support\/msr-datalogger-app-msr-datenlogger-app\/","og_site_name":"DE MSR Datenlogger","article_publisher":"https:\/\/www.facebook.com\/datenlogger.msr\/","article_modified_time":"2022-12-09T08:53:13+00:00","twitter_card":"summary_large_image","twitter_misc":{"Gesch\u00e4tzte Lesezeit":"3\u00a0Minuten"},"schema":{"@context":"https:\/\/schema.org","@graph":[{"@type":"WebPage","@id":"https:\/\/www.msr.ch\/de\/support\/msr-datalogger-app-msr-datenlogger-app\/","url":"https:\/\/www.msr.ch\/de\/support\/msr-datalogger-app-msr-datenlogger-app\/","name":"MSR Datenlogger App f\u00fcr Funk-Datenlogger | MSR Electronics","isPartOf":{"@id":"https:\/\/www.msr.ch\/de\/#website"},"primaryImageOfPage":{"@id":"https:\/\/www.msr.ch\/de\/support\/msr-datalogger-app-msr-datenlogger-app\/#primaryimage"},"image":{"@id":"https:\/\/www.msr.ch\/de\/support\/msr-datalogger-app-msr-datenlogger-app\/#primaryimage"},"thumbnailUrl":"https:\/\/www.msr.ch\/images\/MSR_DataLogger_App_1-4.jpg","datePublished":"2022-05-23T11:10:04+00:00","dateModified":"2022-12-09T08:53:13+00:00","description":"Mit der MSR DataLogger-App k\u00f6nnen Sie die Datenaufzeichnungen Ihres MSR Datenloggers starten, stoppen sowie die Echtzeitdaten auf dem Smartphone ansehen.","breadcrumb":{"@id":"https:\/\/www.msr.ch\/de\/support\/msr-datalogger-app-msr-datenlogger-app\/#breadcrumb"},"inLanguage":"de","potentialAction":[{"@type":"ReadAction","target":["https:\/\/www.msr.ch\/de\/support\/msr-datalogger-app-msr-datenlogger-app\/"]}]},{"@type":"ImageObject","inLanguage":"de","@id":"https:\/\/www.msr.ch\/de\/support\/msr-datalogger-app-msr-datenlogger-app\/#primaryimage","url":"https:\/\/www.msr.ch\/images\/MSR_DataLogger_App_1-4.jpg","contentUrl":"https:\/\/www.msr.ch\/images\/MSR_DataLogger_App_1-4.jpg"},{"@type":"BreadcrumbList","@id":"https:\/\/www.msr.ch\/de\/support\/msr-datalogger-app-msr-datenlogger-app\/#breadcrumb","itemListElement":[{"@type":"ListItem","position":1,"name":"Home","item":"https:\/\/www.msr.ch\/de\/"},{"@type":"ListItem","position":2,"name":"Software &#038; Support","item":"https:\/\/www.msr.ch\/de\/support\/"},{"@type":"ListItem","position":3,"name":"MSR DataLogger-App"}]},{"@type":"WebSite","@id":"https:\/\/www.msr.ch\/de\/#website","url":"https:\/\/www.msr.ch\/de\/","name":"MSR Datenlogger","description":"MSR Electronics GmbH","potentialAction":[{"@type":"SearchAction","target":{"@type":"EntryPoint","urlTemplate":"https:\/\/www.msr.ch\/de\/?s={search_term_string}"},"query-input":"required name=search_term_string"}],"inLanguage":"de"}]}},"_links":{"self":[{"href":"https:\/\/www.msr.ch\/de\/wp-json\/wp\/v2\/pages\/8842"}],"collection":[{"href":"https:\/\/www.msr.ch\/de\/wp-json\/wp\/v2\/pages"}],"about":[{"href":"https:\/\/www.msr.ch\/de\/wp-json\/wp\/v2\/types\/page"}],"author":[{"embeddable":true,"href":"https:\/\/www.msr.ch\/de\/wp-json\/wp\/v2\/users\/1"}],"replies":[{"embeddable":true,"href":"https:\/\/www.msr.ch\/de\/wp-json\/wp\/v2\/comments?post=8842"}],"version-history":[{"count":47,"href":"https:\/\/www.msr.ch\/de\/wp-json\/wp\/v2\/pages\/8842\/revisions"}],"predecessor-version":[{"id":11539,"href":"https:\/\/www.msr.ch\/de\/wp-json\/wp\/v2\/pages\/8842\/revisions\/11539"}],"up":[{"embeddable":true,"href":"https:\/\/www.msr.ch\/de\/wp-json\/wp\/v2\/pages\/7576"}],"wp:featuredmedia":[{"embeddable":true,"href":"https:\/\/www.msr.ch\/de\/wp-json\/"}],"wp:attachment":[{"href":"https:\/\/www.msr.ch\/de\/wp-json\/wp\/v2\/media?parent=8842"}],"curies":[{"name":"wp","href":"https:\/\/api.w.org\/{rel}","templated":true}]}}