{"id":8882,"date":"2022-05-24T07:56:38","date_gmt":"2022-05-24T07:56:38","guid":{"rendered":"https:\/\/karabeg.xyz\/de\/?page_id=8882"},"modified":"2025-10-27T08:35:51","modified_gmt":"2025-10-27T08:35:51","slug":"datenlogger-druck-beschleunigung-feuchtigkeit-temperatur-msr255","status":"publish","type":"page","link":"https:\/\/www.msr.ch\/de\/produkt\/datenlogger-druck-beschleunigung-feuchtigkeit-temperatur-msr255\/","title":{"rendered":"Datenlogger MSR255: Robustes Multitalent mit \u00fcbersichtlichem Display"},"content":{"rendered":"<div class=\"wpb-content-wrapper\"><p>[vc_row css=&#8220;.vc_custom_1453476409084{margin-bottom: 15px !important;}&#8220;][vc_column]<div class=\"gallery-fs\"><figure><img decoding=\"async\" src=\"https:\/\/www.msr.ch\/images\/Datenlogger-MSR255-MSR-Electronics.jpg\" alt=\"Universal-Datenlogger-Display-MSR255\"><figcaption>Handlich, robust und mit \u00fcbersichtlichem Display: Universal-Datenlogger MSR255.<\/figcaption><\/figure><div class=\"gallery-fs-nav\"><button class=\"gallery-fs-fullscreen\"><i class=\"fa fa-arrows-alt\"><\/i><\/button><\/div><div class=\"gallery-fs-thumbnails gallery-fs-thumbnails-col-5 owl-carousel\"><a href='https:\/\/www.msr.ch\/images\/Datenlogger-MSR255-MSR-Electronics.jpg' data-caption='Handlich, robust und mit \u00fcbersichtlichem Display: Universal-Datenlogger MSR255.' title='Universal-Datenlogger mit Display MSR255' class=\"selected\"><img loading=\"lazy\" decoding=\"async\" width=\"280\" height=\"210\" src=\"https:\/\/www.msr.ch\/images\/Datenlogger-MSR255-MSR-Electronics-280x210.jpg\" class=\"attachment-anps-gallery-thumb size-anps-gallery-thumb\" alt=\"Universal-Datenlogger-Display-MSR255\" \/><\/a><a href='https:\/\/www.msr.ch\/images\/MSR255_freigestellt_bearbeitet.jpg' data-caption='Der MSR255 Datenlogger kann mit Sensoren f\u00fcr Temperatur, Feuchtigkeit, Luftdruck, Licht und\/oder Beschleunigung ausgestattet werden.' title='Datenlogger MSR255 mit Display'><img loading=\"lazy\" decoding=\"async\" width=\"280\" height=\"210\" src=\"https:\/\/www.msr.ch\/images\/MSR255_freigestellt_bearbeitet-280x210.jpg\" class=\"attachment-anps-gallery-thumb size-anps-gallery-thumb\" alt=\"Datenlogger MSR255 mit Display\" \/><\/a><a href='https:\/\/www.msr.ch\/images\/Datenlogger-MSR255-Drucksensor.jpg' data-caption='Der kompakte MSR255 misst und speichert zeitgleich bis zu f\u00fcnf verschiedene Messgr\u00f6ssen.' title='Datenlogger-MSR255-Drucksensor'><img loading=\"lazy\" decoding=\"async\" width=\"280\" height=\"210\" src=\"https:\/\/www.msr.ch\/images\/Datenlogger-MSR255-Drucksensor-280x210.jpg\" class=\"attachment-anps-gallery-thumb size-anps-gallery-thumb\" alt=\"Datenlogger MSR255 mit Drucksensoren\" \/><\/a><a href='https:\/\/www.msr.ch\/images\/Datenlogger-MSR255-mit-Anzeige.jpg' data-caption='Die gut lesbare 4-zeilige LC-Anzeige mit Hintergrundbeleuchtung verf\u00fcgt \u00fcber vier individuell konfigurierbare Ansichten. ' title='Universal-Datenlogger-MSR255-mit-Anzeige'><img loading=\"lazy\" decoding=\"async\" width=\"280\" height=\"210\" src=\"https:\/\/www.msr.ch\/images\/Datenlogger-MSR255-mit-Anzeige-280x210.jpg\" class=\"attachment-anps-gallery-thumb size-anps-gallery-thumb\" alt=\"Universal-Datenlogger mit Display f\u00fcr Anzeige in der Dunkelheit\" \/><\/a><\/div><\/div>[\/vc_column][\/vc_row][vc_row][vc_column][vc_column_text]<\/p>\n<h1>MSR255: Robuster Datenlogger mit \u00fcbersichtlichem Display<\/h1>\n<h2><span style=\"color: #333333;\">handlicher Datenlogger zur \u00dcberwachung von Temperatur, Feuchtigkeit, Druck, Beschleunigung oder Licht \u00b7 2 Mio. Messwerte Speicherkapazit\u00e4t \u00b7\u00a0 optional 4 analoge Eing\u00e4nge \u00b7 LC-Matrixdisplay<\/span><\/h2>\n<p>Der MSR255 verf\u00fcgt \u00fcber eine individuell konfigurierbare, 4-zeilige LC-Anzeige, welche die aktuellen Werte aller Messkan\u00e4le sowie den Batteriestatus und weitere Ger\u00e4teinformationen anzeigt. Aufgrund des geringen Stromverbrauchs der gesamten Sensor- und Speicher-Elektronik sind Datenaufzeichnungen von \u00fcber einem Jahr Dauer m\u00f6glich.<\/p>\n<h2>Zeitgleich bis zu f\u00fcnf verschiedene Messgr\u00f6ssen aufzeichnen<\/h2>\n<p>Der kompakte MSR255 besitzt einen grossen Speicher von \u00fcber 2 Millionen Messwerten und eignet sich ideal f\u00fcr flexible Messungen vor Ort. In der Vollversion ist der Datenlogger in der Lage, zeitgleich bis zu f\u00fcnf verschiedene Messgr\u00f6ssen zu erfassen und deren Werte aufzuzeichnen. Dank dem leistungsstarken 2300 mAh Lithium-Polymer-Akku eignet sich der MSR255 ideal f\u00fcr Langzeitaufzeichnungen. Die aufgezeichneten Daten lassen sich via USB-Schnittstelle schnell auf einen Rechner \u00fcbertragen. Die bedienerfreundliche <a title=\"MSR PC-Software f\u00fcr MSR Datenlogger\" href=\"\/de\/support\/msr-software\/software-msr175-datenlogger\/\" rel=\"noopener\">MSR PC-Software<\/a> zur Datenerfassung und \u2013 analyse erhalten Sie kostenlos zur Ihrem MSR255 Datenlogger dazu.[\/vc_column_text][\/vc_column][\/vc_row][vc_row][vc_column width=&#8220;1\/2&#8243;][msrwpbflexorder form_text=&#8220;SGllciUyME1TUjI1NSUyMGtvbmZpZ3VyaWVyZW4=&#8220;][\/vc_column][vc_column width=&#8220;1\/2&#8243;][msrwpbflexorder form_text=&#8220;Li4ub2RlciUyMGltJTIwV2Vic2hvcCUyMGthdWZlbg==&#8220; form_link=&#8220;https:\/\/datenlogger.shop\/msr255-datenlogger-temperatur-luftfeuchtigkeit-luftdruck.html&#8220; direction=&#8220;right&#8220;][\/vc_column][\/vc_row][vc_row css=&#8220;.vc_custom_1453202352951{margin-bottom: 40px !important;}&#8220;][vc_column][vc_tta_tabs style=&#8220;anps-style-1&#8243; shape=&#8220;square&#8220; alignment=&#8220;center&#8220; active_section=&#8220;1&#8243;][vc_tta_section title=&#8220;Konfigurator&#8220; tab_id=&#8220;1453201107935-6d750df9-351b099e-e109a100-33ca9e87-aa9d&#8220;][msrwpbconf255v2 shop_product_id=&#8220;2255&#8243;][\/vc_tta_section][vc_tta_section title=&#8220;\u00dcbersicht&#8220; tab_id=&#8220;1453201107970-2f5892be-0eaa099e-e109a100-33ca9e87-aa9d&#8220;][vc_column_text css=&#8220;.vc_custom_1660814966812{margin-bottom: 0px !important;}&#8220;]<\/p>\n<div id=\"panel1c\" class=\"tabs-panel is-active\" role=\"tabpanel\" aria-hidden=\"false\" aria-labelledby=\"panel1c-label\">\n<h3>Produkteigenschaften Datenlogger MSR255<\/h3>\n<ul>\n<li><strong>Datenlogger mit 4-zeiliger LC-Anzeige<\/strong>, Hintergrundbeleuchtung, vier individuell konfigurierbare Ansichten<strong><br \/>\n<\/strong><\/li>\n<li><strong> Auswahl an 5 internen oder bis zu 4 externen Sensoren f\u00fcr Temperatur, rel. Feuchte, Luftdruck, Licht und 3-Achsenbeschleunigung\/Lage<br \/>\n<\/strong><\/li>\n<li>zeichnet gleichzeitig bis zu 5 verschiedene Messgr\u00f6ssen auf<\/li>\n<li><strong>Beschleunigungswerte k\u00f6nnen mit 3200 Hz gemessen und nach einem Digitalfilter mit ca. 50 Hz gespeichert werden<\/strong><\/li>\n<li>optional vier analoge Eing\u00e4nge f\u00fcr Fremdsensoren, mit Alarm-Ausgang, geschalteter Speisung und Eingang zum Starten und Stoppen der Datenaufzeichnung<\/li>\n<li><strong>Speicherkapazit\u00e4t \u00fcber 2 Mio. Messwerte<\/strong><\/li>\n<li>Lithium-Polymer-Akku 2300 mAh, aufladbar \u00fcber USB-Anschluss<\/li>\n<li>robustes eloxiertes Aluminium-Industriegeh\u00e4use mit Hutschienenschnapper (TS 35)<\/li>\n<li><a title=\"MSR PC-Software\" href=\"\/de\/support\/msr-software\/software-msr175-datenlogger\/\"><strong>kostenlose MSR PC-Software:<\/strong><\/a> MSR Setup-, Reader-, Viewer- und Onlinesoftware<\/li>\n<\/ul>\n<p>&nbsp;<\/p>\n<\/div>\n<p>[\/vc_column_text][\/vc_tta_section][vc_tta_section title=&#8220;Technische Daten&#8220; tab_id=&#8220;1453201279425-cd11cbc6-eb7e099e-e109a100-33ca9e87-aa9d&#8220;][vc_column_text css=&#8220;.vc_custom_1660815023926{margin-bottom: 0px !important;}&#8220;]<\/p>\n<h3>Technische Informationen zu den Sensoren, Geh\u00e4use und Akkus<\/h3>\n<p>S\u00e4mtliche Angaben finden Sie im <strong>Konfigurator.<\/strong><\/p>\n<h2><\/h2>\n<h3>Allgemeine technische Daten zum Datenlogger MSR255<\/h3>\n<table class=\"msr-spec-table\" border=\"0\" width=\"100%\" cellspacing=\"0\" cellpadding=\"4\">\n<tbody>\n<tr>\n<td class=\"data_td_border\"><b class=\"txt_dark_grey\">Speicherkapazit\u00e4t:<\/b><\/td>\n<td class=\"data_td_border\">\u00fcber 2&#8217;000&#8217;000 Messwerte<\/td>\n<\/tr>\n<tr>\n<td class=\"data_td_border\"><b class=\"txt_dark_grey\">Bedienung:<\/b><\/td>\n<td class=\"data_td_border\">Zwei Tasten zur Funktionsauswahl und Steuerung der Datenaufzeichnung.<\/td>\n<\/tr>\n<tr>\n<td class=\"data_td_border\" valign=\"top\"><b class=\"txt_dark_grey\">Spannungsversorgung:<\/b><\/td>\n<td class=\"data_td_border\">Lithium-Polymer-Akku 2300 mAh, aufladbar \u00fcber USB-Anschluss<\/td>\n<\/tr>\n<tr>\n<td class=\"data_td_border\"><b class=\"txt_dark_grey\">Interface:<\/b><\/td>\n<td class=\"data_td_border\">USB<\/td>\n<\/tr>\n<tr>\n<td colspan=\"2\"><b class=\"txt_dark_grey\">Betriebsbedingungen:<\/b><\/td>\n<\/tr>\n<tr>\n<td class=\"data_td_border\">Temperatur:<\/td>\n<td class=\"data_td_border\">-20\u2026+65 \u00b0C<\/td>\n<\/tr>\n<tr>\n<td colspan=\"2\"><b class=\"txt_dark_grey\">Optimale Lagerbedingungen:<\/b><\/td>\n<\/tr>\n<tr>\n<td class=\"data_td_border\">Temperatur:<br \/>\nFeuchte:<\/td>\n<td class=\"data_td_border\">+5 \u00b0C&#8230;+45 \u00b0C (ideale Lagerbedingungen f\u00fcr Batterie)<br \/>\n10\u202695 % relative Feuchte, nicht kondensierend<\/td>\n<\/tr>\n<tr>\n<td class=\"data_td_border\" valign=\"top\"><b class=\"txt_dark_grey\">Normen:<\/b><\/td>\n<td class=\"data_td_border\">Der MSR255 entspricht der EU-Richtlinie RoHS\/WEEE.<\/td>\n<\/tr>\n<\/tbody>\n<\/table>\n<p><strong>\u00a0<\/strong>[\/vc_column_text][\/vc_tta_section][vc_tta_section title=&#8220;Downloads&#8220; tab_id=&#8220;1453201296916-23ac80f1-575e099e-e109a100-33ca9e87-aa9d&#8220;][vc_column_text css=&#8220;.vc_custom_1730841632349{margin-bottom: 0px !important;}&#8220;]<\/p>\n<h3>Software<\/h3>\n<p><strong>Unsere Software wird mit Microsoft Defender auf Viren gepr\u00fcft. <\/strong><\/p>\n<ul>\n<li><a title=\"MSR pc software (standard)\" href=\"\/media\/downloads\/pcsoftware\/MSR_d2026-04-08_vs6-11-01.zip\">MSR pc software (standard)<\/a> (2026-04-08, v6.11.01, MD5: 3d6b7d1e14c4bf3a4400b2dfc5f72d7c)<\/li>\n<\/ul>\n<p>&nbsp;<\/p>\n<ul>\n<li><a title=\"MSR255 firmware update\" href=\"\/media\/downloads\/firmware\/msr255_up_date_d2017-09-26_vs1-20.zip\">MSR255 firmware update<\/a> (2017-09-26, v1.20, MD5: 449d72b656c99c8748ff7f135850a37e)<\/li>\n<\/ul>\n<p>&nbsp;<\/p>\n<h3>Anleitungen<\/h3>\n<ul style=\"list-style-type: disc;\">\n<li><a class=\"pdf-link-right\" title=\"Kurzanleitung Datenlogger MSR255\" href=\"\/media\/pdf\/MSR255-Kurzanleitung-DE.pdf\" target=\"_blank\" rel=\"noopener\">Kurzanleitung Datenlogger MSR255<\/a> (2024-11-05)<\/li>\n<\/ul>\n<p>&nbsp;<\/p>\n<h3>Datenbl\u00e4tter<\/h3>\n<ul style=\"list-style-type: disc;\">\n<li><a class=\"pdf-link-right\" title=\"Datenblatt Datenlogger MSR255\" href=\"\/media\/pdf\/Datenlogger_MSR255_Datenblatt.pdf\" rel=\"noopener\">Datenblatt Datenlogger MSR255<\/a><\/li>\n<li><a href=\"https:\/\/www.msr.ch\/media\/pdf\/massblaetter\/extern_ACC_FA-FA3-FA4-DE.pdf\">Massblatt externer Beschleunigungssensor<\/a><\/li>\n<li><a class=\"pdf-link-right\" title=\"Datenblatt analoge Eing\u00e4nge Typ 4\" href=\"https:\/\/www.msr.ch\/media\/pdf\/Exxxx_Analog_Input_Type4.pdf\" rel=\"noopener\">Datenblatt analoge Eing\u00e4nge Typ 4<\/a><\/li>\n<\/ul>\n<h2><\/h2>\n<h3>Zertifikate<\/h3>\n<p><a class=\"dl-link\" title=\"\" href=\"\/media\/pdf\/Zertifikate\/Certificates-2300mAh-LiPoly.zip\">UN38.3 Zertifikat f\u00fcr Lithium Polymer 2300 mAh<\/a><\/p>\n<p>&nbsp;<\/p>\n<p>&nbsp;<\/p>\n<p><a title=\"FAQ: Ihre Fragen \u2013 unsere Antworten\" href=\"\/de\/support\/faq\/\" rel=\"noopener\">FAQ \u2013 H\u00e4ufig gestellte Fragen zu MSR Datenloggern<\/a>[\/vc_column_text][\/vc_tta_section][vc_tta_section title=&#8220;Anwendungen&#8220; tab_id=&#8220;1453201313304-fde89d59-3818099e-e109a100-33ca9e87-aa9d&#8220;][vc_column_text css=&#8220;.vc_custom_1681719056015{margin-bottom: 0px !important;}&#8220;]<\/p>\n<div id=\"1453201313304-fde89d59-381838b0-94cd\" class=\"tab-pane active\" role=\"tabpanel\">\n<div class=\"wpb_text_column wpb_content_element vc_custom_1660395286716\">\n<div class=\"wpb_wrapper\">\n<h3>MSR255: Universal-Datenlogger mit Display<\/h3>\n<p>Der vielseitig einsetzbare Datenlogger MSR255 bietet Ihnen mit bis zu f\u00fcnf verschiedenen Sensoren (Temperatur, Feuchte, Luftdruck, Licht, Beschleunigung), vier zus\u00e4tzlichen Analogeing\u00e4ngen und einer \u00fcbersichtlichen LC-Anzeige ein Maximum an Flexibilit\u00e4t und Benutzerfreundlichkeit.<\/p>\n<p>Anwendungsbeispiel aus der Praxis:<\/p>\n<ul>\n<li><a title=\"Produktoptimierung mittels Datenanalyse\" href=\"\/de\/portfolio\/datenlogger-drucksensor-leckage-vakuumkammer\/\" rel=\"noopener\">Climeworks AG: Mit MSR255 Datenlogger auf der Suche nach Leckagen in Vakuumkammern<\/a><\/li>\n<\/ul>\n<p>&nbsp;<\/p>\n<h3>Nutzen Sie unsere Kompetenz und Erfahrung<\/h3>\n<p>MSR Datenlogger sind weltweit tausendfach im Einsatz und bew\u00e4hren sich bei den unterschiedlichsten Eins\u00e4tzen. <a href=\"\/de\/anwendungen\/\">W\u00e4hlen Sie den gew\u00fcnschten Anwendungsbereich<\/a> und wir unterbreiten Ihnen eine Auswahl an Datenloggern und Kundenberichten.<\/p>\n<p>&nbsp;<\/p>\n<\/div>\n<\/div>\n<\/div>\n<p>[\/vc_column_text][\/vc_tta_section][\/vc_tta_tabs][\/vc_column][\/vc_row][vc_row][vc_column][vc_empty_space][\/vc_column][\/vc_row]<\/p>\n<\/div>","protected":false},"excerpt":{"rendered":"<p>[vc_row css=&#8220;.vc_custom_1453476409084{margin-bottom: 15px !important;}&#8220;][vc_column][\/vc_column][\/vc_row][vc_row][vc_column][vc_column_text] MSR255: Robuster Datenlogger mit \u00fcbersichtlichem Display handlicher Datenlogger zur \u00dcberwachung von Temperatur, Feuchtigkeit, Druck, Beschleunigung oder Licht \u00b7 2 Mio. Messwerte Speicherkapazit\u00e4t \u00b7\u00a0 optional 4 analoge Eing\u00e4nge \u00b7 LC-Matrixdisplay Der MSR255 verf\u00fcgt \u00fcber eine individuell konfigurierbare, &hellip;<\/p>\n","protected":false},"author":1,"featured_media":2579,"parent":25,"menu_order":0,"comment_status":"closed","ping_status":"closed","template":"","meta":{"footnotes":""},"yoast_head":"<!-- This site is optimized with the Yoast SEO plugin v22.9 - https:\/\/yoast.com\/wordpress\/plugins\/seo\/ -->\n<title>MSR255 Datenlogger mit Display, Druck, Temperatur, Feuchtigkeit<\/title>\n<meta name=\"description\" content=\"MSR255 robuster Datenlogger mit Display und Sensoren f\u00fcr Temperatur, Feuchtigkeit, Druck Beschleunigung, Licht. Analogeing\u00e4nge, hohe Speicherkapazit\u00e4t\" \/>\n<meta name=\"robots\" content=\"index, follow, max-snippet:-1, max-image-preview:large, max-video-preview:-1\" \/>\n<link rel=\"canonical\" href=\"https:\/\/www.msr.ch\/de\/produkt\/datenlogger-druck-beschleunigung-feuchtigkeit-temperatur-msr255\/\" \/>\n<meta property=\"og:locale\" content=\"de_DE\" \/>\n<meta property=\"og:type\" content=\"article\" \/>\n<meta property=\"og:title\" content=\"MSR255 Datenlogger mit Display, Druck, Temperatur, Feuchtigkeit\" \/>\n<meta property=\"og:description\" content=\"MSR255 robuster Datenlogger mit Display und Sensoren f\u00fcr Temperatur, Feuchtigkeit, Druck Beschleunigung, Licht. Analogeing\u00e4nge, hohe Speicherkapazit\u00e4t\" \/>\n<meta property=\"og:url\" content=\"https:\/\/www.msr.ch\/de\/produkt\/datenlogger-druck-beschleunigung-feuchtigkeit-temperatur-msr255\/\" \/>\n<meta property=\"og:site_name\" content=\"DE MSR Datenlogger\" \/>\n<meta property=\"article:publisher\" content=\"https:\/\/www.facebook.com\/datenlogger.msr\/\" \/>\n<meta property=\"article:modified_time\" content=\"2025-10-27T08:35:51+00:00\" \/>\n<meta name=\"twitter:card\" content=\"summary_large_image\" \/>\n<meta name=\"twitter:label1\" content=\"Gesch\u00e4tzte Lesezeit\" \/>\n\t<meta name=\"twitter:data1\" content=\"4\u00a0Minuten\" \/>\n<script type=\"application\/ld+json\" class=\"yoast-schema-graph\">{\"@context\":\"https:\/\/schema.org\",\"@graph\":[{\"@type\":\"WebPage\",\"@id\":\"https:\/\/www.msr.ch\/de\/produkt\/datenlogger-druck-beschleunigung-feuchtigkeit-temperatur-msr255\/\",\"url\":\"https:\/\/www.msr.ch\/de\/produkt\/datenlogger-druck-beschleunigung-feuchtigkeit-temperatur-msr255\/\",\"name\":\"MSR255 Datenlogger mit Display, Druck, Temperatur, Feuchtigkeit\",\"isPartOf\":{\"@id\":\"https:\/\/www.msr.ch\/de\/#website\"},\"primaryImageOfPage\":{\"@id\":\"https:\/\/www.msr.ch\/de\/produkt\/datenlogger-druck-beschleunigung-feuchtigkeit-temperatur-msr255\/#primaryimage\"},\"image\":{\"@id\":\"https:\/\/www.msr.ch\/de\/produkt\/datenlogger-druck-beschleunigung-feuchtigkeit-temperatur-msr255\/#primaryimage\"},\"thumbnailUrl\":\"https:\/\/www.msr.ch\/images\/Datenlogger-Display-MSR255.jpg\",\"datePublished\":\"2022-05-24T07:56:38+00:00\",\"dateModified\":\"2025-10-27T08:35:51+00:00\",\"description\":\"MSR255 robuster Datenlogger mit Display und Sensoren f\u00fcr Temperatur, Feuchtigkeit, Druck Beschleunigung, Licht. Analogeing\u00e4nge, hohe Speicherkapazit\u00e4t\",\"breadcrumb\":{\"@id\":\"https:\/\/www.msr.ch\/de\/produkt\/datenlogger-druck-beschleunigung-feuchtigkeit-temperatur-msr255\/#breadcrumb\"},\"inLanguage\":\"de\",\"potentialAction\":[{\"@type\":\"ReadAction\",\"target\":[\"https:\/\/www.msr.ch\/de\/produkt\/datenlogger-druck-beschleunigung-feuchtigkeit-temperatur-msr255\/\"]}]},{\"@type\":\"ImageObject\",\"inLanguage\":\"de\",\"@id\":\"https:\/\/www.msr.ch\/de\/produkt\/datenlogger-druck-beschleunigung-feuchtigkeit-temperatur-msr255\/#primaryimage\",\"url\":\"https:\/\/www.msr.ch\/images\/Datenlogger-Display-MSR255.jpg\",\"contentUrl\":\"https:\/\/www.msr.ch\/images\/Datenlogger-Display-MSR255.jpg\"},{\"@type\":\"BreadcrumbList\",\"@id\":\"https:\/\/www.msr.ch\/de\/produkt\/datenlogger-druck-beschleunigung-feuchtigkeit-temperatur-msr255\/#breadcrumb\",\"itemListElement\":[{\"@type\":\"ListItem\",\"position\":1,\"name\":\"Home\",\"item\":\"https:\/\/www.msr.ch\/de\/\"},{\"@type\":\"ListItem\",\"position\":2,\"name\":\"Produkt\",\"item\":\"https:\/\/www.msr.ch\/de\/produkt\/\"},{\"@type\":\"ListItem\",\"position\":3,\"name\":\"Datenlogger MSR255: Robustes Multitalent mit \u00fcbersichtlichem Display\"}]},{\"@type\":\"WebSite\",\"@id\":\"https:\/\/www.msr.ch\/de\/#website\",\"url\":\"https:\/\/www.msr.ch\/de\/\",\"name\":\"MSR Datenlogger\",\"description\":\"MSR Electronics GmbH\",\"potentialAction\":[{\"@type\":\"SearchAction\",\"target\":{\"@type\":\"EntryPoint\",\"urlTemplate\":\"https:\/\/www.msr.ch\/de\/?s={search_term_string}\"},\"query-input\":\"required name=search_term_string\"}],\"inLanguage\":\"de\"}]}<\/script>\n<!-- \/ Yoast SEO plugin. -->","yoast_head_json":{"title":"MSR255 Datenlogger mit Display, Druck, Temperatur, Feuchtigkeit","description":"MSR255 robuster Datenlogger mit Display und Sensoren f\u00fcr Temperatur, Feuchtigkeit, Druck Beschleunigung, Licht. Analogeing\u00e4nge, hohe Speicherkapazit\u00e4t","robots":{"index":"index","follow":"follow","max-snippet":"max-snippet:-1","max-image-preview":"max-image-preview:large","max-video-preview":"max-video-preview:-1"},"canonical":"https:\/\/www.msr.ch\/de\/produkt\/datenlogger-druck-beschleunigung-feuchtigkeit-temperatur-msr255\/","og_locale":"de_DE","og_type":"article","og_title":"MSR255 Datenlogger mit Display, Druck, Temperatur, Feuchtigkeit","og_description":"MSR255 robuster Datenlogger mit Display und Sensoren f\u00fcr Temperatur, Feuchtigkeit, Druck Beschleunigung, Licht. Analogeing\u00e4nge, hohe Speicherkapazit\u00e4t","og_url":"https:\/\/www.msr.ch\/de\/produkt\/datenlogger-druck-beschleunigung-feuchtigkeit-temperatur-msr255\/","og_site_name":"DE MSR Datenlogger","article_publisher":"https:\/\/www.facebook.com\/datenlogger.msr\/","article_modified_time":"2025-10-27T08:35:51+00:00","twitter_card":"summary_large_image","twitter_misc":{"Gesch\u00e4tzte Lesezeit":"4\u00a0Minuten"},"schema":{"@context":"https:\/\/schema.org","@graph":[{"@type":"WebPage","@id":"https:\/\/www.msr.ch\/de\/produkt\/datenlogger-druck-beschleunigung-feuchtigkeit-temperatur-msr255\/","url":"https:\/\/www.msr.ch\/de\/produkt\/datenlogger-druck-beschleunigung-feuchtigkeit-temperatur-msr255\/","name":"MSR255 Datenlogger mit Display, Druck, Temperatur, Feuchtigkeit","isPartOf":{"@id":"https:\/\/www.msr.ch\/de\/#website"},"primaryImageOfPage":{"@id":"https:\/\/www.msr.ch\/de\/produkt\/datenlogger-druck-beschleunigung-feuchtigkeit-temperatur-msr255\/#primaryimage"},"image":{"@id":"https:\/\/www.msr.ch\/de\/produkt\/datenlogger-druck-beschleunigung-feuchtigkeit-temperatur-msr255\/#primaryimage"},"thumbnailUrl":"https:\/\/www.msr.ch\/images\/Datenlogger-Display-MSR255.jpg","datePublished":"2022-05-24T07:56:38+00:00","dateModified":"2025-10-27T08:35:51+00:00","description":"MSR255 robuster Datenlogger mit Display und Sensoren f\u00fcr Temperatur, Feuchtigkeit, Druck Beschleunigung, Licht. Analogeing\u00e4nge, hohe Speicherkapazit\u00e4t","breadcrumb":{"@id":"https:\/\/www.msr.ch\/de\/produkt\/datenlogger-druck-beschleunigung-feuchtigkeit-temperatur-msr255\/#breadcrumb"},"inLanguage":"de","potentialAction":[{"@type":"ReadAction","target":["https:\/\/www.msr.ch\/de\/produkt\/datenlogger-druck-beschleunigung-feuchtigkeit-temperatur-msr255\/"]}]},{"@type":"ImageObject","inLanguage":"de","@id":"https:\/\/www.msr.ch\/de\/produkt\/datenlogger-druck-beschleunigung-feuchtigkeit-temperatur-msr255\/#primaryimage","url":"https:\/\/www.msr.ch\/images\/Datenlogger-Display-MSR255.jpg","contentUrl":"https:\/\/www.msr.ch\/images\/Datenlogger-Display-MSR255.jpg"},{"@type":"BreadcrumbList","@id":"https:\/\/www.msr.ch\/de\/produkt\/datenlogger-druck-beschleunigung-feuchtigkeit-temperatur-msr255\/#breadcrumb","itemListElement":[{"@type":"ListItem","position":1,"name":"Home","item":"https:\/\/www.msr.ch\/de\/"},{"@type":"ListItem","position":2,"name":"Produkt","item":"https:\/\/www.msr.ch\/de\/produkt\/"},{"@type":"ListItem","position":3,"name":"Datenlogger MSR255: Robustes Multitalent mit \u00fcbersichtlichem Display"}]},{"@type":"WebSite","@id":"https:\/\/www.msr.ch\/de\/#website","url":"https:\/\/www.msr.ch\/de\/","name":"MSR Datenlogger","description":"MSR Electronics GmbH","potentialAction":[{"@type":"SearchAction","target":{"@type":"EntryPoint","urlTemplate":"https:\/\/www.msr.ch\/de\/?s={search_term_string}"},"query-input":"required name=search_term_string"}],"inLanguage":"de"}]}},"_links":{"self":[{"href":"https:\/\/www.msr.ch\/de\/wp-json\/wp\/v2\/pages\/8882"}],"collection":[{"href":"https:\/\/www.msr.ch\/de\/wp-json\/wp\/v2\/pages"}],"about":[{"href":"https:\/\/www.msr.ch\/de\/wp-json\/wp\/v2\/types\/page"}],"author":[{"embeddable":true,"href":"https:\/\/www.msr.ch\/de\/wp-json\/wp\/v2\/users\/1"}],"replies":[{"embeddable":true,"href":"https:\/\/www.msr.ch\/de\/wp-json\/wp\/v2\/comments?post=8882"}],"version-history":[{"count":20,"href":"https:\/\/www.msr.ch\/de\/wp-json\/wp\/v2\/pages\/8882\/revisions"}],"predecessor-version":[{"id":13862,"href":"https:\/\/www.msr.ch\/de\/wp-json\/wp\/v2\/pages\/8882\/revisions\/13862"}],"up":[{"embeddable":true,"href":"https:\/\/www.msr.ch\/de\/wp-json\/wp\/v2\/pages\/25"}],"wp:featuredmedia":[{"embeddable":true,"href":"https:\/\/www.msr.ch\/de\/wp-json\/"}],"wp:attachment":[{"href":"https:\/\/www.msr.ch\/de\/wp-json\/wp\/v2\/media?parent=8882"}],"curies":[{"name":"wp","href":"https:\/\/api.w.org\/{rel}","templated":true}]}}