{"id":8902,"date":"2022-05-24T09:25:44","date_gmt":"2022-05-24T09:25:44","guid":{"rendered":"https:\/\/karabeg.xyz\/de\/?page_id=8902"},"modified":"2022-12-06T15:12:09","modified_gmt":"2022-12-06T15:12:09","slug":"datenlogger-pharma-gesundheit","status":"publish","type":"page","link":"https:\/\/www.msr.ch\/de\/anwendungen\/datenlogger-pharma-gesundheit\/","title":{"rendered":"Datenlogger f\u00fcr die Pharma- und Gesundheitsindustrie"},"content":{"rendered":"<div class=\"wpb-content-wrapper\"><p>[vc_row full_width=&#8220;stretch_row&#8220; css=&#8220;.vc_custom_1649666349533{background-image: url(\/images\/Slider_leer.jpg?id=2590) !important;}&#8220;][vc_column width=&#8220;1\/2&#8243;][vc_single_image image=&#8220;3075&#8243; img_size=&#8220;full&#8220; alignment=&#8220;center&#8220;][\/vc_column][vc_column width=&#8220;1\/2&#8243;][vc_empty_space height=&#8220;80px&#8220; el_class=&#8220;hide-on-small&#8220;][vc_column_text]<\/p>\n<p style=\"text-align: right;\"><span style=\"font-size: 24px;\"><span style=\"color: #333333;\"><strong>\u00abUnsere Kunden sch\u00e4tzen, dass wir als Spezialisten auch auf ungew\u00f6hnliche Anwender-Anforderungen eingehen k\u00f6nnen.<\/strong><\/span><span style=\"color: #333333;\"><strong>\u00bb<\/strong><\/span><\/span><\/p>\n<p style=\"text-align: right;\"><span style=\"font-size: 18px;\">Erwin Portmann, Dipl. Ing. AAE \/ Maschinenbau, Sales Manager &amp; Technical Support, MSR Electronics GmbH<\/span><\/p>\n<p>[\/vc_column_text][\/vc_column][\/vc_row][vc_row full_width=&#8220;stretch_row&#8220;][vc_column][vc_column_text]<\/p>\n<h1 class=\"entry-title\">Datenlogger f\u00fcr die Pharma- und Gesundheitsindustrie<\/h1>\n<h2><span style=\"color: #333333;\">Klima- und Schock\u00fcberwachung bei Transport und Lagerung empfindlicher G\u00fcter wie Medikamente <\/span><span style=\"color: #333333;\">oder Pr\u00e4zisionsmessger\u00e4te \u00b7 Bewegungs\u00fcberwachung von Patienten \u00b7 Forschung und Entwicklung <\/span><\/h2>\n<p>MSR Datenlogger eignen sich durch ihre Vielzahl an verf\u00fcgbaren Messgr\u00f6ssen, ihrem kompakten Format und ihre grossen Speicherkapazit\u00e4t f\u00fcr verschiedenste Mess-, Dokumentations- und \u00dcberwachungsaufgaben in Industrie und Wissenschaft. Bei den meisten Datenlogger-Typen k\u00f6nnen Sie Geh\u00e4use, Akku, Sensoren und Speicherkapazit\u00e4t individuell im Produktkonfigurator zusammenstellen.<\/p>\n<p>Zur Transport\u00fcberwachung von Luftfracht werden an Datenlogger besonders hohe Sicherheitsanforderungen gestellt. Die Logger von MSR Electronics erf\u00fcllen alle diese Luftfracht-Vorschriften und sind deshalb \u00abair cargo approved\u00bb.[\/vc_column_text][vc_message color=&#8220;info&#8220;]MSR Datenlogger erf\u00fcllen versch\u00e4rfte <a href=\"\/de\/support\/faq\/\" rel=\"noopener\">Luftfracht-Sicherheitsbedingungen.<\/a>[\/vc_message][\/vc_column][\/vc_row][vc_row full_width=&#8220;stretch_row&#8220;][vc_column][vc_empty_space][\/vc_column][\/vc_row][vc_row full_width=&#8220;stretch_row&#8220; css=&#8220;.vc_custom_1662039455953{background-color: #f8f9f9 !important;}&#8220;][vc_column][vc_column_text]<\/p>\n<h2>Diese Datenlogger sollten Sie sich n\u00e4her ansehen:<\/h2>\n<p>[\/vc_column_text][vc_carousel_father speed=&#8220;5000&#8243; spaces=&#8220;5&#8243; slide_visible=&#8220;4&#8243; tabs=&#8220;2&#8243; slide_visible_mbl=&#8220;2&#8243; arrowclr=&#8220;#a3a3a3&#8243; arrowsize=&#8220;&#8220; dotclr=&#8220;#a3a3a3&#8243; dotposition=&#8220;-5&#8243;][vc_carousel_son img_radius=&#8220;&#8220; titlesize=&#8220;24&#8243; btn_visibility=&#8220;show&#8220; btn_size=&#8220;14&#8243; btn_bg=&#8220;#0033cc&#8220; image_id=&#8220;2519&#8243; alt=&#8220;MSR145WD Datenlogger Lebensmittelindustrie&#8220; title=&#8220;MSR145WD&#8220; contain_url=&#8220;https:\/\/www.msr.ch\/de\/produkt\/pdf-datenlogger-msr-budgetline\/&#8220; titleclr=&#8220;#0033cc&#8220; btn_text=&#8220;MEHR&#8220; btn_url=&#8220;url:%2Fde%2Fprodukt%2Ffunk-datenlogger-msr145wd-bluetooth%2F|title:MSR145WD%20Funk-Datenlogger%20mit%20Bluetooth%20Low%20Energy%20(BLE)&#8220; img_alt=&#8220;Klima-Datenlogger MSR145WD mit Bluetooth&#8220; caption_url=&#8220;url:%2Fde%2Fprodukt%2Ffunk-datenlogger-msr145wd-bluetooth%2F|title:MSR145WD%20Funk-Datenlogger%20mit%20Bluetooth%20Low%20Energy%20(BLE)&#8220;]<\/p>\n<p style=\"text-align: center;\"><span style=\"color: #333333; font-size: 14px;\">Datenlogger mit Bluetooth \u00b7 Temperatur, Feuchte u.v.m \u00b7 MSR FlexSensoren \u00b7 MSR DataLogger App \u00b7 MSR SmartCloud<\/span><\/p>\n<p>[\/vc_carousel_son][vc_carousel_son img_radius=&#8220;&#8220; titlesize=&#8220;24&#8243; btn_visibility=&#8220;show&#8220; btn_size=&#8220;14&#8243; btn_bg=&#8220;#0033cc&#8220; image_id=&#8220;2801&#8243; alt=&#8220;MSR145WD Datenlogger Lebensmittelindustrie&#8220; title=&#8220;MSR BudgetLine&#8220; contain_url=&#8220;https:\/\/www.msr.ch\/de\/produkt\/pdf-datenlogger-msr-budgetline\/&#8220; titleclr=&#8220;#0033cc&#8220; btn_text=&#8220;MEHR&#8220; btn_url=&#8220;url:%2Fde%2Fprodukt%2Fpdf-datenlogger-msr-budgetline%2F|title:MSR%20BudgetLine%20Datenlogger%20f%C3%BCr%20Temperatur%20und%20Luftfeuchtigkeit&#8220; img_alt=&#8220;MSR BudgetLine Datenlogger f\u00fcr Temperatur und Luftfeuchtigkeit&#8220; caption_url=&#8220;url:%2Fde%2Fprodukt%2Fpdf-datenlogger-msr-budgetline%2F|title:MSR%20BudgetLine%20Datenlogger%20f%C3%BCr%20Temperatur%20und%20Luftfeuchtigkeit&#8220;]<\/p>\n<p style=\"text-align: center;\"><span style=\"color: #333333; font-size: 14px;\">preisg\u00fcnstige Mehrweg-Datenlogger \u00b7 Temperatur, Feuchte \u00b7 PDF-Report \u00b7 normenkonform<\/span><\/p>\n<p>[\/vc_carousel_son][vc_carousel_son img_radius=&#8220;&#8220; titlesize=&#8220;24&#8243; btn_visibility=&#8220;show&#8220; btn_size=&#8220;14&#8243; btn_bg=&#8220;#0033cc&#8220; image_id=&#8220;2519&#8243; alt=&#8220;MSR145 Universal-Datenlogger Lebensmittelindustrie&#8220; title=&#8220;MSR145W2D&#8220; contain_url=&#8220;https:\/\/www.msr.ch\/de\/produkt\/pdf-datenlogger-msr-budgetline\/&#8220; titleclr=&#8220;#0033cc&#8220; btn_text=&#8220;MEHR&#8220; btn_url=&#8220;url:%2Fde%2Fprodukt%2Fwlan-datenlogger-msr145w2d%2F|title:WLAN-Datenlogger%20MSR145W2D%20&#8243; img_alt=&#8220;WLAN-Datenlogger f\u00fcr Klimamessungen, MSR145W2D&#8220; caption_url=&#8220;url:%2Fde%2Fprodukt%2Fwlan-datenlogger-msr145w2d%2F|title:MSR145W2D%20WLAN-Datenlogger%20Klimamessungen&#8220;]<\/p>\n<p style=\"text-align: center;\"><span style=\"color: #333333; font-size: 14px;\">Datenlogger mit WLAN \u00b7 Temperatur, Feuchte u.v.m \u00b7 MSR FlexSensoren \u00b7 MSR LocalCloud, MSR SmartCloud<\/span><\/p>\n<p>[\/vc_carousel_son][vc_carousel_son img_radius=&#8220;&#8220; titlesize=&#8220;24&#8243; btn_visibility=&#8220;show&#8220; btn_size=&#8220;14&#8243; btn_bg=&#8220;#0033cc&#8220; image_id=&#8220;2516&#8243; alt=&#8220;MSR145WD Datenlogger Lebensmittelindustrie&#8220; title=&#8220;MSR175plus&#8220; contain_url=&#8220;https:\/\/www.msr.ch\/de\/produkt\/pdf-datenlogger-msr-budgetline\/&#8220; titleclr=&#8220;#0033cc&#8220; btn_text=&#8220;MEHR&#8220; btn_url=&#8220;url:%2Fde%2Fprodukt%2Ftransport-datenlogger-msr175plus-gps%2F|title:Transport-Datenlogger%20f%C3%BCr%20Schock%20und%20Klima%3A%20MSR175plus%20mit%20GPS-Tracking&#8220; img_alt=&#8220;Transport\u00fcberwachung Datenlogger MSR175plus&#8220; caption_url=&#8220;url:%2Fde%2Fprodukt%2Ftransport-datenlogger-msr175plus-gps%2F|title:Transport-Datenlogger%20f%C3%BCr%20Schock%20und%20Klima%3A%20MSR175plus%20mit%20GPS-Tracking&#8220;]<\/p>\n<p style=\"text-align: center;\"><span style=\"color: #333333; font-size: 14px;\">Transport-Datenlogger \u00b7 Beschleunigung <strong>gleichzeitig<\/strong> \u00b115 g und \u00b1200 g \u00b7 Klima \u00b7 GPS \u00b7 4 Mio. Messwerte\u00a0<\/span><\/p>\n<p>[\/vc_carousel_son][vc_carousel_son img_radius=&#8220;&#8220; titlesize=&#8220;24&#8243; btn_visibility=&#8220;show&#8220; btn_size=&#8220;14&#8243; btn_bg=&#8220;#0033cc&#8220; image_id=&#8220;2800&#8243; alt=&#8220;MSR175 Transport-Logger Lebensmittelindustrie&#8220; title=&#8220;MSR175&#8243; contain_url=&#8220;https:\/\/www.msr.ch\/de\/produkt\/pdf-datenlogger-msr-budgetline\/&#8220; titleclr=&#8220;#0033cc&#8220; btn_text=&#8220;MEHR&#8220; btn_url=&#8220;url:%2Fde%2Fprodukt%2Ftransport-datenlogger-schock-msr175%2F|title:Schock-Datenlogger%20MSR175%20f%C3%BCr%20Transporte&#8220; img_alt=&#8220;Transport-Datenlogger MSR175 f\u00fcr Schock, Klima&#8220; caption_url=&#8220;url:%2Fde%2Fprodukt%2Ftransport-datenlogger-schock-msr175%2F|title:Schock-Datenlogger%20MSR175%20f%C3%BCr%20Transporte&#8220;]<\/p>\n<p style=\"text-align: center;\"><span style=\"color: #333333; font-size: 14px;\">Transport-Datenlogger \u00b7 2 Beschleunigungssensoren \u00b115 g\/\u00b1200 g \u00b7 Klima \u00b7 2 Mio. Messwerte\u00a0<\/span><\/p>\n<p>[\/vc_carousel_son][vc_carousel_son img_radius=&#8220;&#8220; titlesize=&#8220;24&#8243; btn_visibility=&#8220;show&#8220; btn_size=&#8220;14&#8243; btn_bg=&#8220;#0033cc&#8220; image_id=&#8220;2518&#8243; alt=&#8220;MSR165 Beschleungigungs-Datenlogger Lebensmittelindustrie&#8220; title=&#8220;MSR165&#8243; contain_url=&#8220;https:\/\/www.msr.ch\/de\/produkt\/pdf-datenlogger-msr-budgetline\/&#8220; titleclr=&#8220;#0033cc&#8220; btn_text=&#8220;MEHR&#8220; btn_url=&#8220;url:%2Fde%2Fprodukt%2Fdatenlogger-schock-vibration-msr165%2F|title:Datenlogger%20f%C3%BCr%20Schock%2C%20Vibration%2C%20Stoss%3A%20MSR165&#8243; img_alt=&#8220;Schock- und Vibrations-Datenlogger MSR165&#8243; caption_url=&#8220;url:%2Fde%2Fprodukt%2Fdatenlogger-schock-vibration-msr165%2F|title:Datenlogger%20f%C3%BCr%20Schock%2C%20Vibration%2C%20Stoss%3A%20MSR165&#8243;]<\/p>\n<p style=\"text-align: center;\"><span style=\"color: #333333; font-size: 14px;\">Transport-Datenlogger \u00b7 1 Beschleunigungssensor \u00b115 g od. \u00b1200 g \u00b7 opt. weitere Sensoren \u00b7 1 Mrd. Messwerte\u00a0<\/span><\/p>\n<p>[\/vc_carousel_son][\/vc_carousel_father][\/vc_column][\/vc_row][vc_row full_width=&#8220;stretch_row&#8220;][vc_column][vc_empty_space][\/vc_column][\/vc_row][vc_row full_width=&#8220;stretch_row&#8220; css=&#8220;.vc_custom_1646385559538{background-color: #0033cc !important;}&#8220;][vc_column][vc_cta h2=&#8220;Den passenden Datenlogger nicht gefunden? Nutzen Sie unsere Schnellsuche!&#8220; h2_font_container=&#8220;tag:h2|text_align:left|color:%230033cc&#8220; h2_use_theme_fonts=&#8220;yes&#8220; add_button=&#8220;right&#8220; btn_title=&#8220;Schnellsuche&#8220; use_custom_fonts_h2=&#8220;true&#8220; h2_link=&#8220;url:%2Fde%2Fprodukt%2Fdatenlogger%2F|title:Schnell%20den%20passenden%20Datenlogger%20finden&#8220; btn_link=&#8220;url:%2Fde%2Fprodukt%2Fdatenlogger%2F|title:Schnell%20den%20passenden%20Datenlogger%20finden&#8220;]W\u00e4hlen Sie Messgr\u00f6ssen, Mess-\/Speicherrate, Betriebstemperatur, Ger\u00e4tedimension u.v.m.[\/vc_cta][\/vc_column][\/vc_row][vc_row full_width=&#8220;stretch_row&#8220;][vc_column][vc_empty_space][\/vc_column][\/vc_row][vc_row full_width=&#8220;stretch_row&#8220; css=&#8220;.vc_custom_1657021145658{background-color: #f8f9f9 !important;}&#8220;][vc_column][msrwpbportfoliobyid recent_title=&#8220;MSR Datenlogger im Einsatz \u2013 Kundenberichte aus der Praxis&#8220; number_in_row=&#8220;4&#8243; post_ids=&#8220;10355,9316,1034,10385,10332, 10342,10435&#8243; title_color=&#8220;#0033cc&#8220; item_text_color=&#8220;#ffffff&#8220; item_title_color=&#8220;#ffffff&#8220;][\/vc_column][\/vc_row][vc_row full_width=&#8220;stretch_row&#8220;][vc_column][vc_empty_space][\/vc_column][\/vc_row][vc_row][vc_column width=&#8220;1\/2&#8243;][vc_cta h2=&#8220;\u00dcberlassen Sie die Wahl Ihres Datenloggers nicht dem Zufall.&#8220; h2_font_container=&#8220;tag:h2|text_align:left|color:%230033cc&#8220; h2_use_theme_fonts=&#8220;yes&#8220; h4=&#8220;Nutzen Sie unsere Erfahrung und Kompetenz.&#8220; add_button=&#8220;right&#8220; btn_title=&#8220;Kontakt&#8220; use_custom_fonts_h2=&#8220;true&#8220; h2_link=&#8220;url:%2Fde%2Fkontakt%2F|title:Kontakt%20MSR%20Datenlogger&#8220; btn_link=&#8220;url:%2Fde%2Fkontakt%2F|title:Kontakt%20MSR%20Datenlogger&#8220; el_class=&#8220;grey-subline&#8220; css=&#8220;.vc_custom_1656495996964{margin-top: 18px !important;}&#8220;]F\u00fcr eine pers\u00f6nliche Beratung stehen Ihnen \u00fcber 90 MSR-Vertriebspartner in weltweit mehr als 50 L\u00e4ndern zur Verf\u00fcgung.[\/vc_cta][\/vc_column][vc_column width=&#8220;1\/2&#8243;][msrnewslettersub newslettersub_img=&#8220;2634&#8243;][\/vc_column][\/vc_row][vc_row][vc_column][vc_empty_space][\/vc_column][\/vc_row]<\/p>\n<\/div>","protected":false},"excerpt":{"rendered":"<p>[vc_row full_width=&#8220;stretch_row&#8220; css=&#8220;.vc_custom_1649666349533{background-image: url(\/images\/Slider_leer.jpg?id=2590) !important;}&#8220;][vc_column width=&#8220;1\/2&#8243;][vc_single_image image=&#8220;3075&#8243; img_size=&#8220;full&#8220; alignment=&#8220;center&#8220;][\/vc_column][vc_column width=&#8220;1\/2&#8243;][vc_empty_space height=&#8220;80px&#8220; el_class=&#8220;hide-on-small&#8220;][vc_column_text] \u00abUnsere Kunden sch\u00e4tzen, dass wir als Spezialisten auch auf ungew\u00f6hnliche Anwender-Anforderungen eingehen k\u00f6nnen.\u00bb Erwin Portmann, Dipl. Ing. AAE \/ Maschinenbau, Sales Manager &amp; Technical Support, MSR Electronics GmbH &hellip;<\/p>\n","protected":false},"author":1,"featured_media":0,"parent":7572,"menu_order":0,"comment_status":"closed","ping_status":"closed","template":"","meta":{"footnotes":""},"yoast_head":"<!-- This site is optimized with the Yoast SEO plugin v22.9 - https:\/\/yoast.com\/wordpress\/plugins\/seo\/ -->\n<title>Datenlogger f\u00fcr Pharma, Gesundheit | Klima \u00fcberwachen<\/title>\n<meta name=\"description\" content=\"MSR Datenlogger f\u00fcr Pharma, Gesundheitsindustrie: Klima- und Schock\u00fcberwachung bei Transport und Lagerung von Medikamenten,\" \/>\n<meta name=\"robots\" content=\"index, follow, max-snippet:-1, max-image-preview:large, max-video-preview:-1\" \/>\n<link rel=\"canonical\" href=\"https:\/\/www.msr.ch\/de\/anwendungen\/datenlogger-pharma-gesundheit\/\" \/>\n<meta property=\"og:locale\" content=\"de_DE\" \/>\n<meta property=\"og:type\" content=\"article\" \/>\n<meta property=\"og:title\" content=\"Datenlogger f\u00fcr Pharma, Gesundheit | Klima \u00fcberwachen\" \/>\n<meta property=\"og:description\" content=\"MSR Datenlogger f\u00fcr Pharma, Gesundheitsindustrie: Klima- und Schock\u00fcberwachung bei Transport und Lagerung von Medikamenten,\" \/>\n<meta property=\"og:url\" content=\"https:\/\/www.msr.ch\/de\/anwendungen\/datenlogger-pharma-gesundheit\/\" \/>\n<meta property=\"og:site_name\" content=\"DE MSR Datenlogger\" \/>\n<meta property=\"article:publisher\" content=\"https:\/\/www.facebook.com\/datenlogger.msr\/\" \/>\n<meta property=\"article:modified_time\" content=\"2022-12-06T15:12:09+00:00\" \/>\n<meta name=\"twitter:card\" content=\"summary_large_image\" \/>\n<meta name=\"twitter:label1\" content=\"Gesch\u00e4tzte Lesezeit\" \/>\n\t<meta name=\"twitter:data1\" content=\"3\u00a0Minuten\" \/>\n<script type=\"application\/ld+json\" class=\"yoast-schema-graph\">{\"@context\":\"https:\/\/schema.org\",\"@graph\":[{\"@type\":\"WebPage\",\"@id\":\"https:\/\/www.msr.ch\/de\/anwendungen\/datenlogger-pharma-gesundheit\/\",\"url\":\"https:\/\/www.msr.ch\/de\/anwendungen\/datenlogger-pharma-gesundheit\/\",\"name\":\"Datenlogger f\u00fcr Pharma, Gesundheit | Klima \u00fcberwachen\",\"isPartOf\":{\"@id\":\"https:\/\/www.msr.ch\/de\/#website\"},\"datePublished\":\"2022-05-24T09:25:44+00:00\",\"dateModified\":\"2022-12-06T15:12:09+00:00\",\"description\":\"MSR Datenlogger f\u00fcr Pharma, Gesundheitsindustrie: Klima- und Schock\u00fcberwachung bei Transport und Lagerung von Medikamenten,\",\"breadcrumb\":{\"@id\":\"https:\/\/www.msr.ch\/de\/anwendungen\/datenlogger-pharma-gesundheit\/#breadcrumb\"},\"inLanguage\":\"de\",\"potentialAction\":[{\"@type\":\"ReadAction\",\"target\":[\"https:\/\/www.msr.ch\/de\/anwendungen\/datenlogger-pharma-gesundheit\/\"]}]},{\"@type\":\"BreadcrumbList\",\"@id\":\"https:\/\/www.msr.ch\/de\/anwendungen\/datenlogger-pharma-gesundheit\/#breadcrumb\",\"itemListElement\":[{\"@type\":\"ListItem\",\"position\":1,\"name\":\"Home\",\"item\":\"https:\/\/www.msr.ch\/de\/\"},{\"@type\":\"ListItem\",\"position\":2,\"name\":\"Anwendungen\",\"item\":\"https:\/\/www.msr.ch\/de\/anwendungen\/\"},{\"@type\":\"ListItem\",\"position\":3,\"name\":\"Datenlogger f\u00fcr die Pharma- und Gesundheitsindustrie\"}]},{\"@type\":\"WebSite\",\"@id\":\"https:\/\/www.msr.ch\/de\/#website\",\"url\":\"https:\/\/www.msr.ch\/de\/\",\"name\":\"MSR Datenlogger\",\"description\":\"MSR Electronics GmbH\",\"potentialAction\":[{\"@type\":\"SearchAction\",\"target\":{\"@type\":\"EntryPoint\",\"urlTemplate\":\"https:\/\/www.msr.ch\/de\/?s={search_term_string}\"},\"query-input\":\"required name=search_term_string\"}],\"inLanguage\":\"de\"}]}<\/script>\n<!-- \/ Yoast SEO plugin. -->","yoast_head_json":{"title":"Datenlogger f\u00fcr Pharma, Gesundheit | Klima \u00fcberwachen","description":"MSR Datenlogger f\u00fcr Pharma, Gesundheitsindustrie: Klima- und Schock\u00fcberwachung bei Transport und Lagerung von Medikamenten,","robots":{"index":"index","follow":"follow","max-snippet":"max-snippet:-1","max-image-preview":"max-image-preview:large","max-video-preview":"max-video-preview:-1"},"canonical":"https:\/\/www.msr.ch\/de\/anwendungen\/datenlogger-pharma-gesundheit\/","og_locale":"de_DE","og_type":"article","og_title":"Datenlogger f\u00fcr Pharma, Gesundheit | Klima \u00fcberwachen","og_description":"MSR Datenlogger f\u00fcr Pharma, Gesundheitsindustrie: Klima- und Schock\u00fcberwachung bei Transport und Lagerung von Medikamenten,","og_url":"https:\/\/www.msr.ch\/de\/anwendungen\/datenlogger-pharma-gesundheit\/","og_site_name":"DE MSR Datenlogger","article_publisher":"https:\/\/www.facebook.com\/datenlogger.msr\/","article_modified_time":"2022-12-06T15:12:09+00:00","twitter_card":"summary_large_image","twitter_misc":{"Gesch\u00e4tzte Lesezeit":"3\u00a0Minuten"},"schema":{"@context":"https:\/\/schema.org","@graph":[{"@type":"WebPage","@id":"https:\/\/www.msr.ch\/de\/anwendungen\/datenlogger-pharma-gesundheit\/","url":"https:\/\/www.msr.ch\/de\/anwendungen\/datenlogger-pharma-gesundheit\/","name":"Datenlogger f\u00fcr Pharma, Gesundheit | Klima \u00fcberwachen","isPartOf":{"@id":"https:\/\/www.msr.ch\/de\/#website"},"datePublished":"2022-05-24T09:25:44+00:00","dateModified":"2022-12-06T15:12:09+00:00","description":"MSR Datenlogger f\u00fcr Pharma, Gesundheitsindustrie: Klima- und Schock\u00fcberwachung bei Transport und Lagerung von Medikamenten,","breadcrumb":{"@id":"https:\/\/www.msr.ch\/de\/anwendungen\/datenlogger-pharma-gesundheit\/#breadcrumb"},"inLanguage":"de","potentialAction":[{"@type":"ReadAction","target":["https:\/\/www.msr.ch\/de\/anwendungen\/datenlogger-pharma-gesundheit\/"]}]},{"@type":"BreadcrumbList","@id":"https:\/\/www.msr.ch\/de\/anwendungen\/datenlogger-pharma-gesundheit\/#breadcrumb","itemListElement":[{"@type":"ListItem","position":1,"name":"Home","item":"https:\/\/www.msr.ch\/de\/"},{"@type":"ListItem","position":2,"name":"Anwendungen","item":"https:\/\/www.msr.ch\/de\/anwendungen\/"},{"@type":"ListItem","position":3,"name":"Datenlogger f\u00fcr die Pharma- und Gesundheitsindustrie"}]},{"@type":"WebSite","@id":"https:\/\/www.msr.ch\/de\/#website","url":"https:\/\/www.msr.ch\/de\/","name":"MSR Datenlogger","description":"MSR Electronics GmbH","potentialAction":[{"@type":"SearchAction","target":{"@type":"EntryPoint","urlTemplate":"https:\/\/www.msr.ch\/de\/?s={search_term_string}"},"query-input":"required name=search_term_string"}],"inLanguage":"de"}]}},"_links":{"self":[{"href":"https:\/\/www.msr.ch\/de\/wp-json\/wp\/v2\/pages\/8902"}],"collection":[{"href":"https:\/\/www.msr.ch\/de\/wp-json\/wp\/v2\/pages"}],"about":[{"href":"https:\/\/www.msr.ch\/de\/wp-json\/wp\/v2\/types\/page"}],"author":[{"embeddable":true,"href":"https:\/\/www.msr.ch\/de\/wp-json\/wp\/v2\/users\/1"}],"replies":[{"embeddable":true,"href":"https:\/\/www.msr.ch\/de\/wp-json\/wp\/v2\/comments?post=8902"}],"version-history":[{"count":36,"href":"https:\/\/www.msr.ch\/de\/wp-json\/wp\/v2\/pages\/8902\/revisions"}],"predecessor-version":[{"id":11493,"href":"https:\/\/www.msr.ch\/de\/wp-json\/wp\/v2\/pages\/8902\/revisions\/11493"}],"up":[{"embeddable":true,"href":"https:\/\/www.msr.ch\/de\/wp-json\/wp\/v2\/pages\/7572"}],"wp:attachment":[{"href":"https:\/\/www.msr.ch\/de\/wp-json\/wp\/v2\/media?parent=8902"}],"curies":[{"name":"wp","href":"https:\/\/api.w.org\/{rel}","templated":true}]}}