{"id":8906,"date":"2022-05-24T09:31:12","date_gmt":"2022-05-24T09:31:12","guid":{"rendered":"https:\/\/karabeg.xyz\/de\/?page_id=8906"},"modified":"2023-03-13T13:32:02","modified_gmt":"2023-03-13T13:32:02","slug":"datenlogger-museum","status":"publish","type":"page","link":"https:\/\/www.msr.ch\/de\/anwendungen\/datenlogger-museum\/","title":{"rendered":"Datenlogger f\u00fcr Museen, Archive, Kunsttransporte"},"content":{"rendered":"<div class=\"wpb-content-wrapper\"><p>[vc_row full_width=&#8220;stretch_row&#8220; css=&#8220;.vc_custom_1649666349533{background-image: url(\/images\/Slider_leer.jpg?id=2590) !important;}&#8220;][vc_column width=&#8220;1\/2&#8243;][vc_single_image image=&#8220;2917&#8243; img_size=&#8220;full&#8220; alignment=&#8220;center&#8220;][\/vc_column][vc_column width=&#8220;1\/2&#8243;][vc_empty_space height=&#8220;80px&#8220; el_class=&#8220;hide-on-small&#8220;][vc_column_text]<\/p>\n<p style=\"text-align: right;\"><span style=\"font-size: 24px;\"><span style=\"color: #333333;\"><strong>\u00abDie Weiterentwicklung der MSR-Datenlogger mit Funk-Sensoren hat die Klimakontrolle am Schweizerischen Nationalmuseum massgeblich vereinfacht.<\/strong><\/span><span style=\"color: #333333;\"><strong>\u00bb<\/strong><\/span><\/span><\/p>\n<p style=\"text-align: right;\"><span style=\"font-size: 18px;\">Dr. Katharina Schmidt-Ott, Leiterin Konservierungsforschung<\/span><\/p>\n<p>[\/vc_column_text][\/vc_column][\/vc_row][vc_row full_width=&#8220;stretch_row&#8220;][vc_column][vc_column_text]<\/p>\n<h1 class=\"entry-title\">Datenlogger f\u00fcr Museen, Archive, Galerien, Konservierung, Kunsttransporte<\/h1>\n<h2><span style=\"color: #333333;\">Klima \u00fcberwachen \u00b7 Transportbelastungen ermitteln \u00b7 Verpackungen optimieren<\/span><\/h2>\n<p>Klein m\u00fcssen sie sein, \u00fcber eine hohe Speicherkapazit\u00e4t verf\u00fcgen und Klimawerte oder Transportbelastungen hochpr\u00e4zise und l\u00fcckenlos messen und dokumentieren: Datenlogger f\u00fcr Museen, Kunsttransporte, Archive, Bibliotheken und Galerien. Die mit und ohne Funk-Technologie (WLAN, Bluetooth, GSM\/LTE) erh\u00e4ltlichen MSR Datenlogger erf\u00fcllen diese Anspr\u00fcche ideal und lassen sich individuell zusammenstellen.<\/p>\n<p>Je nach gew\u00e4hltem Datenlogger-Typ k\u00f6nnen Klimawerte via Funk von verschiedenen Messpunkten und auch an unzug\u00e4nglichen Orten wie an Decken von hohen R\u00e4umen oder in Vitrinen von Exponaten aufgezeichnet und aus der Ferne \u00fcberwacht werden.[\/vc_column_text][vc_message color=&#8220;info&#8220;]MSR Datenlogger erf\u00fcllen versch\u00e4rfte <a href=\"\/de\/support\/faq\/\" rel=\"noopener\">Luftfracht-Sicherheitsbedingungen.<\/a>[\/vc_message][\/vc_column][\/vc_row][vc_row full_width=&#8220;stretch_row&#8220;][vc_column][vc_empty_space][\/vc_column][\/vc_row][vc_row full_width=&#8220;stretch_row&#8220; css=&#8220;.vc_custom_1655382326040{background-color: #f8f9f9 !important;}&#8220;][vc_column][vc_column_text]<\/p>\n<h2>Diese Datenlogger sollten Sie sich n\u00e4her ansehen:<\/h2>\n<p>[\/vc_column_text][vc_carousel_father speed=&#8220;5000&#8243; spaces=&#8220;5&#8243; slide_visible=&#8220;4&#8243; tabs=&#8220;2&#8243; slide_visible_mbl=&#8220;2&#8243; arrowclr=&#8220;#a3a3a3&#8243; arrowsize=&#8220;&#8220; dotclr=&#8220;#a3a3a3&#8243; dotposition=&#8220;-5&#8243;][vc_carousel_son img_radius=&#8220;&#8220; titlesize=&#8220;24&#8243; btn_visibility=&#8220;show&#8220; btn_size=&#8220;14&#8243; btn_bg=&#8220;#0033cc&#8220; image_id=&#8220;2523&#8243; alt=&#8220;MSR145 Universal-Datenlogger Lebensmittelindustrie&#8220; title=&#8220;MSR385WD&#8220; contain_url=&#8220;https:\/\/www.msr.ch\/de\/produkt\/pdf-datenlogger-msr-budgetline\/&#8220; titleclr=&#8220;#0033cc&#8220; btn_text=&#8220;MEHR&#8220; btn_url=&#8220;url:%2Fde%2Fprodukt%2Ffunkdatenlogger-temperatur-feuchte-msr385wd%2F|title:MSR385WD%3A%20Datenlogger%20mit%20Funk%C3%BCbertragung%20%E2%80%93%20LTE%2FGSM-%2FLAN-Terminal%20zur%20Fern%C3%BCberwachung&#8220; caption_url=&#8220;url:%2Fde%2Fprodukt%2Ffunkdatenlogger-temperatur-feuchte-msr385wd%2F|title:MSR385WD%3A%20Datenlogger%20mit%20Funk%C3%BCbertragung%20%E2%80%93%20LTE%2FGSM-%2FLAN-Terminal%20zur%20Fern%C3%BCberwachung&#8220; img_alt=&#8220;Funk-Datenlogger MSR385WD mit LTE\/GSM&#8220;]<\/p>\n<p style=\"text-align: center;\"><span style=\"color: #333333;\">Wireless-Mess-System \u00b7 Sendemodule f\u00fcr Temperatur, Feuchte, Druck \u00b7 LTE\/GSM-\/LAN \u00b7 MSR SmartCloud<\/span><\/p>\n<p>[\/vc_carousel_son][vc_carousel_son img_radius=&#8220;&#8220; titlesize=&#8220;24&#8243; btn_visibility=&#8220;show&#8220; btn_size=&#8220;14&#8243; btn_bg=&#8220;#0033cc&#8220; image_id=&#8220;2519&#8243; alt=&#8220;MSR145WD Datenlogger Lebensmittelindustrie&#8220; title=&#8220;MSR145WD&#8220; contain_url=&#8220;https:\/\/www.msr.ch\/de\/produkt\/pdf-datenlogger-msr-budgetline\/&#8220; titleclr=&#8220;#0033cc&#8220; btn_text=&#8220;MEHR&#8220; btn_url=&#8220;url:%2Fde%2Fprodukt%2Ffunk-datenlogger-msr145wd-bluetooth%2F|title:MSR145WD%20Funk-Datenlogger%20mit%20Bluetooth%20Low%20Energy%20(BLE)&#8220; img_alt=&#8220;Klima-Datenlogger MSR145WD mit Bluetooth&#8220; caption_url=&#8220;url:%2Fde%2Fprodukt%2Ffunk-datenlogger-msr145wd-bluetooth%2F|title:MSR145WD%20Funk-Datenlogger%20mit%20Bluetooth%20Low%20Energy%20(BLE)&#8220;]<\/p>\n<p style=\"text-align: center;\"><span style=\"color: #333333; font-size: 14px;\">Datenlogger mit Bluetooth \u00b7 Temperatur, Feuchte u.v.m \u00b7 1 Mio. Messwerte \u00b7 MSR DataLogger App \u00b7 MSR SmartCloud<\/span><\/p>\n<p>[\/vc_carousel_son][vc_carousel_son img_radius=&#8220;&#8220; titlesize=&#8220;24&#8243; btn_visibility=&#8220;show&#8220; btn_size=&#8220;14&#8243; btn_bg=&#8220;#0033cc&#8220; image_id=&#8220;2519&#8243; alt=&#8220;MSR145 Universal-Datenlogger Lebensmittelindustrie&#8220; title=&#8220;MSR145W2D&#8220; contain_url=&#8220;https:\/\/www.msr.ch\/de\/produkt\/pdf-datenlogger-msr-budgetline\/&#8220; titleclr=&#8220;#0033cc&#8220; btn_text=&#8220;MEHR&#8220; btn_url=&#8220;url:%2Fde%2Fprodukt%2Fwlan-datenlogger-msr145w2d%2F|title:WLAN-Datenlogger%20MSR145W2D%20&#8243; img_alt=&#8220;WLAN-Datenlogger f\u00fcr Klimamessungen, MSR145W2D&#8220; caption_url=&#8220;url:%2Fde%2Fprodukt%2Fwlan-datenlogger-msr145w2d%2F|title:MSR145W2D%20WLAN-Datenlogger%20Klimamessungen&#8220;]<\/p>\n<p style=\"text-align: center;\"><span style=\"color: #333333; font-size: 14px;\">Datenlogger mit WLAN \u00b7 Temperatur, Feuchte u.v.m \u00b7 1 Mio. Messwerte Speicher \u00b7 MSR SmartCloud<\/span><\/p>\n<p>[\/vc_carousel_son][vc_carousel_son img_radius=&#8220;&#8220; titlesize=&#8220;24&#8243; btn_visibility=&#8220;show&#8220; btn_size=&#8220;14&#8243; btn_bg=&#8220;#0033cc&#8220; image_id=&#8220;2516&#8243; alt=&#8220;MSR145WD Datenlogger Lebensmittelindustrie&#8220; title=&#8220;MSR175plus&#8220; contain_url=&#8220;https:\/\/www.msr.ch\/de\/produkt\/pdf-datenlogger-msr-budgetline\/&#8220; titleclr=&#8220;#0033cc&#8220; btn_text=&#8220;MEHR&#8220; btn_url=&#8220;url:%2Fde%2Fprodukt%2Ftransport-datenlogger-msr175plus-gps%2F|title:Transport-Datenlogger%20f%C3%BCr%20Schock%20und%20Klima%3A%20MSR175plus%20mit%20GPS-Tracking&#8220; img_alt=&#8220;Transport\u00fcberwachung Datenlogger MSR175plus&#8220; caption_url=&#8220;url:%2Fde%2Fprodukt%2Ftransport-datenlogger-msr175plus-gps%2F|title:Transport-Datenlogger%20f%C3%BCr%20Schock%20und%20Klima%3A%20MSR175plus%20mit%20GPS-Tracking&#8220;]<\/p>\n<p style=\"text-align: center;\"><span style=\"color: #333333; font-size: 14px;\">Transport-Datenlogger \u00b7 Beschleunigung <strong>gleichzeitig<\/strong> \u00b115 g und \u00b1200 g \u00b7 Klima \u00b7 GPS \u00b7 4 Mio. Messwerte\u00a0<\/span><\/p>\n<p>[\/vc_carousel_son][vc_carousel_son img_radius=&#8220;&#8220; titlesize=&#8220;24&#8243; btn_visibility=&#8220;show&#8220; btn_size=&#8220;14&#8243; btn_bg=&#8220;#0033cc&#8220; image_id=&#8220;2800&#8243; alt=&#8220;MSR175 Transport-Logger Lebensmittelindustrie&#8220; title=&#8220;MSR175&#8243; contain_url=&#8220;https:\/\/www.msr.ch\/de\/produkt\/pdf-datenlogger-msr-budgetline\/&#8220; titleclr=&#8220;#0033cc&#8220; btn_text=&#8220;MEHR&#8220; btn_url=&#8220;url:%2Fde%2Fprodukt%2Ftransport-datenlogger-schock-msr175%2F|title:Schock-Datenlogger%20MSR175%20f%C3%BCr%20Transporte&#8220; img_alt=&#8220;Transport-Datenlogger MSR175 f\u00fcr Schock, Klima&#8220; caption_url=&#8220;url:%2Fde%2Fprodukt%2Ftransport-datenlogger-schock-msr175%2F|title:Schock-Datenlogger%20MSR175%20f%C3%BCr%20Transporte&#8220;]<\/p>\n<p style=\"text-align: center;\"><span style=\"color: #333333; font-size: 14px;\">Transport-Datenlogger \u00b7 2 Beschleunigungssensoren \u00b115 g\/ \u00b1200 g \u00b7 Klima \u00b7 2 Mio. Messwerte\u00a0<\/span><\/p>\n<p>[\/vc_carousel_son][vc_carousel_son img_radius=&#8220;&#8220; titlesize=&#8220;24&#8243; btn_visibility=&#8220;show&#8220; btn_size=&#8220;14&#8243; btn_bg=&#8220;#0033cc&#8220; image_id=&#8220;2518&#8243; alt=&#8220;MSR165 Beschleungigungs-Datenlogger Lebensmittelindustrie&#8220; title=&#8220;MSR165&#8243; contain_url=&#8220;https:\/\/www.msr.ch\/de\/produkt\/pdf-datenlogger-msr-budgetline\/&#8220; titleclr=&#8220;#0033cc&#8220; btn_text=&#8220;MEHR&#8220; btn_url=&#8220;url:%2Fde%2Fprodukt%2Fdatenlogger-schock-vibration-msr165%2F|title:Datenlogger%20f%C3%BCr%20Schock%2C%20Vibration%2C%20Stoss%3A%20MSR165&#8243; img_alt=&#8220;Schock- und Vibrations-Datenlogger MSR165&#8243; caption_url=&#8220;url:%2Fde%2Fprodukt%2Fdatenlogger-schock-vibration-msr165%2F|title:Datenlogger%20f%C3%BCr%20Schock%2C%20Vibration%2C%20Stoss%3A%20MSR165&#8243;]<\/p>\n<p style=\"text-align: center;\"><span style=\"color: #333333; font-size: 14px;\">Transport-Datenlogger \u00b7 1 Beschleunigungssensor \u00b115 g od. \u00b1200 g \u00b7 opt. weitere Sensoren \u00b7 1 Mrd. Messwerte\u00a0<\/span><\/p>\n<p>[\/vc_carousel_son][\/vc_carousel_father][\/vc_column][\/vc_row][vc_row full_width=&#8220;stretch_row&#8220;][vc_column][vc_empty_space][\/vc_column][\/vc_row][vc_row full_width=&#8220;stretch_row&#8220; css=&#8220;.vc_custom_1646385559538{background-color: #0033cc !important;}&#8220;][vc_column][vc_cta h2=&#8220;Den passenden Datenlogger nicht gefunden? Nutzen Sie unsere Schnellsuche!&#8220; h2_font_container=&#8220;tag:h2|text_align:left|color:%230033cc&#8220; h2_use_theme_fonts=&#8220;yes&#8220; add_button=&#8220;right&#8220; btn_title=&#8220;Schnellsuche&#8220; use_custom_fonts_h2=&#8220;true&#8220; h2_link=&#8220;url:%2Fde%2Fprodukt%2Fdatenlogger%2F|title:Schnell%20den%20passenden%20Datenlogger%20finden&#8220; btn_link=&#8220;url:%2Fde%2Fprodukt%2Fdatenlogger%2F|title:Schnell%20den%20passenden%20Datenlogger%20finden&#8220;]W\u00e4hlen Sie Messgr\u00f6ssen, Mess-\/Speicherrate, Betriebstemperatur, Ger\u00e4tedimension u.v.m.[\/vc_cta][\/vc_column][\/vc_row][vc_row full_width=&#8220;stretch_row&#8220;][vc_column][vc_empty_space][\/vc_column][\/vc_row][vc_row full_width=&#8220;stretch_row&#8220; css=&#8220;.vc_custom_1655382467216{background-color: #f8f9f9 !important;}&#8220;][vc_column][msrwpbportfoliobyid recent_title=&#8220;MSR Datenlogger im Einsatz f\u00fcr Museen \u2013 Kundenberichte aus der Praxis&#8220; number_in_row=&#8220;4&#8243; title_color=&#8220;#0033cc&#8220; item_text_color=&#8220;#ffffff&#8220; item_title_color=&#8220;#ffffff&#8220; post_ids=&#8220;10353,10378,10379,10381,11826&#8243;][\/vc_column][\/vc_row][vc_row][vc_column][vc_empty_space][\/vc_column][\/vc_row][vc_row css=&#8220;.vc_custom_1655382707563{margin-bottom: 20px !important;}&#8220;][vc_column][vc_custom_heading text=&#8220;TV-Bericht Kunsttransport, 3sat:&#8220; use_theme_fonts=&#8220;yes&#8220; el_class=&#8220;title&#8220;][vc_column_text]<\/p>\n<p class=\"row\">In welcher Verpackung transportiert man Kunstgem\u00e4lde am sichersten? Dieser Frage gehen die Fachleute des Bereichs KuR an der Berner Fachhochschule BFH \/ Hochschule der K\u00fcnste Bern HKB und des Instituts f\u00fcr mechatronische Systeme ifms an der BFH-TI in Burgdorf in ihrem KTI-Forschungsprojekt \u201eTransport fragiler Gem\u00e4lde \u2013 Entwicklung neuer Verfahren f\u00fcr die effiziente Schock- und Vibrationsd\u00e4mpfung\u201c nach. Um zu untersuchen, wie gut verschiedene Verpackungssysteme die von Lkws erzeugten Ersch\u00fctterungen d\u00e4mpfen, werden <a title=\"MSR165: Datenlogger f\u00fcr Schock und Vibration\" href=\"\/de\/support\/msr-software\/msr-shockviewer-software\/\">MSR165 Datenlogger<\/a> eingesetzt. Die Wissenschaftssendung \u201enano\u201c des Fernsehprogrammes \u201e3sat\u201c berichtete am 8.10.2014 in dem Beitrag <a title=\"Das Bild in der Box\" href=\"http:\/\/www.3sat.de\/page\/?source=\/nano\/technik\/178898\/index.html\" target=\"_blank\" rel=\"noopener\">\u201eDas Bild in der Box\u201c<\/a> \u00fcber das Berner KTI-Projekt.<\/p>\n<p>[\/vc_column_text][\/vc_column][\/vc_row][vc_row css=&#8220;.vc_custom_1655383005577{margin: 2px !important;padding: 10px !important;background-color: #f8f9f9 !important;}&#8220;][vc_column][vc_video link=&#8220;https:\/\/youtu.be\/nZcWqoJydKY&#8220; el_width=&#8220;80&#8243; align=&#8220;center&#8220;][\/vc_column][\/vc_row][vc_row][vc_column][vc_empty_space][\/vc_column][\/vc_row][vc_row][vc_column width=&#8220;1\/2&#8243;][vc_cta h2=&#8220;\u00dcberlassen Sie die Wahl Ihres Datenloggers nicht dem Zufall.&#8220; h2_font_container=&#8220;tag:h2|text_align:left|color:%230033cc&#8220; h2_use_theme_fonts=&#8220;yes&#8220; h4=&#8220;Nutzen Sie unsere Erfahrung und Kompetenz.&#8220; add_button=&#8220;right&#8220; btn_title=&#8220;Kontakt&#8220; use_custom_fonts_h2=&#8220;true&#8220; h2_link=&#8220;url:%2Fde%2Fkontakt%2F|title:Kontakt%20MSR%20Datenlogger&#8220; btn_link=&#8220;url:%2Fde%2Fkontakt%2F|title:Kontakt%20MSR%20Datenlogger&#8220; el_class=&#8220;grey-subline&#8220; css=&#8220;.vc_custom_1656495996964{margin-top: 18px !important;}&#8220;]F\u00fcr eine pers\u00f6nliche Beratung stehen Ihnen \u00fcber 90 MSR-Vertriebspartner in weltweit mehr als 50 L\u00e4ndern zur Verf\u00fcgung.[\/vc_cta][\/vc_column][vc_column width=&#8220;1\/2&#8243;][msrnewslettersub newslettersub_img=&#8220;2634&#8243;][\/vc_column][\/vc_row][vc_row][vc_column][vc_empty_space][\/vc_column][\/vc_row]<\/p>\n<\/div>","protected":false},"excerpt":{"rendered":"<p>[vc_row full_width=&#8220;stretch_row&#8220; css=&#8220;.vc_custom_1649666349533{background-image: url(\/images\/Slider_leer.jpg?id=2590) !important;}&#8220;][vc_column width=&#8220;1\/2&#8243;][vc_single_image image=&#8220;2917&#8243; img_size=&#8220;full&#8220; alignment=&#8220;center&#8220;][\/vc_column][vc_column width=&#8220;1\/2&#8243;][vc_empty_space height=&#8220;80px&#8220; el_class=&#8220;hide-on-small&#8220;][vc_column_text] \u00abDie Weiterentwicklung der MSR-Datenlogger mit Funk-Sensoren hat die Klimakontrolle am Schweizerischen Nationalmuseum massgeblich vereinfacht.\u00bb Dr. Katharina Schmidt-Ott, Leiterin Konservierungsforschung [\/vc_column_text][\/vc_column][\/vc_row][vc_row full_width=&#8220;stretch_row&#8220;][vc_column][vc_column_text] Datenlogger f\u00fcr Museen, Archive, Galerien, Konservierung, Kunsttransporte &hellip;<\/p>\n","protected":false},"author":1,"featured_media":0,"parent":7572,"menu_order":0,"comment_status":"closed","ping_status":"closed","template":"","meta":{"footnotes":""},"yoast_head":"<!-- This site is optimized with the Yoast SEO plugin v22.9 - https:\/\/yoast.com\/wordpress\/plugins\/seo\/ -->\n<title>Datenlogger f\u00fcr Museum, Konservierung | Kundenberichte MSR<\/title>\n<meta name=\"description\" content=\"MSR Datenlogger f\u00fcr Museen, Archive, Galerien, Konservierung: Klima \u00fcberwachen \u00b7 Transportbelastungen ermitteln \u00b7 Verpackungen optimieren. Kundenberichte\" \/>\n<meta name=\"robots\" content=\"index, follow, max-snippet:-1, max-image-preview:large, max-video-preview:-1\" \/>\n<link rel=\"canonical\" href=\"https:\/\/www.msr.ch\/de\/anwendungen\/datenlogger-museum\/\" \/>\n<meta property=\"og:locale\" content=\"de_DE\" \/>\n<meta property=\"og:type\" content=\"article\" \/>\n<meta property=\"og:title\" content=\"Datenlogger f\u00fcr Museum, Konservierung | Kundenberichte MSR\" \/>\n<meta property=\"og:description\" content=\"MSR Datenlogger f\u00fcr Museen, Archive, Galerien, Konservierung: Klima \u00fcberwachen \u00b7 Transportbelastungen ermitteln \u00b7 Verpackungen optimieren. Kundenberichte\" \/>\n<meta property=\"og:url\" content=\"https:\/\/www.msr.ch\/de\/anwendungen\/datenlogger-museum\/\" \/>\n<meta property=\"og:site_name\" content=\"DE MSR Datenlogger\" \/>\n<meta property=\"article:publisher\" content=\"https:\/\/www.facebook.com\/datenlogger.msr\/\" \/>\n<meta property=\"article:modified_time\" content=\"2023-03-13T13:32:02+00:00\" \/>\n<meta name=\"twitter:card\" content=\"summary_large_image\" \/>\n<meta name=\"twitter:label1\" content=\"Gesch\u00e4tzte Lesezeit\" \/>\n\t<meta name=\"twitter:data1\" content=\"4\u00a0Minuten\" \/>\n<script type=\"application\/ld+json\" class=\"yoast-schema-graph\">{\"@context\":\"https:\/\/schema.org\",\"@graph\":[{\"@type\":\"WebPage\",\"@id\":\"https:\/\/www.msr.ch\/de\/anwendungen\/datenlogger-museum\/\",\"url\":\"https:\/\/www.msr.ch\/de\/anwendungen\/datenlogger-museum\/\",\"name\":\"Datenlogger f\u00fcr Museum, Konservierung | Kundenberichte MSR\",\"isPartOf\":{\"@id\":\"https:\/\/www.msr.ch\/de\/#website\"},\"datePublished\":\"2022-05-24T09:31:12+00:00\",\"dateModified\":\"2023-03-13T13:32:02+00:00\",\"description\":\"MSR Datenlogger f\u00fcr Museen, Archive, Galerien, Konservierung: Klima \u00fcberwachen \u00b7 Transportbelastungen ermitteln \u00b7 Verpackungen optimieren. Kundenberichte\",\"breadcrumb\":{\"@id\":\"https:\/\/www.msr.ch\/de\/anwendungen\/datenlogger-museum\/#breadcrumb\"},\"inLanguage\":\"de\",\"potentialAction\":[{\"@type\":\"ReadAction\",\"target\":[\"https:\/\/www.msr.ch\/de\/anwendungen\/datenlogger-museum\/\"]}]},{\"@type\":\"BreadcrumbList\",\"@id\":\"https:\/\/www.msr.ch\/de\/anwendungen\/datenlogger-museum\/#breadcrumb\",\"itemListElement\":[{\"@type\":\"ListItem\",\"position\":1,\"name\":\"Home\",\"item\":\"https:\/\/www.msr.ch\/de\/\"},{\"@type\":\"ListItem\",\"position\":2,\"name\":\"Anwendungen\",\"item\":\"https:\/\/www.msr.ch\/de\/anwendungen\/\"},{\"@type\":\"ListItem\",\"position\":3,\"name\":\"Datenlogger f\u00fcr Museen, Archive, Kunsttransporte\"}]},{\"@type\":\"WebSite\",\"@id\":\"https:\/\/www.msr.ch\/de\/#website\",\"url\":\"https:\/\/www.msr.ch\/de\/\",\"name\":\"MSR Datenlogger\",\"description\":\"MSR Electronics GmbH\",\"potentialAction\":[{\"@type\":\"SearchAction\",\"target\":{\"@type\":\"EntryPoint\",\"urlTemplate\":\"https:\/\/www.msr.ch\/de\/?s={search_term_string}\"},\"query-input\":\"required name=search_term_string\"}],\"inLanguage\":\"de\"}]}<\/script>\n<!-- \/ Yoast SEO plugin. -->","yoast_head_json":{"title":"Datenlogger f\u00fcr Museum, Konservierung | Kundenberichte MSR","description":"MSR Datenlogger f\u00fcr Museen, Archive, Galerien, Konservierung: Klima \u00fcberwachen \u00b7 Transportbelastungen ermitteln \u00b7 Verpackungen optimieren. Kundenberichte","robots":{"index":"index","follow":"follow","max-snippet":"max-snippet:-1","max-image-preview":"max-image-preview:large","max-video-preview":"max-video-preview:-1"},"canonical":"https:\/\/www.msr.ch\/de\/anwendungen\/datenlogger-museum\/","og_locale":"de_DE","og_type":"article","og_title":"Datenlogger f\u00fcr Museum, Konservierung | Kundenberichte MSR","og_description":"MSR Datenlogger f\u00fcr Museen, Archive, Galerien, Konservierung: Klima \u00fcberwachen \u00b7 Transportbelastungen ermitteln \u00b7 Verpackungen optimieren. Kundenberichte","og_url":"https:\/\/www.msr.ch\/de\/anwendungen\/datenlogger-museum\/","og_site_name":"DE MSR Datenlogger","article_publisher":"https:\/\/www.facebook.com\/datenlogger.msr\/","article_modified_time":"2023-03-13T13:32:02+00:00","twitter_card":"summary_large_image","twitter_misc":{"Gesch\u00e4tzte Lesezeit":"4\u00a0Minuten"},"schema":{"@context":"https:\/\/schema.org","@graph":[{"@type":"WebPage","@id":"https:\/\/www.msr.ch\/de\/anwendungen\/datenlogger-museum\/","url":"https:\/\/www.msr.ch\/de\/anwendungen\/datenlogger-museum\/","name":"Datenlogger f\u00fcr Museum, Konservierung | Kundenberichte MSR","isPartOf":{"@id":"https:\/\/www.msr.ch\/de\/#website"},"datePublished":"2022-05-24T09:31:12+00:00","dateModified":"2023-03-13T13:32:02+00:00","description":"MSR Datenlogger f\u00fcr Museen, Archive, Galerien, Konservierung: Klima \u00fcberwachen \u00b7 Transportbelastungen ermitteln \u00b7 Verpackungen optimieren. Kundenberichte","breadcrumb":{"@id":"https:\/\/www.msr.ch\/de\/anwendungen\/datenlogger-museum\/#breadcrumb"},"inLanguage":"de","potentialAction":[{"@type":"ReadAction","target":["https:\/\/www.msr.ch\/de\/anwendungen\/datenlogger-museum\/"]}]},{"@type":"BreadcrumbList","@id":"https:\/\/www.msr.ch\/de\/anwendungen\/datenlogger-museum\/#breadcrumb","itemListElement":[{"@type":"ListItem","position":1,"name":"Home","item":"https:\/\/www.msr.ch\/de\/"},{"@type":"ListItem","position":2,"name":"Anwendungen","item":"https:\/\/www.msr.ch\/de\/anwendungen\/"},{"@type":"ListItem","position":3,"name":"Datenlogger f\u00fcr Museen, Archive, Kunsttransporte"}]},{"@type":"WebSite","@id":"https:\/\/www.msr.ch\/de\/#website","url":"https:\/\/www.msr.ch\/de\/","name":"MSR Datenlogger","description":"MSR Electronics GmbH","potentialAction":[{"@type":"SearchAction","target":{"@type":"EntryPoint","urlTemplate":"https:\/\/www.msr.ch\/de\/?s={search_term_string}"},"query-input":"required name=search_term_string"}],"inLanguage":"de"}]}},"_links":{"self":[{"href":"https:\/\/www.msr.ch\/de\/wp-json\/wp\/v2\/pages\/8906"}],"collection":[{"href":"https:\/\/www.msr.ch\/de\/wp-json\/wp\/v2\/pages"}],"about":[{"href":"https:\/\/www.msr.ch\/de\/wp-json\/wp\/v2\/types\/page"}],"author":[{"embeddable":true,"href":"https:\/\/www.msr.ch\/de\/wp-json\/wp\/v2\/users\/1"}],"replies":[{"embeddable":true,"href":"https:\/\/www.msr.ch\/de\/wp-json\/wp\/v2\/comments?post=8906"}],"version-history":[{"count":53,"href":"https:\/\/www.msr.ch\/de\/wp-json\/wp\/v2\/pages\/8906\/revisions"}],"predecessor-version":[{"id":12038,"href":"https:\/\/www.msr.ch\/de\/wp-json\/wp\/v2\/pages\/8906\/revisions\/12038"}],"up":[{"embeddable":true,"href":"https:\/\/www.msr.ch\/de\/wp-json\/wp\/v2\/pages\/7572"}],"wp:attachment":[{"href":"https:\/\/www.msr.ch\/de\/wp-json\/wp\/v2\/media?parent=8906"}],"curies":[{"name":"wp","href":"https:\/\/api.w.org\/{rel}","templated":true}]}}