{"id":8914,"date":"2022-05-24T11:55:58","date_gmt":"2022-05-24T11:55:58","guid":{"rendered":"https:\/\/karabeg.xyz\/de\/?page_id=8914"},"modified":"2024-05-24T09:03:36","modified_gmt":"2024-05-24T09:03:37","slug":"datenlogger-klima","status":"publish","type":"page","link":"https:\/\/www.msr.ch\/de\/anwendungen\/datenlogger-klima\/","title":{"rendered":"Datenlogger f\u00fcr Klima, Umwelt"},"content":{"rendered":"<div class=\"wpb-content-wrapper\"><p>[vc_row full_width=&#8220;stretch_row&#8220; css=&#8220;.vc_custom_1649666349533{background-image: url(\/images\/Slider_leer.jpg?id=2590) !important;}&#8220;][vc_column width=&#8220;1\/2&#8243;][vc_single_image image=&#8220;2912&#8243; img_size=&#8220;full&#8220; alignment=&#8220;center&#8220;][\/vc_column][vc_column width=&#8220;1\/2&#8243;][vc_empty_space height=&#8220;80px&#8220; el_class=&#8220;hide-on-small&#8220;][vc_column_text]<\/p>\n<p style=\"text-align: right;\"><strong><span style=\"font-size: 24px;\"><span style=\"color: #333333;\">\u00abWir entwickeln unsere Datenlogger kontinuierlich weiter, um Ihnen die bestm\u00f6gliche L\u00f6sung zur Klimakontrolle anbieten zu k\u00f6nnen<\/span><\/span><span style=\"font-size: 24px;\"><span style=\"color: #333333;\">.<\/span><span style=\"color: #333333;\">\u00bb<\/span><\/span><\/strong><\/p>\n<p style=\"text-align: right;\"><span style=\"font-size: 18px;\">Lada Egli, Dipl. El.-Ing., Produktionsleiterin, MSR Electronics GmbH<\/span><\/p>\n<p>[\/vc_column_text][\/vc_column][\/vc_row][vc_row full_width=&#8220;stretch_row&#8220;][vc_column][vc_column_text]<\/p>\n<h1 class=\"entry-title\">Datenlogger zur Klima\u00fcberwachung<\/h1>\n<h2><span style=\"color: #333333;\">\u00dcberwachen und Dokumentieren von Temperatur, Luftfeuchtigkeit und Luftdruck, z.B. <\/span><span style=\"color: #333333;\">w\u00e4hrend Transport oder Lagerung empfindlicher G\u00fcter \u00b7 Ursachenermittlung bei Feuchtesch\u00e4den \u00b7 Klima\u00fcberwachung in Museen, Archiven, Gallerien \u00b7 Ermitteln von Energie-Einsparpotenzial<\/span><\/h2>\n<p>Die in verschiedenen Ausf\u00fchrungen erh\u00e4ltlichen MSR Datenlogger und Mess-Systeme erfassen Klimadaten wie Temperatur, Luftfeuchtigkeit und Luftdruck zuverl\u00e4ssig und \u00fcber lange Zeitr\u00e4ume hinweg. Je nach gew\u00e4hltem Datenlogger-Typ k\u00f6nnen die Messdaten via Funk-Technologie von verschiedenen Messpunkten und auch an unzug\u00e4nglichen Orten wie an Decken von hohen R\u00e4umen, in Vitrinen von Exponaten oder an arbeitenden Maschinen aufgezeichnet und aus der Ferne \u00fcberwacht werden.[\/vc_column_text][vc_message color=&#8220;info&#8220;]MSR Datenlogger erf\u00fcllen versch\u00e4rfte <a href=\"\/de\/support\/faq\/\" rel=\"noopener\">Luftfracht-Sicherheitsbedingungen.<\/a>[\/vc_message][\/vc_column][\/vc_row][vc_row full_width=&#8220;stretch_row&#8220;][vc_column][vc_empty_space][\/vc_column][\/vc_row][vc_row full_width=&#8220;stretch_row&#8220; css=&#8220;.vc_custom_1655382326040{background-color: #f8f9f9 !important;}&#8220;][vc_column][vc_column_text]<\/p>\n<h2>Diese Klima-Datenlogger sollten Sie sich genauer ansehen:<\/h2>\n<p>[\/vc_column_text][vc_carousel_father speed=&#8220;5000&#8243; spaces=&#8220;5&#8243; slide_visible=&#8220;4&#8243; tabs=&#8220;2&#8243; slide_visible_mbl=&#8220;2&#8243; arrowclr=&#8220;#a3a3a3&#8243; arrowsize=&#8220;&#8220; dotclr=&#8220;#a3a3a3&#8243; dotposition=&#8220;-5&#8243;][vc_carousel_son img_radius=&#8220;&#8220; titlesize=&#8220;24&#8243; btn_visibility=&#8220;show&#8220; btn_size=&#8220;14&#8243; btn_bg=&#8220;#0033cc&#8220; image_id=&#8220;2523&#8243; alt=&#8220;MSR145 Universal-Datenlogger Lebensmittelindustrie&#8220; title=&#8220;MSR385WD&#8220; contain_url=&#8220;https:\/\/www.msr.ch\/de\/produkt\/pdf-datenlogger-msr-budgetline\/&#8220; titleclr=&#8220;#0033cc&#8220; btn_text=&#8220;MEHR&#8220; btn_url=&#8220;url:%2Fde%2Fprodukt%2Ffunkdatenlogger-temperatur-feuchte-msr385wd%2F|title:MSR385WD%3A%20Datenlogger%20mit%20Funk%C3%BCbertragung%20%E2%80%93%20LTE%2FGSM-%2FLAN-Terminal%20zur%20Fern%C3%BCberwachung&#8220; caption_url=&#8220;url:%2Fde%2Fprodukt%2Ffunkdatenlogger-temperatur-feuchte-msr385wd%2F|title:MSR385WD%3A%20Datenlogger%20mit%20Funk%C3%BCbertragung%20%E2%80%93%20LTE%2FGSM-%2FLAN-Terminal%20zur%20Fern%C3%BCberwachung&#8220; img_alt=&#8220;Funk-Datenlogger MSR385WD mit LTE\/GSM&#8220;]<\/p>\n<p style=\"text-align: center;\"><span style=\"color: #333333;\">Wireless-Mess-System \u00b7 Sendemodule f\u00fcr Temp., Feuchte, Druck, Betriebstemp. bis 125 \u00b0C \u00b7 LTE\/GSM-\/LAN-Terminal <\/span><\/p>\n<p>[\/vc_carousel_son][vc_carousel_son img_radius=&#8220;&#8220; titlesize=&#8220;24&#8243; btn_visibility=&#8220;show&#8220; btn_size=&#8220;&#8220; btn_bg=&#8220;#0033cc&#8220; image_id=&#8220;2801&#8243; alt=&#8220;MSR BudgetLine Daten Logger Lebensmittelindustrie&#8220; title=&#8220;MSR BudgetLine&#8220; contain_url=&#8220;https:\/\/www.msr.ch\/de\/produkt\/pdf-datenlogger-msr-budgetline\/&#8220; titleclr=&#8220;#0033cc&#8220; btn_text=&#8220;MEHR&#8220; btn_url=&#8220;url:%2Fde%2Fprodukt%2Fpdf-datenlogger-msr-budgetline%2F|title:MSR%20BudgetLine%3A%20PDF-Datenlogger%20f%C3%BCr%20Temperatur%20und%20Luftfeuchtigkeit&#8220; img_alt=&#8220;Klima-Datenlogger MSR BudgetLine&#8220; caption_url=&#8220;url:%2Fde%2Fprodukt%2Fpdf-datenlogger-msr-budgetline%2F|title:MSR%20BudgetLine%3A%20PDF-Datenlogger%20f%C3%BCr%20Temperatur%20und%20Luftfeuchtigkeit&#8220;]<\/p>\n<p style=\"text-align: center;\"><span style=\"color: #333333; font-size: 14px;\">preisg\u00fcnstige Mehrweg-Datenlogger \u00b7 Temperatur, Luftfeuchtigkeit \u00b7 PDF-Report \u00b7 DIN12830, 21 CFR Part11-konform <\/span><\/p>\n<p>[\/vc_carousel_son][vc_carousel_son img_radius=&#8220;&#8220; titlesize=&#8220;24&#8243; btn_visibility=&#8220;show&#8220; btn_size=&#8220;14&#8243; btn_bg=&#8220;#0033cc&#8220; image_id=&#8220;2519&#8243; alt=&#8220;MSR145WD Datenlogger Lebensmittelindustrie&#8220; title=&#8220;MSR145WD&#8220; contain_url=&#8220;https:\/\/www.msr.ch\/de\/produkt\/pdf-datenlogger-msr-budgetline\/&#8220; titleclr=&#8220;#0033cc&#8220; btn_text=&#8220;MEHR&#8220; btn_url=&#8220;url:%2Fde%2Fprodukt%2Ffunk-datenlogger-msr145wd-bluetooth%2F|title:MSR145WD%20Funk-Datenlogger%20mit%20Bluetooth%20Low%20Energy%20(BLE)&#8220; img_alt=&#8220;Klima-Datenlogger MSR145WD mit Bluetooth&#8220; caption_url=&#8220;url:%2Fde%2Fprodukt%2Ffunk-datenlogger-msr145wd-bluetooth%2F|title:MSR145WD%20Funk-Datenlogger%20mit%20Bluetooth%20Low%20Energy%20(BLE)&#8220;]<\/p>\n<p style=\"text-align: center;\"><span style=\"color: #333333; font-size: 14px;\">Datenlogger mit Bluetooth \u00b7 Temperatur, Feuchte u.v.m \u00b7 1 Mio. Messwerte \u00b7 MSR DataLogger App \u00b7 MSR SmartCloud<\/span><\/p>\n<p>[\/vc_carousel_son][vc_carousel_son img_radius=&#8220;&#8220; titlesize=&#8220;24&#8243; btn_visibility=&#8220;show&#8220; btn_size=&#8220;14&#8243; btn_bg=&#8220;#0033cc&#8220; image_id=&#8220;2519&#8243; alt=&#8220;MSR145 Universal-Datenlogger Lebensmittelindustrie&#8220; title=&#8220;MSR145W2D&#8220; contain_url=&#8220;https:\/\/www.msr.ch\/de\/produkt\/pdf-datenlogger-msr-budgetline\/&#8220; titleclr=&#8220;#0033cc&#8220; btn_text=&#8220;MEHR&#8220; btn_url=&#8220;url:%2Fde%2Fprodukt%2Fwlan-datenlogger-msr145w2d%2F|title:WLAN-Datenlogger%20MSR145W2D%20&#8243; img_alt=&#8220;WLAN-Datenlogger f\u00fcr Klimamessungen, MSR145W2D&#8220; caption_url=&#8220;url:%2Fde%2Fprodukt%2Fwlan-datenlogger-msr145w2d%2F|title:MSR145W2D%20WLAN-Datenlogger%20Klimamessungen&#8220;]<\/p>\n<p style=\"text-align: center;\"><span style=\"color: #333333; font-size: 14px;\">Datenlogger mit WLAN \u00b7 Temperatur, Feuchte u.v.m \u00b7 1 Mio. Messwerte Speicher \u00b7 MSR SmartCloud<\/span><\/p>\n<p>[\/vc_carousel_son][vc_carousel_son img_radius=&#8220;&#8220; titlesize=&#8220;24&#8243; btn_visibility=&#8220;show&#8220; btn_size=&#8220;14&#8243; btn_bg=&#8220;#0033cc&#8220; image_id=&#8220;2515&#8243; alt=&#8220;MSR145 Universal-Datenlogger Lebensmittelindustrie&#8220; title=&#8220;MSR145&#8243; contain_url=&#8220;https:\/\/www.msr.ch\/de\/produkt\/pdf-datenlogger-msr-budgetline\/&#8220; titleclr=&#8220;#0033cc&#8220; btn_text=&#8220;MEHR&#8220; btn_url=&#8220;https:\/\/www.msr.ch\/de\/produkt\/datenlogger-temperatur-feuchte-druck-beschleunigung-msr145\/&#8220; caption_url=&#8220;url:%2Fde%2Fprodukt%2Fdatenlogger-temperatur-feuchte-druck-beschleunigung-msr145%2F|title:MSR145%3A%20Datenlogger%20f%C3%BCr%20Temperatur%2C%20Feuchte%2C%20Luft-%2C%20Fl%C3%BCssigkeitsdruck%2C%20Beschleunigung%2C%20Licht&#8220; img_alt=&#8220;Universal-Datenlogger MSR145&#8243;]<\/p>\n<p style=\"text-align: center;\"><span style=\"color: #333333; font-size: 14px;\">Universal-Datenlogger <span style=\"color: #333333;\">\u00b7 <\/span><span style=\"color: #333333;\">grosse Auswahl an Sensoren \u00b7\u00a0 mit SD-Karte 1 Mrd. Messwerte Speicher<\/span><\/span><\/p>\n<p>[\/vc_carousel_son][vc_carousel_son img_radius=&#8220;&#8220; titlesize=&#8220;24&#8243; btn_visibility=&#8220;show&#8220; btn_size=&#8220;14&#8243; btn_bg=&#8220;#0033cc&#8220; image_id=&#8220;2522&#8243; alt=&#8220;MSR145 Universal-Datenlogger Lebensmittelindustrie&#8220; title=&#8220;MSR147WD&#8220; contain_url=&#8220;https:\/\/www.msr.ch\/de\/produkt\/pdf-datenlogger-msr-budgetline\/&#8220; titleclr=&#8220;#0033cc&#8220; btn_text=&#8220;MEHR&#8220; btn_url=&#8220;url:%2Fde%2Fprodukt%2Ffunkdatenlogger-temperatur-feuchtigkeit-msr147wd%2F|title:MSR147WD%3A%20Funk-Datenlogger%20(Bluetooth)%20mit%20steckbaren%20Feuchte-%20und%20Temperatursensoren&#8220; caption_url=&#8220;url:%2Fde%2Fprodukt%2Ffunkdatenlogger-temperatur-feuchtigkeit-msr147wd%2F|title:MSR147WD%3A%20Funk-Datenlogger%20(Bluetooth)%20mit%20steckbaren%20Feuchte-%20und%20Temperatursensoren&#8220; img_alt=&#8220;Bluetooth-Datenlogger MSR147WD mit steckbaren Temperatur- und Feuchtesensoren&#8220;]<\/p>\n<p style=\"text-align: center;\"><span style=\"color: #333333; font-size: 14px;\"><span style=\"color: #333333;\">Bluetooth-Datenlogger \u00b7 5 Anschl\u00fcsse f\u00fcr steckbare Temperatur-\/Feuchtesensoren \u00b7 MSR DataLogger App \u00b7 MSR SmartCloud<\/span><\/span><\/p>\n<p>[\/vc_carousel_son][vc_carousel_son img_radius=&#8220;&#8220; titlesize=&#8220;24&#8243; btn_visibility=&#8220;show&#8220; btn_size=&#8220;14&#8243; btn_bg=&#8220;#0033cc&#8220; image_id=&#8220;2522&#8243; alt=&#8220;MSR145 Universal-Datenlogger Lebensmittelindustrie&#8220; title=&#8220;MSR147W2D&#8220; contain_url=&#8220;https:\/\/www.msr.ch\/de\/produkt\/pdf-datenlogger-msr-budgetline\/&#8220; titleclr=&#8220;#0033cc&#8220; btn_text=&#8220;MEHR&#8220; btn_url=&#8220;url:%2Fde%2Fprodukt%2Fwlan-datenlogger-temperatur-feuchte-msr147w2d%2F|title:MSR147W2D%3A%20Funk-Datenlogger%20(WLAN)%20mit%20steckbaren%20Feuchte-%20und%20Temperatursensoren&#8220; caption_url=&#8220;url:%2Fde%2Fprodukt%2Fwlan-datenlogger-temperatur-feuchte-msr147w2d%2F|title:MSR147W2D%20WLAN-Datenlogger%20mit%20steckbaren%20Temperatur-%20und%20Feuchtesensoren&#8220; img_alt=&#8220;WLAN-Datenlogger MSR147W2D mit steckbaren Temperatur- und Feuchtesensoren&#8220;]<\/p>\n<p style=\"text-align: center;\"><span style=\"color: #333333; font-size: 14px;\">WLAN-Datenlogger \u00b7 5 Anschl\u00fcsse f\u00fcr steckbare Temperatur-\/Feuchtesensoren \u00b7 MSR Local Cloud \u00b7 MSR SmartCloud<\/span><\/p>\n<p>[\/vc_carousel_son][\/vc_carousel_father][\/vc_column][\/vc_row][vc_row full_width=&#8220;stretch_row&#8220;][vc_column][vc_empty_space][\/vc_column][\/vc_row][vc_row full_width=&#8220;stretch_row&#8220; css=&#8220;.vc_custom_1646385559538{background-color: #0033cc !important;}&#8220;][vc_column][vc_cta h2=&#8220;Den passenden Datenlogger nicht gefunden? Nutzen Sie unsere Schnellsuche!&#8220; h2_font_container=&#8220;tag:h2|text_align:left|color:%230033cc&#8220; h2_use_theme_fonts=&#8220;yes&#8220; add_button=&#8220;right&#8220; btn_title=&#8220;Schnellsuche&#8220; use_custom_fonts_h2=&#8220;true&#8220; h2_link=&#8220;url:%2Fde%2Fprodukt%2Fdatenlogger%2F|title:Schnell%20den%20passenden%20Datenlogger%20finden&#8220; btn_link=&#8220;url:%2Fde%2Fprodukt%2Fdatenlogger%2F|title:Schnell%20den%20passenden%20Datenlogger%20finden&#8220;]W\u00e4hlen Sie Messgr\u00f6ssen, Mess-\/Speicherrate, Betriebstemperatur, Ger\u00e4tedimension u.v.m.[\/vc_cta][\/vc_column][\/vc_row][vc_row full_width=&#8220;stretch_row&#8220;][vc_column][vc_empty_space][\/vc_column][\/vc_row][vc_row full_width=&#8220;stretch_row&#8220; css=&#8220;.vc_custom_1655382467216{background-color: #f8f9f9 !important;}&#8220;][vc_column][msrwpbportfoliobyid recent_title=&#8220;MSR Klima-Datenlogger im Einsatz \u2013 Kundenberichte aus der Praxis&#8220; number_in_row=&#8220;4&#8243; post_ids=&#8220;10353,10346,10355,10360,11837,12125,12133,13089&#8243; title_color=&#8220;#0033cc&#8220; item_text_color=&#8220;#ffffff&#8220; item_title_color=&#8220;#ffffff&#8220;][\/vc_column][\/vc_row][vc_row][vc_column][vc_empty_space][\/vc_column][\/vc_row][vc_row][vc_column width=&#8220;1\/2&#8243;][vc_cta h2=&#8220;\u00dcberlassen Sie die Wahl Ihres Datenloggers nicht dem Zufall.&#8220; h2_font_container=&#8220;tag:h2|text_align:left|color:%230033cc&#8220; h2_use_theme_fonts=&#8220;yes&#8220; h4=&#8220;Nutzen Sie unsere Erfahrung und Kompetenz.&#8220; add_button=&#8220;right&#8220; btn_title=&#8220;Kontakt&#8220; use_custom_fonts_h2=&#8220;true&#8220; h2_link=&#8220;url:%2Fde%2Fkontakt%2F|title:Kontakt%20MSR%20Datenlogger&#8220; btn_link=&#8220;url:%2Fde%2Fkontakt%2F|title:Kontakt%20MSR%20Datenlogger&#8220; el_class=&#8220;grey-subline&#8220; css=&#8220;.vc_custom_1656495996964{margin-top: 18px !important;}&#8220;]F\u00fcr eine pers\u00f6nliche Beratung stehen Ihnen \u00fcber 90 MSR-Vertriebspartner in weltweit mehr als 50 L\u00e4ndern zur Verf\u00fcgung.[\/vc_cta][\/vc_column][vc_column width=&#8220;1\/2&#8243;][msrnewslettersub newslettersub_img=&#8220;2634&#8243;][\/vc_column][\/vc_row][vc_row][vc_column][vc_empty_space][\/vc_column][\/vc_row]<\/p>\n<\/div>","protected":false},"excerpt":{"rendered":"<p>[vc_row full_width=&#8220;stretch_row&#8220; css=&#8220;.vc_custom_1649666349533{background-image: url(\/images\/Slider_leer.jpg?id=2590) !important;}&#8220;][vc_column width=&#8220;1\/2&#8243;][vc_single_image image=&#8220;2912&#8243; img_size=&#8220;full&#8220; alignment=&#8220;center&#8220;][\/vc_column][vc_column width=&#8220;1\/2&#8243;][vc_empty_space height=&#8220;80px&#8220; el_class=&#8220;hide-on-small&#8220;][vc_column_text] \u00abWir entwickeln unsere Datenlogger kontinuierlich weiter, um Ihnen die bestm\u00f6gliche L\u00f6sung zur Klimakontrolle anbieten zu k\u00f6nnen.\u00bb Lada Egli, Dipl. El.-Ing., Produktionsleiterin, MSR Electronics GmbH [\/vc_column_text][\/vc_column][\/vc_row][vc_row full_width=&#8220;stretch_row&#8220;][vc_column][vc_column_text] Datenlogger zur &hellip;<\/p>\n","protected":false},"author":1,"featured_media":0,"parent":7572,"menu_order":0,"comment_status":"closed","ping_status":"closed","template":"","meta":{"footnotes":""},"yoast_head":"<!-- This site is optimized with the Yoast SEO plugin v22.9 - https:\/\/yoast.com\/wordpress\/plugins\/seo\/ -->\n<title>Datenlogger zur Klima\u00fcberwachung, Temperatur, Luftfeuchtigkeit | MSR<\/title>\n<meta name=\"description\" content=\"MSR Datenlogger zur Klima\u00fcberwachung messen und dokumentieren zuverl\u00e4ssig Temperatur und Feuchte in Innenr\u00e4umen, Klimawerte bei Transport\" \/>\n<meta name=\"robots\" content=\"index, follow, max-snippet:-1, max-image-preview:large, max-video-preview:-1\" \/>\n<link rel=\"canonical\" href=\"https:\/\/www.msr.ch\/de\/anwendungen\/datenlogger-klima\/\" \/>\n<meta property=\"og:locale\" content=\"de_DE\" \/>\n<meta property=\"og:type\" content=\"article\" \/>\n<meta property=\"og:title\" content=\"Datenlogger zur Klima\u00fcberwachung, Temperatur, Luftfeuchtigkeit | MSR\" \/>\n<meta property=\"og:description\" content=\"MSR Datenlogger zur Klima\u00fcberwachung messen und dokumentieren zuverl\u00e4ssig Temperatur und Feuchte in Innenr\u00e4umen, Klimawerte bei Transport\" \/>\n<meta property=\"og:url\" content=\"https:\/\/www.msr.ch\/de\/anwendungen\/datenlogger-klima\/\" \/>\n<meta property=\"og:site_name\" content=\"DE MSR Datenlogger\" \/>\n<meta property=\"article:publisher\" content=\"https:\/\/www.facebook.com\/datenlogger.msr\/\" \/>\n<meta property=\"article:modified_time\" content=\"2024-05-24T09:03:37+00:00\" \/>\n<meta name=\"twitter:card\" content=\"summary_large_image\" \/>\n<meta name=\"twitter:label1\" content=\"Gesch\u00e4tzte Lesezeit\" \/>\n\t<meta name=\"twitter:data1\" content=\"3\u00a0Minuten\" \/>\n<script type=\"application\/ld+json\" class=\"yoast-schema-graph\">{\"@context\":\"https:\/\/schema.org\",\"@graph\":[{\"@type\":\"WebPage\",\"@id\":\"https:\/\/www.msr.ch\/de\/anwendungen\/datenlogger-klima\/\",\"url\":\"https:\/\/www.msr.ch\/de\/anwendungen\/datenlogger-klima\/\",\"name\":\"Datenlogger zur Klima\u00fcberwachung, Temperatur, Luftfeuchtigkeit | MSR\",\"isPartOf\":{\"@id\":\"https:\/\/www.msr.ch\/de\/#website\"},\"datePublished\":\"2022-05-24T11:55:58+00:00\",\"dateModified\":\"2024-05-24T09:03:37+00:00\",\"description\":\"MSR Datenlogger zur Klima\u00fcberwachung messen und dokumentieren zuverl\u00e4ssig Temperatur und Feuchte in Innenr\u00e4umen, Klimawerte bei Transport\",\"breadcrumb\":{\"@id\":\"https:\/\/www.msr.ch\/de\/anwendungen\/datenlogger-klima\/#breadcrumb\"},\"inLanguage\":\"de\",\"potentialAction\":[{\"@type\":\"ReadAction\",\"target\":[\"https:\/\/www.msr.ch\/de\/anwendungen\/datenlogger-klima\/\"]}]},{\"@type\":\"BreadcrumbList\",\"@id\":\"https:\/\/www.msr.ch\/de\/anwendungen\/datenlogger-klima\/#breadcrumb\",\"itemListElement\":[{\"@type\":\"ListItem\",\"position\":1,\"name\":\"Home\",\"item\":\"https:\/\/www.msr.ch\/de\/\"},{\"@type\":\"ListItem\",\"position\":2,\"name\":\"Anwendungen\",\"item\":\"https:\/\/www.msr.ch\/de\/anwendungen\/\"},{\"@type\":\"ListItem\",\"position\":3,\"name\":\"Datenlogger f\u00fcr Klima, Umwelt\"}]},{\"@type\":\"WebSite\",\"@id\":\"https:\/\/www.msr.ch\/de\/#website\",\"url\":\"https:\/\/www.msr.ch\/de\/\",\"name\":\"MSR Datenlogger\",\"description\":\"MSR Electronics GmbH\",\"potentialAction\":[{\"@type\":\"SearchAction\",\"target\":{\"@type\":\"EntryPoint\",\"urlTemplate\":\"https:\/\/www.msr.ch\/de\/?s={search_term_string}\"},\"query-input\":\"required name=search_term_string\"}],\"inLanguage\":\"de\"}]}<\/script>\n<!-- \/ Yoast SEO plugin. -->","yoast_head_json":{"title":"Datenlogger zur Klima\u00fcberwachung, Temperatur, Luftfeuchtigkeit | MSR","description":"MSR Datenlogger zur Klima\u00fcberwachung messen und dokumentieren zuverl\u00e4ssig Temperatur und Feuchte in Innenr\u00e4umen, Klimawerte bei Transport","robots":{"index":"index","follow":"follow","max-snippet":"max-snippet:-1","max-image-preview":"max-image-preview:large","max-video-preview":"max-video-preview:-1"},"canonical":"https:\/\/www.msr.ch\/de\/anwendungen\/datenlogger-klima\/","og_locale":"de_DE","og_type":"article","og_title":"Datenlogger zur Klima\u00fcberwachung, Temperatur, Luftfeuchtigkeit | MSR","og_description":"MSR Datenlogger zur Klima\u00fcberwachung messen und dokumentieren zuverl\u00e4ssig Temperatur und Feuchte in Innenr\u00e4umen, Klimawerte bei Transport","og_url":"https:\/\/www.msr.ch\/de\/anwendungen\/datenlogger-klima\/","og_site_name":"DE MSR Datenlogger","article_publisher":"https:\/\/www.facebook.com\/datenlogger.msr\/","article_modified_time":"2024-05-24T09:03:37+00:00","twitter_card":"summary_large_image","twitter_misc":{"Gesch\u00e4tzte Lesezeit":"3\u00a0Minuten"},"schema":{"@context":"https:\/\/schema.org","@graph":[{"@type":"WebPage","@id":"https:\/\/www.msr.ch\/de\/anwendungen\/datenlogger-klima\/","url":"https:\/\/www.msr.ch\/de\/anwendungen\/datenlogger-klima\/","name":"Datenlogger zur Klima\u00fcberwachung, Temperatur, Luftfeuchtigkeit | MSR","isPartOf":{"@id":"https:\/\/www.msr.ch\/de\/#website"},"datePublished":"2022-05-24T11:55:58+00:00","dateModified":"2024-05-24T09:03:37+00:00","description":"MSR Datenlogger zur Klima\u00fcberwachung messen und dokumentieren zuverl\u00e4ssig Temperatur und Feuchte in Innenr\u00e4umen, Klimawerte bei Transport","breadcrumb":{"@id":"https:\/\/www.msr.ch\/de\/anwendungen\/datenlogger-klima\/#breadcrumb"},"inLanguage":"de","potentialAction":[{"@type":"ReadAction","target":["https:\/\/www.msr.ch\/de\/anwendungen\/datenlogger-klima\/"]}]},{"@type":"BreadcrumbList","@id":"https:\/\/www.msr.ch\/de\/anwendungen\/datenlogger-klima\/#breadcrumb","itemListElement":[{"@type":"ListItem","position":1,"name":"Home","item":"https:\/\/www.msr.ch\/de\/"},{"@type":"ListItem","position":2,"name":"Anwendungen","item":"https:\/\/www.msr.ch\/de\/anwendungen\/"},{"@type":"ListItem","position":3,"name":"Datenlogger f\u00fcr Klima, Umwelt"}]},{"@type":"WebSite","@id":"https:\/\/www.msr.ch\/de\/#website","url":"https:\/\/www.msr.ch\/de\/","name":"MSR Datenlogger","description":"MSR Electronics GmbH","potentialAction":[{"@type":"SearchAction","target":{"@type":"EntryPoint","urlTemplate":"https:\/\/www.msr.ch\/de\/?s={search_term_string}"},"query-input":"required name=search_term_string"}],"inLanguage":"de"}]}},"_links":{"self":[{"href":"https:\/\/www.msr.ch\/de\/wp-json\/wp\/v2\/pages\/8914"}],"collection":[{"href":"https:\/\/www.msr.ch\/de\/wp-json\/wp\/v2\/pages"}],"about":[{"href":"https:\/\/www.msr.ch\/de\/wp-json\/wp\/v2\/types\/page"}],"author":[{"embeddable":true,"href":"https:\/\/www.msr.ch\/de\/wp-json\/wp\/v2\/users\/1"}],"replies":[{"embeddable":true,"href":"https:\/\/www.msr.ch\/de\/wp-json\/wp\/v2\/comments?post=8914"}],"version-history":[{"count":58,"href":"https:\/\/www.msr.ch\/de\/wp-json\/wp\/v2\/pages\/8914\/revisions"}],"predecessor-version":[{"id":13100,"href":"https:\/\/www.msr.ch\/de\/wp-json\/wp\/v2\/pages\/8914\/revisions\/13100"}],"up":[{"embeddable":true,"href":"https:\/\/www.msr.ch\/de\/wp-json\/wp\/v2\/pages\/7572"}],"wp:attachment":[{"href":"https:\/\/www.msr.ch\/de\/wp-json\/wp\/v2\/media?parent=8914"}],"curies":[{"name":"wp","href":"https:\/\/api.w.org\/{rel}","templated":true}]}}