{"id":8916,"date":"2022-05-24T11:57:45","date_gmt":"2022-05-24T11:57:45","guid":{"rendered":"https:\/\/karabeg.xyz\/de\/?page_id=8916"},"modified":"2023-02-10T15:50:28","modified_gmt":"2023-02-10T15:50:28","slug":"datenlogger-sport","status":"publish","type":"page","link":"https:\/\/www.msr.ch\/de\/anwendungen\/datenlogger-sport\/","title":{"rendered":"Datenlogger f\u00fcr die Sport- und Freizeitindustrie"},"content":{"rendered":"<div class=\"wpb-content-wrapper\"><p>[vc_row full_width=&#8220;stretch_row&#8220; css=&#8220;.vc_custom_1649666349533{background-image: url(\/images\/Slider_leer.jpg?id=2590) !important;}&#8220;][vc_column width=&#8220;1\/2&#8243;][vc_single_image image=&#8220;2722&#8243; img_size=&#8220;full&#8220; alignment=&#8220;center&#8220;][\/vc_column][vc_column width=&#8220;1\/2&#8243;][vc_empty_space height=&#8220;80px&#8220; el_class=&#8220;hide-on-small&#8220;][vc_column_text]<\/p>\n<p style=\"text-align: right;\"><span style=\"font-size: 24px;\"><span style=\"color: #333333;\"><strong>\u00abDer MSR Datenlogger war hilfreich beim Ermitteln der Belastungen, welche w\u00e4hrend des Skifahrens auf die Knie einwirken<\/strong><\/span><span style=\"color: #333333;\"><strong>.\u00bb<\/strong><\/span><\/span><\/p>\n<p style=\"text-align: right;\"><span style=\"font-size: 18px;\">Thea Waldleben, ehemalige Skirennfahrerin\u00a0<\/span><\/p>\n<p>[\/vc_column_text][\/vc_column][\/vc_row][vc_row full_width=&#8220;stretch_row&#8220;][vc_column][vc_column_text]<\/p>\n<h1 class=\"entry-title\">Datenlogger f\u00fcr die Sport- und Freizeitindustrie<\/h1>\n<h2><span style=\"color: #333333;\">Beschleunigungskr\u00e4fte ermitteln \u00b7 (bekleidungs-)physiologische Parameter wie Hauttemperatur und \u2013feuchte aufzeichnen \u00b7 Sicherheitstests<\/span><\/h2>\n<p>Unsere in der Schweiz hergestellten MSR Datenlogger messen, speichern und \u00fcberwachen physikalischen Messgr\u00f6ssen wie Temperatur, Feuchtigkeit, Luftdruck, St\u00f6sse und Licht. Sie k\u00f6nnen sich bei den meisten Datenlogger-Typen Ihr gew\u00fcnschtes Modelle aus verschiedenen Optionen zusammenstellen \u2013 Akku, interne oder externe Sensoren und Speicherkapazit\u00e4t sind frei w\u00e4hlbar.[\/vc_column_text][\/vc_column][\/vc_row][vc_row full_width=&#8220;stretch_row&#8220; css=&#8220;.vc_custom_1655458243057{background-color: #f8f9f9 !important;}&#8220;][vc_column][vc_column_text]<\/p>\n<h2>Diese Datenlogger sollten Sie sich genauer ansehen:<\/h2>\n<p>[\/vc_column_text][vc_carousel_father speed=&#8220;5000&#8243; spaces=&#8220;5&#8243; slide_visible=&#8220;4&#8243; tabs=&#8220;2&#8243; slide_visible_mbl=&#8220;2&#8243; arrowclr=&#8220;#a3a3a3&#8243; arrowsize=&#8220;&#8220; dotclr=&#8220;#a3a3a3&#8243; dotposition=&#8220;&#8220;][vc_carousel_son img_radius=&#8220;&#8220; titlesize=&#8220;24&#8243; btn_visibility=&#8220;show&#8220; btn_size=&#8220;&#8220; btn_bg=&#8220;#0033cc&#8220; image_id=&#8220;2522&#8243; alt=&#8220;MSR145WD Datenlogger Lebensmittelindustrie&#8220; title=&#8220;MSR147WD&#8220; contain_url=&#8220;https:\/\/www.msr.ch\/de\/produkt\/pdf-datenlogger-msr-budgetline\/&#8220; titleclr=&#8220;#0033cc&#8220; btn_text=&#8220;MEHR&#8220; btn_url=&#8220;url:%2Fde%2Fprodukt%2Ffunkdatenlogger-temperatur-feuchtigkeit-msr147wd%2F|title:MSR147WD%3A%20Funk-Datenlogger%20(Bluetooth)%20mit%20steckbaren%20Feuchte-%20und%20Temperatursensoren&#8220; img_alt=&#8220;MSR147WD Datenlogger mit Bluetooth und steckbaren Temperatur- und Feuchtsensoren&#8220; caption_url=&#8220;url:http%3A%2F%2Fde%2Fprodukt%2Ffunkdatenlogger-temperatur-feuchtigkeit-msr147wd%2F|title:MSR147WD%20Datenlogger%20mit%20Bluetooth&#8220;]<\/p>\n<p style=\"text-align: center;\"><span style=\"color: #333333; font-size: 14px;\">Bluetooth-Datenlogger \u00b7 5 Anschl\u00fcsse f\u00fcr steckbare Temperatur-\/Feuchtesensoren \u00b7 MSR DataLogger App\u00b7 MSR SmartCloud<\/span><\/p>\n<p>[\/vc_carousel_son][vc_carousel_son img_radius=&#8220;&#8220; titlesize=&#8220;24&#8243; btn_visibility=&#8220;show&#8220; btn_size=&#8220;&#8220; btn_bg=&#8220;#0033cc&#8220; image_id=&#8220;2522&#8243; alt=&#8220;MSR145WD Datenlogger Lebensmittelindustrie&#8220; title=&#8220;MSR147W2D&#8220; contain_url=&#8220;https:\/\/www.msr.ch\/de\/produkt\/pdf-datenlogger-msr-budgetline\/&#8220; titleclr=&#8220;#0033cc&#8220; btn_text=&#8220;MEHR&#8220; btn_url=&#8220;url:%2Fde%2Fprodukt%2Fwlan-datenlogger-temperatur-feuchte-msr147w2d%2F|title:MSR147W2D%3A%20Funk-Datenlogger%20(WLAN)%20mit%20steckbaren%20Feuchte-%20und%20Temperatursensoren&#8220; img_alt=&#8220;MSR147W2D Datenlogger mit WLAN und steckbaren Temperatur- und Feuchtsensoren&#8220; caption_url=&#8220;url:%2Fde%2Fprodukt%2Fwlan-datenlogger-temperatur-feuchte-msr147w2d%2F|title:MSR147W2D%3A%20Funk-Datenlogger%20(WLAN)%20mit%20steckbaren%20Feuchte-%20und%20Temperatursensoren&#8220;]<\/p>\n<p style=\"text-align: center;\"><span style=\"color: #333333; font-size: 14px;\">WLAN-Datenlogger \u00b7 5 Anschl\u00fcsse f\u00fcr steckbare Temperatur-\/Feuchtesensoren \u00b7 MSR LocalCloud \u00b7 MSR SmartCloud<\/span><\/p>\n<p>[\/vc_carousel_son][vc_carousel_son img_radius=&#8220;&#8220; titlesize=&#8220;24&#8243; btn_visibility=&#8220;show&#8220; btn_size=&#8220;&#8220; btn_bg=&#8220;#0033cc&#8220; image_id=&#8220;2518&#8243; alt=&#8220;MSR165 Beschleungigungs-Datenlogger Lebensmittelindustrie&#8220; title=&#8220;MSR165&#8243; contain_url=&#8220;https:\/\/www.msr.ch\/de\/produkt\/pdf-datenlogger-msr-budgetline\/&#8220; titleclr=&#8220;#0033cc&#8220; btn_text=&#8220;MEHR&#8220; btn_url=&#8220;url:%2Fde%2Fprodukt%2Fdatenlogger-schock-vibration-msr165%2F|title:Datenlogger%20f%C3%BCr%20Schock%2C%20Vibration%2C%20Stoss%3A%20MSR165&#8243; img_alt=&#8220;Vibrations-Datenlogger MSR165&#8243; caption_url=&#8220;url:%2Fde%2Fsupport%2Fmsr-software%2Fmsr-shockviewer-software%2F|title:MSR165%20ShockViewer%20Datenlogger-Software%20zur%20Analyse%20von%20Stossbelastungen&#8220;]<\/p>\n<p style=\"text-align: center;\"><span style=\"color: #333333; font-size: 14px;\">Vibrations- und Schock-Datenlogger, Beschleunigungssensor \u00b115 g od. \u00b1200 g \u00b7 1 Mrd. Messwerte Speicher<\/span><\/p>\n<p>[\/vc_carousel_son][vc_carousel_son img_radius=&#8220;&#8220; titlesize=&#8220;24&#8243; btn_visibility=&#8220;show&#8220; btn_size=&#8220;&#8220; btn_bg=&#8220;#0033cc&#8220; image_id=&#8220;2519&#8243; alt=&#8220;MSR145WD Datenlogger Lebensmittelindustrie&#8220; title=&#8220;MSR145WD&#8220; contain_url=&#8220;https:\/\/www.msr.ch\/de\/produkt\/pdf-datenlogger-msr-budgetline\/&#8220; titleclr=&#8220;#0033cc&#8220; btn_text=&#8220;MEHR&#8220; btn_url=&#8220;url:%2Fde%2Fprodukt%2Ffunk-datenlogger-msr145wd-bluetooth%2F|title:MSR145WD%20Funk-Datenlogger%20mit%20Bluetooth%20Low%20Energy%20(BLE)&#8220; img_alt=&#8220;Datenlogger mit Bluetooth MSR145WD&#8220; caption_url=&#8220;url:%2Fde%2Fprodukt%2Ffunk-datenlogger-msr145wd-bluetooth%2F|title:MSR145WD%20Funk-Datenlogger%20mit%20Bluetooth%20Low%20Energy%20(BLE)&#8220;]<\/p>\n<p style=\"text-align: center;\"><span style=\"color: #333333; font-size: 14px;\">Bluetooth-Datenlogger \u00b7 grosse Auswahl an Sensoren \u00b7 FlexSensoren \u00b7 1 Mio. Messwerte \u00b7 MSR DataLogger App<\/span><\/p>\n<p>[\/vc_carousel_son][vc_carousel_son img_radius=&#8220;&#8220; titlesize=&#8220;24&#8243; btn_visibility=&#8220;show&#8220; btn_size=&#8220;&#8220; btn_bg=&#8220;#0033cc&#8220; image_id=&#8220;2521&#8243; alt=&#8220;MSR145WD Datenlogger Lebensmittelindustrie&#8220; title=&#8220;MSR160&#8243; contain_url=&#8220;https:\/\/www.msr.ch\/de\/produkt\/pdf-datenlogger-msr-budgetline\/&#8220; titleclr=&#8220;#0033cc&#8220; btn_text=&#8220;MEHR&#8220; btn_url=&#8220;url:%2Fde%2Fprodukt%2Fdatenlogger-analoge-eingaenge-msr160%2F|title:MSR145W2D%20WLAN-Datenlogger&#8220; img_alt=&#8220;MSR160 Datenlogger mit 4 Analogeing\u00e4ngen&#8220; caption_url=&#8220;url:%2Fde%2Fprodukt%2Fdatenlogger-analoge-eingaenge-msr160%2F|title:MSR160%20Datenlogger%20mit%20analogen%20Eing%C3%A4ngen&#8220;]<\/p>\n<p style=\"text-align: center;\"><span style=\"color: #333333; font-size: 14px;\">Datenlogger mit 4 analogen Eing\u00e4ngen \u00b7 Messrate bis zu 1000\/s pro Kanal \u00b7 bis 1 Mrd. Messwerte Speicher<\/span><\/p>\n<p>[\/vc_carousel_son][vc_carousel_son img_radius=&#8220;&#8220; titlesize=&#8220;24&#8243; btn_visibility=&#8220;show&#8220; btn_size=&#8220;&#8220; btn_bg=&#8220;#0033cc&#8220; image_id=&#8220;2515&#8243; alt=&#8220;MSR145 Universal-Datenlogger Lebensmittelindustrie&#8220; title=&#8220;MSR145&#8243; contain_url=&#8220;https:\/\/www.msr.ch\/de\/produkt\/pdf-datenlogger-msr-budgetline\/&#8220; titleclr=&#8220;#0033cc&#8220; btn_text=&#8220;MEHR&#8220; btn_url=&#8220;url:%2Fde%2Fprodukt%2Fdatenlogger-temperatur-feuchte-druck-beschleunigung-msr145%2F|title:MSR145%3A%20Datenlogger%20f%C3%BCr%20Temperatur%2C%20Feuchte%2C%20Luft-%2C%20Fl%C3%BCssigkeitsdruck%2C%20Beschleunigung%2C%20Licht&#8220; img_alt=&#8220;Universal-Datenlogger MSR145&#8243; caption_url=&#8220;url:%2Fde%2Fprodukt%2Fdatenlogger-temperatur-feuchte-druck-beschleunigung-msr145%2F|title:MSR145%3A%20Datenlogger%20f%C3%BCr%20Temperatur%2C%20Feuchte%2C%20Luft-%2C%20Fl%C3%BCssigkeitsdruck%2C%20Beschleunigung%2C%20Licht&#8220;]<\/p>\n<p style=\"text-align: center;\"><span style=\"color: #333333; font-size: 14px;\">Mini-Universal-Datenlogger\u00a0 \u00b7 Geh\u00e4use, Akku, Sensoren individuell zusammenstellbar \u00b7 bis 1 Mrd. Messwerte\u00a0<\/span><\/p>\n<p>[\/vc_carousel_son][vc_carousel_son img_radius=&#8220;&#8220; titlesize=&#8220;24&#8243; btn_visibility=&#8220;show&#8220; btn_size=&#8220;&#8220; btn_bg=&#8220;#0033cc&#8220; image_id=&#8220;2800&#8243; alt=&#8220;MSR175 Transport-Logger Lebensmittelindustrie&#8220; title=&#8220;MSR175&#8243; contain_url=&#8220;https:\/\/www.msr.ch\/de\/produkt\/pdf-datenlogger-msr-budgetline\/&#8220; titleclr=&#8220;#0033cc&#8220; btn_text=&#8220;MEHR&#8220; btn_url=&#8220;url:%2Fde%2Fprodukt%2Ftransport-datenlogger-schock-msr175%2F|title:Schock-Datenlogger%20MSR175%20f%C3%BCr%20Transporte&#8220; img_alt=&#8220;Schock-Datenlogger MSR175&#8243; caption_url=&#8220;url:%2Fde%2Fprodukt%2Ftransport-datenlogger-schock-msr175%2F|title:Schock-Datenlogger%20MSR175%20f%C3%BCr%20Transporte&#8220;]<\/p>\n<p style=\"text-align: center;\"><span style=\"color: #333333; font-size: 14px;\">2 Beschleunigungssensoren \u00b115 g\/\u00b1200 g \u00b7 Temperatur, Feuchte, Druck, Licht \u00b7 2 Mio. Messwerte Speicher<\/span><\/p>\n<p>[\/vc_carousel_son][vc_carousel_son img_radius=&#8220;&#8220; titlesize=&#8220;24&#8243; btn_visibility=&#8220;show&#8220; btn_size=&#8220;&#8220; btn_bg=&#8220;#0033cc&#8220; image_id=&#8220;2519&#8243; alt=&#8220;MSR145WD Datenlogger Lebensmittelindustrie&#8220; title=&#8220;MSR145WD&#8220; contain_url=&#8220;https:\/\/www.msr.ch\/de\/produkt\/pdf-datenlogger-msr-budgetline\/&#8220; titleclr=&#8220;#0033cc&#8220; btn_text=&#8220;MEHR&#8220; btn_url=&#8220;url:%2Fde%2Fprodukt%2Fwlan-datenlogger-msr145w2d%2F|title:MSR145W2D%20WLAN-Datenlogger&#8220; img_alt=&#8220;Datenlogger mit WLAN MSR145W2D&#8220; caption_url=&#8220;url:https%3A%2F%2Fkarabeg.xyz%2Fde%2Fprodukt%2Fwlan-datenlogger-msr145w2d%2F|title:MSR145W2D%20Datenlogger%20mit%20WLAN&#8220;]<\/p>\n<p style=\"text-align: center;\"><span style=\"color: #333333; font-size: 14px;\">WLAN-Datenlogger \u00b7 grosse Auswahl an Sensoren \u00b7 FlexSensoren \u00b7 1 Mio. Messwerte \u00b7 MSR SmartCloud<\/span><\/p>\n<p>[\/vc_carousel_son][\/vc_carousel_father][\/vc_column][\/vc_row][vc_row full_width=&#8220;stretch_row&#8220;][vc_column][vc_empty_space][\/vc_column][\/vc_row][vc_row full_width=&#8220;stretch_row&#8220; css=&#8220;.vc_custom_1646385559538{background-color: #0033cc !important;}&#8220;][vc_column][vc_cta h2=&#8220;Den passenden Datenlogger nicht gefunden? Nutzen Sie unsere Schnellsuche!&#8220; h2_font_container=&#8220;tag:h2|text_align:left|color:%230033cc&#8220; h2_use_theme_fonts=&#8220;yes&#8220; add_button=&#8220;right&#8220; btn_title=&#8220;Schnellsuche&#8220; use_custom_fonts_h2=&#8220;true&#8220; h2_link=&#8220;url:%2Fde%2Fprodukt%2Fdatenlogger%2F|title:Schnell%20den%20passenden%20Datenlogger%20finden&#8220; btn_link=&#8220;url:%2Fde%2Fprodukt%2Fdatenlogger%2F|title:Schnell%20den%20passenden%20Datenlogger%20finden&#8220;]W\u00e4hlen Sie Messgr\u00f6ssen, Mess-\/Speicherrate, Betriebstemperatur, Ger\u00e4tedimension u.v.m.[\/vc_cta][\/vc_column][\/vc_row][vc_row full_width=&#8220;stretch_row&#8220;][vc_column][vc_empty_space][\/vc_column][\/vc_row][vc_row full_width=&#8220;stretch_row&#8220; css=&#8220;.vc_custom_1657783618661{background-color: #f8f9f9 !important;}&#8220;][vc_column][msrwpbportfoliobyid recent_title=&#8220;MSR Datenlogger im Einsatz in der Sport- und Freizeitindustrie \u2013 Kundenberichte aus der Praxis&#8220; number_in_row=&#8220;4&#8243; title_color=&#8220;#0033cc&#8220; item_text_color=&#8220;#ffffff&#8220; item_title_color=&#8220;#ffffff&#8220; post_ids=&#8220;7436,7937,10419,9316,11772&#8243;][\/vc_column][\/vc_row][vc_row full_width=&#8220;stretch_row&#8220;][vc_column][vc_empty_space][\/vc_column][\/vc_row][vc_row][vc_column width=&#8220;1\/2&#8243;][vc_cta h2=&#8220;\u00dcberlassen Sie die Wahl Ihres Datenloggers nicht dem Zufall.&#8220; h2_font_container=&#8220;tag:h2|text_align:left|color:%230033cc&#8220; h2_use_theme_fonts=&#8220;yes&#8220; h4=&#8220;Nutzen Sie unsere Erfahrung und Kompetenz.&#8220; add_button=&#8220;right&#8220; btn_title=&#8220;Kontakt&#8220; use_custom_fonts_h2=&#8220;true&#8220; h2_link=&#8220;url:%2Fde%2Fkontakt%2F|title:Kontakt%20MSR%20Datenlogger&#8220; btn_link=&#8220;url:%2Fde%2Fkontakt%2F|title:Kontakt%20MSR%20Datenlogger&#8220; el_class=&#8220;grey-subline&#8220; css=&#8220;.vc_custom_1656495996964{margin-top: 18px !important;}&#8220;]F\u00fcr eine pers\u00f6nliche Beratung stehen Ihnen \u00fcber 90 MSR-Vertriebspartner in weltweit mehr als 50 L\u00e4ndern zur Verf\u00fcgung.[\/vc_cta][\/vc_column][vc_column width=&#8220;1\/2&#8243;][msrnewslettersub newslettersub_img=&#8220;2634&#8243;][\/vc_column][\/vc_row][vc_row][vc_column][vc_empty_space][\/vc_column][\/vc_row]<\/p>\n<\/div>","protected":false},"excerpt":{"rendered":"<p>[vc_row full_width=&#8220;stretch_row&#8220; css=&#8220;.vc_custom_1649666349533{background-image: url(\/images\/Slider_leer.jpg?id=2590) !important;}&#8220;][vc_column width=&#8220;1\/2&#8243;][vc_single_image image=&#8220;2722&#8243; img_size=&#8220;full&#8220; alignment=&#8220;center&#8220;][\/vc_column][vc_column width=&#8220;1\/2&#8243;][vc_empty_space height=&#8220;80px&#8220; el_class=&#8220;hide-on-small&#8220;][vc_column_text] \u00abDer MSR Datenlogger war hilfreich beim Ermitteln der Belastungen, welche w\u00e4hrend des Skifahrens auf die Knie einwirken.\u00bb Thea Waldleben, ehemalige Skirennfahrerin\u00a0 [\/vc_column_text][\/vc_column][\/vc_row][vc_row full_width=&#8220;stretch_row&#8220;][vc_column][vc_column_text] Datenlogger f\u00fcr die Sport- und &hellip;<\/p>\n","protected":false},"author":1,"featured_media":0,"parent":7572,"menu_order":0,"comment_status":"closed","ping_status":"closed","template":"","meta":{"footnotes":""},"yoast_head":"<!-- This site is optimized with the Yoast SEO plugin v22.9 - https:\/\/yoast.com\/wordpress\/plugins\/seo\/ -->\n<title>Datenlogger f\u00fcr die Sport- und Freizeitindustrie | Kundenberichte | MSR<\/title>\n<meta name=\"description\" content=\"MSR Datenlogger f\u00fcr die Sport- und Freizeitindustrie: Beschleunigungskr\u00e4fte ermitteln \u00b7 Hauttemperatur und \u2013feuchte aufzeichnen \u00b7 Sicherheit\" \/>\n<meta name=\"robots\" content=\"index, follow, max-snippet:-1, max-image-preview:large, max-video-preview:-1\" \/>\n<link rel=\"canonical\" href=\"https:\/\/www.msr.ch\/de\/anwendungen\/datenlogger-sport\/\" \/>\n<meta property=\"og:locale\" content=\"de_DE\" \/>\n<meta property=\"og:type\" content=\"article\" \/>\n<meta property=\"og:title\" content=\"Datenlogger f\u00fcr die Sport- und Freizeitindustrie | Kundenberichte | MSR\" \/>\n<meta property=\"og:description\" content=\"MSR Datenlogger f\u00fcr die Sport- und Freizeitindustrie: Beschleunigungskr\u00e4fte ermitteln \u00b7 Hauttemperatur und \u2013feuchte aufzeichnen \u00b7 Sicherheit\" \/>\n<meta property=\"og:url\" content=\"https:\/\/www.msr.ch\/de\/anwendungen\/datenlogger-sport\/\" \/>\n<meta property=\"og:site_name\" content=\"DE MSR Datenlogger\" \/>\n<meta property=\"article:publisher\" content=\"https:\/\/www.facebook.com\/datenlogger.msr\/\" \/>\n<meta property=\"article:modified_time\" content=\"2023-02-10T15:50:28+00:00\" \/>\n<meta name=\"twitter:card\" content=\"summary_large_image\" \/>\n<meta name=\"twitter:label1\" content=\"Gesch\u00e4tzte Lesezeit\" \/>\n\t<meta name=\"twitter:data1\" content=\"3\u00a0Minuten\" \/>\n<script type=\"application\/ld+json\" class=\"yoast-schema-graph\">{\"@context\":\"https:\/\/schema.org\",\"@graph\":[{\"@type\":\"WebPage\",\"@id\":\"https:\/\/www.msr.ch\/de\/anwendungen\/datenlogger-sport\/\",\"url\":\"https:\/\/www.msr.ch\/de\/anwendungen\/datenlogger-sport\/\",\"name\":\"Datenlogger f\u00fcr die Sport- und Freizeitindustrie | Kundenberichte | MSR\",\"isPartOf\":{\"@id\":\"https:\/\/www.msr.ch\/de\/#website\"},\"datePublished\":\"2022-05-24T11:57:45+00:00\",\"dateModified\":\"2023-02-10T15:50:28+00:00\",\"description\":\"MSR Datenlogger f\u00fcr die Sport- und Freizeitindustrie: Beschleunigungskr\u00e4fte ermitteln \u00b7 Hauttemperatur und \u2013feuchte aufzeichnen \u00b7 Sicherheit\",\"breadcrumb\":{\"@id\":\"https:\/\/www.msr.ch\/de\/anwendungen\/datenlogger-sport\/#breadcrumb\"},\"inLanguage\":\"de\",\"potentialAction\":[{\"@type\":\"ReadAction\",\"target\":[\"https:\/\/www.msr.ch\/de\/anwendungen\/datenlogger-sport\/\"]}]},{\"@type\":\"BreadcrumbList\",\"@id\":\"https:\/\/www.msr.ch\/de\/anwendungen\/datenlogger-sport\/#breadcrumb\",\"itemListElement\":[{\"@type\":\"ListItem\",\"position\":1,\"name\":\"Home\",\"item\":\"https:\/\/www.msr.ch\/de\/\"},{\"@type\":\"ListItem\",\"position\":2,\"name\":\"Anwendungen\",\"item\":\"https:\/\/www.msr.ch\/de\/anwendungen\/\"},{\"@type\":\"ListItem\",\"position\":3,\"name\":\"Datenlogger f\u00fcr die Sport- und Freizeitindustrie\"}]},{\"@type\":\"WebSite\",\"@id\":\"https:\/\/www.msr.ch\/de\/#website\",\"url\":\"https:\/\/www.msr.ch\/de\/\",\"name\":\"MSR Datenlogger\",\"description\":\"MSR Electronics GmbH\",\"potentialAction\":[{\"@type\":\"SearchAction\",\"target\":{\"@type\":\"EntryPoint\",\"urlTemplate\":\"https:\/\/www.msr.ch\/de\/?s={search_term_string}\"},\"query-input\":\"required name=search_term_string\"}],\"inLanguage\":\"de\"}]}<\/script>\n<!-- \/ Yoast SEO plugin. -->","yoast_head_json":{"title":"Datenlogger f\u00fcr die Sport- und Freizeitindustrie | Kundenberichte | MSR","description":"MSR Datenlogger f\u00fcr die Sport- und Freizeitindustrie: Beschleunigungskr\u00e4fte ermitteln \u00b7 Hauttemperatur und \u2013feuchte aufzeichnen \u00b7 Sicherheit","robots":{"index":"index","follow":"follow","max-snippet":"max-snippet:-1","max-image-preview":"max-image-preview:large","max-video-preview":"max-video-preview:-1"},"canonical":"https:\/\/www.msr.ch\/de\/anwendungen\/datenlogger-sport\/","og_locale":"de_DE","og_type":"article","og_title":"Datenlogger f\u00fcr die Sport- und Freizeitindustrie | Kundenberichte | MSR","og_description":"MSR Datenlogger f\u00fcr die Sport- und Freizeitindustrie: Beschleunigungskr\u00e4fte ermitteln \u00b7 Hauttemperatur und \u2013feuchte aufzeichnen \u00b7 Sicherheit","og_url":"https:\/\/www.msr.ch\/de\/anwendungen\/datenlogger-sport\/","og_site_name":"DE MSR Datenlogger","article_publisher":"https:\/\/www.facebook.com\/datenlogger.msr\/","article_modified_time":"2023-02-10T15:50:28+00:00","twitter_card":"summary_large_image","twitter_misc":{"Gesch\u00e4tzte Lesezeit":"3\u00a0Minuten"},"schema":{"@context":"https:\/\/schema.org","@graph":[{"@type":"WebPage","@id":"https:\/\/www.msr.ch\/de\/anwendungen\/datenlogger-sport\/","url":"https:\/\/www.msr.ch\/de\/anwendungen\/datenlogger-sport\/","name":"Datenlogger f\u00fcr die Sport- und Freizeitindustrie | Kundenberichte | MSR","isPartOf":{"@id":"https:\/\/www.msr.ch\/de\/#website"},"datePublished":"2022-05-24T11:57:45+00:00","dateModified":"2023-02-10T15:50:28+00:00","description":"MSR Datenlogger f\u00fcr die Sport- und Freizeitindustrie: Beschleunigungskr\u00e4fte ermitteln \u00b7 Hauttemperatur und \u2013feuchte aufzeichnen \u00b7 Sicherheit","breadcrumb":{"@id":"https:\/\/www.msr.ch\/de\/anwendungen\/datenlogger-sport\/#breadcrumb"},"inLanguage":"de","potentialAction":[{"@type":"ReadAction","target":["https:\/\/www.msr.ch\/de\/anwendungen\/datenlogger-sport\/"]}]},{"@type":"BreadcrumbList","@id":"https:\/\/www.msr.ch\/de\/anwendungen\/datenlogger-sport\/#breadcrumb","itemListElement":[{"@type":"ListItem","position":1,"name":"Home","item":"https:\/\/www.msr.ch\/de\/"},{"@type":"ListItem","position":2,"name":"Anwendungen","item":"https:\/\/www.msr.ch\/de\/anwendungen\/"},{"@type":"ListItem","position":3,"name":"Datenlogger f\u00fcr die Sport- und Freizeitindustrie"}]},{"@type":"WebSite","@id":"https:\/\/www.msr.ch\/de\/#website","url":"https:\/\/www.msr.ch\/de\/","name":"MSR Datenlogger","description":"MSR Electronics GmbH","potentialAction":[{"@type":"SearchAction","target":{"@type":"EntryPoint","urlTemplate":"https:\/\/www.msr.ch\/de\/?s={search_term_string}"},"query-input":"required name=search_term_string"}],"inLanguage":"de"}]}},"_links":{"self":[{"href":"https:\/\/www.msr.ch\/de\/wp-json\/wp\/v2\/pages\/8916"}],"collection":[{"href":"https:\/\/www.msr.ch\/de\/wp-json\/wp\/v2\/pages"}],"about":[{"href":"https:\/\/www.msr.ch\/de\/wp-json\/wp\/v2\/types\/page"}],"author":[{"embeddable":true,"href":"https:\/\/www.msr.ch\/de\/wp-json\/wp\/v2\/users\/1"}],"replies":[{"embeddable":true,"href":"https:\/\/www.msr.ch\/de\/wp-json\/wp\/v2\/comments?post=8916"}],"version-history":[{"count":24,"href":"https:\/\/www.msr.ch\/de\/wp-json\/wp\/v2\/pages\/8916\/revisions"}],"predecessor-version":[{"id":11816,"href":"https:\/\/www.msr.ch\/de\/wp-json\/wp\/v2\/pages\/8916\/revisions\/11816"}],"up":[{"embeddable":true,"href":"https:\/\/www.msr.ch\/de\/wp-json\/wp\/v2\/pages\/7572"}],"wp:attachment":[{"href":"https:\/\/www.msr.ch\/de\/wp-json\/wp\/v2\/media?parent=8916"}],"curies":[{"name":"wp","href":"https:\/\/api.w.org\/{rel}","templated":true}]}}