{"id":8918,"date":"2022-05-24T11:59:23","date_gmt":"2022-05-24T11:59:23","guid":{"rendered":"https:\/\/karabeg.xyz\/de\/?page_id=8918"},"modified":"2025-10-30T10:07:39","modified_gmt":"2025-10-30T10:07:39","slug":"datenlogger-tiermonitoring","status":"publish","type":"page","link":"https:\/\/www.msr.ch\/de\/anwendungen\/datenlogger-tiermonitoring\/","title":{"rendered":"Datenlogger f\u00fcr Tierwissenschaften, Tiermonitoring"},"content":{"rendered":"<div class=\"wpb-content-wrapper\"><p>[vc_row full_width=&#8220;stretch_row&#8220; css=&#8220;.vc_custom_1649666349533{background-image: url(\/images\/Slider_leer.jpg?id=2590) !important;}&#8220;][vc_column width=&#8220;1\/2&#8243;][vc_single_image image=&#8220;2723&#8243; img_size=&#8220;full&#8220; alignment=&#8220;center&#8220;][\/vc_column][vc_column width=&#8220;1\/2&#8243;][vc_empty_space height=&#8220;60px&#8220; el_class=&#8220;hide-on-small&#8220;][vc_column_text]<\/p>\n<p style=\"text-align: right;\"><span style=\"font-size: 24px;\"><strong><span style=\"color: #333333;\">\u00abVon Forschungsprojekten zum K<\/span>auverhalten bei Wiederk\u00e4uern \u00fcber Studien zur Bewegungsaktivit\u00e4t von Rennpferden: Die robusten <\/strong><strong>MSR-Logger sind weltweit f\u00fcr unterschiedlichste Anwendungen im Einsatz.<\/strong><strong>\u00bb<\/strong><\/span><\/p>\n<p style=\"text-align: right;\"><span style=\"font-size: 18px;\">Uwe Seifert, CTO, MSR Electronics GmbH<\/span><\/p>\n<p>[\/vc_column_text][\/vc_column][\/vc_row][vc_row full_width=&#8220;stretch_row&#8220;][vc_column][vc_column_text css=&#8220;&#8220;]<\/p>\n<h1 data-start=\"293\" data-end=\"359\">MSR Datenlogger f\u00fcr Tierwissenschaft und Agrarforschung<\/h1>\n<h2><span style=\"color: #333333;\">Monitoring des Atem-, Lauf-, Steh-, Liege-, Kau- und Schlafverhaltens von Tieren<\/span><\/h2>\n<p data-start=\"361\" data-end=\"795\">Die Erfassung von physiologischen und Verhaltensparametern wie Atmung, Bewegung, Stehen, Liegen, Wiederkauen oder Ruhephasen bei Tieren stellt hohe Anforderungen an die Messtechnik. <strong data-start=\"545\" data-end=\"564\">MSR Datenlogger<\/strong> wurden speziell f\u00fcr diese Anwendungen in der <strong data-start=\"610\" data-end=\"649\">Tierwissenschaft und Agrarforschung<\/strong> entwickelt. Sie sind kompakt, leicht, robust und verf\u00fcgen \u00fcber eine hohe Speicherkapazit\u00e4t sowie zahlreiche interne und externe Sensoroptionen.<\/p>\n<p data-start=\"797\" data-end=\"1106\">Ob in Studien mit Milchk\u00fchen, Wiederk\u00e4uern, Pferden, Nagetieren oder Wildtieren \u2013 MSR Datenlogger erm\u00f6glichen eine pr\u00e4zise, langzeitstabile Erfassung von <strong data-start=\"951\" data-end=\"1037\">Bewegungsaktivit\u00e4t, Wiederkauverhalten, Temperatur, Feuchte und Neigungs\u00e4nderungen<\/strong> unter realen landwirtschaftlichen und experimentellen Bedingungen.<\/p>\n<p data-start=\"1108\" data-end=\"1402\">Dank ihrer geringen Gr\u00f6sse und hohen Zuverl\u00e4ssigkeit eignen sich die Logger ideal f\u00fcr den <strong data-start=\"1197\" data-end=\"1223\">Feld- und Weideeinsatz<\/strong>, in <strong data-start=\"1228\" data-end=\"1244\">Stallstudien<\/strong> sowie in mobilen Versuchsanordnungen.<\/p>\n<p>[\/vc_column_text][\/vc_column][\/vc_row][vc_row full_width=&#8220;stretch_row&#8220;][vc_column][vc_empty_space][\/vc_column][\/vc_row][vc_row full_width=&#8220;stretch_row&#8220; css=&#8220;.vc_custom_1655458243057{background-color: #f8f9f9 !important;}&#8220;][vc_column][vc_column_text]<\/p>\n<h2>Diese Datenlogger empfehlen wir Ihnen f\u00fcr \u00dcberwachungsaufgaben am Tier:<\/h2>\n<p>[\/vc_column_text][vc_carousel_father speed=&#8220;5000&#8243; spaces=&#8220;5&#8243; slide_visible=&#8220;4&#8243; tabs=&#8220;2&#8243; slide_visible_mbl=&#8220;2&#8243; arrowclr=&#8220;#a3a3a3&#8243; arrowsize=&#8220;&#8220; dotclr=&#8220;#a3a3a3&#8243; dotposition=&#8220;&#8220;][vc_carousel_son img_radius=&#8220;&#8220; titlesize=&#8220;24&#8243; btn_visibility=&#8220;show&#8220; btn_size=&#8220;&#8220; btn_bg=&#8220;#0033cc&#8220; image_id=&#8220;2518&#8243; alt=&#8220;MSR165 Beschleungigungs-Datenlogger Lebensmittelindustrie&#8220; title=&#8220;MSR165&#8243; contain_url=&#8220;https:\/\/www.msr.ch\/de\/produkt\/pdf-datenlogger-msr-budgetline\/&#8220; titleclr=&#8220;#0033cc&#8220; btn_text=&#8220;MEHR&#8220; btn_url=&#8220;url:%2Fde%2Fprodukt%2Fdatenlogger-schock-vibration-msr165%2F|title:Datenlogger%20f%C3%BCr%20Schock%2C%20Vibration%2C%20Stoss%3A%20MSR165&#8243; img_alt=&#8220;Vibrations-Datenlogger MSR165&#8243; caption_url=&#8220;url:%2Fde%2Fsupport%2Fmsr-software%2Fmsr-shockviewer-software%2F|title:MSR165%20ShockViewer%20Datenlogger-Software%20zur%20Analyse%20von%20Stossbelastungen&#8220;]<\/p>\n<p style=\"text-align: center;\"><span style=\"color: #333333; font-size: 14px;\">Vibrations- und Schock-Datenlogger, Beschleunigungssensor \u00b115 g od. \u00b1200 g \u00b7 1 Mrd. Messwerte Speicher<\/span><\/p>\n<p>[\/vc_carousel_son][vc_carousel_son img_radius=&#8220;&#8220; titlesize=&#8220;24&#8243; btn_visibility=&#8220;show&#8220; btn_size=&#8220;&#8220; btn_bg=&#8220;#0033cc&#8220; image_id=&#8220;2519&#8243; alt=&#8220;MSR145WD Datenlogger Lebensmittelindustrie&#8220; title=&#8220;MSR145WD&#8220; contain_url=&#8220;https:\/\/www.msr.ch\/de\/produkt\/pdf-datenlogger-msr-budgetline\/&#8220; titleclr=&#8220;#0033cc&#8220; btn_text=&#8220;MEHR&#8220; btn_url=&#8220;url:%2Fde%2Fprodukt%2Ffunk-datenlogger-msr145wd-bluetooth%2F|title:MSR145WD%20Funk-Datenlogger%20mit%20Bluetooth%20Low%20Energy%20(BLE)&#8220; img_alt=&#8220;Datenlogger mit Bluetooth MSR145WD&#8220; caption_url=&#8220;url:%2Fde%2Fprodukt%2Ffunk-datenlogger-msr145wd-bluetooth%2F|title:MSR145WD%20Funk-Datenlogger%20mit%20Bluetooth%20Low%20Energy%20(BLE)&#8220;]<\/p>\n<p style=\"text-align: center;\"><span style=\"color: #333333; font-size: 14px;\">Bluetooth-Datenlogger \u00b7 grosse Auswahl an Sensoren \u00b7 FlexSensoren \u00b7 1 Mio. Messwerte \u00b7 MSR DataLogger App<\/span><\/p>\n<p>[\/vc_carousel_son][vc_carousel_son img_radius=&#8220;&#8220; titlesize=&#8220;24&#8243; btn_visibility=&#8220;show&#8220; btn_size=&#8220;&#8220; btn_bg=&#8220;#0033cc&#8220; image_id=&#8220;2521&#8243; alt=&#8220;MSR145WD Datenlogger Lebensmittelindustrie&#8220; title=&#8220;MSR160&#8243; contain_url=&#8220;https:\/\/www.msr.ch\/de\/produkt\/pdf-datenlogger-msr-budgetline\/&#8220; titleclr=&#8220;#0033cc&#8220; btn_text=&#8220;MEHR&#8220; btn_url=&#8220;url:%2Fde%2Fprodukt%2Fdatenlogger-analoge-eingaenge-msr160%2F|title:MSR145W2D%20WLAN-Datenlogger&#8220; img_alt=&#8220;MSR160 Datenlogger mit 4 Analogeing\u00e4ngen&#8220; caption_url=&#8220;url:%2Fde%2Fprodukt%2Fdatenlogger-analoge-eingaenge-msr160%2F|title:MSR160%20Datenlogger%20mit%20analogen%20Eing%C3%A4ngen&#8220;]<\/p>\n<p style=\"text-align: center;\"><span style=\"color: #333333; font-size: 14px;\">Datenlogger mit 4 analogen Eing\u00e4ngen \u00b7 Messrate bis zu 1000\/s pro Kanal \u00b7 bis 1 Mrd. Messwerte Speicher<\/span><\/p>\n<p>[\/vc_carousel_son][vc_carousel_son img_radius=&#8220;&#8220; titlesize=&#8220;24&#8243; btn_visibility=&#8220;show&#8220; btn_size=&#8220;&#8220; btn_bg=&#8220;#0033cc&#8220; image_id=&#8220;2802&#8243; alt=&#8220;MSR145 Universal-Datenlogger Lebensmittelindustrie&#8220; title=&#8220;MSR145&#8243; contain_url=&#8220;https:\/\/www.msr.ch\/de\/produkt\/pdf-datenlogger-msr-budgetline\/&#8220; titleclr=&#8220;#0033cc&#8220; btn_text=&#8220;MEHR&#8220; btn_url=&#8220;url:%2Fde%2Fprodukt%2Fdatenlogger-temperatur-feuchte-druck-beschleunigung-msr145%2F|title:MSR145%3A%20Datenlogger%20f%C3%BCr%20Temperatur%2C%20Feuchte%2C%20Luft-%2C%20Fl%C3%BCssigkeitsdruck%2C%20Beschleunigung%2C%20Licht&#8220; img_alt=&#8220;Datenlogger im Sillikonschlauch, MSR145&#8243; caption_url=&#8220;url:%2Fde%2Fprodukt%2Fdatenlogger-temperatur-feuchte-druck-beschleunigung-msr145%2F|title:MSR145%3A%20Datenlogger%20f%C3%BCr%20Temperatur%2C%20Feuchte%2C%20Luft-%2C%20Fl%C3%BCssigkeitsdruck%2C%20Beschleunigung%2C%20Licht&#8220;]<\/p>\n<p style=\"text-align: center;\"><span style=\"color: #333333; font-size: 14px;\">Mini-Universal-Datenlogger\u00a0 \u00b7 Geh\u00e4use, Akku, Sensoren individuell zusammenstellbar \u00b7 bis 1 Mrd. Messwerte\u00a0<\/span><\/p>\n<p>[\/vc_carousel_son][vc_carousel_son img_radius=&#8220;&#8220; titlesize=&#8220;24&#8243; btn_visibility=&#8220;show&#8220; btn_size=&#8220;&#8220; btn_bg=&#8220;#0033cc&#8220; image_id=&#8220;2800&#8243; alt=&#8220;MSR175 Transport-Logger Lebensmittelindustrie&#8220; title=&#8220;MSR175&#8243; contain_url=&#8220;https:\/\/www.msr.ch\/de\/produkt\/pdf-datenlogger-msr-budgetline\/&#8220; titleclr=&#8220;#0033cc&#8220; btn_text=&#8220;MEHR&#8220; btn_url=&#8220;url:%2Fde%2Fprodukt%2Ftransport-datenlogger-schock-msr175%2F|title:Schock-Datenlogger%20MSR175%20f%C3%BCr%20Transporte&#8220; img_alt=&#8220;Schock-Datenlogger MSR175&#8243; caption_url=&#8220;url:%2Fde%2Fprodukt%2Ftransport-datenlogger-schock-msr175%2F|title:Schock-Datenlogger%20MSR175%20f%C3%BCr%20Transporte&#8220;]<\/p>\n<p style=\"text-align: center;\"><span style=\"color: #333333; font-size: 14px;\">2 Beschleunigungssensoren \u00b115 g\/\u00b1200 g \u00b7 Temperatur, Feuchte, Druck, Licht \u00b7 2 Mio. Messwerte Speicher<\/span><\/p>\n<p>[\/vc_carousel_son][vc_carousel_son img_radius=&#8220;&#8220; titlesize=&#8220;24&#8243; btn_visibility=&#8220;show&#8220; btn_size=&#8220;&#8220; btn_bg=&#8220;#0033cc&#8220; image_id=&#8220;2519&#8243; alt=&#8220;MSR145WD Datenlogger Lebensmittelindustrie&#8220; title=&#8220;MSR145WD&#8220; contain_url=&#8220;https:\/\/www.msr.ch\/de\/produkt\/pdf-datenlogger-msr-budgetline\/&#8220; titleclr=&#8220;#0033cc&#8220; btn_text=&#8220;MEHR&#8220; btn_url=&#8220;url:%2Fde%2Fprodukt%2Fwlan-datenlogger-msr145w2d%2F|title:MSR145W2D%20WLAN-Datenlogger&#8220; img_alt=&#8220;Datenlogger mit WLAN MSR145W2D&#8220; caption_url=&#8220;url:https%3A%2F%2Fkarabeg.xyz%2Fde%2Fprodukt%2Fwlan-datenlogger-msr145w2d%2F|title:MSR145W2D%20Datenlogger%20mit%20WLAN&#8220;]<\/p>\n<p style=\"text-align: center;\"><span style=\"color: #333333; font-size: 14px;\">WLAN-Datenlogger \u00b7 grosse Auswahl an Sensoren \u00b7 FlexSensoren \u00b7 1 Mio. Messwerte \u00b7 MSR SmartCloud<\/span><\/p>\n<p>[\/vc_carousel_son][\/vc_carousel_father][\/vc_column][\/vc_row][vc_row full_width=&#8220;stretch_row&#8220;][vc_column][vc_empty_space][\/vc_column][\/vc_row][vc_row full_width=&#8220;stretch_row&#8220; css=&#8220;.vc_custom_1646385559538{background-color: #0033cc !important;}&#8220;][vc_column][vc_cta h2=&#8220;Den passenden Datenlogger nicht gefunden? Nutzen Sie unsere Schnellsuche!&#8220; h2_font_container=&#8220;tag:h2|text_align:left|color:%230033cc&#8220; h2_use_theme_fonts=&#8220;yes&#8220; add_button=&#8220;right&#8220; btn_title=&#8220;Schnellsuche&#8220; use_custom_fonts_h2=&#8220;true&#8220; h2_link=&#8220;url:%2Fde%2Fprodukt%2Fdatenlogger%2F|title:Schnell%20den%20passenden%20Datenlogger%20finden&#8220; btn_link=&#8220;url:%2Fde%2Fprodukt%2Fdatenlogger%2F|title:Schnell%20den%20passenden%20Datenlogger%20finden&#8220;]W\u00e4hlen Sie Messgr\u00f6ssen, Mess-\/Speicherrate, Betriebstemperatur, Ger\u00e4tedimension u.v.m.[\/vc_cta][\/vc_column][\/vc_row][vc_row full_width=&#8220;stretch_row&#8220;][vc_column][vc_empty_space][\/vc_column][\/vc_row][vc_row full_width=&#8220;stretch_row&#8220; css=&#8220;.vc_custom_1655458256693{background-color: #f8f9f9 !important;}&#8220;][vc_column][msrwpbportfoliobyid recent_title=&#8220;Hier finden Sie Kundenberichte zum Einsatz von MSR Datenloggern f\u00fcr tierwissenschaftliche Studien:&#8220; number_in_row=&#8220;3&#8243; title_color=&#8220;#0033cc&#8220; item_text_color=&#8220;#ffffff&#8220; item_title_color=&#8220;#ffffff&#8220; post_ids=&#8220;10431,10426,10427,9333,12240, 13908&#8243;][vc_empty_space][\/vc_column][\/vc_row][vc_row full_width=&#8220;stretch_row&#8220;][vc_column][vc_empty_space][\/vc_column][\/vc_row][vc_row][vc_column width=&#8220;1\/2&#8243;][vc_cta h2=&#8220;\u00dcberlassen Sie die Wahl Ihres Datenloggers nicht dem Zufall.&#8220; h2_font_container=&#8220;tag:h2|text_align:left|color:%230033cc&#8220; h2_use_theme_fonts=&#8220;yes&#8220; h4=&#8220;Nutzen Sie unsere Erfahrung und Kompetenz.&#8220; add_button=&#8220;right&#8220; btn_title=&#8220;Kontakt&#8220; css=&#8220;.vc_custom_1656495996964{margin-top: 18px !important;}&#8220; use_custom_fonts_h2=&#8220;true&#8220; h2_link=&#8220;url:%2Fde%2Fkontakt%2F|title:Kontakt%20MSR%20Datenlogger&#8220; btn_link=&#8220;url:%2Fde%2Fkontakt%2F|title:Kontakt%20MSR%20Datenlogger&#8220; el_class=&#8220;grey-subline&#8220;]F\u00fcr eine pers\u00f6nliche Beratung stehen Ihnen \u00fcber 90 MSR-Vertriebspartner in weltweit mehr als 50 L\u00e4ndern zur Verf\u00fcgung.[\/vc_cta][\/vc_column][vc_column width=&#8220;1\/2&#8243;][msrnewslettersub newslettersub_img=&#8220;2634&#8243;][\/vc_column][\/vc_row][vc_row css=&#8220;.vc_custom_1687499585404{border-bottom-width: 50px !important;}&#8220; el_class=&#8220;msr-grey-border&#8220;][vc_column][vc_custom_heading text=&#8220;Referenzen \u00bb&#8220; use_theme_fonts=&#8220;yes&#8220; css=&#8220;&#8220; el_class=&#8220;title&#8220; link=&#8220;url:%2Fde%2Fueberuns%2Freferenzen%2F|title:Referenzen&#8220;][vc_carousel_father slide_visible=&#8220;5&#8243; tabs=&#8220;5&#8243; arrowclr=&#8220;#d6d6d6&#8243; arrowsize=&#8220;20&#8243; arrowposition=&#8220;-20&#8243; dot=&#8220;false&#8220; google_fonts=&#8220;font_family:Abril%20Fatface%3Aregular|font_style:400%20regular%3A400%3Anormal&#8220;][vc_carousel_son img_radius=&#8220;&#8220; image_id=&#8220;2292&#8243;][\/vc_carousel_son][vc_carousel_son img_radius=&#8220;&#8220; image_id=&#8220;2288&#8243;][\/vc_carousel_son][vc_carousel_son img_radius=&#8220;&#8220; image_id=&#8220;3205&#8243;][\/vc_carousel_son][vc_carousel_son img_radius=&#8220;&#8220; image_id=&#8220;2782&#8243;][\/vc_carousel_son][vc_carousel_son img_radius=&#8220;&#8220; image_id=&#8220;2290&#8243;][\/vc_carousel_son][vc_carousel_son img_radius=&#8220;&#8220; image_id=&#8220;2291&#8243;][\/vc_carousel_son][vc_carousel_son img_radius=&#8220;&#8220; image_id=&#8220;3196&#8243;][\/vc_carousel_son][vc_carousel_son img_radius=&#8220;&#8220; image_id=&#8220;3200&#8243;][\/vc_carousel_son][vc_carousel_son img_radius=&#8220;&#8220; image_id=&#8220;2289&#8243;][\/vc_carousel_son][vc_carousel_son img_radius=&#8220;&#8220; image_id=&#8220;2789&#8243;][\/vc_carousel_son][vc_carousel_son img_radius=&#8220;&#8220; image_id=&#8220;2793&#8243;][\/vc_carousel_son][vc_carousel_son img_radius=&#8220;&#8220; image_id=&#8220;2771&#8243;][\/vc_carousel_son][vc_carousel_son img_radius=&#8220;&#8220; image_id=&#8220;3202&#8243;][\/vc_carousel_son][vc_carousel_son img_radius=&#8220;&#8220; image_id=&#8220;3204&#8243;][\/vc_carousel_son][vc_carousel_son img_radius=&#8220;&#8220; image_id=&#8220;3208&#8243;][\/vc_carousel_son][vc_carousel_son img_radius=&#8220;&#8220; image_id=&#8220;3201&#8243;][\/vc_carousel_son][vc_carousel_son img_radius=&#8220;&#8220; image_id=&#8220;3198&#8243;][\/vc_carousel_son][vc_carousel_son img_radius=&#8220;&#8220; image_id=&#8220;3206&#8243;][\/vc_carousel_son][vc_carousel_son img_radius=&#8220;&#8220; image_id=&#8220;3199&#8243;][\/vc_carousel_son][vc_carousel_son img_radius=&#8220;&#8220; image_id=&#8220;3207&#8243;][\/vc_carousel_son][vc_carousel_son img_radius=&#8220;&#8220; image_id=&#8220;2287&#8243;][\/vc_carousel_son][vc_carousel_son img_radius=&#8220;&#8220; image_id=&#8220;2790&#8243;][\/vc_carousel_son][vc_carousel_son img_radius=&#8220;&#8220; image_id=&#8220;2778&#8243;][\/vc_carousel_son][vc_carousel_son img_radius=&#8220;&#8220; image_id=&#8220;2799&#8243;][\/vc_carousel_son][vc_carousel_son img_radius=&#8220;&#8220; image_id=&#8220;2797&#8243;][\/vc_carousel_son][vc_carousel_son img_radius=&#8220;&#8220; image_id=&#8220;2794&#8243;][\/vc_carousel_son][vc_carousel_son img_radius=&#8220;&#8220; image_id=&#8220;2780&#8243;][\/vc_carousel_son][vc_carousel_son img_radius=&#8220;&#8220; image_id=&#8220;2792&#8243;][\/vc_carousel_son][vc_carousel_son img_radius=&#8220;&#8220; image_id=&#8220;2765&#8243;][\/vc_carousel_son][vc_carousel_son img_radius=&#8220;&#8220; image_id=&#8220;2779&#8243;][\/vc_carousel_son][vc_carousel_son img_radius=&#8220;&#8220; image_id=&#8220;2791&#8243;][\/vc_carousel_son][vc_carousel_son img_radius=&#8220;&#8220; image_id=&#8220;2775&#8243;][\/vc_carousel_son][vc_carousel_son img_radius=&#8220;&#8220; image_id=&#8220;2785&#8243;][\/vc_carousel_son][vc_carousel_son img_radius=&#8220;&#8220; image_id=&#8220;2783&#8243;][\/vc_carousel_son][vc_carousel_son img_radius=&#8220;&#8220; image_id=&#8220;2772&#8243;][\/vc_carousel_son][vc_carousel_son img_radius=&#8220;&#8220; image_id=&#8220;3229&#8243;][\/vc_carousel_son][vc_carousel_son img_radius=&#8220;&#8220; image_id=&#8220;3227&#8243;][\/vc_carousel_son][vc_carousel_son img_radius=&#8220;&#8220; image_id=&#8220;3226&#8243;][\/vc_carousel_son][vc_carousel_son img_radius=&#8220;&#8220; image_id=&#8220;3225&#8243;][\/vc_carousel_son][vc_carousel_son img_radius=&#8220;&#8220; image_id=&#8220;3224&#8243;][\/vc_carousel_son][vc_carousel_son img_radius=&#8220;&#8220; image_id=&#8220;3223&#8243;][\/vc_carousel_son][vc_carousel_son img_radius=&#8220;&#8220; image_id=&#8220;3221&#8243;][\/vc_carousel_son][vc_carousel_son img_radius=&#8220;&#8220; image_id=&#8220;3220&#8243;][\/vc_carousel_son][vc_carousel_son img_radius=&#8220;&#8220; image_id=&#8220;3219&#8243;][\/vc_carousel_son][vc_carousel_son]<\/p>\n<h3 style=\"text-align: center;\">SUB HEADING<\/h3>\n<p style=\"text-align: center;\">write any text and make custom design that you want to show.<\/p>\n<p>[\/vc_carousel_son][\/vc_carousel_father][\/vc_column][\/vc_row][vc_row][vc_column][vc_empty_space][\/vc_column][\/vc_row]<\/p>\n<\/div>","protected":false},"excerpt":{"rendered":"<p>[vc_row full_width=&#8220;stretch_row&#8220; css=&#8220;.vc_custom_1649666349533{background-image: url(\/images\/Slider_leer.jpg?id=2590) !important;}&#8220;][vc_column width=&#8220;1\/2&#8243;][vc_single_image image=&#8220;2723&#8243; img_size=&#8220;full&#8220; alignment=&#8220;center&#8220;][\/vc_column][vc_column width=&#8220;1\/2&#8243;][vc_empty_space height=&#8220;60px&#8220; el_class=&#8220;hide-on-small&#8220;][vc_column_text] \u00abVon Forschungsprojekten zum Kauverhalten bei Wiederk\u00e4uern \u00fcber Studien zur Bewegungsaktivit\u00e4t von Rennpferden: Die robusten MSR-Logger sind weltweit f\u00fcr unterschiedlichste Anwendungen im Einsatz.\u00bb Uwe Seifert, CTO, MSR Electronics GmbH &hellip;<\/p>\n","protected":false},"author":1,"featured_media":0,"parent":7572,"menu_order":0,"comment_status":"closed","ping_status":"closed","template":"","meta":{"footnotes":""},"yoast_head":"<!-- This site is optimized with the Yoast SEO plugin v22.9 - https:\/\/yoast.com\/wordpress\/plugins\/seo\/ -->\n<title>Datenlogger f\u00fcr Tierwissenschaften, Tiermonitoring | Kau<\/title>\n<meta name=\"description\" content=\"Datenlogger f\u00fcr messtechnische Aufgaben mit Tieren, Monitoring des Atem-, Lauf-, Steh-, Liege-, Kau- und Schlafverhaltens von Tieren\" \/>\n<meta name=\"robots\" content=\"index, follow, max-snippet:-1, max-image-preview:large, max-video-preview:-1\" \/>\n<link rel=\"canonical\" href=\"https:\/\/www.msr.ch\/de\/anwendungen\/datenlogger-tiermonitoring\/\" \/>\n<meta property=\"og:locale\" content=\"de_DE\" \/>\n<meta property=\"og:type\" content=\"article\" \/>\n<meta property=\"og:title\" content=\"Datenlogger f\u00fcr Tierwissenschaften, Tiermonitoring | Kau\" \/>\n<meta property=\"og:description\" content=\"Datenlogger f\u00fcr messtechnische Aufgaben mit Tieren, Monitoring des Atem-, Lauf-, Steh-, Liege-, Kau- und Schlafverhaltens von Tieren\" \/>\n<meta property=\"og:url\" content=\"https:\/\/www.msr.ch\/de\/anwendungen\/datenlogger-tiermonitoring\/\" \/>\n<meta property=\"og:site_name\" content=\"DE MSR Datenlogger\" \/>\n<meta property=\"article:publisher\" content=\"https:\/\/www.facebook.com\/datenlogger.msr\/\" \/>\n<meta property=\"article:modified_time\" content=\"2025-10-30T10:07:39+00:00\" \/>\n<meta name=\"twitter:card\" content=\"summary_large_image\" \/>\n<meta name=\"twitter:label1\" content=\"Gesch\u00e4tzte Lesezeit\" \/>\n\t<meta name=\"twitter:data1\" content=\"4\u00a0Minuten\" \/>\n<script type=\"application\/ld+json\" class=\"yoast-schema-graph\">{\"@context\":\"https:\/\/schema.org\",\"@graph\":[{\"@type\":\"WebPage\",\"@id\":\"https:\/\/www.msr.ch\/de\/anwendungen\/datenlogger-tiermonitoring\/\",\"url\":\"https:\/\/www.msr.ch\/de\/anwendungen\/datenlogger-tiermonitoring\/\",\"name\":\"Datenlogger f\u00fcr Tierwissenschaften, Tiermonitoring | Kau\",\"isPartOf\":{\"@id\":\"https:\/\/www.msr.ch\/de\/#website\"},\"datePublished\":\"2022-05-24T11:59:23+00:00\",\"dateModified\":\"2025-10-30T10:07:39+00:00\",\"description\":\"Datenlogger f\u00fcr messtechnische Aufgaben mit Tieren, Monitoring des Atem-, Lauf-, Steh-, Liege-, Kau- und Schlafverhaltens von Tieren\",\"breadcrumb\":{\"@id\":\"https:\/\/www.msr.ch\/de\/anwendungen\/datenlogger-tiermonitoring\/#breadcrumb\"},\"inLanguage\":\"de\",\"potentialAction\":[{\"@type\":\"ReadAction\",\"target\":[\"https:\/\/www.msr.ch\/de\/anwendungen\/datenlogger-tiermonitoring\/\"]}]},{\"@type\":\"BreadcrumbList\",\"@id\":\"https:\/\/www.msr.ch\/de\/anwendungen\/datenlogger-tiermonitoring\/#breadcrumb\",\"itemListElement\":[{\"@type\":\"ListItem\",\"position\":1,\"name\":\"Home\",\"item\":\"https:\/\/www.msr.ch\/de\/\"},{\"@type\":\"ListItem\",\"position\":2,\"name\":\"Anwendungen\",\"item\":\"https:\/\/www.msr.ch\/de\/anwendungen\/\"},{\"@type\":\"ListItem\",\"position\":3,\"name\":\"Datenlogger f\u00fcr Tierwissenschaften, Tiermonitoring\"}]},{\"@type\":\"WebSite\",\"@id\":\"https:\/\/www.msr.ch\/de\/#website\",\"url\":\"https:\/\/www.msr.ch\/de\/\",\"name\":\"MSR Datenlogger\",\"description\":\"MSR Electronics GmbH\",\"potentialAction\":[{\"@type\":\"SearchAction\",\"target\":{\"@type\":\"EntryPoint\",\"urlTemplate\":\"https:\/\/www.msr.ch\/de\/?s={search_term_string}\"},\"query-input\":\"required name=search_term_string\"}],\"inLanguage\":\"de\"}]}<\/script>\n<!-- \/ Yoast SEO plugin. -->","yoast_head_json":{"title":"Datenlogger f\u00fcr Tierwissenschaften, Tiermonitoring | Kau","description":"Datenlogger f\u00fcr messtechnische Aufgaben mit Tieren, Monitoring des Atem-, Lauf-, Steh-, Liege-, Kau- und Schlafverhaltens von Tieren","robots":{"index":"index","follow":"follow","max-snippet":"max-snippet:-1","max-image-preview":"max-image-preview:large","max-video-preview":"max-video-preview:-1"},"canonical":"https:\/\/www.msr.ch\/de\/anwendungen\/datenlogger-tiermonitoring\/","og_locale":"de_DE","og_type":"article","og_title":"Datenlogger f\u00fcr Tierwissenschaften, Tiermonitoring | Kau","og_description":"Datenlogger f\u00fcr messtechnische Aufgaben mit Tieren, Monitoring des Atem-, Lauf-, Steh-, Liege-, Kau- und Schlafverhaltens von Tieren","og_url":"https:\/\/www.msr.ch\/de\/anwendungen\/datenlogger-tiermonitoring\/","og_site_name":"DE MSR Datenlogger","article_publisher":"https:\/\/www.facebook.com\/datenlogger.msr\/","article_modified_time":"2025-10-30T10:07:39+00:00","twitter_card":"summary_large_image","twitter_misc":{"Gesch\u00e4tzte Lesezeit":"4\u00a0Minuten"},"schema":{"@context":"https:\/\/schema.org","@graph":[{"@type":"WebPage","@id":"https:\/\/www.msr.ch\/de\/anwendungen\/datenlogger-tiermonitoring\/","url":"https:\/\/www.msr.ch\/de\/anwendungen\/datenlogger-tiermonitoring\/","name":"Datenlogger f\u00fcr Tierwissenschaften, Tiermonitoring | Kau","isPartOf":{"@id":"https:\/\/www.msr.ch\/de\/#website"},"datePublished":"2022-05-24T11:59:23+00:00","dateModified":"2025-10-30T10:07:39+00:00","description":"Datenlogger f\u00fcr messtechnische Aufgaben mit Tieren, Monitoring des Atem-, Lauf-, Steh-, Liege-, Kau- und Schlafverhaltens von Tieren","breadcrumb":{"@id":"https:\/\/www.msr.ch\/de\/anwendungen\/datenlogger-tiermonitoring\/#breadcrumb"},"inLanguage":"de","potentialAction":[{"@type":"ReadAction","target":["https:\/\/www.msr.ch\/de\/anwendungen\/datenlogger-tiermonitoring\/"]}]},{"@type":"BreadcrumbList","@id":"https:\/\/www.msr.ch\/de\/anwendungen\/datenlogger-tiermonitoring\/#breadcrumb","itemListElement":[{"@type":"ListItem","position":1,"name":"Home","item":"https:\/\/www.msr.ch\/de\/"},{"@type":"ListItem","position":2,"name":"Anwendungen","item":"https:\/\/www.msr.ch\/de\/anwendungen\/"},{"@type":"ListItem","position":3,"name":"Datenlogger f\u00fcr Tierwissenschaften, Tiermonitoring"}]},{"@type":"WebSite","@id":"https:\/\/www.msr.ch\/de\/#website","url":"https:\/\/www.msr.ch\/de\/","name":"MSR Datenlogger","description":"MSR Electronics GmbH","potentialAction":[{"@type":"SearchAction","target":{"@type":"EntryPoint","urlTemplate":"https:\/\/www.msr.ch\/de\/?s={search_term_string}"},"query-input":"required name=search_term_string"}],"inLanguage":"de"}]}},"_links":{"self":[{"href":"https:\/\/www.msr.ch\/de\/wp-json\/wp\/v2\/pages\/8918"}],"collection":[{"href":"https:\/\/www.msr.ch\/de\/wp-json\/wp\/v2\/pages"}],"about":[{"href":"https:\/\/www.msr.ch\/de\/wp-json\/wp\/v2\/types\/page"}],"author":[{"embeddable":true,"href":"https:\/\/www.msr.ch\/de\/wp-json\/wp\/v2\/users\/1"}],"replies":[{"embeddable":true,"href":"https:\/\/www.msr.ch\/de\/wp-json\/wp\/v2\/comments?post=8918"}],"version-history":[{"count":36,"href":"https:\/\/www.msr.ch\/de\/wp-json\/wp\/v2\/pages\/8918\/revisions"}],"predecessor-version":[{"id":13913,"href":"https:\/\/www.msr.ch\/de\/wp-json\/wp\/v2\/pages\/8918\/revisions\/13913"}],"up":[{"embeddable":true,"href":"https:\/\/www.msr.ch\/de\/wp-json\/wp\/v2\/pages\/7572"}],"wp:attachment":[{"href":"https:\/\/www.msr.ch\/de\/wp-json\/wp\/v2\/media?parent=8918"}],"curies":[{"name":"wp","href":"https:\/\/api.w.org\/{rel}","templated":true}]}}