{"id":9299,"date":"2022-06-09T08:41:34","date_gmt":"2022-06-09T08:41:34","guid":{"rendered":"https:\/\/karabeg.xyz\/de\/?page_id=9299"},"modified":"2023-12-05T14:44:06","modified_gmt":"2023-12-05T14:44:06","slug":"oem-spezial-datenlogger","status":"publish","type":"page","link":"https:\/\/www.msr.ch\/de\/produkt\/oem-spezial-datenlogger\/","title":{"rendered":"OEM, Spezial-Datenlogger"},"content":{"rendered":"<div class=\"wpb-content-wrapper\"><p>[vc_row full_width=&#8220;stretch_row&#8220; css=&#8220;.vc_custom_1649666349533{background-image: url(\/images\/Slider_leer.jpg?id=2590) !important;}&#8220;][vc_column width=&#8220;1\/2&#8243;][vc_single_image image=&#8220;2604&#8243; img_size=&#8220;full&#8220; alignment=&#8220;center&#8220;][\/vc_column][vc_column width=&#8220;1\/2&#8243;][vc_empty_space height=&#8220;80px&#8220; el_class=&#8220;hide-on-small&#8220;][vc_column_text]<\/p>\n<p style=\"text-align: right;\"><span style=\"font-size: 24px;\"><span style=\"color: #333333;\"><strong>\u00abAls mittelst\u00e4ndisches Unternehmen verf\u00fcgen wir \u00fcber den Vorteil, flexibel auf individuelle Kundenw\u00fcnsche eingehen zu k\u00f6nnen<\/strong><\/span><span style=\"color: #333333;\"><strong>.\u00bb<\/strong><\/span><\/span><\/p>\n<p style=\"text-align: right;\"><span style=\"font-size: 18px;\">Wendelin Egli, CEO, MSR Electronics GmbH<\/span><\/p>\n<p>[\/vc_column_text][\/vc_column][\/vc_row][vc_row full_width=&#8220;stretch_row&#8220;][vc_column][vc_column_text]<\/p>\n<h1 class=\"entry-title\">Massgeschneiderte L\u00f6sungen f\u00fcr OEM<\/h1>\n<h2><span style=\"color: #0033cc;\">Spezial-Datenlogger und kundenspezifische Entwicklungen<\/span><\/h2>\n<p>Neben der Entwicklung eigener Produkte bearbeiten wir f\u00fcr OEM-Kunden seit jeher auch anwendungsspezifische Auftr\u00e4ge. Mit unserem Technologie-Know-how und unserer Fertigungs-Flexibilit\u00e4t unterst\u00fctzen wir Sie dabei, Ihre Vision in Realit\u00e4t umzusetzen. F\u00fcr wasserdichte Elektronikanwendungen verf\u00fcgen wir \u00fcber eine eigens entwickelte, bew\u00e4hrte Silikonvergusstechnik. Unser kompetentes Team von Ingenieuren, Softwareentwicklern und Fachspezialisten wird bei Bedarf erg\u00e4nzt durch ein internationales Netzwerk von Spezialisten, Partnerfirmen, Forschungsinstituten und Pr\u00fcfstellen.<\/p>\n<h3>Unsere Leistungen<\/h3>\n<ul>\n<li class=\"spaced\">Elektronik-\/Software-Entwicklung im technischen Bereich<\/li>\n<li class=\"spaced\">Layout-Entwicklung<\/li>\n<li class=\"spaced\">Konkretisierung Ihrer Vision, Entwicklung von L\u00f6sungsans\u00e4tzen, Aufzeigen von Umsetzungs- und Realisierungsm\u00f6glichkeiten<\/li>\n<li class=\"spaced\">Konzeption, Planung und Realisation von Projekten, von der ersten Skizze \u00fcber die Erstellung von Prototypen bis hin zur Produktion von Vorserien<\/li>\n<li class=\"spaced\">Integration neuer L\u00f6sungen und Projekte in die Prozesse und Bereiche des Auftraggebers inklusive Nachbetreuung<\/li>\n<\/ul>\n<p>[\/vc_column_text][\/vc_column][\/vc_row][vc_row css=&#8220;.vc_custom_1660829653278{background-color: #f8f9f9 !important;}&#8220;][vc_column css=&#8220;.vc_custom_1660830686558{padding-right: 40px !important;padding-left: 40px !important;}&#8220;][msrwpbportfoliobyid recent_title=&#8220;Kundenbeispiele OEM-Entwicklungen der MSR Electronics GmbH&#8220; number_in_row=&#8220;4&#8243; post_ids=&#8220;9177,9333,9316,9331,9329&#8243; item_text_color=&#8220;#ffffff&#8220; title_color=&#8220;#0033cc&#8220; item_title_color=&#8220;#ffffff&#8220;][vc_column_text]<span style=\"color: #333300;\">Bitte haben Sie Verst\u00e4ndnis daf\u00fcr, dass wir aus Gr\u00fcnden der Geheimhaltung nur einen sehr kleinen Teil unserer OEM-Entwicklungen hier pr\u00e4sentieren k\u00f6nnen.<\/span>[\/vc_column_text][\/vc_column][\/vc_row][vc_row full_width=&#8220;stretch_row&#8220;][vc_column][vc_empty_space][\/vc_column][\/vc_row][vc_row h2=&#8220;D\u00fcrfen wir Ihnen bei Ihrer Messaufgabe behilflich sein?&#8220; use_custom_fonts_h2=&#8220;true&#8220; h2_font_container=&#8220;tag:h2|text_align:left|color:%230033cc&#8220; h2_use_theme_fonts=&#8220;yes&#8220; h2_google_fonts=&#8220;font_family:Abril%20Fatface%3Aregular|font_style:400%20regular%3A400%3Anormal&#8220; h2_css_animation=&#8220;&#8220; h4=&#8220;&#8220; use_custom_fonts_h4=&#8220;&#8220; h4_font_container=&#8220;tag:h4|text_align:left&#8220; h4_use_theme_fonts=&#8220;&#8220; h4_google_fonts=&#8220;font_family:Abril%20Fatface%3Aregular|font_style:400%20regular%3A400%3Anormal&#8220; h4_css_animation=&#8220;&#8220; txt_align=&#8220;left&#8220; shape=&#8220;rounded&#8220; style=&#8220;classic&#8220; color=&#8220;classic&#8220; el_width=&#8220;&#8220; add_button=&#8220;right&#8220; btn_anps_style=&#8220;btn-normal&#8220; btn_add_shadow=&#8220;&#8220; btn_title=&#8220;Kontakt&#8220; btn_style=&#8220;modern&#8220; btn_gradient_color_1=&#8220;turquoise&#8220; btn_gradient_color_2=&#8220;blue&#8220; btn_gradient_custom_color_1=&#8220;#dd3333&#8243; btn_gradient_custom_color_2=&#8220;#eeee22&#8243; btn_gradient_text_color=&#8220;#ffffff&#8220; btn_custom_background=&#8220;#ededed&#8220; btn_custom_text=&#8220;#666&#8243; btn_outline_custom_color=&#8220;#666&#8243; btn_outline_custom_hover_background=&#8220;#666&#8243; btn_outline_custom_hover_text=&#8220;#fff&#8220; btn_shape=&#8220;rounded&#8220; btn_color=&#8220;grey&#8220; btn_size=&#8220;md&#8220; btn_align=&#8220;inline&#8220; btn_button_block=&#8220;&#8220; btn_add_icon=&#8220;&#8220; btn_i_align=&#8220;left&#8220; btn_i_type=&#8220;fontawesome&#8220; btn_i_icon_fontawesome=&#8220;fas fa-adjust&#8220; btn_i_icon_openiconic=&#8220;vc-oi vc-oi-dial&#8220; btn_i_icon_typicons=&#8220;typcn typcn-adjust-brightness&#8220; btn_i_icon_entypo=&#8220;entypo-icon entypo-icon-note&#8220; btn_i_icon_linecons=&#8220;vc_li vc_li-heart&#8220; btn_i_icon_monosocial=&#8220;vc-mono vc-mono-fivehundredpx&#8220; btn_i_icon_material=&#8220;vc-material vc-material-cake&#8220; btn_i_icon_pixelicons=&#8220;vc_pixel_icon vc_pixel_icon-alert&#8220; btn_css_animation=&#8220;&#8220; btn_custom_onclick=&#8220;&#8220; add_icon=&#8220;&#8220; i_on_border=&#8220;&#8220; i_type=&#8220;fontawesome&#8220; i_icon_fontawesome=&#8220;fas fa-adjust&#8220; i_icon_openiconic=&#8220;vc-oi vc-oi-dial&#8220; i_icon_typicons=&#8220;typcn typcn-adjust-brightness&#8220; i_icon_entypo=&#8220;entypo-icon entypo-icon-note&#8220; i_icon_linecons=&#8220;vc_li vc_li-heart&#8220; i_icon_monosocial=&#8220;vc-mono vc-mono-fivehundredpx&#8220; i_icon_material=&#8220;vc-material vc-material-cake&#8220; i_color=&#8220;blue&#8220; i_background_style=&#8220;&#8220; i_background_color=&#8220;grey&#8220; i_size=&#8220;md&#8220; i_css_animation=&#8220;&#8220; h2_link=&#8220;url:https%3A%2F%2Fdemo.karabeg.xyz%2Fdatenlogger%2F|title:Schnell%20den%20passenden%20Datenlogger%20finden&#8220; btn_link=&#8220;url:https%3A%2F%2Fdemo.karabeg.xyz%2Fdatenlogger%2F|title:Schnell%20den%20passenden%20Datenlogger%20finden&#8220; el_class=&#8220;grey-subline&#8220; h2_el_id=&#8220;&#8220; h2_el_class=&#8220;&#8220; h4_link=&#8220;&#8220; h4_el_id=&#8220;&#8220; h4_el_class=&#8220;&#8220; custom_background=&#8220;&#8220; custom_text=&#8220;&#8220; btn_el_id=&#8220;&#8220; btn_el_class=&#8220;&#8220; btn_custom_onclick_code=&#8220;&#8220; i_custom_color=&#8220;&#8220; i_custom_background_color=&#8220;&#8220; i_link=&#8220;&#8220; i_el_id=&#8220;&#8220; i_el_class=&#8220;&#8220; css=&#8220;.vc_custom_1654949751563{background-color: #0033cc !important;}&#8220;][vc_column][vc_cta h2=&#8220;D\u00fcrfen wir Ihnen bei Ihrer Messaufgabe behilflich sein?&#8220; h2_font_container=&#8220;tag:h2|text_align:left|color:%230033cc&#8220; h2_use_theme_fonts=&#8220;yes&#8220; add_button=&#8220;right&#8220; btn_title=&#8220;Kontakt&#8220; use_custom_fonts_h2=&#8220;true&#8220; h2_link=&#8220;url:%2Fde%2Fkontakt%2F|title:Kontakt&#8220; btn_link=&#8220;url:%2Fde%2Fkontakt%2F|title:Kontakt&#8220; el_class=&#8220;grey-subline&#8220;]Kontaktieren Sie uns, wir beraten Sie gerne.[\/vc_cta][\/vc_column][\/vc_row][vc_row full_width=&#8220;stretch_row&#8220;][vc_column][vc_empty_space][\/vc_column][\/vc_row]<\/p>\n<\/div>","protected":false},"excerpt":{"rendered":"<p>[vc_row full_width=&#8220;stretch_row&#8220; css=&#8220;.vc_custom_1649666349533{background-image: url(\/images\/Slider_leer.jpg?id=2590) !important;}&#8220;][vc_column width=&#8220;1\/2&#8243;][vc_single_image image=&#8220;2604&#8243; img_size=&#8220;full&#8220; alignment=&#8220;center&#8220;][\/vc_column][vc_column width=&#8220;1\/2&#8243;][vc_empty_space height=&#8220;80px&#8220; el_class=&#8220;hide-on-small&#8220;][vc_column_text] \u00abAls mittelst\u00e4ndisches Unternehmen verf\u00fcgen wir \u00fcber den Vorteil, flexibel auf individuelle Kundenw\u00fcnsche eingehen zu k\u00f6nnen.\u00bb Wendelin Egli, CEO, MSR Electronics GmbH [\/vc_column_text][\/vc_column][\/vc_row][vc_row full_width=&#8220;stretch_row&#8220;][vc_column][vc_column_text] Massgeschneiderte L\u00f6sungen f\u00fcr OEM Spezial-Datenlogger &hellip;<\/p>\n","protected":false},"author":1,"featured_media":2604,"parent":25,"menu_order":0,"comment_status":"closed","ping_status":"closed","template":"","meta":{"footnotes":""},"yoast_head":"<!-- This site is optimized with the Yoast SEO plugin v22.9 - https:\/\/yoast.com\/wordpress\/plugins\/seo\/ -->\n<title>OEM-L\u00f6sungen, Spezial-Datenlogger | MSR Electronics GmbH<\/title>\n<meta name=\"description\" content=\"Massgeschneiderte L\u00f6sungen f\u00fcr OEM, Spezial-Datenlogger und kundenspezifische Entwicklungen. Unsere Leistungen: Elektronik-Entwicklungen\" \/>\n<meta name=\"robots\" content=\"index, follow, max-snippet:-1, max-image-preview:large, max-video-preview:-1\" \/>\n<link rel=\"canonical\" href=\"https:\/\/www.msr.ch\/de\/produkt\/oem-spezial-datenlogger\/\" \/>\n<meta property=\"og:locale\" content=\"de_DE\" \/>\n<meta property=\"og:type\" content=\"article\" \/>\n<meta property=\"og:title\" content=\"OEM-L\u00f6sungen, Spezial-Datenlogger | MSR Electronics GmbH\" \/>\n<meta property=\"og:description\" content=\"Massgeschneiderte L\u00f6sungen f\u00fcr OEM, Spezial-Datenlogger und kundenspezifische Entwicklungen. Unsere Leistungen: Elektronik-Entwicklungen\" \/>\n<meta property=\"og:url\" content=\"https:\/\/www.msr.ch\/de\/produkt\/oem-spezial-datenlogger\/\" \/>\n<meta property=\"og:site_name\" content=\"DE MSR Datenlogger\" \/>\n<meta property=\"article:publisher\" content=\"https:\/\/www.facebook.com\/datenlogger.msr\/\" \/>\n<meta property=\"article:modified_time\" content=\"2023-12-05T14:44:06+00:00\" \/>\n<meta name=\"twitter:card\" content=\"summary_large_image\" \/>\n<meta name=\"twitter:label1\" content=\"Gesch\u00e4tzte Lesezeit\" \/>\n\t<meta name=\"twitter:data1\" content=\"2\u00a0Minuten\" \/>\n<script type=\"application\/ld+json\" class=\"yoast-schema-graph\">{\"@context\":\"https:\/\/schema.org\",\"@graph\":[{\"@type\":\"WebPage\",\"@id\":\"https:\/\/www.msr.ch\/de\/produkt\/oem-spezial-datenlogger\/\",\"url\":\"https:\/\/www.msr.ch\/de\/produkt\/oem-spezial-datenlogger\/\",\"name\":\"OEM-L\u00f6sungen, Spezial-Datenlogger | MSR Electronics GmbH\",\"isPartOf\":{\"@id\":\"https:\/\/www.msr.ch\/de\/#website\"},\"primaryImageOfPage\":{\"@id\":\"https:\/\/www.msr.ch\/de\/produkt\/oem-spezial-datenlogger\/#primaryimage\"},\"image\":{\"@id\":\"https:\/\/www.msr.ch\/de\/produkt\/oem-spezial-datenlogger\/#primaryimage\"},\"thumbnailUrl\":\"https:\/\/www.msr.ch\/images\/Wendelin-K.-Egli-Geschaftsfuhrer-MSR-Electronics-GmbH_619x412.jpg\",\"datePublished\":\"2022-06-09T08:41:34+00:00\",\"dateModified\":\"2023-12-05T14:44:06+00:00\",\"description\":\"Massgeschneiderte L\u00f6sungen f\u00fcr OEM, Spezial-Datenlogger und kundenspezifische Entwicklungen. Unsere Leistungen: Elektronik-Entwicklungen\",\"breadcrumb\":{\"@id\":\"https:\/\/www.msr.ch\/de\/produkt\/oem-spezial-datenlogger\/#breadcrumb\"},\"inLanguage\":\"de\",\"potentialAction\":[{\"@type\":\"ReadAction\",\"target\":[\"https:\/\/www.msr.ch\/de\/produkt\/oem-spezial-datenlogger\/\"]}]},{\"@type\":\"ImageObject\",\"inLanguage\":\"de\",\"@id\":\"https:\/\/www.msr.ch\/de\/produkt\/oem-spezial-datenlogger\/#primaryimage\",\"url\":\"https:\/\/www.msr.ch\/images\/Wendelin-K.-Egli-Geschaftsfuhrer-MSR-Electronics-GmbH_619x412.jpg\",\"contentUrl\":\"https:\/\/www.msr.ch\/images\/Wendelin-K.-Egli-Geschaftsfuhrer-MSR-Electronics-GmbH_619x412.jpg\"},{\"@type\":\"BreadcrumbList\",\"@id\":\"https:\/\/www.msr.ch\/de\/produkt\/oem-spezial-datenlogger\/#breadcrumb\",\"itemListElement\":[{\"@type\":\"ListItem\",\"position\":1,\"name\":\"Home\",\"item\":\"https:\/\/www.msr.ch\/de\/\"},{\"@type\":\"ListItem\",\"position\":2,\"name\":\"Produkt\",\"item\":\"https:\/\/www.msr.ch\/de\/produkt\/\"},{\"@type\":\"ListItem\",\"position\":3,\"name\":\"OEM, Spezial-Datenlogger\"}]},{\"@type\":\"WebSite\",\"@id\":\"https:\/\/www.msr.ch\/de\/#website\",\"url\":\"https:\/\/www.msr.ch\/de\/\",\"name\":\"MSR Datenlogger\",\"description\":\"MSR Electronics GmbH\",\"potentialAction\":[{\"@type\":\"SearchAction\",\"target\":{\"@type\":\"EntryPoint\",\"urlTemplate\":\"https:\/\/www.msr.ch\/de\/?s={search_term_string}\"},\"query-input\":\"required name=search_term_string\"}],\"inLanguage\":\"de\"}]}<\/script>\n<!-- \/ Yoast SEO plugin. -->","yoast_head_json":{"title":"OEM-L\u00f6sungen, Spezial-Datenlogger | MSR Electronics GmbH","description":"Massgeschneiderte L\u00f6sungen f\u00fcr OEM, Spezial-Datenlogger und kundenspezifische Entwicklungen. Unsere Leistungen: Elektronik-Entwicklungen","robots":{"index":"index","follow":"follow","max-snippet":"max-snippet:-1","max-image-preview":"max-image-preview:large","max-video-preview":"max-video-preview:-1"},"canonical":"https:\/\/www.msr.ch\/de\/produkt\/oem-spezial-datenlogger\/","og_locale":"de_DE","og_type":"article","og_title":"OEM-L\u00f6sungen, Spezial-Datenlogger | MSR Electronics GmbH","og_description":"Massgeschneiderte L\u00f6sungen f\u00fcr OEM, Spezial-Datenlogger und kundenspezifische Entwicklungen. Unsere Leistungen: Elektronik-Entwicklungen","og_url":"https:\/\/www.msr.ch\/de\/produkt\/oem-spezial-datenlogger\/","og_site_name":"DE MSR Datenlogger","article_publisher":"https:\/\/www.facebook.com\/datenlogger.msr\/","article_modified_time":"2023-12-05T14:44:06+00:00","twitter_card":"summary_large_image","twitter_misc":{"Gesch\u00e4tzte Lesezeit":"2\u00a0Minuten"},"schema":{"@context":"https:\/\/schema.org","@graph":[{"@type":"WebPage","@id":"https:\/\/www.msr.ch\/de\/produkt\/oem-spezial-datenlogger\/","url":"https:\/\/www.msr.ch\/de\/produkt\/oem-spezial-datenlogger\/","name":"OEM-L\u00f6sungen, Spezial-Datenlogger | MSR Electronics GmbH","isPartOf":{"@id":"https:\/\/www.msr.ch\/de\/#website"},"primaryImageOfPage":{"@id":"https:\/\/www.msr.ch\/de\/produkt\/oem-spezial-datenlogger\/#primaryimage"},"image":{"@id":"https:\/\/www.msr.ch\/de\/produkt\/oem-spezial-datenlogger\/#primaryimage"},"thumbnailUrl":"https:\/\/www.msr.ch\/images\/Wendelin-K.-Egli-Geschaftsfuhrer-MSR-Electronics-GmbH_619x412.jpg","datePublished":"2022-06-09T08:41:34+00:00","dateModified":"2023-12-05T14:44:06+00:00","description":"Massgeschneiderte L\u00f6sungen f\u00fcr OEM, Spezial-Datenlogger und kundenspezifische Entwicklungen. Unsere Leistungen: Elektronik-Entwicklungen","breadcrumb":{"@id":"https:\/\/www.msr.ch\/de\/produkt\/oem-spezial-datenlogger\/#breadcrumb"},"inLanguage":"de","potentialAction":[{"@type":"ReadAction","target":["https:\/\/www.msr.ch\/de\/produkt\/oem-spezial-datenlogger\/"]}]},{"@type":"ImageObject","inLanguage":"de","@id":"https:\/\/www.msr.ch\/de\/produkt\/oem-spezial-datenlogger\/#primaryimage","url":"https:\/\/www.msr.ch\/images\/Wendelin-K.-Egli-Geschaftsfuhrer-MSR-Electronics-GmbH_619x412.jpg","contentUrl":"https:\/\/www.msr.ch\/images\/Wendelin-K.-Egli-Geschaftsfuhrer-MSR-Electronics-GmbH_619x412.jpg"},{"@type":"BreadcrumbList","@id":"https:\/\/www.msr.ch\/de\/produkt\/oem-spezial-datenlogger\/#breadcrumb","itemListElement":[{"@type":"ListItem","position":1,"name":"Home","item":"https:\/\/www.msr.ch\/de\/"},{"@type":"ListItem","position":2,"name":"Produkt","item":"https:\/\/www.msr.ch\/de\/produkt\/"},{"@type":"ListItem","position":3,"name":"OEM, Spezial-Datenlogger"}]},{"@type":"WebSite","@id":"https:\/\/www.msr.ch\/de\/#website","url":"https:\/\/www.msr.ch\/de\/","name":"MSR Datenlogger","description":"MSR Electronics GmbH","potentialAction":[{"@type":"SearchAction","target":{"@type":"EntryPoint","urlTemplate":"https:\/\/www.msr.ch\/de\/?s={search_term_string}"},"query-input":"required name=search_term_string"}],"inLanguage":"de"}]}},"_links":{"self":[{"href":"https:\/\/www.msr.ch\/de\/wp-json\/wp\/v2\/pages\/9299"}],"collection":[{"href":"https:\/\/www.msr.ch\/de\/wp-json\/wp\/v2\/pages"}],"about":[{"href":"https:\/\/www.msr.ch\/de\/wp-json\/wp\/v2\/types\/page"}],"author":[{"embeddable":true,"href":"https:\/\/www.msr.ch\/de\/wp-json\/wp\/v2\/users\/1"}],"replies":[{"embeddable":true,"href":"https:\/\/www.msr.ch\/de\/wp-json\/wp\/v2\/comments?post=9299"}],"version-history":[{"count":53,"href":"https:\/\/www.msr.ch\/de\/wp-json\/wp\/v2\/pages\/9299\/revisions"}],"predecessor-version":[{"id":12620,"href":"https:\/\/www.msr.ch\/de\/wp-json\/wp\/v2\/pages\/9299\/revisions\/12620"}],"up":[{"embeddable":true,"href":"https:\/\/www.msr.ch\/de\/wp-json\/wp\/v2\/pages\/25"}],"wp:featuredmedia":[{"embeddable":true,"href":"https:\/\/www.msr.ch\/de\/wp-json\/"}],"wp:attachment":[{"href":"https:\/\/www.msr.ch\/de\/wp-json\/wp\/v2\/media?parent=9299"}],"curies":[{"name":"wp","href":"https:\/\/api.w.org\/{rel}","templated":true}]}}