{"id":9376,"date":"2022-06-13T07:57:21","date_gmt":"2022-06-13T07:57:21","guid":{"rendered":"https:\/\/karabeg.xyz\/de\/?page_id=9376"},"modified":"2022-10-19T12:22:21","modified_gmt":"2022-10-19T12:22:21","slug":"datenlogger-ersatzkabel-zubehoer","status":"publish","type":"page","link":"https:\/\/www.msr.ch\/de\/produkt\/datenlogger-ersatzkabel-zubehoer\/","title":{"rendered":"Zubeh\u00f6r f\u00fcr Datenlogger"},"content":{"rendered":"<div class=\"wpb-content-wrapper\"><p>[vc_row css=&#8220;.vc_custom_1651844868349{background-position: center !important;background-repeat: no-repeat !important;background-size: contain !important;}&#8220;][vc_column][vc_column_text]<\/p>\n<h1 class=\"entry-title\">Zubeh\u00f6r und Ersatzkabel f\u00fcr MSR Datenlogger<\/h1>\n<h2 class=\"entry-title\">Erh\u00e4ltlich in unserem Webshop <span style=\"color: #ff6600;\"><a style=\"color: #ff6600;\" href=\"https:\/\/datenlogger.shop\/datenlogger-zubehoer.html\" target=\"_blank\" rel=\"noopener\">www.datenlogger.shop<\/a><\/span><\/h2>\n<p>[\/vc_column_text][\/vc_column][\/vc_row][vc_row css=&#8220;.vc_custom_1666182068292{margin: 2px !important;padding: 10px !important;background-color: #ededed !important;background-position: center !important;background-repeat: no-repeat !important;background-size: contain !important;}&#8220;][vc_column][vc_column_text]<\/p>\n<h2>Ersatzkabel f\u00fcr MSR Datenlogger<\/h2>\n<p>[\/vc_column_text][vc_carousel_father speed=&#8220;5000&#8243; spaces=&#8220;10&#8243; slide_visible=&#8220;4&#8243; tabs=&#8220;2&#8243; slide_visible_mbl=&#8220;2&#8243; arrowclr=&#8220;#a3a3a3&#8243; arrowsize=&#8220;&#8220; dotclr=&#8220;#a3a3a3&#8243; dotposition=&#8220;&#8220;][vc_carousel_son img_radius=&#8220;&#8220; titlesize=&#8220;&#8220; btn_visibility=&#8220;show&#8220; btn_size=&#8220;&#8220; btn_bg=&#8220;#0033cc&#8220; image_id=&#8220;2755&#8243; alt=&#8220;MSR175 Transport-Logger&#8220; title=&#8220;N10017&#8243; contain_url=&#8220;https:\/\/www.msr.ch\/de\/produkt\/pdf-datenlogger-msr-budgetline\/&#8220; titleclr=&#8220;#0033cc&#8220; btn_text=&#8220;SHOP&#8220; btn_url=&#8220;url:https%3A%2F%2Fdatenlogger.shop%2Fusb-kabel-msr-datenlogger-n10017.html|title:USB-Kabel%20f%C3%BCr%20MSR%20Datenlogger%20(f%C3%BCr%20SmartCase-Designgeh%C3%A4use%20ohne%20Display)|target:_blank&#8220; caption_url=&#8220;url:https%3A%2F%2Fdatenlogger.shop%2Fusb-kabel-msr-datenlogger-n10017.html|title:USB-Kabel%20f%C3%BCr%20MSR%20Datenlogger%20(f%C3%BCr%20SmartCase-Designgeh%C3%A4use%20ohne%20Display)|target:_blank&#8220;]<\/p>\n<p style=\"text-align: center;\"><span style=\"color: #808080;\">USB-Kabel f\u00fcr MSR Datenlogger (f\u00fcr SmartCase-Designgeh\u00e4use ohne Display)<\/span><\/p>\n<p>[\/vc_carousel_son][vc_carousel_son img_radius=&#8220;&#8220; titlesize=&#8220;&#8220; btn_visibility=&#8220;show&#8220; btn_size=&#8220;&#8220; btn_bg=&#8220;#0033cc&#8220; image_id=&#8220;2754&#8243; alt=&#8220;MSR165 Beschleungigungs-Datenlogger&#8220; title=&#8220;N10018&#8243; contain_url=&#8220;https:\/\/www.msr.ch\/de\/produkt\/pdf-datenlogger-msr-budgetline\/&#8220; titleclr=&#8220;#0033cc&#8220; btn_text=&#8220;SHOP&#8220; btn_url=&#8220;url:https%3A%2F%2Fdatenlogger.shop%2Fusb-kabel-msr-datenlogger-n10018.html|title:USB-Kabel%20f%C3%BCr%20MSR%20Datenlogger%20(f%C3%BCr%20SmartCase-Designgeh%C3%A4use%20mit%20Display)|target:_blank&#8220; caption_url=&#8220;url:https%3A%2F%2Fdatenlogger.shop%2Fusb-kabel-msr-datenlogger-n10018.html|title:USB-Kabel%20f%C3%BCr%20MSR%20Datenlogger%20(f%C3%BCr%20SmartCase-Designgeh%C3%A4use%20mit%20Display)|target:_blank&#8220; img_alt=&#8220;USB-Kabel f\u00fcr MSR Datenlogger (f\u00fcr SmartCase-Designgeh\u00e4use mit Display)&#8220;]<\/p>\n<p style=\"text-align: center;\"><span style=\"color: #808080;\">USB-Kabel f\u00fcr MSR Datenlogger (f\u00fcr SmartCase-Designgeh\u00e4use mit Display) <\/span><\/p>\n<p>[\/vc_carousel_son][vc_carousel_son img_radius=&#8220;&#8220; titlesize=&#8220;&#8220; btn_visibility=&#8220;show&#8220; btn_size=&#8220;&#8220; btn_bg=&#8220;#0033cc&#8220; image_id=&#8220;2756&#8243; alt=&#8220;MSR175plus Beschleungigungs-Datenlogger&#8220; title=&#8220;N10016&#8243; contain_url=&#8220;https:\/\/www.msr.ch\/de\/produkt\/pdf-datenlogger-msr-budgetline\/&#8220; titleclr=&#8220;#0033cc&#8220; btn_text=&#8220;SHOP&#8220; btn_url=&#8220;url:https%3A%2F%2Fdatenlogger.shop%2Fusb-kabel-msr-datenlogger-n10016.html|title:USB-Kabel%20f%C3%BCr%20Datenlogger%20MSR175|target:_blank&#8220; caption_url=&#8220;url:https%3A%2F%2Fdatenlogger.shop%2Fusb-kabel-msr-datenlogger-n10016.html|title:USB-Kabel%20f%C3%BCr%20Datenlogger%20MSR175|target:_blank&#8220; img_alt=&#8220;USB-Kabel f\u00fcr Datenlogger MSR175&#8243;]<\/p>\n<p style=\"text-align: center;\"><span style=\"color: #808080;\">USB-Kabel f\u00fcr Transport-Datenlogger MSR175<\/span><\/p>\n<p>[\/vc_carousel_son][vc_carousel_son img_radius=&#8220;&#8220; titlesize=&#8220;&#8220; btn_visibility=&#8220;show&#8220; btn_size=&#8220;&#8220; btn_bg=&#8220;#0033cc&#8220; image_id=&#8220;2757&#8243; alt=&#8220;MSR175plus Beschleungigungs-Datenlogger&#8220; title=&#8220;N10010&#8243; contain_url=&#8220;https:\/\/www.msr.ch\/de\/produkt\/pdf-datenlogger-msr-budgetline\/&#8220; titleclr=&#8220;#0033cc&#8220; btn_text=&#8220;SHOP&#8220; btn_url=&#8220;url:https%3A%2F%2Fdatenlogger.shop%2Fusb-kabel-msr-datenlogger-n10017-2.html|title:USB-Kabel%20f%C3%BCr%20MSR%20Datenlogger%20mit%20Geh%C3%A4usetyp%20B4|target:_blank&#8220; caption_url=&#8220;url:https%3A%2F%2Fdatenlogger.shop%2Fusb-kabel-msr-datenlogger-n10017-2.html|title:USB-Kabel%20f%C3%BCr%20MSR%20Datenlogger%20mit%20Geh%C3%A4usetyp%20B4|target:_blank&#8220;]<\/p>\n<p style=\"text-align: center;\"><span style=\"color: #808080;\">USB-Kabel f\u00fcr MSR Datenlogger mit Geh\u00e4usetyp B4<\/span><\/p>\n<p>[\/vc_carousel_son][\/vc_carousel_father][\/vc_column][\/vc_row][vc_row css=&#8220;.vc_custom_1652541075227{margin-top: 2px !important;margin-right: 2px !important;margin-bottom: 2px !important;margin-left: 2px !important;padding-top: 10px !important;padding-right: 10px !important;padding-bottom: 10px !important;padding-left: 10px !important;}&#8220;][vc_column css=&#8220;.vc_custom_1651841985708{padding-left: 10px !important;}&#8220;][vc_empty_space][\/vc_column][\/vc_row][vc_row css=&#8220;.vc_custom_1666182128378{margin: 2px !important;padding: 10px !important;background-color: #ededed !important;background-position: center !important;background-repeat: no-repeat !important;background-size: contain !important;}&#8220;][vc_column][vc_column_text]<\/p>\n<h2>Zubeh\u00f6r f\u00fcr MSR Datenlogger<\/h2>\n<p>[\/vc_column_text][vc_carousel_father speed=&#8220;5000&#8243; spaces=&#8220;5&#8243; slide_visible=&#8220;4&#8243; tabs=&#8220;2&#8243; slide_visible_mbl=&#8220;2&#8243; arrowclr=&#8220;#a3a3a3&#8243; arrowsize=&#8220;&#8220; dotclr=&#8220;#a3a3a3&#8243; dotposition=&#8220;&#8220;][vc_carousel_son img_radius=&#8220;&#8220; titlesize=&#8220;&#8220; btn_visibility=&#8220;show&#8220; btn_size=&#8220;&#8220; btn_bg=&#8220;#0033cc&#8220; image_id=&#8220;2758&#8243; alt=&#8220;MSR165 Beschleungigungs-Datenlogger&#8220; title=&#8220;Koffer f\u00fcr MSR Datenlogger&#8220; contain_url=&#8220;https:\/\/www.msr.ch\/de\/produkt\/pdf-datenlogger-msr-budgetline\/&#8220; titleclr=&#8220;#0033cc&#8220; btn_text=&#8220;SHOP&#8220; btn_url=&#8220;url:https%3A%2F%2Fdatenlogger.shop%2Fkoffer-msr-datenlogger.html|title:Koffer%20f%C3%BCr%20Datenlogger|target:_blank&#8220; caption_url=&#8220;url:https%3A%2F%2Fdatenlogger.shop%2Fkoffer-msr-datenlogger.html|title:Koffer%20f%C3%BCr%20MSR%20Datenlogger|target:_blank&#8220; img_alt=&#8220;Koffer f\u00fcr MSR Datenlogger&#8220;]<\/p>\n<p style=\"text-align: center;\"><span style=\"color: #808080;\">Kunststoffkoffer zur Aufbewahrung und zum Transport eines MSR Datenloggers, Typ MSR165 oder MSR175plus<\/span><\/p>\n<p>[\/vc_carousel_son][\/vc_carousel_father][\/vc_column][\/vc_row][vc_row full_width=&#8220;stretch_row&#8220;][vc_column][vc_empty_space][\/vc_column][\/vc_row][vc_row][vc_column width=&#8220;1\/2&#8243;][vc_cta h2=&#8220;Welcher Datenlogger passt am besten?&#8220; h2_font_container=&#8220;tag:h2|text_align:left|color:%230033cc&#8220; h2_use_theme_fonts=&#8220;yes&#8220; h4=&#8220;Nutzen Sie unsere Erfahrung und Kompetenz.&#8220; add_button=&#8220;right&#8220; btn_title=&#8220;Kontakt&#8220; use_custom_fonts_h2=&#8220;true&#8220; h2_link=&#8220;url:%2Fde%2Fkontakt%2F|title:Kontakt&#8220; btn_link=&#8220;url:%2Fde%2Fkontakt%2F|title:Kontakt&#8220; el_class=&#8220;grey-subline&#8220;]F\u00fcr eine pers\u00f6nliche Beratung stehen Ihnen \u00fcber 90 MSR-Vertriebspartner in weltweit mehr als 50 L\u00e4ndern zur Verf\u00fcgung.[\/vc_cta][\/vc_column][vc_column width=&#8220;1\/2&#8243;][msrnewslettersub newslettersub_img=&#8220;2634&#8243;][\/vc_column][\/vc_row]<\/p>\n<\/div>","protected":false},"excerpt":{"rendered":"<p>[vc_row css=&#8220;.vc_custom_1651844868349{background-position: center !important;background-repeat: no-repeat !important;background-size: contain !important;}&#8220;][vc_column][vc_column_text] Zubeh\u00f6r und Ersatzkabel f\u00fcr MSR Datenlogger Erh\u00e4ltlich in unserem Webshop www.datenlogger.shop [\/vc_column_text][\/vc_column][\/vc_row][vc_row css=&#8220;.vc_custom_1666182068292{margin: 2px !important;padding: 10px !important;background-color: #ededed !important;background-position: center !important;background-repeat: no-repeat !important;background-size: contain !important;}&#8220;][vc_column][vc_column_text] Ersatzkabel f\u00fcr MSR Datenlogger [\/vc_column_text][vc_carousel_father speed=&#8220;5000&#8243; spaces=&#8220;10&#8243; &hellip;<\/p>\n","protected":false},"author":1,"featured_media":0,"parent":25,"menu_order":0,"comment_status":"closed","ping_status":"closed","template":"","meta":{"footnotes":""},"yoast_head":"<!-- This site is optimized with the Yoast SEO plugin v22.9 - https:\/\/yoast.com\/wordpress\/plugins\/seo\/ -->\n<title>Zubeh\u00f6r f\u00fcr Datenlogger | MSR<\/title>\n<meta name=\"description\" content=\"Ersatzkabel und Zubeh\u00f6r f\u00fcr Ihre MSR Datenlogger k\u00f6nnen Sie rund um die Uhr in unserem Webshop bestellen.\" \/>\n<meta name=\"robots\" content=\"index, follow, max-snippet:-1, max-image-preview:large, max-video-preview:-1\" \/>\n<link rel=\"canonical\" href=\"https:\/\/www.msr.ch\/de\/produkt\/datenlogger-ersatzkabel-zubehoer\/\" \/>\n<meta property=\"og:locale\" content=\"de_DE\" \/>\n<meta property=\"og:type\" content=\"article\" \/>\n<meta property=\"og:title\" content=\"Zubeh\u00f6r f\u00fcr Datenlogger | MSR\" \/>\n<meta property=\"og:description\" content=\"Ersatzkabel und Zubeh\u00f6r f\u00fcr Ihre MSR Datenlogger k\u00f6nnen Sie rund um die Uhr in unserem Webshop bestellen.\" \/>\n<meta property=\"og:url\" content=\"https:\/\/www.msr.ch\/de\/produkt\/datenlogger-ersatzkabel-zubehoer\/\" \/>\n<meta property=\"og:site_name\" content=\"DE MSR Datenlogger\" \/>\n<meta property=\"article:publisher\" content=\"https:\/\/www.facebook.com\/datenlogger.msr\/\" \/>\n<meta property=\"article:modified_time\" content=\"2022-10-19T12:22:21+00:00\" \/>\n<meta name=\"twitter:card\" content=\"summary_large_image\" \/>\n<meta name=\"twitter:label1\" content=\"Gesch\u00e4tzte Lesezeit\" \/>\n\t<meta name=\"twitter:data1\" content=\"2\u00a0Minuten\" \/>\n<script type=\"application\/ld+json\" class=\"yoast-schema-graph\">{\"@context\":\"https:\/\/schema.org\",\"@graph\":[{\"@type\":\"WebPage\",\"@id\":\"https:\/\/www.msr.ch\/de\/produkt\/datenlogger-ersatzkabel-zubehoer\/\",\"url\":\"https:\/\/www.msr.ch\/de\/produkt\/datenlogger-ersatzkabel-zubehoer\/\",\"name\":\"Zubeh\u00f6r f\u00fcr Datenlogger | MSR\",\"isPartOf\":{\"@id\":\"https:\/\/www.msr.ch\/de\/#website\"},\"datePublished\":\"2022-06-13T07:57:21+00:00\",\"dateModified\":\"2022-10-19T12:22:21+00:00\",\"description\":\"Ersatzkabel und Zubeh\u00f6r f\u00fcr Ihre MSR Datenlogger k\u00f6nnen Sie rund um die Uhr in unserem Webshop bestellen.\",\"breadcrumb\":{\"@id\":\"https:\/\/www.msr.ch\/de\/produkt\/datenlogger-ersatzkabel-zubehoer\/#breadcrumb\"},\"inLanguage\":\"de\",\"potentialAction\":[{\"@type\":\"ReadAction\",\"target\":[\"https:\/\/www.msr.ch\/de\/produkt\/datenlogger-ersatzkabel-zubehoer\/\"]}]},{\"@type\":\"BreadcrumbList\",\"@id\":\"https:\/\/www.msr.ch\/de\/produkt\/datenlogger-ersatzkabel-zubehoer\/#breadcrumb\",\"itemListElement\":[{\"@type\":\"ListItem\",\"position\":1,\"name\":\"Home\",\"item\":\"https:\/\/www.msr.ch\/de\/\"},{\"@type\":\"ListItem\",\"position\":2,\"name\":\"Produkt\",\"item\":\"https:\/\/www.msr.ch\/de\/produkt\/\"},{\"@type\":\"ListItem\",\"position\":3,\"name\":\"Zubeh\u00f6r f\u00fcr Datenlogger\"}]},{\"@type\":\"WebSite\",\"@id\":\"https:\/\/www.msr.ch\/de\/#website\",\"url\":\"https:\/\/www.msr.ch\/de\/\",\"name\":\"MSR Datenlogger\",\"description\":\"MSR Electronics GmbH\",\"potentialAction\":[{\"@type\":\"SearchAction\",\"target\":{\"@type\":\"EntryPoint\",\"urlTemplate\":\"https:\/\/www.msr.ch\/de\/?s={search_term_string}\"},\"query-input\":\"required name=search_term_string\"}],\"inLanguage\":\"de\"}]}<\/script>\n<!-- \/ Yoast SEO plugin. -->","yoast_head_json":{"title":"Zubeh\u00f6r f\u00fcr Datenlogger | MSR","description":"Ersatzkabel und Zubeh\u00f6r f\u00fcr Ihre MSR Datenlogger k\u00f6nnen Sie rund um die Uhr in unserem Webshop bestellen.","robots":{"index":"index","follow":"follow","max-snippet":"max-snippet:-1","max-image-preview":"max-image-preview:large","max-video-preview":"max-video-preview:-1"},"canonical":"https:\/\/www.msr.ch\/de\/produkt\/datenlogger-ersatzkabel-zubehoer\/","og_locale":"de_DE","og_type":"article","og_title":"Zubeh\u00f6r f\u00fcr Datenlogger | MSR","og_description":"Ersatzkabel und Zubeh\u00f6r f\u00fcr Ihre MSR Datenlogger k\u00f6nnen Sie rund um die Uhr in unserem Webshop bestellen.","og_url":"https:\/\/www.msr.ch\/de\/produkt\/datenlogger-ersatzkabel-zubehoer\/","og_site_name":"DE MSR Datenlogger","article_publisher":"https:\/\/www.facebook.com\/datenlogger.msr\/","article_modified_time":"2022-10-19T12:22:21+00:00","twitter_card":"summary_large_image","twitter_misc":{"Gesch\u00e4tzte Lesezeit":"2\u00a0Minuten"},"schema":{"@context":"https:\/\/schema.org","@graph":[{"@type":"WebPage","@id":"https:\/\/www.msr.ch\/de\/produkt\/datenlogger-ersatzkabel-zubehoer\/","url":"https:\/\/www.msr.ch\/de\/produkt\/datenlogger-ersatzkabel-zubehoer\/","name":"Zubeh\u00f6r f\u00fcr Datenlogger | MSR","isPartOf":{"@id":"https:\/\/www.msr.ch\/de\/#website"},"datePublished":"2022-06-13T07:57:21+00:00","dateModified":"2022-10-19T12:22:21+00:00","description":"Ersatzkabel und Zubeh\u00f6r f\u00fcr Ihre MSR Datenlogger k\u00f6nnen Sie rund um die Uhr in unserem Webshop bestellen.","breadcrumb":{"@id":"https:\/\/www.msr.ch\/de\/produkt\/datenlogger-ersatzkabel-zubehoer\/#breadcrumb"},"inLanguage":"de","potentialAction":[{"@type":"ReadAction","target":["https:\/\/www.msr.ch\/de\/produkt\/datenlogger-ersatzkabel-zubehoer\/"]}]},{"@type":"BreadcrumbList","@id":"https:\/\/www.msr.ch\/de\/produkt\/datenlogger-ersatzkabel-zubehoer\/#breadcrumb","itemListElement":[{"@type":"ListItem","position":1,"name":"Home","item":"https:\/\/www.msr.ch\/de\/"},{"@type":"ListItem","position":2,"name":"Produkt","item":"https:\/\/www.msr.ch\/de\/produkt\/"},{"@type":"ListItem","position":3,"name":"Zubeh\u00f6r f\u00fcr Datenlogger"}]},{"@type":"WebSite","@id":"https:\/\/www.msr.ch\/de\/#website","url":"https:\/\/www.msr.ch\/de\/","name":"MSR Datenlogger","description":"MSR Electronics GmbH","potentialAction":[{"@type":"SearchAction","target":{"@type":"EntryPoint","urlTemplate":"https:\/\/www.msr.ch\/de\/?s={search_term_string}"},"query-input":"required name=search_term_string"}],"inLanguage":"de"}]}},"_links":{"self":[{"href":"https:\/\/www.msr.ch\/de\/wp-json\/wp\/v2\/pages\/9376"}],"collection":[{"href":"https:\/\/www.msr.ch\/de\/wp-json\/wp\/v2\/pages"}],"about":[{"href":"https:\/\/www.msr.ch\/de\/wp-json\/wp\/v2\/types\/page"}],"author":[{"embeddable":true,"href":"https:\/\/www.msr.ch\/de\/wp-json\/wp\/v2\/users\/1"}],"replies":[{"embeddable":true,"href":"https:\/\/www.msr.ch\/de\/wp-json\/wp\/v2\/comments?post=9376"}],"version-history":[{"count":41,"href":"https:\/\/www.msr.ch\/de\/wp-json\/wp\/v2\/pages\/9376\/revisions"}],"predecessor-version":[{"id":11282,"href":"https:\/\/www.msr.ch\/de\/wp-json\/wp\/v2\/pages\/9376\/revisions\/11282"}],"up":[{"embeddable":true,"href":"https:\/\/www.msr.ch\/de\/wp-json\/wp\/v2\/pages\/25"}],"wp:attachment":[{"href":"https:\/\/www.msr.ch\/de\/wp-json\/wp\/v2\/media?parent=9376"}],"curies":[{"name":"wp","href":"https:\/\/api.w.org\/{rel}","templated":true}]}}