{"id":9446,"date":"2022-06-13T13:36:58","date_gmt":"2022-06-13T13:36:58","guid":{"rendered":"https:\/\/karabeg.xyz\/de\/?page_id=9446"},"modified":"2023-07-03T05:39:35","modified_gmt":"2023-07-03T05:39:35","slug":"referenzen","status":"publish","type":"page","link":"https:\/\/www.msr.ch\/de\/ueberuns\/referenzen\/","title":{"rendered":"Referenzen"},"content":{"rendered":"<div class=\"wpb-content-wrapper\"><p>[vc_row css=&#8220;.vc_custom_1651844868349{background-position: center !important;background-repeat: no-repeat !important;background-size: contain !important;}&#8220;][vc_column][vc_column_text]<\/p>\n<h1 class=\"entry-title\">Referenzen MSR Electronics GmbH<\/h1>\n<p>Hier finden Sie eine kleine Auswahl an Firmen und Institutionen, welche MSR Datenlogger einsetzen. Sie m\u00f6chten mehr \u00fcber Anwendungen von MSR Datenlogger in der Praxis wissen? <a title=\"Wozu werden Datenlogger eingesetzt?\" href=\"\/de\/anwendungen\/\">Lesen Sie dazu unsere Anwenderberichte&#8230;<\/a>[\/vc_column_text][\/vc_column][\/vc_row][vc_row css=&#8220;.vc_custom_1648126294359{border-bottom-width: 50px !important;}&#8220;][vc_column]<div class='logos-wrapper style-1'><ul class='clients clients-col-6' ><li class='client'><span><img src='https:\/\/www.msr.ch\/images\/RUAG-logo-138x46-1.png' alt='Logo Ruag'><\/span><\/li><li class='client'><span><img src='https:\/\/www.msr.ch\/images\/abb8294.jpg' alt=''><\/span><\/li><li class='client'><span><img src='https:\/\/www.msr.ch\/images\/Bosch-logo-138x46-1.png' alt='Logo Bosch'><\/span><\/li><li class='client'><span><img src='https:\/\/www.msr.ch\/images\/Roche-logo-138x46-1.png' alt='Logo Roche'><\/span><\/li><li class='client'><span><img src='https:\/\/www.msr.ch\/images\/Siemens-logo-138x46-1.png' alt='Logo Siemens'><\/span><\/li><li class='client'><span><img src='https:\/\/www.msr.ch\/images\/Orbital-Sciences-Corporation-logo-138x46-1.png' alt='Logo Orbital'><\/span><\/li><\/ul><ul class='clients clients-col-6'><li class='client'><span><img src='https:\/\/www.msr.ch\/images\/Universitaetsspital-Zurich-logo-138x46-1.png' alt='Logo Festo'><\/span><\/li><li class='client'><span><img src='https:\/\/www.msr.ch\/images\/University-of-Wollongong-logo-138x46-1.png' alt=''><\/span><\/li><li class='client'><span><img src='https:\/\/www.msr.ch\/images\/W.-L.-Gore-Associates-logo-138x46-1.png' alt=''><\/span><\/li><li class='client'><span><img src='https:\/\/www.msr.ch\/images\/Nestle-logo-138x46-1.png' alt=''><\/span><\/li><li class='client'><span><img src='https:\/\/www.msr.ch\/images\/Rega-logo-138x46-1.png' alt=''><\/span><\/li><li class='client'><span><img src='https:\/\/www.msr.ch\/images\/ZHAW-logo.png' alt=''><\/span><\/li><\/ul><ul class='clients clients-col-6'><li class='client'><span><img src='https:\/\/www.msr.ch\/images\/Autoflug-logo-138x46-1.png' alt=''><\/span><\/li><li class='client'><span><img src='https:\/\/www.msr.ch\/images\/Thommen-logo-138x46-2.png' alt=''><\/span><\/li><li class='client'><span><img src='https:\/\/www.msr.ch\/images\/WIML-logo-138x46-1.png' alt=''><\/span><\/li><li class='client'><span><img src='https:\/\/www.msr.ch\/images\/Wegmueller-logo-138x46-1.png' alt=''><\/span><\/li><li class='client'><span><img src='https:\/\/www.msr.ch\/images\/V-ZUG-logo-138x46-1.png' alt=''><\/span><\/li><li class='client'><span><img src='https:\/\/www.msr.ch\/images\/VBZ-logo-138x46-1.png' alt=''><\/span><\/li><\/ul><ul class='clients clients-col-6'><li class='client'><span><img src='https:\/\/www.msr.ch\/images\/Alstom-logo-138x46-1.png' alt=''><\/span><\/li><li class='client'><span><img src='https:\/\/www.msr.ch\/images\/Taiwan-Textile-Research-Institute-logo.png' alt=''><\/span><\/li><li class='client'><span><img src='https:\/\/www.msr.ch\/images\/Osram-logo-138x46-1.png' alt=''><\/span><\/li><li class='client'><span><img src='https:\/\/www.msr.ch\/images\/China-Academy-of-Space-Technology-logo-138x46-2.png' alt=''><\/span><\/li><li class='client'><span><img src='https:\/\/www.msr.ch\/images\/Fein-logo-138x46-1.png' alt=''><\/span><\/li><li class='client'><span><img src='https:\/\/www.msr.ch\/images\/SLF-logo.png' alt=''><\/span><\/li><\/ul><ul class='clients clients-col-6'><li class='client'><span><img src='https:\/\/www.msr.ch\/images\/Scubapro-logo-138x46-1.png' alt=''><\/span><\/li><li class='client'><span><img src='https:\/\/www.msr.ch\/images\/Schweizerische-Eidgenossenschaft-logo-138x46-1.png' alt=''><\/span><\/li><li class='client'><span><img src='https:\/\/www.msr.ch\/images\/SBB-CFF-FFS-logo-138x46-1.png' alt=''><\/span><\/li><li class='client'><span><img src='https:\/\/www.msr.ch\/images\/Stadler-1.jpg' alt=''><\/span><\/li><li class='client'><span><img src='https:\/\/www.msr.ch\/images\/Medbase-logo-138x46-1.png' alt=''><\/span><\/li><li class='client'><span><img src='https:\/\/www.msr.ch\/images\/Lantal-logo-138x46-1.png' alt=''><\/span><\/li><\/ul><ul class='clients clients-col-6'><li class='client'><span><img src='https:\/\/www.msr.ch\/images\/Jozef-Stefan-Institute-logo-138x46-1.png' alt=''><\/span><\/li><li class='client'><span><img src='https:\/\/www.msr.ch\/images\/Institutionen-foer-designvetenskaper-logo-138x46-1.png' alt=''><\/span><\/li><li class='client'><span><img src='https:\/\/www.msr.ch\/images\/China-Shipbuilding-Industry-Corporation-logo-138x46-1.png' alt=''><\/span><\/li><li class='client'><span><img src='https:\/\/www.msr.ch\/images\/BMW-logo-138x46-1.png' alt=''><\/span><\/li><li class='client'><span><img src='https:\/\/www.msr.ch\/images\/Empa-logo-138x46-1.png' alt=''><\/span><\/li><li class='client'><span><img src='https:\/\/www.msr.ch\/images\/Ziemer.jpg' alt=''><\/span><\/li><\/ul><ul class='clients clients-col-6'><li class='client'><span><img src='https:\/\/www.msr.ch\/images\/Zeiss.jpg' alt=''><\/span><\/li><li class='client'><span><img src='https:\/\/www.msr.ch\/images\/Voith.jpg' alt=''><\/span><\/li><li class='client'><span><img src='https:\/\/www.msr.ch\/images\/Trumpf.jpg' alt=''><\/span><\/li><li class='client'><span><img src='https:\/\/www.msr.ch\/images\/Scott.jpg' alt=''><\/span><\/li><li class='client'><span><img src='https:\/\/www.msr.ch\/images\/knorr.jpg' alt=''><\/span><\/li><li class='client'><span><img src='https:\/\/www.msr.ch\/images\/Schindler.jpg' alt=''><\/span><\/li><\/ul><ul class='clients clients-col-6'><li class='client'><span><img src='https:\/\/www.msr.ch\/images\/hamilton.jpg' alt=''><\/span><\/li><li class='client'><span><img src='https:\/\/www.msr.ch\/images\/Fraunhofer.jpg' alt=''><\/span><\/li><li class='client'><span><img src='https:\/\/www.msr.ch\/images\/buehler.jpg' alt=''><\/span><\/li><li class='client'><span><img src='https:\/\/www.msr.ch\/images\/framatome.jpg' alt=''><\/span><\/li><li class='client'><span><img src='https:\/\/www.msr.ch\/images\/swarovski-crystal9164.jpg' alt=''><\/span><\/li><li class='client'><span><img src='https:\/\/www.msr.ch\/images\/audi.jpg' alt=''><\/span><\/li><\/ul><ul class='clients clients-col-6'><li class='client'><span><img src='https:\/\/www.msr.ch\/images\/Panasonic_logo_Blue.svg_.jpg' alt=''><\/span><\/li><li class='client'><span><img src='https:\/\/www.msr.ch\/images\/keller-ag-logo-vector.jpg' alt=''><\/span><\/li><li class='client'><span><img src='https:\/\/www.msr.ch\/images\/Johndeer.jpg' alt=''><\/span><\/li><li class='client'><span><img src='https:\/\/www.msr.ch\/images\/Audemars-piguet-logo.jpg' alt=''><\/span><\/li><li class='client'><span><img src='https:\/\/www.msr.ch\/images\/decathlon.jpg' alt=''><\/span><\/li><li class='client'><span><img src='https:\/\/www.msr.ch\/images\/bsh.jpg' alt=''><\/span><\/li><\/ul><\/div>[\/vc_column][\/vc_row][vc_row h2=&#8220;D\u00fcrfen wir Ihnen bei Ihrer Messaufgabe behilflich sein?&#8220; use_custom_fonts_h2=&#8220;true&#8220; h2_font_container=&#8220;tag:h2|text_align:left|color:%230033cc&#8220; h2_use_theme_fonts=&#8220;yes&#8220; h2_google_fonts=&#8220;font_family:Abril%20Fatface%3Aregular|font_style:400%20regular%3A400%3Anormal&#8220; h2_css_animation=&#8220;&#8220; h4=&#8220;&#8220; use_custom_fonts_h4=&#8220;&#8220; h4_font_container=&#8220;tag:h4|text_align:left&#8220; h4_use_theme_fonts=&#8220;&#8220; h4_google_fonts=&#8220;font_family:Abril%20Fatface%3Aregular|font_style:400%20regular%3A400%3Anormal&#8220; h4_css_animation=&#8220;&#8220; txt_align=&#8220;left&#8220; shape=&#8220;rounded&#8220; style=&#8220;classic&#8220; color=&#8220;classic&#8220; el_width=&#8220;&#8220; add_button=&#8220;right&#8220; btn_anps_style=&#8220;btn-normal&#8220; btn_add_shadow=&#8220;&#8220; btn_title=&#8220;Kontakt&#8220; btn_style=&#8220;modern&#8220; btn_gradient_color_1=&#8220;turquoise&#8220; btn_gradient_color_2=&#8220;blue&#8220; btn_gradient_custom_color_1=&#8220;#dd3333&#8243; btn_gradient_custom_color_2=&#8220;#eeee22&#8243; btn_gradient_text_color=&#8220;#ffffff&#8220; btn_custom_background=&#8220;#ededed&#8220; btn_custom_text=&#8220;#666&#8243; btn_outline_custom_color=&#8220;#666&#8243; btn_outline_custom_hover_background=&#8220;#666&#8243; btn_outline_custom_hover_text=&#8220;#fff&#8220; btn_shape=&#8220;rounded&#8220; btn_color=&#8220;grey&#8220; btn_size=&#8220;md&#8220; btn_align=&#8220;inline&#8220; btn_button_block=&#8220;&#8220; btn_add_icon=&#8220;&#8220; btn_i_align=&#8220;left&#8220; btn_i_type=&#8220;fontawesome&#8220; btn_i_icon_fontawesome=&#8220;fas fa-adjust&#8220; btn_i_icon_openiconic=&#8220;vc-oi vc-oi-dial&#8220; btn_i_icon_typicons=&#8220;typcn typcn-adjust-brightness&#8220; btn_i_icon_entypo=&#8220;entypo-icon entypo-icon-note&#8220; btn_i_icon_linecons=&#8220;vc_li vc_li-heart&#8220; btn_i_icon_monosocial=&#8220;vc-mono vc-mono-fivehundredpx&#8220; btn_i_icon_material=&#8220;vc-material vc-material-cake&#8220; btn_i_icon_pixelicons=&#8220;vc_pixel_icon vc_pixel_icon-alert&#8220; btn_css_animation=&#8220;&#8220; btn_custom_onclick=&#8220;&#8220; add_icon=&#8220;&#8220; i_on_border=&#8220;&#8220; i_type=&#8220;fontawesome&#8220; i_icon_fontawesome=&#8220;fas fa-adjust&#8220; i_icon_openiconic=&#8220;vc-oi vc-oi-dial&#8220; i_icon_typicons=&#8220;typcn typcn-adjust-brightness&#8220; i_icon_entypo=&#8220;entypo-icon entypo-icon-note&#8220; i_icon_linecons=&#8220;vc_li vc_li-heart&#8220; i_icon_monosocial=&#8220;vc-mono vc-mono-fivehundredpx&#8220; i_icon_material=&#8220;vc-material vc-material-cake&#8220; i_color=&#8220;blue&#8220; i_background_style=&#8220;&#8220; i_background_color=&#8220;grey&#8220; i_size=&#8220;md&#8220; i_css_animation=&#8220;&#8220; h2_link=&#8220;url:%2Fde%2Fkontakt%2F|title:Verkauf%20MSR%20Datenlogger&#8220; btn_link=&#8220;url:%2Fde%2Fkontakt%2F|title:Verkauf%20MSR%20Datenlogger&#8220; css=&#8220;.vc_custom_1657345100707{border-top-width: 6px !important;border-right-width: 6px !important;border-bottom-width: 6px !important;border-left-width: 6px !important;border-left-color: #0033cc !important;border-right-color: #0033cc !important;border-top-color: #0033cc !important;border-bottom-color: #0033cc !important;}&#8220; h2_el_id=&#8220;&#8220; h2_el_class=&#8220;&#8220; h4_link=&#8220;&#8220; h4_el_id=&#8220;&#8220; h4_el_class=&#8220;&#8220; custom_background=&#8220;&#8220; custom_text=&#8220;&#8220; btn_el_id=&#8220;&#8220; btn_el_class=&#8220;&#8220; btn_custom_onclick_code=&#8220;&#8220; i_custom_color=&#8220;&#8220; i_custom_background_color=&#8220;&#8220; i_link=&#8220;&#8220; i_el_id=&#8220;&#8220; i_el_class=&#8220;&#8220;][vc_column][vc_cta h2=&#8220;D\u00fcrfen wir Ihnen bei Ihrer Messaufgabe behilflich sein?&#8220; h2_font_container=&#8220;tag:h2|text_align:left|color:%230033cc&#8220; h2_use_theme_fonts=&#8220;yes&#8220; add_button=&#8220;right&#8220; btn_title=&#8220;Kontakt&#8220; use_custom_fonts_h2=&#8220;true&#8220; h2_link=&#8220;url:%2Fde%2Fkontakt%2F|title:Verkauf%20MSR%20Datenlogger&#8220; btn_link=&#8220;url:%2Fde%2Fkontakt%2F|title:Verkauf%20MSR%20Datenlogger&#8220; css=&#8220;.vc_custom_1657345100707{border-top-width: 6px !important;border-right-width: 6px !important;border-bottom-width: 6px !important;border-left-width: 6px !important;border-left-color: #0033cc !important;border-right-color: #0033cc !important;border-top-color: #0033cc !important;border-bottom-color: #0033cc !important;}&#8220;]F\u00fcr eine pers\u00f6nliche Beratung stehen Ihnen \u00fcber 90 MSR-Vertriebspartner in weltweit mehr als 50 L\u00e4ndern zur Verf\u00fcgung.[\/vc_cta][\/vc_column][\/vc_row][vc_row][vc_column][vc_empty_space][\/vc_column][\/vc_row]<\/p>\n<\/div>","protected":false},"excerpt":{"rendered":"<p>[vc_row css=&#8220;.vc_custom_1651844868349{background-position: center !important;background-repeat: no-repeat !important;background-size: contain !important;}&#8220;][vc_column][vc_column_text] Referenzen MSR Electronics GmbH Hier finden Sie eine kleine Auswahl an Firmen und Institutionen, welche MSR Datenlogger einsetzen. Sie m\u00f6chten mehr \u00fcber Anwendungen von MSR Datenlogger in der Praxis wissen? Lesen Sie &hellip;<\/p>\n","protected":false},"author":1,"featured_media":0,"parent":7579,"menu_order":0,"comment_status":"closed","ping_status":"closed","template":"","meta":{"footnotes":""},"yoast_head":"<!-- This site is optimized with the Yoast SEO plugin v22.9 - https:\/\/yoast.com\/wordpress\/plugins\/seo\/ -->\n<title>Referenzen | MSR Electronics GmbH<\/title>\n<meta name=\"description\" content=\"Referenzen MSR Electronics GmbH. Hier finden Sie eine kleine Auswahl an Firmen und Institutionen, welche MSR Datenlogger einsetzen.\" \/>\n<meta name=\"robots\" content=\"index, follow, max-snippet:-1, max-image-preview:large, max-video-preview:-1\" \/>\n<link rel=\"canonical\" href=\"https:\/\/www.msr.ch\/de\/ueberuns\/referenzen\/\" \/>\n<meta property=\"og:locale\" content=\"de_DE\" \/>\n<meta property=\"og:type\" content=\"article\" \/>\n<meta property=\"og:title\" content=\"Referenzen | MSR Electronics GmbH\" \/>\n<meta property=\"og:description\" content=\"Referenzen MSR Electronics GmbH. Hier finden Sie eine kleine Auswahl an Firmen und Institutionen, welche MSR Datenlogger einsetzen.\" \/>\n<meta property=\"og:url\" content=\"https:\/\/www.msr.ch\/de\/ueberuns\/referenzen\/\" \/>\n<meta property=\"og:site_name\" content=\"DE MSR Datenlogger\" \/>\n<meta property=\"article:publisher\" content=\"https:\/\/www.facebook.com\/datenlogger.msr\/\" \/>\n<meta property=\"article:modified_time\" content=\"2023-07-03T05:39:35+00:00\" \/>\n<meta name=\"twitter:card\" content=\"summary_large_image\" \/>\n<meta name=\"twitter:label1\" content=\"Gesch\u00e4tzte Lesezeit\" \/>\n\t<meta name=\"twitter:data1\" content=\"2\u00a0Minuten\" \/>\n<script type=\"application\/ld+json\" class=\"yoast-schema-graph\">{\"@context\":\"https:\/\/schema.org\",\"@graph\":[{\"@type\":\"WebPage\",\"@id\":\"https:\/\/www.msr.ch\/de\/ueberuns\/referenzen\/\",\"url\":\"https:\/\/www.msr.ch\/de\/ueberuns\/referenzen\/\",\"name\":\"Referenzen | MSR Electronics GmbH\",\"isPartOf\":{\"@id\":\"https:\/\/www.msr.ch\/de\/#website\"},\"datePublished\":\"2022-06-13T13:36:58+00:00\",\"dateModified\":\"2023-07-03T05:39:35+00:00\",\"description\":\"Referenzen MSR Electronics GmbH. Hier finden Sie eine kleine Auswahl an Firmen und Institutionen, welche MSR Datenlogger einsetzen.\",\"breadcrumb\":{\"@id\":\"https:\/\/www.msr.ch\/de\/ueberuns\/referenzen\/#breadcrumb\"},\"inLanguage\":\"de\",\"potentialAction\":[{\"@type\":\"ReadAction\",\"target\":[\"https:\/\/www.msr.ch\/de\/ueberuns\/referenzen\/\"]}]},{\"@type\":\"BreadcrumbList\",\"@id\":\"https:\/\/www.msr.ch\/de\/ueberuns\/referenzen\/#breadcrumb\",\"itemListElement\":[{\"@type\":\"ListItem\",\"position\":1,\"name\":\"Home\",\"item\":\"https:\/\/www.msr.ch\/de\/\"},{\"@type\":\"ListItem\",\"position\":2,\"name\":\"\u00dcber uns\",\"item\":\"https:\/\/www.msr.ch\/de\/ueberuns\/\"},{\"@type\":\"ListItem\",\"position\":3,\"name\":\"Referenzen\"}]},{\"@type\":\"WebSite\",\"@id\":\"https:\/\/www.msr.ch\/de\/#website\",\"url\":\"https:\/\/www.msr.ch\/de\/\",\"name\":\"MSR Datenlogger\",\"description\":\"MSR Electronics GmbH\",\"potentialAction\":[{\"@type\":\"SearchAction\",\"target\":{\"@type\":\"EntryPoint\",\"urlTemplate\":\"https:\/\/www.msr.ch\/de\/?s={search_term_string}\"},\"query-input\":\"required name=search_term_string\"}],\"inLanguage\":\"de\"}]}<\/script>\n<!-- \/ Yoast SEO plugin. -->","yoast_head_json":{"title":"Referenzen | MSR Electronics GmbH","description":"Referenzen MSR Electronics GmbH. Hier finden Sie eine kleine Auswahl an Firmen und Institutionen, welche MSR Datenlogger einsetzen.","robots":{"index":"index","follow":"follow","max-snippet":"max-snippet:-1","max-image-preview":"max-image-preview:large","max-video-preview":"max-video-preview:-1"},"canonical":"https:\/\/www.msr.ch\/de\/ueberuns\/referenzen\/","og_locale":"de_DE","og_type":"article","og_title":"Referenzen | MSR Electronics GmbH","og_description":"Referenzen MSR Electronics GmbH. Hier finden Sie eine kleine Auswahl an Firmen und Institutionen, welche MSR Datenlogger einsetzen.","og_url":"https:\/\/www.msr.ch\/de\/ueberuns\/referenzen\/","og_site_name":"DE MSR Datenlogger","article_publisher":"https:\/\/www.facebook.com\/datenlogger.msr\/","article_modified_time":"2023-07-03T05:39:35+00:00","twitter_card":"summary_large_image","twitter_misc":{"Gesch\u00e4tzte Lesezeit":"2\u00a0Minuten"},"schema":{"@context":"https:\/\/schema.org","@graph":[{"@type":"WebPage","@id":"https:\/\/www.msr.ch\/de\/ueberuns\/referenzen\/","url":"https:\/\/www.msr.ch\/de\/ueberuns\/referenzen\/","name":"Referenzen | MSR Electronics GmbH","isPartOf":{"@id":"https:\/\/www.msr.ch\/de\/#website"},"datePublished":"2022-06-13T13:36:58+00:00","dateModified":"2023-07-03T05:39:35+00:00","description":"Referenzen MSR Electronics GmbH. Hier finden Sie eine kleine Auswahl an Firmen und Institutionen, welche MSR Datenlogger einsetzen.","breadcrumb":{"@id":"https:\/\/www.msr.ch\/de\/ueberuns\/referenzen\/#breadcrumb"},"inLanguage":"de","potentialAction":[{"@type":"ReadAction","target":["https:\/\/www.msr.ch\/de\/ueberuns\/referenzen\/"]}]},{"@type":"BreadcrumbList","@id":"https:\/\/www.msr.ch\/de\/ueberuns\/referenzen\/#breadcrumb","itemListElement":[{"@type":"ListItem","position":1,"name":"Home","item":"https:\/\/www.msr.ch\/de\/"},{"@type":"ListItem","position":2,"name":"\u00dcber uns","item":"https:\/\/www.msr.ch\/de\/ueberuns\/"},{"@type":"ListItem","position":3,"name":"Referenzen"}]},{"@type":"WebSite","@id":"https:\/\/www.msr.ch\/de\/#website","url":"https:\/\/www.msr.ch\/de\/","name":"MSR Datenlogger","description":"MSR Electronics GmbH","potentialAction":[{"@type":"SearchAction","target":{"@type":"EntryPoint","urlTemplate":"https:\/\/www.msr.ch\/de\/?s={search_term_string}"},"query-input":"required name=search_term_string"}],"inLanguage":"de"}]}},"_links":{"self":[{"href":"https:\/\/www.msr.ch\/de\/wp-json\/wp\/v2\/pages\/9446"}],"collection":[{"href":"https:\/\/www.msr.ch\/de\/wp-json\/wp\/v2\/pages"}],"about":[{"href":"https:\/\/www.msr.ch\/de\/wp-json\/wp\/v2\/types\/page"}],"author":[{"embeddable":true,"href":"https:\/\/www.msr.ch\/de\/wp-json\/wp\/v2\/users\/1"}],"replies":[{"embeddable":true,"href":"https:\/\/www.msr.ch\/de\/wp-json\/wp\/v2\/comments?post=9446"}],"version-history":[{"count":32,"href":"https:\/\/www.msr.ch\/de\/wp-json\/wp\/v2\/pages\/9446\/revisions"}],"predecessor-version":[{"id":12314,"href":"https:\/\/www.msr.ch\/de\/wp-json\/wp\/v2\/pages\/9446\/revisions\/12314"}],"up":[{"embeddable":true,"href":"https:\/\/www.msr.ch\/de\/wp-json\/wp\/v2\/pages\/7579"}],"wp:attachment":[{"href":"https:\/\/www.msr.ch\/de\/wp-json\/wp\/v2\/media?parent=9446"}],"curies":[{"name":"wp","href":"https:\/\/api.w.org\/{rel}","templated":true}]}}