{"id":9476,"date":"2022-06-14T12:00:52","date_gmt":"2022-06-14T12:00:52","guid":{"rendered":"https:\/\/karabeg.xyz\/de\/?page_id=9476"},"modified":"2022-12-13T09:19:46","modified_gmt":"2022-12-13T09:19:46","slug":"impressum","status":"publish","type":"page","link":"https:\/\/www.msr.ch\/de\/impressum\/","title":{"rendered":"Impressum"},"content":{"rendered":"<div class=\"wpb-content-wrapper\"><p>[vc_row css=&#8220;.vc_custom_1651844868349{background-position: center !important;background-repeat: no-repeat !important;background-size: contain !important;}&#8220;][vc_column][vc_column_text]<\/p>\n<h1 class=\"entry-title\">Impressum<\/h1>\n<p>MSR Electronics GmbH | Mettlenstrasse 6<br \/>\n8472 Seuzach | Schweiz<br \/>\nTel. +41 52 316 25 55 8 | <a title=\"E-Mail\" href=\"\/de\/kontakt\/\">E-Mail<\/a><\/p>\n<p>Firmennummer: HR CHE-112.844.962<br \/>\nEingetragen im Handelsregister des Kanton Z\u00fcrich.<\/p>\n<p>MwSt.-Nr.: CHE-112.844.962<\/p>\n<p>Gesch\u00e4ftsf\u00fchrer Wendelin Egli<br \/>\nFirmensitz: Seuzach<\/p>\n<p>Verantwortlich f\u00fcr die Webseite: MSR Electronics GmbH[\/vc_column_text][\/vc_column][\/vc_row]<\/p>\n<\/div>","protected":false},"excerpt":{"rendered":"<p>[vc_row css=&#8220;.vc_custom_1651844868349{background-position: center !important;background-repeat: no-repeat !important;background-size: contain !important;}&#8220;][vc_column][vc_column_text] Impressum MSR Electronics GmbH | Mettlenstrasse 6 8472 Seuzach | Schweiz Tel. +41 52 316 25 55 8 | E-Mail Firmennummer: HR CHE-112.844.962 Eingetragen im Handelsregister des Kanton Z\u00fcrich. MwSt.-Nr.: CHE-112.844.962 Gesch\u00e4ftsf\u00fchrer &hellip;<\/p>\n","protected":false},"author":1,"featured_media":0,"parent":0,"menu_order":0,"comment_status":"closed","ping_status":"closed","template":"","meta":{"footnotes":""},"yoast_head":"<!-- This site is optimized with the Yoast SEO plugin v22.9 - https:\/\/yoast.com\/wordpress\/plugins\/seo\/ -->\n<title>Impressum | DE MSR Datenlogger<\/title>\n<meta name=\"robots\" content=\"index, follow, max-snippet:-1, max-image-preview:large, max-video-preview:-1\" \/>\n<link rel=\"canonical\" href=\"https:\/\/www.msr.ch\/de\/impressum\/\" \/>\n<meta property=\"og:locale\" content=\"de_DE\" \/>\n<meta property=\"og:type\" content=\"article\" \/>\n<meta property=\"og:title\" content=\"Impressum | DE MSR Datenlogger\" \/>\n<meta property=\"og:description\" content=\"[vc_row css=&#8220;.vc_custom_1651844868349{background-position: center !important;background-repeat: no-repeat !important;background-size: contain !important;}&#8220;][vc_column][vc_column_text] Impressum MSR Electronics GmbH | Mettlenstrasse 6 8472 Seuzach | Schweiz Tel. +41 52 316 25 55 8 | E-Mail Firmennummer: HR CHE-112.844.962 Eingetragen im Handelsregister des Kanton Z\u00fcrich. MwSt.-Nr.: CHE-112.844.962 Gesch\u00e4ftsf\u00fchrer &hellip;\" \/>\n<meta property=\"og:url\" content=\"https:\/\/www.msr.ch\/de\/impressum\/\" \/>\n<meta property=\"og:site_name\" content=\"DE MSR Datenlogger\" \/>\n<meta property=\"article:publisher\" content=\"https:\/\/www.facebook.com\/datenlogger.msr\/\" \/>\n<meta property=\"article:modified_time\" content=\"2022-12-13T09:19:46+00:00\" \/>\n<meta name=\"twitter:card\" content=\"summary_large_image\" \/>\n<meta name=\"twitter:label1\" content=\"Gesch\u00e4tzte Lesezeit\" \/>\n\t<meta name=\"twitter:data1\" content=\"1\u00a0Minute\" \/>\n<script type=\"application\/ld+json\" class=\"yoast-schema-graph\">{\"@context\":\"https:\/\/schema.org\",\"@graph\":[{\"@type\":\"WebPage\",\"@id\":\"https:\/\/www.msr.ch\/de\/impressum\/\",\"url\":\"https:\/\/www.msr.ch\/de\/impressum\/\",\"name\":\"Impressum | DE MSR Datenlogger\",\"isPartOf\":{\"@id\":\"https:\/\/www.msr.ch\/de\/#website\"},\"datePublished\":\"2022-06-14T12:00:52+00:00\",\"dateModified\":\"2022-12-13T09:19:46+00:00\",\"breadcrumb\":{\"@id\":\"https:\/\/www.msr.ch\/de\/impressum\/#breadcrumb\"},\"inLanguage\":\"de\",\"potentialAction\":[{\"@type\":\"ReadAction\",\"target\":[\"https:\/\/www.msr.ch\/de\/impressum\/\"]}]},{\"@type\":\"BreadcrumbList\",\"@id\":\"https:\/\/www.msr.ch\/de\/impressum\/#breadcrumb\",\"itemListElement\":[{\"@type\":\"ListItem\",\"position\":1,\"name\":\"Home\",\"item\":\"https:\/\/www.msr.ch\/de\/\"},{\"@type\":\"ListItem\",\"position\":2,\"name\":\"Impressum\"}]},{\"@type\":\"WebSite\",\"@id\":\"https:\/\/www.msr.ch\/de\/#website\",\"url\":\"https:\/\/www.msr.ch\/de\/\",\"name\":\"MSR Datenlogger\",\"description\":\"MSR Electronics GmbH\",\"potentialAction\":[{\"@type\":\"SearchAction\",\"target\":{\"@type\":\"EntryPoint\",\"urlTemplate\":\"https:\/\/www.msr.ch\/de\/?s={search_term_string}\"},\"query-input\":\"required name=search_term_string\"}],\"inLanguage\":\"de\"}]}<\/script>\n<!-- \/ Yoast SEO plugin. -->","yoast_head_json":{"title":"Impressum | DE MSR Datenlogger","robots":{"index":"index","follow":"follow","max-snippet":"max-snippet:-1","max-image-preview":"max-image-preview:large","max-video-preview":"max-video-preview:-1"},"canonical":"https:\/\/www.msr.ch\/de\/impressum\/","og_locale":"de_DE","og_type":"article","og_title":"Impressum | DE MSR Datenlogger","og_description":"[vc_row css=&#8220;.vc_custom_1651844868349{background-position: center !important;background-repeat: no-repeat !important;background-size: contain !important;}&#8220;][vc_column][vc_column_text] Impressum MSR Electronics GmbH | Mettlenstrasse 6 8472 Seuzach | Schweiz Tel. +41 52 316 25 55 8 | E-Mail Firmennummer: HR CHE-112.844.962 Eingetragen im Handelsregister des Kanton Z\u00fcrich. MwSt.-Nr.: CHE-112.844.962 Gesch\u00e4ftsf\u00fchrer &hellip;","og_url":"https:\/\/www.msr.ch\/de\/impressum\/","og_site_name":"DE MSR Datenlogger","article_publisher":"https:\/\/www.facebook.com\/datenlogger.msr\/","article_modified_time":"2022-12-13T09:19:46+00:00","twitter_card":"summary_large_image","twitter_misc":{"Gesch\u00e4tzte Lesezeit":"1\u00a0Minute"},"schema":{"@context":"https:\/\/schema.org","@graph":[{"@type":"WebPage","@id":"https:\/\/www.msr.ch\/de\/impressum\/","url":"https:\/\/www.msr.ch\/de\/impressum\/","name":"Impressum | DE MSR Datenlogger","isPartOf":{"@id":"https:\/\/www.msr.ch\/de\/#website"},"datePublished":"2022-06-14T12:00:52+00:00","dateModified":"2022-12-13T09:19:46+00:00","breadcrumb":{"@id":"https:\/\/www.msr.ch\/de\/impressum\/#breadcrumb"},"inLanguage":"de","potentialAction":[{"@type":"ReadAction","target":["https:\/\/www.msr.ch\/de\/impressum\/"]}]},{"@type":"BreadcrumbList","@id":"https:\/\/www.msr.ch\/de\/impressum\/#breadcrumb","itemListElement":[{"@type":"ListItem","position":1,"name":"Home","item":"https:\/\/www.msr.ch\/de\/"},{"@type":"ListItem","position":2,"name":"Impressum"}]},{"@type":"WebSite","@id":"https:\/\/www.msr.ch\/de\/#website","url":"https:\/\/www.msr.ch\/de\/","name":"MSR Datenlogger","description":"MSR Electronics GmbH","potentialAction":[{"@type":"SearchAction","target":{"@type":"EntryPoint","urlTemplate":"https:\/\/www.msr.ch\/de\/?s={search_term_string}"},"query-input":"required name=search_term_string"}],"inLanguage":"de"}]}},"_links":{"self":[{"href":"https:\/\/www.msr.ch\/de\/wp-json\/wp\/v2\/pages\/9476"}],"collection":[{"href":"https:\/\/www.msr.ch\/de\/wp-json\/wp\/v2\/pages"}],"about":[{"href":"https:\/\/www.msr.ch\/de\/wp-json\/wp\/v2\/types\/page"}],"author":[{"embeddable":true,"href":"https:\/\/www.msr.ch\/de\/wp-json\/wp\/v2\/users\/1"}],"replies":[{"embeddable":true,"href":"https:\/\/www.msr.ch\/de\/wp-json\/wp\/v2\/comments?post=9476"}],"version-history":[{"count":6,"href":"https:\/\/www.msr.ch\/de\/wp-json\/wp\/v2\/pages\/9476\/revisions"}],"predecessor-version":[{"id":11553,"href":"https:\/\/www.msr.ch\/de\/wp-json\/wp\/v2\/pages\/9476\/revisions\/11553"}],"wp:attachment":[{"href":"https:\/\/www.msr.ch\/de\/wp-json\/wp\/v2\/media?parent=9476"}],"curies":[{"name":"wp","href":"https:\/\/api.w.org\/{rel}","templated":true}]}}