{"id":9505,"date":"2022-06-14T13:19:44","date_gmt":"2022-06-14T13:19:44","guid":{"rendered":"https:\/\/karabeg.xyz\/de\/?page_id=9505"},"modified":"2023-10-23T11:30:10","modified_gmt":"2023-10-23T11:30:10","slug":"videos","status":"publish","type":"page","link":"https:\/\/www.msr.ch\/de\/ueberuns\/videos\/","title":{"rendered":"Videos"},"content":{"rendered":"<div class=\"wpb-content-wrapper\"><p>[vc_row css=&#8220;.vc_custom_1453207537712{margin-bottom: 20px !important;}&#8220;][vc_column][vc_column_text]<\/p>\n<h1>MSR Datenlogger: Produktvideos und TV-Berichte<\/h1>\n<p>[\/vc_column_text][\/vc_column][\/vc_row][vc_row css=&#8220;.vc_custom_1661347698138{margin: 2px !important;padding: 10px !important;background-color: #f8f9f9 !important;}&#8220;][vc_column width=&#8220;1\/2&#8243;][vc_custom_heading text=&#8220;Schweizer Fernsehen SRF: Schweizer Technik im All \u2013 Datenlogger von MSR Electronics&#8220; use_theme_fonts=&#8220;yes&#8220; css=&#8220;.vc_custom_1665059235721{margin-top: 2px !important;margin-right: 2px !important;margin-bottom: 2px !important;margin-left: 2px !important;padding-top: 10px !important;padding-right: 10px !important;padding-bottom: 10px !important;padding-left: 10px !important;}&#8220;][vc_video link=&#8220;https:\/\/www.youtube.com\/watch?v=59YeKL4HTSk&amp;t=6s&#8220; css=&#8220;.vc_custom_1665059008709{margin-top: 2px !important;margin-right: 2px !important;margin-bottom: 2px !important;margin-left: 2px !important;padding-top: 10px !important;padding-right: 10px !important;padding-bottom: 10px !important;padding-left: 10px !important;}&#8220;][vc_column_text css=&#8220;.vc_custom_1697633423491{margin-top: 2px !important;margin-right: 2px !important;margin-bottom: 2px !important;margin-left: 2px !important;padding-top: 10px !important;padding-right: 10px !important;padding-bottom: 10px !important;padding-left: 10px !important;}&#8220;]<\/p>\n<div>\n<div>\n<p>Mini-Datenlogger der MSR Electronics GmbH begleiten die Fl\u00fcge des unbemannten Raumfrachters \u00abCygnus\u00bb zur Internationalen Raumstation ISS. Die <a title=\"MSR165: Datenlogger f\u00fcr Schock und Vibration\" href=\"\/de\/produkt\/datenlogger-schock-vibration-msr165\/\">Schock- und Vibrations-Datenlogger des Typs MSR165<\/a> liefern den amerikanischen Raumfahrbeh\u00f6rden detaillierte Daten \u00fcber Transportbelastungen, welche auf das Frachtgut des unbemannten Versorgungsraumschiffes einwirken. <a title=\"Unterwegs im All: Datenlogger von MSR Electronics\" href=\"\/de\/portfolio\/msr-schock-datenlogger-ueberwachen-transport-iss-nasa\/\">Mehr zum Einsatz der MSR Datenlogger bei der amerikanischen Orbital Sciences Corporation&#8230;<\/a><\/p>\n<\/div>\n<\/div>\n<p>[\/vc_column_text][\/vc_column][vc_column width=&#8220;1\/2&#8243;][vc_custom_heading text=&#8220;Sichere Transport\u00fcberwachung mit dem Datenlogger MSR175plus GPS&#8220; use_theme_fonts=&#8220;yes&#8220; css=&#8220;.vc_custom_1697633071912{margin-top: 2px !important;margin-right: 2px !important;margin-bottom: 2px !important;margin-left: 2px !important;padding-top: 10px !important;padding-right: 10px !important;padding-bottom: 10px !important;padding-left: 10px !important;}&#8220;][vc_video link=&#8220;https:\/\/youtu.be\/MazN-LsAJ4w&#8220; css=&#8220;.vc_custom_1697698006965{margin-top: 2px !important;margin-right: 2px !important;margin-bottom: 2px !important;margin-left: 2px !important;padding-top: 10px !important;padding-right: 10px !important;padding-bottom: 10px !important;padding-left: 10px !important;}&#8220;][vc_column_text css=&#8220;.vc_custom_1697632985346{margin-top: 2px !important;margin-right: 2px !important;margin-bottom: 2px !important;margin-left: 2px !important;padding-top: 10px !important;padding-right: 20px !important;padding-bottom: 10px !important;padding-left: 20px !important;}&#8220;]<\/p>\n<div id=\"info-container\" class=\"style-scope ytd-watch-info-text\">\n<div id=\"view-count\" class=\"style-scope ytd-watch-info-text\" aria-label=\"2 Aufrufe \"><\/div>\n<\/div>\n<p class=\"row\"><span class=\"yt-core-attributed-string yt-core-attributed-string--white-space-pre-wrap\" role=\"text\"><a href=\"\/de\/produkt\/transport-datenlogger-msr175plus-gps\/\">Transport-Datenlogger MSR175plus GPS<\/a> f\u00fcr eine weltweit sichere Transport\u00fcberwachung. Mit Datenlogger als Transportbegleiter lassen sich die Ursachen von Transportsch\u00e4den rasch und beweiskr\u00e4ftig aufdecken.<\/span><\/p>\n<p>[\/vc_column_text][\/vc_column][\/vc_row][vc_row][vc_column][vc_empty_space][\/vc_column][\/vc_row][vc_row css=&#8220;.vc_custom_1661347698138{margin: 2px !important;padding: 10px !important;background-color: #f8f9f9 !important;}&#8220;][vc_column width=&#8220;1\/2&#8243;][vc_custom_heading text=&#8220;Transport\u00fcberwachung: Sch\u00fctzen Sie mit MSR Datenloggern Ihre G\u00fcter!&#8220; use_theme_fonts=&#8220;yes&#8220; css=&#8220;.vc_custom_1665058482100{margin: 2px !important;padding: 10px !important;}&#8220;][vc_video link=&#8220;https:\/\/www.youtube.com\/watch?v=U5utTK9mrn4&#8243; css=&#8220;.vc_custom_1665058496144{margin: 2px !important;padding: 10px !important;}&#8220;][vc_column_text css=&#8220;.vc_custom_1697633458150{margin-top: 2px !important;margin-right: 2px !important;margin-bottom: 2px !important;margin-left: 2px !important;padding-top: 10px !important;padding-right: 20px !important;padding-bottom: 10px !important;padding-left: 20px !important;}&#8220;]<\/p>\n<p class=\"row\">Frachtg\u00fcter unterliegen in Transporten einer Vielzahl von \u00e4usseren Einwirkungen, durch die sie Schaden nehmen k\u00f6nnen. Sch\u00fctzen Sie Ihre G\u00fcter mit Datenloggern von MSR! Die robusten <a title=\"MSR165: Datenlogger f\u00fcr Langzeitmessungen von Schock und Vibration\" href=\"\/de\/produkt\/datenlogger-schock-vibration-msr165\/\">MSR165-Logger<\/a> geben l\u00fcckenlos Aufschluss \u00fcber die Transportumst\u00e4nde Ihrer G\u00fctersendung. Kritische Ereignisse wie Ersch\u00fctterungen, St\u00f6sse, Vibrationen etc. werden mittels 3-Achsen-Beschleunigungssensor w\u00e4hrend Transport und Lagerung pr\u00e4zise aufgezeichnet.<\/p>\n<p>[\/vc_column_text][\/vc_column][vc_column width=&#8220;1\/2&#8243;][vc_custom_heading text=&#8220;3sat, Deutschland: Fragile Fracht \u2013 sichere Kunsttransporte dank Forschung&#8220; use_theme_fonts=&#8220;yes&#8220; css=&#8220;.vc_custom_1665059093907{margin-top: 2px !important;margin-right: 2px !important;margin-bottom: 2px !important;margin-left: 2px !important;padding-top: 10px !important;padding-right: 10px !important;padding-bottom: 10px !important;padding-left: 10px !important;}&#8220;][vc_video link=&#8220;https:\/\/youtu.be\/nZcWqoJydKY&#8220; css=&#8220;.vc_custom_1665059064245{margin: 2px !important;padding: 10px !important;}&#8220;][vc_column_text css=&#8220;.vc_custom_1697633528194{margin-top: 2px !important;margin-right: 2px !important;margin-bottom: 2px !important;margin-left: 2px !important;padding-top: 10px !important;padding-right: 10px !important;padding-bottom: 10px !important;padding-left: 10px !important;}&#8220;]In welcher Verpackung transportiert man Kunstgem\u00e4lde am sichersten? Dieser Frage gehen die Fachleute des Bereichs KuR an der Berner Fachhochschule BFH\/Hochschule der K\u00fcnste Bern HKB und des Instituts f\u00fcr mechatronische Systeme ifms an der BFH-TI in Burgdorf in ihrem KTI-Forschungsprojekt \u00abTransport fragiler Gem\u00e4lde \u2013 Entwicklung neuer Verfahren f\u00fcr die effiziente Schock- und Vibrationsd\u00e4mpfung\u00bb nach. Um zu untersuchen, wie gut verschiedene Verpackungssysteme die von Lkws erzeugten Ersch\u00fctterungen d\u00e4mpfen, werden <a title=\"MSR165: Datenlogger f\u00fcr Schock und Vibration\" href=\"\/de\/produkt\/datenlogger-schock-vibration-msr165\/\">MSR165 Datenlogger<\/a> eingesetzt. Die Wissenschaftssendung \u00abnano\u00bb des Fernsehprogrammes \u201e3sat\u201c berichtete in dem Beitrag \u00ab<a title=\"Das Bild in der Box\" href=\"http:\/\/www.3sat.de\/page\/?source=\/nano\/technik\/178898\/index.html\" target=\"_blank\" rel=\"noopener\">Das Bild in der Box\u00bb<\/a> \u00fcber das Berner KTI-Projekt. <a title=\"Transport fragiler Gem\u00e4lde \u2013 Entwicklung neuer Verfahren f\u00fcr die effiziente Schock- und Vibrationsd\u00e4mpfung\" href=\"\/de\/portfolio\/datenlogger-transport-gemaelde-schock-vibrationsdaemfpung\/\">Mehr Infos&#8230;<\/a>[\/vc_column_text][\/vc_column][\/vc_row][vc_row][vc_column][vc_empty_space][\/vc_column][\/vc_row][vc_row css=&#8220;.vc_custom_1661347582687{margin: 2px !important;padding: 10px !important;background-color: #f8f9f9 !important;}&#8220;][vc_column width=&#8220;1\/2&#8243;][vc_custom_heading text=&#8220;RTL, Deutschland: Highspeed in Badehosen: G-Kr\u00e4fte-Aufzeichnung in Wasserrutschen&#8220; use_theme_fonts=&#8220;yes&#8220; css=&#8220;.vc_custom_1665059145761{margin-top: 2px !important;margin-right: 2px !important;margin-bottom: 2px !important;margin-left: 2px !important;padding-top: 10px !important;padding-right: 10px !important;padding-bottom: 10px !important;padding-left: 10px !important;}&#8220;][vc_video link=&#8220;https:\/\/youtu.be\/N8o8XBVYkYc&#8220; css=&#8220;.vc_custom_1665059117428{margin: 2px !important;padding: 10px !important;}&#8220;][vc_column_text css=&#8220;.vc_custom_1665059166574{margin-top: 2px !important;margin-right: 2px !important;margin-bottom: 2px !important;margin-left: 2px !important;padding-top: 10px !important;padding-right: 20px !important;padding-bottom: 10px !important;padding-left: 20px !important;}&#8220;]<\/p>\n<p class=\"row\">Immer mehr Spass- und Erlebnisb\u00e4der r\u00fcsten auf. Schneller, h\u00f6her, steiler, lautet die Devise, um den Badeg\u00e4sten den gr\u00f6sstm\u00f6glichen Adrenalin-Schub zu bieten. Gleichzeitig werden auch die Anforderungen an die Sicherheit immer h\u00f6her. Eine wesentliche Rolle in Punkto Sicherheit spielt dabei die k\u00f6rperliche Belastung der Benutzer. Welchen Beschleunigungskr\u00e4ften sind sie ausgesetzt? Die TV-Reihe \u00abFuture Trend Reportage\u00bb des deutschen TV-Senders RTL geht dieser Frage auf den Grund. Mit Hilfe des <a title=\"MSR165: Datenlogger f\u00fcr Langzeitmessungen von Schock und Vibration\" href=\"\/de\/produkt\/datenlogger-schock-vibration-msr165\/\">Beschleunigungs-Datenloggers MSR165<\/a> werden die G-Kr\u00e4fte, welche beim Rutschen auf den Menschen wirken, bestimmt und analysiert (im Video ab 20:00).<\/p>\n<p>[\/vc_column_text][\/vc_column][vc_column width=&#8220;1\/2&#8243;][vc_custom_heading text=&#8220;Was sind eigentlich Datenlogger?&#8220; use_theme_fonts=&#8220;yes&#8220; css=&#8220;.vc_custom_1665059252006{margin: 2px !important;padding: 10px !important;}&#8220;][vc_video link=&#8220;https:\/\/youtu.be\/G7JlpdIIxwk&#8220; css=&#8220;.vc_custom_1665059265948{margin: 2px !important;padding: 10px !important;}&#8220;][vc_column_text css=&#8220;.vc_custom_1665059278480{margin: 2px !important;padding: 10px !important;}&#8220;]Der Journalist Wolfgang Rudolph geht dieser Frage, was ein Datenlogger eigentlich ist, auf den Grund und stellt Datenlogger aus der MSR-Serie zur Sammlung von Messwerten verschiedenster Parameter wie Temperatur, Feuchte und Beschleunigung vor. Der bekennende Technikfan geht kurz auf die Besonderheiten der MSR Datenlogger-Typen <a title=\"MSR145: Der revolution\u00e4re Mini-Datenlogger\" href=\"\/de\/produkt\/datenlogger-temperatur-feuchte-druck-beschleunigung-msr145\/\">MSR145<\/a>, <a title=\"Mini-Datenlogger MSR160: 4 Analogeing\u00e4nge und microSD-Karte\" href=\"\/de\/produkt\/datenlogger-analoge-eingaenge-msr160\/\">MSR160<\/a>, <a title=\"MSR165: Datenlogger f\u00fcr Langzeitmessungen von Schock und Vibration\" href=\"\/de\/produkt\/datenlogger-schock-vibration-msr165\/\">MSR165<\/a> und <a title=\"Datenlogger MSR255: Robustes Multitalent mit LC-Anzeige\" href=\"\/de\/produkt\/datenlogger-druck-beschleunigung-feuchtigkeit-temperatur-msr255\/\">MSR255<\/a> ein, pr\u00e4sentiert die MSR PC-Software und f\u00fchrt eine praxisnahe Anwendung vor. Dazu wird der mit einem 3-Achsen-Beschleunigungssensor sowie einem Temperatur- und Luftdrucksensor ausgestattete MSR165 Datenlogger an einem ferngesteuerten Hubschrauber befestigt und los geht\u2019s&#8230;[\/vc_column_text][\/vc_column][\/vc_row][vc_row full_width=&#8220;stretch_row&#8220;][vc_column][vc_empty_space][\/vc_column][\/vc_row][vc_row][vc_column width=&#8220;1\/2&#8243;][vc_cta h2=&#8220;\u00dcberlassen Sie die Wahl Ihres Datenloggers nicht dem Zufall.&#8220; h2_font_container=&#8220;tag:h2|text_align:left|color:%230033cc&#8220; h2_use_theme_fonts=&#8220;yes&#8220; h4=&#8220;Nutzen Sie unsere Erfahrung und Kompetenz.&#8220; add_button=&#8220;right&#8220; btn_title=&#8220;Kontakt&#8220; use_custom_fonts_h2=&#8220;true&#8220; h2_link=&#8220;url:%2Fde%2Fkontakt%2F|title:Kontakt%20MSR%20Datenlogger&#8220; btn_link=&#8220;url:%2Fde%2Fkontakt%2F|title:Kontakt%20MSR%20Datenlogger&#8220; el_class=&#8220;grey-subline&#8220; css=&#8220;.vc_custom_1656495996964{margin-top: 18px !important;}&#8220;]F\u00fcr eine pers\u00f6nliche Beratung stehen Ihnen \u00fcber 90 MSR-Vertriebspartner in weltweit mehr als 50 L\u00e4ndern zur Verf\u00fcgung.[\/vc_cta][\/vc_column][vc_column width=&#8220;1\/2&#8243;][msrnewslettersub newslettersub_img=&#8220;2634&#8243;][\/vc_column][\/vc_row][vc_row][vc_column][vc_empty_space][\/vc_column][\/vc_row]<\/p>\n<\/div>","protected":false},"excerpt":{"rendered":"<p>[vc_row css=&#8220;.vc_custom_1453207537712{margin-bottom: 20px !important;}&#8220;][vc_column][vc_column_text] MSR Datenlogger: Produktvideos und TV-Berichte [\/vc_column_text][\/vc_column][\/vc_row][vc_row css=&#8220;.vc_custom_1661347698138{margin: 2px !important;padding: 10px !important;background-color: #f8f9f9 !important;}&#8220;][vc_column width=&#8220;1\/2&#8243;][vc_custom_heading text=&#8220;Schweizer Fernsehen SRF: Schweizer Technik im All \u2013 Datenlogger von MSR Electronics&#8220; use_theme_fonts=&#8220;yes&#8220; css=&#8220;.vc_custom_1665059235721{margin-top: 2px !important;margin-right: 2px !important;margin-bottom: 2px !important;margin-left: 2px !important;padding-top: &hellip;<\/p>\n","protected":false},"author":1,"featured_media":3068,"parent":7579,"menu_order":0,"comment_status":"closed","ping_status":"closed","template":"","meta":{"footnotes":""},"yoast_head":"<!-- This site is optimized with the Yoast SEO plugin v22.9 - https:\/\/yoast.com\/wordpress\/plugins\/seo\/ -->\n<title>MSR Datenlogger Videos, TV-Berichte | MSR Electronics<\/title>\n<meta name=\"description\" content=\"MSR Datenlogger: Produktvideos und TV-Berichte. Hier finden Sie eine Auswahl an Videos und Berichten \u00fcber den Einsatz von MSR Datenloggern\" \/>\n<meta name=\"robots\" content=\"index, follow, max-snippet:-1, max-image-preview:large, max-video-preview:-1\" \/>\n<link rel=\"canonical\" href=\"https:\/\/www.msr.ch\/de\/ueberuns\/videos\/\" \/>\n<meta property=\"og:locale\" content=\"de_DE\" \/>\n<meta property=\"og:type\" content=\"article\" \/>\n<meta property=\"og:title\" content=\"MSR Datenlogger Videos, TV-Berichte | MSR Electronics\" \/>\n<meta property=\"og:description\" content=\"MSR Datenlogger: Produktvideos und TV-Berichte. Hier finden Sie eine Auswahl an Videos und Berichten \u00fcber den Einsatz von MSR Datenloggern\" \/>\n<meta property=\"og:url\" content=\"https:\/\/www.msr.ch\/de\/ueberuns\/videos\/\" \/>\n<meta property=\"og:site_name\" content=\"DE MSR Datenlogger\" \/>\n<meta property=\"article:publisher\" content=\"https:\/\/www.facebook.com\/datenlogger.msr\/\" \/>\n<meta property=\"article:modified_time\" content=\"2023-10-23T11:30:10+00:00\" \/>\n<meta name=\"twitter:card\" content=\"summary_large_image\" \/>\n<meta name=\"twitter:label1\" content=\"Gesch\u00e4tzte Lesezeit\" \/>\n\t<meta name=\"twitter:data1\" content=\"5\u00a0Minuten\" \/>\n<script type=\"application\/ld+json\" class=\"yoast-schema-graph\">{\"@context\":\"https:\/\/schema.org\",\"@graph\":[{\"@type\":\"WebPage\",\"@id\":\"https:\/\/www.msr.ch\/de\/ueberuns\/videos\/\",\"url\":\"https:\/\/www.msr.ch\/de\/ueberuns\/videos\/\",\"name\":\"MSR Datenlogger Videos, TV-Berichte | MSR Electronics\",\"isPartOf\":{\"@id\":\"https:\/\/www.msr.ch\/de\/#website\"},\"primaryImageOfPage\":{\"@id\":\"https:\/\/www.msr.ch\/de\/ueberuns\/videos\/#primaryimage\"},\"image\":{\"@id\":\"https:\/\/www.msr.ch\/de\/ueberuns\/videos\/#primaryimage\"},\"thumbnailUrl\":\"https:\/\/www.msr.ch\/images\/Flug-ins-All-Cygnus-SRF-1.jpg\",\"datePublished\":\"2022-06-14T13:19:44+00:00\",\"dateModified\":\"2023-10-23T11:30:10+00:00\",\"description\":\"MSR Datenlogger: Produktvideos und TV-Berichte. Hier finden Sie eine Auswahl an Videos und Berichten \u00fcber den Einsatz von MSR Datenloggern\",\"breadcrumb\":{\"@id\":\"https:\/\/www.msr.ch\/de\/ueberuns\/videos\/#breadcrumb\"},\"inLanguage\":\"de\",\"potentialAction\":[{\"@type\":\"ReadAction\",\"target\":[\"https:\/\/www.msr.ch\/de\/ueberuns\/videos\/\"]}]},{\"@type\":\"ImageObject\",\"inLanguage\":\"de\",\"@id\":\"https:\/\/www.msr.ch\/de\/ueberuns\/videos\/#primaryimage\",\"url\":\"https:\/\/www.msr.ch\/images\/Flug-ins-All-Cygnus-SRF-1.jpg\",\"contentUrl\":\"https:\/\/www.msr.ch\/images\/Flug-ins-All-Cygnus-SRF-1.jpg\"},{\"@type\":\"BreadcrumbList\",\"@id\":\"https:\/\/www.msr.ch\/de\/ueberuns\/videos\/#breadcrumb\",\"itemListElement\":[{\"@type\":\"ListItem\",\"position\":1,\"name\":\"Home\",\"item\":\"https:\/\/www.msr.ch\/de\/\"},{\"@type\":\"ListItem\",\"position\":2,\"name\":\"\u00dcber uns\",\"item\":\"https:\/\/www.msr.ch\/de\/ueberuns\/\"},{\"@type\":\"ListItem\",\"position\":3,\"name\":\"Videos\"}]},{\"@type\":\"WebSite\",\"@id\":\"https:\/\/www.msr.ch\/de\/#website\",\"url\":\"https:\/\/www.msr.ch\/de\/\",\"name\":\"MSR Datenlogger\",\"description\":\"MSR Electronics GmbH\",\"potentialAction\":[{\"@type\":\"SearchAction\",\"target\":{\"@type\":\"EntryPoint\",\"urlTemplate\":\"https:\/\/www.msr.ch\/de\/?s={search_term_string}\"},\"query-input\":\"required name=search_term_string\"}],\"inLanguage\":\"de\"}]}<\/script>\n<!-- \/ Yoast SEO plugin. -->","yoast_head_json":{"title":"MSR Datenlogger Videos, TV-Berichte | MSR Electronics","description":"MSR Datenlogger: Produktvideos und TV-Berichte. Hier finden Sie eine Auswahl an Videos und Berichten \u00fcber den Einsatz von MSR Datenloggern","robots":{"index":"index","follow":"follow","max-snippet":"max-snippet:-1","max-image-preview":"max-image-preview:large","max-video-preview":"max-video-preview:-1"},"canonical":"https:\/\/www.msr.ch\/de\/ueberuns\/videos\/","og_locale":"de_DE","og_type":"article","og_title":"MSR Datenlogger Videos, TV-Berichte | MSR Electronics","og_description":"MSR Datenlogger: Produktvideos und TV-Berichte. Hier finden Sie eine Auswahl an Videos und Berichten \u00fcber den Einsatz von MSR Datenloggern","og_url":"https:\/\/www.msr.ch\/de\/ueberuns\/videos\/","og_site_name":"DE MSR Datenlogger","article_publisher":"https:\/\/www.facebook.com\/datenlogger.msr\/","article_modified_time":"2023-10-23T11:30:10+00:00","twitter_card":"summary_large_image","twitter_misc":{"Gesch\u00e4tzte Lesezeit":"5\u00a0Minuten"},"schema":{"@context":"https:\/\/schema.org","@graph":[{"@type":"WebPage","@id":"https:\/\/www.msr.ch\/de\/ueberuns\/videos\/","url":"https:\/\/www.msr.ch\/de\/ueberuns\/videos\/","name":"MSR Datenlogger Videos, TV-Berichte | MSR Electronics","isPartOf":{"@id":"https:\/\/www.msr.ch\/de\/#website"},"primaryImageOfPage":{"@id":"https:\/\/www.msr.ch\/de\/ueberuns\/videos\/#primaryimage"},"image":{"@id":"https:\/\/www.msr.ch\/de\/ueberuns\/videos\/#primaryimage"},"thumbnailUrl":"https:\/\/www.msr.ch\/images\/Flug-ins-All-Cygnus-SRF-1.jpg","datePublished":"2022-06-14T13:19:44+00:00","dateModified":"2023-10-23T11:30:10+00:00","description":"MSR Datenlogger: Produktvideos und TV-Berichte. Hier finden Sie eine Auswahl an Videos und Berichten \u00fcber den Einsatz von MSR Datenloggern","breadcrumb":{"@id":"https:\/\/www.msr.ch\/de\/ueberuns\/videos\/#breadcrumb"},"inLanguage":"de","potentialAction":[{"@type":"ReadAction","target":["https:\/\/www.msr.ch\/de\/ueberuns\/videos\/"]}]},{"@type":"ImageObject","inLanguage":"de","@id":"https:\/\/www.msr.ch\/de\/ueberuns\/videos\/#primaryimage","url":"https:\/\/www.msr.ch\/images\/Flug-ins-All-Cygnus-SRF-1.jpg","contentUrl":"https:\/\/www.msr.ch\/images\/Flug-ins-All-Cygnus-SRF-1.jpg"},{"@type":"BreadcrumbList","@id":"https:\/\/www.msr.ch\/de\/ueberuns\/videos\/#breadcrumb","itemListElement":[{"@type":"ListItem","position":1,"name":"Home","item":"https:\/\/www.msr.ch\/de\/"},{"@type":"ListItem","position":2,"name":"\u00dcber uns","item":"https:\/\/www.msr.ch\/de\/ueberuns\/"},{"@type":"ListItem","position":3,"name":"Videos"}]},{"@type":"WebSite","@id":"https:\/\/www.msr.ch\/de\/#website","url":"https:\/\/www.msr.ch\/de\/","name":"MSR Datenlogger","description":"MSR Electronics GmbH","potentialAction":[{"@type":"SearchAction","target":{"@type":"EntryPoint","urlTemplate":"https:\/\/www.msr.ch\/de\/?s={search_term_string}"},"query-input":"required name=search_term_string"}],"inLanguage":"de"}]}},"_links":{"self":[{"href":"https:\/\/www.msr.ch\/de\/wp-json\/wp\/v2\/pages\/9505"}],"collection":[{"href":"https:\/\/www.msr.ch\/de\/wp-json\/wp\/v2\/pages"}],"about":[{"href":"https:\/\/www.msr.ch\/de\/wp-json\/wp\/v2\/types\/page"}],"author":[{"embeddable":true,"href":"https:\/\/www.msr.ch\/de\/wp-json\/wp\/v2\/users\/1"}],"replies":[{"embeddable":true,"href":"https:\/\/www.msr.ch\/de\/wp-json\/wp\/v2\/comments?post=9505"}],"version-history":[{"count":30,"href":"https:\/\/www.msr.ch\/de\/wp-json\/wp\/v2\/pages\/9505\/revisions"}],"predecessor-version":[{"id":9507,"href":"https:\/\/www.msr.ch\/de\/wp-json\/wp\/v2\/pages\/9505\/revisions\/9507"}],"up":[{"embeddable":true,"href":"https:\/\/www.msr.ch\/de\/wp-json\/wp\/v2\/pages\/7579"}],"wp:featuredmedia":[{"embeddable":true,"href":"https:\/\/www.msr.ch\/de\/wp-json\/"}],"wp:attachment":[{"href":"https:\/\/www.msr.ch\/de\/wp-json\/wp\/v2\/media?parent=9505"}],"curies":[{"name":"wp","href":"https:\/\/api.w.org\/{rel}","templated":true}]}}