{"id":9518,"date":"2022-06-14T14:14:33","date_gmt":"2022-06-14T14:14:33","guid":{"rendered":"https:\/\/karabeg.xyz\/de\/?page_id=9518"},"modified":"2022-12-13T09:53:12","modified_gmt":"2022-12-13T09:53:12","slug":"datalogger-app-datenschutzerklaerung","status":"publish","type":"page","link":"https:\/\/www.msr.ch\/de\/datalogger-app-datenschutzerklaerung\/","title":{"rendered":"Datenschutzerkl\u00e4rung DataLogger App"},"content":{"rendered":"<div class=\"wpb-content-wrapper\"><p>[vc_row css=&#8220;.vc_custom_1651844868349{background-position: center !important;background-repeat: no-repeat !important;background-size: contain !important;}&#8220;][vc_column][vc_column_text]<\/p>\n<h1 class=\"entry-title\">Datenschutzerkl\u00e4rung MSR DataLogger App<\/h1>\n<p>&nbsp;<\/p>\n<p><a href=\"\/de\/ueberuns\/\">MSR Electronics GmbH<\/a> hat die <a href=\"\/de\/support\/msr-datalogger-app-msr-datenlogger-app\/\">MSR DataLogger App<\/a> als kostenlose App entwickelt. Die App wird von der MSR Electronics GmbH kostenlos zur Verf\u00fcgung gestellt und ist f\u00fcr die Nutzung ohne Einschr\u00e4nkungen gedacht.<\/p>\n<p>Diese Datenschutzerkl\u00e4rung dient dazu, Besucher \u00fcber unsere Richtlinien bez\u00fcglich der Sammlung, Verwendung und Offenlegung von pers\u00f6nlichen Informationen und anderen Daten zu informieren.<\/p>\n<p>Wenn Sie sich entscheiden, unsere DataLogger-App zu nutzen, erkl\u00e4ren Sie sich mit der Erfassung und Nutzung von Informationen im Sinne dieser Datenschutzerkl\u00e4rung einverstanden. Die von uns gesammelten Daten werden f\u00fcr die Bereitstellung der App verwendet. Wir werden Ihre Daten nur wie in dieser Datenschutzerkl\u00e4rung beschrieben verwenden oder weitergeben.<\/p>\n<p>&nbsp;<\/p>\n<h2>Erhebung und Verwendung von Informationen<\/h2>\n<p>Die DataLogger-App ist daf\u00fcr vorgesehen, Messdaten aus MSR Datenloggern auszulesen und die Daten optional in den <a href=\"\/de\/support\/msr-smartcloud-cloud-fuer-messdaten\/\">MSR SmartCloud<\/a> hochzuladen. In diesem Zusammenhang werden folgende Daten verarbeitet:<\/p>\n<h3>Pers\u00f6nliche Daten<\/h3>\n<p>Die MSR DataLogger-App erh\u00e4lt keine vom Nutzer bereitgestellten pers\u00f6nlichen Informationen.<\/p>\n<h3>Kennung des Datenloggers<\/h3>\n<p>Sobald die App eine Verbindung zu einem daf\u00fcr vorgesehenen MSR Datenlogger herstellt, liest sie die Seriennummer des Ger\u00e4ts aus. Diese wird ben\u00f6tigt, um den Kunden zu identifizieren und die Daten zu verwalten, sobald sie in die MSR SmartCloud hochgeladen wurden. Der Kunde kann dann auf die gesammelten Messdaten in der MSR SmartCloud zugreifen.<\/p>\n<h3>Messdaten<\/h3>\n<p>Der Hauptzweck der App ist das Auslesen der Messdaten aus den daf\u00fcr vorgesehenen MSR Datenloggern. Die Messungen k\u00f6nnen online visualisiert werden. Die Messdaten k\u00f6nnen auch aufgezeichnet und in die MSR SmartCloud hochgeladen werden. Die Messdaten enthalten keine pers\u00f6nlichen Informationen, werden aber durch die oben erw\u00e4hnte Seriennummer identifiziert.<\/p>\n<h3>Cloud Service<\/h3>\n<p>Die App kann aufgezeichnete Messdaten in die MSR SmartCloud hochladen. Dieser Dienst wird von der MSR Electronics GmbH bereitgestellt. Es sind keine Dienste von Drittanbietern beteiligt. MSR bietet nur dem Eigent\u00fcmer der Daten, der durch die Seriennummer des Ger\u00e4ts identifiziert wird, Zugang zu den Cloud-Daten.<\/p>\n<h3>Log Daten<\/h3>\n<p>Wir m\u00f6chten Sie dar\u00fcber informieren, dass wir bei der Nutzung unseres Dienstes im Falle eines Fehlers in der App Daten und Informationen (durch Produkte von Drittanbietern) auf Ihrem Telefon sammeln, die sogenannten Logdaten. Diese Protokolldaten k\u00f6nnen Informationen wie Ihren Ger\u00e4tetyp, die Version des Betriebssystems, die Konfiguration der App bei der Nutzung unseres Dienstes, die Uhrzeit und das Datum Ihrer Nutzung des Dienstes und andere Statistiken enthalten.[\/vc_column_text][vc_column_text]<\/p>\n<h2>Sicherheit<\/h2>\n<p>Wir wissen Ihr Vertrauen in die \u00dcbermittlung Ihrer Messdaten zu sch\u00e4tzen und bem\u00fchen uns um den Einsatz kommerziell akzeptabler Mittel zu deren Schutz. Bedenken Sie jedoch, dass keine Methode der elektronischen Speicherung zu 100 % sicher und zuverl\u00e4ssig ist und wir keine absolute Sicherheit garantieren k\u00f6nnen.<\/p>\n<h2><\/h2>\n<h2>Datenschutz f\u00fcr Kinder<\/h2>\n<p>Die Dienste der MSR Electronics GmbH richten sich nicht an Personen unter 13 Jahren und wir sammeln keine pers\u00f6nlich identifizierbaren Informationen von Kindern unter 13 Jahren.<\/p>\n<h2><\/h2>\n<h2>\u00c4nderungen an dieser Datenschutzerkl\u00e4rung<\/h2>\n<p>Wir k\u00f6nnen unsere Datenschutzerkl\u00e4rung von Zeit zu Zeit aktualisieren. Wir empfehlen Ihnen daher, diese Seite regelm\u00e4ssig auf etwaige \u00c4nderungen zu \u00fcberpr\u00fcfen. Wir werden Sie \u00fcber alle \u00c4nderungen informieren, indem wir die neue Datenschutzerkl\u00e4rung auf dieser Seite ver\u00f6ffentlichen.<\/p>\n<p>Diese Datenschutzerkl\u00e4rung gilt ab dem 11.2.2022.<\/p>\n<h2><\/h2>\n<h2>Kontakt<\/h2>\n<p>Wenn Sie Fragen oder Anregungen zu unserer Datenschutzpolitik haben, z\u00f6gern Sie nicht, uns zu kontaktieren.<\/p>\n<p>MSR Electronics GmbH<br \/>\nMettlenstrasse 6<br \/>\nCH-8472 Seuzach, Schweiz<\/p>\n<p><a href=\"mailto:info@msr.ch\">info[at]msr.ch<\/a><a href=\"mailto:info@alonea.ch\"><br \/>\n<\/a>Tel.: +41 52 316 25 55[\/vc_column_text][\/vc_column][\/vc_row][vc_row][vc_column][vc_empty_space][\/vc_column][\/vc_row]<\/p>\n<\/div>","protected":false},"excerpt":{"rendered":"<p>[vc_row css=&#8220;.vc_custom_1651844868349{background-position: center !important;background-repeat: no-repeat !important;background-size: contain !important;}&#8220;][vc_column][vc_column_text] Datenschutzerkl\u00e4rung MSR DataLogger App &nbsp; MSR Electronics GmbH hat die MSR DataLogger App als kostenlose App entwickelt. Die App wird von der MSR Electronics GmbH kostenlos zur Verf\u00fcgung gestellt und ist f\u00fcr &hellip;<\/p>\n","protected":false},"author":1,"featured_media":0,"parent":0,"menu_order":0,"comment_status":"closed","ping_status":"closed","template":"","meta":{"footnotes":""},"yoast_head":"<!-- This site is optimized with the Yoast SEO plugin v22.9 - https:\/\/yoast.com\/wordpress\/plugins\/seo\/ -->\n<title>Datenschutzerkl\u00e4rung DataLogger App | DE MSR Datenlogger<\/title>\n<meta name=\"robots\" content=\"index, follow, max-snippet:-1, max-image-preview:large, max-video-preview:-1\" \/>\n<link rel=\"canonical\" href=\"https:\/\/www.msr.ch\/de\/datalogger-app-datenschutzerklaerung\/\" \/>\n<meta property=\"og:locale\" content=\"de_DE\" \/>\n<meta property=\"og:type\" content=\"article\" \/>\n<meta property=\"og:title\" content=\"Datenschutzerkl\u00e4rung DataLogger App | DE MSR Datenlogger\" \/>\n<meta property=\"og:description\" content=\"[vc_row css=&#8220;.vc_custom_1651844868349{background-position: center !important;background-repeat: no-repeat !important;background-size: contain !important;}&#8220;][vc_column][vc_column_text] Datenschutzerkl\u00e4rung MSR DataLogger App &nbsp; MSR Electronics GmbH hat die MSR DataLogger App als kostenlose App entwickelt. Die App wird von der MSR Electronics GmbH kostenlos zur Verf\u00fcgung gestellt und ist f\u00fcr &hellip;\" \/>\n<meta property=\"og:url\" content=\"https:\/\/www.msr.ch\/de\/datalogger-app-datenschutzerklaerung\/\" \/>\n<meta property=\"og:site_name\" content=\"DE MSR Datenlogger\" \/>\n<meta property=\"article:publisher\" content=\"https:\/\/www.facebook.com\/datenlogger.msr\/\" \/>\n<meta property=\"article:modified_time\" content=\"2022-12-13T09:53:12+00:00\" \/>\n<meta name=\"twitter:card\" content=\"summary_large_image\" \/>\n<meta name=\"twitter:label1\" content=\"Gesch\u00e4tzte Lesezeit\" \/>\n\t<meta name=\"twitter:data1\" content=\"3\u00a0Minuten\" \/>\n<script type=\"application\/ld+json\" class=\"yoast-schema-graph\">{\"@context\":\"https:\/\/schema.org\",\"@graph\":[{\"@type\":\"WebPage\",\"@id\":\"https:\/\/www.msr.ch\/de\/datalogger-app-datenschutzerklaerung\/\",\"url\":\"https:\/\/www.msr.ch\/de\/datalogger-app-datenschutzerklaerung\/\",\"name\":\"Datenschutzerkl\u00e4rung DataLogger App | DE MSR Datenlogger\",\"isPartOf\":{\"@id\":\"https:\/\/www.msr.ch\/de\/#website\"},\"datePublished\":\"2022-06-14T14:14:33+00:00\",\"dateModified\":\"2022-12-13T09:53:12+00:00\",\"breadcrumb\":{\"@id\":\"https:\/\/www.msr.ch\/de\/datalogger-app-datenschutzerklaerung\/#breadcrumb\"},\"inLanguage\":\"de\",\"potentialAction\":[{\"@type\":\"ReadAction\",\"target\":[\"https:\/\/www.msr.ch\/de\/datalogger-app-datenschutzerklaerung\/\"]}]},{\"@type\":\"BreadcrumbList\",\"@id\":\"https:\/\/www.msr.ch\/de\/datalogger-app-datenschutzerklaerung\/#breadcrumb\",\"itemListElement\":[{\"@type\":\"ListItem\",\"position\":1,\"name\":\"Home\",\"item\":\"https:\/\/www.msr.ch\/de\/\"},{\"@type\":\"ListItem\",\"position\":2,\"name\":\"Datenschutzerkl\u00e4rung DataLogger App\"}]},{\"@type\":\"WebSite\",\"@id\":\"https:\/\/www.msr.ch\/de\/#website\",\"url\":\"https:\/\/www.msr.ch\/de\/\",\"name\":\"MSR Datenlogger\",\"description\":\"MSR Electronics GmbH\",\"potentialAction\":[{\"@type\":\"SearchAction\",\"target\":{\"@type\":\"EntryPoint\",\"urlTemplate\":\"https:\/\/www.msr.ch\/de\/?s={search_term_string}\"},\"query-input\":\"required name=search_term_string\"}],\"inLanguage\":\"de\"}]}<\/script>\n<!-- \/ Yoast SEO plugin. -->","yoast_head_json":{"title":"Datenschutzerkl\u00e4rung DataLogger App | DE MSR Datenlogger","robots":{"index":"index","follow":"follow","max-snippet":"max-snippet:-1","max-image-preview":"max-image-preview:large","max-video-preview":"max-video-preview:-1"},"canonical":"https:\/\/www.msr.ch\/de\/datalogger-app-datenschutzerklaerung\/","og_locale":"de_DE","og_type":"article","og_title":"Datenschutzerkl\u00e4rung DataLogger App | DE MSR Datenlogger","og_description":"[vc_row css=&#8220;.vc_custom_1651844868349{background-position: center !important;background-repeat: no-repeat !important;background-size: contain !important;}&#8220;][vc_column][vc_column_text] Datenschutzerkl\u00e4rung MSR DataLogger App &nbsp; MSR Electronics GmbH hat die MSR DataLogger App als kostenlose App entwickelt. Die App wird von der MSR Electronics GmbH kostenlos zur Verf\u00fcgung gestellt und ist f\u00fcr &hellip;","og_url":"https:\/\/www.msr.ch\/de\/datalogger-app-datenschutzerklaerung\/","og_site_name":"DE MSR Datenlogger","article_publisher":"https:\/\/www.facebook.com\/datenlogger.msr\/","article_modified_time":"2022-12-13T09:53:12+00:00","twitter_card":"summary_large_image","twitter_misc":{"Gesch\u00e4tzte Lesezeit":"3\u00a0Minuten"},"schema":{"@context":"https:\/\/schema.org","@graph":[{"@type":"WebPage","@id":"https:\/\/www.msr.ch\/de\/datalogger-app-datenschutzerklaerung\/","url":"https:\/\/www.msr.ch\/de\/datalogger-app-datenschutzerklaerung\/","name":"Datenschutzerkl\u00e4rung DataLogger App | DE MSR Datenlogger","isPartOf":{"@id":"https:\/\/www.msr.ch\/de\/#website"},"datePublished":"2022-06-14T14:14:33+00:00","dateModified":"2022-12-13T09:53:12+00:00","breadcrumb":{"@id":"https:\/\/www.msr.ch\/de\/datalogger-app-datenschutzerklaerung\/#breadcrumb"},"inLanguage":"de","potentialAction":[{"@type":"ReadAction","target":["https:\/\/www.msr.ch\/de\/datalogger-app-datenschutzerklaerung\/"]}]},{"@type":"BreadcrumbList","@id":"https:\/\/www.msr.ch\/de\/datalogger-app-datenschutzerklaerung\/#breadcrumb","itemListElement":[{"@type":"ListItem","position":1,"name":"Home","item":"https:\/\/www.msr.ch\/de\/"},{"@type":"ListItem","position":2,"name":"Datenschutzerkl\u00e4rung DataLogger App"}]},{"@type":"WebSite","@id":"https:\/\/www.msr.ch\/de\/#website","url":"https:\/\/www.msr.ch\/de\/","name":"MSR Datenlogger","description":"MSR Electronics GmbH","potentialAction":[{"@type":"SearchAction","target":{"@type":"EntryPoint","urlTemplate":"https:\/\/www.msr.ch\/de\/?s={search_term_string}"},"query-input":"required name=search_term_string"}],"inLanguage":"de"}]}},"_links":{"self":[{"href":"https:\/\/www.msr.ch\/de\/wp-json\/wp\/v2\/pages\/9518"}],"collection":[{"href":"https:\/\/www.msr.ch\/de\/wp-json\/wp\/v2\/pages"}],"about":[{"href":"https:\/\/www.msr.ch\/de\/wp-json\/wp\/v2\/types\/page"}],"author":[{"embeddable":true,"href":"https:\/\/www.msr.ch\/de\/wp-json\/wp\/v2\/users\/1"}],"replies":[{"embeddable":true,"href":"https:\/\/www.msr.ch\/de\/wp-json\/wp\/v2\/comments?post=9518"}],"version-history":[{"count":12,"href":"https:\/\/www.msr.ch\/de\/wp-json\/wp\/v2\/pages\/9518\/revisions"}],"predecessor-version":[{"id":11563,"href":"https:\/\/www.msr.ch\/de\/wp-json\/wp\/v2\/pages\/9518\/revisions\/11563"}],"wp:attachment":[{"href":"https:\/\/www.msr.ch\/de\/wp-json\/wp\/v2\/media?parent=9518"}],"curies":[{"name":"wp","href":"https:\/\/api.w.org\/{rel}","templated":true}]}}