{"id":9643,"date":"2022-06-17T12:46:00","date_gmt":"2022-06-17T12:46:00","guid":{"rendered":"https:\/\/karabeg.xyz\/de\/?page_id=9643"},"modified":"2025-10-09T12:09:25","modified_gmt":"2025-10-09T12:09:25","slug":"datenlogger-temperatur-luftfeuchtigkeit","status":"publish","type":"page","link":"https:\/\/www.msr.ch\/de\/messgroessen\/datenlogger-temperatur-luftfeuchtigkeit\/","title":{"rendered":"Datenlogger f\u00fcr Temperatur, Feuchte"},"content":{"rendered":"<div class=\"wpb-content-wrapper\"><p>[vc_row][vc_column][vc_column_text]<\/p>\n<h1>Datenlogger f\u00fcr Temperatur, Feuchte<\/h1>\n<h2><span style=\"color: #333333;\">Klimamessungen in Innenr\u00e4umen \u00b7 Klima\u00fcberwachung bei <\/span><span style=\"color: #333333;\">Transport und Lagerung empfindlicher G\u00fcter \u00b7 Ermittlung von Feuchtesch\u00e4den \u00b7 Hautfeuchte und -temperatur f\u00fcr bekleidungsphysiologische Messungen<\/span><\/h2>\n<div class=\"category-view\">\n<div class=\"category-description\">\n<div class=\"category-description\">\n<p>Unsere mehrfach verwendbaren Datenlogger messen mittels hochpr\u00e4zisen Sensoren die Lufttemperatur und\/oder relative Luftfeuchtigkeit in bestimmten Intervallen und speichern je nach Modell bis \u00fcber 1 Mrd. Messwerte. Je nach gew\u00e4hltem Datenlogger-Typ sind die Sensoren intern und\/oder extern verf\u00fcgbar.<\/p>\n<p>Auslesen lassen sich die Aufzeichnungen der Logger je nach Modell via Bluetooth auf einem Smartphone oder via WLAN\/WiFi oder USB auf einem Rechner. S\u00e4mtliche Datenlogger werden mit bedienerfreundlichen Softwares geliefert.<\/p>\n<\/div>\n<\/div>\n<\/div>\n<p>[\/vc_column_text][vc_column_text css=&#8220;&#8220;]<\/p>\n<h2>Unsere Klima-Datenlogger im \u00dcberblick:<\/h2>\n<p>[\/vc_column_text][\/vc_column][\/vc_row][vc_row][vc_column][vc_carousel_father speed=&#8220;5000&#8243; spaces=&#8220;10&#8243; slide_visible=&#8220;4&#8243; tabs=&#8220;2&#8243; slide_visible_mbl=&#8220;2&#8243; arrowclr=&#8220;#a3a3a3&#8243; arrowsize=&#8220;&#8220; dotclr=&#8220;#a3a3a3&#8243; dotposition=&#8220;&#8220;][vc_carousel_son img_radius=&#8220;&#8220; titlesize=&#8220;24&#8243; btn_visibility=&#8220;show&#8220; btn_size=&#8220;&#8220; btn_bg=&#8220;#0033cc&#8220; image_id=&#8220;2515&#8243; alt=&#8220;MSR145 Datenlogger Lage Fast Peak&#8220; title=&#8220;MSR145&#8243; contain_url=&#8220;https:\/\/www.msr.ch\/de\/produkt\/pdf-datenlogger-msr-budgetline\/&#8220; titleclr=&#8220;#0033cc&#8220; btn_text=&#8220;MEHR&#8220; btn_url=&#8220;url:%2Fde%2Fprodukt%2Fdatenlogger-temperatur-feuchte-druck-beschleunigung-msr145%2F|title:MSR145%3A%20Datenlogger%20f%C3%BCr%20Temperatur%2C%20Feuchte%2C%20Luft-%2C%20Fl%C3%BCssigkeitsdruck%2C%20Beschleunigung%2C%20Licht&#8220; caption_url=&#8220;url:%2Fde%2Fprodukt%2Fdatenlogger-temperatur-feuchte-druck-beschleunigung-msr145%2F|title:MSR145%3A%20Datenlogger%20f%C3%BCr%20Temperatur%2C%20Feuchte%2C%20Luft-%2C%20Fl%C3%BCssigkeitsdruck%2C%20Beschleunigung%2C%20Licht&#8220; img_alt=&#8220;Datenlogger MSR145 f\u00fcr Temperatur und Feuchte&#8220;]<\/p>\n<p style=\"text-align: center;\"><span style=\"color: #333333;\">Logger mit grosser Auswahl an Sensoren \u00b7\u00a0 mit SD-Karte 1 Mrd. Messwerte Speicher<\/span><\/p>\n<p>[\/vc_carousel_son][vc_carousel_son img_radius=&#8220;&#8220; titlesize=&#8220;24&#8243; btn_visibility=&#8220;show&#8220; btn_size=&#8220;&#8220; btn_bg=&#8220;#0033cc&#8220; image_id=&#8220;3639&#8243; alt=&#8220;MSR145 Datenlogger Lage Fast Peak&#8220; title=&#8220;MSR85&#8243; contain_url=&#8220;https:\/\/www.msr.ch\/de\/produkt\/pdf-datenlogger-msr-budgetline\/&#8220; titleclr=&#8220;#0033cc&#8220; btn_text=&#8220;MEHR&#8220; btn_url=&#8220;url:%2Fde%2Fmsr85-trockeneis-temperatur-datenlogger%2F|title:MSR85%20Trockeneis-Datenlogger%20&#8243; caption_url=&#8220;url:%2Fde%2Fmsr85-trockeneis-temperatur-datenlogger%2F|title:MSR85%20Trockeneis-Temperatur-Datenlogger&#8220; img_alt=&#8220;MSR85 Trockeneis-Datenlogger f\u00fcr Tiefsttemperaturen&#8220;]<\/p>\n<p style=\"text-align: center;\"><span style=\"color: #333333;\">Trockeneis-Datenlogger \u00b7 -85 \u00b0C \u00b7 wiederverwendbar \u00b7 5-Punkte-Kalibrierungszertifikat<\/span><\/p>\n<p>\u00a0[\/vc_carousel_son][vc_carousel_son img_radius=&#8220;&#8220; titlesize=&#8220;24&#8243; btn_visibility=&#8220;show&#8220; btn_size=&#8220;&#8220; btn_bg=&#8220;#0033cc&#8220; image_id=&#8220;2519&#8243; alt=&#8220;MSR145 Datenlogger Lage Fast Peak&#8220; title=&#8220;MSR145W2D&#8220; contain_url=&#8220;https:\/\/www.msr.ch\/de\/produkt\/pdf-datenlogger-msr-budgetline\/&#8220; titleclr=&#8220;#0033cc&#8220; btn_text=&#8220;MEHR&#8220; btn_url=&#8220;url:%2Fde%2Fprodukt%2Fwlan-datenlogger-msr145w2d%2F|title:MSR145W2D%20WLAN-Datenlogger%20f%C3%BCr%20Temperatur%20und%20Feuchte&#8220; caption_url=&#8220;url:%2Fde%2Fprodukt%2Fwlan-datenlogger-msr145w2d%2F|title:MSR145W2D%20WLAN-Datenlogger%20f%C3%BCr%20Temperatur%20und%20Feuchte&#8220; img_alt=&#8220;MSR145W2D WLAN-Datenlogger f\u00fcr Temperatur und Feuchte&#8220;]<\/p>\n<p style=\"text-align: center;\"><span style=\"color: #333333;\">Datenlogger mit WLAN \u00b7 Temperatur, Feuchte u.v.m \u00b7 1 Mio. Messwerte Speicher<\/span><\/p>\n<p>[\/vc_carousel_son][vc_carousel_son img_radius=&#8220;&#8220; titlesize=&#8220;24&#8243; btn_visibility=&#8220;show&#8220; btn_size=&#8220;&#8220; btn_bg=&#8220;#0033cc&#8220; image_id=&#8220;2801&#8243; alt=&#8220;MSR145 Datenlogger Lage Fast Peak&#8220; title=&#8220;MSR BudgetLine&#8220; contain_url=&#8220;https:\/\/www.msr.ch\/de\/produkt\/pdf-datenlogger-msr-budgetline\/&#8220; titleclr=&#8220;#0033cc&#8220; btn_text=&#8220;MEHR&#8220; btn_url=&#8220;url:%2Fde%2Fprodukt%2Ftemperatur-feuchte-datenlogger-msr-budgetline%2F|title:MSR%20BudgetLine%3A%20PDF-Datenlogger%20f%C3%BCr%20Temperatur%20und%20Luftfeuchtigkeit&#8220; caption_url=&#8220;url:%2Fde%2Fprodukt%2Fpdf-datenlogger-msr-budgetline%2F|title:MSR%20BudgetLine%3A%20PDF-Datenlogger%20f%C3%BCr%20Temperatur%20und%20Luftfeuchtigkeit&#8220; img_alt=&#8220;Temperatur- und Feuchte-Datenlogger MSR BudgetLine&#8220;]<\/p>\n<p style=\"text-align: center;\"><span style=\"color: #333333;\">PDF-Datenlogger \u00b7 Temperatur, Luftfeuchtigkeit \u00b7 5 Varianten verf\u00fcgbar<\/span><\/p>\n<p>[\/vc_carousel_son][vc_carousel_son img_radius=&#8220;&#8220; titlesize=&#8220;24&#8243; btn_visibility=&#8220;show&#8220; btn_size=&#8220;&#8220; btn_bg=&#8220;#0033cc&#8220; image_id=&#8220;2523&#8243; alt=&#8220;MSR145 Datenlogger Lage Fast Peak&#8220; title=&#8220;MSR385WD&#8220; contain_url=&#8220;https:\/\/www.msr.ch\/de\/produkt\/pdf-datenlogger-msr-budgetline\/&#8220; titleclr=&#8220;#0033cc&#8220; btn_text=&#8220;MEHR&#8220; btn_url=&#8220;url:%2Fde%2Fprodukt%2Ffunkdatenlogger-temperatur-feuchte-msr385wd%2F|title:MSR385WD%3A%20Datenlogger%20mit%20Funk%C3%BCbertragung%20%E2%80%93%20LTE%2FGSM-%2FLAN-Terminal%20zur%20Fern%C3%BCberwachung&#8220; caption_url=&#8220;url:%2Fde%2Fprodukt%2Ffunkdatenlogger-temperatur-feuchte-msr385wd%2F|title:MSR385WD%3A%20Datenlogger%20mit%20Funk%C3%BCbertragung%20%E2%80%93%20LTE%2FLAN-Terminal%20zur%20Fern%C3%BCberwachung&#8220; img_alt=&#8220;Funk-Datenlogger MSR385WD f\u00fcr Temperatur, Luftfeuchtigkeit, Luftdruck&#8220;]<\/p>\n<p style=\"text-align: center;\"><span style=\"color: #333333;\">Datenlogger mit Funk\u00fcbertragung \u00b7 Temperatur, Feuchte \u00b7 LTE\/LAN<\/span><\/p>\n<p>[\/vc_carousel_son][vc_carousel_son img_radius=&#8220;&#8220; titlesize=&#8220;24&#8243; btn_visibility=&#8220;show&#8220; btn_size=&#8220;&#8220; btn_bg=&#8220;#0033cc&#8220; image_id=&#8220;2522&#8243; alt=&#8220;MSR145 Datenlogger Lage Fast Peak&#8220; title=&#8220;MSR147WD&#8220; contain_url=&#8220;https:\/\/www.msr.ch\/de\/produkt\/pdf-datenlogger-msr-budgetline\/&#8220; titleclr=&#8220;#0033cc&#8220; btn_text=&#8220;MEHR&#8220; btn_url=&#8220;url:%2Fde%2Fprodukt%2Ffunkdatenlogger-temperatur-feuchtigkeit-msr147wd%2F|title:MSR147WD%20Funk-Datenlogger%20mit%20Bluetooth%20Low%20Energy%20(BLE)&#8220; caption_url=&#8220;url:%2Fde%2Fprodukt%2Ffunkdatenlogger-temperatur-feuchtigkeit-msr147wd%2F|title:MSR147WD%20Funk-Datenlogger%20mit%20Bluetooth%20Low%20Energy%20(BLE)&#8220; img_alt=&#8220;MSR147WD Funk-Datenlogger mit Bluetooth, f\u00fcr Temperatur und Feuchte&#8220;]<\/p>\n<p style=\"text-align: center;\"><span style=\"color: #333333;\">Datenlogger mit Bluetooth \u00b7 steckbare Sensoren f\u00fcr Temperatur, Feuchte \u00b7 App<\/span><\/p>\n<p>[\/vc_carousel_son][vc_carousel_son img_radius=&#8220;&#8220; titlesize=&#8220;24&#8243; btn_visibility=&#8220;show&#8220; btn_size=&#8220;&#8220; btn_bg=&#8220;#0033cc&#8220; image_id=&#8220;2519&#8243; alt=&#8220;MSR145 Datenlogger Lage Fast Peak&#8220; title=&#8220;MSR145WD&#8220; contain_url=&#8220;https:\/\/www.msr.ch\/de\/produkt\/pdf-datenlogger-msr-budgetline\/&#8220; titleclr=&#8220;#0033cc&#8220; btn_text=&#8220;MEHR&#8220; btn_url=&#8220;url:%2Fde%2Fprodukt%2Ffunk-datenlogger-msr145wd-bluetooth%2F|title:MSR145WD%20Funk-Datenlogger%20mit%20Bluetooth%20Low%20Energy%20(BLE)&#8220; caption_url=&#8220;url:%2Fde%2Fprodukt%2Ffunk-datenlogger-msr145wd-bluetooth%2F|title:MSR145WD%20Funk-Datenlogger%20mit%20Bluetooth%20Low%20Energy%20(BLE)&#8220; img_alt=&#8220;MSR145WD Funk-Datenlogger mit Bluetooth, f\u00fcr Temperatur und Feuchte&#8220;]<\/p>\n<p style=\"text-align: center;\"><span style=\"color: #333333;\">Datenlogger mit Bluetooth \u00b7 Temperatur, Feuchte u.v.m \u00b7 1 Mio. Messwerte Speicher<\/span><\/p>\n<p>[\/vc_carousel_son][\/vc_carousel_father][vc_empty_space height=&#8220;20px&#8220;][\/vc_column][\/vc_row][vc_row css=&#8220;.vc_custom_1656593239442{margin-bottom: 20px !important;}&#8220;][vc_column][vc_column_text]<\/p>\n<h2>Wie finde ich den richtigen Datenlogger f\u00fcr meine Anwendung?<\/h2>\n<h3>Kaufberatung Datenlogger f\u00fcr Temperatur, Luftfeuchtigkeit<\/h3>\n<p>Vor der Anschaffung eines Datenloggers lohnt es sich, genau zu \u00fcberlegen, welche Kriterien erf\u00fcllt sein m\u00fcssen. Denn was bringt ein Logger, wenn seine Speicherm\u00f6glichkeiten f\u00fcr die erforderlichen Aufgaben nicht ausreichen oder die aufgezeichneten Daten nicht aussagekr\u00e4ftig sind?<\/p>\n<p>Als Datenlogger-Spezialisten mit jahrelanger Erfahrung wissen wir genau, worauf es bei einem Datenlogger f\u00fcr Klimamessungen ankommt. <a href=\"\/de\/kontakt\/\">Kontaktieren Sie uns, wir beraten Sie gerne!<\/a>[\/vc_column_text][\/vc_column][\/vc_row][vc_row][vc_column][vc_cta h2=&#8220;Welcher Datenlogger passt am besten?&#8220; h2_font_container=&#8220;tag:h2|text_align:left|color:%230033cc&#8220; h2_use_theme_fonts=&#8220;yes&#8220; h4=&#8220;Nutzen Sie unsere Schnellsuche.&#8220; add_button=&#8220;right&#8220; btn_title=&#8220;Schnellsuche&#8220; css=&#8220;.vc_custom_1656495392831{border-top-width: 6px !important;border-right-width: 6px !important;border-bottom-width: 6px !important;border-left-width: 6px !important;border-left-color: #0033cc !important;border-right-color: #0033cc !important;border-top-color: #0033cc !important;border-bottom-color: #0033cc !important;}&#8220; use_custom_fonts_h2=&#8220;true&#8220; h2_link=&#8220;url:%2Fde%2Fprodukt%2Fdatenlogger%2F|title:Schnell%20den%20passenden%20Datenlogger%20finden&#8220; btn_link=&#8220;url:%2Fde%2Fprodukt%2Fdatenlogger%2F|title:Schnell%20den%20passenden%20Datenlogger%20finden&#8220;]W\u00e4hlen Sie Messgr\u00f6ssen, Mess-\/Speicherrate, Betriebstemperatur, Ger\u00e4tedimension u.v.m.[\/vc_cta][vc_empty_space height=&#8220;20px&#8220;][\/vc_column][\/vc_row][vc_row full_width=&#8220;stretch_row&#8220; css=&#8220;.vc_custom_1668157747148{background-color: #f8f9f9 !important;}&#8220;][vc_column css=&#8220;.vc_custom_1660893479516{padding-right: 40px !important;padding-left: 40px !important;}&#8220;][msrwpbportfoliobyid recent_title=&#8220;MSR Temperatur- und Luftfeuchte-Datenlogger im Einsatz \u2013 Kundenberichte&#8220; number_in_row=&#8220;4&#8243; post_ids=&#8220;10353,10419,10355,10311,10360,10427,103767,9316,12125&#8243; item_text_color=&#8220;#ffffff&#8220; item_title_color=&#8220;#ffffff&#8220; title_color=&#8220;#0033cc&#8220;][vc_empty_space height=&#8220;20px&#8220;][\/vc_column][\/vc_row][vc_row][vc_column css=&#8220;.vc_custom_1660893479516{padding-right: 40px !important;padding-left: 40px !important;}&#8220;][vc_empty_space][\/vc_column][\/vc_row][vc_row][vc_column width=&#8220;1\/2&#8243;][vc_cta h2=&#8220;\u00dcberlassen Sie die Wahl Ihres Datenloggers nicht dem Zufall.&#8220; h2_font_container=&#8220;tag:h2|text_align:left|color:%230033cc&#8220; h2_use_theme_fonts=&#8220;yes&#8220; h4=&#8220;Nutzen Sie unsere Erfahrung und Kompetenz.&#8220; add_button=&#8220;right&#8220; btn_title=&#8220;Kontakt&#8220; css=&#8220;.vc_custom_1656495996964{margin-top: 18px !important;}&#8220; use_custom_fonts_h2=&#8220;true&#8220; h2_link=&#8220;url:%2Fde%2Fkontakt%2F|title:Kontakt%20MSR%20Datenlogger&#8220; btn_link=&#8220;url:%2Fde%2Fkontakt%2F|title:Kontakt%20MSR%20Datenlogger&#8220; el_class=&#8220;grey-subline&#8220;]F\u00fcr eine pers\u00f6nliche Beratung stehen Ihnen \u00fcber 90 MSR-Vertriebspartner in weltweit mehr als 50 L\u00e4ndern zur Verf\u00fcgung.[\/vc_cta][\/vc_column][vc_column width=&#8220;1\/2&#8243;][msrnewslettersub newslettersub_img=&#8220;2634&#8243;][\/vc_column][\/vc_row][vc_row][vc_column][vc_empty_space][\/vc_column][\/vc_row]<\/p>\n<\/div>","protected":false},"excerpt":{"rendered":"<p>[vc_row][vc_column][vc_column_text] Datenlogger f\u00fcr Temperatur, Feuchte Klimamessungen in Innenr\u00e4umen \u00b7 Klima\u00fcberwachung bei Transport und Lagerung empfindlicher G\u00fcter \u00b7 Ermittlung von Feuchtesch\u00e4den \u00b7 Hautfeuchte und -temperatur f\u00fcr bekleidungsphysiologische Messungen Unsere mehrfach verwendbaren Datenlogger messen mittels hochpr\u00e4zisen Sensoren die Lufttemperatur und\/oder relative Luftfeuchtigkeit &hellip;<\/p>\n","protected":false},"author":1,"featured_media":3143,"parent":7569,"menu_order":0,"comment_status":"closed","ping_status":"closed","template":"","meta":{"footnotes":""},"yoast_head":"<!-- This site is optimized with the Yoast SEO plugin v22.9 - https:\/\/yoast.com\/wordpress\/plugins\/seo\/ -->\n<title>Datenlogger f\u00fcr Temperatur, Luftfeuchtigkeit | MSR<\/title>\n<meta name=\"description\" content=\"Datenlogger f\u00fcr Temperatur, Feuchte von MSR \u00b7 Klima\u00fcberwachung bei Transport und Lagerung empfindlicher G\u00fcter \u00b7 Ermittlung von Feuchtesch\u00e4den\" \/>\n<meta name=\"robots\" content=\"index, follow, max-snippet:-1, max-image-preview:large, max-video-preview:-1\" \/>\n<link rel=\"canonical\" href=\"https:\/\/www.msr.ch\/de\/messgroessen\/datenlogger-temperatur-luftfeuchtigkeit\/\" \/>\n<meta property=\"og:locale\" content=\"de_DE\" \/>\n<meta property=\"og:type\" content=\"article\" \/>\n<meta property=\"og:title\" content=\"Datenlogger f\u00fcr Temperatur, Luftfeuchtigkeit | MSR\" \/>\n<meta property=\"og:description\" content=\"Datenlogger f\u00fcr Temperatur, Feuchte von MSR \u00b7 Klima\u00fcberwachung bei Transport und Lagerung empfindlicher G\u00fcter \u00b7 Ermittlung von Feuchtesch\u00e4den\" \/>\n<meta property=\"og:url\" content=\"https:\/\/www.msr.ch\/de\/messgroessen\/datenlogger-temperatur-luftfeuchtigkeit\/\" \/>\n<meta property=\"og:site_name\" content=\"DE MSR Datenlogger\" \/>\n<meta property=\"article:publisher\" content=\"https:\/\/www.facebook.com\/datenlogger.msr\/\" \/>\n<meta property=\"article:modified_time\" content=\"2025-10-09T12:09:25+00:00\" \/>\n<meta name=\"twitter:card\" content=\"summary_large_image\" \/>\n<meta name=\"twitter:label1\" content=\"Gesch\u00e4tzte Lesezeit\" \/>\n\t<meta name=\"twitter:data1\" content=\"4\u00a0Minuten\" \/>\n<script type=\"application\/ld+json\" class=\"yoast-schema-graph\">{\"@context\":\"https:\/\/schema.org\",\"@graph\":[{\"@type\":\"WebPage\",\"@id\":\"https:\/\/www.msr.ch\/de\/messgroessen\/datenlogger-temperatur-luftfeuchtigkeit\/\",\"url\":\"https:\/\/www.msr.ch\/de\/messgroessen\/datenlogger-temperatur-luftfeuchtigkeit\/\",\"name\":\"Datenlogger f\u00fcr Temperatur, Luftfeuchtigkeit | MSR\",\"isPartOf\":{\"@id\":\"https:\/\/www.msr.ch\/de\/#website\"},\"primaryImageOfPage\":{\"@id\":\"https:\/\/www.msr.ch\/de\/messgroessen\/datenlogger-temperatur-luftfeuchtigkeit\/#primaryimage\"},\"image\":{\"@id\":\"https:\/\/www.msr.ch\/de\/messgroessen\/datenlogger-temperatur-luftfeuchtigkeit\/#primaryimage\"},\"thumbnailUrl\":\"https:\/\/www.msr.ch\/images\/Temperatur-Feuchte-Datenlogger-MSR145-1.jpg\",\"datePublished\":\"2022-06-17T12:46:00+00:00\",\"dateModified\":\"2025-10-09T12:09:25+00:00\",\"description\":\"Datenlogger f\u00fcr Temperatur, Feuchte von MSR \u00b7 Klima\u00fcberwachung bei Transport und Lagerung empfindlicher G\u00fcter \u00b7 Ermittlung von Feuchtesch\u00e4den\",\"breadcrumb\":{\"@id\":\"https:\/\/www.msr.ch\/de\/messgroessen\/datenlogger-temperatur-luftfeuchtigkeit\/#breadcrumb\"},\"inLanguage\":\"de\",\"potentialAction\":[{\"@type\":\"ReadAction\",\"target\":[\"https:\/\/www.msr.ch\/de\/messgroessen\/datenlogger-temperatur-luftfeuchtigkeit\/\"]}]},{\"@type\":\"ImageObject\",\"inLanguage\":\"de\",\"@id\":\"https:\/\/www.msr.ch\/de\/messgroessen\/datenlogger-temperatur-luftfeuchtigkeit\/#primaryimage\",\"url\":\"https:\/\/www.msr.ch\/images\/Temperatur-Feuchte-Datenlogger-MSR145-1.jpg\",\"contentUrl\":\"https:\/\/www.msr.ch\/images\/Temperatur-Feuchte-Datenlogger-MSR145-1.jpg\"},{\"@type\":\"BreadcrumbList\",\"@id\":\"https:\/\/www.msr.ch\/de\/messgroessen\/datenlogger-temperatur-luftfeuchtigkeit\/#breadcrumb\",\"itemListElement\":[{\"@type\":\"ListItem\",\"position\":1,\"name\":\"Home\",\"item\":\"https:\/\/www.msr.ch\/de\/\"},{\"@type\":\"ListItem\",\"position\":2,\"name\":\"Messgr\u00f6ssen\",\"item\":\"https:\/\/www.msr.ch\/de\/messgroessen\/\"},{\"@type\":\"ListItem\",\"position\":3,\"name\":\"Datenlogger f\u00fcr Temperatur, Feuchte\"}]},{\"@type\":\"WebSite\",\"@id\":\"https:\/\/www.msr.ch\/de\/#website\",\"url\":\"https:\/\/www.msr.ch\/de\/\",\"name\":\"MSR Datenlogger\",\"description\":\"MSR Electronics GmbH\",\"potentialAction\":[{\"@type\":\"SearchAction\",\"target\":{\"@type\":\"EntryPoint\",\"urlTemplate\":\"https:\/\/www.msr.ch\/de\/?s={search_term_string}\"},\"query-input\":\"required name=search_term_string\"}],\"inLanguage\":\"de\"}]}<\/script>\n<!-- \/ Yoast SEO plugin. -->","yoast_head_json":{"title":"Datenlogger f\u00fcr Temperatur, Luftfeuchtigkeit | MSR","description":"Datenlogger f\u00fcr Temperatur, Feuchte von MSR \u00b7 Klima\u00fcberwachung bei Transport und Lagerung empfindlicher G\u00fcter \u00b7 Ermittlung von Feuchtesch\u00e4den","robots":{"index":"index","follow":"follow","max-snippet":"max-snippet:-1","max-image-preview":"max-image-preview:large","max-video-preview":"max-video-preview:-1"},"canonical":"https:\/\/www.msr.ch\/de\/messgroessen\/datenlogger-temperatur-luftfeuchtigkeit\/","og_locale":"de_DE","og_type":"article","og_title":"Datenlogger f\u00fcr Temperatur, Luftfeuchtigkeit | MSR","og_description":"Datenlogger f\u00fcr Temperatur, Feuchte von MSR \u00b7 Klima\u00fcberwachung bei Transport und Lagerung empfindlicher G\u00fcter \u00b7 Ermittlung von Feuchtesch\u00e4den","og_url":"https:\/\/www.msr.ch\/de\/messgroessen\/datenlogger-temperatur-luftfeuchtigkeit\/","og_site_name":"DE MSR Datenlogger","article_publisher":"https:\/\/www.facebook.com\/datenlogger.msr\/","article_modified_time":"2025-10-09T12:09:25+00:00","twitter_card":"summary_large_image","twitter_misc":{"Gesch\u00e4tzte Lesezeit":"4\u00a0Minuten"},"schema":{"@context":"https:\/\/schema.org","@graph":[{"@type":"WebPage","@id":"https:\/\/www.msr.ch\/de\/messgroessen\/datenlogger-temperatur-luftfeuchtigkeit\/","url":"https:\/\/www.msr.ch\/de\/messgroessen\/datenlogger-temperatur-luftfeuchtigkeit\/","name":"Datenlogger f\u00fcr Temperatur, Luftfeuchtigkeit | MSR","isPartOf":{"@id":"https:\/\/www.msr.ch\/de\/#website"},"primaryImageOfPage":{"@id":"https:\/\/www.msr.ch\/de\/messgroessen\/datenlogger-temperatur-luftfeuchtigkeit\/#primaryimage"},"image":{"@id":"https:\/\/www.msr.ch\/de\/messgroessen\/datenlogger-temperatur-luftfeuchtigkeit\/#primaryimage"},"thumbnailUrl":"https:\/\/www.msr.ch\/images\/Temperatur-Feuchte-Datenlogger-MSR145-1.jpg","datePublished":"2022-06-17T12:46:00+00:00","dateModified":"2025-10-09T12:09:25+00:00","description":"Datenlogger f\u00fcr Temperatur, Feuchte von MSR \u00b7 Klima\u00fcberwachung bei Transport und Lagerung empfindlicher G\u00fcter \u00b7 Ermittlung von Feuchtesch\u00e4den","breadcrumb":{"@id":"https:\/\/www.msr.ch\/de\/messgroessen\/datenlogger-temperatur-luftfeuchtigkeit\/#breadcrumb"},"inLanguage":"de","potentialAction":[{"@type":"ReadAction","target":["https:\/\/www.msr.ch\/de\/messgroessen\/datenlogger-temperatur-luftfeuchtigkeit\/"]}]},{"@type":"ImageObject","inLanguage":"de","@id":"https:\/\/www.msr.ch\/de\/messgroessen\/datenlogger-temperatur-luftfeuchtigkeit\/#primaryimage","url":"https:\/\/www.msr.ch\/images\/Temperatur-Feuchte-Datenlogger-MSR145-1.jpg","contentUrl":"https:\/\/www.msr.ch\/images\/Temperatur-Feuchte-Datenlogger-MSR145-1.jpg"},{"@type":"BreadcrumbList","@id":"https:\/\/www.msr.ch\/de\/messgroessen\/datenlogger-temperatur-luftfeuchtigkeit\/#breadcrumb","itemListElement":[{"@type":"ListItem","position":1,"name":"Home","item":"https:\/\/www.msr.ch\/de\/"},{"@type":"ListItem","position":2,"name":"Messgr\u00f6ssen","item":"https:\/\/www.msr.ch\/de\/messgroessen\/"},{"@type":"ListItem","position":3,"name":"Datenlogger f\u00fcr Temperatur, Feuchte"}]},{"@type":"WebSite","@id":"https:\/\/www.msr.ch\/de\/#website","url":"https:\/\/www.msr.ch\/de\/","name":"MSR Datenlogger","description":"MSR Electronics GmbH","potentialAction":[{"@type":"SearchAction","target":{"@type":"EntryPoint","urlTemplate":"https:\/\/www.msr.ch\/de\/?s={search_term_string}"},"query-input":"required name=search_term_string"}],"inLanguage":"de"}]}},"_links":{"self":[{"href":"https:\/\/www.msr.ch\/de\/wp-json\/wp\/v2\/pages\/9643"}],"collection":[{"href":"https:\/\/www.msr.ch\/de\/wp-json\/wp\/v2\/pages"}],"about":[{"href":"https:\/\/www.msr.ch\/de\/wp-json\/wp\/v2\/types\/page"}],"author":[{"embeddable":true,"href":"https:\/\/www.msr.ch\/de\/wp-json\/wp\/v2\/users\/1"}],"replies":[{"embeddable":true,"href":"https:\/\/www.msr.ch\/de\/wp-json\/wp\/v2\/comments?post=9643"}],"version-history":[{"count":47,"href":"https:\/\/www.msr.ch\/de\/wp-json\/wp\/v2\/pages\/9643\/revisions"}],"predecessor-version":[{"id":13842,"href":"https:\/\/www.msr.ch\/de\/wp-json\/wp\/v2\/pages\/9643\/revisions\/13842"}],"up":[{"embeddable":true,"href":"https:\/\/www.msr.ch\/de\/wp-json\/wp\/v2\/pages\/7569"}],"wp:featuredmedia":[{"embeddable":true,"href":"https:\/\/www.msr.ch\/de\/wp-json\/"}],"wp:attachment":[{"href":"https:\/\/www.msr.ch\/de\/wp-json\/wp\/v2\/media?parent=9643"}],"curies":[{"name":"wp","href":"https:\/\/api.w.org\/{rel}","templated":true}]}}