{"id":9658,"date":"2022-06-20T09:33:35","date_gmt":"2022-06-20T09:33:35","guid":{"rendered":"https:\/\/karabeg.xyz\/de\/?page_id=9658"},"modified":"2023-11-22T16:18:31","modified_gmt":"2023-11-22T16:18:31","slug":"datenlogger-luftdruck-fluessigkeitsdruck","status":"publish","type":"page","link":"https:\/\/www.msr.ch\/de\/messgroessen\/datenlogger-luftdruck-fluessigkeitsdruck\/","title":{"rendered":"Datenlogger f\u00fcr Luftdruck, Fl\u00fcssigkeitsdruck"},"content":{"rendered":"<div class=\"wpb-content-wrapper\"><p>[vc_row][vc_column][vc_column_text]<\/p>\n<h1>Datenlogger f\u00fcr Luftdruck, Fl\u00fcssigkeitsdruck<\/h1>\n<h2><span style=\"color: #333333;\">Druckluftmessungen in der Industrie \u00b7 Druckerfassung von Fl\u00fcssigkeiten \u00b7 Vor-\/R\u00fccklaufmessungen <\/span><span style=\"color: #333333;\">bei Heizungssystemen \u00b7 Ermittlung von Leckagen \u00b7 Druckmessungen f\u00fcr Studien am Tier \u00b7 <\/span><span style=\"color: #333333;\">Druck\u00fcberwachung an Anlagen <\/span><\/h2>\n<div class=\"category-view\">\n<div class=\"category-description\">\n<div class=\"category-description\">\n<p>Mit unseren Mini-Datenlogger lassen sich sowohl atmosph\u00e4rischer Druck als auch Druckwerte von Fl\u00fcssigkeiten wie Wasser oder \u00d6l messen und aufzeichnen. Die verf\u00fcgbaren Messbereiche finden Sie im Produktekonfigurator des jeweiligen Datenloggers. Auslesen lassen sich die Messdaten je nach gew\u00e4hltem Datenlogger-Typ via Bluetooth auf einem Smartphone oder via WLAN\/WiFi oder USB auf einem Rechner.<\/p>\n<p>S\u00e4mtliche Druck-Datenlogger werden kundenspezifisch in unserem Werk in Seuzach gefertigt und mit bedienerfreundlicher Software geliefert.<\/p>\n<\/div>\n<\/div>\n<\/div>\n<p>[\/vc_column_text][vc_column_text]<\/p>\n<h2>Diese Datenlogger f\u00fcr Druckmessungen sollten Sie sich n\u00e4her ansehen:<\/h2>\n<p>[\/vc_column_text][\/vc_column][\/vc_row][vc_row][vc_column][vc_carousel_father speed=&#8220;5000&#8243; spaces=&#8220;10&#8243; slide_visible=&#8220;4&#8243; tabs=&#8220;2&#8243; slide_visible_mbl=&#8220;2&#8243; arrowclr=&#8220;#a3a3a3&#8243; arrowsize=&#8220;&#8220; dotclr=&#8220;#a3a3a3&#8243; dotposition=&#8220;&#8220;][vc_carousel_son img_radius=&#8220;&#8220; titlesize=&#8220;24&#8243; btn_visibility=&#8220;show&#8220; btn_size=&#8220;&#8220; btn_bg=&#8220;#0033cc&#8220; image_id=&#8220;2521&#8243; alt=&#8220;MSR145 Datenlogger Lage Fast Peak&#8220; title=&#8220;MSR160&#8243; contain_url=&#8220;https:\/\/www.msr.ch\/de\/produkt\/pdf-datenlogger-msr-budgetline\/&#8220; titleclr=&#8220;#0033cc&#8220; btn_text=&#8220;MEHR&#8220; btn_url=&#8220;url:%2Fde%2Fprodukt%2Fdatenlogger-analoge-eingaenge-msr160%2F|title:Datenlogger%20MSR160%3A%204%20Analogeing%C3%A4nge%2C%20Messrate%20bis%20zu%201000%2Fs%20pro%20Kanal&#8220; caption_url=&#8220;url:%2Fde%2Fprodukt%2Fdatenlogger-analoge-eingaenge-msr160%2F|title:Datenlogger%20MSR160%3A%204%20Analogeing%C3%A4nge%2C%20Messrate%20bis%20zu%201000%2Fs%20pro%20Kanal&#8220; img_alt=&#8220;Datenlogger Luftdruck, MSR160&#8243;]<\/p>\n<p style=\"text-align: center;\"><span style=\"color: #333333;\">Luftdruck 0&#8230;2000 mbar, 0&#8230;14 bar \u00b7 analoge Eing\u00e4nge f\u00fcr Fremdsensoren \u00b7 bis 1 Mrd. Messwerte Speicher<\/span><\/p>\n<p>[\/vc_carousel_son][vc_carousel_son img_radius=&#8220;&#8220; titlesize=&#8220;24&#8243; btn_visibility=&#8220;show&#8220; btn_size=&#8220;&#8220; btn_bg=&#8220;#0033cc&#8220; image_id=&#8220;2519&#8243; alt=&#8220;MSR165 Beschleuniungs-Datenlogger&#8220; title=&#8220;MSR145W2D&#8220; contain_url=&#8220;https:\/\/www.msr.ch\/de\/produkt\/pdf-datenlogger-msr-budgetline\/&#8220; titleclr=&#8220;#0033cc&#8220; btn_text=&#8220;MEHR&#8220; btn_url=&#8220;url:%2Fde%2Fprodukt%2Fwlan-datenlogger-msr145w2d%2F|title:WLAN-Datenlogger%20MSR145W2D&#8220; caption_url=&#8220;url:%2Fde%2Fprodukt%2Fwlan-datenlogger-msr145w2d%2F|title:WLAN-Datenlogger%20MSR145W2D%20f%C3%BCr%20Luft-%20und%20Fl%C3%BCssigkeitsdruck&#8220; img_alt=&#8220;MSR145W2D WLAN-Datenlogger f\u00fcr Luft- und Fl\u00fcssigkeitsdruck&#8220;]<\/p>\n<p style=\"text-align: center;\"><span style=\"color: #333333;\">WLAN-Datenlogger \u00b7 Luftdruck, Fl\u00fcssigkeitsdruck \u00b7 FlexSensoren \u00b7 1 Mio. Messwerte Speicher<\/span><\/p>\n<p>[\/vc_carousel_son][vc_carousel_son img_radius=&#8220;&#8220; titlesize=&#8220;24&#8243; btn_visibility=&#8220;show&#8220; btn_size=&#8220;&#8220; btn_bg=&#8220;#0033cc&#8220; image_id=&#8220;2520&#8243; alt=&#8220;Beschleunigung messen, Datenlogger MSR175&#8243; title=&#8220;MSR255&#8243; contain_url=&#8220;https:\/\/www.msr.ch\/de\/produkt\/pdf-datenlogger-msr-budgetline\/&#8220; titleclr=&#8220;#0033cc&#8220; btn_text=&#8220;MEHR&#8220; btn_url=&#8220;url:%2Fde%2Fprodukt%2Fdatenlogger-druck-beschleunigung-feuchtigkeit-temperatur-msr255%2F|title:Datenlogger%20MSR255%3A%20Robustes%20Multitalent%20mit%20%C3%BCbersichtlichem%20Display&#8220; caption_url=&#8220;url:%2Fde%2Fprodukt%2Fdatenlogger-druck-beschleunigung-feuchtigkeit-temperatur-msr255%2F|title:Datenlogger%20MSR255%3A%20Robustes%20Multitalent%20mit%20%C3%BCbersichtlichem%20Display&#8220; img_alt=&#8220;MSR255 Datenlogger f\u00fcr Luftdruck&#8220;]<\/p>\n<p style=\"text-align: center;\"><span style=\"color: #333333; font-size: 14px;\">Datenlogger mit \u00fcbersichtlichem Display \u00b7 Luftdruck 0&#8230;2000 mbar, 0&#8230;14 bar \u00b7 2 Mio. Messwerte Speicher<\/span><\/p>\n<p>[\/vc_carousel_son][vc_carousel_son img_radius=&#8220;&#8220; titlesize=&#8220;24&#8243; btn_visibility=&#8220;show&#8220; btn_size=&#8220;&#8220; btn_bg=&#8220;#0033cc&#8220; image_id=&#8220;2523&#8243; alt=&#8220;MSR175plus Schock-Datenlogger&#8220; title=&#8220;MSR385WD&#8220; contain_url=&#8220;https:\/\/www.msr.ch\/de\/produkt\/pdf-datenlogger-msr-budgetline\/&#8220; titleclr=&#8220;#0033cc&#8220; btn_text=&#8220;MEHR&#8220; btn_url=&#8220;url:%2Fde%2Fprodukt%2Ffunkdatenlogger-temperatur-feuchte-msr385wd%2F|title:MSR385WD%3A%20Datenlogger%20mit%20Funk%C3%BCbertragung%20%E2%80%93%20LTE%2FGSM-%2FLAN-Terminal%20zur%20Fern%C3%BCberwachung&#8220; caption_url=&#8220;url:%2Fde%2Fprodukt%2Ffunkdatenlogger-temperatur-feuchte-msr385wd%2F|title:MSR385WD%3A%20Datenlogger%20mit%20Funk%C3%BCbertragung%20%E2%80%93%20LTE%2FGSM-%2FLAN-Terminal%20zur%20Fern%C3%BCberwachung&#8220; img_alt=&#8220;Funk-Datenlogger MSR385WD f\u00fcr Luftdruck&#8220;]<\/p>\n<p style=\"text-align: center;\"><span style=\"color: #333333;\">Funk-Datenlogger \u00b7 LTE\/GSM-\/LAN-Terminal \u00b7 Luftdruck-Sendemodule, Betriebstemp. bis 125 \u00b0C<\/span><\/p>\n<p>[\/vc_carousel_son][vc_carousel_son img_radius=&#8220;&#8220; titlesize=&#8220;24&#8243; btn_visibility=&#8220;show&#8220; btn_size=&#8220;&#8220; btn_bg=&#8220;#0033cc&#8220; image_id=&#8220;2519&#8243; alt=&#8220;MSR165 Beschleuniungs-Datenlogger&#8220; title=&#8220;MSR145WD&#8220; contain_url=&#8220;https:\/\/www.msr.ch\/de\/produkt\/pdf-datenlogger-msr-budgetline\/&#8220; titleclr=&#8220;#0033cc&#8220; btn_text=&#8220;MEHR&#8220; btn_url=&#8220;url:%2Fde%2Fprodukt%2Ffunk-datenlogger-msr145wd-bluetooth%2F|title:MSR145WD%20Funk-Datenlogger%20mit%20Bluetooth%20Low%20Energy%20(BLE)&#8220; caption_url=&#8220;url:%2Fde%2Fprodukt%2Ffunk-datenlogger-msr145wd-bluetooth%2F|title:MSR145WD%20Funk-Datenlogger%20mit%20Bluetooth%20Low%20Energy%20(BLE)&#8220; img_alt=&#8220;MSR145WD Bluetooth-Datenlogger f\u00fcr Luft- und Fl\u00fcssigkeitsdruck&#8220;]<\/p>\n<p style=\"text-align: center;\"><span style=\"color: #333333;\">Bluetooth-Datenlogger \u00b7 Luftdruck, Fl\u00fcssigkeitsdruck \u00b7 FlexSensoren \u00b7 1 Mio. Messwerte Speicher<\/span><\/p>\n<p>[\/vc_carousel_son][vc_carousel_son img_radius=&#8220;&#8220; titlesize=&#8220;24&#8243; btn_visibility=&#8220;show&#8220; btn_size=&#8220;&#8220; btn_bg=&#8220;#0033cc&#8220; image_id=&#8220;2515&#8243; alt=&#8220;MSR145 Datenlogger Lage Fast Peak&#8220; title=&#8220;MSR145&#8243; contain_url=&#8220;https:\/\/www.msr.ch\/de\/produkt\/pdf-datenlogger-msr-budgetline\/&#8220; titleclr=&#8220;#0033cc&#8220; btn_text=&#8220;MEHR&#8220; btn_url=&#8220;url:%2Fde%2Fprodukt%2Fdatenlogger-temperatur-feuchte-druck-beschleunigung-msr145%2F|title:MSR145WD%20Funk-Datenlogger%20mit%20Bluetooth%20Low%20Energy%20(BLE)&#8220; caption_url=&#8220;url:%2Fde%2Fprodukt%2Fdatenlogger-temperatur-feuchte-druck-beschleunigung-msr145%2F|title:MSR145%3A%20Datenlogger%20f%C3%BCr%20Temperatur%2C%20Feuchte%2C%20Luft-%2C%20Fl%C3%BCssigkeitsdruck%2C%20Beschleunigung%2C%20Licht&#8220; img_alt=&#8220;Datenlogger MSR145 f\u00fcr Luft- und Fl\u00fcssigkeitsdruck&#8220;]<\/p>\n<p style=\"text-align: center;\"><span style=\"color: #333333;\">Luftdruck 0&#8230;2000 mbar, 0&#8230;14 bar \u00b7 Fl\u00fcssigkeitsdruck versch. Messbereiche \u00b7 2 Mio. Messwerte Speicher<\/span><\/p>\n<p>[\/vc_carousel_son][\/vc_carousel_father][vc_empty_space height=&#8220;20px&#8220;][\/vc_column][\/vc_row][vc_row css=&#8220;.vc_custom_1651071216050{margin-bottom: 20px !important;}&#8220;][vc_column][vc_column_text]<\/p>\n<h2>Wie finde ich den richtigen Datenlogger f\u00fcr meine Anwendung?<\/h2>\n<h3>Kaufberatung Datenlogger f\u00fcr Luftdruck, Fl\u00fcssigkeitsdruck<\/h3>\n<p>Vor der Anschaffung eines Datenloggers lohnt es sich, genau zu \u00fcberlegen, welche Kriterien erf\u00fcllt sein m\u00fcssen. Denn was bringt ein Logger, wenn seine Speicherm\u00f6glichkeiten f\u00fcr die erforderlichen Aufgaben nicht ausreichen oder die aufgezeichneten Daten nicht aussagekr\u00e4ftig sind?<\/p>\n<p>Als Datenlogger-Spezialisten mit jahrelanger Erfahrung wissen wir genau, worauf es bei einem Datenlogger ankommt. <a href=\"\/de\/kontakt\/\">Kontaktieren Sie uns, wir beraten Sie gerne!<\/a>[\/vc_column_text][\/vc_column][\/vc_row][vc_row][vc_column][vc_cta h2=&#8220;Welcher Datenlogger passt am besten?&#8220; h2_font_container=&#8220;tag:h2|text_align:left|color:%230033cc&#8220; h2_use_theme_fonts=&#8220;yes&#8220; h4=&#8220;Nutzen Sie unsere Schnellsuche.&#8220; add_button=&#8220;right&#8220; btn_title=&#8220;Schnellsuche&#8220; use_custom_fonts_h2=&#8220;true&#8220; h2_link=&#8220;url:%2Fde%2Fprodukt%2Fdatenlogger%2F|title:Schnell%20den%20passenden%20Datenlogger%20finden&#8220; btn_link=&#8220;url:%2Fde%2Fprodukt%2Fdatenlogger%2F|title:Schnell%20den%20passenden%20Datenlogger%20finden&#8220; css=&#8220;.vc_custom_1656495392831{border-top-width: 6px !important;border-right-width: 6px !important;border-bottom-width: 6px !important;border-left-width: 6px !important;border-left-color: #0033cc !important;border-right-color: #0033cc !important;border-top-color: #0033cc !important;border-bottom-color: #0033cc !important;}&#8220;]W\u00e4hlen Sie Messgr\u00f6ssen, Mess-\/Speicherrate, Betriebstemperatur, Ger\u00e4tedimension u.v.m.[\/vc_cta][vc_empty_space height=&#8220;20px&#8220;][\/vc_column][\/vc_row][vc_row full_width=&#8220;stretch_row&#8220; css=&#8220;.vc_custom_1668157603065{background-color: #f8f9f9 !important;}&#8220;][vc_column css=&#8220;.vc_custom_1660893479516{padding-right: 40px !important;padding-left: 40px !important;}&#8220;][msrwpbportfoliobyid recent_title=&#8220;MSR Druck-Datenlogger im Einsatz \u2013 Kundenberichte&#8220; number_in_row=&#8220;4&#8243; post_ids=&#8220;10373,10363,10435,9333,9329,9177,12125,12133,12240&#8243; item_text_color=&#8220;#ffffff&#8220; item_title_color=&#8220;#ffffff&#8220; title_color=&#8220;#0033cc&#8220;][vc_empty_space height=&#8220;20px&#8220;][\/vc_column][\/vc_row][vc_row full_width=&#8220;stretch_row&#8220;][vc_column][vc_empty_space][\/vc_column][\/vc_row][vc_row][vc_column width=&#8220;1\/2&#8243;][vc_cta h2=&#8220;\u00dcberlassen Sie die Wahl Ihres Datenloggers nicht dem Zufall.&#8220; h2_font_container=&#8220;tag:h2|text_align:left|color:%230033cc&#8220; h2_use_theme_fonts=&#8220;yes&#8220; h4=&#8220;Nutzen Sie unsere Erfahrung und Kompetenz.&#8220; add_button=&#8220;right&#8220; btn_title=&#8220;Kontakt&#8220; use_custom_fonts_h2=&#8220;true&#8220; h2_link=&#8220;url:%2Fde%2Fkontakt%2F|title:Kontakt%20MSR%20Datenlogger&#8220; btn_link=&#8220;url:%2Fde%2Fkontakt%2F|title:Kontakt%20MSR%20Datenlogger&#8220; el_class=&#8220;grey-subline&#8220; css=&#8220;.vc_custom_1656495996964{margin-top: 18px !important;}&#8220;]F\u00fcr eine pers\u00f6nliche Beratung stehen Ihnen \u00fcber 90 MSR-Vertriebspartner in weltweit mehr als 50 L\u00e4ndern zur Verf\u00fcgung.[\/vc_cta][\/vc_column][vc_column width=&#8220;1\/2&#8243;][msrnewslettersub newslettersub_img=&#8220;2634&#8243;][\/vc_column][\/vc_row][vc_row][vc_column][vc_empty_space][\/vc_column][\/vc_row]<\/p>\n<\/div>","protected":false},"excerpt":{"rendered":"<p>[vc_row][vc_column][vc_column_text] Datenlogger f\u00fcr Luftdruck, Fl\u00fcssigkeitsdruck Druckluftmessungen in der Industrie \u00b7 Druckerfassung von Fl\u00fcssigkeiten \u00b7 Vor-\/R\u00fccklaufmessungen bei Heizungssystemen \u00b7 Ermittlung von Leckagen \u00b7 Druckmessungen f\u00fcr Studien am Tier \u00b7 Druck\u00fcberwachung an Anlagen Mit unseren Mini-Datenlogger lassen sich sowohl atmosph\u00e4rischer Druck als &hellip;<\/p>\n","protected":false},"author":1,"featured_media":2985,"parent":7569,"menu_order":0,"comment_status":"closed","ping_status":"closed","template":"","meta":{"footnotes":""},"yoast_head":"<!-- This site is optimized with the Yoast SEO plugin v22.9 - https:\/\/yoast.com\/wordpress\/plugins\/seo\/ -->\n<title>Datenlogger f\u00fcr Luftdruck, Fl\u00fcssigkeitsdruck | MSR Electronics<\/title>\n<meta name=\"description\" content=\"Datenlogger f\u00fcr Luftdruck, Fl\u00fcssigkeitsdruck von MSR. Druckluftmessungen in der Industrie, Druckerfassung von Fl\u00fcssigkeiten, Druck\u00fcberwachung\" \/>\n<meta name=\"robots\" content=\"index, follow, max-snippet:-1, max-image-preview:large, max-video-preview:-1\" \/>\n<link rel=\"canonical\" href=\"https:\/\/www.msr.ch\/de\/messgroessen\/datenlogger-luftdruck-fluessigkeitsdruck\/\" \/>\n<meta property=\"og:locale\" content=\"de_DE\" \/>\n<meta property=\"og:type\" content=\"article\" \/>\n<meta property=\"og:title\" content=\"Datenlogger f\u00fcr Luftdruck, Fl\u00fcssigkeitsdruck | MSR Electronics\" \/>\n<meta property=\"og:description\" content=\"Datenlogger f\u00fcr Luftdruck, Fl\u00fcssigkeitsdruck von MSR. Druckluftmessungen in der Industrie, Druckerfassung von Fl\u00fcssigkeiten, Druck\u00fcberwachung\" \/>\n<meta property=\"og:url\" content=\"https:\/\/www.msr.ch\/de\/messgroessen\/datenlogger-luftdruck-fluessigkeitsdruck\/\" \/>\n<meta property=\"og:site_name\" content=\"DE MSR Datenlogger\" \/>\n<meta property=\"article:publisher\" content=\"https:\/\/www.facebook.com\/datenlogger.msr\/\" \/>\n<meta property=\"article:modified_time\" content=\"2023-11-22T16:18:31+00:00\" \/>\n<meta name=\"twitter:card\" content=\"summary_large_image\" \/>\n<meta name=\"twitter:label1\" content=\"Gesch\u00e4tzte Lesezeit\" \/>\n\t<meta name=\"twitter:data1\" content=\"3\u00a0Minuten\" \/>\n<script type=\"application\/ld+json\" class=\"yoast-schema-graph\">{\"@context\":\"https:\/\/schema.org\",\"@graph\":[{\"@type\":\"WebPage\",\"@id\":\"https:\/\/www.msr.ch\/de\/messgroessen\/datenlogger-luftdruck-fluessigkeitsdruck\/\",\"url\":\"https:\/\/www.msr.ch\/de\/messgroessen\/datenlogger-luftdruck-fluessigkeitsdruck\/\",\"name\":\"Datenlogger f\u00fcr Luftdruck, Fl\u00fcssigkeitsdruck | MSR Electronics\",\"isPartOf\":{\"@id\":\"https:\/\/www.msr.ch\/de\/#website\"},\"primaryImageOfPage\":{\"@id\":\"https:\/\/www.msr.ch\/de\/messgroessen\/datenlogger-luftdruck-fluessigkeitsdruck\/#primaryimage\"},\"image\":{\"@id\":\"https:\/\/www.msr.ch\/de\/messgroessen\/datenlogger-luftdruck-fluessigkeitsdruck\/#primaryimage\"},\"thumbnailUrl\":\"https:\/\/www.msr.ch\/images\/145w2d_funk-datenlogger-mit-wlan.jpg\",\"datePublished\":\"2022-06-20T09:33:35+00:00\",\"dateModified\":\"2023-11-22T16:18:31+00:00\",\"description\":\"Datenlogger f\u00fcr Luftdruck, Fl\u00fcssigkeitsdruck von MSR. Druckluftmessungen in der Industrie, Druckerfassung von Fl\u00fcssigkeiten, Druck\u00fcberwachung\",\"breadcrumb\":{\"@id\":\"https:\/\/www.msr.ch\/de\/messgroessen\/datenlogger-luftdruck-fluessigkeitsdruck\/#breadcrumb\"},\"inLanguage\":\"de\",\"potentialAction\":[{\"@type\":\"ReadAction\",\"target\":[\"https:\/\/www.msr.ch\/de\/messgroessen\/datenlogger-luftdruck-fluessigkeitsdruck\/\"]}]},{\"@type\":\"ImageObject\",\"inLanguage\":\"de\",\"@id\":\"https:\/\/www.msr.ch\/de\/messgroessen\/datenlogger-luftdruck-fluessigkeitsdruck\/#primaryimage\",\"url\":\"https:\/\/www.msr.ch\/images\/145w2d_funk-datenlogger-mit-wlan.jpg\",\"contentUrl\":\"https:\/\/www.msr.ch\/images\/145w2d_funk-datenlogger-mit-wlan.jpg\"},{\"@type\":\"BreadcrumbList\",\"@id\":\"https:\/\/www.msr.ch\/de\/messgroessen\/datenlogger-luftdruck-fluessigkeitsdruck\/#breadcrumb\",\"itemListElement\":[{\"@type\":\"ListItem\",\"position\":1,\"name\":\"Home\",\"item\":\"https:\/\/www.msr.ch\/de\/\"},{\"@type\":\"ListItem\",\"position\":2,\"name\":\"Messgr\u00f6ssen\",\"item\":\"https:\/\/www.msr.ch\/de\/messgroessen\/\"},{\"@type\":\"ListItem\",\"position\":3,\"name\":\"Datenlogger f\u00fcr Luftdruck, Fl\u00fcssigkeitsdruck\"}]},{\"@type\":\"WebSite\",\"@id\":\"https:\/\/www.msr.ch\/de\/#website\",\"url\":\"https:\/\/www.msr.ch\/de\/\",\"name\":\"MSR Datenlogger\",\"description\":\"MSR Electronics GmbH\",\"potentialAction\":[{\"@type\":\"SearchAction\",\"target\":{\"@type\":\"EntryPoint\",\"urlTemplate\":\"https:\/\/www.msr.ch\/de\/?s={search_term_string}\"},\"query-input\":\"required name=search_term_string\"}],\"inLanguage\":\"de\"}]}<\/script>\n<!-- \/ Yoast SEO plugin. -->","yoast_head_json":{"title":"Datenlogger f\u00fcr Luftdruck, Fl\u00fcssigkeitsdruck | MSR Electronics","description":"Datenlogger f\u00fcr Luftdruck, Fl\u00fcssigkeitsdruck von MSR. Druckluftmessungen in der Industrie, Druckerfassung von Fl\u00fcssigkeiten, Druck\u00fcberwachung","robots":{"index":"index","follow":"follow","max-snippet":"max-snippet:-1","max-image-preview":"max-image-preview:large","max-video-preview":"max-video-preview:-1"},"canonical":"https:\/\/www.msr.ch\/de\/messgroessen\/datenlogger-luftdruck-fluessigkeitsdruck\/","og_locale":"de_DE","og_type":"article","og_title":"Datenlogger f\u00fcr Luftdruck, Fl\u00fcssigkeitsdruck | MSR Electronics","og_description":"Datenlogger f\u00fcr Luftdruck, Fl\u00fcssigkeitsdruck von MSR. Druckluftmessungen in der Industrie, Druckerfassung von Fl\u00fcssigkeiten, Druck\u00fcberwachung","og_url":"https:\/\/www.msr.ch\/de\/messgroessen\/datenlogger-luftdruck-fluessigkeitsdruck\/","og_site_name":"DE MSR Datenlogger","article_publisher":"https:\/\/www.facebook.com\/datenlogger.msr\/","article_modified_time":"2023-11-22T16:18:31+00:00","twitter_card":"summary_large_image","twitter_misc":{"Gesch\u00e4tzte Lesezeit":"3\u00a0Minuten"},"schema":{"@context":"https:\/\/schema.org","@graph":[{"@type":"WebPage","@id":"https:\/\/www.msr.ch\/de\/messgroessen\/datenlogger-luftdruck-fluessigkeitsdruck\/","url":"https:\/\/www.msr.ch\/de\/messgroessen\/datenlogger-luftdruck-fluessigkeitsdruck\/","name":"Datenlogger f\u00fcr Luftdruck, Fl\u00fcssigkeitsdruck | MSR Electronics","isPartOf":{"@id":"https:\/\/www.msr.ch\/de\/#website"},"primaryImageOfPage":{"@id":"https:\/\/www.msr.ch\/de\/messgroessen\/datenlogger-luftdruck-fluessigkeitsdruck\/#primaryimage"},"image":{"@id":"https:\/\/www.msr.ch\/de\/messgroessen\/datenlogger-luftdruck-fluessigkeitsdruck\/#primaryimage"},"thumbnailUrl":"https:\/\/www.msr.ch\/images\/145w2d_funk-datenlogger-mit-wlan.jpg","datePublished":"2022-06-20T09:33:35+00:00","dateModified":"2023-11-22T16:18:31+00:00","description":"Datenlogger f\u00fcr Luftdruck, Fl\u00fcssigkeitsdruck von MSR. Druckluftmessungen in der Industrie, Druckerfassung von Fl\u00fcssigkeiten, Druck\u00fcberwachung","breadcrumb":{"@id":"https:\/\/www.msr.ch\/de\/messgroessen\/datenlogger-luftdruck-fluessigkeitsdruck\/#breadcrumb"},"inLanguage":"de","potentialAction":[{"@type":"ReadAction","target":["https:\/\/www.msr.ch\/de\/messgroessen\/datenlogger-luftdruck-fluessigkeitsdruck\/"]}]},{"@type":"ImageObject","inLanguage":"de","@id":"https:\/\/www.msr.ch\/de\/messgroessen\/datenlogger-luftdruck-fluessigkeitsdruck\/#primaryimage","url":"https:\/\/www.msr.ch\/images\/145w2d_funk-datenlogger-mit-wlan.jpg","contentUrl":"https:\/\/www.msr.ch\/images\/145w2d_funk-datenlogger-mit-wlan.jpg"},{"@type":"BreadcrumbList","@id":"https:\/\/www.msr.ch\/de\/messgroessen\/datenlogger-luftdruck-fluessigkeitsdruck\/#breadcrumb","itemListElement":[{"@type":"ListItem","position":1,"name":"Home","item":"https:\/\/www.msr.ch\/de\/"},{"@type":"ListItem","position":2,"name":"Messgr\u00f6ssen","item":"https:\/\/www.msr.ch\/de\/messgroessen\/"},{"@type":"ListItem","position":3,"name":"Datenlogger f\u00fcr Luftdruck, Fl\u00fcssigkeitsdruck"}]},{"@type":"WebSite","@id":"https:\/\/www.msr.ch\/de\/#website","url":"https:\/\/www.msr.ch\/de\/","name":"MSR Datenlogger","description":"MSR Electronics GmbH","potentialAction":[{"@type":"SearchAction","target":{"@type":"EntryPoint","urlTemplate":"https:\/\/www.msr.ch\/de\/?s={search_term_string}"},"query-input":"required name=search_term_string"}],"inLanguage":"de"}]}},"_links":{"self":[{"href":"https:\/\/www.msr.ch\/de\/wp-json\/wp\/v2\/pages\/9658"}],"collection":[{"href":"https:\/\/www.msr.ch\/de\/wp-json\/wp\/v2\/pages"}],"about":[{"href":"https:\/\/www.msr.ch\/de\/wp-json\/wp\/v2\/types\/page"}],"author":[{"embeddable":true,"href":"https:\/\/www.msr.ch\/de\/wp-json\/wp\/v2\/users\/1"}],"replies":[{"embeddable":true,"href":"https:\/\/www.msr.ch\/de\/wp-json\/wp\/v2\/comments?post=9658"}],"version-history":[{"count":44,"href":"https:\/\/www.msr.ch\/de\/wp-json\/wp\/v2\/pages\/9658\/revisions"}],"predecessor-version":[{"id":12555,"href":"https:\/\/www.msr.ch\/de\/wp-json\/wp\/v2\/pages\/9658\/revisions\/12555"}],"up":[{"embeddable":true,"href":"https:\/\/www.msr.ch\/de\/wp-json\/wp\/v2\/pages\/7569"}],"wp:featuredmedia":[{"embeddable":true,"href":"https:\/\/www.msr.ch\/de\/wp-json\/"}],"wp:attachment":[{"href":"https:\/\/www.msr.ch\/de\/wp-json\/wp\/v2\/media?parent=9658"}],"curies":[{"name":"wp","href":"https:\/\/api.w.org\/{rel}","templated":true}]}}