{"id":9690,"date":"2022-06-20T12:26:30","date_gmt":"2022-06-20T12:26:30","guid":{"rendered":"https:\/\/karabeg.xyz\/de\/?page_id=9690"},"modified":"2023-11-22T20:10:16","modified_gmt":"2023-11-22T20:10:16","slug":"universal-datenlogger","status":"publish","type":"page","link":"https:\/\/www.msr.ch\/de\/messgroessen\/universal-datenlogger\/","title":{"rendered":"Universal-Datenlogger"},"content":{"rendered":"<div class=\"wpb-content-wrapper\"><p>[vc_row][vc_column][vc_column_text]<\/p>\n<h1>Universal-Datenlogger, Multifunktions-Datenlogger<\/h1>\n<h2><span style=\"color: #333333;\">Vielseitig einsetzbar f\u00fcr Messaufgaben in Industrie und Wissenschaft<\/span><\/h2>\n<div class=\"category-view\">\n<div class=\"category-description\">\n<div class=\"category-description\">\n<p>Unsere Multifunktions- und Mehrzweck-Datenlogger k\u00f6nnen f\u00fcr eine Vielzahl von Anwendungen eingesetzt werden. Mithilfe des Produktekonfigurators des gew\u00fcnschten MSR Datenloggers k\u00f6nnen Sie Geh\u00e4use, Akku und Sensoren frei zusammen stellen. Viele der Multifunktions-Logger verf\u00fcgen \u00fcber Anschl\u00fcsse f\u00fcr analoge Eing\u00e4nge mit w\u00e4hlbaren Eingangsbereichen, so dass Sie den Eingang des Loggers an den Ausgang Ihres Sensors anpassen k\u00f6nnen.<\/p>\n<\/div>\n<\/div>\n<\/div>\n<p>[\/vc_column_text][vc_column_text]<\/p>\n<h2>Diese Universal-Datenlogger sollten Sie sich n\u00e4her ansehen:<\/h2>\n<p>[\/vc_column_text][\/vc_column][\/vc_row][vc_row][vc_column][vc_carousel_father speed=&#8220;5000&#8243; spaces=&#8220;10&#8243; slide_visible=&#8220;4&#8243; tabs=&#8220;2&#8243; slide_visible_mbl=&#8220;2&#8243; arrowclr=&#8220;#a3a3a3&#8243; arrowsize=&#8220;&#8220; dotclr=&#8220;#a3a3a3&#8243; dotposition=&#8220;&#8220;][vc_carousel_son img_radius=&#8220;&#8220; titlesize=&#8220;24&#8243; btn_visibility=&#8220;show&#8220; btn_size=&#8220;&#8220; btn_bg=&#8220;#0033cc&#8220; image_id=&#8220;2515&#8243; alt=&#8220;MSR145 Datenlogger Lage Fast Peak&#8220; title=&#8220;MSR145&#8243; contain_url=&#8220;https:\/\/www.msr.ch\/de\/produkt\/pdf-datenlogger-msr-budgetline\/&#8220; titleclr=&#8220;#0033cc&#8220; btn_text=&#8220;MEHR&#8220; btn_url=&#8220;url:%2Fde%2Fprodukt%2Fdatenlogger-temperatur-feuchte-druck-beschleunigung-msr145%2F|title:MSR145%3A%20Datenlogger%20f%C3%BCr%20Temperatur%2C%20Feuchte%2C%20Luft-%2C%20Fl%C3%BCssigkeitsdruck%2C%20Beschleunigung%2C%20Licht&#8220; caption_url=&#8220;url:%2Fde%2Fprodukt%2Fdatenlogger-temperatur-feuchte-druck-beschleunigung-msr145%2F|title:MSR145%3A%20Datenlogger%20f%C3%BCr%20Temperatur%2C%20Feuchte%2C%20Luft-%2C%20Fl%C3%BCssigkeitsdruck%2C%20Beschleunigung%2C%20Licht&#8220; img_alt=&#8220;Universal-Datenlogger MSR145&#8243;]<\/p>\n<p style=\"text-align: center;\"><span style=\"color: #333333;\">Universal-Datenlogger mit grosser Auswahl an Geh\u00e4usen, Akku, Sensoren \u00b7\u00a0 bis 1 Mrd. Messwerte Speicher<\/span><\/p>\n<p>[\/vc_carousel_son][vc_carousel_son img_radius=&#8220;&#8220; titlesize=&#8220;24&#8243; btn_visibility=&#8220;show&#8220; btn_size=&#8220;&#8220; btn_bg=&#8220;#0033cc&#8220; image_id=&#8220;2521&#8243; alt=&#8220;MSR145 Datenlogger Lage Fast Peak&#8220; title=&#8220;MSR160&#8243; contain_url=&#8220;https:\/\/www.msr.ch\/de\/produkt\/pdf-datenlogger-msr-budgetline\/&#8220; titleclr=&#8220;#0033cc&#8220; btn_text=&#8220;MEHR&#8220; btn_url=&#8220;url:%2Fde%2Fprodukt%2Fdatenlogger-analoge-eingaenge-msr160%2F|title:Datenlogger%20MSR160%3A%204%20Analogeing%C3%A4nge%2C%20Messrate%20bis%20zu%201000%2Fs%20pro%20Kanal&#8220; caption_url=&#8220;url:%2Fde%2Fprodukt%2Fdatenlogger-analoge-eingaenge-msr160%2F|title:Datenlogger%20MSR160%3A%204%20Analogeing%C3%A4nge%2C%20Messrate%20bis%20zu%201000%2Fs%20pro%20Kanal&#8220; img_alt=&#8220;Datenlogger MSR160 mit analogen Eing\u00e4ngen&#8220;]<\/p>\n<p style=\"text-align: center;\"><span style=\"color: #333333;\">Datenlogger mit 4 analogen Eing\u00e4ngen \u00b7 Messrate bis zu 1000\/ s pro Kanal \u00b7 bis 1 Mrd. Messwerte Speicher<\/span><\/p>\n<p>[\/vc_carousel_son][vc_carousel_son img_radius=&#8220;&#8220; titlesize=&#8220;24&#8243; btn_visibility=&#8220;show&#8220; btn_size=&#8220;&#8220; btn_bg=&#8220;#0033cc&#8220; image_id=&#8220;2519&#8243; alt=&#8220;MSR165 Beschleuniungs-Datenlogger&#8220; title=&#8220;MSR145W2D&#8220; contain_url=&#8220;https:\/\/www.msr.ch\/de\/produkt\/pdf-datenlogger-msr-budgetline\/&#8220; titleclr=&#8220;#0033cc&#8220; btn_text=&#8220;MEHR&#8220; btn_url=&#8220;url:%2Fde%2Fprodukt%2Fwlan-datenlogger-msr145w2d%2F|title:WLAN-Datenlogger%20MSR145W2D&#8220; caption_url=&#8220;url:%2Fde%2Fprodukt%2Fwlan-datenlogger-msr145w2d%2F|title:WLAN-Datenlogger%20MSR145W2D&#8220; img_alt=&#8220;WLAN-Datenlogger MSR145W2D mit vielen Optionen&#8220;]<\/p>\n<p style=\"text-align: center;\"><span style=\"color: #333333;\">WLAN-Datenlogger \u00b7\u00a0 grosse Auswahl an Sensoren \u00b7 FlexSensoren \u00b7 1 Mio. Messwerte Speicher<\/span><\/p>\n<p>[\/vc_carousel_son][vc_carousel_son img_radius=&#8220;&#8220; titlesize=&#8220;24&#8243; btn_visibility=&#8220;show&#8220; btn_size=&#8220;&#8220; btn_bg=&#8220;#0033cc&#8220; image_id=&#8220;2520&#8243; alt=&#8220;Beschleunigung messen, Datenlogger MSR175&#8243; title=&#8220;MSR255&#8243; contain_url=&#8220;https:\/\/www.msr.ch\/de\/produkt\/pdf-datenlogger-msr-budgetline\/&#8220; titleclr=&#8220;#0033cc&#8220; btn_text=&#8220;MEHR&#8220; btn_url=&#8220;url:%2Fde%2Fprodukt%2Fdatenlogger-druck-beschleunigung-feuchtigkeit-temperatur-msr255%2F|title:Datenlogger%20MSR255%3A%20Robustes%20Multitalent%20mit%20%C3%BCbersichtlichem%20Display&#8220; caption_url=&#8220;url:%2Fde%2Fprodukt%2Fdatenlogger-druck-beschleunigung-feuchtigkeit-temperatur-msr255%2F|title:Datenlogger%20MSR255%3A%20Robustes%20Multitalent%20mit%20%C3%BCbersichtlichem%20Display&#8220; img_alt=&#8220;Universal-Datenlogger MSR255 mit Display&#8220;]<\/p>\n<p style=\"text-align: center;\"><span style=\"color: #333333; font-size: 14px;\">Datenlogger mit \u00fcbersichtlichem Display \u00b7 bis zu 5 verschiedene Sensoren \u00b7 2 Mio. Messwerte Speicher<\/span><\/p>\n<p>[\/vc_carousel_son][vc_carousel_son img_radius=&#8220;&#8220; titlesize=&#8220;24&#8243; btn_visibility=&#8220;show&#8220; btn_size=&#8220;&#8220; btn_bg=&#8220;#0033cc&#8220; image_id=&#8220;2519&#8243; alt=&#8220;MSR165 Beschleuniungs-Datenlogger&#8220; title=&#8220;MSR145WD&#8220; contain_url=&#8220;https:\/\/www.msr.ch\/de\/produkt\/pdf-datenlogger-msr-budgetline\/&#8220; titleclr=&#8220;#0033cc&#8220; btn_text=&#8220;MEHR&#8220; btn_url=&#8220;url:%2Fde%2Fprodukt%2Ffunk-datenlogger-msr145wd-bluetooth%2F|title:MSR145WD%20Funk-Datenlogger%20mit%20Bluetooth%20Low%20Energy%20(BLE)&#8220; caption_url=&#8220;url:%2Fde%2Fprodukt%2Ffunk-datenlogger-msr145wd-bluetooth%2F|title:MSR145WD%20Funk-Datenlogger%20mit%20Bluetooth%20Low%20Energy%20(BLE)&#8220; img_alt=&#8220;MSR145WD Funk-Datenlogger mit Bluetooth Low Energy (BLE)&#8220;]<\/p>\n<p style=\"text-align: center;\"><span style=\"color: #333333;\">Bluetooth-Datenlogger \u00b7 grosse Auswahl an Sensoren \u00b7 FlexSensoren \u00b7 1 Mio. Messwerte Speicher<\/span><\/p>\n<p>[\/vc_carousel_son][\/vc_carousel_father][vc_empty_space height=&#8220;20px&#8220;][\/vc_column][\/vc_row][vc_row css=&#8220;.vc_custom_1651071216050{margin-bottom: 20px !important;}&#8220;][vc_column][vc_column_text]<\/p>\n<h2>Wie finde ich den richtigen Datenlogger f\u00fcr meine Anwendung?<\/h2>\n<h3>Kaufberatung Universal-Datenlogger<\/h3>\n<p>Vor der Anschaffung eines Datenloggers lohnt es sich, genau zu \u00fcberlegen, welche Kriterien erf\u00fcllt sein m\u00fcssen. Denn was bringt ein Logger, wenn seine Speicherm\u00f6glichkeiten f\u00fcr die erforderlichen Aufgaben nicht ausreichen oder die aufgezeichneten Daten nicht aussagekr\u00e4ftig sind?<\/p>\n<p>Als Datenlogger-Spezialisten mit jahrelanger Erfahrung wissen wir genau, worauf es bei einem Universal-Datenlogger ankommt. <a href=\"\/de\/kontakt\/\">Kontaktieren Sie uns, wir beraten Sie gerne!<\/a>[\/vc_column_text][\/vc_column][\/vc_row][vc_row][vc_column][vc_cta h2=&#8220;Welcher Datenlogger passt am besten?&#8220; h2_font_container=&#8220;tag:h2|text_align:left|color:%230033cc&#8220; h2_use_theme_fonts=&#8220;yes&#8220; h4=&#8220;Nutzen Sie unsere Schnellsuche.&#8220; add_button=&#8220;right&#8220; btn_title=&#8220;Schnellsuche&#8220; use_custom_fonts_h2=&#8220;true&#8220; h2_link=&#8220;url:%2Fde%2Fprodukt%2Fdatenlogger%2F|title:Schnell%20den%20passenden%20Datenlogger%20finden&#8220; btn_link=&#8220;url:%2Fde%2Fprodukt%2Fdatenlogger%2F|title:Schnell%20den%20passenden%20Datenlogger%20finden&#8220; css=&#8220;.vc_custom_1656495392831{border-top-width: 6px !important;border-right-width: 6px !important;border-bottom-width: 6px !important;border-left-width: 6px !important;border-left-color: #0033cc !important;border-right-color: #0033cc !important;border-top-color: #0033cc !important;border-bottom-color: #0033cc !important;}&#8220;]W\u00e4hlen Sie Messgr\u00f6ssen, Mess-\/Speicherrate, Betriebstemperatur, Ger\u00e4tedimension u.v.m.[\/vc_cta][vc_empty_space][\/vc_column][\/vc_row][vc_row full_width=&#8220;stretch_row&#8220; css=&#8220;.vc_custom_1668158209151{background-color: #f8f9f9 !important;}&#8220;][vc_column css=&#8220;.vc_custom_1660893479516{padding-right: 40px !important;padding-left: 40px !important;}&#8220;][msrwpbportfoliobyid recent_title=&#8220;MSR Universal-Datenlogger im Einsatz \u2013 Kundenberichte&#8220; number_in_row=&#8220;4&#8243; post_ids=&#8220;10360,10427,10367,10355,10435,9333,10373,10363&#8243; item_text_color=&#8220;#ffffff&#8220; item_title_color=&#8220;#ffffff&#8220; title_color=&#8220;#0033cc&#8220;][vc_empty_space][\/vc_column][\/vc_row][vc_row][vc_column][vc_empty_space][\/vc_column][\/vc_row][vc_row][vc_column width=&#8220;1\/2&#8243;][vc_cta h2=&#8220;\u00dcberlassen Sie die Wahl Ihres Datenloggers nicht dem Zufall.&#8220; h2_font_container=&#8220;tag:h2|text_align:left|color:%230033cc&#8220; h2_use_theme_fonts=&#8220;yes&#8220; h4=&#8220;Nutzen Sie unsere Erfahrung und Kompetenz.&#8220; add_button=&#8220;right&#8220; btn_title=&#8220;Kontakt&#8220; use_custom_fonts_h2=&#8220;true&#8220; h2_link=&#8220;url:%2Fde%2Fkontakt%2F|title:Kontakt%20MSR%20Datenlogger&#8220; btn_link=&#8220;url:%2Fde%2Fkontakt%2F|title:Kontakt%20MSR%20Datenlogger&#8220; el_class=&#8220;grey-subline&#8220; css=&#8220;.vc_custom_1656495996964{margin-top: 18px !important;}&#8220;]F\u00fcr eine pers\u00f6nliche Beratung stehen Ihnen \u00fcber 90 MSR-Vertriebspartner in weltweit mehr als 50 L\u00e4ndern zur Verf\u00fcgung.[\/vc_cta][\/vc_column][vc_column width=&#8220;1\/2&#8243;][msrnewslettersub newslettersub_img=&#8220;2634&#8243;][\/vc_column][\/vc_row][vc_row][vc_column][vc_empty_space][\/vc_column][\/vc_row]<\/p>\n<\/div>","protected":false},"excerpt":{"rendered":"<p>[vc_row][vc_column][vc_column_text] Universal-Datenlogger, Multifunktions-Datenlogger Vielseitig einsetzbar f\u00fcr Messaufgaben in Industrie und Wissenschaft Unsere Multifunktions- und Mehrzweck-Datenlogger k\u00f6nnen f\u00fcr eine Vielzahl von Anwendungen eingesetzt werden. Mithilfe des Produktekonfigurators des gew\u00fcnschten MSR Datenloggers k\u00f6nnen Sie Geh\u00e4use, Akku und Sensoren frei zusammen stellen. Viele &hellip;<\/p>\n","protected":false},"author":1,"featured_media":0,"parent":7569,"menu_order":0,"comment_status":"closed","ping_status":"closed","template":"","meta":{"footnotes":""},"yoast_head":"<!-- This site is optimized with the Yoast SEO plugin v22.9 - https:\/\/yoast.com\/wordpress\/plugins\/seo\/ -->\n<title>Universal-Datenlogger , Multifunktions-Datenlogger | MSR<\/title>\n<meta name=\"description\" content=\"Universal-Datenlogger, Multifunktions-Datenlogger von MSR: Vielseitig einsetzbar f\u00fcr Messaufgaben in Industrie und Wissenschaft. Grosse Auswahl\" \/>\n<meta name=\"robots\" content=\"index, follow, max-snippet:-1, max-image-preview:large, max-video-preview:-1\" \/>\n<link rel=\"canonical\" href=\"https:\/\/www.msr.ch\/de\/messgroessen\/universal-datenlogger\/\" \/>\n<meta property=\"og:locale\" content=\"de_DE\" \/>\n<meta property=\"og:type\" content=\"article\" \/>\n<meta property=\"og:title\" content=\"Universal-Datenlogger , Multifunktions-Datenlogger | MSR\" \/>\n<meta property=\"og:description\" content=\"Universal-Datenlogger, Multifunktions-Datenlogger von MSR: Vielseitig einsetzbar f\u00fcr Messaufgaben in Industrie und Wissenschaft. Grosse Auswahl\" \/>\n<meta property=\"og:url\" content=\"https:\/\/www.msr.ch\/de\/messgroessen\/universal-datenlogger\/\" \/>\n<meta property=\"og:site_name\" content=\"DE MSR Datenlogger\" \/>\n<meta property=\"article:publisher\" content=\"https:\/\/www.facebook.com\/datenlogger.msr\/\" \/>\n<meta property=\"article:modified_time\" content=\"2023-11-22T20:10:16+00:00\" \/>\n<meta name=\"twitter:card\" content=\"summary_large_image\" \/>\n<meta name=\"twitter:label1\" content=\"Gesch\u00e4tzte Lesezeit\" \/>\n\t<meta name=\"twitter:data1\" content=\"3\u00a0Minuten\" \/>\n<script type=\"application\/ld+json\" class=\"yoast-schema-graph\">{\"@context\":\"https:\/\/schema.org\",\"@graph\":[{\"@type\":\"WebPage\",\"@id\":\"https:\/\/www.msr.ch\/de\/messgroessen\/universal-datenlogger\/\",\"url\":\"https:\/\/www.msr.ch\/de\/messgroessen\/universal-datenlogger\/\",\"name\":\"Universal-Datenlogger , Multifunktions-Datenlogger | MSR\",\"isPartOf\":{\"@id\":\"https:\/\/www.msr.ch\/de\/#website\"},\"datePublished\":\"2022-06-20T12:26:30+00:00\",\"dateModified\":\"2023-11-22T20:10:16+00:00\",\"description\":\"Universal-Datenlogger, Multifunktions-Datenlogger von MSR: Vielseitig einsetzbar f\u00fcr Messaufgaben in Industrie und Wissenschaft. Grosse Auswahl\",\"breadcrumb\":{\"@id\":\"https:\/\/www.msr.ch\/de\/messgroessen\/universal-datenlogger\/#breadcrumb\"},\"inLanguage\":\"de\",\"potentialAction\":[{\"@type\":\"ReadAction\",\"target\":[\"https:\/\/www.msr.ch\/de\/messgroessen\/universal-datenlogger\/\"]}]},{\"@type\":\"BreadcrumbList\",\"@id\":\"https:\/\/www.msr.ch\/de\/messgroessen\/universal-datenlogger\/#breadcrumb\",\"itemListElement\":[{\"@type\":\"ListItem\",\"position\":1,\"name\":\"Home\",\"item\":\"https:\/\/www.msr.ch\/de\/\"},{\"@type\":\"ListItem\",\"position\":2,\"name\":\"Messgr\u00f6ssen\",\"item\":\"https:\/\/www.msr.ch\/de\/messgroessen\/\"},{\"@type\":\"ListItem\",\"position\":3,\"name\":\"Universal-Datenlogger\"}]},{\"@type\":\"WebSite\",\"@id\":\"https:\/\/www.msr.ch\/de\/#website\",\"url\":\"https:\/\/www.msr.ch\/de\/\",\"name\":\"MSR Datenlogger\",\"description\":\"MSR Electronics GmbH\",\"potentialAction\":[{\"@type\":\"SearchAction\",\"target\":{\"@type\":\"EntryPoint\",\"urlTemplate\":\"https:\/\/www.msr.ch\/de\/?s={search_term_string}\"},\"query-input\":\"required name=search_term_string\"}],\"inLanguage\":\"de\"}]}<\/script>\n<!-- \/ Yoast SEO plugin. -->","yoast_head_json":{"title":"Universal-Datenlogger , Multifunktions-Datenlogger | MSR","description":"Universal-Datenlogger, Multifunktions-Datenlogger von MSR: Vielseitig einsetzbar f\u00fcr Messaufgaben in Industrie und Wissenschaft. Grosse Auswahl","robots":{"index":"index","follow":"follow","max-snippet":"max-snippet:-1","max-image-preview":"max-image-preview:large","max-video-preview":"max-video-preview:-1"},"canonical":"https:\/\/www.msr.ch\/de\/messgroessen\/universal-datenlogger\/","og_locale":"de_DE","og_type":"article","og_title":"Universal-Datenlogger , Multifunktions-Datenlogger | MSR","og_description":"Universal-Datenlogger, Multifunktions-Datenlogger von MSR: Vielseitig einsetzbar f\u00fcr Messaufgaben in Industrie und Wissenschaft. Grosse Auswahl","og_url":"https:\/\/www.msr.ch\/de\/messgroessen\/universal-datenlogger\/","og_site_name":"DE MSR Datenlogger","article_publisher":"https:\/\/www.facebook.com\/datenlogger.msr\/","article_modified_time":"2023-11-22T20:10:16+00:00","twitter_card":"summary_large_image","twitter_misc":{"Gesch\u00e4tzte Lesezeit":"3\u00a0Minuten"},"schema":{"@context":"https:\/\/schema.org","@graph":[{"@type":"WebPage","@id":"https:\/\/www.msr.ch\/de\/messgroessen\/universal-datenlogger\/","url":"https:\/\/www.msr.ch\/de\/messgroessen\/universal-datenlogger\/","name":"Universal-Datenlogger , Multifunktions-Datenlogger | MSR","isPartOf":{"@id":"https:\/\/www.msr.ch\/de\/#website"},"datePublished":"2022-06-20T12:26:30+00:00","dateModified":"2023-11-22T20:10:16+00:00","description":"Universal-Datenlogger, Multifunktions-Datenlogger von MSR: Vielseitig einsetzbar f\u00fcr Messaufgaben in Industrie und Wissenschaft. Grosse Auswahl","breadcrumb":{"@id":"https:\/\/www.msr.ch\/de\/messgroessen\/universal-datenlogger\/#breadcrumb"},"inLanguage":"de","potentialAction":[{"@type":"ReadAction","target":["https:\/\/www.msr.ch\/de\/messgroessen\/universal-datenlogger\/"]}]},{"@type":"BreadcrumbList","@id":"https:\/\/www.msr.ch\/de\/messgroessen\/universal-datenlogger\/#breadcrumb","itemListElement":[{"@type":"ListItem","position":1,"name":"Home","item":"https:\/\/www.msr.ch\/de\/"},{"@type":"ListItem","position":2,"name":"Messgr\u00f6ssen","item":"https:\/\/www.msr.ch\/de\/messgroessen\/"},{"@type":"ListItem","position":3,"name":"Universal-Datenlogger"}]},{"@type":"WebSite","@id":"https:\/\/www.msr.ch\/de\/#website","url":"https:\/\/www.msr.ch\/de\/","name":"MSR Datenlogger","description":"MSR Electronics GmbH","potentialAction":[{"@type":"SearchAction","target":{"@type":"EntryPoint","urlTemplate":"https:\/\/www.msr.ch\/de\/?s={search_term_string}"},"query-input":"required name=search_term_string"}],"inLanguage":"de"}]}},"_links":{"self":[{"href":"https:\/\/www.msr.ch\/de\/wp-json\/wp\/v2\/pages\/9690"}],"collection":[{"href":"https:\/\/www.msr.ch\/de\/wp-json\/wp\/v2\/pages"}],"about":[{"href":"https:\/\/www.msr.ch\/de\/wp-json\/wp\/v2\/types\/page"}],"author":[{"embeddable":true,"href":"https:\/\/www.msr.ch\/de\/wp-json\/wp\/v2\/users\/1"}],"replies":[{"embeddable":true,"href":"https:\/\/www.msr.ch\/de\/wp-json\/wp\/v2\/comments?post=9690"}],"version-history":[{"count":23,"href":"https:\/\/www.msr.ch\/de\/wp-json\/wp\/v2\/pages\/9690\/revisions"}],"predecessor-version":[{"id":12558,"href":"https:\/\/www.msr.ch\/de\/wp-json\/wp\/v2\/pages\/9690\/revisions\/12558"}],"up":[{"embeddable":true,"href":"https:\/\/www.msr.ch\/de\/wp-json\/wp\/v2\/pages\/7569"}],"wp:attachment":[{"href":"https:\/\/www.msr.ch\/de\/wp-json\/wp\/v2\/media?parent=9690"}],"curies":[{"name":"wp","href":"https:\/\/api.w.org\/{rel}","templated":true}]}}