{"id":9707,"date":"2022-06-20T12:50:23","date_gmt":"2022-06-20T12:50:23","guid":{"rendered":"https:\/\/karabeg.xyz\/de\/?page_id=9707"},"modified":"2026-03-31T12:54:53","modified_gmt":"2026-03-31T12:54:53","slug":"datenlogger-dehnungsmessstreifen","status":"publish","type":"page","link":"https:\/\/www.msr.ch\/de\/messgroessen\/datenlogger-dehnungsmessstreifen\/","title":{"rendered":"Datenlogger f\u00fcr Dehnungsmessstreifen"},"content":{"rendered":"<div class=\"wpb-content-wrapper\"><p>[vc_row][vc_column][vc_column_text css=&#8220;&#8220;]<\/p>\n<h1>Datenlogger f\u00fcr Dehnungsmessungen<\/h1>\n<h2><span style=\"color: #333333;\">Funk-Datenlogger mit analogem Anschluss f\u00fcr Dehnungsmessstreifen<\/span><\/h2>\n<div class=\"category-view\">\n<div class=\"category-description\">\n<div class=\"category-description\">\n<p>Um Messsignale mit einem Dehnungsmessstreifen aufzuzeichnen, lassen sich die Datenlogger <a href=\"\/de\/produkt\/funk-datenlogger-msr145wd-bluetooth\/\">MSR145WD (Bluetooth)<\/a> und <a href=\"\/de\/produkt\/wlan-datenlogger-msr145w2d\/\">Funk-Datenlogger MSR145W2D (WLAN)<\/a> mit einem Anschluss f\u00fcr Dehnungsmessstreifen ausstatten. <strong>Kenndaten DMS: Vollbr\u00fccke \u00b7 Kennwert 1mV\/V\u00a0bis 4mV\/V \u00b7 Br\u00fcckenspannung 3 V.<\/strong> Beide Logger-Typen verf\u00fcgen \u00fcber 1 Million Messwerte Speicherkapazit\u00e4t. Auslesen lassen sich die Messdaten je nach Modell mittels WLAN auf einem Rechner oder via Bluetooth mit der MSR DataLogger App auf einem Smartphone.<\/p>\n<\/div>\n<\/div>\n<\/div>\n<p>[\/vc_column_text][vc_column_text]<\/p>\n<h2>Diese Datenlogger f\u00fcr Dehnungsmessungen sollten Sie sich n\u00e4her ansehen:<\/h2>\n<p>[\/vc_column_text][\/vc_column][\/vc_row][vc_row][vc_column][vc_carousel_father speed=&#8220;5000&#8243; spaces=&#8220;10&#8243; slide_visible=&#8220;2&#8243; tabs=&#8220;2&#8243; slide_visible_mbl=&#8220;2&#8243; arrowclr=&#8220;#a3a3a3&#8243; arrowsize=&#8220;&#8220; dotclr=&#8220;#a3a3a3&#8243; dotposition=&#8220;&#8220;][vc_carousel_son img_radius=&#8220;&#8220; titlesize=&#8220;24&#8243; btn_visibility=&#8220;show&#8220; btn_size=&#8220;&#8220; btn_bg=&#8220;#0033cc&#8220; image_id=&#8220;2519&#8243; alt=&#8220;MSR165 Beschleuniungs-Datenlogger&#8220; title=&#8220;MSR145W2D&#8220; contain_url=&#8220;https:\/\/www.msr.ch\/de\/produkt\/pdf-datenlogger-msr-budgetline\/&#8220; titleclr=&#8220;#0033cc&#8220; btn_text=&#8220;MEHR&#8220; btn_url=&#8220;url:%2Fde%2Fprodukt%2Fwlan-datenlogger-msr145w2d%2F|title:Datenlogger%20Dehnungsmessungen%20MSR145W2D%20WLAN&#8220; caption_url=&#8220;url:%2Fde%2Fprodukt%2Fwlan-datenlogger-msr145w2d%2F|title:Funk-Datenlogger%20f%C3%BCr%20Dehnmessstreifen%20MSR145W2D&#8220; img_alt=&#8220;WLAN-Datenlogger f\u00fcr Dehnungsmessungen MSR145W2D&#8220;]<\/p>\n<p style=\"text-align: center;\"><span style=\"color: #333333;\">WLAN-Datenlogger \u00b7 bis zu 5 Anschl\u00fcsse f\u00fcr Dehnmessstreifen \u00b7 1 Mio. Messwerte Speicher<\/span><\/p>\n<p>[\/vc_carousel_son][vc_carousel_son img_radius=&#8220;&#8220; titlesize=&#8220;24&#8243; btn_visibility=&#8220;show&#8220; btn_size=&#8220;&#8220; btn_bg=&#8220;#0033cc&#8220; image_id=&#8220;2519&#8243; alt=&#8220;MSR165 Beschleuniungs-Datenlogger&#8220; title=&#8220;MSR145WD&#8220; contain_url=&#8220;https:\/\/www.msr.ch\/de\/produkt\/pdf-datenlogger-msr-budgetline\/&#8220; titleclr=&#8220;#0033cc&#8220; btn_text=&#8220;MEHR&#8220; btn_url=&#8220;url:%2Fde%2Fprodukt%2Ffunk-datenlogger-msr145wd-bluetooth%2F|title:MSR145WD%20Funk-Datenlogger%20mit%20Bluetooth%20Low%20Energy%20(BLE)&#8220; caption_url=&#8220;url:%2Fde%2Fprodukt%2Ffunk-datenlogger-msr145wd-bluetooth%2F|title:MSR145WD%20Funk-Datenlogger%20mit%20Bluetooth%20Low%20Energy%20(BLE)&#8220; img_alt=&#8220;MSR145WD Funk-Datenlogger mit Bluetooth Low Energy (BLE)&#8220;]<\/p>\n<p style=\"text-align: center;\"><span style=\"color: #333333;\">Bluetooth-Datenlogger \u00b7 bis zu 5 Anschl\u00fcsse f\u00fcr Dehnmessstreifen \u00b7 1 Mio. Messwerte Speicher<\/span><\/p>\n<p>[\/vc_carousel_son][\/vc_carousel_father][vc_empty_space height=&#8220;20px&#8220;][\/vc_column][\/vc_row][vc_row css=&#8220;.vc_custom_1651071216050{margin-bottom: 20px !important;}&#8220;][vc_column][vc_column_text]<\/p>\n<h2>Wie finde ich den richtigen Datenlogger f\u00fcr meine Anwendung?<\/h2>\n<h3>Kaufberatung Datenlogger f\u00fcr Dehnungsmessungen<\/h3>\n<p>Vor der Anschaffung eines Datenloggers lohnt es sich, genau zu \u00fcberlegen, welche Kriterien erf\u00fcllt sein m\u00fcssen. Denn was bringt ein Logger, wenn seine Speicherm\u00f6glichkeiten f\u00fcr die erforderlichen Aufgaben nicht ausreichen oder die aufgezeichneten Daten nicht aussagekr\u00e4ftig sind?<\/p>\n<p>Als Datenlogger-Spezialisten mit jahrelanger Erfahrung wissen wir genau, worauf es bei einem Datenlogger f\u00fcr Dehnungsmessungen ankommt. <a href=\"\/de\/kontakt\/\">Kontaktieren Sie uns, wir beraten Sie gerne!<\/a>[\/vc_column_text][\/vc_column][\/vc_row][vc_row][vc_column][vc_cta h2=&#8220;Welcher Datenlogger passt am besten?&#8220; h2_font_container=&#8220;tag:h2|text_align:left|color:%230033cc&#8220; h2_use_theme_fonts=&#8220;yes&#8220; h4=&#8220;Nutzen Sie unsere Schnellsuche.&#8220; add_button=&#8220;right&#8220; btn_title=&#8220;Schnellsuche&#8220; css=&#8220;.vc_custom_1656571197745{border-top-width: 6px !important;border-right-width: 6px !important;border-bottom-width: 6px !important;border-left-width: 6px !important;border-left-color: #0033cc !important;border-right-color: #0033cc !important;border-top-color: #0033cc !important;border-bottom-color: #0033cc !important;}&#8220; use_custom_fonts_h2=&#8220;true&#8220; h2_link=&#8220;url:%2Fde%2Fprodukt%2Fdatenlogger%2F|title:Schnell%20den%20passenden%20Datenlogger%20finden&#8220; btn_link=&#8220;url:%2Fde%2Fprodukt%2Fdatenlogger%2F|title:Schnell%20den%20passenden%20Datenlogger%20finden&#8220;]W\u00e4hlen Sie Messgr\u00f6ssen, Mess-\/Speicherrate, Betriebstemperatur, Ger\u00e4tedimension u.v.m.[\/vc_cta][vc_empty_space height=&#8220;20px&#8220;][\/vc_column][\/vc_row][vc_row][vc_column width=&#8220;1\/2&#8243;][vc_cta h2=&#8220;\u00dcberlassen Sie die Wahl Ihres Datenloggers nicht dem Zufall.&#8220; h2_font_container=&#8220;tag:h2|text_align:left|color:%230033cc&#8220; h2_use_theme_fonts=&#8220;yes&#8220; h4=&#8220;Nutzen Sie unsere Erfahrung und Kompetenz.&#8220; add_button=&#8220;right&#8220; btn_title=&#8220;Kontakt&#8220; css=&#8220;.vc_custom_1700690895046{margin-top: 18px !important;}&#8220; use_custom_fonts_h2=&#8220;true&#8220; h2_link=&#8220;url:%2Fde%2Fdatenlogger%2F|title:Schnell%20den%20passenden%20Datenlogger%20finden&#8220; btn_link=&#8220;url:%2Fde%2Fkontakt%2F|title:Kaufberatung%20MSR%20Electronics%20GmbH&#8220; el_class=&#8220;grey-subline&#8220;]F\u00fcr eine pers\u00f6nliche Beratung stehen Ihnen \u00fcber 90 MSR-Vertriebspartner in weltweit mehr als 50 L\u00e4ndern zur Verf\u00fcgung.[\/vc_cta][\/vc_column][vc_column width=&#8220;1\/2&#8243;][msrnewslettersub newslettersub_img=&#8220;2634&#8243;][\/vc_column][\/vc_row][vc_row][vc_column][vc_empty_space][\/vc_column][\/vc_row]<\/p>\n<\/div>","protected":false},"excerpt":{"rendered":"<p>[vc_row][vc_column][vc_column_text css=&#8220;&#8220;] Datenlogger f\u00fcr Dehnungsmessungen Funk-Datenlogger mit analogem Anschluss f\u00fcr Dehnungsmessstreifen Um Messsignale mit einem Dehnungsmessstreifen aufzuzeichnen, lassen sich die Datenlogger MSR145WD (Bluetooth) und Funk-Datenlogger MSR145W2D (WLAN) mit einem Anschluss f\u00fcr Dehnungsmessstreifen ausstatten. Kenndaten DMS: Vollbr\u00fccke \u00b7 Kennwert 1mV\/V\u00a0bis 4mV\/V &hellip;<\/p>\n","protected":false},"author":1,"featured_media":2894,"parent":7569,"menu_order":0,"comment_status":"closed","ping_status":"closed","template":"","meta":{"footnotes":""},"yoast_head":"<!-- This site is optimized with the Yoast SEO plugin v22.9 - https:\/\/yoast.com\/wordpress\/plugins\/seo\/ -->\n<title>Datenlogger f\u00fcr Dehnungsmessungen | DE MSR Datenlogger<\/title>\n<meta name=\"description\" content=\"Datenlogger f\u00fcr Dehnungsmessungen: Datenlogger MSR145WD (Bluetooth) und Funk-Datenlogger MSR145W2D (WLAN) mit analogen Eing\u00e4ngen\" \/>\n<meta name=\"robots\" content=\"index, follow, max-snippet:-1, max-image-preview:large, max-video-preview:-1\" \/>\n<link rel=\"canonical\" href=\"https:\/\/www.msr.ch\/de\/messgroessen\/datenlogger-dehnungsmessstreifen\/\" \/>\n<meta property=\"og:locale\" content=\"de_DE\" \/>\n<meta property=\"og:type\" content=\"article\" \/>\n<meta property=\"og:title\" content=\"Datenlogger f\u00fcr Dehnungsmessungen | DE MSR Datenlogger\" \/>\n<meta property=\"og:description\" content=\"Datenlogger f\u00fcr Dehnungsmessungen: Datenlogger MSR145WD (Bluetooth) und Funk-Datenlogger MSR145W2D (WLAN) mit analogen Eing\u00e4ngen\" \/>\n<meta property=\"og:url\" content=\"https:\/\/www.msr.ch\/de\/messgroessen\/datenlogger-dehnungsmessstreifen\/\" \/>\n<meta property=\"og:site_name\" content=\"DE MSR Datenlogger\" \/>\n<meta property=\"article:publisher\" content=\"https:\/\/www.facebook.com\/datenlogger.msr\/\" \/>\n<meta property=\"article:modified_time\" content=\"2026-03-31T12:54:53+00:00\" \/>\n<meta name=\"twitter:card\" content=\"summary_large_image\" \/>\n<meta name=\"twitter:label1\" content=\"Gesch\u00e4tzte Lesezeit\" \/>\n\t<meta name=\"twitter:data1\" content=\"3\u00a0Minuten\" \/>\n<script type=\"application\/ld+json\" class=\"yoast-schema-graph\">{\"@context\":\"https:\/\/schema.org\",\"@graph\":[{\"@type\":\"WebPage\",\"@id\":\"https:\/\/www.msr.ch\/de\/messgroessen\/datenlogger-dehnungsmessstreifen\/\",\"url\":\"https:\/\/www.msr.ch\/de\/messgroessen\/datenlogger-dehnungsmessstreifen\/\",\"name\":\"Datenlogger f\u00fcr Dehnungsmessungen | DE MSR Datenlogger\",\"isPartOf\":{\"@id\":\"https:\/\/www.msr.ch\/de\/#website\"},\"primaryImageOfPage\":{\"@id\":\"https:\/\/www.msr.ch\/de\/messgroessen\/datenlogger-dehnungsmessstreifen\/#primaryimage\"},\"image\":{\"@id\":\"https:\/\/www.msr.ch\/de\/messgroessen\/datenlogger-dehnungsmessstreifen\/#primaryimage\"},\"thumbnailUrl\":\"https:\/\/www.msr.ch\/images\/funk-datenlogger-MSR145WD-2.jpg\",\"datePublished\":\"2022-06-20T12:50:23+00:00\",\"dateModified\":\"2026-03-31T12:54:53+00:00\",\"description\":\"Datenlogger f\u00fcr Dehnungsmessungen: Datenlogger MSR145WD (Bluetooth) und Funk-Datenlogger MSR145W2D (WLAN) mit analogen Eing\u00e4ngen\",\"breadcrumb\":{\"@id\":\"https:\/\/www.msr.ch\/de\/messgroessen\/datenlogger-dehnungsmessstreifen\/#breadcrumb\"},\"inLanguage\":\"de\",\"potentialAction\":[{\"@type\":\"ReadAction\",\"target\":[\"https:\/\/www.msr.ch\/de\/messgroessen\/datenlogger-dehnungsmessstreifen\/\"]}]},{\"@type\":\"ImageObject\",\"inLanguage\":\"de\",\"@id\":\"https:\/\/www.msr.ch\/de\/messgroessen\/datenlogger-dehnungsmessstreifen\/#primaryimage\",\"url\":\"https:\/\/www.msr.ch\/images\/funk-datenlogger-MSR145WD-2.jpg\",\"contentUrl\":\"https:\/\/www.msr.ch\/images\/funk-datenlogger-MSR145WD-2.jpg\"},{\"@type\":\"BreadcrumbList\",\"@id\":\"https:\/\/www.msr.ch\/de\/messgroessen\/datenlogger-dehnungsmessstreifen\/#breadcrumb\",\"itemListElement\":[{\"@type\":\"ListItem\",\"position\":1,\"name\":\"Home\",\"item\":\"https:\/\/www.msr.ch\/de\/\"},{\"@type\":\"ListItem\",\"position\":2,\"name\":\"Messgr\u00f6ssen\",\"item\":\"https:\/\/www.msr.ch\/de\/messgroessen\/\"},{\"@type\":\"ListItem\",\"position\":3,\"name\":\"Datenlogger f\u00fcr Dehnungsmessstreifen\"}]},{\"@type\":\"WebSite\",\"@id\":\"https:\/\/www.msr.ch\/de\/#website\",\"url\":\"https:\/\/www.msr.ch\/de\/\",\"name\":\"MSR Datenlogger\",\"description\":\"MSR Electronics GmbH\",\"potentialAction\":[{\"@type\":\"SearchAction\",\"target\":{\"@type\":\"EntryPoint\",\"urlTemplate\":\"https:\/\/www.msr.ch\/de\/?s={search_term_string}\"},\"query-input\":\"required name=search_term_string\"}],\"inLanguage\":\"de\"}]}<\/script>\n<!-- \/ Yoast SEO plugin. -->","yoast_head_json":{"title":"Datenlogger f\u00fcr Dehnungsmessungen | DE MSR Datenlogger","description":"Datenlogger f\u00fcr Dehnungsmessungen: Datenlogger MSR145WD (Bluetooth) und Funk-Datenlogger MSR145W2D (WLAN) mit analogen Eing\u00e4ngen","robots":{"index":"index","follow":"follow","max-snippet":"max-snippet:-1","max-image-preview":"max-image-preview:large","max-video-preview":"max-video-preview:-1"},"canonical":"https:\/\/www.msr.ch\/de\/messgroessen\/datenlogger-dehnungsmessstreifen\/","og_locale":"de_DE","og_type":"article","og_title":"Datenlogger f\u00fcr Dehnungsmessungen | DE MSR Datenlogger","og_description":"Datenlogger f\u00fcr Dehnungsmessungen: Datenlogger MSR145WD (Bluetooth) und Funk-Datenlogger MSR145W2D (WLAN) mit analogen Eing\u00e4ngen","og_url":"https:\/\/www.msr.ch\/de\/messgroessen\/datenlogger-dehnungsmessstreifen\/","og_site_name":"DE MSR Datenlogger","article_publisher":"https:\/\/www.facebook.com\/datenlogger.msr\/","article_modified_time":"2026-03-31T12:54:53+00:00","twitter_card":"summary_large_image","twitter_misc":{"Gesch\u00e4tzte Lesezeit":"3\u00a0Minuten"},"schema":{"@context":"https:\/\/schema.org","@graph":[{"@type":"WebPage","@id":"https:\/\/www.msr.ch\/de\/messgroessen\/datenlogger-dehnungsmessstreifen\/","url":"https:\/\/www.msr.ch\/de\/messgroessen\/datenlogger-dehnungsmessstreifen\/","name":"Datenlogger f\u00fcr Dehnungsmessungen | DE MSR Datenlogger","isPartOf":{"@id":"https:\/\/www.msr.ch\/de\/#website"},"primaryImageOfPage":{"@id":"https:\/\/www.msr.ch\/de\/messgroessen\/datenlogger-dehnungsmessstreifen\/#primaryimage"},"image":{"@id":"https:\/\/www.msr.ch\/de\/messgroessen\/datenlogger-dehnungsmessstreifen\/#primaryimage"},"thumbnailUrl":"https:\/\/www.msr.ch\/images\/funk-datenlogger-MSR145WD-2.jpg","datePublished":"2022-06-20T12:50:23+00:00","dateModified":"2026-03-31T12:54:53+00:00","description":"Datenlogger f\u00fcr Dehnungsmessungen: Datenlogger MSR145WD (Bluetooth) und Funk-Datenlogger MSR145W2D (WLAN) mit analogen Eing\u00e4ngen","breadcrumb":{"@id":"https:\/\/www.msr.ch\/de\/messgroessen\/datenlogger-dehnungsmessstreifen\/#breadcrumb"},"inLanguage":"de","potentialAction":[{"@type":"ReadAction","target":["https:\/\/www.msr.ch\/de\/messgroessen\/datenlogger-dehnungsmessstreifen\/"]}]},{"@type":"ImageObject","inLanguage":"de","@id":"https:\/\/www.msr.ch\/de\/messgroessen\/datenlogger-dehnungsmessstreifen\/#primaryimage","url":"https:\/\/www.msr.ch\/images\/funk-datenlogger-MSR145WD-2.jpg","contentUrl":"https:\/\/www.msr.ch\/images\/funk-datenlogger-MSR145WD-2.jpg"},{"@type":"BreadcrumbList","@id":"https:\/\/www.msr.ch\/de\/messgroessen\/datenlogger-dehnungsmessstreifen\/#breadcrumb","itemListElement":[{"@type":"ListItem","position":1,"name":"Home","item":"https:\/\/www.msr.ch\/de\/"},{"@type":"ListItem","position":2,"name":"Messgr\u00f6ssen","item":"https:\/\/www.msr.ch\/de\/messgroessen\/"},{"@type":"ListItem","position":3,"name":"Datenlogger f\u00fcr Dehnungsmessstreifen"}]},{"@type":"WebSite","@id":"https:\/\/www.msr.ch\/de\/#website","url":"https:\/\/www.msr.ch\/de\/","name":"MSR Datenlogger","description":"MSR Electronics GmbH","potentialAction":[{"@type":"SearchAction","target":{"@type":"EntryPoint","urlTemplate":"https:\/\/www.msr.ch\/de\/?s={search_term_string}"},"query-input":"required name=search_term_string"}],"inLanguage":"de"}]}},"_links":{"self":[{"href":"https:\/\/www.msr.ch\/de\/wp-json\/wp\/v2\/pages\/9707"}],"collection":[{"href":"https:\/\/www.msr.ch\/de\/wp-json\/wp\/v2\/pages"}],"about":[{"href":"https:\/\/www.msr.ch\/de\/wp-json\/wp\/v2\/types\/page"}],"author":[{"embeddable":true,"href":"https:\/\/www.msr.ch\/de\/wp-json\/wp\/v2\/users\/1"}],"replies":[{"embeddable":true,"href":"https:\/\/www.msr.ch\/de\/wp-json\/wp\/v2\/comments?post=9707"}],"version-history":[{"count":18,"href":"https:\/\/www.msr.ch\/de\/wp-json\/wp\/v2\/pages\/9707\/revisions"}],"predecessor-version":[{"id":14265,"href":"https:\/\/www.msr.ch\/de\/wp-json\/wp\/v2\/pages\/9707\/revisions\/14265"}],"up":[{"embeddable":true,"href":"https:\/\/www.msr.ch\/de\/wp-json\/wp\/v2\/pages\/7569"}],"wp:featuredmedia":[{"embeddable":true,"href":"https:\/\/www.msr.ch\/de\/wp-json\/"}],"wp:attachment":[{"href":"https:\/\/www.msr.ch\/de\/wp-json\/wp\/v2\/media?parent=9707"}],"curies":[{"name":"wp","href":"https:\/\/api.w.org\/{rel}","templated":true}]}}