{"id":9711,"date":"2022-06-20T12:52:56","date_gmt":"2022-06-20T12:52:56","guid":{"rendered":"https:\/\/karabeg.xyz\/de\/?page_id=9711"},"modified":"2024-02-01T12:55:58","modified_gmt":"2024-02-01T12:55:58","slug":"funk-datenlogger","status":"publish","type":"page","link":"https:\/\/www.msr.ch\/de\/produkt\/funk-datenlogger\/","title":{"rendered":"Funk-Datenlogger"},"content":{"rendered":"<div class=\"wpb-content-wrapper\"><p>[vc_row][vc_column][vc_column_text]<\/p>\n<h1>Funk-Datenlogger mit Bluetooth, WLAN oder LTE<\/h1>\n<h2>Ideal zur Fern\u00fcberwachung von Messwerten<\/h2>\n<div class=\"category-view\">\n<div class=\"category-description\">\n<div class=\"category-description\">\n<p><strong>Keine Verdrahtungskosten, kein zeitaufwendiges manuelles Auslesen, Messwerte sind jederzeit via Cloud oder App abrufbar: <\/strong>Die Vorteile von Funk-Datenloggern liegen auf der Hand. Je nach gew\u00e4hltem Datenlogger-Typ k\u00f6nnen die Messdaten von verschiedenen Messpunkten und auch an unzug\u00e4nglichen Orten wie an Decken von hohen R\u00e4umen, in Vitrinen von Exponaten oder an rotierenden Maschinen aufgezeichnet und aus der Ferne \u00fcberwacht werden.<\/p>\n<\/div>\n<\/div>\n<\/div>\n<p>[\/vc_column_text][vc_column_text]<\/p>\n<h2>Diese Funk-Datenlogger sollten Sie sich n\u00e4her ansehen:<\/h2>\n<p>[\/vc_column_text][\/vc_column][\/vc_row][vc_row][vc_column][vc_carousel_father speed=&#8220;5000&#8243; spaces=&#8220;10&#8243; slide_visible=&#8220;4&#8243; tabs=&#8220;2&#8243; slide_visible_mbl=&#8220;2&#8243; arrowclr=&#8220;#a3a3a3&#8243; arrowsize=&#8220;&#8220; dotclr=&#8220;#a3a3a3&#8243; dotposition=&#8220;&#8220;][vc_carousel_son img_radius=&#8220;&#8220; titlesize=&#8220;24&#8243; btn_visibility=&#8220;show&#8220; btn_size=&#8220;&#8220; btn_bg=&#8220;#0033cc&#8220; image_id=&#8220;2519&#8243; alt=&#8220;MSR165 Beschleuniungs-Datenlogger&#8220; title=&#8220;MSR145WD&#8220; contain_url=&#8220;https:\/\/www.msr.ch\/de\/produkt\/pdf-datenlogger-msr-budgetline\/&#8220; titleclr=&#8220;#0033cc&#8220; btn_text=&#8220;MEHR&#8220; btn_url=&#8220;url:%2Fde%2Fprodukt%2Ffunk-datenlogger-msr145wd-bluetooth%2F|title:MSR145WD%20Funk-Datenlogger%20mit%20Bluetooth%20Low%20Energy%20(BLE)&#8220; caption_url=&#8220;url:%2Fde%2Fprodukt%2Ffunk-datenlogger-msr145wd-bluetooth%2F|title:MSR145WD%20Funk-Datenlogger%20mit%20Bluetooth%20Low%20Energy%20(BLE)&#8220; img_alt=&#8220;Funk-Datenlogger mit Bluetooth, MSR145WD&#8220;]<\/p>\n<p style=\"text-align: center;\"><span style=\"color: #333333;\">Bluetooth-Datenlogger \u00b7 grosse Auswahl an Sensoren, FlexSensoren \u00b7 MSR DataLogger App \u00b7 MSR SmartCloud<\/span><\/p>\n<p>[\/vc_carousel_son][vc_carousel_son img_radius=&#8220;&#8220; titlesize=&#8220;24&#8243; btn_visibility=&#8220;show&#8220; btn_size=&#8220;&#8220; btn_bg=&#8220;#0033cc&#8220; image_id=&#8220;2519&#8243; alt=&#8220;MSR165 Beschleuniungs-Datenlogger&#8220; title=&#8220;MSR145W2D&#8220; contain_url=&#8220;https:\/\/www.msr.ch\/de\/produkt\/pdf-datenlogger-msr-budgetline\/&#8220; titleclr=&#8220;#0033cc&#8220; btn_text=&#8220;MEHR&#8220; btn_url=&#8220;url:%2Fde%2Fprodukt%2Fwlan-datenlogger-msr145w2d%2F|title:MSR145W2D%20WLAN-Datenlogger&#8220; caption_url=&#8220;url:%2Fde%2Fprodukt%2Fwlan-datenlogger-msr145w2d%2F|title:MSR145W2D%20WLAN-Datenlogger&#8220; img_alt=&#8220;Funk-Datenlogger MSR145W2D mit WLAN&#8220;]<\/p>\n<p style=\"text-align: center;\"><span style=\"color: #333333;\">WLAN-Datenlogger \u00b7 grosse Auswahl an Sensoren \u00b7 wechselbare FlexSensoren \u00b7 MSR LocalCloud \u00b7 MSR SmartCloud<\/span><\/p>\n<p>[\/vc_carousel_son][vc_carousel_son img_radius=&#8220;&#8220; titlesize=&#8220;24&#8243; btn_visibility=&#8220;show&#8220; btn_size=&#8220;&#8220; btn_bg=&#8220;#0033cc&#8220; image_id=&#8220;2523&#8243; alt=&#8220;MSR175plus Schock-Datenlogger&#8220; title=&#8220;MSR385WD&#8220; contain_url=&#8220;https:\/\/www.msr.ch\/de\/produkt\/pdf-datenlogger-msr-budgetline\/&#8220; titleclr=&#8220;#0033cc&#8220; btn_text=&#8220;MEHR&#8220; btn_url=&#8220;url:%2Fde%2Fprodukt%2Ffunkdatenlogger-temperatur-feuchte-msr385wd%2F|title:MSR385WD%3A%20Datenlogger%20mit%20Funk%C3%BCbertragung%20%E2%80%93%20LTE%2FGSM-%2FLAN-Terminal%20zur%20Fern%C3%BCberwachung&#8220; caption_url=&#8220;url:%2Fde%2Fprodukt%2Ffunkdatenlogger-temperatur-feuchte-msr385wd%2F|title:MSR385WD%3A%20Datenlogger%20mit%20Funk%C3%BCbertragung%20%E2%80%93%20LTE%2FLAN-Terminal%20zur%20Fern%C3%BCberwachung&#8220; img_alt=&#8220;Funk-Datenlogger MSR385WD f\u00fcr Temperatur, Feuchte, Luftdruck&#8220;]<\/p>\n<p style=\"text-align: center;\"><span style=\"color: #333333;\">Funk-Datenlogger \u00b7 LTE\/LAN-Terminal \u00b7 Temp., Feuchte, Druck, Betriebstemp. bis 125 \u00b0C \u00b7 MSR SmartCloud<\/span><\/p>\n<p>[\/vc_carousel_son][vc_carousel_son img_radius=&#8220;&#8220; titlesize=&#8220;24&#8243; btn_visibility=&#8220;show&#8220; btn_size=&#8220;&#8220; btn_bg=&#8220;#0033cc&#8220; image_id=&#8220;2875&#8243; alt=&#8220;MSR145 Datenlogger Lage Fast Peak&#8220; title=&#8220;MSR147WD&#8220; contain_url=&#8220;https:\/\/www.msr.ch\/de\/produkt\/pdf-datenlogger-msr-budgetline\/&#8220; titleclr=&#8220;#0033cc&#8220; btn_text=&#8220;MEHR&#8220; btn_url=&#8220;url:%2Fde%2Fprodukt%2Ffunkdatenlogger-temperatur-feuchtigkeit-msr147wd%2F|title:MSR147WD%3A%20Funk-Datenlogger%20(Bluetooth)%20mit%20steckbaren%20Feuchte-%20und%20Temperatursensoren&#8220; caption_url=&#8220;url:%2Fde%2Fprodukt%2Ffunkdatenlogger-temperatur-feuchtigkeit-msr147wd%2F|title:MSR147WD%3A%20Funk-Datenlogger%20(Bluetooth)%20mit%20steckbaren%20Feuchte-%20und%20Temperatursensoren&#8220; img_alt=&#8220;MSR147WD Funk-Datenlogger mit BLE und steckbaren Sensoren&#8220;]<\/p>\n<p style=\"text-align: center;\"><span style=\"color: #333333;\">Bluetooth-Datenlogger \u00b7 5 Anschl\u00fcsse f\u00fcr steckbare Temperatur-\/Feuchtesensoren \u00b7 MSR DataLogger App \u00b7 MSR SmartCloud<\/span><\/p>\n<p>[\/vc_carousel_son][vc_carousel_son img_radius=&#8220;&#8220; titlesize=&#8220;24&#8243; btn_visibility=&#8220;show&#8220; btn_size=&#8220;&#8220; btn_bg=&#8220;#0033cc&#8220; image_id=&#8220;2522&#8243; alt=&#8220;MSR145 Datenlogger Lage Fast Peak&#8220; title=&#8220;MSR147W2D&#8220; contain_url=&#8220;https:\/\/www.msr.ch\/de\/produkt\/pdf-datenlogger-msr-budgetline\/&#8220; titleclr=&#8220;#0033cc&#8220; btn_text=&#8220;MEHR&#8220; btn_url=&#8220;url:%2Fde%2Fprodukt%2Fwlan-datenlogger-temperatur-feuchte-msr147w2d%2F|title:MSR147W2D%3A%20Funk-Datenlogger%20(WLAN)%20mit%20steckbaren%20Feuchte-%20und%20Temperatursensoren&#8220; caption_url=&#8220;url:%2Fde%2Fprodukt%2Fwlan-datenlogger-temperatur-feuchte-msr147w2d-old%2F|title:MSR147W2D%3A%20Funk-Datenlogger%20(WLAN)%20mit%20steckbaren%20Feuchte-%20und%20Temperatursensoren&#8220; img_alt=&#8220;Funk-Datenlogger MSR147W2D mit WLAN, steckbare Temperatur- und Feuchte-Sensoren&#8220;]<\/p>\n<p style=\"text-align: center;\"><span style=\"color: #333333;\">WLAN-Datenlogger \u00b7 5 Anschl\u00fcsse f\u00fcr steckbare Temperatur-\/Feuchtesensoren \u00b7 MSR Local Cloud \u00b7 MSR SmartCloud<\/span><\/p>\n<p>[\/vc_carousel_son][\/vc_carousel_father][vc_empty_space][\/vc_column][\/vc_row][vc_row][vc_column][vc_column_text]<\/p>\n<div class=\"category-view\">\n<div class=\"category-description\">\n<div class=\"category-description\">\n<h2>Datenlogger mit Bluetooth Low Energy: MSR145WD, MSR147WD<\/h2>\n<p>Der Einsatz der stromsparenden Nahbereich-Funktechnik Bluetooth Low Energy ist ideal, wenn Messdaten von schwer zug\u00e4nglichen Stellen \u00fcber l\u00e4ngere Zeit \u00fcberwacht werden m\u00fcssen. Die mit den <a href=\"\/de\/produkt\/funk-datenlogger-msr145wd-bluetooth\/\">Datenloggern MSR145WD<\/a> und <a href=\"\/de\/produkt\/funkdatenlogger-temperatur-feuchtigkeit-msr147wd\/\">MSR147WD<\/a> aufgezeichneten Messwerte lassen sich jederzeit mit der <a title=\"MSR DataLogger-App\" href=\"\/de\/support\/msr-datalogger-app-msr-datenlogger-app\/\">MSR DataLogger-App<\/a> auf einem Smartphone oder Tablet abrufen. Mittels optional erh\u00e4ltlicher Basisstation k\u00f6nnen Sie Daten von mehreren Datenloggern schnell via BLE\/LAN in die <a href=\"\/de\/support\/msr-smartcloud-cloud-fuer-messdaten\/\">MSR SmartCloud<\/a> senden. Die MSR SmartCloud\u00a0erm\u00f6glicht Ihnen, die gespeicherten Messwerte online einzusehen und zu verwalten sowie die Alarmfunktion zu nutzen.<\/p>\n<\/div>\n<\/div>\n<h2>Datenlogger mit WLAN: MSR145W2D, MSR147W2D<\/h2>\n<p>Die WLAN-Technologie ist vor allem dann hilfreich, wenn Messwerte an unzug\u00e4nglichen Stellen kabellos \u00fcberwacht werden m\u00fcssen und eine grosse Datenmenge in kurzer Zeit \u00fcbertragen werden soll. Die <a href=\"\/de\/produkt\/wlan-datenlogger-msr145w2d\/\">MSR145W2D<\/a> und <a href=\"\/de\/produkt\/wlan-datenlogger-temperatur-feuchte-msr147w2d\/\">MSR147W2D Datenlogger<\/a> verbinden sich via eingebauter WLAN-Funktion entweder mit einem bestehenden WLAN-Netzwerk oder \u2013 via Access Point, gegebenenfalls mit Mobilfunkzugang \u2013 mit einem separaten Funknetzwerk. \u00a0Sollte die WLAN-Reichweite ungen\u00fcgend sein, l\u00e4sst sie sich durch einen Repeater im Handumdrehen vergr\u00f6ssern. Sie haben bei unseren WLAN-Loggern die M\u00f6glichkeit, die Messdaten mithilfe der <a title=\"MSR LocalCloud-Software\" href=\"\/de\/support\/msr-localcloud\/\">MSR LocalCloud<\/a> entweder lokal auf Ihrem (firmen-)eigenen Server oder in der web-basierten Cloud-L\u00f6sung <a title=\"MSR SmartCloud: Messwerte online, \u00fcberall und zu jeder Zeit\" href=\"\/de\/support\/msr-smartcloud-cloud-fuer-messdaten\/\">MSR SmartCloud<\/a> zu speichern, verwalten und exportieren. Via Web-Browser k\u00f6nnen Sie die Messdaten im laufenden Betrieb einsehen.<\/p>\n<h2>MSR385WD Datenlogger-Messsystem mit Funksensoren und LTE oder LAN<\/h2>\n<p>Mit dem kabellosen Messsystem <a href=\"\/de\/produkt\/funkdatenlogger-temperatur-feuchte-msr385wd\/\">MSR385WD<\/a> k\u00f6nnen Sie Temperatur-, Feuchte- und Druckwerte mittels Mini-Sendemodulen an verschiedenen Messpunkten, \u00fcber Zeitr\u00e4ume von bis zu 5 Jahren und bei Betriebstemperaturen von -20 \u00b0C bis zu 125 \u00b0C permanent aufzeichnen. Die Messwert\u00fcbertragung der Sendemodule erfolgt im lizenzfreien ISM-Frequenzband bei 868 MHz und \u00fcber Distanzen von bis zu 1 km. Ein LTE-Terminal erm\u00f6glicht den Zugang zum Mobilfunknetz. Die Messdaten werden in einem individuell einstellbaren Intervall an die <a href=\"\/de\/support\/msr-smartcloud-cloud-fuer-messdaten\/\">MSR SmartCloud<\/a> \u00fcbertragen. So k\u00f6nnen Messdaten nicht nur standortunabh\u00e4ngig mit jedem beliebigen PC mit Internetanschluss abgerufen und beobachtet werden; via MSR SmartCloud k\u00f6nnen bei Grenzwertverletzungen auch Alarmmeldungen empfangen sowie bei Bedarf die Daten von mehreren MSR-Datenloggern mit weiteren Personen geteilt werden.<\/p>\n<\/div>\n<p>[\/vc_column_text][vc_empty_space height=&#8220;20px&#8220;][\/vc_column][\/vc_row][vc_row][vc_column][vc_cta h2=&#8220;Welcher Datenlogger passt am besten?&#8220; h2_font_container=&#8220;tag:h2|text_align:left|color:%230033cc&#8220; h2_use_theme_fonts=&#8220;yes&#8220; h4=&#8220;Nutzen Sie unsere Schnellsuche.&#8220; add_button=&#8220;right&#8220; btn_title=&#8220;Schnellsuche&#8220; use_custom_fonts_h2=&#8220;true&#8220; h2_link=&#8220;url:%2Fde%2Fprodukt%2Fdatenlogger%2F|title:Schnell%20den%20passenden%20Datenlogger%20finden&#8220; btn_link=&#8220;url:%2Fde%2Fprodukt%2Fdatenlogger%2F|title:Schnell%20den%20passenden%20Datenlogger%20finden&#8220; css=&#8220;.vc_custom_1656495392831{border-top-width: 6px !important;border-right-width: 6px !important;border-bottom-width: 6px !important;border-left-width: 6px !important;border-left-color: #0033cc !important;border-right-color: #0033cc !important;border-top-color: #0033cc !important;border-bottom-color: #0033cc !important;}&#8220;]W\u00e4hlen Sie Messgr\u00f6ssen, Mess-\/Speicherrate, Betriebstemperatur, Ger\u00e4tedimension u.v.m.[\/vc_cta][vc_empty_space height=&#8220;20px&#8220;][\/vc_column][\/vc_row][vc_row css=&#8220;.vc_custom_1651071216050{margin-bottom: 20px !important;}&#8220;][vc_column][vc_column_text]<\/p>\n<h2>Wie finde ich den richtigen Datenlogger f\u00fcr meine Anwendung?<\/h2>\n<h3>Kaufberatung Datenlogger mit Funk<\/h3>\n<p>Vor der Anschaffung eines Datenloggers lohnt es sich, genau zu \u00fcberlegen, welche Kriterien erf\u00fcllt sein m\u00fcssen. Denn was bringt ein Logger, wenn seine Speicherm\u00f6glichkeiten f\u00fcr die erforderlichen Aufgaben nicht ausreichen oder die aufgezeichneten Daten nicht aussagekr\u00e4ftig sind?<\/p>\n<p>Als Datenlogger-Spezialisten mit jahrelanger Erfahrung wissen wir genau, worauf es bei einem Funk-Datenlogger ankommt. <a href=\"\/de\/kontakt\/\">Kontaktieren Sie uns, wir beraten Sie gerne!<\/a>[\/vc_column_text][\/vc_column][\/vc_row][vc_row full_width=&#8220;stretch_row&#8220; css=&#8220;.vc_custom_1668158134890{background-color: #f8f9f9 !important;}&#8220;][vc_column css=&#8220;.vc_custom_1660893479516{padding-right: 40px !important;padding-left: 40px !important;}&#8220;][msrwpbportfoliobyid recent_title=&#8220;MSR Datenlogger im Einsatz \u2013 Kundenberichte&#8220; number_in_row=&#8220;4&#8243; post_ids=&#8220;10373, 10353,10419,10355,11837&#8243; item_text_color=&#8220;#ffffff&#8220; item_title_color=&#8220;#ffffff&#8220; title_color=&#8220;#0033cc&#8220;][vc_empty_space][\/vc_column][\/vc_row][vc_row][vc_column][vc_empty_space][\/vc_column][\/vc_row][vc_row][vc_column width=&#8220;1\/2&#8243;][vc_cta h2=&#8220;\u00dcberlassen Sie die Wahl Ihres Datenloggers nicht dem Zufall.&#8220; h2_font_container=&#8220;tag:h2|text_align:left|color:%230033cc&#8220; h2_use_theme_fonts=&#8220;yes&#8220; h4=&#8220;Nutzen Sie unsere Erfahrung und Kompetenz.&#8220; add_button=&#8220;right&#8220; btn_title=&#8220;Kontakt&#8220; use_custom_fonts_h2=&#8220;true&#8220; h2_link=&#8220;url:%2Fde%2Fkontakt%2F|title:Kontakt%20MSR%20Datenlogger&#8220; btn_link=&#8220;url:%2Fde%2Fkontakt%2F|title:Kontakt%20MSR%20Datenlogger&#8220; el_class=&#8220;grey-subline&#8220; css=&#8220;.vc_custom_1656495996964{margin-top: 18px !important;}&#8220;]F\u00fcr eine pers\u00f6nliche Beratung stehen Ihnen \u00fcber 90 MSR-Vertriebspartner in weltweit mehr als 50 L\u00e4ndern zur Verf\u00fcgung.[\/vc_cta][\/vc_column][vc_column width=&#8220;1\/2&#8243;][msrnewslettersub newslettersub_img=&#8220;2634&#8243;][\/vc_column][\/vc_row][vc_row][vc_column][vc_empty_space][\/vc_column][\/vc_row]<\/p>\n<\/div>","protected":false},"excerpt":{"rendered":"<p>[vc_row][vc_column][vc_column_text] Funk-Datenlogger mit Bluetooth, WLAN oder LTE Ideal zur Fern\u00fcberwachung von Messwerten Keine Verdrahtungskosten, kein zeitaufwendiges manuelles Auslesen, Messwerte sind jederzeit via Cloud oder App abrufbar: Die Vorteile von Funk-Datenloggern liegen auf der Hand. Je nach gew\u00e4hltem Datenlogger-Typ k\u00f6nnen die &hellip;<\/p>\n","protected":false},"author":1,"featured_media":2957,"parent":25,"menu_order":0,"comment_status":"closed","ping_status":"closed","template":"","meta":{"footnotes":""},"yoast_head":"<!-- This site is optimized with the Yoast SEO plugin v22.9 - https:\/\/yoast.com\/wordpress\/plugins\/seo\/ -->\n<title>MSR Funk-Datenlogger mit Bluetooth, WLAN, GSM, Fern\u00fcberwachung<\/title>\n<meta name=\"description\" content=\"MSR Funk-Datenlogger mit Bluetooth, WLAN, GSM. Ideal zur Fern\u00fcberwachung von Messwerten wie Temperatur, Feuchtigkeit u.v.m.\" \/>\n<meta name=\"robots\" content=\"index, follow, max-snippet:-1, max-image-preview:large, max-video-preview:-1\" \/>\n<link rel=\"canonical\" href=\"https:\/\/www.msr.ch\/de\/produkt\/funk-datenlogger\/\" \/>\n<meta property=\"og:locale\" content=\"de_DE\" \/>\n<meta property=\"og:type\" content=\"article\" \/>\n<meta property=\"og:title\" content=\"MSR Funk-Datenlogger mit Bluetooth, WLAN, GSM, Fern\u00fcberwachung\" \/>\n<meta property=\"og:description\" content=\"MSR Funk-Datenlogger mit Bluetooth, WLAN, GSM. Ideal zur Fern\u00fcberwachung von Messwerten wie Temperatur, Feuchtigkeit u.v.m.\" \/>\n<meta property=\"og:url\" content=\"https:\/\/www.msr.ch\/de\/produkt\/funk-datenlogger\/\" \/>\n<meta property=\"og:site_name\" content=\"DE MSR Datenlogger\" \/>\n<meta property=\"article:publisher\" content=\"https:\/\/www.facebook.com\/datenlogger.msr\/\" \/>\n<meta property=\"article:modified_time\" content=\"2024-02-01T12:55:58+00:00\" \/>\n<meta name=\"twitter:card\" content=\"summary_large_image\" \/>\n<meta name=\"twitter:label1\" content=\"Gesch\u00e4tzte Lesezeit\" \/>\n\t<meta name=\"twitter:data1\" content=\"5\u00a0Minuten\" \/>\n<script type=\"application\/ld+json\" class=\"yoast-schema-graph\">{\"@context\":\"https:\/\/schema.org\",\"@graph\":[{\"@type\":\"WebPage\",\"@id\":\"https:\/\/www.msr.ch\/de\/produkt\/funk-datenlogger\/\",\"url\":\"https:\/\/www.msr.ch\/de\/produkt\/funk-datenlogger\/\",\"name\":\"MSR Funk-Datenlogger mit Bluetooth, WLAN, GSM, Fern\u00fcberwachung\",\"isPartOf\":{\"@id\":\"https:\/\/www.msr.ch\/de\/#website\"},\"primaryImageOfPage\":{\"@id\":\"https:\/\/www.msr.ch\/de\/produkt\/funk-datenlogger\/#primaryimage\"},\"image\":{\"@id\":\"https:\/\/www.msr.ch\/de\/produkt\/funk-datenlogger\/#primaryimage\"},\"thumbnailUrl\":\"https:\/\/www.msr.ch\/images\/145wd_funk-datenlogger-mit-bluetooth-1.jpg\",\"datePublished\":\"2022-06-20T12:52:56+00:00\",\"dateModified\":\"2024-02-01T12:55:58+00:00\",\"description\":\"MSR Funk-Datenlogger mit Bluetooth, WLAN, GSM. Ideal zur Fern\u00fcberwachung von Messwerten wie Temperatur, Feuchtigkeit u.v.m.\",\"breadcrumb\":{\"@id\":\"https:\/\/www.msr.ch\/de\/produkt\/funk-datenlogger\/#breadcrumb\"},\"inLanguage\":\"de\",\"potentialAction\":[{\"@type\":\"ReadAction\",\"target\":[\"https:\/\/www.msr.ch\/de\/produkt\/funk-datenlogger\/\"]}]},{\"@type\":\"ImageObject\",\"inLanguage\":\"de\",\"@id\":\"https:\/\/www.msr.ch\/de\/produkt\/funk-datenlogger\/#primaryimage\",\"url\":\"https:\/\/www.msr.ch\/images\/145wd_funk-datenlogger-mit-bluetooth-1.jpg\",\"contentUrl\":\"https:\/\/www.msr.ch\/images\/145wd_funk-datenlogger-mit-bluetooth-1.jpg\"},{\"@type\":\"BreadcrumbList\",\"@id\":\"https:\/\/www.msr.ch\/de\/produkt\/funk-datenlogger\/#breadcrumb\",\"itemListElement\":[{\"@type\":\"ListItem\",\"position\":1,\"name\":\"Home\",\"item\":\"https:\/\/www.msr.ch\/de\/\"},{\"@type\":\"ListItem\",\"position\":2,\"name\":\"Produkt\",\"item\":\"https:\/\/www.msr.ch\/de\/produkt\/\"},{\"@type\":\"ListItem\",\"position\":3,\"name\":\"Funk-Datenlogger\"}]},{\"@type\":\"WebSite\",\"@id\":\"https:\/\/www.msr.ch\/de\/#website\",\"url\":\"https:\/\/www.msr.ch\/de\/\",\"name\":\"MSR Datenlogger\",\"description\":\"MSR Electronics GmbH\",\"potentialAction\":[{\"@type\":\"SearchAction\",\"target\":{\"@type\":\"EntryPoint\",\"urlTemplate\":\"https:\/\/www.msr.ch\/de\/?s={search_term_string}\"},\"query-input\":\"required name=search_term_string\"}],\"inLanguage\":\"de\"}]}<\/script>\n<!-- \/ Yoast SEO plugin. -->","yoast_head_json":{"title":"MSR Funk-Datenlogger mit Bluetooth, WLAN, GSM, Fern\u00fcberwachung","description":"MSR Funk-Datenlogger mit Bluetooth, WLAN, GSM. Ideal zur Fern\u00fcberwachung von Messwerten wie Temperatur, Feuchtigkeit u.v.m.","robots":{"index":"index","follow":"follow","max-snippet":"max-snippet:-1","max-image-preview":"max-image-preview:large","max-video-preview":"max-video-preview:-1"},"canonical":"https:\/\/www.msr.ch\/de\/produkt\/funk-datenlogger\/","og_locale":"de_DE","og_type":"article","og_title":"MSR Funk-Datenlogger mit Bluetooth, WLAN, GSM, Fern\u00fcberwachung","og_description":"MSR Funk-Datenlogger mit Bluetooth, WLAN, GSM. Ideal zur Fern\u00fcberwachung von Messwerten wie Temperatur, Feuchtigkeit u.v.m.","og_url":"https:\/\/www.msr.ch\/de\/produkt\/funk-datenlogger\/","og_site_name":"DE MSR Datenlogger","article_publisher":"https:\/\/www.facebook.com\/datenlogger.msr\/","article_modified_time":"2024-02-01T12:55:58+00:00","twitter_card":"summary_large_image","twitter_misc":{"Gesch\u00e4tzte Lesezeit":"5\u00a0Minuten"},"schema":{"@context":"https:\/\/schema.org","@graph":[{"@type":"WebPage","@id":"https:\/\/www.msr.ch\/de\/produkt\/funk-datenlogger\/","url":"https:\/\/www.msr.ch\/de\/produkt\/funk-datenlogger\/","name":"MSR Funk-Datenlogger mit Bluetooth, WLAN, GSM, Fern\u00fcberwachung","isPartOf":{"@id":"https:\/\/www.msr.ch\/de\/#website"},"primaryImageOfPage":{"@id":"https:\/\/www.msr.ch\/de\/produkt\/funk-datenlogger\/#primaryimage"},"image":{"@id":"https:\/\/www.msr.ch\/de\/produkt\/funk-datenlogger\/#primaryimage"},"thumbnailUrl":"https:\/\/www.msr.ch\/images\/145wd_funk-datenlogger-mit-bluetooth-1.jpg","datePublished":"2022-06-20T12:52:56+00:00","dateModified":"2024-02-01T12:55:58+00:00","description":"MSR Funk-Datenlogger mit Bluetooth, WLAN, GSM. Ideal zur Fern\u00fcberwachung von Messwerten wie Temperatur, Feuchtigkeit u.v.m.","breadcrumb":{"@id":"https:\/\/www.msr.ch\/de\/produkt\/funk-datenlogger\/#breadcrumb"},"inLanguage":"de","potentialAction":[{"@type":"ReadAction","target":["https:\/\/www.msr.ch\/de\/produkt\/funk-datenlogger\/"]}]},{"@type":"ImageObject","inLanguage":"de","@id":"https:\/\/www.msr.ch\/de\/produkt\/funk-datenlogger\/#primaryimage","url":"https:\/\/www.msr.ch\/images\/145wd_funk-datenlogger-mit-bluetooth-1.jpg","contentUrl":"https:\/\/www.msr.ch\/images\/145wd_funk-datenlogger-mit-bluetooth-1.jpg"},{"@type":"BreadcrumbList","@id":"https:\/\/www.msr.ch\/de\/produkt\/funk-datenlogger\/#breadcrumb","itemListElement":[{"@type":"ListItem","position":1,"name":"Home","item":"https:\/\/www.msr.ch\/de\/"},{"@type":"ListItem","position":2,"name":"Produkt","item":"https:\/\/www.msr.ch\/de\/produkt\/"},{"@type":"ListItem","position":3,"name":"Funk-Datenlogger"}]},{"@type":"WebSite","@id":"https:\/\/www.msr.ch\/de\/#website","url":"https:\/\/www.msr.ch\/de\/","name":"MSR Datenlogger","description":"MSR Electronics GmbH","potentialAction":[{"@type":"SearchAction","target":{"@type":"EntryPoint","urlTemplate":"https:\/\/www.msr.ch\/de\/?s={search_term_string}"},"query-input":"required name=search_term_string"}],"inLanguage":"de"}]}},"_links":{"self":[{"href":"https:\/\/www.msr.ch\/de\/wp-json\/wp\/v2\/pages\/9711"}],"collection":[{"href":"https:\/\/www.msr.ch\/de\/wp-json\/wp\/v2\/pages"}],"about":[{"href":"https:\/\/www.msr.ch\/de\/wp-json\/wp\/v2\/types\/page"}],"author":[{"embeddable":true,"href":"https:\/\/www.msr.ch\/de\/wp-json\/wp\/v2\/users\/1"}],"replies":[{"embeddable":true,"href":"https:\/\/www.msr.ch\/de\/wp-json\/wp\/v2\/comments?post=9711"}],"version-history":[{"count":45,"href":"https:\/\/www.msr.ch\/de\/wp-json\/wp\/v2\/pages\/9711\/revisions"}],"predecessor-version":[{"id":12669,"href":"https:\/\/www.msr.ch\/de\/wp-json\/wp\/v2\/pages\/9711\/revisions\/12669"}],"up":[{"embeddable":true,"href":"https:\/\/www.msr.ch\/de\/wp-json\/wp\/v2\/pages\/25"}],"wp:featuredmedia":[{"embeddable":true,"href":"https:\/\/www.msr.ch\/de\/wp-json\/"}],"wp:attachment":[{"href":"https:\/\/www.msr.ch\/de\/wp-json\/wp\/v2\/media?parent=9711"}],"curies":[{"name":"wp","href":"https:\/\/api.w.org\/{rel}","templated":true}]}}