{"id":9835,"date":"2022-06-22T08:15:02","date_gmt":"2022-06-22T08:15:02","guid":{"rendered":"https:\/\/karabeg.xyz\/de\/?page_id=9835"},"modified":"2024-04-08T13:30:44","modified_gmt":"2024-04-08T13:30:44","slug":"datenlogger-wechselbare-flexsensoren","status":"publish","type":"page","link":"https:\/\/www.msr.ch\/de\/produkt\/datenlogger-wechselbare-flexsensoren\/","title":{"rendered":"Datenlogger mit wechselbaren Sensoren"},"content":{"rendered":"<div class=\"wpb-content-wrapper\"><p>[vc_row][vc_column][vc_column_text]<\/p>\n<h1>Datenlogger mit wechselbaren Sensoren<\/h1>\n<h2><span style=\"color: #333333;\">Maximale Flexibilit\u00e4t<\/span><span style=\"color: #333333;\"> f\u00fcr Ihre Messaufgaben<\/span><\/h2>\n<div class=\"category-view\">\n<div class=\"category-description\">\n<div class=\"category-description\">\n<h3>MSR FlexSensoren f\u00fcr Datenlogger MSR145WD und MSR145W2D<\/h3>\n<p>Heute Feuchtigkeit aufzeichnen, morgen Beschleunigung und \u00fcbermorgen Fl\u00fcssigkeitsdruck? Das ist m\u00f6glich mit den <strong>steckbaren, wechselbaren <\/strong><a href=\"\/de\/flexsensoren\/\"><strong>MSR FlexSensoren!<\/strong><\/a> Die vorkonfigurierten Plug-in-Sensoren lassen sich in Verbindung mit der intelligenten Steckverbindung <strong>FlexConnector<\/strong> einfach und schnell wechseln, ganz nach Bedarf. Die f\u00fcr die <a href=\"\/de\/produkt\/funk-datenlogger-msr145wd-bluetooth\/\">Datenlogger-Typen MSR145WD (Bluetooth)<\/a> und <a href=\"\/de\/produkt\/wlan-datenlogger-msr145w2d\/\">MSR145W2D (WLAN)<\/a> erh\u00e4ltlichen MSR FlexSensoren sind f\u00fcr die Messgr\u00f6ssen Temperatur, relative Feuchte, Fl\u00fcssigkeitsdruck, 3-Achsen-Beschleunigung und Licht u.v.m. erh\u00e4ltlich und jederzeit nachbestellbar.<\/p>\n<p>Wenn Sie <a href=\"\/de\/flexsensoren\/\">MSR FlexSensoren ohne Datenlogger direkt am PC, Notebook oder Einplatinen-Computer<\/a> verwenden m\u00f6chten, ben\u00f6tigen Sie dazu einen <a href=\"\/de\/flexsensoren\/\">USB-FlexConnector.<\/a><\/p>\n<h3>Steckbare Temperatur- und Feuchtesensoren f\u00fcr Datenlogger MSR147WD und MSR147W2D<\/h3>\n<p>Die ebenfalls mit Funk-Technologie erh\u00e4ltlichen Datenlogger <a href=\"\/de\/produkt\/funkdatenlogger-temperatur-feuchtigkeit-msr147wd\/\">MSR147WD (Bluetooth)<\/a> und <a href=\"\/de\/produkt\/wlan-datenlogger-temperatur-feuchte-msr147w2d\/\">MSR147W2D (WLAN)<\/a> sind besonders geeignet f\u00fcr bekleidungsphysiologische Messungen. Sie k\u00f6nnen mit steckbaren Feuchte- und Temperatursensoren bestellt werden, welche einzeln ausbau- und einsetzbar sind. Mittels automatischer Konfigurationsfunktion erkennt der Datenlogger sofort, wenn ein Sensor eingesteckt wird. Die Kalibrationsdaten werden im entsprechenden Sensor hinterlegt.<\/p>\n<\/div>\n<\/div>\n<\/div>\n<p>[\/vc_column_text][vc_column_text]<\/p>\n<h2>Diese Datenlogger mit wechselbaren Sensoren sollten Sie sich n\u00e4her ansehen:<\/h2>\n<p>[\/vc_column_text][\/vc_column][\/vc_row][vc_row][vc_column][vc_carousel_father speed=&#8220;5000&#8243; spaces=&#8220;10&#8243; slide_visible=&#8220;4&#8243; tabs=&#8220;2&#8243; slide_visible_mbl=&#8220;2&#8243; arrowclr=&#8220;#a3a3a3&#8243; arrowsize=&#8220;&#8220; dotclr=&#8220;#a3a3a3&#8243; dotposition=&#8220;&#8220;][vc_carousel_son img_radius=&#8220;&#8220; titlesize=&#8220;24&#8243; btn_visibility=&#8220;show&#8220; btn_size=&#8220;&#8220; btn_bg=&#8220;#0033cc&#8220; image_id=&#8220;2519&#8243; alt=&#8220;MSR145 Datenlogger Lage Fast Peak&#8220; title=&#8220;MSR145WD&#8220; contain_url=&#8220;https:\/\/www.msr.ch\/de\/produkt\/pdf-datenlogger-msr-budgetline\/&#8220; titleclr=&#8220;#0033cc&#8220; btn_text=&#8220;MEHR&#8220; btn_url=&#8220;url:%2Fde%2Fprodukt%2Ffunk-datenlogger-msr145wd-bluetooth%2F|title:MSR145WD%20Funk-Datenlogger%20mit%20Bluetooth%20Low%20Energy%20(BLE)&#8220; caption_url=&#8220;url:%2Fde%2Fprodukt%2Ffunk-datenlogger-msr145wd-bluetooth%2F|title:MSR145WD%20Funk-Datenlogger%20mit%20Bluetooth%20Low%20Energy%20(BLE)&#8220; img_alt=&#8220;Datenlogger MSR145WD mit Bluetooth, grosse Auswahl an Sensoren und FlexSensoren&#8220;]<\/p>\n<p style=\"text-align: center;\"><span style=\"color: #333333;\">Datenlogger mit Bluetooth \u00b7 grosse Auswahl an Sensoren &amp;\u00a0 FlexSensoren \u00b7 MSR DataLogger App<\/span><\/p>\n<p>[\/vc_carousel_son][vc_carousel_son img_radius=&#8220;&#8220; titlesize=&#8220;24&#8243; btn_visibility=&#8220;show&#8220; btn_size=&#8220;&#8220; btn_bg=&#8220;#0033cc&#8220; image_id=&#8220;2519&#8243; alt=&#8220;MSR145 Datenlogger Lage Fast Peak&#8220; title=&#8220;MSR145W2D&#8220; contain_url=&#8220;https:\/\/www.msr.ch\/de\/produkt\/pdf-datenlogger-msr-budgetline\/&#8220; titleclr=&#8220;#0033cc&#8220; btn_text=&#8220;MEHR&#8220; btn_url=&#8220;url:%2Fde%2Fprodukt%2Fwlan-datenlogger-msr145w2d%2F|title:MSR145W2D%20WLAN-Datenlogger%20mit%20FlexSensoren&#8220; caption_url=&#8220;url:%2Fde%2Fprodukt%2Fwlan-datenlogger-msr145w2d%2F|title:MSR145W2D%20WLAN-Datenlogger%20mit%20FlexSensoren&#8220; img_alt=&#8220;MSR145W2D WLAN-Datenlogger mit FlexSensoren&#8220;]<\/p>\n<p style=\"text-align: center;\"><span style=\"color: #333333;\">Datenlogger mit WLAN \u00b7 grosse Auswahl Sensoren &amp; FlexSensoren \u00b7 MSR LocalCloud, MSR SmartCloud<\/span><\/p>\n<p>[\/vc_carousel_son][vc_carousel_son img_radius=&#8220;&#8220; titlesize=&#8220;24&#8243; btn_visibility=&#8220;show&#8220; btn_size=&#8220;&#8220; btn_bg=&#8220;#0033cc&#8220; image_id=&#8220;2522&#8243; alt=&#8220;MSR145 Datenlogger Lage Fast Peak&#8220; title=&#8220;MSR147WD&#8220; contain_url=&#8220;https:\/\/www.msr.ch\/de\/produkt\/pdf-datenlogger-msr-budgetline\/&#8220; titleclr=&#8220;#0033cc&#8220; btn_text=&#8220;MEHR&#8220; btn_url=&#8220;url:%2Fde%2Fprodukt%2Ffunkdatenlogger-temperatur-feuchtigkeit-msr147wd%2F|title:MSR147WD%3A%20Funk-Datenlogger%20(Bluetooth)%20mit%20steckbaren%20Feuchte-%20und%20Temperatursensoren&#8220; caption_url=&#8220;url:%2Fde%2Fprodukt%2Ffunkdatenlogger-temperatur-feuchtigkeit-msr147wd%2F|title:MSR147WD%3A%20Funk-Datenlogger%20(Bluetooth)%20mit%20steckbaren%20Feuchte-%20und%20Temperatursensoren&#8220; img_alt=&#8220;MSR147WD Datenlogger mit Bluetooth, steckbare Temperatur- und Feuchtesensoren&#8220;]<\/p>\n<p style=\"text-align: center;\"><span style=\"color: #333333;\">Datenlogger mit Bluetooth \u00b7 steckbare Temperatur &amp; Feuchtesensoren \u00b7 MSR DataLogger App<\/span><\/p>\n<p>[\/vc_carousel_son][vc_carousel_son img_radius=&#8220;&#8220; titlesize=&#8220;24&#8243; btn_visibility=&#8220;show&#8220; btn_size=&#8220;&#8220; btn_bg=&#8220;#0033cc&#8220; image_id=&#8220;2522&#8243; alt=&#8220;MSR145 Datenlogger Lage Fast Peak&#8220; title=&#8220;MSR147W2D&#8220; contain_url=&#8220;https:\/\/www.msr.ch\/de\/produkt\/pdf-datenlogger-msr-budgetline\/&#8220; titleclr=&#8220;#0033cc&#8220; btn_text=&#8220;MEHR&#8220; btn_url=&#8220;url:%2Fde%2Fprodukt%2Fwlan-datenlogger-temperatur-feuchte-msr147w2d%2F|title:MSR147W2D%3A%20Funk-Datenlogger%20(WLAN)%20mit%20steckbaren%20Feuchte-%20und%20Temperatursensoren&#8220; img_alt=&#8220;WLAN-Datenlogger mit steckbaren Temperatur- und Feuchtesensoren, MSR147W2D&#8220; caption_url=&#8220;url:%2Fde%2Fprodukt%2Fwlan-datenlogger-temperatur-feuchte-msr147w2d%2F|title:MSR147W2D%3A%20Funk-Datenlogger%20(WLAN)%20mit%20steckbaren%20Feuchte-%20und%20Temperatursensoren&#8220;]<\/p>\n<p style=\"text-align: center;\"><span style=\"color: #333333;\">Datenlogger mit WLAN \u00b7 steckbare Temp. &amp; Feuchtesensoren \u00b7 MSR LocalCloud, MSR SmartCloud<\/span><\/p>\n<p>[\/vc_carousel_son][\/vc_carousel_father][vc_empty_space height=&#8220;20px&#8220;][\/vc_column][\/vc_row][vc_row][vc_column][vc_column_text]<\/p>\n<h2>Wie finde ich den richtigen Datenlogger f\u00fcr meine Anwendung?<\/h2>\n<h3>Kaufberatung Datenlogger mit wechselbaren Sensoren<\/h3>\n<p>Vor der Anschaffung eines Datenloggers lohnt es sich, genau zu \u00fcberlegen, welche Kriterien erf\u00fcllt sein m\u00fcssen. Denn was bringt ein Logger, wenn seine Speicherm\u00f6glichkeiten f\u00fcr die erforderlichen Aufgaben nicht ausreichen oder die aufgezeichneten Daten nicht aussagekr\u00e4ftig sind?<\/p>\n<p>Als Datenlogger-Spezialisten mit jahrelanger Erfahrung wissen wir genau, worauf es bei einem Datenlogger ankommt. <a href=\"\/de\/kontakt\/\">Kontaktieren Sie uns, wir beraten Sie gerne!<\/a>[\/vc_column_text][vc_empty_space][\/vc_column][\/vc_row][vc_row][vc_column][vc_cta h2=&#8220;Welcher Datenlogger passt am besten?&#8220; h2_font_container=&#8220;tag:h2|text_align:left|color:%230033cc&#8220; h2_use_theme_fonts=&#8220;yes&#8220; h4=&#8220;Nutzen Sie unsere Schnellsuche.&#8220; add_button=&#8220;right&#8220; btn_title=&#8220;Schnellsuche&#8220; use_custom_fonts_h2=&#8220;true&#8220; h2_link=&#8220;url:%2Fde%2Fprodukt%2Fdatenlogger%2F|title:Schnell%20den%20passenden%20Datenlogger%20finden&#8220; btn_link=&#8220;url:%2Fde%2Fprodukt%2Fdatenlogger%2F|title:Schnell%20den%20passenden%20Datenlogger%20finden&#8220; css=&#8220;.vc_custom_1656495392831{border-top-width: 6px !important;border-right-width: 6px !important;border-bottom-width: 6px !important;border-left-width: 6px !important;border-left-color: #0033cc !important;border-right-color: #0033cc !important;border-top-color: #0033cc !important;border-bottom-color: #0033cc !important;}&#8220;]W\u00e4hlen Sie Messgr\u00f6ssen, Mess-\/Speicherrate, Betriebstemperatur, Ger\u00e4tedimension u.v.m.[\/vc_cta][vc_empty_space][\/vc_column][\/vc_row][vc_row full_width=&#8220;stretch_row&#8220; css=&#8220;.vc_custom_1668157991221{background-color: #f8f9f9 !important;}&#8220;][vc_column css=&#8220;.vc_custom_1660893479516{padding-right: 40px !important;padding-left: 40px !important;}&#8220;][msrwpbportfoliobyid recent_title=&#8220;MSR Datenlogger im Einsatz \u2013 Kundenberichte&#8220; number_in_row=&#8220;4&#8243; post_ids=&#8220;9112,10330,10340,9177,10378,10345,10332,10311,10309,10307,10359,10435,10426,10385,10381,10367,10431,7937,9333,9316,9331,7436,10419&#8243; item_text_color=&#8220;#ffffff&#8220; item_title_color=&#8220;#ffffff&#8220; title_color=&#8220;#0033cc&#8220;][vc_empty_space][\/vc_column][\/vc_row][vc_row][vc_column][vc_empty_space][\/vc_column][\/vc_row][vc_row][vc_column width=&#8220;1\/2&#8243;][vc_cta h2=&#8220;\u00dcberlassen Sie die Wahl Ihres Datenloggers nicht dem Zufall.&#8220; h2_font_container=&#8220;tag:h2|text_align:left|color:%230033cc&#8220; h2_use_theme_fonts=&#8220;yes&#8220; h4=&#8220;Nutzen Sie unsere Erfahrung und Kompetenz.&#8220; add_button=&#8220;right&#8220; btn_title=&#8220;Kontakt&#8220; use_custom_fonts_h2=&#8220;true&#8220; h2_link=&#8220;url:%2Fde%2Fkontakt%2F|title:Kontakt%20MSR%20Datenlogger&#8220; btn_link=&#8220;url:%2Fde%2Fkontakt%2F|title:Kontakt%20MSR%20Datenlogger&#8220; el_class=&#8220;grey-subline&#8220; css=&#8220;.vc_custom_1656495996964{margin-top: 18px !important;}&#8220;]F\u00fcr eine pers\u00f6nliche Beratung stehen Ihnen \u00fcber 90 MSR-Vertriebspartner in weltweit mehr als 50 L\u00e4ndern zur Verf\u00fcgung.[\/vc_cta][\/vc_column][vc_column width=&#8220;1\/2&#8243;][msrnewslettersub newslettersub_img=&#8220;2634&#8243;][\/vc_column][\/vc_row][vc_row][vc_column][vc_empty_space][\/vc_column][\/vc_row]<\/p>\n<\/div>","protected":false},"excerpt":{"rendered":"<p>[vc_row][vc_column][vc_column_text] Datenlogger mit wechselbaren Sensoren Maximale Flexibilit\u00e4t f\u00fcr Ihre Messaufgaben MSR FlexSensoren f\u00fcr Datenlogger MSR145WD und MSR145W2D Heute Feuchtigkeit aufzeichnen, morgen Beschleunigung und \u00fcbermorgen Fl\u00fcssigkeitsdruck? Das ist m\u00f6glich mit den steckbaren, wechselbaren MSR FlexSensoren! Die vorkonfigurierten Plug-in-Sensoren lassen sich in &hellip;<\/p>\n","protected":false},"author":1,"featured_media":2952,"parent":25,"menu_order":0,"comment_status":"closed","ping_status":"closed","template":"","meta":{"footnotes":""},"yoast_head":"<!-- This site is optimized with the Yoast SEO plugin v22.9 - https:\/\/yoast.com\/wordpress\/plugins\/seo\/ -->\n<title>Datenlogger mit wechselbaren Sensoren , Flexsensoren | MSR Electronics<\/title>\n<meta name=\"description\" content=\"MSR FlexSensoren f\u00fcr Datenlogger MSR145WD und MSR145W2D, steckbare Temperatur- und Feuchtesensoren f\u00fcr Datenlogger MSR147WD und MSR147W2D\" \/>\n<meta name=\"robots\" content=\"index, follow, max-snippet:-1, max-image-preview:large, max-video-preview:-1\" \/>\n<link rel=\"canonical\" href=\"https:\/\/www.msr.ch\/de\/produkt\/datenlogger-wechselbare-flexsensoren\/\" \/>\n<meta property=\"og:locale\" content=\"de_DE\" \/>\n<meta property=\"og:type\" content=\"article\" \/>\n<meta property=\"og:title\" content=\"Datenlogger mit wechselbaren Sensoren , Flexsensoren | MSR Electronics\" \/>\n<meta property=\"og:description\" content=\"MSR FlexSensoren f\u00fcr Datenlogger MSR145WD und MSR145W2D, steckbare Temperatur- und Feuchtesensoren f\u00fcr Datenlogger MSR147WD und MSR147W2D\" \/>\n<meta property=\"og:url\" content=\"https:\/\/www.msr.ch\/de\/produkt\/datenlogger-wechselbare-flexsensoren\/\" \/>\n<meta property=\"og:site_name\" content=\"DE MSR Datenlogger\" \/>\n<meta property=\"article:publisher\" content=\"https:\/\/www.facebook.com\/datenlogger.msr\/\" \/>\n<meta property=\"article:modified_time\" content=\"2024-04-08T13:30:44+00:00\" \/>\n<meta name=\"twitter:card\" content=\"summary_large_image\" \/>\n<meta name=\"twitter:label1\" content=\"Gesch\u00e4tzte Lesezeit\" \/>\n\t<meta name=\"twitter:data1\" content=\"3\u00a0Minuten\" \/>\n<script type=\"application\/ld+json\" class=\"yoast-schema-graph\">{\"@context\":\"https:\/\/schema.org\",\"@graph\":[{\"@type\":\"WebPage\",\"@id\":\"https:\/\/www.msr.ch\/de\/produkt\/datenlogger-wechselbare-flexsensoren\/\",\"url\":\"https:\/\/www.msr.ch\/de\/produkt\/datenlogger-wechselbare-flexsensoren\/\",\"name\":\"Datenlogger mit wechselbaren Sensoren , Flexsensoren | MSR Electronics\",\"isPartOf\":{\"@id\":\"https:\/\/www.msr.ch\/de\/#website\"},\"primaryImageOfPage\":{\"@id\":\"https:\/\/www.msr.ch\/de\/produkt\/datenlogger-wechselbare-flexsensoren\/#primaryimage\"},\"image\":{\"@id\":\"https:\/\/www.msr.ch\/de\/produkt\/datenlogger-wechselbare-flexsensoren\/#primaryimage\"},\"thumbnailUrl\":\"https:\/\/www.msr.ch\/images\/MSR-Flex-Sensoren-mit-Bluetooth-Datenlogger.jpg\",\"datePublished\":\"2022-06-22T08:15:02+00:00\",\"dateModified\":\"2024-04-08T13:30:44+00:00\",\"description\":\"MSR FlexSensoren f\u00fcr Datenlogger MSR145WD und MSR145W2D, steckbare Temperatur- und Feuchtesensoren f\u00fcr Datenlogger MSR147WD und MSR147W2D\",\"breadcrumb\":{\"@id\":\"https:\/\/www.msr.ch\/de\/produkt\/datenlogger-wechselbare-flexsensoren\/#breadcrumb\"},\"inLanguage\":\"de\",\"potentialAction\":[{\"@type\":\"ReadAction\",\"target\":[\"https:\/\/www.msr.ch\/de\/produkt\/datenlogger-wechselbare-flexsensoren\/\"]}]},{\"@type\":\"ImageObject\",\"inLanguage\":\"de\",\"@id\":\"https:\/\/www.msr.ch\/de\/produkt\/datenlogger-wechselbare-flexsensoren\/#primaryimage\",\"url\":\"https:\/\/www.msr.ch\/images\/MSR-Flex-Sensoren-mit-Bluetooth-Datenlogger.jpg\",\"contentUrl\":\"https:\/\/www.msr.ch\/images\/MSR-Flex-Sensoren-mit-Bluetooth-Datenlogger.jpg\"},{\"@type\":\"BreadcrumbList\",\"@id\":\"https:\/\/www.msr.ch\/de\/produkt\/datenlogger-wechselbare-flexsensoren\/#breadcrumb\",\"itemListElement\":[{\"@type\":\"ListItem\",\"position\":1,\"name\":\"Home\",\"item\":\"https:\/\/www.msr.ch\/de\/\"},{\"@type\":\"ListItem\",\"position\":2,\"name\":\"Produkt\",\"item\":\"https:\/\/www.msr.ch\/de\/produkt\/\"},{\"@type\":\"ListItem\",\"position\":3,\"name\":\"Datenlogger mit wechselbaren Sensoren\"}]},{\"@type\":\"WebSite\",\"@id\":\"https:\/\/www.msr.ch\/de\/#website\",\"url\":\"https:\/\/www.msr.ch\/de\/\",\"name\":\"MSR Datenlogger\",\"description\":\"MSR Electronics GmbH\",\"potentialAction\":[{\"@type\":\"SearchAction\",\"target\":{\"@type\":\"EntryPoint\",\"urlTemplate\":\"https:\/\/www.msr.ch\/de\/?s={search_term_string}\"},\"query-input\":\"required name=search_term_string\"}],\"inLanguage\":\"de\"}]}<\/script>\n<!-- \/ Yoast SEO plugin. -->","yoast_head_json":{"title":"Datenlogger mit wechselbaren Sensoren , Flexsensoren | MSR Electronics","description":"MSR FlexSensoren f\u00fcr Datenlogger MSR145WD und MSR145W2D, steckbare Temperatur- und Feuchtesensoren f\u00fcr Datenlogger MSR147WD und MSR147W2D","robots":{"index":"index","follow":"follow","max-snippet":"max-snippet:-1","max-image-preview":"max-image-preview:large","max-video-preview":"max-video-preview:-1"},"canonical":"https:\/\/www.msr.ch\/de\/produkt\/datenlogger-wechselbare-flexsensoren\/","og_locale":"de_DE","og_type":"article","og_title":"Datenlogger mit wechselbaren Sensoren , Flexsensoren | MSR Electronics","og_description":"MSR FlexSensoren f\u00fcr Datenlogger MSR145WD und MSR145W2D, steckbare Temperatur- und Feuchtesensoren f\u00fcr Datenlogger MSR147WD und MSR147W2D","og_url":"https:\/\/www.msr.ch\/de\/produkt\/datenlogger-wechselbare-flexsensoren\/","og_site_name":"DE MSR Datenlogger","article_publisher":"https:\/\/www.facebook.com\/datenlogger.msr\/","article_modified_time":"2024-04-08T13:30:44+00:00","twitter_card":"summary_large_image","twitter_misc":{"Gesch\u00e4tzte Lesezeit":"3\u00a0Minuten"},"schema":{"@context":"https:\/\/schema.org","@graph":[{"@type":"WebPage","@id":"https:\/\/www.msr.ch\/de\/produkt\/datenlogger-wechselbare-flexsensoren\/","url":"https:\/\/www.msr.ch\/de\/produkt\/datenlogger-wechselbare-flexsensoren\/","name":"Datenlogger mit wechselbaren Sensoren , Flexsensoren | MSR Electronics","isPartOf":{"@id":"https:\/\/www.msr.ch\/de\/#website"},"primaryImageOfPage":{"@id":"https:\/\/www.msr.ch\/de\/produkt\/datenlogger-wechselbare-flexsensoren\/#primaryimage"},"image":{"@id":"https:\/\/www.msr.ch\/de\/produkt\/datenlogger-wechselbare-flexsensoren\/#primaryimage"},"thumbnailUrl":"https:\/\/www.msr.ch\/images\/MSR-Flex-Sensoren-mit-Bluetooth-Datenlogger.jpg","datePublished":"2022-06-22T08:15:02+00:00","dateModified":"2024-04-08T13:30:44+00:00","description":"MSR FlexSensoren f\u00fcr Datenlogger MSR145WD und MSR145W2D, steckbare Temperatur- und Feuchtesensoren f\u00fcr Datenlogger MSR147WD und MSR147W2D","breadcrumb":{"@id":"https:\/\/www.msr.ch\/de\/produkt\/datenlogger-wechselbare-flexsensoren\/#breadcrumb"},"inLanguage":"de","potentialAction":[{"@type":"ReadAction","target":["https:\/\/www.msr.ch\/de\/produkt\/datenlogger-wechselbare-flexsensoren\/"]}]},{"@type":"ImageObject","inLanguage":"de","@id":"https:\/\/www.msr.ch\/de\/produkt\/datenlogger-wechselbare-flexsensoren\/#primaryimage","url":"https:\/\/www.msr.ch\/images\/MSR-Flex-Sensoren-mit-Bluetooth-Datenlogger.jpg","contentUrl":"https:\/\/www.msr.ch\/images\/MSR-Flex-Sensoren-mit-Bluetooth-Datenlogger.jpg"},{"@type":"BreadcrumbList","@id":"https:\/\/www.msr.ch\/de\/produkt\/datenlogger-wechselbare-flexsensoren\/#breadcrumb","itemListElement":[{"@type":"ListItem","position":1,"name":"Home","item":"https:\/\/www.msr.ch\/de\/"},{"@type":"ListItem","position":2,"name":"Produkt","item":"https:\/\/www.msr.ch\/de\/produkt\/"},{"@type":"ListItem","position":3,"name":"Datenlogger mit wechselbaren Sensoren"}]},{"@type":"WebSite","@id":"https:\/\/www.msr.ch\/de\/#website","url":"https:\/\/www.msr.ch\/de\/","name":"MSR Datenlogger","description":"MSR Electronics GmbH","potentialAction":[{"@type":"SearchAction","target":{"@type":"EntryPoint","urlTemplate":"https:\/\/www.msr.ch\/de\/?s={search_term_string}"},"query-input":"required name=search_term_string"}],"inLanguage":"de"}]}},"_links":{"self":[{"href":"https:\/\/www.msr.ch\/de\/wp-json\/wp\/v2\/pages\/9835"}],"collection":[{"href":"https:\/\/www.msr.ch\/de\/wp-json\/wp\/v2\/pages"}],"about":[{"href":"https:\/\/www.msr.ch\/de\/wp-json\/wp\/v2\/types\/page"}],"author":[{"embeddable":true,"href":"https:\/\/www.msr.ch\/de\/wp-json\/wp\/v2\/users\/1"}],"replies":[{"embeddable":true,"href":"https:\/\/www.msr.ch\/de\/wp-json\/wp\/v2\/comments?post=9835"}],"version-history":[{"count":28,"href":"https:\/\/www.msr.ch\/de\/wp-json\/wp\/v2\/pages\/9835\/revisions"}],"predecessor-version":[{"id":13081,"href":"https:\/\/www.msr.ch\/de\/wp-json\/wp\/v2\/pages\/9835\/revisions\/13081"}],"up":[{"embeddable":true,"href":"https:\/\/www.msr.ch\/de\/wp-json\/wp\/v2\/pages\/25"}],"wp:featuredmedia":[{"embeddable":true,"href":"https:\/\/www.msr.ch\/de\/wp-json\/"}],"wp:attachment":[{"href":"https:\/\/www.msr.ch\/de\/wp-json\/wp\/v2\/media?parent=9835"}],"curies":[{"name":"wp","href":"https:\/\/api.w.org\/{rel}","templated":true}]}}