{"id":9948,"date":"2022-06-24T06:23:30","date_gmt":"2022-06-24T06:23:30","guid":{"rendered":"https:\/\/karabeg.xyz\/de\/?page_id=9948"},"modified":"2024-07-03T13:30:31","modified_gmt":"2024-07-03T13:30:31","slug":"news","status":"publish","type":"page","link":"https:\/\/www.msr.ch\/de\/news\/","title":{"rendered":"News MSR"},"content":{"rendered":"<div class=\"wpb-content-wrapper\"><p>[vc_row css=&#8220;.vc_custom_1453207537712{margin-bottom: 20px !important;}&#8220;][vc_column][vc_custom_heading text=&#8220;News MSR Electronics GmbH&#8220; font_container=&#8220;tag:h1|text_align:left&#8220; use_theme_fonts=&#8220;yes&#8220; css=&#8220;&#8220;][\/vc_column][\/vc_row][vc_row css=&#8220;.vc_custom_1453207537712{margin-bottom: 20px !important;}&#8220;][vc_column width=&#8220;1\/2&#8243;][vc_column_text css=&#8220;&#8220;]<\/p>\n<h2>Newsletter<\/h2>\n<p>Mit dem MSR Newsletter sind Sie stets informiert \u00fcber alle Updates und Neuigkeiten zu unseren Produkten und dem Unternehmen. Der Newsletter erscheint 3 bis 4 mal im Jahr und eine Abmeldung ist jederzeit m\u00f6glich.[\/vc_column_text][vc_column_text css=&#8220;&#8220;]<\/p>\n<h2>Folgen Sie uns<\/h2>\n<h2><a href=\"https:\/\/www.msr.ch\/li-logo\/\"><br \/>\n<\/a><a href=\"https:\/\/www.linkedin.com\/company\/msr-electronics-gmbh\/\" target=\"_blank\" rel=\"noopener\"><img loading=\"lazy\" decoding=\"async\" class=\"alignleft wp-image-3493\" title=\"Linkedin\" src=\"https:\/\/www.msr.ch\/images\/LI-Logo.png\" alt=\"Linkedin\" width=\"100\" height=\"24\" srcset=\"https:\/\/www.msr.ch\/images\/LI-Logo.png 2212w, https:\/\/www.msr.ch\/images\/LI-Logo-300x73.png 300w, https:\/\/www.msr.ch\/images\/LI-Logo-1024x250.png 1024w, https:\/\/www.msr.ch\/images\/LI-Logo-768x187.png 768w, https:\/\/www.msr.ch\/images\/LI-Logo-1536x375.png 1536w, https:\/\/www.msr.ch\/images\/LI-Logo-2048x500.png 2048w\" sizes=\"(max-width: 100px) 100vw, 100px\" \/><\/a><a href=\"https:\/\/www.youtube.com\/@DatenloggerMSR\" target=\"_blank\" rel=\"noopener\" class=\"msr-image-popup\" ><img loading=\"lazy\" decoding=\"async\" class=\"alignleft wp-image-3494\" title=\"YouTube\" src=\"https:\/\/www.msr.ch\/images\/yt_logo_rgb_light.png\" alt=\"YouTube\" width=\"100\" height=\"22\" srcset=\"https:\/\/www.msr.ch\/images\/yt_logo_rgb_light.png 794w, https:\/\/www.msr.ch\/images\/yt_logo_rgb_light-300x67.png 300w, https:\/\/www.msr.ch\/images\/yt_logo_rgb_light-768x172.png 768w\" sizes=\"(max-width: 100px) 100vw, 100px\" \/><\/a><\/h2>\n<p>[\/vc_column_text][vc_empty_space height=&#8220;22px&#8220;][vc_video link=&#8220;https:\/\/youtu.be\/MazN-LsAJ4w&#8220; css=&#8220;&#8220;][\/vc_column][vc_column width=&#8220;1\/2&#8243;][msrnewslettersub newslettersub_img=&#8220;3143&#8243;][\/vc_column][\/vc_row][vc_row theme=&#8220;default-tdt&#8220; wdo_title_text_typography=&#8220;&#8220; slide_visible=&#8220;4&#8243; tabs=&#8220;2&#8243; slide_visible_mbl=&#8220;2&#8243; slide_scroll=&#8220;1&#8243; spaces=&#8220;10px&#8220; effect=&#8220;false&#8220; autoplay=&#8220;true&#8220; adaptiveheight=&#8220;false&#8220; speed=&#8220;5000&#8243; arrow=&#8220;true&#8220; arrowclr=&#8220;#a3a3a3&#8243; arrowsize=&#8220;20px&#8220; dot=&#8220;true&#8220; style=&#8220;dot&#8220; dotclr=&#8220;#a3a3a3&#8243; borderclr=&#8220;#000&#8243; padding=&#8220;15%&#8220; caption_url=&#8220;&#8220; mbl_height=&#8220;&#8220; css=&#8220;.vc_custom_1653032867391{background-color: #ffffff !important;}&#8220;][vc_column]<div class='recent-news row'><div class='col-md-4'><article class='post'><a href='https:\/\/www.msr.ch\/de\/msr-electronics-beratungskompetenz\/'><h3 class='post-title'>MSR Electronics GmbH baut Beratungskompetenz weltweit aus<\/h3><\/a><div class=\"post-content\"><div><p>[vc_row css=&#8220;.vc_custom_1453128198958{margin-bottom: 0px !important;}&#8220;][vc_column][\/vc_column][\/vc_row][vc_row css=&#038;#8<\/p>\n<\/div><a href='https:\/\/www.msr.ch\/de\/msr-electronics-beratungskompetenz\/' class='btn btn-md btn-gradient btn-shadow'>Mehr<\/a><\/div><\/article><\/div><div class='col-md-4'><article class='post'><a href='https:\/\/www.msr.ch\/de\/datenlogger-luftfracht-approved\/'><h3 class='post-title'>MSR Datenlogger sind \u00abair cargo approved\u00bb<\/h3><\/a><div class=\"post-content\"><div><p>Die MSR-Transport-Logger haben unl\u00e4ngst s\u00e4mtliche Sicherheitspr\u00fcfungen der Lufthansa Cargo und anderer wichtiger Fluggesellschafte<\/p>\n<\/div><a href='https:\/\/www.msr.ch\/de\/datenlogger-luftfracht-approved\/' class='btn btn-md btn-gradient btn-shadow'>Mehr<\/a><\/div><\/article><\/div><div class='col-md-4'><article class='post'><a href='https:\/\/www.msr.ch\/de\/datenlogger-ueberwachen-medikamente\/'><h3 class='post-title'>MSR Datenlogger \u00fcberwachen Transport und Lagerung von Medikamenten<\/h3><\/a><div class=\"post-content\"><div><p>F\u00fcr Pharmaprodukte gelten strenge Vorschriften bez\u00fcglich der erlaubten Umgebungsbedingungen. MSR BudgetLine Datenlogger dokumentie<\/p>\n<\/div><a href='https:\/\/www.msr.ch\/de\/datenlogger-ueberwachen-medikamente\/' class='btn btn-md btn-gradient btn-shadow'>Mehr<\/a><\/div><\/article><\/div><\/div>[\/vc_column][\/vc_row][vc_row theme=&#8220;default-tdt&#8220; wdo_title_text_typography=&#8220;&#8220; slide_visible=&#8220;4&#8243; tabs=&#8220;2&#8243; slide_visible_mbl=&#8220;2&#8243; slide_scroll=&#8220;1&#8243; spaces=&#8220;10px&#8220; effect=&#8220;false&#8220; autoplay=&#8220;true&#8220; adaptiveheight=&#8220;false&#8220; speed=&#8220;5000&#8243; arrow=&#8220;true&#8220; arrowclr=&#8220;#a3a3a3&#8243; arrowsize=&#8220;20px&#8220; dot=&#8220;true&#8220; style=&#8220;dot&#8220; dotclr=&#8220;#a3a3a3&#8243; borderclr=&#8220;#000&#8243; padding=&#8220;15%&#8220; caption_url=&#8220;&#8220; mbl_height=&#8220;&#8220; css=&#8220;.vc_custom_1653032867391{background-color: #ffffff !important;}&#8220;][vc_column][vc_empty_space][vc_separator border_width=&#8220;2&#8243;][vc_column_text]<\/p>\n<h2>Weitere Meldungen:<\/h2>\n<p>[\/vc_column_text][msrwpboldnews][\/vc_column][\/vc_row]<\/p>\n<\/div>","protected":false},"excerpt":{"rendered":"<p>[vc_row css=&#8220;.vc_custom_1453207537712{margin-bottom: 20px !important;}&#8220;][vc_column][vc_custom_heading text=&#8220;News MSR Electronics GmbH&#8220; font_container=&#8220;tag:h1|text_align:left&#8220; use_theme_fonts=&#8220;yes&#8220; css=&#8220;&#8220;][\/vc_column][\/vc_row][vc_row css=&#8220;.vc_custom_1453207537712{margin-bottom: 20px !important;}&#8220;][vc_column width=&#8220;1\/2&#8243;][vc_column_text css=&#8220;&#8220;] Newsletter Mit dem MSR Newsletter sind Sie stets informiert \u00fcber alle Updates und Neuigkeiten zu unseren Produkten und dem Unternehmen. Der Newsletter erscheint 3 &hellip;<\/p>\n","protected":false},"author":1,"featured_media":1912,"parent":0,"menu_order":0,"comment_status":"closed","ping_status":"closed","template":"","meta":{"footnotes":""},"yoast_head":"<!-- This site is optimized with the Yoast SEO plugin v22.9 - https:\/\/yoast.com\/wordpress\/plugins\/seo\/ -->\n<title>News MSR Electronics GmbH<\/title>\n<meta name=\"description\" content=\"News MSR Electronics GmbH. Mit dem MSR Newsletter sind Sie informierte \u00fcber alle Updates zu unseren Produkten\" \/>\n<meta name=\"robots\" content=\"index, follow, max-snippet:-1, max-image-preview:large, max-video-preview:-1\" \/>\n<link rel=\"canonical\" href=\"https:\/\/www.msr.ch\/de\/news\/\" \/>\n<meta property=\"og:locale\" content=\"de_DE\" \/>\n<meta property=\"og:type\" content=\"article\" \/>\n<meta property=\"og:title\" content=\"News MSR Electronics GmbH\" \/>\n<meta property=\"og:description\" content=\"News MSR Electronics GmbH. Mit dem MSR Newsletter sind Sie informierte \u00fcber alle Updates zu unseren Produkten\" \/>\n<meta property=\"og:url\" content=\"https:\/\/www.msr.ch\/de\/news\/\" \/>\n<meta property=\"og:site_name\" content=\"DE MSR Datenlogger\" \/>\n<meta property=\"article:publisher\" content=\"https:\/\/www.facebook.com\/datenlogger.msr\/\" \/>\n<meta property=\"article:modified_time\" content=\"2024-07-03T13:30:31+00:00\" \/>\n<meta name=\"twitter:card\" content=\"summary_large_image\" \/>\n<meta name=\"twitter:label1\" content=\"Gesch\u00e4tzte Lesezeit\" \/>\n\t<meta name=\"twitter:data1\" content=\"2\u00a0Minuten\" \/>\n<script type=\"application\/ld+json\" class=\"yoast-schema-graph\">{\"@context\":\"https:\/\/schema.org\",\"@graph\":[{\"@type\":\"WebPage\",\"@id\":\"https:\/\/www.msr.ch\/de\/news\/\",\"url\":\"https:\/\/www.msr.ch\/de\/news\/\",\"name\":\"News MSR Electronics GmbH\",\"isPartOf\":{\"@id\":\"https:\/\/www.msr.ch\/de\/#website\"},\"primaryImageOfPage\":{\"@id\":\"https:\/\/www.msr.ch\/de\/news\/#primaryimage\"},\"image\":{\"@id\":\"https:\/\/www.msr.ch\/de\/news\/#primaryimage\"},\"thumbnailUrl\":\"https:\/\/www.msr.ch\/images\/msr145\/Datenlogger-MSR145-SmartCase-Temperatur-Feuchte.jpg\",\"datePublished\":\"2022-06-24T06:23:30+00:00\",\"dateModified\":\"2024-07-03T13:30:31+00:00\",\"description\":\"News MSR Electronics GmbH. Mit dem MSR Newsletter sind Sie informierte \u00fcber alle Updates zu unseren Produkten\",\"breadcrumb\":{\"@id\":\"https:\/\/www.msr.ch\/de\/news\/#breadcrumb\"},\"inLanguage\":\"de\",\"potentialAction\":[{\"@type\":\"ReadAction\",\"target\":[\"https:\/\/www.msr.ch\/de\/news\/\"]}]},{\"@type\":\"ImageObject\",\"inLanguage\":\"de\",\"@id\":\"https:\/\/www.msr.ch\/de\/news\/#primaryimage\",\"url\":\"https:\/\/www.msr.ch\/images\/msr145\/Datenlogger-MSR145-SmartCase-Temperatur-Feuchte.jpg\",\"contentUrl\":\"https:\/\/www.msr.ch\/images\/msr145\/Datenlogger-MSR145-SmartCase-Temperatur-Feuchte.jpg\"},{\"@type\":\"BreadcrumbList\",\"@id\":\"https:\/\/www.msr.ch\/de\/news\/#breadcrumb\",\"itemListElement\":[{\"@type\":\"ListItem\",\"position\":1,\"name\":\"Home\",\"item\":\"https:\/\/www.msr.ch\/de\/\"},{\"@type\":\"ListItem\",\"position\":2,\"name\":\"News MSR\"}]},{\"@type\":\"WebSite\",\"@id\":\"https:\/\/www.msr.ch\/de\/#website\",\"url\":\"https:\/\/www.msr.ch\/de\/\",\"name\":\"MSR Datenlogger\",\"description\":\"MSR Electronics GmbH\",\"potentialAction\":[{\"@type\":\"SearchAction\",\"target\":{\"@type\":\"EntryPoint\",\"urlTemplate\":\"https:\/\/www.msr.ch\/de\/?s={search_term_string}\"},\"query-input\":\"required name=search_term_string\"}],\"inLanguage\":\"de\"}]}<\/script>\n<!-- \/ Yoast SEO plugin. -->","yoast_head_json":{"title":"News MSR Electronics GmbH","description":"News MSR Electronics GmbH. Mit dem MSR Newsletter sind Sie informierte \u00fcber alle Updates zu unseren Produkten","robots":{"index":"index","follow":"follow","max-snippet":"max-snippet:-1","max-image-preview":"max-image-preview:large","max-video-preview":"max-video-preview:-1"},"canonical":"https:\/\/www.msr.ch\/de\/news\/","og_locale":"de_DE","og_type":"article","og_title":"News MSR Electronics GmbH","og_description":"News MSR Electronics GmbH. Mit dem MSR Newsletter sind Sie informierte \u00fcber alle Updates zu unseren Produkten","og_url":"https:\/\/www.msr.ch\/de\/news\/","og_site_name":"DE MSR Datenlogger","article_publisher":"https:\/\/www.facebook.com\/datenlogger.msr\/","article_modified_time":"2024-07-03T13:30:31+00:00","twitter_card":"summary_large_image","twitter_misc":{"Gesch\u00e4tzte Lesezeit":"2\u00a0Minuten"},"schema":{"@context":"https:\/\/schema.org","@graph":[{"@type":"WebPage","@id":"https:\/\/www.msr.ch\/de\/news\/","url":"https:\/\/www.msr.ch\/de\/news\/","name":"News MSR Electronics GmbH","isPartOf":{"@id":"https:\/\/www.msr.ch\/de\/#website"},"primaryImageOfPage":{"@id":"https:\/\/www.msr.ch\/de\/news\/#primaryimage"},"image":{"@id":"https:\/\/www.msr.ch\/de\/news\/#primaryimage"},"thumbnailUrl":"https:\/\/www.msr.ch\/images\/msr145\/Datenlogger-MSR145-SmartCase-Temperatur-Feuchte.jpg","datePublished":"2022-06-24T06:23:30+00:00","dateModified":"2024-07-03T13:30:31+00:00","description":"News MSR Electronics GmbH. Mit dem MSR Newsletter sind Sie informierte \u00fcber alle Updates zu unseren Produkten","breadcrumb":{"@id":"https:\/\/www.msr.ch\/de\/news\/#breadcrumb"},"inLanguage":"de","potentialAction":[{"@type":"ReadAction","target":["https:\/\/www.msr.ch\/de\/news\/"]}]},{"@type":"ImageObject","inLanguage":"de","@id":"https:\/\/www.msr.ch\/de\/news\/#primaryimage","url":"https:\/\/www.msr.ch\/images\/msr145\/Datenlogger-MSR145-SmartCase-Temperatur-Feuchte.jpg","contentUrl":"https:\/\/www.msr.ch\/images\/msr145\/Datenlogger-MSR145-SmartCase-Temperatur-Feuchte.jpg"},{"@type":"BreadcrumbList","@id":"https:\/\/www.msr.ch\/de\/news\/#breadcrumb","itemListElement":[{"@type":"ListItem","position":1,"name":"Home","item":"https:\/\/www.msr.ch\/de\/"},{"@type":"ListItem","position":2,"name":"News MSR"}]},{"@type":"WebSite","@id":"https:\/\/www.msr.ch\/de\/#website","url":"https:\/\/www.msr.ch\/de\/","name":"MSR Datenlogger","description":"MSR Electronics GmbH","potentialAction":[{"@type":"SearchAction","target":{"@type":"EntryPoint","urlTemplate":"https:\/\/www.msr.ch\/de\/?s={search_term_string}"},"query-input":"required name=search_term_string"}],"inLanguage":"de"}]}},"_links":{"self":[{"href":"https:\/\/www.msr.ch\/de\/wp-json\/wp\/v2\/pages\/9948"}],"collection":[{"href":"https:\/\/www.msr.ch\/de\/wp-json\/wp\/v2\/pages"}],"about":[{"href":"https:\/\/www.msr.ch\/de\/wp-json\/wp\/v2\/types\/page"}],"author":[{"embeddable":true,"href":"https:\/\/www.msr.ch\/de\/wp-json\/wp\/v2\/users\/1"}],"replies":[{"embeddable":true,"href":"https:\/\/www.msr.ch\/de\/wp-json\/wp\/v2\/comments?post=9948"}],"version-history":[{"count":32,"href":"https:\/\/www.msr.ch\/de\/wp-json\/wp\/v2\/pages\/9948\/revisions"}],"predecessor-version":[{"id":9950,"href":"https:\/\/www.msr.ch\/de\/wp-json\/wp\/v2\/pages\/9948\/revisions\/9950"}],"wp:featuredmedia":[{"embeddable":true,"href":"https:\/\/www.msr.ch\/de\/wp-json\/"}],"wp:attachment":[{"href":"https:\/\/www.msr.ch\/de\/wp-json\/wp\/v2\/media?parent=9948"}],"curies":[{"name":"wp","href":"https:\/\/api.w.org\/{rel}","templated":true}]}}