{"id":5783,"date":"2022-09-22T07:23:28","date_gmt":"2022-09-22T07:23:28","guid":{"rendered":"https:\/\/karabeg.xyz\/en\/?page_id=5783"},"modified":"2023-03-21T12:12:25","modified_gmt":"2023-03-21T12:12:25","slug":"msr-pc-software-standard","status":"publish","type":"page","link":"https:\/\/www.msr.ch\/en\/support\/msr-pc-software-standard\/","title":{"rendered":"MSR PC Software (Standard)"},"content":{"rendered":"<div class=\"wpb-content-wrapper\"><p>[vc_row][vc_column][vc_column_text css=&#8221;.vc_custom_1664778314627{padding-bottom: 20px !important;}&#8221;]<\/p>\n<h1 class=\"entry-title\">MSR PC Software (Standard)<\/h1>\n<h2>Configuration and analysis software for MSR data loggers<\/h2>\n<p class=\"article_intro\">The configuration and readout of the MSR data loggers as well as the export of measurement data and the evaluation of the recorded data is carried out with the help of the powerful MSR PC software. When you purchase an MSR data logger, the latest PC software is supplied free of charge.<\/p>\n<p>[\/vc_column_text][\/vc_column][\/vc_row][vc_row css=&#8221;.vc_custom_1652942785307{margin-top: 2px !important;margin-right: 2px !important;margin-bottom: 2px !important;margin-left: 2px !important;background-color: #ededed !important;}&#8221;][vc_column][vc_column_text css=&#8221;.vc_custom_1664778816752{margin-top: 2px !important;margin-right: 2px !important;margin-bottom: 2px !important;margin-left: 2px !important;padding-bottom: 10px !important;}&#8221;]<\/p>\n<h3>MSR PC software package: Setup, Reader, Online, Viewer<\/h3>\n<p>The user-friendly MSR PC software consists of the four main programs MSR Setup, Reader, Online and Viewer as well as several auxiliary programs that allow, among other things, export to MATLAB or CSV file format.[\/vc_column_text]<div class=\"gallery-fs\"><figure><img decoding=\"async\" src=\"https:\/\/www.msr.ch\/images\/MSR_PC_Software-1.jpg\" alt=\"MSR PC Software f\u00fcr Datenlogger\"><figcaption>Programmauswahl (Standard)<\/figcaption><\/figure><div class=\"gallery-fs-nav\"><button class=\"gallery-fs-fullscreen\"><i class=\"fa fa-arrows-alt\"><\/i><\/button><\/div><div class=\"gallery-fs-thumbnails gallery-fs-thumbnails-col-5 owl-carousel\"><a href='https:\/\/www.msr.ch\/images\/MSR_PC_Software-1.jpg' data-caption='Programmauswahl (Standard)' title='MSR PC Software f\u00fcr Datenlogger' class=\"selected\"><img loading=\"lazy\" decoding=\"async\" width=\"280\" height=\"210\" src=\"https:\/\/www.msr.ch\/images\/MSR_PC_Software-1-280x210.jpg\" class=\"attachment-anps-gallery-thumb size-anps-gallery-thumb\" alt=\"MSR PC Software f\u00fcr Datenlogger\" \/><\/a><a href='https:\/\/www.msr.ch\/images\/Setup-1.jpg' data-caption='MSR Setup' title='MSR PC Software MSR Setup'><img loading=\"lazy\" decoding=\"async\" width=\"280\" height=\"210\" src=\"https:\/\/www.msr.ch\/images\/Setup-1-280x210.jpg\" class=\"attachment-anps-gallery-thumb size-anps-gallery-thumb\" alt=\"MSR PC Software MSR Setup\" \/><\/a><a href='https:\/\/www.msr.ch\/images\/Reader-3.jpg' data-caption='MSR Reader' title='PC Software MSR Reader'><img loading=\"lazy\" decoding=\"async\" width=\"280\" height=\"210\" src=\"https:\/\/www.msr.ch\/images\/Reader-3-280x210.jpg\" class=\"attachment-anps-gallery-thumb size-anps-gallery-thumb\" alt=\"MSR PC Software MSR Reader\" \/><\/a><a href='https:\/\/www.msr.ch\/images\/Online.jpg' data-caption='MSR Online' title='MSR PC Software MSR Online'><img loading=\"lazy\" decoding=\"async\" width=\"280\" height=\"210\" src=\"https:\/\/www.msr.ch\/images\/Online-280x210.jpg\" class=\"attachment-anps-gallery-thumb size-anps-gallery-thumb\" alt=\"MSR PC Software MSR Online\" \/><\/a><a href='https:\/\/www.msr.ch\/images\/Viewer.jpg' data-caption='Datenlogger MSR165 ermittelt, wo auf einem F\u00f6rderband die st\u00e4rksten G-Kr\u00e4fte entstehen.' title='MSR PC Software MSR Viewer'><img loading=\"lazy\" decoding=\"async\" width=\"280\" height=\"210\" src=\"https:\/\/www.msr.ch\/images\/Viewer-280x210.jpg\" class=\"attachment-anps-gallery-thumb size-anps-gallery-thumb\" alt=\"MSR PC Software MSR Viewer\" \/><\/a><\/div><\/div>[\/vc_column][\/vc_row][vc_row css=&#8221;.vc_custom_1652942942013{margin-top: 2px !important;margin-right: 2px !important;margin-bottom: 2px !important;margin-left: 2px !important;}&#8221;][vc_column][vc_empty_space height=&#8221;20px&#8221;][\/vc_column][\/vc_row][vc_row css=&#8221;.vc_custom_1652942648887{margin: 2px !important;background-color: #ededed !important;}&#8221;][vc_column][vc_column_text css=&#8221;.vc_custom_1664778824783{margin-top: 2px !important;margin-right: 2px !important;margin-bottom: 2px !important;margin-left: 2px !important;border-bottom-width: 10px !important;}&#8221;]<\/p>\n<h3>Examples with the MSR Viewer<\/h3>\n<p>The measurement files created with the MSR PC programs \u00abReader\u00bb or \u00abOnline\u00bb can be displayed and edited on the PC with the \u00abViewer\u00bb. The measured values can be displayed as curves or as a table, as required.[\/vc_column_text]<div class=\"gallery-fs\"><figure><img decoding=\"async\" src=\"https:\/\/www.msr.ch\/images\/Sensor.jpg\" alt=\"G-Kraefte Foerderband\"><figcaption>Datenlogger MSR165 ermittelt, wo auf einem F\u00f6rderband die st\u00e4rksten G-Kr\u00e4fte entstehen.<\/figcaption><\/figure><div class=\"gallery-fs-nav\"><button class=\"gallery-fs-fullscreen\"><i class=\"fa fa-arrows-alt\"><\/i><\/button><\/div><div class=\"gallery-fs-thumbnails gallery-fs-thumbnails-col-5 owl-carousel\"><a href='https:\/\/www.msr.ch\/images\/Sensor.jpg' data-caption='Datenlogger MSR165 ermittelt, wo auf einem F\u00f6rderband die st\u00e4rksten G-Kr\u00e4fte entstehen.' title='G-Kraefte Foerderband' class=\"selected\"><img loading=\"lazy\" decoding=\"async\" width=\"280\" height=\"210\" src=\"https:\/\/www.msr.ch\/images\/Sensor-280x210.jpg\" class=\"attachment-anps-gallery-thumb size-anps-gallery-thumb\" alt=\"G-Kraefte Foerderband\" \/><\/a><a href='https:\/\/www.msr.ch\/images\/Drehung.jpg' data-caption='Lage-Messung: Drehung um X-, Y- und Z-Achse.' title='Lage-Messung: Drehung um X-, Y- und Z-Achse Lage-Messung: Drehung um X-, Y- und Z-Achse'><img loading=\"lazy\" decoding=\"async\" width=\"280\" height=\"210\" src=\"https:\/\/www.msr.ch\/images\/Drehung-280x210.jpg\" class=\"attachment-anps-gallery-thumb size-anps-gallery-thumb\" alt=\"Lage-Messung: Drehung um X-, Y- und Z-Achse Lage-Messung: Drehung um X-, Y- und Z-Achse\" \/><\/a><a href='https:\/\/www.msr.ch\/images\/Schwingung.jpg' data-caption='Schwingungsmessungen mit Beschleunigungs-Datenlogger.' title='Schwingungsmessungen mit Datenlogger'><img loading=\"lazy\" decoding=\"async\" width=\"280\" height=\"210\" src=\"https:\/\/www.msr.ch\/images\/Schwingung-280x210.jpg\" class=\"attachment-anps-gallery-thumb size-anps-gallery-thumb\" alt=\"Schwingungsmessungen mit Datenlogger\" \/><\/a><a href='https:\/\/www.msr.ch\/images\/Velosattel.jpg' data-caption='Aufzeichnung von Schl\u00e4gen bei einer Velofahrt.' title='Schl\u00e4ge messen Velo'><img loading=\"lazy\" decoding=\"async\" width=\"280\" height=\"210\" src=\"https:\/\/www.msr.ch\/images\/Velosattel-280x210.jpg\" class=\"attachment-anps-gallery-thumb size-anps-gallery-thumb\" alt=\"Schl\u00e4ge messen Velo\" \/><\/a><a href='https:\/\/www.msr.ch\/images\/Druck_2.jpg' data-caption='MSR145, Druckmessung beim Wiederk\u00e4uen einer Kuh' title='Luftdruckmessung mit Datenlogger MSR145'><img loading=\"lazy\" decoding=\"async\" width=\"280\" height=\"210\" src=\"https:\/\/www.msr.ch\/images\/Druck_2-280x210.jpg\" class=\"attachment-anps-gallery-thumb size-anps-gallery-thumb\" alt=\"Luftdruckmessung mit Datenlogger MSR145\" \/><\/a><a href='https:\/\/www.msr.ch\/images\/Langzeit.jpg' data-caption='MSR145 Datenlogger, Langzeitmessung von Druck' title='MSR145 Datenlogger Langzeitmessung von Druck'><img loading=\"lazy\" decoding=\"async\" width=\"280\" height=\"210\" src=\"https:\/\/www.msr.ch\/images\/Langzeit-280x210.jpg\" class=\"attachment-anps-gallery-thumb size-anps-gallery-thumb\" alt=\"MSR145 Datenlogger Langzeitmessung von Druck\" \/><\/a><a href='https:\/\/www.msr.ch\/images\/Feuchtigkeit.jpg' data-caption='Feuchtemessungen in Strassentunnel mit MSR145 ' title='Feuchtemessungen im Tunnelbau mit einem MSR145 Datenlogger'><img loading=\"lazy\" decoding=\"async\" width=\"280\" height=\"210\" src=\"https:\/\/www.msr.ch\/images\/Feuchtigkeit-280x210.jpg\" class=\"attachment-anps-gallery-thumb size-anps-gallery-thumb\" alt=\"Feuchtemessungen im Tunnelbau mit einem MSR145 Datenlogger\" \/><\/a><a href='https:\/\/www.msr.ch\/images\/Temperaturmessungen.jpg' data-caption='Temperatur- und Feuchte-Messungen' title='Temperatur- und Feuchte-Messungen mit MSR Datenlogger'><img loading=\"lazy\" decoding=\"async\" width=\"280\" height=\"210\" src=\"https:\/\/www.msr.ch\/images\/Temperaturmessungen-280x210.jpg\" class=\"attachment-anps-gallery-thumb size-anps-gallery-thumb\" alt=\"Temperatur- und Feuchte-Messungen mit MSR Datenlogger\" \/><\/a><a href='https:\/\/www.msr.ch\/images\/Licht.jpg' data-caption='Aufzeichnung von Lichtintensit\u00e4t' title='Aufzeichnung von Lichtintensit\u00e4t'><img loading=\"lazy\" decoding=\"async\" width=\"280\" height=\"210\" src=\"https:\/\/www.msr.ch\/images\/Licht-280x210.jpg\" class=\"attachment-anps-gallery-thumb size-anps-gallery-thumb\" alt=\"Aufzeichnung von Lichtintensit\u00e4t\" \/><\/a><a href='https:\/\/www.msr.ch\/images\/Sinus.jpg' data-caption='Messungen mit 2 analogen Eing\u00e4ngen. 1 x Temperatur, 2 x Spannungseing\u00e4nge.' title='Messungen mit 2 analogen Eing\u00e4ngen. 1 x Temperatur,  2 x Spannungseing\u00e4nge.'><img loading=\"lazy\" decoding=\"async\" width=\"280\" height=\"210\" src=\"https:\/\/www.msr.ch\/images\/Sinus-280x210.jpg\" class=\"attachment-anps-gallery-thumb size-anps-gallery-thumb\" alt=\"Messungen mit 2 analogen Eing\u00e4ngen. 1 x Temp. 2 x Spannungseing\u00e4nge.\" \/><\/a><\/div><\/div>[\/vc_column][\/vc_row][vc_row][vc_column][vc_empty_space height=&#8221;20px&#8221;][\/vc_column][\/vc_row][vc_row css=&#8221;.vc_custom_1652785670031{margin-top: 2px !important;margin-right: 2px !important;margin-bottom: 2px !important;margin-left: 2px !important;padding-top: 10px !important;padding-right: 10px !important;padding-bottom: 10px !important;padding-left: 10px !important;background-color: #ededed !important;}&#8221;][vc_column][msrwpbsoftwaredownloadwidget heading=&#8221;Download MSR PC Software (Standard)&#8221; btn_1_text=&#8221;Download&#8221; btn_1_link=&#8221;`{`msr-std-link`}`&#8221;]<strong>Our PC software is scanned for viruses with Microsoft Defender.<br \/>\n<\/strong><\/p>\n<p><strong>System requirements:\u00a0<\/strong>Windows 7 or higher, USB port<\/p>\n<p><a title=\"MSR pc software (standard)\" href=\"\/media\/downloads\/pcsoftware\/MSR_d2026-04-08_vs6-11-01.zip\">MSR pc software (standard)<\/a> (2026-04-08, v6.11.01, MD5: 3d6b7d1e14c4bf3a4400b2dfc5f72d7c)[\/msrwpbsoftwaredownloadwidget][vc_column_text]<\/p>\n<h3>\u2003 More information<\/h3>\n<ul>\n<li>We will inform you about updates via newsletter.<\/li>\n<li>If you have any questions, please consult our list of <a href=\"\/en\/support\/faq\/\">frequently asked questions (FAQ)<\/a>, <a href=\"\/en\/contact\/\">contact the point of sale<\/a> where you purchased your data logger or contact our <a href=\"https:\/\/karabeg.xyz\/en\/contact\/\">support.<\/a><\/li>\n<\/ul>\n<p>[\/vc_column_text][\/vc_column][\/vc_row][vc_row][vc_column][vc_empty_space][\/vc_column][\/vc_row]<\/p>\n<\/div>","protected":false},"excerpt":{"rendered":"<p>[vc_row][vc_column][vc_column_text css=&#8221;.vc_custom_1664778314627{padding-bottom: 20px !important;}&#8221;] MSR PC Software (Standard) Configuration and analysis software for MSR data loggers The configuration and readout of the MSR data loggers as well as the export of measurement data and the evaluation of the recorded data &hellip;<\/p>\n","protected":false},"author":1,"featured_media":0,"parent":5618,"menu_order":0,"comment_status":"closed","ping_status":"closed","template":"","meta":{"footnotes":""},"yoast_head":"<!-- This site is optimized with the Yoast SEO plugin v22.9 - https:\/\/yoast.com\/wordpress\/plugins\/seo\/ -->\n<title>MSR PC Software (Standard) - MSR Data Loggers<\/title>\n<meta name=\"description\" content=\"MSR PC software, configuration and analysis software for MSR data loggers. When you purchase an MSR data logger, the software is supplied free of charge.\" \/>\n<meta name=\"robots\" content=\"index, follow, max-snippet:-1, max-image-preview:large, max-video-preview:-1\" \/>\n<link rel=\"canonical\" href=\"https:\/\/www.msr.ch\/en\/support\/msr-pc-software-standard\/\" \/>\n<meta property=\"og:locale\" content=\"en_GB\" \/>\n<meta property=\"og:type\" content=\"article\" \/>\n<meta property=\"og:title\" content=\"MSR PC Software (Standard) - MSR Data Loggers\" \/>\n<meta property=\"og:description\" content=\"MSR PC software, configuration and analysis software for MSR data loggers. When you purchase an MSR data logger, the software is supplied free of charge.\" \/>\n<meta property=\"og:url\" content=\"https:\/\/www.msr.ch\/en\/support\/msr-pc-software-standard\/\" \/>\n<meta property=\"og:site_name\" content=\"EN MSR Data loggers\" \/>\n<meta property=\"article:modified_time\" content=\"2023-03-21T12:12:25+00:00\" \/>\n<meta name=\"twitter:card\" content=\"summary_large_image\" \/>\n<meta name=\"twitter:label1\" content=\"Estimated reading time\" \/>\n\t<meta name=\"twitter:data1\" content=\"2 minutes\" \/>\n<script type=\"application\/ld+json\" class=\"yoast-schema-graph\">{\"@context\":\"https:\/\/schema.org\",\"@graph\":[{\"@type\":\"WebPage\",\"@id\":\"https:\/\/www.msr.ch\/en\/support\/msr-pc-software-standard\/\",\"url\":\"https:\/\/www.msr.ch\/en\/support\/msr-pc-software-standard\/\",\"name\":\"MSR PC Software (Standard) - MSR Data Loggers\",\"isPartOf\":{\"@id\":\"https:\/\/www.msr.ch\/en\/#website\"},\"datePublished\":\"2022-09-22T07:23:28+00:00\",\"dateModified\":\"2023-03-21T12:12:25+00:00\",\"description\":\"MSR PC software, configuration and analysis software for MSR data loggers. When you purchase an MSR data logger, the software is supplied free of charge.\",\"breadcrumb\":{\"@id\":\"https:\/\/www.msr.ch\/en\/support\/msr-pc-software-standard\/#breadcrumb\"},\"inLanguage\":\"en-GB\",\"potentialAction\":[{\"@type\":\"ReadAction\",\"target\":[\"https:\/\/www.msr.ch\/en\/support\/msr-pc-software-standard\/\"]}]},{\"@type\":\"BreadcrumbList\",\"@id\":\"https:\/\/www.msr.ch\/en\/support\/msr-pc-software-standard\/#breadcrumb\",\"itemListElement\":[{\"@type\":\"ListItem\",\"position\":1,\"name\":\"Home\",\"item\":\"https:\/\/www.msr.ch\/en\/\"},{\"@type\":\"ListItem\",\"position\":2,\"name\":\"Software &#038; Support\",\"item\":\"https:\/\/www.msr.ch\/en\/support\/\"},{\"@type\":\"ListItem\",\"position\":3,\"name\":\"MSR PC Software (Standard)\"}]},{\"@type\":\"WebSite\",\"@id\":\"https:\/\/www.msr.ch\/en\/#website\",\"url\":\"https:\/\/www.msr.ch\/en\/\",\"name\":\"EN MSR Data loggers\",\"description\":\"MSR Electronics GmbH\",\"potentialAction\":[{\"@type\":\"SearchAction\",\"target\":{\"@type\":\"EntryPoint\",\"urlTemplate\":\"https:\/\/www.msr.ch\/en\/?s={search_term_string}\"},\"query-input\":\"required name=search_term_string\"}],\"inLanguage\":\"en-GB\"}]}<\/script>\n<!-- \/ Yoast SEO plugin. -->","yoast_head_json":{"title":"MSR PC Software (Standard) - MSR Data Loggers","description":"MSR PC software, configuration and analysis software for MSR data loggers. When you purchase an MSR data logger, the software is supplied free of charge.","robots":{"index":"index","follow":"follow","max-snippet":"max-snippet:-1","max-image-preview":"max-image-preview:large","max-video-preview":"max-video-preview:-1"},"canonical":"https:\/\/www.msr.ch\/en\/support\/msr-pc-software-standard\/","og_locale":"en_GB","og_type":"article","og_title":"MSR PC Software (Standard) - MSR Data Loggers","og_description":"MSR PC software, configuration and analysis software for MSR data loggers. When you purchase an MSR data logger, the software is supplied free of charge.","og_url":"https:\/\/www.msr.ch\/en\/support\/msr-pc-software-standard\/","og_site_name":"EN MSR Data loggers","article_modified_time":"2023-03-21T12:12:25+00:00","twitter_card":"summary_large_image","twitter_misc":{"Estimated reading time":"2 minutes"},"schema":{"@context":"https:\/\/schema.org","@graph":[{"@type":"WebPage","@id":"https:\/\/www.msr.ch\/en\/support\/msr-pc-software-standard\/","url":"https:\/\/www.msr.ch\/en\/support\/msr-pc-software-standard\/","name":"MSR PC Software (Standard) - MSR Data Loggers","isPartOf":{"@id":"https:\/\/www.msr.ch\/en\/#website"},"datePublished":"2022-09-22T07:23:28+00:00","dateModified":"2023-03-21T12:12:25+00:00","description":"MSR PC software, configuration and analysis software for MSR data loggers. When you purchase an MSR data logger, the software is supplied free of charge.","breadcrumb":{"@id":"https:\/\/www.msr.ch\/en\/support\/msr-pc-software-standard\/#breadcrumb"},"inLanguage":"en-GB","potentialAction":[{"@type":"ReadAction","target":["https:\/\/www.msr.ch\/en\/support\/msr-pc-software-standard\/"]}]},{"@type":"BreadcrumbList","@id":"https:\/\/www.msr.ch\/en\/support\/msr-pc-software-standard\/#breadcrumb","itemListElement":[{"@type":"ListItem","position":1,"name":"Home","item":"https:\/\/www.msr.ch\/en\/"},{"@type":"ListItem","position":2,"name":"Software &#038; Support","item":"https:\/\/www.msr.ch\/en\/support\/"},{"@type":"ListItem","position":3,"name":"MSR PC Software (Standard)"}]},{"@type":"WebSite","@id":"https:\/\/www.msr.ch\/en\/#website","url":"https:\/\/www.msr.ch\/en\/","name":"EN MSR Data loggers","description":"MSR Electronics GmbH","potentialAction":[{"@type":"SearchAction","target":{"@type":"EntryPoint","urlTemplate":"https:\/\/www.msr.ch\/en\/?s={search_term_string}"},"query-input":"required name=search_term_string"}],"inLanguage":"en-GB"}]}},"_links":{"self":[{"href":"https:\/\/www.msr.ch\/en\/wp-json\/wp\/v2\/pages\/5783"}],"collection":[{"href":"https:\/\/www.msr.ch\/en\/wp-json\/wp\/v2\/pages"}],"about":[{"href":"https:\/\/www.msr.ch\/en\/wp-json\/wp\/v2\/types\/page"}],"author":[{"embeddable":true,"href":"https:\/\/www.msr.ch\/en\/wp-json\/wp\/v2\/users\/1"}],"replies":[{"embeddable":true,"href":"https:\/\/www.msr.ch\/en\/wp-json\/wp\/v2\/comments?post=5783"}],"version-history":[{"count":9,"href":"https:\/\/www.msr.ch\/en\/wp-json\/wp\/v2\/pages\/5783\/revisions"}],"predecessor-version":[{"id":6815,"href":"https:\/\/www.msr.ch\/en\/wp-json\/wp\/v2\/pages\/5783\/revisions\/6815"}],"up":[{"embeddable":true,"href":"https:\/\/www.msr.ch\/en\/wp-json\/wp\/v2\/pages\/5618"}],"wp:attachment":[{"href":"https:\/\/www.msr.ch\/en\/wp-json\/wp\/v2\/media?parent=5783"}],"curies":[{"name":"wp","href":"https:\/\/api.w.org\/{rel}","templated":true}]}}