{"id":5792,"date":"2022-09-22T07:34:32","date_gmt":"2022-09-22T07:34:32","guid":{"rendered":"https:\/\/karabeg.xyz\/en\/?page_id=5792"},"modified":"2023-03-21T12:18:13","modified_gmt":"2023-03-21T12:18:13","slug":"msr-smartcloud","status":"publish","type":"page","link":"https:\/\/www.msr.ch\/en\/support\/msr-smartcloud\/","title":{"rendered":"MSR SmartCloud"},"content":{"rendered":"<div class=\"wpb-content-wrapper\"><p>[vc_row css=&#8221;.vc_custom_1651844868349{background-position: center !important;background-repeat: no-repeat !important;background-size: contain !important;}&#8221;][vc_column][vc_column_text]<\/p>\n<h1 class=\"entry-title\">MSR SmartCloud<\/h1>\n<h2 class=\"entry-title\">Measured data online, anywhere and at any time<\/h2>\n<p class=\"article_intro\"><strong>Storing data online, monitoring measured values remotely and, if required, sharing them with multiple users \u2013 the MSR SmartCloud offers you these options.<\/strong><\/p>\n<p>The MSR SmartCloud\u00a0is our solution for remotely monitoring the measured data of MSR data loggers. This cloud solution managed by MSR Electronics GmbH stores the data measured by MSR data loggers in a database. Via web access to the MSR SmartCloud, you can view the measured data of your MSR data logger at any time and from anywhere during operation.<\/p>\n<h3>Monitor, document, alert<\/h3>\n<p><a href=\"\/images\/msr_smartcloud\/MSRSmartCloud-screenshots.png\" class=\"msr-image-popup\" ><img loading=\"lazy\" decoding=\"async\" class=\"alignright wp-image-935 size-medium\" title=\"Mit der MSR SmartCloud k\u00f6nnen die aktuellen Messwerte von mehreren Datenloggern jederzeit via Web-Browser eingesehen, analysiert und \u00fcber l\u00e4ngere Zeitr\u00e4ume gespeichert werden. Die Alarmfunktion sorgt daf\u00fcr, dass Sie bei einer allf\u00e4lligen Grenzwertverletzung umgehend per E-Mail benachrichtigt werden.\" src=\"\/images\/msr_smartcloud\/MSRSmartCloud-screenshots-297x300.png\" alt=\"Mit der MSR SmartCloud k\u00f6nnen die aktuellen Messwerte von mehreren Datenloggern jederzeit via Web-Browser eingesehen, analysiert und \u00fcber l\u00e4ngere Zeitr\u00e4ume gespeichert werden. Die Alarmfunktion sorgt daf\u00fcr, dass Sie bei einer allf\u00e4lligen Grenzwertverletzung umgehend per E-Mail benachrichtigt werden.\" width=\"297\" height=\"300\" srcset=\"https:\/\/www.msr.ch\/images\/msr_smartcloud\/MSRSmartCloud-screenshots-297x300.png 297w, https:\/\/www.msr.ch\/images\/msr_smartcloud\/MSRSmartCloud-screenshots-155x157.png 155w, https:\/\/www.msr.ch\/images\/msr_smartcloud\/MSRSmartCloud-screenshots-110x111.png 110w, https:\/\/www.msr.ch\/images\/msr_smartcloud\/MSRSmartCloud-screenshots-105x106.png 105w, https:\/\/www.msr.ch\/images\/msr_smartcloud\/MSRSmartCloud-screenshots-200x202.png 200w, https:\/\/www.msr.ch\/images\/msr_smartcloud\/MSRSmartCloud-screenshots-182x184.png 182w, https:\/\/www.msr.ch\/images\/msr_smartcloud\/MSRSmartCloud-screenshots-120x121.png 120w, https:\/\/www.msr.ch\/images\/msr_smartcloud\/MSRSmartCloud-screenshots.png 594w\" sizes=\"(max-width: 297px) 100vw, 297px\" \/><\/a><\/p>\n<p>In the MSR SmartCloud you can view the latest measured values of your MSR wireless data loggers (<a title=\"MSR145WD Wireless Data Logger with BLE, Display &amp; MSR SmartCloud\" href=\"https:\/\/www.msr.ch\/en\/product\/msr145wd.php\">MSR145WD<\/a>,\u00a0<a title=\"WiFi Wireless Data Logger MSR145W2D\" href=\"https:\/\/www.msr.ch\/en\/product\/wifi-data-logger-msr145w2d\/\">MSR145W2D,<\/a>\u00a0<a title=\"MSR147WD Wireless Data Logger with plug-in Sensors\" href=\"https:\/\/www.msr.ch\/en\/product\/msr147-wireless-data-logger\/\">MSR147WD,<\/a>\u00a0<a title=\"WiFi Wireless Data Logger MSR147W2D\" href=\"https:\/\/www.msr.ch\/en\/product\/wifi-data-logger-temperature-humidity-msr147w2d\/\">MSR147W2D,<\/a>\u00a0<a title=\"MSR385WD: Data Logger with wireless sensors for operating temperatures up to +125 \u00b0C and optional GSM terminal for remote monitoring\" href=\"https:\/\/www.msr.ch\/en\/product\/msr385wd-wireless-data-logger.php\">MSR385WD<\/a>) in a summary. The measurements can be represented as graphs and, if required, exported as a PDF report. If certain limit values are exceeded, the SmartCloud alerts the user via e-mail.<\/p>\n<p>The owner of an MSR data logger with access to the MSR SmartCloud has the opportunity to grant additional users read permission for the measured data of a defined data logger. This way, a company\u2019s employees can view the data that falls within their remit, whilst the configuration of the data logger is reserved for the administrator of the data logger.<\/p>\n<h3>Monitoring by means of the MSR SmartCloud, wherever you are<\/h3>\n<p>We particularly recommend remote monitoring by means of the SmartCloud:<\/p>\n<ul>\n<li>if there is a geographical distance between you and the data logger,<\/li>\n<li>if you or other participants would like to view the ongoing measurements via the web,<\/li>\n<li>if you or other participants are to be alerted if a certain value is exceeded<\/li>\n<\/ul>\n<p>The MSR data loggers and the MSR SmartCloud can be used to safely and automatically monitor values such as the temperature, humidity and pressure, for instance if the objective is to monitor the climate of objects d\u2019art in a museum, or if regulations concerning the monitoring and documentation of the storage of pharmaceuticals must be adhered to.[\/vc_column_text][\/vc_column][\/vc_row][vc_row css=&#8221;.vc_custom_1652789084766{margin-top: 2px !important;margin-right: 2px !important;margin-bottom: 2px !important;margin-left: 2px !important;padding-top: 10px !important;padding-right: 10px !important;padding-bottom: 10px !important;padding-left: 10px !important;background-color: #ededed !important;}&#8221;][vc_column css=&#8221;.vc_custom_1651841985708{padding-left: 10px !important;}&#8221;][vc_column_text css=&#8221;.vc_custom_1653034414922{border-top-width: 40px !important;border-right-width: 20px !important;border-bottom-width: 20px !important;border-left-width: 20px !important;background-color: #ffffff !important;border-left-color: #ffffff !important;border-left-style: solid !important;border-right-color: #ffffff !important;border-right-style: solid !important;border-top-color: #ffffff !important;border-top-style: solid !important;border-bottom-color: #ffffff !important;border-bottom-style: solid !important;}&#8221;]<\/p>\n\n\t\t<style type=\"text\/css\">\n\t\t\t#gallery-2 {\n\t\t\t\tmargin: auto;\n\t\t\t}\n\t\t\t#gallery-2 .gallery-item {\n\t\t\t\tfloat: left;\n\t\t\t\tmargin-top: 10px;\n\t\t\t\ttext-align: center;\n\t\t\t\twidth: 100%;\n\t\t\t}\n\t\t\t#gallery-2 img {\n\t\t\t\tborder: 2px solid #cfcfcf;\n\t\t\t}\n\t\t\t#gallery-2 .gallery-caption {\n\t\t\t\tmargin-left: 0;\n\t\t\t}\n\t\t\t\/* see gallery_shortcode() in wp-includes\/media.php *\/\n\t\t<\/style>\n\t\t<div id='gallery-2' class='gallery galleryid-5792 gallery-columns-1 gallery-size-large'><dl class='gallery-item'>\n\t\t\t<dt class='gallery-icon landscape'>\n\t\t\t\t<a href='https:\/\/www.msr.ch\/images\/anwendungsgebiete\/sigma-tau\/Messdatenueberwachung-mit-MSR-SmartCloud.jpg'><img loading=\"lazy\" decoding=\"async\" width=\"800\" height=\"435\" src=\"https:\/\/www.msr.ch\/images\/anwendungsgebiete\/sigma-tau\/Messdatenueberwachung-mit-MSR-SmartCloud.jpg\" class=\"attachment-large size-large\" alt=\"The MSR SmartCloud facilitates arbitrary storage and alarm actions. The logger can store data in the cloud (from left) via Bluetooth and a smartphone, laptop or with a special box, but also (bottom right) via USB. Alarms are sent to the authorised person, for instance by text message, e-mail or web browser.\" srcset=\"https:\/\/www.msr.ch\/images\/anwendungsgebiete\/sigma-tau\/Messdatenueberwachung-mit-MSR-SmartCloud.jpg 800w, https:\/\/www.msr.ch\/images\/anwendungsgebiete\/sigma-tau\/Messdatenueberwachung-mit-MSR-SmartCloud-300x163.jpg 300w, https:\/\/www.msr.ch\/images\/anwendungsgebiete\/sigma-tau\/Messdatenueberwachung-mit-MSR-SmartCloud-768x418.jpg 768w, https:\/\/www.msr.ch\/images\/anwendungsgebiete\/sigma-tau\/Messdatenueberwachung-mit-MSR-SmartCloud-155x84.jpg 155w, https:\/\/www.msr.ch\/images\/anwendungsgebiete\/sigma-tau\/Messdatenueberwachung-mit-MSR-SmartCloud-110x60.jpg 110w, https:\/\/www.msr.ch\/images\/anwendungsgebiete\/sigma-tau\/Messdatenueberwachung-mit-MSR-SmartCloud-105x57.jpg 105w, https:\/\/www.msr.ch\/images\/anwendungsgebiete\/sigma-tau\/Messdatenueberwachung-mit-MSR-SmartCloud-250x136.jpg 250w, https:\/\/www.msr.ch\/images\/anwendungsgebiete\/sigma-tau\/Messdatenueberwachung-mit-MSR-SmartCloud-200x109.jpg 200w, https:\/\/www.msr.ch\/images\/anwendungsgebiete\/sigma-tau\/Messdatenueberwachung-mit-MSR-SmartCloud-182x99.jpg 182w, https:\/\/www.msr.ch\/images\/anwendungsgebiete\/sigma-tau\/Messdatenueberwachung-mit-MSR-SmartCloud-120x65.jpg 120w, https:\/\/www.msr.ch\/images\/anwendungsgebiete\/sigma-tau\/Messdatenueberwachung-mit-MSR-SmartCloud-70x38.jpg 70w, https:\/\/www.msr.ch\/images\/anwendungsgebiete\/sigma-tau\/Messdatenueberwachung-mit-MSR-SmartCloud-55x30.jpg 55w\" sizes=\"(max-width: 800px) 100vw, 800px\" \/><\/a>\n\t\t\t<\/dt><\/dl><br style=\"clear: both\" \/>\n\t\t<\/div>\n\n<p>[\/vc_column_text][vc_column_text]<\/p>\n<h2>Data loggers compatible with the MSR SmartCloud<\/h2>\n<p>In the case of the bluetooth data loggers, the\u00a0<a title=\"MSR145WD Wireless Data Logger with BLE, Display &amp; MSR SmartCloud\" href=\"\/en\/product\/wireless-datalogger-with-app-msr145wd\/\">MSR145WD<\/a>\u00a0and the\u00a0<a title=\"MSR147WD Wireless Data Logger with plug-in Sensors\" href=\"\/en\/product\/wireless-datalogger-plug-in-sensors-msr147wd\/\">MSR147WD<\/a>, the data can be transmitted to the MSR SmartCloud by the free MSR DataLogger app for mobile devices or via the BLE receiver box, which is available separately.<\/p>\n<p>The\u00a0<a title=\"WiFi Wireless Data Logger MSR145W2D\" href=\"\/en\/product\/wifi-data-logger-msr145w2d\/\">WiFi data loggers MSR145W2D<\/a>\u00a0and\u00a0<a title=\"WiFi Wireless Data Logger MSR147W2D\" href=\"\/en\/product\/wifi-datalogger-temperature-humidity-msr147w2d\/\" rel=\"noopener\">MSR147W2D<\/a>\u00a0have an integrated WiFi\/WLAN module. Even large amounts of data can be quickly transferred to the\u00a0<a title=\"MSR LocalCloud: Save measurement data locally on your own server\" href=\"\/en\/support\/msr-localcloud\/\">MSR LocalCloud<\/a>\u00a0or the MSR SmartCloud.<\/p>\n<p>The\u00a0<a title=\"MSR385WD: Data Logger with wireless sensors for operating temperatures up to +125 \u00b0C and optional GSM terminal for remote monitoring\" href=\"\/en\/product\/msr385wd-wireless-datalogger\/\">MSR385WD data logger<\/a>\u00a0with wireless sensors is capable of transmitting the measured data directly to the MSR SmartCloud via its LTE\/GSM terminal that is available as an optional extra. The connection with the MSR SmartCloud is established via the mobile network.[\/vc_column_text][vc_carousel_father speed=&#8221;5000&#8243; spaces=&#8221;5&#8243; slide_visible=&#8221;4&#8243; tabs=&#8221;2&#8243; slide_visible_mbl=&#8221;2&#8243; arrowclr=&#8221;#a3a3a3&#8243; arrowsize=&#8221;&#8221; dotclr=&#8221;#a3a3a3&#8243; dotposition=&#8221;&#8221;][vc_carousel_son popup=&#8221;image&#8221; img_radius=&#8221;&#8221; titlesize=&#8221;24&#8243; image_id=&#8221;2870&#8243; contain_url=&#8221;https:\/\/www.msr.ch\/de\/produkt\/pdf-datenlogger-msr-budgetline\/&#8221; title=&#8221;MSR145WD&#8221; titleclr=&#8221;#293133&#8243; caption_url=&#8221;url:%2Fen%2Fproduct%2Fwireless-datalogger-with-app-msr145wd%2F|title:MSR145WD%20Wireless%20Data%20Logger%20with%20Bluetooth%20Low%20Energy%20(BLE)&#8221; img_alt=&#8221;MSR145WD Wireless Data Logger with Bluetooth&#8221;][\/vc_carousel_son][vc_carousel_son popup=&#8221;image&#8221; img_radius=&#8221;&#8221; titlesize=&#8221;24&#8243; image_id=&#8221;2589&#8243; contain_url=&#8221;https:\/\/www.msr.ch\/de\/produkt\/pdf-datenlogger-msr-budgetline\/&#8221; title=&#8221;MSR145W2D&#8221; titleclr=&#8221;#293133&#8243; caption_url=&#8221;url:%2Fen%2Fproduct%2Fwifi-data-logger-msr145w2d%2F|title:MSR145W2D%20Data%20Logger%20with%20WiFi&#8221; img_alt=&#8221;MSR145W2D Data Logger with WiFi&#8221;][\/vc_carousel_son][vc_carousel_son img_radius=&#8221;&#8221; titlesize=&#8221;24&#8243; image_id=&#8221;2571&#8243; contain_url=&#8221;https:\/\/www.msr.ch\/de\/produkt\/pdf-datenlogger-msr-budgetline\/&#8221; title=&#8221;MSR147WD&#8221; titleclr=&#8221;#293133&#8243; caption_url=&#8221;url:%2Fen%2Fproduct%2Fwireless-datalogger-plug-in-sensors-msr147wd%2F|title:MSR147WD%3A%20Wireless%20data%20logger%20(Bluetooth)%20with%20plug-in%20humidity%20and%20temperature%20sensors&#8221; img_alt=&#8221;MSR147WD: Wireless data logger (Bluetooth) with plug-in humidity and temperature sensors&#8221;][\/vc_carousel_son][vc_carousel_son img_radius=&#8221;&#8221; titlesize=&#8221;24&#8243; image_id=&#8221;2571&#8243; contain_url=&#8221;https:\/\/www.msr.ch\/de\/produkt\/pdf-datenlogger-msr-budgetline\/&#8221; title=&#8221;MSR147W2D&#8221; titleclr=&#8221;#293133&#8243; caption_url=&#8221;url:%2Fen%2Fproduct%2Fwifi-datalogger-temperature-humidity-msr147w2d%2F|title:MSR147W2D%3A%20Wireless%20data%20logger%20(WiFi)%20with%20plug-in%20humidity%20and%20temperature%20sensors&#8221; img_alt=&#8221;MSR147W2D: Wireless data logger (WiFi) with plug-in humidity and temperature sensors&#8221;][\/vc_carousel_son][vc_carousel_son img_radius=&#8221;&#8221; titlesize=&#8221;24&#8243; image_id=&#8221;2523&#8243; contain_url=&#8221;https:\/\/www.msr.ch\/de\/produkt\/pdf-datenlogger-msr-budgetline\/&#8221; title=&#8221;MSR385WD&#8221; titleclr=&#8221;#293133&#8243; caption_url=&#8221;url:%2Fde%2Fprodukt%2Ffunkdatenlogger-temperatur-feuchte-msr385wd%2F|title:MSR385WD%3A%20Datenlogger%20mit%20Funk%C3%BCbertragung%20%E2%80%93%20LTE%2FGSM-%2FLAN-Terminal%20zur%20Fern%C3%BCberwachung&#8221; img_alt=&#8221;MSR385WD: Datenlogger mit Funk\u00fcbertragung \u2013 LTE\/GSM-\/LAN-Terminal zur Fern\u00fcberwachung&#8221;][\/vc_carousel_son][\/vc_carousel_father][\/vc_column][\/vc_row][vc_row theme=&#8221;default-tdt&#8221; wdo_title_text_typography=&#8221;&#8221; slide_visible=&#8221;4&#8243; tabs=&#8221;2&#8243; slide_visible_mbl=&#8221;2&#8243; slide_scroll=&#8221;1&#8243; spaces=&#8221;10px&#8221; effect=&#8221;false&#8221; autoplay=&#8221;true&#8221; adaptiveheight=&#8221;false&#8221; speed=&#8221;5000&#8243; arrow=&#8221;true&#8221; arrowclr=&#8221;#a3a3a3&#8243; arrowsize=&#8221;20px&#8221; dot=&#8221;true&#8221; style=&#8221;dot&#8221; dotclr=&#8221;#a3a3a3&#8243; borderclr=&#8221;#000&#8243; padding=&#8221;15%&#8221; caption_url=&#8221;&#8221; mbl_height=&#8221;&#8221; css=&#8221;.vc_custom_1653032867391{background-color: #ffffff !important;}&#8221;][vc_column][vc_empty_space height=&#8221;20px&#8221;][\/vc_column][\/vc_row][vc_row theme=&#8221;default-tdt&#8221; wdo_title_text_typography=&#8221;&#8221; slide_visible=&#8221;4&#8243; tabs=&#8221;2&#8243; slide_visible_mbl=&#8221;2&#8243; slide_scroll=&#8221;1&#8243; spaces=&#8221;10px&#8221; effect=&#8221;false&#8221; autoplay=&#8221;true&#8221; adaptiveheight=&#8221;false&#8221; speed=&#8221;5000&#8243; arrow=&#8221;true&#8221; arrowclr=&#8221;#a3a3a3&#8243; arrowsize=&#8221;20px&#8221; dot=&#8221;true&#8221; style=&#8221;dot&#8221; dotclr=&#8221;#a3a3a3&#8243; borderclr=&#8221;#000&#8243; padding=&#8221;15%&#8221; caption_url=&#8221;&#8221; mbl_height=&#8221;&#8221; css=&#8221;.vc_custom_1653032619843{margin: 2px !important;padding: 10px !important;background-color: #ededed !important;}&#8221;][vc_column][vc_cta h2=&#8221;Support&#8221;]<\/p>\n<ul>\n<li>We will inform you about updates via\u00a0newsletter.<\/li>\n<li>If you have any questions, please consult our list of\u00a0<a href=\"https:\/\/karabeg.xyz\/en\/support\/faq\/\">frequently asked questions (FAQ)<\/a>,\u00a0<a href=\"https:\/\/karabeg.xyz\/en\/contact\/\">contact the point of sale<\/a>\u00a0where you purchased your data logger or contact our\u00a0<a href=\"https:\/\/karabeg.xyz\/en\/contact\/\">support.<\/a><\/li>\n<\/ul>\n<p>[\/vc_cta][\/vc_column][\/vc_row][vc_row][vc_column][vc_empty_space][\/vc_column][\/vc_row]<\/p>\n<\/div>","protected":false},"excerpt":{"rendered":"<p>[vc_row css=&#8221;.vc_custom_1651844868349{background-position: center !important;background-repeat: no-repeat !important;background-size: contain !important;}&#8221;][vc_column][vc_column_text] MSR SmartCloud Measured data online, anywhere and at any time Storing data online, monitoring measured values remotely and, if required, sharing them with multiple users \u2013 the MSR SmartCloud offers you these &hellip;<\/p>\n","protected":false},"author":1,"featured_media":0,"parent":5618,"menu_order":0,"comment_status":"closed","ping_status":"closed","template":"","meta":{"footnotes":""},"yoast_head":"<!-- This site is optimized with the Yoast SEO plugin v22.9 - https:\/\/yoast.com\/wordpress\/plugins\/seo\/ -->\n<title>MSR SmartCloud \u2013 monitoring measured values remotely<\/title>\n<meta name=\"description\" content=\"MSR SmartCloud: remotely monitoring the measured data of MSR data loggers\" \/>\n<meta name=\"robots\" content=\"index, follow, max-snippet:-1, max-image-preview:large, max-video-preview:-1\" \/>\n<link rel=\"canonical\" href=\"https:\/\/www.msr.ch\/en\/support\/msr-smartcloud\/\" \/>\n<meta property=\"og:locale\" content=\"en_GB\" \/>\n<meta property=\"og:type\" content=\"article\" \/>\n<meta property=\"og:title\" content=\"MSR SmartCloud \u2013 monitoring measured values remotely\" \/>\n<meta property=\"og:description\" content=\"MSR SmartCloud: remotely monitoring the measured data of MSR data loggers\" \/>\n<meta property=\"og:url\" content=\"https:\/\/www.msr.ch\/en\/support\/msr-smartcloud\/\" \/>\n<meta property=\"og:site_name\" content=\"EN MSR Data loggers\" \/>\n<meta property=\"article:modified_time\" content=\"2023-03-21T12:18:13+00:00\" \/>\n<meta name=\"twitter:card\" content=\"summary_large_image\" \/>\n<meta name=\"twitter:label1\" content=\"Estimated reading time\" \/>\n\t<meta name=\"twitter:data1\" content=\"4 minutes\" \/>\n<script type=\"application\/ld+json\" class=\"yoast-schema-graph\">{\"@context\":\"https:\/\/schema.org\",\"@graph\":[{\"@type\":\"WebPage\",\"@id\":\"https:\/\/www.msr.ch\/en\/support\/msr-smartcloud\/\",\"url\":\"https:\/\/www.msr.ch\/en\/support\/msr-smartcloud\/\",\"name\":\"MSR SmartCloud \u2013 monitoring measured values remotely\",\"isPartOf\":{\"@id\":\"https:\/\/www.msr.ch\/en\/#website\"},\"datePublished\":\"2022-09-22T07:34:32+00:00\",\"dateModified\":\"2023-03-21T12:18:13+00:00\",\"description\":\"MSR SmartCloud: remotely monitoring the measured data of MSR data loggers\",\"breadcrumb\":{\"@id\":\"https:\/\/www.msr.ch\/en\/support\/msr-smartcloud\/#breadcrumb\"},\"inLanguage\":\"en-GB\",\"potentialAction\":[{\"@type\":\"ReadAction\",\"target\":[\"https:\/\/www.msr.ch\/en\/support\/msr-smartcloud\/\"]}]},{\"@type\":\"BreadcrumbList\",\"@id\":\"https:\/\/www.msr.ch\/en\/support\/msr-smartcloud\/#breadcrumb\",\"itemListElement\":[{\"@type\":\"ListItem\",\"position\":1,\"name\":\"Home\",\"item\":\"https:\/\/www.msr.ch\/en\/\"},{\"@type\":\"ListItem\",\"position\":2,\"name\":\"Software &#038; Support\",\"item\":\"https:\/\/www.msr.ch\/en\/support\/\"},{\"@type\":\"ListItem\",\"position\":3,\"name\":\"MSR SmartCloud\"}]},{\"@type\":\"WebSite\",\"@id\":\"https:\/\/www.msr.ch\/en\/#website\",\"url\":\"https:\/\/www.msr.ch\/en\/\",\"name\":\"EN MSR Data loggers\",\"description\":\"MSR Electronics GmbH\",\"potentialAction\":[{\"@type\":\"SearchAction\",\"target\":{\"@type\":\"EntryPoint\",\"urlTemplate\":\"https:\/\/www.msr.ch\/en\/?s={search_term_string}\"},\"query-input\":\"required name=search_term_string\"}],\"inLanguage\":\"en-GB\"}]}<\/script>\n<!-- \/ Yoast SEO plugin. -->","yoast_head_json":{"title":"MSR SmartCloud \u2013 monitoring measured values remotely","description":"MSR SmartCloud: remotely monitoring the measured data of MSR data loggers","robots":{"index":"index","follow":"follow","max-snippet":"max-snippet:-1","max-image-preview":"max-image-preview:large","max-video-preview":"max-video-preview:-1"},"canonical":"https:\/\/www.msr.ch\/en\/support\/msr-smartcloud\/","og_locale":"en_GB","og_type":"article","og_title":"MSR SmartCloud \u2013 monitoring measured values remotely","og_description":"MSR SmartCloud: remotely monitoring the measured data of MSR data loggers","og_url":"https:\/\/www.msr.ch\/en\/support\/msr-smartcloud\/","og_site_name":"EN MSR Data loggers","article_modified_time":"2023-03-21T12:18:13+00:00","twitter_card":"summary_large_image","twitter_misc":{"Estimated reading time":"4 minutes"},"schema":{"@context":"https:\/\/schema.org","@graph":[{"@type":"WebPage","@id":"https:\/\/www.msr.ch\/en\/support\/msr-smartcloud\/","url":"https:\/\/www.msr.ch\/en\/support\/msr-smartcloud\/","name":"MSR SmartCloud \u2013 monitoring measured values remotely","isPartOf":{"@id":"https:\/\/www.msr.ch\/en\/#website"},"datePublished":"2022-09-22T07:34:32+00:00","dateModified":"2023-03-21T12:18:13+00:00","description":"MSR SmartCloud: remotely monitoring the measured data of MSR data loggers","breadcrumb":{"@id":"https:\/\/www.msr.ch\/en\/support\/msr-smartcloud\/#breadcrumb"},"inLanguage":"en-GB","potentialAction":[{"@type":"ReadAction","target":["https:\/\/www.msr.ch\/en\/support\/msr-smartcloud\/"]}]},{"@type":"BreadcrumbList","@id":"https:\/\/www.msr.ch\/en\/support\/msr-smartcloud\/#breadcrumb","itemListElement":[{"@type":"ListItem","position":1,"name":"Home","item":"https:\/\/www.msr.ch\/en\/"},{"@type":"ListItem","position":2,"name":"Software &#038; Support","item":"https:\/\/www.msr.ch\/en\/support\/"},{"@type":"ListItem","position":3,"name":"MSR SmartCloud"}]},{"@type":"WebSite","@id":"https:\/\/www.msr.ch\/en\/#website","url":"https:\/\/www.msr.ch\/en\/","name":"EN MSR Data loggers","description":"MSR Electronics GmbH","potentialAction":[{"@type":"SearchAction","target":{"@type":"EntryPoint","urlTemplate":"https:\/\/www.msr.ch\/en\/?s={search_term_string}"},"query-input":"required name=search_term_string"}],"inLanguage":"en-GB"}]}},"_links":{"self":[{"href":"https:\/\/www.msr.ch\/en\/wp-json\/wp\/v2\/pages\/5792"}],"collection":[{"href":"https:\/\/www.msr.ch\/en\/wp-json\/wp\/v2\/pages"}],"about":[{"href":"https:\/\/www.msr.ch\/en\/wp-json\/wp\/v2\/types\/page"}],"author":[{"embeddable":true,"href":"https:\/\/www.msr.ch\/en\/wp-json\/wp\/v2\/users\/1"}],"replies":[{"embeddable":true,"href":"https:\/\/www.msr.ch\/en\/wp-json\/wp\/v2\/comments?post=5792"}],"version-history":[{"count":9,"href":"https:\/\/www.msr.ch\/en\/wp-json\/wp\/v2\/pages\/5792\/revisions"}],"predecessor-version":[{"id":6820,"href":"https:\/\/www.msr.ch\/en\/wp-json\/wp\/v2\/pages\/5792\/revisions\/6820"}],"up":[{"embeddable":true,"href":"https:\/\/www.msr.ch\/en\/wp-json\/wp\/v2\/pages\/5618"}],"wp:attachment":[{"href":"https:\/\/www.msr.ch\/en\/wp-json\/wp\/v2\/media?parent=5792"}],"curies":[{"name":"wp","href":"https:\/\/api.w.org\/{rel}","templated":true}]}}