{"id":5866,"date":"2022-09-24T13:34:57","date_gmt":"2022-09-24T13:34:57","guid":{"rendered":"https:\/\/karabeg.xyz\/en\/?page_id=5866"},"modified":"2025-10-27T10:05:17","modified_gmt":"2025-10-27T10:05:17","slug":"msr385wd-wireless-datalogger","status":"publish","type":"page","link":"https:\/\/www.msr.ch\/en\/product\/msr385wd-wireless-datalogger\/","title":{"rendered":"MSR385WD Data Logger with Wireless Transmission"},"content":{"rendered":"<div class=\"wpb-content-wrapper\"><p>[vc_row css=&#8221;.vc_custom_1453476409084{margin-bottom: 15px !important;}&#8221;][vc_column]<div class=\"gallery-fs\"><figure><img decoding=\"async\" src=\"https:\/\/www.msr.ch\/images\/MSR385WD-Data-Logger-With-Wireless-Transmission.jpg\" alt=\"MSR385WD Datalogger with wireless transmission\"><figcaption>MSR385SM transmitter module in ABS plastic housing with external temperature and humidity sensors.<\/figcaption><\/figure><div class=\"gallery-fs-nav\"><button class=\"gallery-fs-fullscreen\"><i class=\"fa fa-arrows-alt\"><\/i><\/button><\/div><div class=\"gallery-fs-thumbnails gallery-fs-thumbnails-col-5 owl-carousel\"><a href='https:\/\/www.msr.ch\/images\/MSR385WD-Data-Logger-With-Wireless-Transmission.jpg' data-caption='MSR385SM transmitter module in ABS plastic housing with external temperature and humidity sensors.' title='MSR385WD Data Logger With Wireless Transmission' class=\"selected\"><img loading=\"lazy\" decoding=\"async\" width=\"280\" height=\"210\" src=\"https:\/\/www.msr.ch\/images\/MSR385WD-Data-Logger-With-Wireless-Transmission-280x210.jpg\" class=\"attachment-anps-gallery-thumb size-anps-gallery-thumb\" alt=\"MSR385WD Datalogger with wireless transmission\" \/><\/a><a href='https:\/\/www.msr.ch\/images\/wireless-measurement-system-msr385wd.jpg' data-caption='Ideal for remote monitoring of temperature, humidity and air pressure: MSR385WD wireless data logger with LTE terminal. The transmitter modules are optionally available in ABS housing or in temperature-resistant (up to +125 \u00b0C) silicone tubing.' title='wireless-measurement-system-msr385wd'><img loading=\"lazy\" decoding=\"async\" width=\"280\" height=\"210\" src=\"https:\/\/www.msr.ch\/images\/wireless-measurement-system-msr385wd-280x210.jpg\" class=\"attachment-anps-gallery-thumb size-anps-gallery-thumb\" alt=\"wireless measurement system msr385wd\" \/><\/a><a href='https:\/\/www.msr.ch\/images\/MSR385WD-wireless-datalogger-measurement-system.jpg' data-caption='The data logger, which operates within the 868 MHz (EU version) or 915 MHz (US version, on request) ISM frequency band, receives and stores the measured data from up to ten MSR385SM transmitter modules. ' title='MSR385WD-wireless-datalogger-measurement-system'><img loading=\"lazy\" decoding=\"async\" width=\"280\" height=\"210\" src=\"https:\/\/www.msr.ch\/images\/MSR385WD-wireless-datalogger-measurement-system-280x210.jpg\" class=\"attachment-anps-gallery-thumb size-anps-gallery-thumb\" alt=\"wireless datalogger msr385wd for temperature, humidity, pressure\" \/><\/a><a href='https:\/\/www.msr.ch\/images\/Wireless-Datalogger-MSR385WD-SmartCloud_en_RGB.jpg' data-caption='Ideal for remote monitoring of temperature, humidity, air pressure: retrieve measured data from the MSR SmartCloud.' title='Wireless-Datalogger-MSR385WD-SmartCloud'><img loading=\"lazy\" decoding=\"async\" width=\"280\" height=\"210\" src=\"https:\/\/www.msr.ch\/images\/Wireless-Datalogger-MSR385WD-SmartCloud_en_RGB-280x210.jpg\" class=\"attachment-anps-gallery-thumb size-anps-gallery-thumb\" alt=\"wireless data logger msr385wd\" \/><\/a><a href='https:\/\/www.msr.ch\/images\/GSM-terminal-MSR385WD-datalogger.jpg' data-caption='LTE terminal for transmitting the measurement data from the MSR385WD data logger to the MSR SmartCloud.\n' title='LTE-terminal-MSR385WD-datalogger'><img loading=\"lazy\" decoding=\"async\" width=\"280\" height=\"210\" src=\"https:\/\/www.msr.ch\/images\/GSM-terminal-MSR385WD-datalogger-280x210.jpg\" class=\"attachment-anps-gallery-thumb size-anps-gallery-thumb\" alt=\"LTE terminal for wireless datalogger MSR385WD\" \/><\/a><\/div><\/div>[\/vc_column][\/vc_row][vc_row css=&#8221;.vc_custom_1653920316998{margin-bottom: 25px !important;}&#8221;][vc_column][vc_column_text css=&#8221;.vc_custom_1706619526816{margin-bottom: 15px !important;}&#8221;]<\/p>\n<h1>MSR385WD: Data Logger with Wireless Transmission \u2013 LTE or LAN Terminal for Remote Climate Monitoring<\/h1>\n<h2><span style=\"color: #333333;\">wireless data logger for temperature, humidity, air pressure \u00b7 1 million measured values storage capacity \u00b7 transmitter modules for operating temperatures up to +125 \u00b0C \u00b7 ideal for long-term monitoring of climate values<\/span><\/h2>\n<p>With the MSR385WD wireless data logger, you can permanently record temperature, humidity and pressure at various measuring points and at operating temperatures from -20 \u00b0C to +125 \u00b0C and monitor them regardless of location.<\/p>\n<h2>Temperature-resistant transmitter modules MSR385SM<\/h2>\n<p>The transmitter modules equipped with temperature, humidity and\/or air pressure radio sensors transmit the measured values to the MSR385WD data logger in an ISM band that can be used licence-free. Due to their heat resistance, the transmitter modules &#8211; depending on the housing type &#8211; allow metrological applications even at high working temperatures of up to +125\u00b0C. Thanks to the compact housing, they can also be placed in locations that are difficult to access. Optimised power management ensures that the power supply of the transmitter modules is guaranteed for over ten years, depending on the enclosure type, frequency of measurements and transmission interval.<\/p>\n<h2>MSR385WD data logger: receiving station with LTE or LAN and USB interface<\/h2>\n<p>The centrepiece of the wireless measurement system is the MSR385WD data logger, which is equipped with a memory capacity of more than one million measured values. This multi-channel data logger has an integrated ISM band receiver module through which it receives and stores data from up to ten MSR385SM transmitter modules. The data logger is supplied with power by means of a USB connection; with the integrated rechargeable 2400 mAh lithium-polymer battery, it can be operated autonomously for up to two days. A flash memory safeguards the data security in the event of a power failure. The colour OLED display of the data logger is at your disposal for simply reading the measured values locally from the transmitter modules.<\/p>\n<h2>Ideal for remote climate monitoring: retrieve measured data from the MSR SmartCloud<\/h2>\n<p>The web-based cloud service by MSR allows the user to store the measured data transmitted by the LTE or LAN terminal of the logger on a server via the Internet. This way, measured data can not only be retrieved and observed using any PC with an Internet connection, wherever you are; via MSR SmartCloud alarm messages can be received if limit values are exceeded and, if required, the data from several MSR data loggers can be shared with other people.<\/p>\n<p>The measured data of the small wireless transmitter modules recorded by the data logger can be read out via a USB interface and processed further using the <a title=\"For efficient data collection and analysis: MSR PC Software\" href=\"\/en\/support\/msr-pc-software-standard\/\">MSR PC software<\/a> for data analysis purposes. Alternatively, you can use the optional LTE or LAN terminal to access the mobile network and to transmit the data to the <a title=\"MSR SmartCloud\" href=\"http:\/\/www.msrsmartcloud.com\/\" target=\"_blank\" rel=\"noopener\">MSR SmartCloud<\/a>\u00a0for remote monitoring at an interval that can be adjusted individually.[\/vc_column_text][\/vc_column][\/vc_row][vc_row][vc_column width=&#8221;1\/2&#8243;][msrwpbflexorder form_text=&#8221;Q29uZmlndXJlJTIweW91ciUyME1TUjM4NVdEJTIwaGVyZQ==&#8221; shop_text=&#8221;Li4ub2RlciUyMGltJTIwV2Vic2hvcG8lMjBrYXVmZW4lM0NzdHJvbmclM0VkYXRlbmxvZ2dlci5zaG9wJTNDJTJGc3Ryb25nJTNF&#8221;][\/vc_column][vc_column width=&#8221;1\/2&#8243;][msrwpbflexorder form_text=&#8221;Li4ub3IlMjBidXklMjBpdCUyMGluJTIwdGhlJTIwd2Vic2hvcA==&#8221; form_link=&#8221;https:\/\/datalogger.shop\/msr385wd-wireless-datalogger-temperature-humidity-pressure-gsm-lan.html&#8221; direction=&#8221;right&#8221; shop_text=&#8221;Li4ub2RlciUyMGltJTIwV2Vic2hvcG8lMjBrYXVmZW4lM0NzdHJvbmclM0VkYXRlbmxvZ2dlci5zaG9wJTNDJTJGc3Ryb25nJTNF&#8221;][\/vc_column][\/vc_row][vc_row css=&#8221;.vc_custom_1453202352951{margin-bottom: 40px !important;}&#8221;][vc_column][vc_tta_tabs style=&#8221;anps-style-1&#8243; shape=&#8221;square&#8221; alignment=&#8221;center&#8221; active_section=&#8221;1&#8243;][vc_tta_section title=&#8221;Configurator&#8221; tab_id=&#8221;1453201107935-6d750df9-351b099e-e109caaa-1811c4cb-a545c563-7025&#8243;][msrwpbconf385wdv2 conf_lang=&#8221;en&#8221; shop_product_id=&#8221;2256&#8243;][\/vc_tta_section][vc_tta_section title=&#8221;Overview&#8221; tab_id=&#8221;1453201107970-2f5892be-0eaa099e-e109caaa-1811c4cb-a545c563-7025&#8243;][vc_column_text css=&#8221;.vc_custom_1706619576709{margin-bottom: 0px !important;}&#8221;]<\/p>\n<div id=\"panel1c\" class=\"tabs-panel is-active\" role=\"tabpanel\" aria-hidden=\"false\" aria-labelledby=\"panel1c-label\">\n<h3>Product features wireless data logger MSR385WD and transmitter modules MSR385SM<\/h3>\n<h3>MSR385WD data logger<\/h3>\n<ul>\n<li>Wireless data logger with receiver module in the 868 MHz ISM band (EU version), (915 MHz US version, on request)<\/li>\n<li>Receives and stores data from up to ten MSR385SM transmitter modules<\/li>\n<li>Over 1 million readings storage capacity<\/li>\n<li>Flash memory for data security in case of power failure<\/li>\n<li>Interface for LTE and USB<\/li>\n<li>Brilliant, high-contrast OLED (organic light-emitting diode) colour display<\/li>\n<li>Power supply via USB connection, 2 days of autonomous operation possible with integrated Li-Po battery 2400 mAh<\/li>\n<li>Free <a href=\"\/en\/support\/msr-pc-software-standard\/\">MSR PC software:<\/a> MSR Setup, Reader, Viewer and Online software<\/li>\n<\/ul>\n<h3>MSR385SM transmitter modules<\/h3>\n<ul>\n<li><strong>Up to three internal or external temperature, humidity or air pressure radio sensors per transmitter module<br \/>\n<\/strong><\/li>\n<li><strong>Transmitter modules available for operating temperatures up to +125 \u00b0C<\/strong><\/li>\n<li>Depending on the transmitter module, the frequency of measurements and the transmission interval, the energy supply of the transmitter modules is guaranteed for more than 10 years<\/li>\n<li>Frequency range: licence-free frequency range 868 MHz (EU version), or 915 MHz (US version, on request)<\/li>\n<li>Up to 500 m range outdoors<\/li>\n<\/ul>\n<h3>Options<\/h3>\n<ul>\n<li>LTE terminal with SIM card, short antenna and connection cable for transmitting the measurement data from the data logger via mobile network to the MSR SmartCloud<\/li>\n<li>MSR base station (LAN box) for transferring the measurement data from the data logger via LAN to the MSR SmartCloud<\/li>\n<li><a href=\"\/en\/msr-smartcloud\/\">MSR SmartCloud:<\/a> retrieve, evaluate and export measured data online; alarm message when limit values are exceeded<\/li>\n<\/ul>\n<p>&nbsp;<\/p>\n<\/div>\n<p>[\/vc_column_text][\/vc_tta_section][vc_tta_section title=&#8221;Technical Data&#8221; tab_id=&#8221;1453201279425-cd11cbc6-eb7e099e-e109caaa-1811c4cb-a545c563-7025&#8243;][vc_column_text css=&#8221;.vc_custom_1706619612369{margin-bottom: 0px !important;}&#8221;]<\/p>\n<h3>Technical data of the sensors, housings and batteries<\/h3>\n<p>Technical details can be found on the\u00a0<strong>Configurator tab<\/strong>.<\/p>\n<h3><\/h3>\n<h3>General technical data of the wireless data logger MSR385WD<\/h3>\n<table class=\"msr-spec-table\" border=\"0\" width=\"870\" cellspacing=\"0\" cellpadding=\"4\">\n<tbody>\n<tr>\n<td class=\"data_td_border\"><b class=\"txt_dark_grey\">Memory capacity:<\/b><\/td>\n<td class=\"data_td_border\">Over 1\u2009000\u2009000 measured values.<\/td>\n<\/tr>\n<tr>\n<td class=\"data_td_border\"><b class=\"txt_dark_grey\">Key button: <\/b><\/td>\n<td class=\"data_td_border\">To operate the menu functions of the OLED display.<\/td>\n<\/tr>\n<tr>\n<td class=\"data_td_border\" valign=\"top\"><b class=\"txt_dark_grey\">LED:<\/b><\/p>\n<p>&nbsp;<\/td>\n<td class=\"data_td_border\">\n<ul>\n<li>Blue: Data recording indicator<\/li>\n<li>Red: Alarm indicator<\/li>\n<li>Yellow: Charge level indicator<\/li>\n<\/ul>\n<\/td>\n<\/tr>\n<tr>\n<td class=\"data_td_border\" valign=\"top\"><b class=\"txt_dark_grey\">Power supply:<\/b><\/td>\n<td class=\"data_td_border\">Lithium-polymer battery (2400 mAh), rechargeable via USB port<\/td>\n<\/tr>\n<tr>\n<td class=\"data_td_border\"><b class=\"txt_dark_grey\">OLED display:<\/b><\/td>\n<td class=\"data_td_border\">High-contrast, brilliant OLED (organic light-emitting diode) colour display for showing data and graphics, resolution 96 x 64 pixels.<\/td>\n<\/tr>\n<tr>\n<td class=\"data_td_border\"><b class=\"txt_dark_grey\">Interface:<\/b><\/td>\n<td class=\"data_td_border\">USB, LTE terminal<\/td>\n<\/tr>\n<tr>\n<td colspan=\"2\"><b class=\"txt_dark_grey\">Operating conditions:<\/b><\/td>\n<\/tr>\n<tr>\n<td class=\"data_td_border\">Temperature:<\/td>\n<td class=\"data_td_border\">-20\u2026+65 \u00b0C<\/td>\n<\/tr>\n<tr>\n<td colspan=\"2\"><b class=\"txt_dark_grey\">Storage conditions:<\/b><\/td>\n<\/tr>\n<tr>\n<td class=\"data_td_border\">Temperature:<br \/>\nHumidity:<\/td>\n<td class=\"data_td_border\">+5 \u00b0C\u2026+45 \u00b0C (ideal storage conditions for battery)<br \/>\n10\u202695 % \u00a0relative humidity, non-condensing<\/td>\n<\/tr>\n<tr>\n<td class=\"data_td_border\" valign=\"top\"><b class=\"txt_dark_grey\">Standards:<\/b><\/td>\n<td class=\"data_td_border\">The MSR385WD complies with the EU directives RoHS\/WEEE.<\/td>\n<\/tr>\n<\/tbody>\n<\/table>\n<p>[\/vc_column_text][\/vc_tta_section][vc_tta_section title=&#8221;Downloads&#8221; tab_id=&#8221;1453201296916-23ac80f1-575e099e-e109caaa-1811c4cb-a545c563-7025&#8243;][vc_column_text css=&#8221;.vc_custom_1722329586624{margin-bottom: 0px !important;}&#8221;]<\/p>\n<h3>Software<\/h3>\n<p><strong>Our software is scanned for viruses with Microsoft Defender.<\/strong><\/p>\n<ul>\n<li><a title=\"MSR pc software (standard)\" href=\"\/media\/downloads\/pcsoftware\/MSR_d2026-04-08_vs6-11-01.zip\">MSR pc software (standard)<\/a> (2026-04-08, v6.11.01, MD5: 3d6b7d1e14c4bf3a4400b2dfc5f72d7c)<\/li>\n<\/ul>\n<p>&nbsp;<\/p>\n<ul>\n<li><a title=\"MSR385WD firmware update\" href=\"\/media\/downloads\/firmware\/msr385wd_up_date_d2023-08-21_vm3-94.zip\">MSR385WD firmware update<\/a> (2023-08-21, v3.94, MD5: 894fa8e7e90959d665c364cb03efd66a)<\/li>\n<\/ul>\n<h2><\/h2>\n<h3>Instruction manual<\/h3>\n<ul>\n<li><a href=\"https:\/\/www.msr.ch\/media\/pdf\/MSR385WD-Brief-instructions-EN.pdf\" target=\"_blank\" rel=\"noopener\">MSR385WD Brief instructions<\/a> (2019-08-23)<\/li>\n<li><a href=\"https:\/\/www.msr.ch\/media\/pdf\/MSR385WD-Base-Station-Brief-instructions-EN.pdf\" target=\"_blank\" rel=\"noopener\">MSR Base Station N10110 Brief instructions<\/a> (2024-07-30)<\/li>\n<\/ul>\n<h2><\/h2>\n<h3>Datasheet<\/h3>\n<ul>\n<li><a href=\"https:\/\/www.msr.ch\/media\/pdf\/Data_logger_MSR385WD_Datasheet.pdf\">Data Logger MSR385WD Datasheet.pdf<\/a><\/li>\n<\/ul>\n<h2><\/h2>\n<h3>Certificate<\/h3>\n<ul>\n<li><a class=\"dl-link\" title=\"\" href=\"https:\/\/www.msr.ch\/media\/pdf\/Zertifikate\/Certificates-2400mAh-LiPoly.zip\">UN38.3 Certificate for Lithium Polymer 2400 mAh<\/a><\/li>\n<\/ul>\n<p>&nbsp;<\/p>\n<p><a title=\"FAQ: Your questions \u2013 our answers\" href=\"\/en\/support\/faq\/\">FAQ \u2013 frequently asked questions about MSR data loggers<\/a>[\/vc_column_text][\/vc_tta_section][vc_tta_section title=&#8221;Applications&#8221; tab_id=&#8221;1453201313304-fde89d59-3818099e-e109caaa-1811c4cb-a545c563-7025&#8243;][vc_column_text css=&#8221;.vc_custom_1706619633615{margin-bottom: 0px !important;}&#8221;]<\/p>\n<h3>MSR385WD: Record measurement data via wireless data logger and monitor worldwide<\/h3>\n<p>Permanently record temperature, humidity and pressure at various measuring points, in inaccessible locations and at operating temperatures from -20 \u00b0C to +125 \u00b0C and monitor them via the cloud regardless of location: These options are offered by the MSR385WD data logger, which is equipped with wireless sensors and available with an LTE or LAN terminal.<\/p>\n<p><strong>Case studies:\u00a0<\/strong><\/p>\n<ul>\n<li><a href=\"\/en\/portfolio\/wireless-data-logger-msr385wd-climatic-measurements-trams\/\">Zurich University of Applied Sciences: Climate measurements in the Cobra tram with MSR385WD wireless data loggers<\/a><\/li>\n<li><a title=\"Hightech-Klimamessung f\u00fcr arch\u00e4ologische Sch\u00e4tze\" href=\"\/en\/portfolio\/wireless-data-loggers-climate-measurement-national-museum\/\" rel=\"noopener\">National Museum Zurich: MSR385WD data loggers monitor climate values<\/a><\/li>\n<li><a href=\"\/en\/portfolio\/temperature-monitoring-wind-turbines-wireless-datalogger\/\">Wireless data logger MSR385WD monitors temperatur at wind turbine gearboxes in China<\/a><\/li>\n<\/ul>\n<h4><\/h4>\n<h3>Benefit from our competence and experience<\/h3>\n<p>MSR data loggers are used thousands of times around the world and have proven themselves in a wide variety of applications. Select the desired\u00a0<a href=\"\/en\/applications\/\">field of application<\/a>\u00a0and we will submit a selection of data loggers and customer reports to you.[\/vc_column_text][\/vc_tta_section][\/vc_tta_tabs][\/vc_column][\/vc_row][vc_row][vc_column][vc_empty_space][\/vc_column][\/vc_row]<\/p>\n<\/div>","protected":false},"excerpt":{"rendered":"<p>[vc_row css=&#8221;.vc_custom_1453476409084{margin-bottom: 15px !important;}&#8221;][vc_column][\/vc_column][\/vc_row][vc_row css=&#8221;.vc_custom_1653920316998{margin-bottom: 25px !important;}&#8221;][vc_column][vc_column_text css=&#8221;.vc_custom_1706619526816{margin-bottom: 15px !important;}&#8221;] MSR385WD: Data Logger with Wireless Transmission \u2013 LTE or LAN Terminal for Remote Climate Monitoring wireless data logger for temperature, humidity, air pressure \u00b7 1 million measured values storage capacity &hellip;<\/p>\n","protected":false},"author":1,"featured_media":2581,"parent":1034,"menu_order":0,"comment_status":"closed","ping_status":"closed","template":"","meta":{"footnotes":""},"yoast_head":"<!-- This site is optimized with the Yoast SEO plugin v22.9 - https:\/\/yoast.com\/wordpress\/plugins\/seo\/ -->\n<title>Wireless data logger MSR385WD for remote climate monitoring<\/title>\n<meta name=\"description\" content=\"Data Logger with wireless transmission, LTE\/GSM or LAN Terminal for remote climate monitoring, wireless data logger for temperature, humidity, pressure\" \/>\n<meta name=\"robots\" content=\"index, follow, max-snippet:-1, max-image-preview:large, max-video-preview:-1\" \/>\n<link rel=\"canonical\" href=\"https:\/\/www.msr.ch\/en\/product\/msr385wd-wireless-datalogger\/\" \/>\n<meta property=\"og:locale\" content=\"en_GB\" \/>\n<meta property=\"og:type\" content=\"article\" \/>\n<meta property=\"og:title\" content=\"Wireless data logger MSR385WD for remote climate monitoring\" \/>\n<meta property=\"og:description\" content=\"Data Logger with wireless transmission, LTE\/GSM or LAN Terminal for remote climate monitoring, wireless data logger for temperature, humidity, pressure\" \/>\n<meta property=\"og:url\" content=\"https:\/\/www.msr.ch\/en\/product\/msr385wd-wireless-datalogger\/\" \/>\n<meta property=\"og:site_name\" content=\"EN MSR Data loggers\" \/>\n<meta property=\"article:modified_time\" content=\"2025-10-27T10:05:17+00:00\" \/>\n<meta name=\"twitter:card\" content=\"summary_large_image\" \/>\n<meta name=\"twitter:label1\" content=\"Estimated reading time\" \/>\n\t<meta name=\"twitter:data1\" content=\"5 minutes\" \/>\n<script type=\"application\/ld+json\" class=\"yoast-schema-graph\">{\"@context\":\"https:\/\/schema.org\",\"@graph\":[{\"@type\":\"WebPage\",\"@id\":\"https:\/\/www.msr.ch\/en\/product\/msr385wd-wireless-datalogger\/\",\"url\":\"https:\/\/www.msr.ch\/en\/product\/msr385wd-wireless-datalogger\/\",\"name\":\"Wireless data logger MSR385WD for remote climate monitoring\",\"isPartOf\":{\"@id\":\"https:\/\/www.msr.ch\/en\/#website\"},\"primaryImageOfPage\":{\"@id\":\"https:\/\/www.msr.ch\/en\/product\/msr385wd-wireless-datalogger\/#primaryimage\"},\"image\":{\"@id\":\"https:\/\/www.msr.ch\/en\/product\/msr385wd-wireless-datalogger\/#primaryimage\"},\"thumbnailUrl\":\"https:\/\/www.msr.ch\/images\/Funk-Datenlogger-MSR385WD-Temperatur-Feuchte-Druck.jpg\",\"datePublished\":\"2022-09-24T13:34:57+00:00\",\"dateModified\":\"2025-10-27T10:05:17+00:00\",\"description\":\"Data Logger with wireless transmission, LTE\/GSM or LAN Terminal for remote climate monitoring, wireless data logger for temperature, humidity, pressure\",\"breadcrumb\":{\"@id\":\"https:\/\/www.msr.ch\/en\/product\/msr385wd-wireless-datalogger\/#breadcrumb\"},\"inLanguage\":\"en-GB\",\"potentialAction\":[{\"@type\":\"ReadAction\",\"target\":[\"https:\/\/www.msr.ch\/en\/product\/msr385wd-wireless-datalogger\/\"]}]},{\"@type\":\"ImageObject\",\"inLanguage\":\"en-GB\",\"@id\":\"https:\/\/www.msr.ch\/en\/product\/msr385wd-wireless-datalogger\/#primaryimage\",\"url\":\"https:\/\/www.msr.ch\/images\/Funk-Datenlogger-MSR385WD-Temperatur-Feuchte-Druck.jpg\",\"contentUrl\":\"https:\/\/www.msr.ch\/images\/Funk-Datenlogger-MSR385WD-Temperatur-Feuchte-Druck.jpg\"},{\"@type\":\"BreadcrumbList\",\"@id\":\"https:\/\/www.msr.ch\/en\/product\/msr385wd-wireless-datalogger\/#breadcrumb\",\"itemListElement\":[{\"@type\":\"ListItem\",\"position\":1,\"name\":\"Home\",\"item\":\"https:\/\/www.msr.ch\/en\/\"},{\"@type\":\"ListItem\",\"position\":2,\"name\":\"Product\",\"item\":\"https:\/\/www.msr.ch\/en\/product\/\"},{\"@type\":\"ListItem\",\"position\":3,\"name\":\"MSR385WD Data Logger with Wireless Transmission\"}]},{\"@type\":\"WebSite\",\"@id\":\"https:\/\/www.msr.ch\/en\/#website\",\"url\":\"https:\/\/www.msr.ch\/en\/\",\"name\":\"EN MSR Data loggers\",\"description\":\"MSR Electronics GmbH\",\"potentialAction\":[{\"@type\":\"SearchAction\",\"target\":{\"@type\":\"EntryPoint\",\"urlTemplate\":\"https:\/\/www.msr.ch\/en\/?s={search_term_string}\"},\"query-input\":\"required name=search_term_string\"}],\"inLanguage\":\"en-GB\"}]}<\/script>\n<!-- \/ Yoast SEO plugin. -->","yoast_head_json":{"title":"Wireless data logger MSR385WD for remote climate monitoring","description":"Data Logger with wireless transmission, LTE\/GSM or LAN Terminal for remote climate monitoring, wireless data logger for temperature, humidity, pressure","robots":{"index":"index","follow":"follow","max-snippet":"max-snippet:-1","max-image-preview":"max-image-preview:large","max-video-preview":"max-video-preview:-1"},"canonical":"https:\/\/www.msr.ch\/en\/product\/msr385wd-wireless-datalogger\/","og_locale":"en_GB","og_type":"article","og_title":"Wireless data logger MSR385WD for remote climate monitoring","og_description":"Data Logger with wireless transmission, LTE\/GSM or LAN Terminal for remote climate monitoring, wireless data logger for temperature, humidity, pressure","og_url":"https:\/\/www.msr.ch\/en\/product\/msr385wd-wireless-datalogger\/","og_site_name":"EN MSR Data loggers","article_modified_time":"2025-10-27T10:05:17+00:00","twitter_card":"summary_large_image","twitter_misc":{"Estimated reading time":"5 minutes"},"schema":{"@context":"https:\/\/schema.org","@graph":[{"@type":"WebPage","@id":"https:\/\/www.msr.ch\/en\/product\/msr385wd-wireless-datalogger\/","url":"https:\/\/www.msr.ch\/en\/product\/msr385wd-wireless-datalogger\/","name":"Wireless data logger MSR385WD for remote climate monitoring","isPartOf":{"@id":"https:\/\/www.msr.ch\/en\/#website"},"primaryImageOfPage":{"@id":"https:\/\/www.msr.ch\/en\/product\/msr385wd-wireless-datalogger\/#primaryimage"},"image":{"@id":"https:\/\/www.msr.ch\/en\/product\/msr385wd-wireless-datalogger\/#primaryimage"},"thumbnailUrl":"https:\/\/www.msr.ch\/images\/Funk-Datenlogger-MSR385WD-Temperatur-Feuchte-Druck.jpg","datePublished":"2022-09-24T13:34:57+00:00","dateModified":"2025-10-27T10:05:17+00:00","description":"Data Logger with wireless transmission, LTE\/GSM or LAN Terminal for remote climate monitoring, wireless data logger for temperature, humidity, pressure","breadcrumb":{"@id":"https:\/\/www.msr.ch\/en\/product\/msr385wd-wireless-datalogger\/#breadcrumb"},"inLanguage":"en-GB","potentialAction":[{"@type":"ReadAction","target":["https:\/\/www.msr.ch\/en\/product\/msr385wd-wireless-datalogger\/"]}]},{"@type":"ImageObject","inLanguage":"en-GB","@id":"https:\/\/www.msr.ch\/en\/product\/msr385wd-wireless-datalogger\/#primaryimage","url":"https:\/\/www.msr.ch\/images\/Funk-Datenlogger-MSR385WD-Temperatur-Feuchte-Druck.jpg","contentUrl":"https:\/\/www.msr.ch\/images\/Funk-Datenlogger-MSR385WD-Temperatur-Feuchte-Druck.jpg"},{"@type":"BreadcrumbList","@id":"https:\/\/www.msr.ch\/en\/product\/msr385wd-wireless-datalogger\/#breadcrumb","itemListElement":[{"@type":"ListItem","position":1,"name":"Home","item":"https:\/\/www.msr.ch\/en\/"},{"@type":"ListItem","position":2,"name":"Product","item":"https:\/\/www.msr.ch\/en\/product\/"},{"@type":"ListItem","position":3,"name":"MSR385WD Data Logger with Wireless Transmission"}]},{"@type":"WebSite","@id":"https:\/\/www.msr.ch\/en\/#website","url":"https:\/\/www.msr.ch\/en\/","name":"EN MSR Data loggers","description":"MSR Electronics GmbH","potentialAction":[{"@type":"SearchAction","target":{"@type":"EntryPoint","urlTemplate":"https:\/\/www.msr.ch\/en\/?s={search_term_string}"},"query-input":"required name=search_term_string"}],"inLanguage":"en-GB"}]}},"_links":{"self":[{"href":"https:\/\/www.msr.ch\/en\/wp-json\/wp\/v2\/pages\/5866"}],"collection":[{"href":"https:\/\/www.msr.ch\/en\/wp-json\/wp\/v2\/pages"}],"about":[{"href":"https:\/\/www.msr.ch\/en\/wp-json\/wp\/v2\/types\/page"}],"author":[{"embeddable":true,"href":"https:\/\/www.msr.ch\/en\/wp-json\/wp\/v2\/users\/1"}],"replies":[{"embeddable":true,"href":"https:\/\/www.msr.ch\/en\/wp-json\/wp\/v2\/comments?post=5866"}],"version-history":[{"count":26,"href":"https:\/\/www.msr.ch\/en\/wp-json\/wp\/v2\/pages\/5866\/revisions"}],"predecessor-version":[{"id":7958,"href":"https:\/\/www.msr.ch\/en\/wp-json\/wp\/v2\/pages\/5866\/revisions\/7958"}],"up":[{"embeddable":true,"href":"https:\/\/www.msr.ch\/en\/wp-json\/wp\/v2\/pages\/1034"}],"wp:featuredmedia":[{"embeddable":true,"href":"https:\/\/www.msr.ch\/en\/wp-json\/"}],"wp:attachment":[{"href":"https:\/\/www.msr.ch\/en\/wp-json\/wp\/v2\/media?parent=5866"}],"curies":[{"name":"wp","href":"https:\/\/api.w.org\/{rel}","templated":true}]}}